{"id":95,"date":"2022-08-24T02:13:52","date_gmt":"2022-08-24T02:13:52","guid":{"rendered":"https:\/\/maizemachine.com\/?post_type=product&#038;p=95"},"modified":"2025-06-20T18:04:57","modified_gmt":"2025-06-20T10:04:57","slug":"2-row-corn-picker","status":"publish","type":"product","link":"https:\/\/maizemachine.com\/vi\/product\/2-row-corn-picker\/","title":{"rendered":"M\u00e1y thu ho\u1ea1ch ng\u00f4 2 h\u00e0ng | M\u00e1y g\u1eb7t ng\u00f4 2 h\u00e0ng"},"content":{"rendered":"<p class=\"translation-block\">M\u00e1y h\u00e1i ng\u00f4 hai h\u00e0ng l\u00e0 m\u1ed9t m\u00e1y thu ho\u1ea1ch hai h\u00e0ng ng\u00f4 c\u00f9ng l\u00fac. N\u00f3 thu\u1ed9c thi\u1ebft b\u1ecb thu ho\u1ea1ch ng\u00f4 nhi\u1ec1u h\u00e0ng. Ch\u00fang t\u00f4i c\u0169ng c\u00f3 <a href=\"https:\/\/maizemachine.com\/vi\/product\/one-row-corn-picker\/\">m\u00e1y g\u1eb7t ng\u00f4 m\u1ed9t h\u00e0ng<\/a>, m\u00e1y h\u00e1i ng\u00f4 ba h\u00e0ng v\u00e0 m\u00e1y h\u00e1i ng\u00f4 b\u1ed1n h\u00e0ng \u0111\u1ec3 b\u1ea1n l\u1ef1a ch\u1ecdn.<\/p>    <p> So v\u1edbi m\u00e1y thu ho\u1ea1ch ng\u00f4 1 h\u00e0ng, m\u00e1y thu ho\u1ea1ch 2 h\u00e0ng c\u00f3 dung t\u00edch l\u1edbn v\u00e0 hi\u1ec7u su\u1ea5t l\u00e0m vi\u1ec7c cao. Ngo\u00e0i ra, m\u00e1y \u0111\u01b0\u1ee3c trang b\u1ecb m\u1ed9t cabin \u0111\u1ec3 ng\u01b0\u1eddi \u0111i\u1ec1u khi\u1ec3n m\u00e1y. Do \u0111\u00f3, m\u00e1y n\u00e0y c\u00f3 th\u1ec3 d\u1ec5 d\u00e0ng thu ho\u1ea1ch nhi\u1ec1u h\u00e0ng ng\u00f4 trong m\u1ed9t th\u1eddi gian r\u1ea5t ng\u1eafn.<\/p>   <div class=\"wp-block-image\"> <figure class=\"aligncenter size-full\"><img loading=\"lazy\" decoding=\"async\" width=\"720\" height=\"540\" src=\"http:\/\/maizemachine.com\/wp-content\/uploads\/2022\/08\/two-row-corn-harvester.webp\" alt=\"m\u00e1y thu ho\u1ea1ch ng\u00f4 hai h\u00e0ng\" class=\"wp-image-101\" title=\"\" srcset=\"https:\/\/maizemachine.com\/wp-content\/uploads\/2022\/08\/two-row-corn-harvester.webp 720w, https:\/\/maizemachine.com\/wp-content\/uploads\/2022\/08\/two-row-corn-harvester-300x225.webp 300w\" sizes=\"auto, (max-width: 720px) 100vw, 720px\" \/><figcaption class=\"wp-element-caption\">m\u00e1y thu ho\u1ea1ch ng\u00f4 hai h\u00e0ng<\/figcaption><\/figure> <\/div>   <h2 class=\"wp-block-heading\" id=\"h-advantages-of-2-row-corn-picker\">\u01afu \u0111i\u1ec3m c\u1ee7a m\u00e1y thu ho\u1ea1ch ng\u00f4 2 h\u00e0ng c\u1ee7a Shuliy<\/h2>    <ol class=\"wp-block-list\"> <li>M\u00e1y thu ho\u1ea1ch ng\u00f4 c\u1ee7a ch\u00fang t\u00f4i \u00e1p d\u1ee5ng c\u00f4ng ngh\u1ec7 truy\u1ec1n \u0111\u1ed9ng c\u01a1 kh\u00ed v\u00e0 truy\u1ec1n \u0111\u1ed9ng th\u1ee7y l\u1ef1c h\u00e0ng \u0111\u1ea7u. N\u00f3 d\u1ec5 d\u00e0ng \u0111\u1ec3 \u0111i\u1ec1u khi\u1ec3n v\u00e0 v\u1eadn h\u00e0nh.<\/li>    <li>\u0110\u1ed3ng th\u1eddi, m\u00e1y thu ho\u1ea1ch ng\u00f4 2 h\u00e0ng \u0111\u01b0\u1ee3c t\u00edch h\u1ee3p v\u1edbi thu ho\u1ea1ch, v\u1eadn chuy\u1ec3n, b\u00f3c v\u1ecf v\u00e0 nghi\u1ec1n r\u01a1m. \u0110i\u1ec1u n\u00e0y c\u00f3 th\u1ec3 \u0111\u00e1p \u1ee9ng nhi\u1ec1u nhu c\u1ea7u kh\u00e1c nhau.<\/li>    <li>T\u1ef7 l\u1ec7 m\u1ea5t m\u00e1t ng\u00f4 trong qu\u00e1 tr\u00ecnh thu ho\u1ea1ch th\u1ea5p h\u01a1n 3%.<\/li>    <li>Bu\u1ed3ng l\u00e1i \u0111\u01b0\u1ee3c trang b\u1ecb tr\u00ean m\u00e1y cho ph\u00e9p ng\u01b0\u1eddi \u0111i\u1ec1u khi\u1ec3n v\u1eadn h\u00e0nh m\u00e1y.<\/li>    <li>8 con l\u0103n cao su xo\u1eafn c\u00f3 th\u1ec3 d\u1ec5 d\u00e0ng lo\u1ea1i b\u1ecf v\u1ecf ng\u00f4. \u0110i\u1ec1u n\u00e0y gi\u00fap ti\u1ebft ki\u1ec7m c\u00f4ng s\u1ee9c b\u00f3c v\u1ecf.<\/li>    <li>H\u01a1n n\u1eefa, n\u00f4ng d\u00e2n kh\u00f4ng c\u1ea7n ph\u1ea3i chi th\u00eam ti\u1ec1n \u0111\u1ec3 mua m\u00e1y b\u00f3c v\u1ecf ng\u00f4.<\/li>    <li>M\u00e1y thu ho\u1ea1ch ng\u00f4 c\u1ee7a ch\u00fang t\u00f4i \u0111a ch\u1ee9c n\u0103ng, n\u00f3 c\u00f3 th\u1ec3 thu ho\u1ea1ch ng\u00f4 v\u00e0 nghi\u1ec1n th\u00e2n c\u00e2y \u0111\u1ec3 tr\u1ea3 l\u1ea1i cho \u0111\u1ed3ng ru\u1ed9ng.<\/li>    <li>M\u00e1y n\u00e0y c\u00f3 kh\u1ea3 n\u0103ng th\u00edch \u1ee9ng m\u1ea1nh m\u1ebd v\u00e0 ph\u00f9 h\u1ee3p v\u1edbi \u0111\u1ecba h\u00ecnh ph\u1ee9c t\u1ea1p v\u00e0 \u0111i\u1ec1u ki\u1ec7n \u0111\u01b0\u1eddng x\u00e1 k\u00e9m.<\/li>    <li>N\u00f3 c\u0169ng r\u1ea5t hi\u1ec7u qu\u1ea3 - m\u1ed9t ng\u01b0\u1eddi v\u1eadn h\u00e0nh c\u00f3 tay ngh\u1ec1 c\u00f3 th\u1ec3 thu ho\u1ea1ch h\u01a1n 10 m\u1eabu (kho\u1ea3ng 1,6 m\u1eabu Anh) m\u1ed7i ng\u00e0y.<\/li> <\/ol>   <div class=\"wp-block-image\"> <figure class=\"aligncenter size-full\"><img loading=\"lazy\" decoding=\"async\" width=\"720\" height=\"540\" src=\"http:\/\/maizemachine.com\/wp-content\/uploads\/2022\/08\/2-row-corn-harvester.webp\" alt=\"m\u00e1y thu ho\u1ea1ch ng\u00f4 2 h\u00e0ng\" class=\"wp-image-97\" title=\"\" srcset=\"https:\/\/maizemachine.com\/wp-content\/uploads\/2022\/08\/2-row-corn-harvester.webp 720w, https:\/\/maizemachine.com\/wp-content\/uploads\/2022\/08\/2-row-corn-harvester-300x225.webp 300w\" sizes=\"auto, (max-width: 720px) 100vw, 720px\" \/><figcaption class=\"wp-element-caption\">m\u00e1y thu ho\u1ea1ch ng\u00f4 2 h\u00e0ng<\/figcaption><\/figure> <\/div>   <h2 class=\"wp-block-heading\">C\u00e1c \u1ee9ng d\u1ee5ng c\u1ee7a m\u00e1y thu ho\u1ea1ch ng\u00f4 2 h\u00e0ng<\/h2>    <ul class=\"wp-block-list\"> <li>\u0110\u1ed3ng ru\u1ed9ng ph\u1eb3ng l\u1edbn<\/li>    <li>\u0110\u1ecba h\u00ecnh \u0111\u1ed3i n\u00fai ho\u1eb7c d\u1ed1c<\/li>    <li>C\u00e1c m\u1ea3nh \u0111\u1ea5t kh\u00f4ng \u0111\u1ec1u ho\u1eb7c nh\u1ecf<\/li>    <li>C\u00e1nh \u0111\u1ed3ng c\u00f3 \u0111\u1ea5t m\u1ec1m ho\u1eb7c \u1ea9m<\/li>    <li>C\u00e1c khu v\u1ef1c n\u00f4ng th\u00f4n xa x\u00f4i v\u1edbi \u0111\u01b0\u1eddng v\u00e0o h\u1eb9p ho\u1eb7c k\u00e9m.<\/li>    <li>C\u00e1c khu v\u1ef1c nh\u00e0 k\u00ednh ho\u1eb7c c\u00e1c c\u1ea1nh ru\u1ed9ng h\u1eb9p n\u01a1i m\u00e0 c\u00e1c m\u00e1y l\u1edbn kh\u00f4ng th\u1ec3 v\u00e0o \u0111\u01b0\u1ee3c.<\/li> <\/ul>    <figure class=\"wp-block-image size-full\"><img loading=\"lazy\" decoding=\"async\" width=\"720\" height=\"540\" src=\"https:\/\/maizemachine.com\/wp-content\/uploads\/2022\/08\/Application-of-the-2-Row-corn-picker.webp\" alt=\"\u1ee8ng d\u1ee5ng c\u1ee7a m\u00e1y thu ho\u1ea1ch ng\u00f4 2 h\u00e0ng\" class=\"wp-image-443\" title=\"\" srcset=\"https:\/\/maizemachine.com\/wp-content\/uploads\/2022\/08\/Application-of-the-2-Row-corn-picker.webp 720w, https:\/\/maizemachine.com\/wp-content\/uploads\/2022\/08\/Application-of-the-2-Row-corn-picker-300x225.webp 300w, https:\/\/maizemachine.com\/wp-content\/uploads\/2022\/08\/Application-of-the-2-Row-corn-picker-16x12.webp 16w\" sizes=\"auto, (max-width: 720px) 100vw, 720px\" \/><figcaption class=\"wp-element-caption\">\u1ee8ng d\u1ee5ng c\u1ee7a m\u00e1y thu ho\u1ea1ch ng\u00f4 2 h\u00e0ng<\/figcaption><\/figure>    <h2 class=\"wp-block-heading\">C\u1ea5u tr\u00fac ch\u00ednh v\u00e0 h\u00ecnh d\u00e1ng c\u1ee7a m\u00e1y thu ho\u1ea1ch ng\u00f4 2 h\u00e0ng<\/h2>    <p>C\u00e1c th\u00e0nh ph\u1ea7n ch\u00ednh c\u1ee7a m\u00e1y thu ho\u1ea1ch ng\u00f4 2 h\u00e0ng bao g\u1ed3m n\u00fat d\u1eebng, ga, ly h\u1ee3p \u0111i b\u1ed9, tay c\u1ea7m \u0111i\u1ec1u ch\u1ec9nh h\u01b0\u1edbng v\u00e0 chi\u1ec1u cao, b\u00ecnh nhi\u00ean li\u1ec7u, c\u1ea7n s\u1ed1, ly h\u1ee3p thu ho\u1ea1ch v\u00e0 th\u00f9ng thu ho\u1ea1ch.<\/p>    <figure class=\"wp-block-image size-full\"><img loading=\"lazy\" decoding=\"async\" width=\"720\" height=\"540\" src=\"https:\/\/maizemachine.com\/wp-content\/uploads\/2022\/08\/Various-views-of-a-2-row-corn-harvester.webp\" alt=\"C\u00e1c g\u00f3c nh\u00ecn kh\u00e1c nhau c\u1ee7a m\u00e1y g\u1eb7t ng\u00f4 2 h\u00e0ng\" class=\"wp-image-446\" title=\"\" srcset=\"https:\/\/maizemachine.com\/wp-content\/uploads\/2022\/08\/Various-views-of-a-2-row-corn-harvester.webp 720w, https:\/\/maizemachine.com\/wp-content\/uploads\/2022\/08\/Various-views-of-a-2-row-corn-harvester-300x225.webp 300w, https:\/\/maizemachine.com\/wp-content\/uploads\/2022\/08\/Various-views-of-a-2-row-corn-harvester-16x12.webp 16w\" sizes=\"auto, (max-width: 720px) 100vw, 720px\" \/><figcaption class=\"wp-element-caption\">C\u00e1c g\u00f3c nh\u00ecn kh\u00e1c nhau c\u1ee7a m\u00e1y thu ho\u1ea1ch ng\u00f4 2 h\u00e0ng<\/figcaption><\/figure>    <h2 class=\"wp-block-heading\">C\u00e1ch v\u1eadn h\u00e0nh m\u00e1y thu ho\u1ea1ch ng\u00f4 2 h\u00e0ng<\/h2>    <p class=\"translation-block\"><strong>Kh\u1edfi \u0111\u1ed9ng \u0111\u1ed9ng c\u01a1 \u2192 \u0110i b\u1ed9 v\u00e0 G\u1eb7t h\u00e1i \u2192 T\u1eaft m\u00e1y<\/strong><\/p>    <h3 class=\"wp-block-heading\">Kh\u1edfi \u0111\u1ed9ng \u0111\u1ed9ng c\u01a1<\/h3>    <ul class=\"wp-block-list\"> <li>Th\u00eam x\u0103ng (khuy\u1ebfn ngh\u1ecb 90 octan ho\u1eb7c cao h\u01a1n).<\/li>    <li>M\u1edf van nhi\u00ean li\u1ec7u v\u00e0 kh\u1edfi \u0111\u1ed9ng n\u1eafp gi\u00f3.<\/li>    <li>K\u00e9o tay c\u1ea7m kh\u1edfi \u0111\u1ed9ng \u0111\u1ec3 kh\u1edfi \u0111\u1ed9ng \u0111\u1ed9ng c\u01a1.<\/li>    <li>Khi \u0111\u1ed9ng c\u01a1 \u1ed5n \u0111\u1ecbnh, t\u1eeb t\u1eeb \u0111\u00f3ng n\u1eafp gi\u00f3.<\/li> <\/ul>    <h3 class=\"wp-block-heading\">\u0110i b\u1ed9 v\u00e0 thu ho\u1ea1ch<\/h3>    <ul class=\"wp-block-list\"> <li>\u0110i\u1ec1u ch\u1ec9nh tay c\u1ea7m h\u01b0\u1edbng v\u00e0 chi\u1ec1u cao.<\/li>    <li>S\u1eed d\u1ee5ng ly h\u1ee3p \u0111i b\u1ed9 v\u00e0 ly h\u1ee3p thu ho\u1ea1ch c\u00f9ng nhau.<\/li>    <li>Khi b\u1eafp ng\u00f4 \u0111\u00e3 \u0111\u1ea7y, th\u1ea3 ch\u00fang ra b\u1eb1ng tay \u0111i\u1ec1u khi\u1ec3n.<\/li>    <li>N\u00e2ng b\u00e1nh xe d\u1eabn \u0111\u1ed9ng khi r\u1ebd \u0111\u1ec3 gi\u1ea3m s\u1ee9c c\u1ea3n.<\/li> <\/ul>    <h3 class=\"wp-block-heading\">T\u1eaft m\u00e1y<\/h3>    <ul class=\"wp-block-list\"> <li>H\u1ea1 ga \u2192 ng\u1eaft ly h\u1ee3p \u2192 nh\u1ea5n n\u00fat d\u1eebng.<\/li> <\/ul>    <h2 class=\"wp-block-heading\" id=\"h-parameters-of-2-row-corn-picker\">Th\u00f4ng s\u1ed1 c\u1ee7a m\u00e1y thu ho\u1ea1ch ng\u00f4 2 h\u00e0ng<\/h2>    <figure class=\"wp-block-table\"><table><tbody><tr><td>M\u00f4 h\u00ecnh<\/td><td>CH-2<\/td><\/tr><tr><td>Xi lanh<\/td><td>4<\/td><\/tr><tr><td>K\u00edch th\u01b0\u1edbc<\/td><td>4850*1450*2600mm<\/td><\/tr><tr><td>Tr\u1ecdng l\u01b0\u1ee3ng<\/td><td>2650<\/td><\/tr><tr><td>H\u00e0ng<\/td><td>2<\/td><\/tr><tr><td>Chi\u1ec1u r\u1ed9ng c\u1eaft<\/td><td>1135mm<\/td><\/tr><tr><td>Kho\u1ea3ng c\u00e1ch h\u00e0ng<\/td><td>420-890mm<\/td><\/tr><tr><td>Chi\u1ec1u cao c\u1eaft t\u1ed1i \u0111a<\/td><td>2120mm<\/td><\/tr><tr><td>Kho\u1ea3ng c\u00e1ch t\u1ed1i thi\u1ec3u t\u1eeb m\u1eb7t \u0111\u1ea5t<\/td><td>150mm<\/td><\/tr><tr><td>T\u1ed1c \u0111\u1ed9 l\u00e0m vi\u1ec7c<\/td><td>2.2-5.0km\/h<\/td><\/tr><tr><td>Dung l\u01b0\u1ee3ng<\/td><td>0.15-0.3h\u33a1\/h<\/td><\/tr><tr><td>Ti\u00eau th\u1ee5 nhi\u00ean li\u1ec7u<\/td><td>\u00cdt h\u01a1n 25kg\/h \u33a1<\/td><\/tr><tr><td>Con l\u0103n b\u00f3c v\u1ecf<\/td><td>Con l\u0103n cao su xo\u1eafn<\/td><\/tr><tr><td>Thi\u1ebft b\u1ecb b\u00f3c v\u1ecf<\/td><td>8 con l\u0103n b\u00f3c v\u1ecf<\/td><\/tr><tr><td>Kho\u1ea3ng c\u00e1ch tr\u1ee5c<\/td><td>2300mm<\/td><\/tr><tr><td>Chi\u1ec1u r\u1ed9ng c\u1ee7a r\u01a1m tr\u1ea3 l\u1ea1i \u0111\u1ed3ng ru\u1ed9ng<\/td><td>930mm<\/td><\/tr><tr><td>Kho\u1ea3ng c\u00e1ch gi\u1eefa c\u00e1c b\u00e1nh xe<\/td><td>B\u00e1nh xe tr\u01b0\u1edbc (1200mm)<br>B\u00e1nh xe sau (1300mm)<\/td><\/tr><\/tbody><\/table><\/figure>    <figure class=\"wp-block-gallery has-nested-images columns-default is-cropped wp-block-gallery-2 is-layout-flex wp-block-gallery-is-layout-flex\"> <figure class=\"wp-block-image size-large\"><img loading=\"lazy\" decoding=\"async\" width=\"720\" height=\"540\" data-id=\"444\" src=\"https:\/\/maizemachine.com\/wp-content\/uploads\/2022\/08\/2-row-corn-harvester-with-cab.webp\" alt=\"M\u00e1y thu ho\u1ea1ch ng\u00f4 2 h\u00e0ng c\u00f3 cabin\" class=\"wp-image-444\" title=\"\" srcset=\"https:\/\/maizemachine.com\/wp-content\/uploads\/2022\/08\/2-row-corn-harvester-with-cab.webp 720w, https:\/\/maizemachine.com\/wp-content\/uploads\/2022\/08\/2-row-corn-harvester-with-cab-300x225.webp 300w, https:\/\/maizemachine.com\/wp-content\/uploads\/2022\/08\/2-row-corn-harvester-with-cab-16x12.webp 16w\" sizes=\"auto, (max-width: 720px) 100vw, 720px\" \/><figcaption class=\"wp-element-caption\">M\u00e1y thu ho\u1ea1ch ng\u00f4 2 h\u00e0ng c\u00f3 cabin<\/figcaption><\/figure>    <figure class=\"wp-block-image size-large\"><img loading=\"lazy\" decoding=\"async\" width=\"720\" height=\"540\" data-id=\"445\" src=\"https:\/\/maizemachine.com\/wp-content\/uploads\/2022\/08\/2-row-corn-harvester-without-cab.webp\" alt=\"m\u00e1y thu ho\u1ea1ch ng\u00f4 2 h\u00e0ng kh\u00f4ng c\u00f3 cabin\" class=\"wp-image-445\" title=\"\" srcset=\"https:\/\/maizemachine.com\/wp-content\/uploads\/2022\/08\/2-row-corn-harvester-without-cab.webp 720w, https:\/\/maizemachine.com\/wp-content\/uploads\/2022\/08\/2-row-corn-harvester-without-cab-300x225.webp 300w, https:\/\/maizemachine.com\/wp-content\/uploads\/2022\/08\/2-row-corn-harvester-without-cab-16x12.webp 16w\" sizes=\"auto, (max-width: 720px) 100vw, 720px\" \/><figcaption class=\"wp-element-caption\">M\u00e1y thu ho\u1ea1ch ng\u00f4 2 h\u00e0ng kh\u00f4ng c\u00f3 cabin<\/figcaption><\/figure> <\/figure>    <h2 class=\"wp-block-heading\" id=\"h-maintenance-of-corn-harvester\">B\u1ea3o tr\u00ec v\u00e0 s\u1eeda ch\u1eefa m\u00e1y thu ho\u1ea1ch ng\u00f4<\/h2>    <p>Vi\u1ec7c b\u1ea3o tr\u00ec m\u00e1y thu ho\u1ea1ch ng\u00f4 2 h\u00e0ng l\u00e0 m\u1ed9t d\u1ef1 \u00e1n \u0111\u1ecbnh k\u1ef3 v\u00e0 quan tr\u1ecdng. N\u00f3 ch\u1ee7 y\u1ebfu bao g\u1ed3m hai c\u1ea5p \u0111\u1ed9: tr\u01b0\u1edbc khi v\u1eadn h\u00e0nh v\u00e0 sau khi v\u1eadn h\u00e0nh. <\/p>    <p>Vi\u1ec7c b\u1ea3o tr\u00ec tr\u01b0\u1edbc khi v\u1eadn h\u00e0nh ch\u1ee7 y\u1ebfu nh\u1eb1m \u0111\u1ea3m b\u1ea3o r\u1eb1ng m\u00e1y m\u00f3c \u0111ang trong t\u00ecnh tr\u1ea1ng ho\u1ea1t \u0111\u1ed9ng t\u1ed1t. C\u00f4ng vi\u1ec7c c\u1ee7a m\u00e1y thu ho\u1ea1ch ng\u00f4 c\u00f3 m\u1ed9t giai \u0111o\u1ea1n nh\u1ea5t \u0111\u1ecbnh. M\u00e1y m\u00f3c th\u01b0\u1eddng ho\u1ea1t \u0111\u1ed9ng v\u00e0o m\u00f9a thu. Khi v\u1ee5 thu ho\u1ea1ch ng\u00f4 ho\u00e0n t\u1ea5t, n\u00f3 s\u1ebd v\u00e0o tr\u1ea1ng th\u00e1i kh\u00f4ng ho\u1ea1t \u0111\u1ed9ng. Do \u0111\u00f3, c\u1ea7n ph\u1ea3i ki\u1ec3m tra sau khi v\u1eadn h\u00e0nh.<\/p>    <ul class=\"wp-block-list\"> <li>V\u1eadn h\u00e0nh theo h\u01b0\u1edbng d\u1eabn tr\u01b0\u1edbc khi ho\u1ea1t \u0111\u1ed9ng. Ki\u1ec3m tra xem n\u01b0\u1edbc l\u00e0m m\u00e1t, nhi\u00ean li\u1ec7u, <a href=\"https:\/\/en.wikipedia.org\/wiki\/Lubrication\" target=\"_blank\" rel=\"noopener\">b\u00f4i tr\u01a1n<\/a> d\u1ea7u, v\u00e0 c\u00e1c th\u00e0nh ph\u1ea7n \u0111\u01b0\u1ee3c k\u1ebft n\u1ed1i b\u00ecnh th\u01b0\u1eddng.<\/li>    <li>Ki\u1ec3m tra v\u00e0 l\u00e0m s\u1ea1ch b\u1ed9 l\u1ecdc kh\u00f4ng kh\u00ed. Ki\u1ec3m tra xem c\u00e1c b\u1ed9 ph\u1eadn c\u1ee7a thi\u1ebft b\u1ecb c\u00f3 ch\u1eafc ch\u1eafn kh\u00f4ng. Th\u01b0\u1eddng xuy\u00ean ki\u1ec3m tra c\u00e1c b\u1ed9 ph\u1eadn l\u1ecfng. \u0110i\u1ec1u ch\u1ec9nh k\u1ecbp th\u1eddi c\u00e1c v\u1ea5n \u0111\u1ec1 \u0111\u01b0\u1ee3c ph\u00e1t hi\u1ec7n.<\/li>    <li>Sau khi v\u1eadn h\u00e0nh, ki\u1ec3m tra xem c\u00f3 c\u1ecf d\u1ea1i, b\u00f9n, v\u00e0 b\u1ee5i b\u1ea9n tr\u00ean m\u00e1y kh\u00f4ng. D\u1ecdn d\u1eb9p k\u1ecbp th\u1eddi n\u1ebfu c\u1ea7n thi\u1ebft.<\/li>    <li>Ki\u1ec3m tra xem c\u00f3 h\u01b0 h\u1ecfng b\u00ean trong m\u00e1y kh\u00f4ng.<\/li>    <li>Ki\u1ec3m tra xem b\u0103ng t\u1ea3i c\u00f3 b\u1ecb l\u1ecfng kh\u00f4ng.<\/li>    <li>Sau khi ho\u00e0n th\u00e0nh c\u00e1c b\u01b0\u1edbc tr\u00ean, c\u1ea7n ph\u1ea3i \u0111\u1ed5 d\u1ea7u v\u00e0o m\u00e1y c\u1eaft \u0111\u1ec3 \u0111\u1ea3m b\u1ea3o thi\u1ebft b\u1ecb ho\u1ea1t \u0111\u1ed9ng b\u00ecnh th\u01b0\u1eddng.<\/li> <\/ul>   <div class=\"wp-block-image\"> <figure class=\"aligncenter size-full\"><img loading=\"lazy\" decoding=\"async\" width=\"720\" height=\"540\" src=\"http:\/\/maizemachine.com\/wp-content\/uploads\/2022\/08\/2-row-maize-harvester-in-factory.webp\" alt=\"M\u00e1y g\u1eb7t ng\u00f4 2 h\u00e0ng trong nh\u00e0 m\u00e1y\" class=\"wp-image-99\" title=\"\" srcset=\"https:\/\/maizemachine.com\/wp-content\/uploads\/2022\/08\/2-row-maize-harvester-in-factory.webp 720w, https:\/\/maizemachine.com\/wp-content\/uploads\/2022\/08\/2-row-maize-harvester-in-factory-300x225.webp 300w\" sizes=\"auto, (max-width: 720px) 100vw, 720px\" \/><figcaption class=\"wp-element-caption\">M\u00e1y thu ho\u1ea1ch ng\u00f4 2 h\u00e0ng trong nh\u00e0 m\u00e1y.<\/figcaption><\/figure> <\/div>   <h3 class=\"wp-block-heading\">B\u1ea3o tr\u00ec \u0111\u1ecbnh k\u1ef3<\/h3>    <ul class=\"wp-block-list\"> <li>B\u1ea3o tr\u00ec c\u1ea5p 1: M\u1ed7i 150 gi\u1edd.<\/li>    <li>B\u1ea3o tr\u00ec c\u1ea5p 2: M\u1ed7i 800 gi\u1edd.<\/li>    <li>B\u1ea3o tr\u00ec l\u1edbn: M\u1ed7i 1500\u20132000 gi\u1edd<\/li>    <li>N\u1ebfu l\u01b0u tr\u1eef trong th\u1eddi gian d\u00e0i, h\u00e3y l\u00e0m s\u1ea1ch m\u00e1y, thay d\u1ea7u, \u00e1p d\u1ee5ng bi\u1ec7n ph\u00e1p ch\u1ed1ng g\u1ec9, v\u00e0 gi\u1eef cho m\u00e1y kh\u00f4 r\u00e1o.<\/li>    <li>\u0110\u1ed1i v\u1edbi m\u1ed9t m\u00e1y m\u1edbi ho\u1eb7c sau khi s\u1eeda ch\u1eefa l\u1edbn, c\u1ea7n ph\u1ea3i c\u00f3 th\u1eddi gian l\u00e0m quen th\u00edch h\u1ee3p tr\u01b0\u1edbc khi s\u1eed d\u1ee5ng th\u01b0\u1eddng xuy\u00ean.<\/li> <\/ul>    <h2 class=\"wp-block-heading\" id=\"h-2-row-corn-picker-for-sale\">M\u00e1y thu ho\u1ea1ch ng\u00f4 2 h\u00e0ng \u0111\u1ec3 b\u00e1n<\/h2>    <p>M\u00e1y thu ho\u1ea1ch ng\u00f4 hai h\u00e0ng l\u00e0 m\u1ed9t m\u1eabu ph\u1ed5 bi\u1ebfn trong thi\u1ebft b\u1ecb thu ho\u1ea1ch ng\u00f4. Ch\u00fang t\u00f4i c\u0169ng c\u00f3 m\u00e1y thu ho\u1ea1ch ng\u00f4 hai h\u00e0ng ch\u1ea5t l\u01b0\u1ee3ng cao \u0111\u1ec3 b\u00e1n. Ngo\u00e0i ra, ch\u00fang t\u00f4i c\u0169ng b\u00e1n m\u00e1y thu ho\u1ea1ch ng\u00f4 m\u1ed9t h\u00e0ng. <\/p>    <p class=\"translation-block\">L\u00e0 m\u1ed9t nh\u00e0 s\u1ea3n xu\u1ea5t thi\u1ebft b\u1ecb x\u1eed l\u00fd ng\u00f4 chuy\u00ean nghi\u1ec7p, ch\u00fang t\u00f4i c\u0169ng c\u00f3 m\u00e1y xay nghi\u1ec1n ng\u00f4, m\u00e1y gieo ng\u00f4, v\u00e0 m\u1ed9t <a href=\"https:\/\/maizemachine.com\/vi\/product\/corn-mill-grinder\/\">m\u00e1y xay b\u1ed9t ng\u00f4<\/a>. H\u01a1n n\u1eefa, c\u00e1c m\u00e1y n\u00e0y \u0111\u00e3 \u0111\u01b0\u1ee3c xu\u1ea5t kh\u1ea9u sang nhi\u1ec1u n\u01b0\u1edbc. Do \u0111\u00f3, ch\u00fang t\u00f4i c\u00f3 kinh nghi\u1ec7m phong ph\u00fa trong s\u1ea3n xu\u1ea5t v\u00e0 xu\u1ea5t kh\u1ea9u m\u00e1y m\u00f3c. N\u1ebfu b\u1ea1n quan t\u00e2m \u0111\u1ebfn m\u00e1y h\u00e1i ng\u00f4 hai h\u00e0ng n\u00e0y, xin h\u00e3y li\u00ean h\u1ec7 v\u1edbi ch\u00fang t\u00f4i.<\/p>    <h2 class=\"wp-block-heading\">Video v\u1ec1 m\u00e1y thu ho\u1ea1ch ng\u00f4 2 h\u00e0ng<\/h2>    <figure class=\"wp-block-embed is-type-video is-provider-youtube wp-block-embed-youtube wp-embed-aspect-16-9 wp-has-aspect-ratio\"><div class=\"wp-block-embed__wrapper\"> <iframe loading=\"lazy\" title=\"M\u00e1y thu ho\u1ea1ch ng\u00f4 2 h\u00e0ng | M\u00e1y thu ho\u1ea1ch ng\u00f4 v\u1edbi gi\u00e1 th\u1ea5p\" width=\"500\" height=\"281\" src=\"https:\/\/www.youtube.com\/embed\/pkEAzDVLqJM?feature=oembed\" frameborder=\"0\" allow=\"accelerometer; autoplay; clipboard-write; encrypted-media; gyroscope; picture-in-picture; web-share\" referrerpolicy=\"strict-origin-when-cross-origin\" allowfullscreen><\/iframe> <\/div><\/figure>    <h2 class=\"wp-block-heading\">Kh\u1eafc ph\u1ee5c s\u1ef1 c\u1ed1 cho m\u00e1y thu ho\u1ea1ch ng\u00f4 2 h\u00e0ng<\/h2>    <h3 class=\"wp-block-heading\">T\u1eafc ngh\u1ebdn con l\u0103n h\u00e1i b\u1eafp<\/h3>    <p class=\"translation-block\">C\u00e1c nguy\u00ean nh\u00e2n c\u00f3 th\u1ec3 l\u00e0 nhi\u1ec1u c\u1ecf d\u1ea1i tr\u00ean \u0111\u1ed3ng, kho\u1ea3ng c\u00e1ch gi\u1eefa l\u01b0\u1ee1i c\u1eaft l\u1edbn, kho\u1ea3ng c\u00e1ch gi\u1eefa c\u00e1c cu\u1ed9n tai ng\u00f4 nh\u1ecf, v\u1eadn t\u1ed1c di chuy\u1ec3n kh\u00f4ng th\u00edch h\u1ee3p, ho\u1eb7c s\u1ef1 c\u1ed1 v\u1edbi chu\u1ed7i d\u1eabn h\u01b0\u1edbng crop.<br><strong>Gi\u1ea3i ph\u00e1p:<\/strong> Gi\u1ea3m t\u1ed1c \u0111\u1ed9 di chuy\u1ec3n, \u0111i\u1ec1u ch\u1ec9nh kho\u1ea3ng c\u00e1ch l\u01b0\u1ee1i dao, \u0111i\u1ec1u ch\u1ec9nh kho\u1ea3ng c\u00e1ch cu\u1ed9n, \u0111\u1ed5i ch\u1ebf \u0111\u1ed9 l\u00e0m vi\u1ec7c, s\u1eeda chu\u1ed7i d\u1eabn h\u01b0\u1edbng crop v\u00e0 \u0111i\u1ec1u ch\u1ec9nh l\u00f2 xo.<\/p>    <h3 class=\"wp-block-heading\">Tr\u1ee5c ch\u00ednh c\u1ee7a m\u00e1y c\u1eaft b\u1ecb qu\u00e1 nhi\u1ec7t<\/h3>    <p class=\"translation-block\">C\u00e1c nguy\u00ean nh\u00e2n c\u00f3 th\u1ec3 l\u00e0 thi\u1ebfu d\u1ea7u ho\u1eb7c d\u1ea7u b\u1ecb h\u1ecfng, \u0111ai V qu\u00e1 ch\u1eb7t, ho\u1eb7c v\u00f2ng bi b\u1ecb h\u1ecfng.<br><strong>Gi\u1ea3i ph\u00e1p: <\/strong> B\u1ed5 sung d\u1ea7u, \u0111i\u1ec1u ch\u1ec9nh c\u0103ng \u0111ai V, ho\u1eb7c thay v\u00f2ng bi ho\u1eb7c \u0111ai V.<\/p>    <h3 class=\"wp-block-heading\">X\u00edch thang m\u00e1y kh\u00f4ng di chuy\u1ec3n<\/h3>    <p class=\"translation-block\">C\u00e1c nguy\u00ean nh\u00e2n c\u00f3 th\u1ec3 l\u00e0 chu\u1ed7i b\u1ecb r\u1eddi, tr\u1ee5c b\u1ecb h\u1ecfng, ho\u1eb7c b\u1ecb t\u1eafc b\u1edfi b\u1ee5i b\u1ea9n b\u00ean trong thang v\u1eadn chuy\u1ec3n.<br><strong>Gi\u1ea3i ph\u00e1p:<\/strong> \u0110i\u1ec1u ch\u1ec9nh ho\u1eb7c thay th\u1ebf chu\u1ed7i ho\u1eb7c b\u1ed9 ph\u1eadn, v\u00e0 lo\u1ea1i b\u1ecf b\u1ee5i b\u1ea9n t\u1eeb b\u00ean trong thang.<\/p>    <h3 class=\"wp-block-heading\">Ch\u1ea5t l\u01b0\u1ee3ng nghi\u1ec1n r\u01a1m k\u00e9m<\/h3>    <p class=\"translation-block\">C\u00e1c nguy\u00ean nh\u00e2n c\u00f3 th\u1ec3 l\u00e0 kho\u1ea3ng c\u00e1ch h\u00e0ng kh\u00f4ng ph\u00f9 h\u1ee3p, \u0111ai d\u1eabn \u0111\u1ed9ng l\u1ecfng ho\u1eb7c b\u1ecb tr\u01b0\u1ee3t, v\u1eadn t\u1ed1c l\u00e1i cao, m\u1eb7t b\u1eb1ng kh\u00f4ng ph\u1eb3ng, ho\u1eb7c l\u01b0\u1ee1i m\u00e1y nghi\u1ec1n b\u1ecb m\u00f2n nghi\u00eam tr\u1ecdng.<br><strong>Gi\u1ea3i ph\u00e1p: <\/strong>\u0110i\u1ec1u ch\u1ec9nh v\u1eadn h\u00e0nh \u0111\u1ec3 c\u1ea3i thi\u1ec7n kho\u1ea3ng c\u00e1ch h\u00e0ng, si\u1ebft \u0111ai \u0111\u1ec3 t\u0103ng ma s\u00e1t, v\u00e0 gi\u1ea3m t\u1ed1c \u0111\u1ed9 \u0111\u1ec3 ng\u0103n l\u01b0\u1ee1i nghi\u1ec1n m\u00f2n.<\/p>    <h3 class=\"wp-block-heading\">\u00c2m thanh b\u1ea5t th\u01b0\u1eddng t\u1eeb h\u1ed9p s\u1ed1<\/h3>    <p class=\"translation-block\">C\u00e1c nguy\u00ean nh\u00e2n c\u00f3 th\u1ec3 l\u00e0 sai l\u1ec7ch r\u00e3nh b\u00e1nh r\u0103ng, b\u00e1nh r\u0103ng ho\u1eb7c bearings b\u1ecb h\u1ecfng, ho\u1eb7c thi\u1ebfu s\u1ef1 b\u00f4i tr\u01a1n.<br><strong>Gi\u1ea3i ph\u00e1p<\/strong>: \u0110i\u1ec1u ch\u1ec9nh r\u00e3nh b\u00e1nh r\u0103ng v\u1ec1 ph\u1ea1m vi ph\u00f9 h\u1ee3p, thay th\u1ebf c\u00e1c b\u1ed9 ph\u1eadn h\u1ecfng, v\u00e0 th\u00eam d\u1ea7u b\u00f4i tr\u01a1n.<\/p>    <p>N\u1ebfu c\u00f3 th\u00eam c\u00e2u h\u1ecfi v\u1ec1 m\u00e1y g\u1eb7t ng\u00f4 2 h\u00e0ng, h\u00e3y li\u00ean h\u1ec7 v\u1edbi ch\u00fang t\u00f4i. Ch\u00fang t\u00f4i cung c\u1ea5p t\u01b0 v\u1ea5n s\u1ea3n ph\u1ea9m mi\u1ec5n ph\u00ed.<\/p>","protected":false},"excerpt":{"rendered":"<p>The 2 row corn picker is a machine that harvests two rows of corn at the same time. It belongs to multi row corn harvesting equipment. We also have a single-row maize harvester, 3 row corn picker, and 4 row corn harvester for you to choose from. Compared with 1 row corn picker, the two [&hellip;]<\/p>\n","protected":false},"author":1,"featured_media":98,"parent":0,"template":"","tags":[12],"product-type":[8],"class_list":["post-95","product","type-product","status-publish","has-post-thumbnail","hentry","tag-corn-harvester","product-type-corn-harvester"],"_links":{"self":[{"href":"https:\/\/maizemachine.com\/vi\/wp-json\/wp\/v2\/product\/95","targetHints":{"allow":["GET"]}}],"collection":[{"href":"https:\/\/maizemachine.com\/vi\/wp-json\/wp\/v2\/product"}],"about":[{"href":"https:\/\/maizemachine.com\/vi\/wp-json\/wp\/v2\/types\/product"}],"author":[{"embeddable":true,"href":"https:\/\/maizemachine.com\/vi\/wp-json\/wp\/v2\/users\/1"}],"wp:featuredmedia":[{"embeddable":true,"href":"https:\/\/maizemachine.com\/vi\/wp-json\/wp\/v2\/media\/98"}],"wp:attachment":[{"href":"https:\/\/maizemachine.com\/vi\/wp-json\/wp\/v2\/media?parent=95"}],"wp:term":[{"taxonomy":"post_tag","embeddable":true,"href":"https:\/\/maizemachine.com\/vi\/wp-json\/wp\/v2\/tags?post=95"},{"taxonomy":"product-type","embeddable":true,"href":"https:\/\/maizemachine.com\/vi\/wp-json\/wp\/v2\/product-type?post=95"}],"curies":[{"name":"wp","href":"https:\/\/api.w.org\/{rel}","templated":true}]}}