{"id":278,"date":"2023-03-08T17:21:19","date_gmt":"2023-03-08T09:21:19","guid":{"rendered":"https:\/\/maizemachine.com\/?post_type=product&#038;p=278"},"modified":"2025-12-30T17:39:31","modified_gmt":"2025-12-30T09:39:31","slug":"multifunctional-maize-thresher-machine","status":"publish","type":"product","link":"https:\/\/maizemachine.com\/vi\/product\/multifunctional-maize-thresher-machine\/","title":{"rendered":"M\u00e1y xay th\u00f3c \u0111a ch\u1ee9c n\u0103ng 2-4 T\u1ea5n\/h \u0111\u1ec3 b\u00e1n"},"content":{"rendered":"<p>M\u00e1y tu\u1ed1t ng\u00f4 \u0111a ch\u1ee9c n\u0103ng l\u00e0 m\u1ed9t m\u00e1y \u0111\u1ec3 tu\u1ed1t ng\u00f4, \u0111\u1eadu n\u00e0nh, sorgum, \u0111\u1eadu ve, l\u00faa v\u00e0 c\u00e1c lo\u1ea1i c\u00e2y tr\u1ed3ng kh\u00e1c. Ng\u01b0\u1eddi d\u00f9ng ch\u1ec9 c\u1ea7n thay s\u00e0ng \u0111\u1ec3 \u0111\u1ea1t \u0111\u01b0\u1ee3c tu\u1ed1t c\u00e1c lo\u1ea1i c\u00e2y tr\u1ed3ng kh\u00e1c nhau. <\/p>   <div class=\"wp-block-image\"> <figure class=\"aligncenter size-full\"><img loading=\"lazy\" decoding=\"async\" width=\"720\" height=\"540\" src=\"https:\/\/maizemachine.com\/wp-content\/uploads\/2023\/03\/Multifunctional-Maize-Thresher-Machine.webp\" alt=\"M\u00e1y thu ho\u1ea1ch ng\u00f4 \u0111a ch\u1ee9c n\u0103ng\" class=\"wp-image-640\" title=\"\" srcset=\"https:\/\/maizemachine.com\/wp-content\/uploads\/2023\/03\/Multifunctional-Maize-Thresher-Machine.webp 720w, https:\/\/maizemachine.com\/wp-content\/uploads\/2023\/03\/Multifunctional-Maize-Thresher-Machine-300x225.webp 300w, https:\/\/maizemachine.com\/wp-content\/uploads\/2023\/03\/Multifunctional-Maize-Thresher-Machine-16x12.webp 16w\" sizes=\"auto, (max-width: 720px) 100vw, 720px\" \/><figcaption class=\"wp-element-caption\">M\u00e1y thu ho\u1ea1ch ng\u00f4 \u0111a ch\u1ee9c n\u0103ng<\/figcaption><\/figure> <\/div>   <p class=\"translation-block\">M\u00e1y tu\u1ed1t ng\u00f4 n\u00e0y c\u00f3 th\u1ec3 ch\u1ebf bi\u1ebfn <strong><em>2\u20134<\/em><\/strong> t\u1ea5n ng\u00f4 <strong><em>m\u1ed7i gi\u1edd<\/em><\/strong>, <strong><em>1\u20132<\/em><\/strong> t\u1ea5n sorgum ho\u1eb7c k\u00ea, v\u00e0 <strong><em>0.5\u20130.8<\/em><\/strong> t\u1ea5n \u0111\u1eadu n\u00e0nh.<\/p>    <p>M\u00e1y c\u00f3 th\u1ec3 \u0111\u01b0\u1ee3c trang b\u1ecb l\u1ed1p l\u1edbn v\u00e0 khung ch\u1eafc ch\u1eafn \u0111\u1ec3 d\u1ec5 di chuy\u1ec3n. N\u00f3 c\u00f3 hai qu\u1ea1t l\u1edbn \u0111\u1ec3 th\u1ed5i bay t\u1ea1p ch\u1ea5t nh\u1eb9, v\u00e0 m\u1ed9t s\u00e0ng rung \u0111\u1ec3 lo\u1ea1i b\u1ecf b\u1ee5i b\u1ea9n nh\u1ecf, \u0111\u00e1 ho\u1eb7c h\u1ea1t kh\u00f4 nh\u0103n, n\u00ean ng\u00f4 sau tu\u1ed1t r\u1ea5t s\u1ea1ch.<\/p>    <p class=\"translation-block\">T\u1ea1i Taizy Machinery, ch\u00fang t\u00f4i kh\u00f4ng ch\u1ec9 c\u00f3 m\u00e1y tu\u1ed1t ng\u00f4 l\u1edbn \u0111a ch\u1ee9c n\u0103ng, m\u00e0 c\u00f2n c\u00f3 <a href=\"https:\/\/maizemachine.com\/vi\/product\/maize-sheller\/\">m\u00e1y t\u00e1ch v\u1ecf ng\u00f4<\/a> nh\u1ecf v\u00e0 <a href=\"https:\/\/maizemachine.com\/vi\/product\/sweet-corn-sheller\/\">m\u00e1y t\u00e1ch v\u1ecf ng\u00f4 ng\u1ecdt<\/a> \u0111\u1ec3 b\u00e1n. M\u00e0u s\u1eafc m\u00e1y c\u00f3 th\u1ec3 l\u1ef1a ch\u1ecdn. Nh\u00e0 m\u00e1y ch\u00fang t\u00f4i th\u01b0\u1eddng s\u1ea3n xu\u1ea5t m\u00e1y tu\u1ed1t ng\u00f4 m\u00e0u \u0111\u1ecf v\u00e0 xanh l\u00e1.<\/p>    <h2 class=\"wp-block-heading\">Thi\u1ebft k\u1ebf m\u00e1y t\u00e1ch h\u1ea1t ng\u00f4 \u0111a ch\u1ee9c n\u0103ng<\/h2>    <p class=\"translation-block\">M\u00e1y ch\u1ee7 y\u1ebfu bao g\u1ed3m <strong>c\u1eeda n\u1ea1p, qu\u1ea1t th\u1ed5i, c\u1eeda tho\u00e1t t\u1ea1p ch\u1ea5t, b\u1ed9 ph\u1eadn s\u00e0ng th\u1ee9 c\u1ea5p, qu\u1ea1t \u0111\u00f4i, s\u00e0ng rung, khung, t\u1ea5m \u0111\u1ee9ng, b\u00e1nh l\u1edbn, b\u1ed9 ph\u1eadn tu\u1ed1t v\u00e0 c\u1eeda x\u1ea3.<\/strong> H\u00ecnh \u1ea3nh b\u00ean d\u01b0\u1edbi l\u00e0 s\u01a1 \u0111\u1ed3 c\u1ea5u tr\u00fac c\u1ee7a m\u00e1y.<\/p>   <div class=\"wp-block-image\"> <figure class=\"aligncenter size-full\"><img loading=\"lazy\" decoding=\"async\" width=\"720\" height=\"540\" src=\"http:\/\/maizemachine.com\/wp-content\/uploads\/2023\/03\/structure-of-corn-sheller.webp\" alt=\"c\u1ea5u tr\u00fac c\u1ee7a m\u00e1y xay ng\u00f4\" class=\"wp-image-284\" title=\"\" srcset=\"https:\/\/maizemachine.com\/wp-content\/uploads\/2023\/03\/structure-of-corn-sheller.webp 720w, https:\/\/maizemachine.com\/wp-content\/uploads\/2023\/03\/structure-of-corn-sheller-300x225.webp 300w\" sizes=\"auto, (max-width: 720px) 100vw, 720px\" \/><figcaption class=\"wp-element-caption\">c\u1ea5u tr\u00fac c\u1ee7a m\u00e1y xay ng\u00f4<\/figcaption><\/figure> <\/div>   <div class=\"wp-block-columns is-layout-flex wp-container-core-columns-is-layout-9d6595d7 wp-block-columns-is-layout-flex\"> <div class=\"wp-block-column is-layout-flow wp-block-column-is-layout-flow\"> <details class=\"wp-block-details is-layout-flow wp-block-details-is-layout-flow\"><summary>Ph\u1ec5u n\u1ea1p<\/summary> <p>D\u00f9ng \u0111\u1ec3 cho qu\u1ea3 b\u1eafp ho\u1eb7c c\u00e2y tr\u1ed3ng v\u00e0o, \u0111\u1ea3m b\u1ea3o n\u1ea1p \u0111\u1ec1u v\u00e0o bu\u1ed3ng tu\u1ed1t.<\/p> <\/details> <\/div>    <div class=\"wp-block-column is-layout-flow wp-block-column-is-layout-flow\"> <details class=\"wp-block-details is-layout-flow wp-block-details-is-layout-flow\"><summary>Qu\u1ea1t th\u1ed5i<\/summary> <p>Cung c\u1ea5p lu\u1ed3ng kh\u00f4ng kh\u00ed \u0111\u1ec3 th\u1ed5i bay t\u1ea1p ch\u1ea5t nh\u1eb9 nh\u01b0 v\u1ecf b\u1eafp v\u00e0 m\u1ea3nh r\u1ea1.<\/p> <\/details> <\/div> <\/div>    <div class=\"wp-block-columns is-layout-flex wp-container-core-columns-is-layout-9d6595d7 wp-block-columns-is-layout-flex\"> <div class=\"wp-block-column is-layout-flow wp-block-column-is-layout-flow\"> <details class=\"wp-block-details is-layout-flow wp-block-details-is-layout-flow\"><summary>C\u1eeda tho\u00e1t t\u1ea1p ch\u1ea5t<\/summary> <p>Th\u1ea3i c\u00e1c t\u1ea1p ch\u1ea5t b\u1ecb th\u1ed5i ra b\u1edfi qu\u1ea1t th\u1ed5i, tr\u00e1nh ch\u00fang tr\u1ed9n l\u1eabn v\u1edbi ng\u00f4 s\u1ea1ch.<\/p> <\/details> <\/div>    <div class=\"wp-block-column is-layout-flow wp-block-column-is-layout-flow\"> <details class=\"wp-block-details is-layout-flow wp-block-details-is-layout-flow\"><summary>B\u1ed9 ph\u1eadn s\u00e0ng th\u1ee9 c\u1ea5p<\/summary> <p>Th\u1ef1c hi\u1ec7n s\u00e0ng l\u1ea7n hai cho ng\u00f4 \u0111\u00e3 tu\u1ed1t \u0111\u1ec3 lo\u1ea1i b\u1ecf b\u1ea5t k\u1ef3 t\u1ea1p ch\u1ea5t c\u00f2n s\u00f3t l\u1ea1i.<\/p> <\/details> <\/div> <\/div>    <div class=\"wp-block-columns is-layout-flex wp-container-core-columns-is-layout-9d6595d7 wp-block-columns-is-layout-flex\"> <div class=\"wp-block-column is-layout-flow wp-block-column-is-layout-flow\"> <details class=\"wp-block-details is-layout-flow wp-block-details-is-layout-flow\"><summary>Qu\u1ea1t \u0111\u00f4i<\/summary> <p>T\u0103ng l\u01b0u l\u01b0\u1ee3ng kh\u00f4ng kh\u00ed \u0111\u1ec3 c\u1ea3i thi\u1ec7n vi\u1ec7c lo\u1ea1i b\u1ecf t\u1ea1p ch\u1ea5t, \u0111\u1ea3m b\u1ea3o ng\u00f4 s\u1ea1ch v\u00e0 g\u1ecdn g\u00e0ng.<\/p> <\/details> <\/div>    <div class=\"wp-block-column is-layout-flow wp-block-column-is-layout-flow\"> <details class=\"wp-block-details is-layout-flow wp-block-details-is-layout-flow\"><summary>S\u00e0ng rung<\/summary> <p>S\u1eed d\u1ee5ng rung \u0111\u1ec3 t\u00e1ch s\u1ea1ch h\u1ea1t ng\u00f4 kh\u1ecfi t\u1ea1p ch\u1ea5t ho\u00e0n to\u00e0n.<\/p> <\/details> <\/div> <\/div>    <div class=\"wp-block-columns is-layout-flex wp-container-core-columns-is-layout-9d6595d7 wp-block-columns-is-layout-flex\"> <div class=\"wp-block-column is-layout-flow wp-block-column-is-layout-flow\"> <details class=\"wp-block-details is-layout-flow wp-block-details-is-layout-flow\"><summary>T\u1ea5m \u0111\u1ee9ng<\/summary> <p>Gi\u1eef tr\u1ed1ng ho\u1eb7c c\u00e1c b\u1ed9 ph\u1eadn tu\u1ed1t c\u1ed1 \u0111\u1ecbnh, cung c\u1ea5p s\u1ef1 h\u1ed7 tr\u1ee3 \u1ed5n \u0111\u1ecbnh.<\/p> <\/details> <\/div>    <div class=\"wp-block-column is-layout-flow wp-block-column-is-layout-flow\"> <details class=\"wp-block-details is-layout-flow wp-block-details-is-layout-flow\"><summary>B\u00e1nh l\u1edbn<\/summary> <p>Truy\u1ec1n \u0111\u1ed9ng ho\u1eb7c \u0111i\u1ec1u ch\u1ec9nh t\u1ed1c \u0111\u1ed9 tr\u1ed1ng, truy\u1ec1n l\u1ef1c t\u1edbi tr\u1ed1ng tu\u1ed1t.<\/p> <\/details> <\/div> <\/div>    <div class=\"wp-block-columns is-layout-flex wp-container-core-columns-is-layout-9d6595d7 wp-block-columns-is-layout-flex\"> <div class=\"wp-block-column is-layout-flow wp-block-column-is-layout-flow\"> <details class=\"wp-block-details is-layout-flow wp-block-details-is-layout-flow\"><summary>B\u1ed9 ph\u1eadn tu\u1ed1t<\/summary> <p>M\u1ed9t th\u00e0nh ph\u1ea7n l\u00f5i lo\u1ea1i b\u1ecf h\u1ea1t kh\u1ecfi r\u0103ng b\u1eafp th\u00f4ng qua ma s\u00e1t v\u00e0 va \u0111\u1eadp.<\/p> <\/details> <\/div>    <div class=\"wp-block-column is-layout-flow wp-block-column-is-layout-flow\"> <details class=\"wp-block-details is-layout-flow wp-block-details-is-layout-flow\"><summary>C\u1eeda x\u1ea3<\/summary> <p>H\u1ea1t ng\u00f4 v\u00e0 qu\u1ea3 b\u1eafp \u0111\u01b0\u1ee3c x\u1ea3 ra t\u1eeb c\u00e1c c\u1eeda ri\u00eang bi\u1ec7t \u0111\u1ec3 d\u1ec5 thu gom v\u00e0 s\u1eed d\u1ee5ng ti\u1ebfp.<\/p> <\/details> <\/div> <\/div>    <h2 class=\"wp-block-heading\">M\u00e1y t\u00e1ch h\u1ea1t ng\u00f4 ho\u1ea1t \u0111\u1ed9ng nh\u01b0 th\u1ebf n\u00e0o?<\/h2>    <p>M\u00e1y tu\u1ed1t ng\u00f4 \u0111a ch\u1ee9c n\u0103ng ho\u1ea1t \u0111\u1ed9ng b\u1eb1ng c\u00e1ch d\u00f9ng con l\u0103n cao su ho\u1eb7c th\u00e9p \u0111\u1ec3 \u00e9p v\u00e0 ch\u00e0 x\u00e1t qu\u1ea3 b\u1eafp, khi\u1ebfn h\u1ea1t t\u00e1ch kh\u1ecfi r\u01a1m. Qu\u1ea1t th\u1ed5i v\u00e0 s\u00e0ng sau \u0111\u00f3 lo\u1ea1i b\u1ecf t\u1ea1p ch\u1ea5t, \u0111\u1ec3 l\u1ea1i h\u1ea1t s\u1ea1ch.<\/p>    <p>M\u00e1y tu\u1ed1t ng\u00f4 \u0111a ch\u1ee9c n\u0103ng c\u1ee7a ch\u00fang t\u00f4i c\u00f3 c\u00e1c m\u1eabu v\u00e0 th\u00f4ng s\u1ed1 k\u1ef9 thu\u1eadt kh\u00e1c nhau, kh\u00e1ch h\u00e0ng c\u00f3 th\u1ec3 ch\u1ecdn m\u1eabu ph\u00f9 h\u1ee3p theo nhu c\u1ea7u v\u00e0 \u0111i\u1ec1u ki\u1ec7n t\u1ea1i \u0111\u1ecba \u0111i\u1ec3m.<\/p>   <div class=\"wp-block-image\"> <figure class=\"aligncenter size-full\"><img loading=\"lazy\" decoding=\"async\" width=\"720\" height=\"540\" src=\"http:\/\/maizemachine.com\/wp-content\/uploads\/2023\/03\/multifunctional-maize-threshing-machine.webp\" alt=\"M\u00e1y tu\u1ed1t ng\u00f4 \u0111a ch\u1ee9c n\u0103ng\" class=\"wp-image-282\" title=\"\" srcset=\"https:\/\/maizemachine.com\/wp-content\/uploads\/2023\/03\/multifunctional-maize-threshing-machine.webp 720w, https:\/\/maizemachine.com\/wp-content\/uploads\/2023\/03\/multifunctional-maize-threshing-machine-300x225.webp 300w\" sizes=\"auto, (max-width: 720px) 100vw, 720px\" \/><figcaption class=\"wp-element-caption\">M\u00e1y tu\u1ed1t ng\u00f4 \u0111a ch\u1ee9c n\u0103ng<\/figcaption><\/figure> <\/div>   <h2 class=\"wp-block-heading\">Th\u00f4ng s\u1ed1 k\u1ef9 thu\u1eadt c\u1ee7a m\u00e1y tu\u1ed1t ng\u00f4<\/h2>    <figure class=\"wp-block-table\"><table><tbody><tr><td>M\u00f4 h\u00ecnh<\/td><td>5TD-1000<\/td><\/tr><tr><td>C\u00f4ng su\u1ea5t (t\/h)<\/td><td>Ng\u00f4: 2-4t\/h, \u0110\u1eadu sorghum v\u00e0 k\u00ea: 1-2t\/h, \u0110\u1eadu n\u00e0nh: 0.5-0.8t\/h<\/td><\/tr><tr><td>C\u00f4ng su\u1ea5t<\/td><td>\u0110\u1ed9ng c\u01a1 diesel 15HP, motor 11, PTO<\/td><\/tr><tr><td>T\u1ed1c \u0111\u1ed9 tr\u1ee5c ch\u00ednh<\/td><td>550\u2013620 v\u00f2ng\/ph\u00fat<\/td><\/tr><tr><td>3 s\u00e0ng<\/td><td>S\u00e0ng ng\u00f4 \u03c618mm, s\u00e0ng sorghum, k\u00ea \u03c66mm; \u0111\u1eadu n\u00e0nh \u03c612mm<\/td><\/tr><tr><td>Tr\u1ecdng l\u01b0\u1ee3ng (kg)<\/td><td>650<\/td><\/tr><tr><td>K\u00edch th\u01b0\u1edbc t\u1ed5ng th\u1ec3 (mm)<\/td><td>3400*2100*1980<\/td><\/tr><tr><td>K\u00edch th\u01b0\u1edbc \u0111\u00f3ng g\u00f3i (mm)<\/td><td>2800*740*1400<\/td><\/tr><\/tbody><\/table><\/figure>    <p class=\"translation-block\">C\u00f3 th\u1ec3 th\u1ea5y t\u1eeb b\u1ea3ng tr\u00ean r\u1eb1ng n\u0103ng su\u1ea5t c\u1ee7a m\u00e1y tu\u1ed1t ng\u00f4 l\u00e0 <strong><em>2-4t\/h<\/em><\/strong>. N\u1ebfu nguy\u00ean li\u1ec7u m\u00e1y ch\u1ebf bi\u1ebfn l\u00e0 sorgum v\u00e0 k\u00ea, c\u00f4ng su\u1ea5t m\u00e1y l\u00e0<strong><em> 1-2t\/h. <\/em><\/strong>N\u1ebfu nguy\u00ean li\u1ec7u m\u00e1y ch\u1ebf bi\u1ebfn l\u00e0 \u0111\u1eadu n\u00e0nh, c\u00f4ng su\u1ea5t m\u00e1y l\u00e0<strong><em> 0.5-0.8t\/h. <\/em><\/strong>C\u1ea7n l\u01b0u \u00fd r\u1eb1ng ph\u1ea3i thay c\u00e1c k\u00edch th\u01b0\u1edbc s\u00e0ng kh\u00e1c nhau \u0111\u1ec3 x\u1eed l\u00fd c\u00e1c nguy\u00ean li\u1ec7u kh\u00e1c nhau.<\/p>   <div class=\"wp-block-image\"> <figure class=\"aligncenter size-full\"><img loading=\"lazy\" decoding=\"async\" width=\"720\" height=\"540\" src=\"http:\/\/maizemachine.com\/wp-content\/uploads\/2023\/03\/maize-thresher-machine.webp\" alt=\"m\u00e1y tu\u1ed1t ng\u00f4\" class=\"wp-image-280\" title=\"\" srcset=\"https:\/\/maizemachine.com\/wp-content\/uploads\/2023\/03\/maize-thresher-machine.webp 720w, https:\/\/maizemachine.com\/wp-content\/uploads\/2023\/03\/maize-thresher-machine-300x225.webp 300w\" sizes=\"auto, (max-width: 720px) 100vw, 720px\" \/><figcaption class=\"wp-element-caption\">m\u00e1y tu\u1ed1t ng\u00f4<\/figcaption><\/figure> <\/div>   <h2 class=\"wp-block-heading\">L\u1ee3i \u00edch c\u1ee7a m\u00e1y t\u00e1ch h\u1ea1t ng\u00f4 \u0111a ch\u1ee9c n\u0103ng<\/h2>    <ul class=\"wp-block-list\"> <li><strong>Ph\u1ea1m vi r\u1ed9ng c\u1ee7a <\/strong><span style=\"box-sizing: border-box; margin: 0px; padding: 0px;\"><strong>\u1ee9ng d\u1ee5ng<\/strong><\/span>: m\u00e1y xay x\u00e1t ng\u00f4 \u0111a n\u0103ng c\u00f3 th\u1ec3 s\u00e0ng ng\u00f4, \u0111\u1eadu n\u00e0nh, <strong><a href=\"https:\/\/en.wikipedia.org\/wiki\/Sorghum\" target=\"_blank\" rel=\"noopener\">sorghum<\/a><\/strong>, millet, broad bean, barley, wheat, and other crops.<\/li>    <li><strong>Hi\u1ec7u su\u1ea5t cao v\u00e0 ti\u1ebft ki\u1ec7m lao \u0111\u1ed9ng<\/strong>: X\u00e1t 2\u20134 t\u1ea5n ng\u00f4 m\u1ed7i gi\u1edd. V\u1edbi 8 gi\u1edd l\u00e0m vi\u1ec7c m\u1ed7i ng\u00e0y, n\u00f3 c\u00f3 th\u1ec3 thay th\u1ebf kho\u1ea3ng 15\u201325 c\u00f4ng nh\u00e2n, gi\u1ea3m thi\u1ec3u chi ph\u00ed lao \u0111\u1ed9ng \u0111\u00e1ng k\u1ec3.<\/li>    <li><strong>V\u1eadt li\u1ec7u b\u1ec1n v\u00e0 ch\u1ea5t l\u01b0\u1ee3ng cao: <\/strong>Khung, tr\u1ed1ng g\u1eb7t v\u00e0 l\u01b0\u1edbi l\u1ecdc l\u00e0m t\u1eeb th\u00e9p Carbon ch\u1ea5t l\u01b0\u1ee3ng cao, c\u00f3 kh\u1ea3 n\u0103ng ch\u1ed1ng m\u00e0i m\u00f2n v\u00e0 \u0103n m\u00f2n.<\/li>    <li><strong>C\u00e1c linh ki\u1ec7n \u0111\u00e1ng tin c\u1eady: <\/strong>\u0110\u0129a tr\u1ed1ng v\u00e0 v\u00f2ng bi l\u00e0m t\u1eeb v\u1eadt li\u1ec7u c\u00f3 \u0111\u1ed9 c\u1ee9ng cao, \u0111\u1ea3m b\u1ea3o v\u1eadn h\u00e0nh \u1ed5n \u0111\u1ecbnh v\u00e0 t\u1ec9 l\u1ec7 h\u1ecfng th\u1ea5p.<\/li>    <li><strong>C\u00e1c t\u00f9y ch\u1ecdn c\u1ea5p ngu\u1ed3n linh ho\u1ea1t:<\/strong> C\u00f3 th\u1ec3 \u0111\u01b0\u1ee3c c\u1ea5p ngu\u1ed3n b\u1eb1ng \u0111\u1ed9ng c\u01a1 diesel 15HP, \u0111\u1ed9ng c\u01a1 \u0111i\u1ec7n 11kW, ho\u1eb7c truy\u1ec1n \u0111\u1ed9ng PTO, ph\u00f9 h\u1ee3p cho nh\u1eefng khu v\u1ef1c c\u00f3 \u0111i\u1ec7n y\u1ebfu ho\u1eb7c l\u00e0m vi\u1ec7c ngo\u00e0i \u0111\u1ed3ng.<\/li>    <li><strong>T\u1ed1c \u0111\u1ed9 t\u1ed1i \u01b0u:<\/strong> Tr\u1ee5c ch\u00ednh quay 550\u2013620 v\u00f2ng\/ph\u00fat \u0111\u1ec3 g\u1eb7t s\u00e1t v\u00e0 h\u1ea1n ch\u1ebf g\u00e3y h\u1ea1t.<\/li>    <li><strong>D\u1ec5 di chuy\u1ec3n:<\/strong> N\u1eb7ng 650 kg v\u00e0 c\u00f3 th\u1ec3 \u0111\u01b0\u1ee3c trang b\u1ecb b\u00e1nh xe \u0111\u1ec3 v\u1eadn chuy\u1ec3n v\u00e0 s\u1eed d\u1ee5ng ngo\u00e0i \u0111\u1ed3ng.<\/li>    <li><strong>Ho\u1ea1t \u0111\u1ed9ng \u0111\u01a1n gi\u1ea3n:<\/strong> D\u1ea7u \u2192 C\u00e0y \u2192 L\u00e0m s\u1ea1ch b\u1eb1ng gi\u00f3 \u2192 S\u00e0ng l\u1ecdc \u2192 X\u1ea3; to\u00e0n b\u1ed9 qu\u00e1 tr\u00ecnh c\u00f3 th\u1ec3 \u0111\u01b0\u1ee3c th\u1ef1c hi\u1ec7n b\u1edfi m\u1ed9t ng\u01b0\u1eddi.<\/li>    <li><strong>G\u00e3y h\u1ea1t th\u1ea5p v\u00e0 to\u00e0n v\u1eb9n h\u1ea1t cao:<\/strong> Thi\u1ebft k\u1ebf r\u0103ng tr\u1ed1ng t\u1ed1i \u01b0u gi\u1eef g\u00e3y h\u1ea1t \u2264 2%, b\u1ea3o \u0111\u1ea3m ch\u1ea5t l\u01b0\u1ee3ng ng\u00f4.<\/li>    <li><strong>B\u00f3 ng\u00f4 nguy\u00ean v\u1eb9n: <\/strong>C\u00e1c th\u00e2n ng\u00f4 \u0111\u00e3 xay c\u00f3 th\u1ec3 d\u00f9ng l\u00e0m th\u1ee9c \u0103n ho\u1eb7c nhi\u00ean li\u1ec7u, t\u0103ng gi\u00e1 tr\u1ecb s\u1eed d\u1ee5ng.<\/li>    <li><strong>G\u00f3i g\u1ecdn ti\u1ec7n l\u1ee3i v\u00e0 v\u1eadn chuy\u1ec3n:<\/strong> M\u00e1y c\u00f3 th\u1ec3 th\u00e1o r\u1eddi \u0111\u1ec3 \u0111\u00f3ng g\u00f3i. K\u00edch th\u01b0\u1edbc \u0111\u00f3ng g\u00f3i l\u00e0 2800\u00d7740\u00d71400 mm, thu\u1eadn ti\u1ec7n cho logistics v\u00e0 l\u1eafp r\u00e1p t\u1ea1i hi\u1ec7n tr\u01b0\u1eddng.<\/li> <\/ul>   <div class=\"wp-block-image\"> <figure class=\"aligncenter size-full\"><img loading=\"lazy\" decoding=\"async\" width=\"720\" height=\"540\" src=\"http:\/\/maizemachine.com\/wp-content\/uploads\/2023\/03\/widely-application.webp\" alt=\"\u1ee9ng d\u1ee5ng r\u1ed9ng r\u00e3i\" class=\"wp-image-285\" title=\"\" srcset=\"https:\/\/maizemachine.com\/wp-content\/uploads\/2023\/03\/widely-application.webp 720w, https:\/\/maizemachine.com\/wp-content\/uploads\/2023\/03\/widely-application-300x225.webp 300w\" sizes=\"auto, (max-width: 720px) 100vw, 720px\" \/><figcaption class=\"wp-element-caption\">\u1ee9ng d\u1ee5ng r\u1ed9ng r\u00e3i<\/figcaption><\/figure> <\/div>   <h2 class=\"wp-block-heading\">C\u00e1ch s\u1eed d\u1ee5ng m\u00e1y t\u00e1ch h\u1ea1t ng\u00f4?<\/h2>    <ol class=\"wp-block-list\"> <li>K\u1ebft n\u1ed1i m\u00e1y b\u00f3c ng\u00f4 \u0111i\u1ec7n v\u1edbi ngu\u1ed3n \u0111i\u1ec7n v\u00e0 ki\u1ec3m tra xem \u0111\u1ed9ng c\u01a1 c\u00f3 ho\u1ea1t \u0111\u1ed9ng b\u00ecnh th\u01b0\u1eddng kh\u00f4ng.<\/li>    <li>Cho b\u1eafp ng\u00f4 v\u00e0o c\u1eeda n\u1ea1p c\u1ee7a m\u00e1y tu\u1ed1t.<\/li>    <li>B\u1eadt m\u00e1y xay v\u00e0 \u0111\u1ec3 b\u1eafp ng\u00f4 \u0111i qua con l\u0103n b\u00ean trong m\u00e1y \u0111\u1ec3 xay. Cu\u1ed1i c\u00f9ng, h\u1ea1t ng\u00f4 s\u1ebd \u0111\u01b0\u1ee3c th\u1ea3i ra t\u1eeb c\u1ed5ng th\u1ea3i.<\/li>    <li>T\u1eaft m\u00e1y x\u00e1t ng\u00f4, d\u1ecdn d\u1eb9p r\u01a1m ng\u00f4 c\u00f2n s\u00f3t l\u1ea1i, b\u1ee5i b\u1ea9n v\u00e0 c\u00e1c t\u1ea1p ch\u1ea5t kh\u00e1c, v\u00e0 gi\u1eef cho m\u00e1y x\u00e1t ng\u00f4 \u0111a ch\u1ee9c n\u0103ng s\u1ea1ch s\u1ebd v\u00e0 nguy\u00ean v\u1eb9n.<\/li> <\/ol>   <div class=\"wp-block-image\"> <figure class=\"aligncenter size-full\"><img loading=\"lazy\" decoding=\"async\" width=\"720\" height=\"540\" src=\"https:\/\/maizemachine.com\/wp-content\/uploads\/2023\/05\/Clean-corn-kernels.webp\" alt=\"H\u1ea1t ng\u00f4 s\u1ea1ch\" class=\"wp-image-612\" title=\"\" srcset=\"https:\/\/maizemachine.com\/wp-content\/uploads\/2023\/05\/Clean-corn-kernels.webp 720w, https:\/\/maizemachine.com\/wp-content\/uploads\/2023\/05\/Clean-corn-kernels-300x225.webp 300w, https:\/\/maizemachine.com\/wp-content\/uploads\/2023\/05\/Clean-corn-kernels-16x12.webp 16w\" sizes=\"auto, (max-width: 720px) 100vw, 720px\" \/><figcaption class=\"wp-element-caption\">H\u1ea1t ng\u00f4 s\u1ea1ch<\/figcaption><\/figure> <\/div>   <h2 class=\"wp-block-heading\">Mua m\u00e1y t\u00e1ch v\u1ecf ng\u00f4 \u0111i\u1ec7n \u1edf \u0111\u00e2u?<\/h2>    <p>B\u1ea1n c\u00f3 th\u1ec3 mua m\u00e1y t\u00e1ch v\u1ecf ng\u00f4 tr\u1ef1c tuy\u1ebfn ho\u1eb7c t\u1ea1i c\u1eeda h\u00e0ng m\u00e1y m\u00f3c n\u00f4ng nghi\u1ec7p \u0111\u1ecba ph\u01b0\u01a1ng. C\u00f3 nhi\u1ec1u m\u1eabu m\u00e1y tu\u1ed1t ng\u00f4 \u0111a d\u1ee5ng c\u00f3 s\u1eb5n tr\u1ef1c tuy\u1ebfn, v\u00e0 b\u1ea1n c\u00f3 th\u1ec3 ch\u1ecdn m\u00e1y ph\u00f9 h\u1ee3p v\u1edbi nhu c\u1ea7u v\u00e0 ng\u00e2n s\u00e1ch. Mua tr\u1ef1c tuy\u1ebfn cho ph\u00e9p b\u1ea1n so s\u00e1nh gi\u00e1 c\u1ea3 v\u00e0 t\u00ednh n\u0103ng c\u1ee7a c\u00e1c s\u1ea3n ph\u1ea9m kh\u00e1c nhau, \u0111i\u1ec1u n\u00e0y s\u1ebd gi\u00fap b\u1ea1n t\u00ecm \u0111\u01b0\u1ee3c s\u1ea3n ph\u1ea9m t\u1ed1t nh\u1ea5t. Ngo\u00e0i ra, mua tr\u1ef1c tuy\u1ebfn c\u00f3 th\u1ec3 ti\u1ebft ki\u1ec7m th\u1eddi gian v\u00e0 c\u00f4ng s\u1ee9c; b\u1ea1n kh\u00f4ng ph\u1ea3i \u0111\u1ebfn c\u1eeda h\u00e0ng th\u1ef1c t\u1ebf \u0111\u1ec3 xem h\u00e0ng.<\/p>    <p class=\"translation-block\"><strong><a href=\"https:\/\/maizemachine.com\/vi\/\">Taizy<\/a><\/strong> cung c\u1ea5p nhi\u1ec1u m\u1eabu m\u00e1y tu\u1ed1t ng\u00f4 v\u00e0 c\u00f3 th\u1ec3 t\u01b0 v\u1ea5n l\u1ef1a ch\u1ecdn ph\u00f9 h\u1ee3p d\u1ef1a tr\u00ean nhu c\u1ea7u s\u1ea3n xu\u1ea5t th\u1ef1c t\u1ebf c\u1ee7a b\u1ea1n \u0111\u1ec3 \u0111\u1ea3m b\u1ea3o gi\u00e1 tr\u1ecb t\u1ed1t nh\u1ea5t. B\u00ean c\u1ea1nh \u0111\u00f3, Taizy c\u0169ng cung c\u1ea5p m\u00e1y ch\u1ebf bi\u1ebfn s\u00e2u ng\u00f4, nh\u01b0 m\u00e1y nghi\u1ec1n th\u1ee9c \u0103n ng\u00f4 v\u00e0 m\u00e1y thu ho\u1ea1ch ng\u00f4. Ch\u00fang t\u00f4i cung c\u1ea5p d\u1ecbch v\u1ee5 h\u1eadu m\u00e3i tuy\u1ec7t v\u1eddi \u2014 n\u1ebfu c\u00f3 s\u1ef1 c\u1ed1 trong v\u00f2ng m\u1ed9t n\u0103m, b\u1ea1n c\u00f3 th\u1ec3 li\u00ean h\u1ec7 b\u1ea5t c\u1ee9 l\u00fac n\u00e0o \u0111\u1ec3 b\u1ea3o v\u1ec7 quy\u1ec1n l\u1ee3i. R\u1ea5t hoan ngh\u00eanh b\u1ea1n li\u00ean h\u1ec7 \u0111\u1ec3 bi\u1ebft th\u00eam th\u00f4ng tin.<\/p>   <div class=\"wp-block-image\"> <figure class=\"aligncenter size-full\"><img loading=\"lazy\" decoding=\"async\" width=\"720\" height=\"540\" src=\"http:\/\/maizemachine.com\/wp-content\/uploads\/2023\/03\/our-stock.webp\" alt=\"h\u00e0ng t\u1ed3n kho c\u1ee7a ch\u00fang t\u00f4i\" class=\"wp-image-283\" title=\"\" srcset=\"https:\/\/maizemachine.com\/wp-content\/uploads\/2023\/03\/our-stock.webp 720w, https:\/\/maizemachine.com\/wp-content\/uploads\/2023\/03\/our-stock-300x225.webp 300w\" sizes=\"auto, (max-width: 720px) 100vw, 720px\" \/><figcaption class=\"wp-element-caption\">h\u00e0ng t\u1ed3n kho c\u1ee7a ch\u00fang t\u00f4i<\/figcaption><\/figure> <\/div>   <h2 class=\"wp-block-heading\">Ca\u0301ch th\u01b0\u0323c hi\u00ea\u0323n tha\u0300nh c\u00f4ng<\/h2>    <p class=\"translation-block\">B\u1edfi v\u00ec m\u00e1y tu\u1ed1t ng\u00f4 \u0111a ch\u1ee9c n\u0103ng n\u00e0y c\u00f3 \u01b0u \u0111i\u1ec3m l\u00e0 hi\u1ec7u qu\u1ea3 tu\u1ed1t t\u1ed1t v\u00e0 ph\u1ea1m vi \u1ee9ng d\u1ee5ng r\u1ed9ng, kh\u00e1ch h\u00e0ng t\u1eeb nhi\u1ec1u qu\u1ed1c gia \u0111\u00e3 mua m\u00e1y n\u00e0y t\u1eeb c\u00f4ng ty ch\u00fang t\u00f4i. C\u00e1c n\u01b0\u1edbc xu\u1ea5t kh\u1ea9u ch\u1ee7 y\u1ebfu bao g\u1ed3m Hoa K\u1ef3, <strong><a href=\"https:\/\/maizemachine.com\/vi\/Info\/corn-sheller-machine-for-sale-in-ghana\/\">Ghana<\/a><\/strong>, Nigeria, Th\u00e1i Lan, Botswana, Uganda, Bangladesh v\u00e0 c\u00e1c n\u01b0\u1edbc kh\u00e1c. N\u1ebfu b\u1ea1n c\u1ea7n m\u1ed9t m\u00e1y tu\u1ed1t ng\u00f4 \u0111\u1ec3 h\u1ed7 tr\u1ee3, xin vui l\u00f2ng li\u00ean h\u1ec7 v\u1edbi ch\u00fang t\u00f4i.<\/p>   <div class=\"wp-block-image\"> <figure class=\"aligncenter size-full\"><img loading=\"lazy\" decoding=\"async\" width=\"720\" height=\"540\" src=\"https:\/\/maizemachine.com\/wp-content\/uploads\/2023\/03\/delivery-chart.webp\" alt=\"M\u00e1y tu\u1ed1t ng\u00f4 \u0111\u01b0\u1ee3c g\u1eedi \u0111\u1ebfn Nigeria\" class=\"wp-image-279\" title=\"\" srcset=\"https:\/\/maizemachine.com\/wp-content\/uploads\/2023\/03\/delivery-chart.webp 720w, https:\/\/maizemachine.com\/wp-content\/uploads\/2023\/03\/delivery-chart-300x225.webp 300w\" sizes=\"auto, (max-width: 720px) 100vw, 720px\" \/><figcaption class=\"wp-element-caption\">M\u00e1y tu\u1ed1t ng\u00f4 \u0111\u01b0\u1ee3c g\u1eedi \u0111\u1ebfn Nigeria<\/figcaption><\/figure> <\/div>","protected":false},"excerpt":{"rendered":"<p>The multifunctional maize thresher machine is a machine for threshing maize, soybeans, sorghum, broad beans, rice, and other crops. Users only need to replace the screen to achieve the threshing of different crops. This maize thresher machine can process 2\u20134 tons of corn per hour, 1\u20132 tons of sorghum or millet, and 0.5\u20130.8 tons of [&hellip;]<\/p>\n","protected":false},"author":1,"featured_media":281,"parent":0,"template":"","tags":[14],"product-type":[9],"class_list":["post-278","product","type-product","status-publish","has-post-thumbnail","hentry","tag-corn-sheller","product-type-corn-sheller-machine"],"_links":{"self":[{"href":"https:\/\/maizemachine.com\/vi\/wp-json\/wp\/v2\/product\/278","targetHints":{"allow":["GET"]}}],"collection":[{"href":"https:\/\/maizemachine.com\/vi\/wp-json\/wp\/v2\/product"}],"about":[{"href":"https:\/\/maizemachine.com\/vi\/wp-json\/wp\/v2\/types\/product"}],"author":[{"embeddable":true,"href":"https:\/\/maizemachine.com\/vi\/wp-json\/wp\/v2\/users\/1"}],"wp:featuredmedia":[{"embeddable":true,"href":"https:\/\/maizemachine.com\/vi\/wp-json\/wp\/v2\/media\/281"}],"wp:attachment":[{"href":"https:\/\/maizemachine.com\/vi\/wp-json\/wp\/v2\/media?parent=278"}],"wp:term":[{"taxonomy":"post_tag","embeddable":true,"href":"https:\/\/maizemachine.com\/vi\/wp-json\/wp\/v2\/tags?post=278"},{"taxonomy":"product-type","embeddable":true,"href":"https:\/\/maizemachine.com\/vi\/wp-json\/wp\/v2\/product-type?post=278"}],"curies":[{"name":"wp","href":"https:\/\/api.w.org\/{rel}","templated":true}]}}