{"id":268,"date":"2023-02-17T17:06:49","date_gmt":"2023-02-17T09:06:49","guid":{"rendered":"https:\/\/maizemachine.com\/?post_type=product&#038;p=268"},"modified":"2026-04-10T14:41:33","modified_gmt":"2026-04-10T06:41:33","slug":"corn-silage-harvester","status":"publish","type":"product","link":"https:\/\/maizemachine.com\/vi\/product\/corn-silage-harvester\/","title":{"rendered":"M\u00e1y thu ho\u1ea1ch th\u1ee9c \u0103n ng\u00f4 | M\u00e1y thu ho\u1ea1ch r\u01a1m"},"content":{"rendered":"<p>M\u00e1y thu ho\u1ea1ch ng\u00f4 \u1ee7 chua t\u1ef1 h\u00e0nh Taizy l\u00e0 m\u1ed9t m\u00e1y n\u00f4ng nghi\u1ec7p hi\u1ec7u su\u1ea5t cao \u0111\u01b0\u1ee3c thi\u1ebft k\u1ebf \u0111\u1eb7c bi\u1ec7t \u0111\u1ec3 thu ho\u1ea1ch th\u1ee9c \u0103n \u1ee7 chua. M\u00e1y ho\u1ea1t \u0111\u1ed9ng b\u1eb1ng c\u00e1ch s\u1eed d\u1ee5ng c\u00e1c l\u01b0\u1ee1i c\u1eaft b\u00ean trong \u0111\u1ec3 b\u0103m nh\u1ecf th\u00e2n ng\u00f4.<\/p>   <div class=\"wp-block-image\"> <figure class=\"aligncenter size-full\"><img loading=\"lazy\" decoding=\"async\" width=\"720\" height=\"540\" src=\"https:\/\/maizemachine.com\/wp-content\/uploads\/2023\/02\/\u5fae\u4fe1\u56fe\u7247_202506061639571.webp\" alt=\"M\u00e1y thu ho\u1ea1ch silage ng\u00f4\" class=\"wp-image-591\" title=\"\" srcset=\"https:\/\/maizemachine.com\/wp-content\/uploads\/2023\/02\/\u5fae\u4fe1\u56fe\u7247_202506061639571.webp 720w, https:\/\/maizemachine.com\/wp-content\/uploads\/2023\/02\/\u5fae\u4fe1\u56fe\u7247_202506061639571-300x225.webp 300w, https:\/\/maizemachine.com\/wp-content\/uploads\/2023\/02\/\u5fae\u4fe1\u56fe\u7247_202506061639571-16x12.webp 16w\" sizes=\"auto, (max-width: 720px) 100vw, 720px\" \/><figcaption class=\"wp-element-caption\">M\u00e1y thu ho\u1ea1ch silage ng\u00f4<\/figcaption><\/figure> <\/div>   <p class=\"translation-block\">Model n\u00e0y kh\u00f4ng ch\u1ec9 ph\u00f9 h\u1ee3p \u0111\u1ec3 thu ho\u1ea1ch th\u1ee9c \u0103n gia s\u00fac t\u1eeb ng\u00f4 m\u00e0 c\u00f2n \u0111\u1ec3 c\u1eaft v\u00e0 b\u0103m c\u00e1c lo\u1ea1i c\u00e2y tr\u1ed3ng nh\u01b0 <strong>l\u00faa mi\u1ebfn v\u00e0 c\u1ecf th\u1ee9c \u0103n gia s\u00fac, ho\u00e0n th\u00e0nh vi\u1ec7c thu ho\u1ea1ch, b\u0103m v\u00e0 ch\u1ea5t t\u1ea3i trong m\u1ed9t l\u1ea7n ch\u1ea1y.<\/strong><\/p>   <div class=\"wp-block-image\"> <figure class=\"aligncenter size-full\"><img loading=\"lazy\" decoding=\"async\" width=\"720\" height=\"540\" src=\"https:\/\/maizemachine.com\/wp-content\/uploads\/2023\/02\/Corn-Silage-harvested-by-the-Corn-Silage-Harvester.webp\" alt=\"Ng\u00f4 \u1ee7 chua \u0111\u01b0\u1ee3c thu ho\u1ea1ch b\u1edfi m\u00e1y thu ho\u1ea1ch ng\u00f4 \u1ee7 chua\" class=\"wp-image-583\" title=\"\" srcset=\"https:\/\/maizemachine.com\/wp-content\/uploads\/2023\/02\/Corn-Silage-harvested-by-the-Corn-Silage-Harvester.webp 720w, https:\/\/maizemachine.com\/wp-content\/uploads\/2023\/02\/Corn-Silage-harvested-by-the-Corn-Silage-Harvester-300x225.webp 300w, https:\/\/maizemachine.com\/wp-content\/uploads\/2023\/02\/Corn-Silage-harvested-by-the-Corn-Silage-Harvester-16x12.webp 16w\" sizes=\"auto, (max-width: 720px) 100vw, 720px\" \/><figcaption class=\"wp-element-caption\">Ng\u00f4 \u1ee7 chua \u0111\u01b0\u1ee3c thu ho\u1ea1ch b\u1edfi m\u00e1y thu ho\u1ea1ch ng\u00f4 \u1ee7 chua<\/figcaption><\/figure> <\/div>   <p class=\"translation-block\">M\u00e1y c\u00f3 thi\u1ebft k\u1ebf h\u1ee3p l\u00fd v\u00e0 v\u1eadn h\u00e0nh d\u1ec5 d\u00e0ng, \u0111\u01b0\u1ee3c trang b\u1ecb \u0111\u1ed9ng c\u01a1 <strong><em>150~180HP<\/em><\/strong> cho s\u1ee9c m\u1ea1nh v\u01b0\u1ee3t tr\u1ed9i, c\u1ea3i thi\u1ec7n \u0111\u00e1ng k\u1ec3 hi\u1ec7u qu\u1ea3 thu ho\u1ea1ch th\u1ee9c \u0103n. M\u00e1y s\u1eed d\u1ee5ng h\u1ec7 d\u1eabn \u0111\u1ed9ng th\u1ee7y l\u1ef1c cho c\u00f4ng su\u1ea5t \u1ed5n \u0111\u1ecbnh, v\u1eadn h\u00e0nh linh ho\u1ea1t v\u00e0 \u0111i\u1ec1u khi\u1ec3n \u0111a ch\u1ee9c n\u0103ng, gi\u00fap v\u1eadn h\u00e0nh \u0111\u01a1n gi\u1ea3n.<\/p>    <p>D\u00f2ng m\u00e1y thu ho\u1ea1ch n\u00e0y c\u00f3 c\u1ea3 phi\u00ean b\u1ea3n b\u00e1nh l\u1ed1p v\u00e0 b\u00e1nh x\u00edch, ph\u00f9 h\u1ee3p v\u1edbi \u0111\u1ed3ng b\u1eb1ng, \u0111\u1ed3i n\u00fai, n\u00fai non v\u00e0 th\u1eadm ch\u00ed c\u1ea3 \u0111\u1ecba h\u00ecnh r\u1eebng m\u01b0a nhi\u1ec7t \u0111\u1edbi.<\/p>    <h2 class=\"wp-block-heading\">C\u00e1c lo\u1ea1i m\u00e1y thu ho\u1ea1ch ng\u00f4 \u1ee7 chua<\/h2>    <h3 class=\"wp-block-heading\">B\u00e1nh xe<\/h3>   <div class=\"wp-block-image\"> <figure class=\"aligncenter size-full\"><img loading=\"lazy\" decoding=\"async\" width=\"720\" height=\"540\" src=\"https:\/\/maizemachine.com\/wp-content\/uploads\/2023\/02\/Wheeled-Corn-Silage-Harvester.webp\" alt=\"M\u00e1y thu ho\u1ea1ch silage ng\u00f4 b\u00e1nh xe\" class=\"wp-image-586\" title=\"\" srcset=\"https:\/\/maizemachine.com\/wp-content\/uploads\/2023\/02\/Wheeled-Corn-Silage-Harvester.webp 720w, https:\/\/maizemachine.com\/wp-content\/uploads\/2023\/02\/Wheeled-Corn-Silage-Harvester-300x225.webp 300w, https:\/\/maizemachine.com\/wp-content\/uploads\/2023\/02\/Wheeled-Corn-Silage-Harvester-16x12.webp 16w\" sizes=\"auto, (max-width: 720px) 100vw, 720px\" \/><figcaption class=\"wp-element-caption\">M\u00e1y thu ho\u1ea1ch silage ng\u00f4 b\u00e1nh xe<\/figcaption><\/figure> <\/div>   <h4 class=\"wp-block-heading\">Video c\u00f4ng vi\u1ec7c<\/h4>    <figure class=\"wp-block-embed is-type-video is-provider-youtube wp-block-embed-youtube wp-embed-aspect-16-9 wp-has-aspect-ratio\"><div class=\"wp-block-embed__wrapper\"> <iframe loading=\"lazy\" title=\"M\u00e1y thu ho\u1ea1ch b\u00e1nh xe th\u1ee9c \u0103n m\u1ea1nh m\u1ebd v\u00e0 hi\u1ec7u qu\u1ea3#ch\u1ebfbi\u1ebfnng\u00f4 #m\u00e1ythuho\u1ea1chth\u1ee9c\u0103n\" width=\"500\" height=\"281\" src=\"https:\/\/www.youtube.com\/embed\/TK86cFNdZvg?feature=oembed\" frameborder=\"0\" allow=\"accelerometer; autoplay; clipboard-write; encrypted-media; gyroscope; picture-in-picture; web-share\" referrerpolicy=\"strict-origin-when-cross-origin\" allowfullscreen><\/iframe> <\/div><\/figure>    <h3 class=\"wp-block-heading\">X\u00edch<\/h3>   <div class=\"wp-block-image\"> <figure class=\"aligncenter size-full\"><img loading=\"lazy\" decoding=\"async\" width=\"720\" height=\"540\" src=\"https:\/\/maizemachine.com\/wp-content\/uploads\/2023\/02\/Tracked-Corn-Silage-Harvester.webp\" alt=\"M\u00e1y thu ho\u1ea1ch silage ng\u00f4 x\u00edch\" class=\"wp-image-585\" title=\"\" srcset=\"https:\/\/maizemachine.com\/wp-content\/uploads\/2023\/02\/Tracked-Corn-Silage-Harvester.webp 720w, https:\/\/maizemachine.com\/wp-content\/uploads\/2023\/02\/Tracked-Corn-Silage-Harvester-300x225.webp 300w, https:\/\/maizemachine.com\/wp-content\/uploads\/2023\/02\/Tracked-Corn-Silage-Harvester-16x12.webp 16w\" sizes=\"auto, (max-width: 720px) 100vw, 720px\" \/><figcaption class=\"wp-element-caption\">M\u00e1y thu ho\u1ea1ch silage ng\u00f4 x\u00edch<\/figcaption><\/figure> <\/div>   <h4 class=\"wp-block-heading\">Video c\u00f4ng vi\u1ec7c<\/h4>    <figure class=\"wp-block-embed is-type-video is-provider-youtube wp-block-embed-youtube wp-embed-aspect-16-9 wp-has-aspect-ratio\"><div class=\"wp-block-embed__wrapper\"> <iframe loading=\"lazy\" title=\"M\u00e1y thu ho\u1ea1ch th\u1ee9c \u0103n ch\u0103n nu\u00f4i c\u00f3 b\u00e1nh x\u00edch \u1ee9ng d\u1ee5ng r\u1ed9ng r\u00e3i#track #forage #harvestingmachine #maize\" width=\"500\" height=\"281\" src=\"https:\/\/www.youtube.com\/embed\/DpGntjFa_qk?feature=oembed\" frameborder=\"0\" allow=\"accelerometer; autoplay; clipboard-write; encrypted-media; gyroscope; picture-in-picture; web-share\" referrerpolicy=\"strict-origin-when-cross-origin\" allowfullscreen><\/iframe> <\/div><\/figure>    <h2 class=\"wp-block-heading\">C\u1ea5u tr\u00fac c\u1ee7a m\u00e1y thu ho\u1ea1ch silage ng\u00f4<\/h2>    <p class=\"translation-block\">M\u00e1y thu ho\u1ea1ch ng\u00f4 \u1ee7 chua t\u1ef1 h\u00e0nh ch\u1ee7 y\u1ebfu bao g\u1ed3m <strong>h\u1ec7 th\u1ed1ng \u0111\u1ea7u c\u1eaft,<\/strong> <strong>h\u1ec7 th\u1ed1ng v\u1eadn chuy\u1ec3n<\/strong>, <strong>h\u1ec7 th\u1ed1ng b\u0103m<\/strong>, <strong>h\u1ec7 th\u1ed1ng thu gom\/n\u00e2ng<\/strong>, <strong>h\u1ec7 th\u1ed1ng n\u0103ng l\u01b0\u1ee3ng<\/strong> (\u0111\u1ed9ng c\u01a1 + h\u1ec7 th\u1ed1ng th\u1ee7y l\u1ef1c) v\u00e0 h\u1ec7 th\u1ed1ng \u0111i\u1ec1u khi\u1ec3n l\u00e1i. T\u1ea5t c\u1ea3 c\u00e1c b\u1ed9 ph\u1eadn ph\u1ed1i h\u1ee3p v\u1edbi nhau \u0111\u1ec3 thu ho\u1ea1ch, b\u0103m v\u00e0 v\u1eadn chuy\u1ec3n ng\u00f4 \u1ee7 chua m\u1ed9t c\u00e1ch hi\u1ec7u qu\u1ea3.<\/p>   <div class=\"wp-block-image\"> <figure class=\"aligncenter size-full\"><img loading=\"lazy\" decoding=\"async\" width=\"720\" height=\"540\" src=\"https:\/\/maizemachine.com\/wp-content\/uploads\/2023\/02\/3D-Diagram.webp\" alt=\"S\u01a1 \u0111\u1ed3 3D\" class=\"wp-image-582\" title=\"\" srcset=\"https:\/\/maizemachine.com\/wp-content\/uploads\/2023\/02\/3D-Diagram.webp 720w, https:\/\/maizemachine.com\/wp-content\/uploads\/2023\/02\/3D-Diagram-300x225.webp 300w, https:\/\/maizemachine.com\/wp-content\/uploads\/2023\/02\/3D-Diagram-16x12.webp 16w\" sizes=\"auto, (max-width: 720px) 100vw, 720px\" \/><figcaption class=\"wp-element-caption\">S\u01a1 \u0111\u1ed3 3D<\/figcaption><\/figure> <\/div>   <h2 class=\"wp-block-heading\">Nguy\u00ean l\u00fd ho\u1ea1t \u0111\u1ed9ng c\u1ee7a m\u00e1y thu ho\u1ea1ch ng\u00f4 \u1ee7 chua<\/h2>    <ul class=\"wp-block-list\"> <li>Thu ho\u1ea1ch b\u1eb1ng \u0111\u1ea7u c\u1eaft: \u0110\u1ea7u c\u1eaft ph\u00eda tr\u01b0\u1edbc c\u1eaft th\u00e2n ng\u00f4 v\u00e0 \u0111\u01b0a to\u00e0n b\u1ed9 c\u00e2y v\u00e0o m\u00e1y.<\/li>    <li>V\u1eadn chuy\u1ec3n: Ng\u00f4 \u0111\u00e3 thu ho\u1ea1ch \u0111\u01b0\u1ee3c v\u1eadn chuy\u1ec3n v\u00e0o h\u1ec7 th\u1ed1ng b\u0103m b\u1eb1ng d\u00e2y chuy\u1ec1n t\u1ea3i ho\u1eb7c tr\u1ee5c v\u00edt.<\/li>    <li>B\u0103m: Dao quay ho\u1eb7c tr\u1ee5c b\u0103m c\u1eaft th\u00e2n ng\u00f4 v\u00e0 l\u00f5i ng\u00f4 th\u00e0nh c\u00e1c mi\u1ebfng \u0111\u1ed3ng \u0111\u1ec1u.<\/li>    <li>N\u00e2ng &amp; X\u1ea3: Th\u1ee9c \u0103n \u1ee7 chua \u0111\u00e3 b\u0103m \u0111\u01b0\u1ee3c n\u00e2ng l\u00ean v\u00e0 x\u1ea3 v\u00e0o r\u01a1 mo\u00f3c ho\u1eb7c th\u00f9ng ch\u1ee9a th\u00f4ng qua b\u1ed9 ph\u1eadn n\u00e2ng ho\u1eb7c b\u0103ng t\u1ea3i.<\/li>    <li>Ngu\u1ed3n \u0111i\u1ec7n &amp; \u0110i\u1ec1u khi\u1ec3n: \u0110\u1ed9ng c\u01a1 cung c\u1ea5p n\u0103ng l\u01b0\u1ee3ng, trong khi h\u1ec7 th\u1ed1ng th\u1ee7y l\u1ef1c \u0111i\u1ec1u khi\u1ec3n chi\u1ec1u cao \u0111\u1ea7u c\u1eaft, t\u1ed1c \u0111\u1ed9 b\u0103ng t\u1ea3i v\u00e0 ho\u1ea1t \u0111\u1ed9ng b\u0103m.<\/li> <\/ul>   <div class=\"wp-block-image\"> <figure class=\"aligncenter size-full\"><img loading=\"lazy\" decoding=\"async\" width=\"720\" height=\"540\" src=\"https:\/\/maizemachine.com\/wp-content\/uploads\/2023\/02\/\u751f\u6210\u6536\u83b7\u673a\u7ed3\u6784\u56fe-3.webp\" alt=\"M\u00e1y thu ho\u1ea1ch r\u01a1m\" class=\"wp-image-588\" title=\"\" srcset=\"https:\/\/maizemachine.com\/wp-content\/uploads\/2023\/02\/\u751f\u6210\u6536\u83b7\u673a\u7ed3\u6784\u56fe-3.webp 720w, https:\/\/maizemachine.com\/wp-content\/uploads\/2023\/02\/\u751f\u6210\u6536\u83b7\u673a\u7ed3\u6784\u56fe-3-300x225.webp 300w, https:\/\/maizemachine.com\/wp-content\/uploads\/2023\/02\/\u751f\u6210\u6536\u83b7\u673a\u7ed3\u6784\u56fe-3-16x12.webp 16w\" sizes=\"auto, (max-width: 720px) 100vw, 720px\" \/><figcaption class=\"wp-element-caption\">M\u00e1y thu ho\u1ea1ch r\u01a1m<\/figcaption><\/figure> <\/div>   <h2 class=\"wp-block-heading\">M\u00e1y thu ho\u1ea1ch th\u1ee9c \u0103n ng\u00f4 \u0111\u1ec3 b\u00e1n<\/h2>    <p>Ch\u00fang t\u00f4i cung c\u1ea5p hai m\u1eabu m\u00e1y thu ho\u1ea1ch ng\u00f4 l\u00e0m th\u1ee9c \u0103n gia s\u00fac: TZ-1400 v\u00e0 TZ-1800<\/p>    <h3 class=\"wp-block-heading\">TZ-1400<\/h3>    <figure class=\"wp-block-table\"><table class=\"has-fixed-layout\"><thead><tr><th><strong>Th\u00f4ng s\u1ed1<\/strong><\/th><th><strong>Th\u00f4ng s\u1ed1 k\u1ef9 thu\u1eadt<\/strong><\/th><\/tr><\/thead><tbody><tr><td><strong>M\u00f4 h\u00ecnh<\/strong><\/td><td>TZ-1400<\/td><\/tr><tr><td><strong>Lo\u1ea1i<\/strong><\/td><td>B\u00e1nh xe<\/td><\/tr><tr><td><strong>C\u00f4ng su\u1ea5t \u0111\u1ed9ng c\u01a1<\/strong><\/td><td>\u2265140 HP \u0110\u1ed9ng c\u01a1 Diesel<\/td><\/tr><tr><td><strong>H\u00e0ng<\/strong><\/td><td>H\u00e0ng \u0111\u01a1n<\/td><\/tr><tr><td><strong>Chi\u1ec1u r\u1ed9ng c\u1eaft<\/strong><\/td><td>1400 mm<\/td><\/tr><tr><td><strong>Chi\u1ec1u d\u00e0i c\u1eaft<\/strong><\/td><td>12\u201322 mm (c\u00f3 th\u1ec3 \u0111i\u1ec1u ch\u1ec9nh)<\/td><\/tr><tr><td><strong>Hi\u1ec7u su\u1ea5t l\u00e0m vi\u1ec7c<\/strong><\/td><td>4\u20136 mu\/gi\u1edd<\/td><\/tr><tr><td><strong>Chi\u1ec1u cao x\u1ea3<\/strong><\/td><td>3\u20135 m<\/td><\/tr><tr><td><strong>K\u00edch th\u01b0\u1edbc l\u1ed1p<\/strong><\/td><td>Tr\u01b0\u1edbc: 14.9-28 \/ Sau: 10.0-75-15<\/td><\/tr><tr><td><strong>Ti\u00eau th\u1ee5 nhi\u00ean li\u1ec7u<\/strong><\/td><td>12\u201316 L\/gi\u1edd<\/td><\/tr><tr><td><strong>\u0110\u1ecba h\u00ecnh ph\u00f9 h\u1ee3p<\/strong><\/td><td>\u0110\u1ed3ng b\u1eb1ng, \u0111\u1ea5t n\u00f4ng nghi\u1ec7p c\u1ee9ng, c\u00e1nh \u0111\u1ed3ng v\u00e0 v\u1eadn chuy\u1ec3n \u0111\u01b0\u1eddng b\u1ed9<\/td><\/tr><\/tbody><\/table><\/figure>    <h3 class=\"wp-block-heading\">TZ-1800<\/h3>    <figure class=\"wp-block-table\"><table class=\"has-fixed-layout\"><thead><tr><th><strong>Th\u00f4ng s\u1ed1<\/strong><\/th><th><strong>Th\u00f4ng s\u1ed1 k\u1ef9 thu\u1eadt<\/strong><\/th><\/tr><\/thead><tbody><tr><td><strong>M\u00f4 h\u00ecnh<\/strong><\/td><td>TZ-1800<\/td><\/tr><tr><td><strong>Lo\u1ea1i<\/strong><\/td><td>X\u00edch<\/td><\/tr><tr><td><strong>C\u00f4ng su\u1ea5t \u0111\u1ed9ng c\u01a1<\/strong><\/td><td>\u2265180 HP \u0110\u1ed9ng c\u01a1 Diesel<\/td><\/tr><tr><td><strong>H\u00e0ng<\/strong><\/td><td>H\u00e0ng \u0111\u01a1n<\/td><\/tr><tr><td><strong>Chi\u1ec1u r\u1ed9ng c\u1eaft<\/strong><\/td><td>1800 mm<\/td><\/tr><tr><td><strong>Chi\u1ec1u d\u00e0i c\u1eaft<\/strong><\/td><td>12\u201322 mm (c\u00f3 th\u1ec3 \u0111i\u1ec1u ch\u1ec9nh)<\/td><\/tr><tr><td><strong>Hi\u1ec7u su\u1ea5t l\u00e0m vi\u1ec7c<\/strong><\/td><td>5\u20138 mu\/gi\u1edd<\/td><\/tr><tr><td><strong>Chi\u1ec1u cao x\u1ea3<\/strong><\/td><td>3\u20135 m<\/td><\/tr><tr><td><strong>K\u00edch th\u01b0\u1edbc x\u00edch<\/strong><\/td><td>450 mm B\u00e1nh x\u00edch cao su<\/td><\/tr><tr><td><strong>Ti\u00eau th\u1ee5 nhi\u00ean li\u1ec7u<\/strong><\/td><td>14\u201318 L\/gi\u1edd<\/td><\/tr><tr><td><strong>\u0110\u1ecba h\u00ecnh ph\u00f9 h\u1ee3p<\/strong><\/td><td>\u0110\u1ed3i n\u00fai, \u0111\u1ea5t m\u1ec1m, v\u00f9ng ng\u1eadp n\u01b0\u1edbc v\u00e0 \u0111\u1ea5t n\u00f4ng nghi\u1ec7p mi\u1ec1n n\u00fai<\/td><\/tr><\/tbody><\/table><\/figure>    <p class=\"translation-block\"><strong><em>C\u1ea3 hai m\u1eabu m\u00e1y thu ho\u1ea1ch ng\u00f4 l\u00e0m th\u1ee9c \u0103n gia s\u00fac \u0111\u1ec1u c\u00f3 th\u1ec3 thu ho\u1ea1ch c\u00e2y tr\u1ed3ng cao t\u1edbi 2\u20133 m\u00e9t.<\/em><\/strong><\/p>    <p class=\"translation-block\">Ngo\u00e0i ra, ch\u00fang t\u00f4i c\u00f2n c\u00f3 c\u00e1c lo\u1ea1i m\u00e1y ch\u1ebf bi\u1ebfn ng\u00f4 nh\u01b0 <a href=\"https:\/\/maizemachine.com\/vi\/product\/2-row-corn-picker\/\">m\u00e1y g\u1eb7t \u0111\u1eadp li\u00ean h\u1ee3p ng\u00f4<\/a> v\u00e0 nhi\u1ec1u lo\u1ea1i <a href=\"https:\/\/maizemachine.com\/vi\/product\/corn-mill-grinder\/\">m\u00e1y nghi\u1ec1n ng\u00f4<\/a> \u0111ang b\u00e1n.<\/p>   <div class=\"wp-block-image\"> <figure class=\"aligncenter size-full\"><img loading=\"lazy\" decoding=\"async\" width=\"720\" height=\"540\" src=\"https:\/\/maizemachine.com\/wp-content\/uploads\/2023\/02\/\u751f\u6210\u6536\u83b7\u673a\u7ed3\u6784\u56fe-2.webp\" alt=\"M\u00e1y g\u1eb7t r\u01a1m ng\u00f4 t\u1ed1t nh\u1ea5t cho n\u00f4ng tr\u1ea1i nh\u1ecf\" class=\"wp-image-587\" title=\"\" srcset=\"https:\/\/maizemachine.com\/wp-content\/uploads\/2023\/02\/\u751f\u6210\u6536\u83b7\u673a\u7ed3\u6784\u56fe-2.webp 720w, https:\/\/maizemachine.com\/wp-content\/uploads\/2023\/02\/\u751f\u6210\u6536\u83b7\u673a\u7ed3\u6784\u56fe-2-300x225.webp 300w, https:\/\/maizemachine.com\/wp-content\/uploads\/2023\/02\/\u751f\u6210\u6536\u83b7\u673a\u7ed3\u6784\u56fe-2-16x12.webp 16w\" sizes=\"auto, (max-width: 720px) 100vw, 720px\" \/><figcaption class=\"wp-element-caption\">M\u00e1y g\u1eb7t r\u01a1m ng\u00f4 t\u1ed1t nh\u1ea5t cho n\u00f4ng tr\u1ea1i nh\u1ecf<\/figcaption><\/figure> <\/div>   <h2 class=\"wp-block-heading\">C\u00e1c t\u00ednh n\u0103ng c\u1ee7a m\u00e1y thu ho\u1ea1ch r\u01a1m ng\u00f4<\/h2>    <ol class=\"wp-block-list\"> <li>\u0110a ch\u1ee9c n\u0103ng. M\u00e1y thu ho\u1ea1ch ng\u00f4 \u1ee7 chua l\u00e0 m\u1ed9t m\u00e1y t\u00edch h\u1ee3p thu ho\u1ea1ch, c\u1eaft, nghi\u1ec1n v\u00e0 thu gom. N\u00f3 th\u1ef1c s\u1ef1 \u0111\u1ea1t \u0111\u01b0\u1ee3c m\u1ed9t m\u00e1y v\u1edbi nhi\u1ec1u ch\u1ee9c n\u0103ng.<\/li>    <li>Ph\u01b0\u01a1ng ph\u00e1p v\u1eadn h\u00e0nh r\u1ea5t \u0111\u01a1n gi\u1ea3n. Ch\u1ec9 c\u1ea7n m\u1ed9t ng\u01b0\u1eddi l\u00e1i m\u00e1y k\u00e9o.<\/li>    <li>R\u01a1m r\u1ea1, sau khi \u0111\u01b0\u1ee3c c\u1eaft v\u00e0 nghi\u1ec1n b\u1edfi m\u00e1y thu ho\u1ea1ch ng\u00f4 \u1ee7 chua, c\u00f3 th\u1ec3 \u0111\u01b0\u1ee3c t\u00e1i ch\u1ebf tr\u1ef1c ti\u1ebfp.<\/li>    <li>M\u1ee9c \u0111\u1ed9 t\u1ef1 \u0111\u1ed9ng h\u00f3a cao. Thi\u1ebft b\u1ecb th\u1ee7y l\u1ef1c c\u00f3 th\u1ec3 d\u1ec5 d\u00e0ng x\u1ea3 r\u01a1m ng\u00f4 \u0111\u00e3 nghi\u1ec1n.<\/li>    <li>Thi\u1ebft b\u1ecb truy\u1ec1n \u0111\u1ed9ng th\u1ee7y l\u1ef1c c\u00f3 th\u1ec3 d\u1ec5 d\u00e0ng ki\u1ec3m so\u00e1t t\u1ed1c \u0111\u1ed9 ch\u1ea1y c\u1ee7a m\u00e1y.<\/li>    <li>L\u01b0\u1ee1i m\u00e1y thu ho\u1ea1ch th\u1ee9c \u0103n ng\u00f4 \u0111\u01b0\u1ee3c l\u00e0m t\u1eeb v\u1eadt li\u1ec7u c\u00f3 \u0111\u1ed9 b\u1ec1n cao v\u00e0 c\u00f3 \u0111\u1eb7c t\u00ednh ch\u1ed1ng m\u00e0i m\u00f2n m\u1ea1nh.<\/li>    <li>T\u1ef7 l\u1ec7 thu h\u1ed3i l\u00ean t\u1edbi 95%<\/li>    <li>\u0110i\u1ec1u khi\u1ec3n ho\u00e0n to\u00e0n b\u1eb1ng th\u1ee7y l\u1ef1c v\u1edbi b\u00e1n k\u00ednh quay nh\u1ecf, gi\u00fap v\u1eadn h\u00e0nh d\u1ec5 d\u00e0ng v\u00e0 linh ho\u1ea1t.<\/li>    <li>Thu ho\u1ea1ch kh\u00f4ng theo h\u00e0ng v\u00e0 c\u00f3 th\u1ec3 x\u1eed l\u00fd c\u00e2y tr\u1ed3ng b\u1ecb \u0111\u1ed5 (ng\u00e3).<\/li> <\/ol>   <div class=\"wp-block-image\"> <figure class=\"aligncenter size-full\"><img loading=\"lazy\" decoding=\"async\" width=\"720\" height=\"540\" src=\"https:\/\/maizemachine.com\/wp-content\/uploads\/2023\/02\/\u5fae\u4fe1\u56fe\u7247_20250606163958.webp\" alt=\"M\u00e1y thu ho\u1ea1ch ng\u00f4 \u1ee7 chua \u0111\u1ec3 b\u00e1n\" class=\"wp-image-590\" title=\"\" srcset=\"https:\/\/maizemachine.com\/wp-content\/uploads\/2023\/02\/\u5fae\u4fe1\u56fe\u7247_20250606163958.webp 720w, https:\/\/maizemachine.com\/wp-content\/uploads\/2023\/02\/\u5fae\u4fe1\u56fe\u7247_20250606163958-300x225.webp 300w, https:\/\/maizemachine.com\/wp-content\/uploads\/2023\/02\/\u5fae\u4fe1\u56fe\u7247_20250606163958-16x12.webp 16w\" sizes=\"auto, (max-width: 720px) 100vw, 720px\" \/><figcaption class=\"wp-element-caption\">M\u00e1y thu ho\u1ea1ch ng\u00f4 \u1ee7 chua \u0111\u1ec3 b\u00e1n<\/figcaption><\/figure> <\/div>   <h2 class=\"wp-block-heading\">C\u00e1ch s\u1eed d\u1ee5ng m\u00e1y thu ho\u1ea1ch th\u1ee9c \u0103n ng\u00f4<\/h2>    <p>M\u00e1y n\u00e0y ph\u00f9 h\u1ee3p \u0111\u1ec3 nghi\u1ec1n n\u00e1t v\u00e0 t\u00e1i ch\u1ebf c\u00e1c lo\u1ea1i r\u01a1m c\u00e2y tr\u1ed3ng kh\u00e1c nhau. R\u01a1m ng\u00f4, r\u01a1m b\u00f4ng, r\u01a1m chu\u1ed1i, r\u01a1m sorghum, r\u01a1m l\u00faa m\u00ec v\u00e0 c\u00e1c v\u1eadt li\u1ec7u c\u1ecf \u0111\u1ec1u c\u00f3 th\u1ec3 \u0111\u01b0\u1ee3c t\u00e1i ch\u1ebf b\u1eb1ng m\u00e1y thu ho\u1ea1ch silage k\u00e9o n\u00e0y. R\u01a1m \u0111\u00e3 nghi\u1ec1n c\u00f3 th\u1ec3 \u0111\u01b0\u1ee3c tr\u1ea3 l\u1ea1i tr\u1ef1c ti\u1ebfp v\u00e0o ru\u1ed9ng ho\u1eb7c \u0111\u01b0\u1ee3c s\u1eed d\u1ee5ng l\u00e0m th\u1ee9c \u0103n cho gia s\u00fac.<\/p>   <div class=\"wp-block-image\"> <figure class=\"aligncenter size-full\"><img loading=\"lazy\" decoding=\"async\" width=\"720\" height=\"540\" src=\"https:\/\/maizemachine.com\/wp-content\/uploads\/2023\/02\/\u5fae\u4fe1\u56fe\u7247_2025-07-02_161030_894.webp\" alt=\"Ng\u00f4 \u1ee7 chua\" class=\"wp-image-589\" title=\"\" srcset=\"https:\/\/maizemachine.com\/wp-content\/uploads\/2023\/02\/\u5fae\u4fe1\u56fe\u7247_2025-07-02_161030_894.webp 720w, https:\/\/maizemachine.com\/wp-content\/uploads\/2023\/02\/\u5fae\u4fe1\u56fe\u7247_2025-07-02_161030_894-300x225.webp 300w, https:\/\/maizemachine.com\/wp-content\/uploads\/2023\/02\/\u5fae\u4fe1\u56fe\u7247_2025-07-02_161030_894-16x12.webp 16w\" sizes=\"auto, (max-width: 720px) 100vw, 720px\" \/><figcaption class=\"wp-element-caption\">Ng\u00f4 \u1ee7 chua<\/figcaption><\/figure> <\/div>   <h2 class=\"wp-block-heading\">C\u00e1ch s\u1eed d\u1ee5ng m\u00e1y thu ho\u1ea1ch silage ng\u00f4 \u0111\u00fang c\u00e1ch?<\/h2>    <ul class=\"wp-block-list\"> <li>Chu\u1ea9n b\u1ecb: Ki\u1ec3m tra t\u1ea5t c\u1ea3 c\u00e1c b\u1ed9 ph\u1eadn c\u01a1 kh\u00ed, h\u1ec7 th\u1ed1ng \u0111i\u1ec7n v\u00e0 h\u1ec7 th\u1ed1ng th\u1ee7y l\u1ef1c tr\u01b0\u1edbc khi s\u1eed d\u1ee5ng, v\u00e0 l\u00e0m n\u00f3ng m\u00e1y.<\/li>    <li>Ch\u1ea5t t\u1ea3i th\u1ee9c \u0103n: \u0110\u1eb7t \u0111\u1ed1ng \u1ee7 chua tr\u01b0\u1edbc \u0111\u01b0\u1eddng thu ho\u1ea1ch. Tr\u00e1nh ch\u1ea5t qu\u00e1 cao \u0111\u1ec3 \u0111\u1ea3m b\u1ea3o thu ho\u1ea1ch su\u00f4n s\u1ebb.<\/li>    <li>Kh\u1edfi \u0111\u1ed9ng m\u00e1y: B\u1eadt ngu\u1ed3n v\u00e0 kh\u1edfi \u0111\u1ed9ng m\u00e1y. Theo d\u00f5i ho\u1ea1t \u0111\u1ed9ng c\u1ee7a m\u00e1y v\u00e0 d\u1eebng ngay l\u1eadp t\u1ee9c n\u1ebfu c\u00f3 b\u1ea5t k\u1ef3 s\u1ef1 b\u1ea5t th\u01b0\u1eddng n\u00e0o x\u1ea3y ra.<\/li>    <li>\u0110i\u1ec1u ch\u1ec9nh chi\u1ec1u cao \u0111\u1ea7u c\u1eaft: \u0110\u1eb7t chi\u1ec1u cao \u0111\u1ea7u c\u1eaft theo chi\u1ec1u cao th\u1ee9c \u0103n \u0111\u1ec3 \u0111\u1ea3m b\u1ea3o thu ho\u1ea1ch \u0111\u1ed3ng \u0111\u1ec1u.<\/li>    <li>Thu ho\u1ea1ch: Ng\u01b0\u1eddi v\u1eadn h\u00e0nh \u0111i\u1ec1u khi\u1ec3n m\u00e1y ti\u1ebfn v\u00e0 l\u00f9i b\u1eb1ng c\u1ea7n \u0111i\u1ec1u khi\u1ec3n, duy tr\u00ec s\u1ef1 \u1ed5n \u0111\u1ecbnh v\u00e0 thu ho\u1ea1ch \u1ee7 chua an to\u00e0n.<\/li>    <li>Thu gom th\u1ee9c \u0103n: Th\u1ee9c \u0103n \u1ee7 chua \u0111\u00e3 b\u0103m \u0111\u01b0\u1ee3c v\u1eadn chuy\u1ec3n v\u00e0o h\u1ec7 th\u1ed1ng thu gom. V\u1ec7 sinh th\u01b0\u1eddng xuy\u00ean \u0111\u1ec3 \u0111\u1ea3m b\u1ea3o ho\u1ea1t \u0111\u1ed9ng tr\u01a1n tru.<\/li>    <li>K\u1ebft th\u00fac ho\u1ea1t \u0111\u1ed9ng: Sau khi thu ho\u1ea1ch, t\u1eaft m\u00e1y v\u00e0 v\u1eadn chuy\u1ec3n th\u1ee9c \u0103n \u1ee7 chua \u0111\u00e3 thu gom \u0111\u1ebfn \u0111\u1ecba \u0111i\u1ec3m quy \u0111\u1ecbnh.<\/li>    <li>V\u1ec7 sinh &amp; B\u1ea3o tr\u00ec: L\u00e0m s\u1ea1ch m\u1ea3nh v\u1ee5n kh\u1ecfi b\u1ec1 m\u1eb7t m\u00e1y, ki\u1ec3m tra c\u00e1c b\u1ed9 ph\u1eadn b\u1ecb m\u00f2n v\u00e0 thay th\u1ebf k\u1ecbp th\u1eddi \u0111\u1ec3 gi\u1eef cho thi\u1ebft b\u1ecb \u1edf t\u00ecnh tr\u1ea1ng t\u1ed1t.<\/li> <\/ul>    <h2 class=\"wp-block-heading\">H\u1ee3p t\u00e1c v\u1edbi Taizy<\/h2>    <p>B\u1eb1ng c\u00e1ch h\u1ee3p t\u00e1c v\u1edbi Taizy, b\u1ea1n c\u00f3 th\u1ec3 \u0111\u1ea1t \u0111\u01b0\u1ee3c hi\u1ec7u qu\u1ea3 thu ho\u1ea1ch ng\u00f4 \u1ee7 chua hi\u1ec7u qu\u1ea3, \u0111\u00e1ng tin c\u1eady v\u00e0 ch\u1ea5t l\u01b0\u1ee3ng cao. M\u00e1y thu ho\u1ea1ch t\u1ef1 h\u00e0nh c\u1ee7a ch\u00fang t\u00f4i \u0111\u01b0\u1ee3c thi\u1ebft k\u1ebf \u0111\u1ec3 x\u1eed l\u00fd nhi\u1ec1u lo\u1ea1i c\u00e2y tr\u1ed3ng v\u00e0 \u0111\u1ecba h\u00ecnh, \u0111\u1ea3m b\u1ea3o ho\u1ea1t \u0111\u1ed9ng tr\u01a1n tru, b\u0103m \u0111\u1ed3ng \u0111\u1ec1u v\u00e0 n\u0103ng su\u1ea5t th\u1ee9c \u0103n t\u1ed1i \u0111a. Cho d\u00f9 l\u00e0 trang tr\u1ea1i nh\u1ecf hay ho\u1ea1t \u0111\u1ed9ng quy m\u00f4 l\u1edbn, M\u00e1y thu ho\u1ea1ch ng\u00f4 \u1ee7 chua c\u1ee7a Taizy \u0111\u1ec1u mang l\u1ea1i hi\u1ec7u su\u1ea5t v\u00e0 \u0111\u1ed9 b\u1ec1n m\u00e0 b\u1ea1n c\u00f3 th\u1ec3 tin t\u01b0\u1edfng, gi\u00fap vi\u1ec7c thu ho\u1ea1ch \u1ee7 chua tr\u1edf n\u00ean d\u1ec5 d\u00e0ng v\u00e0 n\u0103ng su\u1ea5t h\u01a1n bao gi\u1edd h\u1ebft.<\/p>   <div class=\"wp-block-image\"> <figure class=\"aligncenter size-full\"><img loading=\"lazy\" decoding=\"async\" width=\"720\" height=\"540\" src=\"https:\/\/maizemachine.com\/wp-content\/uploads\/2025\/08\/Our-customer.webp\" alt=\"Kh\u00e1ch h\u00e0ng c\u1ee7a ch\u00fang t\u00f4i\" class=\"wp-image-577\" title=\"\" srcset=\"https:\/\/maizemachine.com\/wp-content\/uploads\/2025\/08\/Our-customer.webp 720w, https:\/\/maizemachine.com\/wp-content\/uploads\/2025\/08\/Our-customer-300x225.webp 300w, https:\/\/maizemachine.com\/wp-content\/uploads\/2025\/08\/Our-customer-16x12.webp 16w\" sizes=\"auto, (max-width: 720px) 100vw, 720px\" \/><figcaption class=\"wp-element-caption\">Kh\u00e1ch h\u00e0ng c\u1ee7a ch\u00fang t\u00f4i<\/figcaption><\/figure> <\/div>","protected":false},"excerpt":{"rendered":"<p>The Taizy self-propelled corn silage harvester is a high-efficiency agricultural machine designed specifically for silage harvesting. It works by using internal blades to chop corn stalks into small pieces. This model is suitable not only for harvesting corn silage but also for cutting and chopping crops like sorghum and forage grass, completing harvesting, chopping, and [&hellip;]<\/p>\n","protected":false},"author":1,"featured_media":593,"parent":0,"template":"","tags":[36,37],"product-type":[52],"class_list":["post-268","product","type-product","status-publish","has-post-thumbnail","hentry","tag-corn-silage-harvester","tag-straw-harvester","product-type-corn-stalk-processing-machine"],"_links":{"self":[{"href":"https:\/\/maizemachine.com\/vi\/wp-json\/wp\/v2\/product\/268","targetHints":{"allow":["GET"]}}],"collection":[{"href":"https:\/\/maizemachine.com\/vi\/wp-json\/wp\/v2\/product"}],"about":[{"href":"https:\/\/maizemachine.com\/vi\/wp-json\/wp\/v2\/types\/product"}],"author":[{"embeddable":true,"href":"https:\/\/maizemachine.com\/vi\/wp-json\/wp\/v2\/users\/1"}],"wp:featuredmedia":[{"embeddable":true,"href":"https:\/\/maizemachine.com\/vi\/wp-json\/wp\/v2\/media\/593"}],"wp:attachment":[{"href":"https:\/\/maizemachine.com\/vi\/wp-json\/wp\/v2\/media?parent=268"}],"wp:term":[{"taxonomy":"post_tag","embeddable":true,"href":"https:\/\/maizemachine.com\/vi\/wp-json\/wp\/v2\/tags?post=268"},{"taxonomy":"product-type","embeddable":true,"href":"https:\/\/maizemachine.com\/vi\/wp-json\/wp\/v2\/product-type?post=268"}],"curies":[{"name":"wp","href":"https:\/\/api.w.org\/{rel}","templated":true}]}}