{"id":262,"date":"2023-01-30T15:08:58","date_gmt":"2023-01-30T07:08:58","guid":{"rendered":"https:\/\/maizemachine.com\/?post_type=product&#038;p=262"},"modified":"2023-01-30T15:08:59","modified_gmt":"2023-01-30T07:08:59","slug":"small-scale-maize-milling-machine","status":"publish","type":"product","link":"https:\/\/maizemachine.com\/vi\/product\/small-scale-maize-milling-machine\/","title":{"rendered":"M\u00e1y xay ng\u00f4 quy m\u00f4 nh\u1ecf"},"content":{"rendered":"<p class=\"translation-block\">M\u00e1y nghi\u1ec1n ng\u00f4 quy m\u00f4 nh\u1ecf l\u00e0 m\u1ed9t m\u00e1y nh\u1ecf c\u00f3 th\u1ec3 l\u00e0m b\u1ed9t ng\u00f4. N\u00f3 c\u00f3 th\u1ec3 nghi\u1ec1n h\u1ea1t ng\u00f4 th\u00e0nh v\u1eadt li\u1ec7u d\u1ea1ng b\u1ed9t c\u00f3 \u0111\u1ed9 m\u1ecbn cao. So v\u1edbi m\u00e1y nghi\u1ec1n ng\u00f4 l\u1edbn v\u00e0 m\u00e1y <a href=\"https:\/\/maizemachine.com\/vi\/product\/maize-grits-milling-machine\/\">nghi\u1ec1n ng\u00f4 \u0111a n\u0103ng<\/a>, m\u00e1y n\u00e0y c\u00f3 l\u1ee3i th\u1ebf h\u01a1n v\u1ec1 gi\u00e1 c\u1ea3 v\u00e0 di\u1ec7n t\u00edch chi\u1ebfm d\u1ee5ng.<\/p>   <div class=\"wp-block-image\"> <figure class=\"aligncenter size-full\"><img loading=\"lazy\" decoding=\"async\" width=\"720\" height=\"540\" src=\"http:\/\/maizemachine.com\/wp-content\/uploads\/2023\/01\/small-maize-grinding-machine.webp\" alt=\"m\u00e1y xay ng\u00f4 nh\u1ecf\" class=\"wp-image-266\" title=\"\" srcset=\"https:\/\/maizemachine.com\/wp-content\/uploads\/2023\/01\/small-maize-grinding-machine.webp 720w, https:\/\/maizemachine.com\/wp-content\/uploads\/2023\/01\/small-maize-grinding-machine-300x225.webp 300w\" sizes=\"auto, (max-width: 720px) 100vw, 720px\" \/><figcaption class=\"wp-element-caption\">m\u00e1y xay ng\u00f4 nh\u1ecf<\/figcaption><\/figure> <\/div>   <h2 class=\"wp-block-heading\">Qu\u00e1 tr\u00ecnh xay x\u00e1t ng\u00f4 l\u00e0 g\u00ec?<\/h2>    <p>Qu\u00e1 tr\u00ecnh xay b\u1ed9t ng\u00f4 nh\u01b0 sau. \u0110\u1ea7u ti\u00ean, ng\u00f4 \u0111\u01b0\u1ee3c cho v\u00e0o m\u00e1y xay ng\u00f4 quy m\u00f4 nh\u1ecf v\u00e0 sau \u0111\u00f3 \u0111\u01b0\u1ee3c \u0111\u00e1nh th\u00e0nh b\u1ed9t. B\u00ean trong bu\u1ed3ng xay ng\u00f4, c\u00f3 c\u00e1c l\u01b0\u1edbi v\u1edbi k\u00edch th\u01b0\u1edbc l\u1ed7 kh\u00e1c nhau, v\u00e0 m\u1ed9t s\u1ed1 h\u1ea1t ng\u00f4 nh\u1ecf \u0111\u00e1p \u1ee9ng ti\u00eau chu\u1ea9n k\u00edch th\u01b0\u1edbc l\u01b0\u1edbi s\u1ebd \u0111\u01b0\u1ee3c s\u00e0ng l\u1ecdc qua l\u01b0\u1edbi. Nh\u1eefng h\u1ea1t ng\u00f4 kh\u00f4ng \u0111\u00e1p \u1ee9ng y\u00eau c\u1ea7u s\u1ebd b\u1ecb \u0111\u00e1nh hai l\u1ea7n trong bu\u1ed3ng xay cho \u0111\u1ebfn khi \u0111\u1ea1t ti\u00eau chu\u1ea9n mong mu\u1ed1n. Sau \u0111\u00f3, nguy\u00ean li\u1ec7u \u0111\u00e3 xay s\u1ebd \u0111\u01b0\u1ee3c th\u1ea3i ra t\u1eeb c\u1eeda ra c\u1ee7a m\u00e1y xay ng\u00f4 quy m\u00f4 nh\u1ecf.<\/p>   <div class=\"wp-block-image\"> <figure class=\"aligncenter size-full\"><img loading=\"lazy\" decoding=\"async\" width=\"720\" height=\"540\" src=\"http:\/\/maizemachine.com\/wp-content\/uploads\/2023\/01\/small-corn-grinding-machine-and-sieve.webp\" alt=\"M\u00e1y xay ng\u00f4 nh\u1ecf v\u00e0 s\u00e0ng\" class=\"wp-image-265\" title=\"\" srcset=\"https:\/\/maizemachine.com\/wp-content\/uploads\/2023\/01\/small-corn-grinding-machine-and-sieve.webp 720w, https:\/\/maizemachine.com\/wp-content\/uploads\/2023\/01\/small-corn-grinding-machine-and-sieve-300x225.webp 300w\" sizes=\"auto, (max-width: 720px) 100vw, 720px\" \/><figcaption class=\"wp-element-caption\">M\u00e1y xay ng\u00f4 nh\u1ecf v\u00e0 s\u00e0ng<\/figcaption><\/figure> <\/div>   <h2 class=\"wp-block-heading\">Th\u00f4ng s\u1ed1 k\u1ef9 thu\u1eadt c\u1ee7a m\u00e1y xay ng\u00f4 quy m\u00f4 nh\u1ecf<\/h2>    <figure class=\"wp-block-table\"><table><tbody><tr><td>M\u00f4 h\u00ecnh<\/td><td>9FQ-750<\/td><\/tr><tr><td>K\u00edch th\u01b0\u1edbc t\u1ed5ng th\u1ec3<\/td><td>1.6*1.1 *1.5m<\/td><\/tr><tr><td>\u0110\u1ed9ng c\u01a1<\/td><td>30kw<\/td><\/tr><tr><td>Tr\u1ecdng l\u01b0\u1ee3ng t\u1ecbnh<\/td><td>850kg<\/td><\/tr><tr><td>K\u00edch th\u01b0\u1edbc \u0111\u00f3ng g\u00f3i<\/td><td>2.1*1*2.5m<\/td><\/tr><\/tbody><\/table><\/figure>    <h2 class=\"wp-block-heading\">\u01afu \u0111i\u1ec3m c\u1ee7a m\u00e1y<\/h2>    <ol class=\"wp-block-list\"> <li>M\u00e1y c\u00f3 \u0111\u1eb7c \u0111i\u1ec3m c\u1ea5u tr\u00fac \u0111\u01a1n gi\u1ea3n v\u00e0 d\u1ec5 l\u1eafp \u0111\u1eb7t.<\/li>    <li>L\u01b0\u1ee1i dao \u0111\u01b0\u1ee3c l\u00e0m t\u1eeb th\u00e9p carbon cao. <a href=\"https:\/\/en.wikipedia.org\/wiki\/Carbon_steel\" target=\"_blank\" rel=\"noopener\">Th\u00e9p carbon.<\/a> V\u1edbi hi\u1ec7u \u1ee9ng m\u00e0i t\u1ed1t.<\/li>    <li>K\u00edch th\u01b0\u1edbc nh\u1ecf v\u00e0 chi\u1ebfm \u00edt di\u1ec7n t\u00edch.<\/li>    <li>M\u1ee9c \u0111\u1ed9 t\u1ef1 \u0111\u1ed9ng h\u00f3a cao v\u00e0 d\u1ec5 v\u1eadn h\u00e0nh.<\/li>    <li>M\u00e1y xay ng\u00f4 quy m\u00f4 nh\u1ecf Taizy c\u00f3 th\u1ec3 ch\u1ebf bi\u1ebfn b\u1ed9t v\u1edbi c\u00e1c th\u00f4ng s\u1ed1 v\u00e0 l\u01b0\u1edbi kh\u00e1c nhau.<\/li> <\/ol>   <div class=\"wp-block-image\"> <figure class=\"aligncenter size-full\"><img loading=\"lazy\" decoding=\"async\" width=\"720\" height=\"540\" src=\"http:\/\/maizemachine.com\/wp-content\/uploads\/2023\/01\/manufacturing-process.webp\" alt=\"Quy tr\u00ecnh s\u1ea3n xu\u1ea5t.\" class=\"wp-image-264\" title=\"\" srcset=\"https:\/\/maizemachine.com\/wp-content\/uploads\/2023\/01\/manufacturing-process.webp 720w, https:\/\/maizemachine.com\/wp-content\/uploads\/2023\/01\/manufacturing-process-300x225.webp 300w\" sizes=\"auto, (max-width: 720px) 100vw, 720px\" \/><figcaption class=\"wp-element-caption\">Quy tr\u00ecnh s\u1ea3n xu\u1ea5t.<\/figcaption><\/figure> <\/div>   <h2 class=\"wp-block-heading\">Ph\u1ea1m vi \u1ee9ng d\u1ee5ng c\u1ee7a m\u00e1y xay ng\u00f4 nh\u1ecf<\/h2>    <p class=\"translation-block\">M\u00e1y nghi\u1ec1n ng\u00f4 nh\u1ecf kh\u00f4ng ch\u1ec9 c\u00f3 th\u1ec3 nghi\u1ec1n ng\u00f4 m\u00e0 c\u00f2n nghi\u1ec1n th\u1ea3o m\u1ed9c, ng\u0169 c\u1ed1c kh\u00e1c v\u00e0 c\u00e1c v\u1eadt li\u1ec7u kh\u00e1c. Do \u0111\u00f3 m\u00e1y \u0111\u1eb7c bi\u1ec7t th\u00edch h\u1ee3p \u0111\u1ec3 s\u1eed d\u1ee5ng \u1edf c\u00e1c v\u00f9ng n\u00f4ng th\u00f4n, nh\u00e0 m\u00e1y ch\u1ebf bi\u1ebfn th\u1ee9c \u0103n ch\u0103n nu\u00f4i, ch\u1ee3 ng\u0169 c\u1ed1c v\u00e0 d\u1ea7u, si\u00eau th\u1ecb l\u1edbn v\u00e0 nh\u1ecf, v\u00e0 nh\u00e0 m\u00e1y th\u1ea3o d\u01b0\u1ee3c. T\u1ea1i Nh\u00e0 m\u00e1y M\u00e1y nghi\u1ec1n ng\u00f4 Taizy, ch\u00fang t\u00f4i c\u00f3 m\u1ed9t <a href=\"https:\/\/maizemachine.com\/vi\/product\/corn-hammer-mill-machine\/\">m\u00e1y nghi\u1ec1n b\u00faa ng\u00f4<\/a> kh\u00e1c \u0111\u1ec3 b\u00e1n. N\u1ebfu b\u1ea1n c\u1ea7n, xin vui l\u00f2ng li\u00ean h\u1ec7 v\u1edbi ch\u00fang t\u00f4i.<\/p>   <div class=\"wp-block-image\"> <figure class=\"aligncenter size-full\"><img loading=\"lazy\" decoding=\"async\" width=\"720\" height=\"540\" src=\"http:\/\/maizemachine.com\/wp-content\/uploads\/2022\/08\/finished-product-made-by-corn-grinding-machine.webp\" alt=\"s\u1ea3n ph\u1ea9m ho\u00e0n thi\u1ec7n \u0111\u01b0\u1ee3c l\u00e0m t\u1eeb m\u00e1y xay ng\u00f4\" class=\"wp-image-155\" title=\"\" srcset=\"https:\/\/maizemachine.com\/wp-content\/uploads\/2022\/08\/finished-product-made-by-corn-grinding-machine.webp 720w, https:\/\/maizemachine.com\/wp-content\/uploads\/2022\/08\/finished-product-made-by-corn-grinding-machine-300x225.webp 300w\" sizes=\"auto, (max-width: 720px) 100vw, 720px\" \/><figcaption class=\"wp-element-caption\">s\u1ea3n ph\u1ea9m ho\u00e0n thi\u1ec7n \u0111\u01b0\u1ee3c l\u00e0m t\u1eeb m\u00e1y xay ng\u00f4<\/figcaption><\/figure> <\/div>   <h2 class=\"wp-block-heading\">C\u00e1ch ch\u1ecdn m\u00e1y xay ng\u00f4 ph\u00f9 h\u1ee3p?<\/h2>    <p>C\u00e1ch ch\u1ecdn m\u00e1y nghi\u1ec1n ng\u00f4 ph\u00f9 h\u1ee3p lu\u00f4n l\u00e0 m\u1ed9t v\u1ea5n \u0111\u1ec1 \u0111\u1ed1i v\u1edbi nh\u1eefng ng\u01b0\u1eddi tr\u1ed3ng ng\u00f4. \u0110i\u1ec1u \u0111\u1ea7u ti\u00ean ch\u00fang t\u00f4i c\u1ea7n nh\u1eafc b\u1ea1n l\u00e0 gi\u00e1 c\u1ee7a m\u1ed9t m\u00e1y xay ng\u00f4 kh\u00f4ng n\u00ean l\u00e0 y\u1ebfu t\u1ed1 duy nh\u1ea5t \u0111\u1ec3 xem x\u00e9t. N\u1ebfu b\u1ea1n mu\u1ed1n mua m\u1ed9t m\u00e1y xay ng\u00f4 quy m\u00f4 nh\u1ecf ch\u1ea5t l\u01b0\u1ee3ng, b\u1ea1n n\u00ean xem x\u00e9t ch\u1ea5t l\u01b0\u1ee3ng c\u1ee7a m\u00e1y, s\u1ea3n l\u01b0\u1ee3ng b\u1ed9t ng\u00f4, di\u1ec7n t\u00edch m\u1eb7t s\u00e0n, chi ph\u00ed lao \u0111\u1ed9ng, nh\u00e0 s\u1ea3n xu\u1ea5t m\u00e1y nghi\u1ec1n ng\u00f4 v\u00e0 c\u00e1c y\u1ebfu t\u1ed1 kh\u00e1c.<\/p>    <p>Th\u1ee9 hai, ch\u00fang ta n\u00ean r\u00f5 r\u00e0ng v\u1ec1 nhu c\u1ea7u c\u1ee7a m\u00ecnh trong vi\u1ec7c s\u1ea3n xu\u1ea5t b\u1ed9t ng\u00f4 v\u00e0 kh\u1ed1i l\u01b0\u1ee3ng ng\u00f4 c\u1ea7n ch\u1ebf bi\u1ebfn h\u00e0ng ng\u00e0y, c\u0169ng nh\u01b0 m\u1ee9c ti\u00eau th\u1ee5 \u0111i\u1ec7n n\u0103ng ch\u1ea5p nh\u1eadn \u0111\u01b0\u1ee3c. V\u1edbi nh\u1eefng nhu c\u1ea7u c\u01a1 b\u1ea3n c\u1ee7a b\u1ea1n, b\u1ea1n c\u00f3 th\u1ec3 ch\u1ecdn m\u00e1y xay b\u1ed9t ng\u00f4 ph\u00f9 h\u1ee3p v\u1edbi nhu c\u1ea7u c\u1ee7a m\u00ecnh.<\/p>   <div class=\"wp-block-image\"> <figure class=\"aligncenter size-full\"><img loading=\"lazy\" decoding=\"async\" width=\"720\" height=\"540\" src=\"http:\/\/maizemachine.com\/wp-content\/uploads\/2023\/01\/customized-maize-grinding-machine.webp\" alt=\"m\u00e1y xay ng\u00f4 t\u00f9y ch\u1ec9nh\" class=\"wp-image-263\" title=\"\" srcset=\"https:\/\/maizemachine.com\/wp-content\/uploads\/2023\/01\/customized-maize-grinding-machine.webp 720w, https:\/\/maizemachine.com\/wp-content\/uploads\/2023\/01\/customized-maize-grinding-machine-300x225.webp 300w\" sizes=\"auto, (max-width: 720px) 100vw, 720px\" \/><figcaption class=\"wp-element-caption\">m\u00e1y xay ng\u00f4 t\u00f9y ch\u1ec9nh<\/figcaption><\/figure> <\/div>   <h2 class=\"wp-block-heading\">Xay ng\u00f4 c\u00f3 l\u1ee3i nhu\u1eadn kh\u00f4ng?<\/h2>    <p>C\u00e2u tr\u1ea3 l\u1eddi l\u00e0 c\u00f3, vi\u1ec7c xay ng\u00f4 c\u00f3 l\u1ee3i nhu\u1eadn. L\u00e0 vua dinh d\u01b0\u1ee1ng c\u1ee7a c\u00e1c lo\u1ea1i ng\u0169 c\u1ed1c th\u00f4, ng\u00f4 kh\u00f4ng ch\u1ec9 c\u00f3 th\u1ec3 \u0111i\u1ec1u ch\u1ec9nh qu\u00e1 tr\u00ecnh trao \u0111\u1ed5i ch\u1ea5t c\u1ee7a con ng\u01b0\u1eddi v\u00e0 c\u1ea3i thi\u1ec7n ch\u1ee9c n\u0103ng mi\u1ec5n d\u1ecbch, m\u00e0 c\u00f2n t\u0103ng c\u01b0\u1eddng s\u1ee9c \u0111\u1ec1 kh\u00e1ng c\u1ee7a c\u01a1 b\u1eafp v\u00e0 lo\u1ea1i b\u1ecf ch\u1ea5t th\u1ea3i kh\u1ecfi c\u01a1 th\u1ec3. Khi m\u1ecdi ng\u01b0\u1eddi ng\u00e0y c\u00e0ng ch\u00fa tr\u1ecdng \u0111\u1ebfn s\u1ee9c kh\u1ecfe, ng\u00e0y c\u00e0ng nhi\u1ec1u ng\u01b0\u1eddi nh\u1eadn ra t\u00e1c \u0111\u1ed9ng t\u00edch c\u1ef1c \u0111\u1ebfn s\u1ee9c kh\u1ecfe dinh d\u01b0\u1ee1ng c\u1ee7a ng\u00f4 v\u00e0 c\u00e1c lo\u1ea1i ng\u0169 c\u1ed1c th\u00f4 kh\u00e1c. Do \u0111\u00f3, m\u00e1y xay ng\u00f4 quy m\u00f4 nh\u1ecf l\u00e0 m\u1ed9t h\u01b0\u1edbng \u0111\u1ea7u t\u01b0 t\u1ed1t.<\/p>","protected":false},"excerpt":{"rendered":"<p>The small scale maize milling machine is a small machine that can make corn flour. It can grind corn kernel into powder material with high fineness. Compared with the large corn grinder and the multifunctional corn grits milling machine, this machine has a greater advantage in price and floor space. What is the milling process [&hellip;]<\/p>\n","protected":false},"author":1,"featured_media":267,"parent":0,"template":"","tags":[],"product-type":[10],"class_list":["post-262","product","type-product","status-publish","has-post-thumbnail","hentry","product-type-corn-milling-machine"],"_links":{"self":[{"href":"https:\/\/maizemachine.com\/vi\/wp-json\/wp\/v2\/product\/262","targetHints":{"allow":["GET"]}}],"collection":[{"href":"https:\/\/maizemachine.com\/vi\/wp-json\/wp\/v2\/product"}],"about":[{"href":"https:\/\/maizemachine.com\/vi\/wp-json\/wp\/v2\/types\/product"}],"author":[{"embeddable":true,"href":"https:\/\/maizemachine.com\/vi\/wp-json\/wp\/v2\/users\/1"}],"wp:featuredmedia":[{"embeddable":true,"href":"https:\/\/maizemachine.com\/vi\/wp-json\/wp\/v2\/media\/267"}],"wp:attachment":[{"href":"https:\/\/maizemachine.com\/vi\/wp-json\/wp\/v2\/media?parent=262"}],"wp:term":[{"taxonomy":"post_tag","embeddable":true,"href":"https:\/\/maizemachine.com\/vi\/wp-json\/wp\/v2\/tags?post=262"},{"taxonomy":"product-type","embeddable":true,"href":"https:\/\/maizemachine.com\/vi\/wp-json\/wp\/v2\/product-type?post=262"}],"curies":[{"name":"wp","href":"https:\/\/api.w.org\/{rel}","templated":true}]}}