{"id":230,"date":"2022-12-05T15:08:15","date_gmt":"2022-12-05T07:08:15","guid":{"rendered":"https:\/\/maizemachine.com\/?post_type=product&#038;p=230"},"modified":"2025-12-17T14:00:19","modified_gmt":"2025-12-17T06:00:19","slug":"sweet-corn-planter","status":"publish","type":"product","link":"https:\/\/maizemachine.com\/vi\/product\/sweet-corn-planter\/","title":{"rendered":"M\u00e1y gieo h\u1ea1t ng\u00f4 ng\u1ecdt 2 h\u00e0ng | M\u00e1y gieo h\u1ea1t ng\u00f4 ng\u1ecdt"},"content":{"rendered":"<p class=\"translation-block\">M\u00e1y tr\u1ed3ng ng\u00f4 ng\u1ecdt l\u00e0 m\u1ed9t m\u00e1y c\u00f3 th\u1ec3 gieo h\u1ea1t gi\u1ed1ng tr\u00ean ng\u00f4 ng\u1ecdt. M\u00e1y gieo ng\u00f4 ng\u1ecdt l\u00e0 m\u00e1y b\u00e1n ch\u1ea1y nh\u1ea5t c\u1ee7a <a href=\"https:\/\/maizemachine.com\/vi\/\">Taizy Corn Machinery<\/a>. M\u00e1y tr\u1ed3ng ng\u00f4 c\u1ee7a ch\u00fang t\u00f4i c\u00f3 th\u1ec3 th\u1ef1c hi\u1ec7n t\u1ea5t c\u1ea3 c\u00e1c quy tr\u00ecnh c\u1ee7a<strong><mark class=\"has-inline-color has-luminous-vivid-amber-color\"> n\u1edbi l\u1ecfng, b\u00f3n ph\u00e2n, \u0111\u00e0o r\u00e3nh, gieo h\u1ea1t v\u00e0 ph\u1ee7 \u0111\u1ea5t<\/mark><\/strong> c\u00f9ng m\u1ed9t l\u00fac. Do \u0111\u00f3, so v\u1edbi c\u00e1c nh\u00e0 s\u1ea3n xu\u1ea5t m\u00e1y tr\u1ed3ng ng\u00f4 kh\u00e1c, m\u00e1y c\u1ee7a ch\u00fang t\u00f4i l\u00e0 m\u1ed9t m\u00e1y tr\u1ed3ng ng\u00f4 ng\u1ecdt \u0111a ch\u1ee9c n\u0103ng.<\/p>   <div class=\"wp-block-image\"> <figure class=\"aligncenter size-full\"><img loading=\"lazy\" decoding=\"async\" width=\"720\" height=\"540\" src=\"http:\/\/maizemachine.com\/wp-content\/uploads\/2022\/12\/sweet-corn-planter-for-sale.webp\" alt=\"M\u00e1y tr\u1ed3ng ng\u00f4 ng\u1ecdt b\u00e1n\" class=\"wp-image-234\" title=\"\" srcset=\"https:\/\/maizemachine.com\/wp-content\/uploads\/2022\/12\/sweet-corn-planter-for-sale.webp 720w, https:\/\/maizemachine.com\/wp-content\/uploads\/2022\/12\/sweet-corn-planter-for-sale-300x225.webp 300w\" sizes=\"auto, (max-width: 720px) 100vw, 720px\" \/><figcaption class=\"wp-element-caption\">M\u00e1y tr\u1ed3ng ng\u00f4 ng\u1ecdt b\u00e1n<\/figcaption><\/figure> <\/div>   <h2 class=\"wp-block-heading\">C\u00f3 nh\u1eefng lo\u1ea1i m\u00e1y gieo h\u1ea1t ng\u00f4 ng\u1ecdt Taizy n\u00e0o?<\/h2>    <p class=\"translation-block\">T\u1ea1i Nh\u00e0 m\u00e1y M\u00e1y m\u00f3c Ng\u00f4 Taizy, ch\u00fang t\u00f4i c\u00f3 m\u00e1y tr\u1ed3ng ng\u00f4 ng\u1ecdt nh\u1ecf, <strong>m\u00e1y gieo h\u1ea1t ng\u00f4 3 h\u00e0ng<\/strong>, <strong>m\u00e1y tr\u1ed3ng ng\u00f4 ng\u1ecdt 4 h\u00e0ng<\/strong>, <strong>m\u00e1y gieo h\u1ea1t ng\u00f4 5 h\u00e0ng<\/strong>, <strong>m\u00e1y tr\u1ed3ng ng\u00f4 6 h\u00e0ng<\/strong>, v\u00e0 m\u00e1y tr\u1ed3ng ng\u00f4 ng\u1ecdt 2 h\u00e0ng \u0111\u1ec3 b\u00e1n. Ch\u00fang t\u00f4i c\u0169ng c\u00f3 th\u1ec3 cung c\u1ea5p d\u1ecbch v\u1ee5 t\u00f9y ch\u1ec9nh cho kh\u00e1ch h\u00e0ng c\u1ee7a m\u00ecnh. N\u1ebfu b\u1ea1n c\u1ea7n m\u1ed9t m\u00e1y gieo h\u1ea1t ng\u00f4 ng\u1ecdt, xin vui l\u00f2ng li\u00ean h\u1ec7 v\u1edbi ch\u00fang t\u00f4i.<\/p>    <div class=\"wp-block-columns is-layout-flex wp-container-core-columns-is-layout-9d6595d7 wp-block-columns-is-layout-flex\"> <div class=\"wp-block-column is-layout-flow wp-block-column-is-layout-flow\"> <figure class=\"wp-block-image size-full\"><img loading=\"lazy\" decoding=\"async\" width=\"720\" height=\"540\" src=\"http:\/\/maizemachine.com\/wp-content\/uploads\/2022\/12\/sweet-corn-seeder.webp\" alt=\"m\u00e1y gieo ng\u00f4 ng\u1ecdt\" class=\"wp-image-235\" title=\"\" srcset=\"https:\/\/maizemachine.com\/wp-content\/uploads\/2022\/12\/sweet-corn-seeder.webp 720w, https:\/\/maizemachine.com\/wp-content\/uploads\/2022\/12\/sweet-corn-seeder-300x225.webp 300w\" sizes=\"auto, (max-width: 720px) 100vw, 720px\" \/><figcaption class=\"wp-element-caption\">M\u00e1y gieo h\u1ea1t ng\u00f4 ng\u1ecdt<\/figcaption><\/figure> <\/div>    <div class=\"wp-block-column is-layout-flow wp-block-column-is-layout-flow\"> <figure class=\"wp-block-image size-full\"><img loading=\"lazy\" decoding=\"async\" width=\"720\" height=\"540\" src=\"http:\/\/maizemachine.com\/wp-content\/uploads\/2022\/08\/maize-planter-with-tractor.webp\" alt=\"m\u00e1y tr\u1ed3ng ng\u00f4\" class=\"wp-image-79\" title=\"\" srcset=\"https:\/\/maizemachine.com\/wp-content\/uploads\/2022\/08\/maize-planter-with-tractor.webp 720w, https:\/\/maizemachine.com\/wp-content\/uploads\/2022\/08\/maize-planter-with-tractor-300x225.webp 300w\" sizes=\"auto, (max-width: 720px) 100vw, 720px\" \/><figcaption class=\"wp-element-caption\">M\u00e1y Tr\u1ed3ng Ng\u00f4<\/figcaption><\/figure> <\/div>    <div class=\"wp-block-column is-layout-flow wp-block-column-is-layout-flow\"> <figure class=\"wp-block-image size-full\"><img loading=\"lazy\" decoding=\"async\" width=\"720\" height=\"540\" src=\"http:\/\/maizemachine.com\/wp-content\/uploads\/2022\/08\/6-row-maize-planter.webp\" alt=\"m\u00e1y gieo h\u1ea1t ng\u00f4 6 h\u00e0ng\" class=\"wp-image-141\" title=\"\" srcset=\"https:\/\/maizemachine.com\/wp-content\/uploads\/2022\/08\/6-row-maize-planter.webp 720w, https:\/\/maizemachine.com\/wp-content\/uploads\/2022\/08\/6-row-maize-planter-300x225.webp 300w\" sizes=\"auto, (max-width: 720px) 100vw, 720px\" \/><figcaption class=\"wp-element-caption\">M\u00e1y Gieo H\u1ea1t Ng\u00f4 6 H\u00e0ng<\/figcaption><\/figure> <\/div> <\/div>    <h2 class=\"wp-block-heading\">Gieo ng\u00f4 ng\u1ecdt b\u1eb1ng m\u00e1y gieo 2 h\u00e0ng<\/h2>    <p>M\u00e1y gieo h\u1ea1t ng\u00f4 ng\u1ecdt ch\u1ee7 y\u1ebfu bao g\u1ed3m m\u1ed9t h\u1ed9p h\u1ea1t, thi\u1ebft b\u1ecb m\u1edf r\u00e3nh, thi\u1ebft b\u1ecb r\u1ea3i h\u1ea1t, h\u1ed9p ph\u00e2n b\u00f3n, thi\u1ebft b\u1ecb r\u1ea3i ph\u00e2n b\u00f3n v\u00e0 thi\u1ebft b\u1ecb ph\u1ee7 v\u00e0 k\u00ecm h\u00e3m. Trong qu\u00e1 tr\u00ecnh gieo h\u1ea1t, ngu\u1ed3n n\u0103ng l\u01b0\u1ee3ng ch\u00ednh c\u1ee7a m\u00e1y gieo \u0111\u1ebfn t\u1eeb tr\u1ee5c ra c\u00f4ng su\u1ea5t ph\u00eda sau c\u1ee7a m\u00e1y k\u00e9o. D\u01b0\u1edbi s\u1ee9c k\u00e9o c\u1ee7a m\u00e1y k\u00e9o, thi\u1ebft b\u1ecb m\u1edf r\u00e3nh s\u1ebd m\u1edf r\u00e3nh \u0111\u1ea5t \u0111\u1ec3 gieo h\u1ea1t v\u00e0 b\u00f3n ph\u00e2n \u1edf \u0111\u1ed9 s\u00e2u \u0111\u00e3 \u0111\u1ecbnh tr\u01b0\u1edbc. <\/p>    <p>Do \u1ea3nh h\u01b0\u1edfng c\u1ee7a ma s\u00e1t, b\u00e1nh xe m\u1eb7t \u0111\u1ea5t trong qu\u00e1 tr\u00ecnh di chuy\u1ec3n v\u1ec1 ph\u00eda tr\u01b0\u1edbc li\u00ean t\u1ee5c l\u0103n v\u00e0 \u0111i\u1ec1u khi\u1ec3n m\u00e1y gieo h\u1ea1t v\u00e0 m\u00e1y b\u00f3n ph\u00e2n ho\u1ea1t \u0111\u1ed9ng. H\u1ea1t gi\u1ed1ng v\u00e0 ph\u00e2n b\u00f3n sau \u0111\u00f3 \u0111\u01b0\u1ee3c th\u1ea3i v\u00e0o c\u00e1c r\u00e3nh th\u00f4ng qua c\u00e1c \u0111\u01b0\u1eddng kh\u00e1c nhau, v\u00e0 \u0111\u1ea5t \u0111\u01b0\u1ee3c ph\u1ee7 v\u00e0 n\u00e9n l\u1ea1i b\u1eb1ng c\u00e1ch s\u1eed d\u1ee5ng thi\u1ebft b\u1ecb ph\u1ee7 v\u00e0 thi\u1ebft b\u1ecb \u1ee9c ch\u1ebf. Ngo\u00e0i nh\u1eefng m\u00e1y gieo h\u1ea1t ng\u00f4 th\u00f4ng th\u01b0\u1eddng, c\u00f2n c\u00f3 m\u1ed9t s\u1ed1 m\u00e1y gieo h\u1ea1t ng\u00f4 c\u00f3 th\u1ec3 \u0111\u1ea1t \u0111\u01b0\u1ee3c ch\u1ee9c n\u0103ng ki\u1ec3m so\u00e1t s\u00e2u b\u1ec7nh v\u00e0 ph\u1ee7 \u0111\u1ea5t trong qu\u00e1 tr\u00ecnh ho\u1ea1t \u0111\u1ed9ng.<\/p>   <div class=\"wp-block-image\"> <figure class=\"aligncenter size-full\"><img loading=\"lazy\" decoding=\"async\" width=\"720\" height=\"540\" src=\"http:\/\/maizemachine.com\/wp-content\/uploads\/2022\/12\/small-sweet-maize-planter.webp\" alt=\"M\u00e1y tr\u1ed3ng ng\u00f4 ng\u1ecdt nh\u1ecf\" class=\"wp-image-233\" title=\"\" srcset=\"https:\/\/maizemachine.com\/wp-content\/uploads\/2022\/12\/small-sweet-maize-planter.webp 720w, https:\/\/maizemachine.com\/wp-content\/uploads\/2022\/12\/small-sweet-maize-planter-300x225.webp 300w\" sizes=\"auto, (max-width: 720px) 100vw, 720px\" \/><figcaption class=\"wp-element-caption\">M\u00e1y tr\u1ed3ng ng\u00f4 ng\u1ecdt nh\u1ecf<\/figcaption><\/figure> <\/div>   <h2 class=\"wp-block-heading\">Nh\u1eefng l\u1ee3i \u00edch c\u1ee7a m\u00e1y m\u00f3c l\u00e0 g\u00ec?<\/h2>    <ol class=\"wp-block-list\"> <li>Thi\u1ebft b\u1ecb gieo h\u1ea1t c\u00f3 \u0111\u1ed9 ch\u00ednh x\u00e1c cao. T\u1ef7 l\u1ec7 \u0111\u1ea1t ti\u00eau chu\u1ea9n gieo h\u1ea1t h\u01a1n 85%.<\/li>    <li>T\u1ed1c \u0111\u1ed9 l\u00e0m vi\u1ec7c cao. Khi kho\u1ea3ng c\u00e1ch gi\u1eefa c\u00e1c c\u00e2y kh\u00f4ng nh\u1ecf h\u01a1n 20cm, t\u1ed1c \u0111\u1ed9 l\u00e0m vi\u1ec7c c\u1ee7a m\u00e1y gieo h\u1ea1t ng\u00f4 c\u00f3 th\u1ec3 \u0111\u1ea1t 8km\/h.<\/li>    <li>Kho\u1ea3ng c\u00e1ch l\u1ed7 ch\u00ednh x\u00e1c v\u00e0 ph\u00e2n chia c\u00e2y con \u0111\u1ed3ng \u0111\u1ec1u. M\u00e1y gieo h\u1ea1t ng\u00f4 ng\u1ecdt c\u00f3 th\u1ec3 gieo h\u1ea1t ng\u00f4 m\u1ed9t c\u00e1ch \u0111\u1ed3ng \u0111\u1ec1u. \u0110i\u1ec1u n\u00e0y gi\u00fap m\u1ed7i c\u00e2y ng\u00f4 ph\u00e1t tri\u1ec3n \u0111\u00fang c\u00e1ch.<\/li>    <li>Ch\u1ea5t li\u1ec7u tuy\u1ec7t v\u1eddi c\u1ee7a c\u00e1c b\u1ed9 ph\u1eadn ch\u00ednh. T\u1ea5t c\u1ea3 c\u00e1c b\u00e1nh r\u0103ng c\u1ee7a h\u1ed9p s\u1ed1 \u0111\u1ec1u \u0111\u01b0\u1ee3c l\u00e0m t\u1eeb th\u00e9p ch\u1ea5t l\u01b0\u1ee3ng cao v\u00e0 \u0111\u01b0\u1ee3c t\u00f4i carbur. C\u00e1c b\u1ed9 ph\u1eadn truy\u1ec1n \u0111\u1ed9ng \u0111\u01b0\u1ee3c l\u00e0m t\u1eeb v\u00f2ng bi l\u0103n ch\u1ea5t l\u01b0\u1ee3ng cao.<\/li>    <li>D\u1ec5 v\u1eadn h\u00e0nh. M\u00e1y tr\u1ed3ng ng\u00f4 ng\u1ecdt d\u1ec5 d\u00e0ng kh\u1edfi \u0111\u1ed9ng v\u00e0 \u0111\u01a1n gi\u1ea3n \u0111\u1ec3 v\u1eadn h\u00e0nh. C\u1ea7n \u0111i\u1ec1u khi\u1ec3n h\u1ed9p s\u1ed1 c\u00f3 th\u1ec3 \u0111i\u1ec1u khi\u1ec3n \u0111\u1ed3ng th\u1eddi chuy\u1ec3n \u0111\u1ed9ng l\u1eafc tr\u00f2n v\u00e0 chuy\u1ec3n \u0111\u1ed9ng tr\u1ee5c c\u1ee7a b\u00e1nh c\u00e2n b\u1eb1ng.<\/li> <\/ol>    <h2 class=\"wp-block-heading\">Th\u00f4ng s\u1ed1 k\u1ef9 thu\u1eadt c\u1ee7a m\u00e1y gieo ng\u00f4 ng\u1ecdt 2 h\u00e0ng<\/h2>    <figure class=\"wp-block-table\"><table><tbody><tr><td>K\u00edch th\u01b0\u1edbc t\u1ed5ng th\u1ec3<\/td><td>1570*1300*1200mm<\/td><\/tr><tr><td>H\u00e0ng<\/td><td>2 c\u00e1i<\/td><\/tr><tr><td>Kho\u1ea3ng c\u00e1ch h\u00e0ng<\/td><td>428-570mm<\/td><\/tr><tr><td>Kho\u1ea3ng c\u00e1ch tr\u1ed3ng<\/td><td>C\u00f3 th\u1ec3 \u0111i\u1ec1u ch\u1ec9nh, 140mm\/173mm\/226mm\/280mm<\/td><\/tr><tr><td>\u0110\u1ed9 s\u00e2u r\u00e3nh<\/td><td>60-80mm<\/td><\/tr><tr><td>\u0110\u1ed9 s\u00e2u b\u00f3n ph\u00e2n<\/td><td>60-80mm<\/td><\/tr><tr><td>\u0110\u1ed9 s\u00e2u gieo h\u1ea1t<\/td><td>30-50mm<\/td><\/tr><tr><td>Dung t\u00edch c\u1ee7a b\u1ec3 ph\u00e2n b\u00f3n<\/td><td>18.75L x2<\/td><\/tr><tr><td>Dung t\u00edch c\u1ee7a h\u1ed9p h\u1ea1t<\/td><td>8.5 x 2<\/td><\/tr><tr><td>Tr\u1ecdng l\u01b0\u1ee3ng<\/td><td>150kg<\/td><\/tr><tr><td>C\u00f4ng su\u1ea5t t\u01b0\u01a1ng \u1ee9ng<\/td><td>12-18 m\u00e3 l\u1ef1c<\/td><\/tr><tr><td>Li\u00ean k\u1ebft<\/td><td>3 \u0111i\u1ec3m<\/td><\/tr><\/tbody><\/table><\/figure>    <p class=\"translation-block\">\u0110\u00e2y l\u00e0 c\u00e1c tham s\u1ed1 c\u1ee7a m\u00e1y gieo ng\u00f4 ng\u1ecdt 2 h\u00e0ng. Kho\u1ea3ng c\u00e1ch gieo h\u00e0ng l\u00e0 428-570 mm. Kho\u1ea3ng c\u00e1ch gi\u1eefa c\u00e1c c\u00e2y c\u00f3 th\u1ec3 \u0111\u01b0\u1ee3c \u0111i\u1ec1u ch\u1ec9nh \u1edf 140 mm\/173 mm\/226 mm\/280 mm. \u0110\u1ed9 s\u00e2u gieo l\u00e0 30-50mm. C\u00f4ng su\u1ea5t \u0111\u1ed3ng b\u1ed9 <a href=\"https:\/\/en.wikipedia.org\/wiki\/Horsepower\" target=\"_blank\" rel=\"noopener\">horsepower<\/a> l\u00e0 12-18hp.<\/p>    <h2 class=\"wp-block-heading\">M\u00e1y gieo n\u00e0o t\u1ed1t nh\u1ea5t cho ng\u00f4 ng\u1ecdt?<\/h2>    <p class=\"translation-block\">Taizy Corn Machinery c\u00f3 m\u00e1y gieo ng\u00f4 ng\u1ecdt t\u1ed1t nh\u1ea5t. Ch\u00fang t\u00f4i c\u00f3 m\u00e1y gieo ng\u00f4 ng\u1ecdt 3 h\u00e0ng\/4 h\u00e0ng\/5 h\u00e0ng v\u00e0 6 h\u00e0ng \u0111\u1ec3 b\u00e1n. D\u00f9 b\u1ea1n d\u00f9ng cho m\u1ee5c \u0111\u00edch gia \u0111\u00ecnh hay th\u01b0\u01a1ng m\u1ea1i, b\u1ea1n c\u00f3 th\u1ec3 ch\u1ecdn \u0111\u01b0\u1ee3c m\u00e1y ph\u00f9 h\u1ee3p. L\u00e0 m\u1ed9t nh\u00e0 s\u1ea3n xu\u1ea5t chuy\u00ean v\u1ec1 m\u00e1y m\u00f3c n\u00f4ng nghi\u1ec7p, ch\u00fang t\u00f4i c\u00f3 th\u1ec3 cung c\u1ea5p cho kh\u00e1ch h\u00e0ng kh\u00f4ng ch\u1ec9 c\u00e1c m\u00e1y gieo ng\u00f4, m\u00e0 c\u00f2n <a href=\"https:\/\/maizemachine.com\/vi\/product\/2-row-corn-picker\/\">m\u00e1y h\u00e1i ng\u00f4 2 h\u00e0ng<\/a> v\u00e0 <a href=\"https:\/\/maizemachine.com\/vi\/product\/sweet-corn-sheller\/\">m\u00e1y t\u00e1ch ng\u00f4 ng\u1ecdt<\/a>.<\/p>   <div class=\"wp-block-image\"> <figure class=\"aligncenter size-full\"><img loading=\"lazy\" decoding=\"async\" width=\"720\" height=\"540\" src=\"http:\/\/maizemachine.com\/wp-content\/uploads\/2022\/08\/maize-planting-machine.webp\" alt=\"m\u00e1y tr\u1ed3ng ng\u00f4\" class=\"wp-image-80\" title=\"\" srcset=\"https:\/\/maizemachine.com\/wp-content\/uploads\/2022\/08\/maize-planting-machine.webp 720w, https:\/\/maizemachine.com\/wp-content\/uploads\/2022\/08\/maize-planting-machine-300x225.webp 300w\" sizes=\"auto, (max-width: 720px) 100vw, 720px\" \/><figcaption class=\"wp-element-caption\">m\u00e1y tr\u1ed3ng ng\u00f4<\/figcaption><\/figure> <\/div>   <h2 class=\"wp-block-heading\">Ghi ch\u00fa v\u1ec1 vi\u1ec7c v\u1eadn h\u00e0nh m\u00e1y gieo ng\u00f4 ng\u1ecdt<\/h2>    <ol class=\"wp-block-list\"> <li>M\u00e1y tr\u1ed3ng ng\u00f4 ng\u1ecdt ch\u1ec9 c\u00f3 th\u1ec3 \u0111\u01b0\u1ee3c s\u1eed d\u1ee5ng sau khi ng\u01b0\u1eddi li\u00ean quan \u0111\u00e3 ho\u00e0n th\u00e0nh kh\u00f3a \u0111\u00e0o t\u1ea1o c\u1ea7n thi\u1ebft. Ng\u01b0\u1eddi v\u1eadn h\u00e0nh ch\u1ec9 c\u00f3 th\u1ec3 \u0111\u1ea3m b\u1ea3o ch\u1ea5t l\u01b0\u1ee3ng v\u1eadn h\u00e0nh c\u1ee7a m\u00e1y tr\u1ed3ng v\u00e0 tr\u00e1nh x\u1ea3y ra s\u1ef1 c\u1ed1 c\u01a1 kh\u00ed khi h\u1ecd hi\u1ec3u \u0111\u01b0\u1ee3c nguy\u00ean l\u00fd, c\u1ea5u tr\u00fac v\u00e0 ph\u01b0\u01a1ng ph\u00e1p v\u1eadn h\u00e0nh c\u1ee7a m\u00e1y.<\/li>    <li>Tr\u01b0\u1edbc khi v\u1eadn h\u00e0nh, ng\u01b0\u1eddi l\u00e1i xe ph\u1ea3i ki\u1ec3m tra c\u1ea9n th\u1eadn m\u00e1y gieo h\u1ea1t \u0111\u1ec3 \u0111\u1ea3m b\u1ea3o r\u1eb1ng m\u00e1y ho\u1ea1t \u0111\u1ed9ng b\u00ecnh th\u01b0\u1eddng v\u00e0 c\u00e1c b\u1ed9 ph\u1eadn quan tr\u1ecdng \u0111\u01b0\u1ee3c b\u00f4i tr\u01a1n t\u1ed1t v\u00e0 k\u1ebft n\u1ed1i \u0111\u00fang c\u00e1ch.<\/li>    <li>N\u1ebfu ph\u00e1t hi\u1ec7n b\u1ea5t k\u1ef3 s\u1ef1 b\u1ea5t th\u01b0\u1eddng n\u00e0o trong qu\u00e1 tr\u00ecnh gieo h\u1ea1t, m\u00e1y s\u1ebd \u0111\u01b0\u1ee3c d\u1eebng ngay l\u1eadp t\u1ee9c \u0111\u1ec3 ki\u1ec3m tra, v\u00e0 ho\u1ea1t \u0111\u1ed9ng gieo h\u1ea1t ch\u1ec9 c\u00f3 th\u1ec3 ti\u1ebfp t\u1ee5c sau khi l\u1ed7i \u0111\u01b0\u1ee3c kh\u1eafc ph\u1ee5c.<\/li>    <li>Khi gieo h\u1ea1t, ng\u01b0\u1eddi v\u1eadn h\u00e0nh ph\u1ea3i ho\u00e0n th\u00e0nh quy tr\u00ecnh l\u00e0m vi\u1ec7c bao g\u1ed3m \u0111\u00e0o r\u00e3nh, \u0111o l\u01b0\u1eddng h\u1ea1t gi\u1ed1ng, ph\u00e2n b\u00f3n v\u00e0 ph\u1ee7 \u0111\u1ea5t theo kho\u1ea3ng c\u00e1ch h\u00e0ng v\u00e0 t\u1ed1c \u0111\u1ed9 v\u1eadn h\u00e0nh \u0111\u00e3 ch\u1ec9 \u0111\u1ecbnh.<\/li>    <li>Ngo\u00e0i vi\u1ec7c v\u1eadn h\u00e0nh theo ti\u00eau chu\u1ea9n y\u00eau c\u1ea7u c\u1ee7a nh\u00e0 s\u1ea3n xu\u1ea5t, ng\u01b0\u1eddi l\u00e1i c\u0169ng ph\u1ea3i ch\u00fa \u00fd \u0111\u1ebfn vi\u1ec7c b\u1ea3o tr\u00ec h\u00e0ng ng\u00e0y c\u1ee7a m\u00e1y gieo ng\u00f4 ng\u1ecdt. \u0110i\u1ec1u n\u00e0y c\u00f3 th\u1ec3 \u0111\u1ea3m b\u1ea3o r\u1eb1ng m\u00e1y gieo lu\u00f4n \u1edf trong t\u00ecnh tr\u1ea1ng l\u00e0m vi\u1ec7c t\u1ed1t \u0111\u1ec3 \u0111\u1ea3m b\u1ea3o ch\u1ea5t l\u01b0\u1ee3ng gieo tr\u1ed3ng v\u00e0 hi\u1ec7u qu\u1ea3 gieo tr\u1ed3ng.<\/li> <\/ol>   <div class=\"wp-block-image\"> <figure class=\"aligncenter size-full\"><img loading=\"lazy\" decoding=\"async\" width=\"720\" height=\"540\" src=\"http:\/\/maizemachine.com\/wp-content\/uploads\/2022\/08\/the-working-picture-of-corn-planting-equipment.webp\" alt=\"h\u00ecnh \u1ea3nh ho\u1ea1t \u0111\u1ed9ng c\u1ee7a thi\u1ebft b\u1ecb tr\u1ed3ng ng\u00f4\" class=\"wp-image-82\" title=\"\" srcset=\"https:\/\/maizemachine.com\/wp-content\/uploads\/2022\/08\/the-working-picture-of-corn-planting-equipment.webp 720w, https:\/\/maizemachine.com\/wp-content\/uploads\/2022\/08\/the-working-picture-of-corn-planting-equipment-300x225.webp 300w\" sizes=\"auto, (max-width: 720px) 100vw, 720px\" \/><figcaption class=\"wp-element-caption\">h\u00ecnh \u1ea3nh ho\u1ea1t \u0111\u1ed9ng c\u1ee7a thi\u1ebft b\u1ecb tr\u1ed3ng ng\u00f4<\/figcaption><\/figure> <\/div>   <h2 class=\"wp-block-heading\">Th\u00e1ng n\u00e0o n\u00ean tr\u1ed3ng ng\u00f4 ng\u1ecdt?<\/h2>    <p>Gieo ng\u00f4 ng\u1ecdt c\u00f3 th\u1ec3 \u0111\u01b0\u1ee3c th\u1ef1c hi\u1ec7n v\u00e0o m\u00f9a xu\u00e2n t\u1eeb th\u00e1ng Ba \u0111\u1ebfn th\u00e1ng N\u0103m, v\u00e0 th\u1eddi gian tr\u1ed3ng \u1edf m\u1ed7i v\u00f9ng s\u1ebd thay \u0111\u1ed5i t\u00f9y thu\u1ed9c v\u00e0o th\u1eddi ti\u1ebft. \u0110i\u1ec1u quan tr\u1ecdng l\u00e0 tr\u00e1nh nh\u1eefng kho\u1ea3ng th\u1eddi gian n\u00f3ng khi tr\u1ed3ng, v\u00ec th\u1eddi ti\u1ebft n\u00e0y c\u00f3 th\u1ec3 c\u1ea3n tr\u1edf s\u1ef1 ph\u00e1t tri\u1ec3n c\u1ee7a h\u1ea1t gi\u1ed1ng. V\u00e0 ngay c\u1ea3 khi c\u00e2y con ph\u00e1t tri\u1ec3n, ch\u00fang c\u00f3 th\u1ec3 r\u1ea5t m\u1ecfng manh v\u00e0 nh\u1ecf b\u00e9. Nh\u1eefng c\u00e2y con nh\u01b0 v\u1eady s\u1ebd c\u00f3 n\u0103ng su\u1ea5t r\u1ea5t th\u1ea5p khi tr\u01b0\u1edfng th\u00e0nh. \u0110\u1ea5t ph\u1ea3i c\u00f3 \u0111\u1ed9 m\u00e0u m\u1ee1 t\u1ed1t khi gieo h\u1ea1t. H\u1ea1t gi\u1ed1ng ng\u00f4 ng\u1ecdt c\u0169ng n\u00ean \u0111\u01b0\u1ee3c ch\u1ecdn l\u1ef1a c\u1ea9n th\u1eadn. N\u1ebfu kh\u00f4ng, \u0111i\u1ec1u n\u00e0y s\u1ebd \u1ea3nh h\u01b0\u1edfng tr\u1ef1c ti\u1ebfp \u0111\u1ebfn n\u0103ng su\u1ea5t c\u1ee7a ng\u00f4 ng\u1ecdt.<\/p>","protected":false},"excerpt":{"rendered":"<p>Sweet corn planter is a machine that can sow seeds on sweet corn. Sweet corn seeder is the hot selling machine of Taizy Corn Machinery. Our corn planter can do all the processes of loosening, fertilizing, digging trenches, sowing, and covering soil at the same time. Therefore, compared with other corn planter manufacturers, our machine [&hellip;]<\/p>\n","protected":false},"author":1,"featured_media":231,"parent":0,"template":"","tags":[13],"product-type":[7],"class_list":["post-230","product","type-product","status-publish","has-post-thumbnail","hentry","tag-corn-planter","product-type-corn-planter"],"_links":{"self":[{"href":"https:\/\/maizemachine.com\/vi\/wp-json\/wp\/v2\/product\/230","targetHints":{"allow":["GET"]}}],"collection":[{"href":"https:\/\/maizemachine.com\/vi\/wp-json\/wp\/v2\/product"}],"about":[{"href":"https:\/\/maizemachine.com\/vi\/wp-json\/wp\/v2\/types\/product"}],"author":[{"embeddable":true,"href":"https:\/\/maizemachine.com\/vi\/wp-json\/wp\/v2\/users\/1"}],"wp:featuredmedia":[{"embeddable":true,"href":"https:\/\/maizemachine.com\/vi\/wp-json\/wp\/v2\/media\/231"}],"wp:attachment":[{"href":"https:\/\/maizemachine.com\/vi\/wp-json\/wp\/v2\/media?parent=230"}],"wp:term":[{"taxonomy":"post_tag","embeddable":true,"href":"https:\/\/maizemachine.com\/vi\/wp-json\/wp\/v2\/tags?post=230"},{"taxonomy":"product-type","embeddable":true,"href":"https:\/\/maizemachine.com\/vi\/wp-json\/wp\/v2\/product-type?post=230"}],"curies":[{"name":"wp","href":"https:\/\/api.w.org\/{rel}","templated":true}]}}