{"id":223,"date":"2022-11-30T15:23:19","date_gmt":"2022-11-30T07:23:19","guid":{"rendered":"https:\/\/maizemachine.com\/?post_type=product&#038;p=223"},"modified":"2025-12-30T17:40:02","modified_gmt":"2025-12-30T09:40:02","slug":"small-maize-sheller-machine","status":"publish","type":"product","link":"https:\/\/maizemachine.com\/vi\/product\/small-maize-sheller-machine\/","title":{"rendered":"M\u00e1y t\u00e1ch h\u1ea1t ng\u00f4 nh\u1ecf 1.5 T\u1ea5n\/h | M\u00e1y t\u00e1ch h\u1ea1t ng\u00f4 nh\u1ecf"},"content":{"rendered":"<p class=\"translation-block\">M\u00e1y b\u00f3c ng\u00f4 nh\u1ecf l\u00e0 m\u1ed9t m\u00e1y ph\u1ed5 bi\u1ebfn trong<a href=\"https:\/\/maizemachine.com\/vi\/\">m\u00e1y n\u00f4ng nghi\u1ec7p<\/a>. S\u1ea3n l\u01b0\u1ee3ng c\u1ee7a m\u00e1y l\u00e0<strong><mark class=\"has-inline-color has-luminous-vivid-amber-color\">1500kg\/h-2000kg\/h<\/mark><\/strong>, do \u0111\u00f3 n\u00f3 \u0111\u1eb7c bi\u1ec7t ph\u00f9 h\u1ee3p cho c\u00e1c n\u00f4ng tr\u1ea1i v\u00e0 gia \u0111\u00ecnh nh\u1ecf. <\/p>    <p class=\"translation-block\">M\u1eb7c d\u00f9 m\u00e1y nh\u1ecf, nh\u01b0ng m\u1ea1nh m\u1ebd. N\u00f3 c\u00f3 th\u1ec3 t\u00e1ch v\u00e0 b\u00f3c v\u1ecf ng\u00f4. Nhi\u1ec1u \u0111\u1ea1i l\u00fd \u1edf c\u00e1c qu\u1ed1c gia kh\u00e1c ch\u1ecdn mua m\u00e1y t\u00e1ch ng\u00f4 nh\u1ecf n\u00e0y. B\u1edfi v\u00ec m\u00e1y n\u00e0y r\u1ea5t ph\u1ed5 bi\u1ebfn trong m\u00f9a thu ho\u1ea1ch ng\u00f4. Ngo\u00e0i c\u00e1c m\u00e1y t\u00e1ch v\u1ecf ng\u00f4 nh\u1ecf, Nh\u00e0 m\u00e1y M\u00e1y m\u00f3c Ng\u00f4 Taizy c\u00f2n c\u00f3 c\u00e1c m\u00e1y t\u00e1ch ng\u00f4 trung b\u00ecnh v\u00e0 <a href=\"http:\/\/commercial corn sheller\">m\u00e1y t\u00e1ch v\u1ecf ng\u00f4 th\u01b0\u01a1ng m\u1ea1i<\/a> \u0111\u1ec3 b\u00e1n.<\/p>    <p class=\"translation-block\">M\u00e1y b\u00f3c ng\u00f4 n\u00e0y c\u00f3 th\u1ec3 \u0111\u01b0\u1ee3c trang b\u1ecb ho\u1eb7c l\u00e0<strong><mark class=\"has-inline-color has-luminous-vivid-amber-color\">\u0111\u1ed9ng c\u01a1 x\u0103ng<\/mark><\/strong>ho\u1eb7c l\u00e0<strong><mark class=\"has-inline-color has-luminous-vivid-amber-color\">\u0111\u1ed9ng c\u01a1 \u0111i\u1ec7n<\/mark><\/strong>, ph\u00f9 h\u1ee3p cho nhi\u1ec1u \u1ee9ng d\u1ee5ng.<\/p>   <div class=\"wp-block-image\"> <figure class=\"aligncenter size-full\"><img loading=\"lazy\" decoding=\"async\" width=\"720\" height=\"540\" src=\"http:\/\/maizemachine.com\/wp-content\/uploads\/2022\/11\/small-maize-sheller-machine.webp\" alt=\"m\u00e1y t\u00e1ch h\u1ea1t ng\u00f4 nh\u1ecf\" class=\"wp-image-228\" title=\"\" srcset=\"https:\/\/maizemachine.com\/wp-content\/uploads\/2022\/11\/small-maize-sheller-machine.webp 720w, https:\/\/maizemachine.com\/wp-content\/uploads\/2022\/11\/small-maize-sheller-machine-300x225.webp 300w\" sizes=\"auto, (max-width: 720px) 100vw, 720px\" \/><figcaption class=\"wp-element-caption\">m\u00e1y t\u00e1ch h\u1ea1t ng\u00f4 nh\u1ecf<\/figcaption><\/figure> <\/div>   <h2 class=\"wp-block-heading\">L\u1ee3i \u00edch c\u1ee7a m\u00e1y t\u00e1ch h\u1ea1t ng\u00f4 nh\u1ecf<\/h2>    <div class=\"wp-block-columns is-layout-flex wp-container-core-columns-is-layout-9d6595d7 wp-block-columns-is-layout-flex\"> <div class=\"wp-block-column is-layout-flow wp-block-column-is-layout-flow\"> <p class=\"has-text-align-center translation-block\"><strong>Hi\u1ec7u su\u1ea5t cao<\/strong><\/p>    <p class=\"translation-block\">X\u1eed l\u00fd<strong><mark class=\"has-inline-color has-luminous-vivid-amber-color\">1500\u20132000 kg<\/mark><\/strong>ng\u00f4 m\u1ed7i gi\u1edd, \u0111\u1ea3m b\u1ea3o t\u1ed1c \u0111\u1ed9 b\u00f3c nhanh v\u00e0 ho\u1ea1t \u0111\u1ed9ng li\u00ean t\u1ee5c. Ph\u00f9 h\u1ee3p cho ch\u1ebf bi\u1ebfn ng\u00f4 \u1edf quy m\u00f4 nh\u1ecf \u0111\u1ebfn trung b\u00ecnh.<\/p> <\/div>    <div class=\"wp-block-column is-layout-flow wp-block-column-is-layout-flow\"> <p class=\"has-text-align-center translation-block\"><strong>C\u00e1cOption c\u1ea5p ngu\u1ed3n linh ho\u1ea1t<\/strong><\/p>    <p class=\"translation-block\">C\u00f3 th\u1ec3 \u0111\u01b0\u1ee3c trang b\u1ecb ho\u1eb7c l\u00e0<strong><mark class=\"has-inline-color has-luminous-vivid-amber-color\">\u0111\u1ed9ng c\u01a1 x\u0103ng<\/mark><\/strong>ho\u1eb7c l\u00e0<strong><mark class=\"has-inline-color has-luminous-vivid-amber-color\">\u0111\u1ed9ng c\u01a1 \u0111i\u1ec7n 2.2 kW<\/mark><\/strong>, cho ph\u00e9p ng\u01b0\u1eddi d\u00f9ng ch\u1ecdn t\u00f9y theo ngu\u1ed3n \u0111i\u1ec7n \u0111\u1ecba ph\u01b0\u01a1ng ho\u1eb7c s\u1ef1 c\u00f3 m\u1eb7t c\u1ee7a nhi\u00ean li\u1ec7u\u2014ho\u00e0n h\u1ea3o cho khu v\u1ef1c n\u00f4ng th\u00f4n ho\u1eb7c ngo\u00e0i l\u01b0\u1edbi.<\/p> <\/div> <\/div>    <div class=\"wp-block-columns is-layout-flex wp-container-core-columns-is-layout-9d6595d7 wp-block-columns-is-layout-flex\"> <div class=\"wp-block-column is-layout-flow wp-block-column-is-layout-flow\"> <p class=\"has-text-align-center translation-block\"><strong>C\u1ea5u tr\u00fac g\u1ecdn nh\u1eb9 &amp; di \u0111\u1ed9ng d\u1ec5 d\u00e0ng<\/strong><\/p>    <p class=\"translation-block\">Ch\u1ec9 n\u1eb7ng<strong><mark class=\"has-inline-color has-luminous-vivid-amber-color\">65 kg<\/mark><\/strong>v\u00e0 k\u00edch th\u01b0\u1edbc<strong> <mark class=\"has-inline-color has-luminous-vivid-amber-color\">440\u00d7400\u00d7800<\/mark><\/strong>mm, m\u00e1y nh\u1eb9, ti\u1ebft ki\u1ec7m kh\u00f4ng gian, v\u00e0 d\u1ec5 di chuy\u1ec3n, l\u1eafp \u0111\u1eb7t v\u00e0 b\u1ea3o qu\u1ea3n.<\/p> <\/div>    <div class=\"wp-block-column is-layout-flow wp-block-column-is-layout-flow\"> <p class=\"has-text-align-center translation-block\"><strong>\u0110\u1ed9 b\u1ec1n &amp; Hi\u1ec7u su\u1ea5t \u1ed5n \u0111\u1ecbnh<\/strong><\/p>    <p>\u0110\u01b0\u1ee3c ch\u1ebf t\u1ea1o b\u1eb1ng th\u00e9p ch\u1ea5t l\u01b0\u1ee3ng cao, c\u00f3 rotor gia c\u1ed1 v\u00e0 khung ch\u1eafc ch\u1eafn. M\u00e1y ch\u1ea1y \u00eam v\u1edbi \u0111\u1ed9 rung th\u1ea5p, tu\u1ed5i th\u1ecd d\u00e0i v\u00e0 v\u1eadn h\u00e0nh \u0111\u00e1ng tin c\u1eady.<\/p> <\/div> <\/div>   <div class=\"wp-block-image\"> <figure class=\"aligncenter size-full\"><img loading=\"lazy\" decoding=\"async\" width=\"720\" height=\"540\" src=\"http:\/\/maizemachine.com\/wp-content\/uploads\/2022\/11\/small-corn-sheller-for-sale.jpg\" alt=\"M\u00e1y t\u00e1ch h\u1ea1t ng\u00f4 nh\u1ecf \u0111\u1ec3 b\u00e1n\" class=\"wp-image-226\" title=\"\" srcset=\"https:\/\/maizemachine.com\/wp-content\/uploads\/2022\/11\/small-corn-sheller-for-sale.jpg 720w, https:\/\/maizemachine.com\/wp-content\/uploads\/2022\/11\/small-corn-sheller-for-sale-300x225.jpg 300w\" sizes=\"auto, (max-width: 720px) 100vw, 720px\" \/><figcaption class=\"wp-element-caption\">M\u00e1y t\u00e1ch h\u1ea1t ng\u00f4 nh\u1ecf \u0111\u1ec3 b\u00e1n<\/figcaption><\/figure> <\/div>   <div class=\"wp-block-columns is-layout-flex wp-container-core-columns-is-layout-9d6595d7 wp-block-columns-is-layout-flex\"> <div class=\"wp-block-column is-layout-flow wp-block-column-is-layout-flow\"> <p class=\"has-text-align-center translation-block\"><strong>Ph\u00e2n t\u00e1ch s\u1ea1ch, t\u1ed5n th\u1ea5t h\u1ea1t th\u1ea5p<\/strong><\/p>    <p class=\"translation-block\">Thi\u1ebft k\u1ebf tr\u1ed1ng t\u1ed1i \u01b0u \u0111\u1ea1t t\u1ef7 l\u1ec7 l\u00e0m s\u1ea1ch tr\u00ean<strong><mark class=\"has-inline-color has-luminous-vivid-amber-color\">98%<\/mark><\/strong>v\u00e0 h\u1ecfng h\u1ea1t th\u1ea5p, gi\u1ea3m r\u00f2 r\u1ec9 v\u00e0 t\u0103ng n\u0103ng su\u1ea5t.<\/p> <\/div>    <div class=\"wp-block-column is-layout-flow wp-block-column-is-layout-flow\"> <p class=\"has-text-align-center translation-block\"><strong>S\u1ea3n ph\u1ea9m s\u1ea1ch &amp; b\u1ea3o tr\u00ec d\u1ec5 d\u00e0ng<\/strong><\/p>    <p>Qu\u1ea1t t\u00edch h\u1ee3p s\u1ebd t\u1ef1 \u0111\u1ed9ng \u0111\u1ea9y b\u1ee5i v\u00e0 t\u1ea1p ch\u1ea5t ra khi v\u1eadn h\u00e0nh, \u0111\u1ea3m b\u1ea3o ng\u00f4 th\u00e0nh ph\u1ea9m s\u1ea1ch h\u01a1n. C\u1ea5u tr\u00fac \u0111\u01a1n gi\u1ea3n cho ph\u00e9p b\u1ea3o tr\u00ec nhanh v\u00e0 thay th\u1ebf ph\u1ee5 t\u00f9ng d\u1ec5 d\u00e0ng, gi\u1ea3m th\u1eddi gian ng\u1eebng m\u00e1y.<\/p> <\/div> <\/div>    <h2 class=\"wp-block-heading\">C\u1ea5u tr\u00fac c\u1ee7a m\u00e1y t\u00e1ch h\u1ea1t ng\u00f4 nh\u1ecf<\/h2>    <p>M\u00e1y xay ng\u00f4 gia \u0111\u00ecnh bao g\u1ed3m m\u1ed9t c\u1eeda n\u1ea1p, m\u1ed9t ph\u00f2ng xay v\u00e0 b\u00f3c v\u1ecf, m\u1ed9t \u0111\u1ed9ng c\u01a1 ho\u1eb7c \u0111\u1ed9ng c\u01a1 x\u0103ng, m\u1ed9t c\u1eeda ra h\u1ea1t ng\u00f4 v\u00e0 m\u1ed9t c\u1eeda ra que ng\u00f4, m\u1ed9t qu\u1ea1t v\u00e0 m\u1ed9t khung. K\u00edch th\u01b0\u1edbc c\u1ee7a c\u1eeda n\u1ea1p l\u00e0 330mm r\u1ed9ng v\u00e0 360mm d\u00e0i. C\u1eeda n\u1ea1p \u0111\u01b0\u1ee3c thi\u1ebft k\u1ebf \u0111\u1ec3 d\u1ec5 d\u00e0ng \u0111\u1eb7t ng\u00f4.<\/p>   <div class=\"wp-block-image\"> <figure class=\"aligncenter size-full\"><img loading=\"lazy\" decoding=\"async\" width=\"720\" height=\"540\" src=\"http:\/\/maizemachine.com\/wp-content\/uploads\/2022\/11\/structure-of-small-maize-sheller.webp\" alt=\"c\u1ea5u tr\u00fac c\u1ee7a m\u00e1y t\u00e1ch h\u1ea1t ng\u00f4 nh\u1ecf\" class=\"wp-image-229\" title=\"\" srcset=\"https:\/\/maizemachine.com\/wp-content\/uploads\/2022\/11\/structure-of-small-maize-sheller.webp 720w, https:\/\/maizemachine.com\/wp-content\/uploads\/2022\/11\/structure-of-small-maize-sheller-300x225.webp 300w\" sizes=\"auto, (max-width: 720px) 100vw, 720px\" \/><figcaption class=\"wp-element-caption\">c\u1ea5u tr\u00fac c\u1ee7a m\u00e1y t\u00e1ch h\u1ea1t ng\u00f4 nh\u1ecf<\/figcaption><\/figure> <\/div>   <h2 class=\"wp-block-heading\">Th\u00f4ng s\u1ed1 k\u1ef9 thu\u1eadt m\u00e1y<\/h2>    <figure class=\"wp-block-table\"><table><tbody><tr><td>M\u00f4 h\u00ecnh<\/td><td>TZ-1500<\/td><\/tr><tr><td>C\u00f4ng su\u1ea5t<\/td><td>\u0110\u1ed9ng c\u01a1 ga ho\u1eb7c \u0111\u1ed9ng c\u01a1 \u0111i\u1ec7n 2.2Kw<\/td><\/tr><tr><td>Dung l\u01b0\u1ee3ng<\/td><td>1500-2000kg\/gi\u1edd<\/td><\/tr><tr><td>Tr\u1ecdng l\u01b0\u1ee3ng m\u00e1y<\/td><td>65kg<\/td><\/tr><tr><td>K\u00edch th\u01b0\u1edbc m\u00e1y<\/td><td>440*400*800mm<\/td><\/tr><\/tbody><\/table><\/figure>    <h2 class=\"wp-block-heading\">M\u00e1y t\u00e1ch h\u1ea1t ng\u00f4 nh\u1ecf ho\u1ea1t \u0111\u1ed9ng nh\u01b0 th\u1ebf n\u00e0o?<\/h2>    <p>Nguy\u00ean l\u00fd ho\u1ea1t \u0111\u1ed9ng c\u1ee7a m\u00e1y t\u00e1ch h\u1ea1t ng\u00f4 l\u00e0 xay ng\u00f4 b\u1eb1ng s\u1ef1 ma s\u00e1t c\u1ee7a tr\u1ed1ng b\u00ean trong m\u00e1y. Kho\u1ea3ng c\u00e1ch gi\u1eefa c\u00e1c con l\u0103n s\u1ebd kh\u00f4ng nghi\u1ec1n n\u00e1t b\u1eafp ng\u00f4. Sau \u0111\u00f3, h\u1ea1t ng\u00f4 s\u1ebd tho\u00e1t ra t\u1eeb c\u1eeda tho\u00e1t h\u1ea1t ng\u00f4, v\u00e0 b\u1eafp ng\u00f4 s\u1ebd tho\u00e1t ra t\u1eeb m\u1ed9t c\u1eeda kh\u00e1c. \u0110\u00e2y l\u00e0 quy tr\u00ecnh l\u00e0m vi\u1ec7c c\u1ee7a m\u1ed9t m\u00e1y t\u00e1ch h\u1ea1t ng\u00f4 mini.<\/p>    <h2 class=\"wp-block-heading\">Gi\u00e1 m\u00e1y xay ng\u00f4 mini<\/h2>    <p>Gi\u00e1 c\u1ee7a m\u1ed9t m\u00e1y b\u00f3c ng\u00f4 nh\u1ecf t\u01b0\u01a1ng \u0111\u1ed1i r\u1ebb v\u00ec c\u1ea5u tr\u00fac c\u1ee7a n\u00f3 \u0111\u01a1n gi\u1ea3n v\u00e0 s\u1ea3n l\u01b0\u1ee3ng kh\u00f4ng l\u1edbn b\u1eb1ng c\u00e1c m\u00e1y s\u00e0ng ng\u00f4 th\u01b0\u01a1ng m\u1ea1i. V\u00ec v\u1eady, \u0111\u1ea1i l\u00fd \u1edf nhi\u1ec1u n\u01b0\u1edbc mua m\u00e1y b\u00f3c ng\u00f4 nh\u1ecf n\u00e0y r\u1ed3i b\u00e1n cho n\u00f4ng d\u00e2n. Do \u1ea3nh h\u01b0\u1edfng c\u1ee7a kho\u1ea3ng c\u00e1ch v\u00e0 t\u1ef7 gi\u00e1, ch\u00fang t\u00f4i kh\u00f4ng th\u1ec3 \u0111\u01b0a ra b\u00e1o gi\u00e1 c\u1ee5 th\u1ec3 \u1edf \u0111\u00e2y. N\u1ebfu b\u1ea1n mu\u1ed1n bi\u1ebft gi\u00e1 c\u1ee7a m\u00e1y, xin vui l\u00f2ng li\u00ean h\u1ec7 v\u1edbi ch\u00fang t\u00f4i. \u0110\u1ed9i ng\u0169 b\u00e1n h\u00e0ng c\u1ee7a ch\u00fang t\u00f4i s\u1ebd tr\u1ea3 l\u1eddi b\u1ea1n k\u1ecbp th\u1eddi.<\/p>   <div class=\"wp-block-image\"> <figure class=\"aligncenter size-full\"><img loading=\"lazy\" decoding=\"async\" width=\"720\" height=\"540\" src=\"http:\/\/maizemachine.com\/wp-content\/uploads\/2022\/11\/shipment-picture.webp\" alt=\"h\u00ecnh \u1ea3nh v\u1eadn chuy\u1ec3n\" class=\"wp-image-225\" title=\"\" srcset=\"https:\/\/maizemachine.com\/wp-content\/uploads\/2022\/11\/shipment-picture.webp 720w, https:\/\/maizemachine.com\/wp-content\/uploads\/2022\/11\/shipment-picture-300x225.webp 300w\" sizes=\"auto, (max-width: 720px) 100vw, 720px\" \/><figcaption class=\"wp-element-caption\">h\u00ecnh \u1ea3nh v\u1eadn chuy\u1ec3n<\/figcaption><\/figure> <\/div>   <h2 class=\"wp-block-heading\">T\u1ea1i sao kh\u00e1ch h\u00e0ng ch\u1ecdn m\u00e1y t\u00e1ch h\u1ea1t ng\u00f4 mini c\u1ee7a ch\u00fang t\u00f4i?<\/h2>    <p class=\"translation-block\">Tr\u01b0\u1edbc ti\u00ean, m\u00e1y b\u00f3c ng\u00f4 nh\u1ecf n\u00e0y kh\u00f4ng ch\u1ec9 b\u00f3c v\u1ecf m\u00e0 c\u00f2n t peeled. \u0110\u00e2y l\u00e0 m\u1ed9t m\u00e1y hai ch\u1ee9c n\u0103ng. H\u01a1n n\u1eefa, hi\u1ec7u qu\u1ea3 b\u00f3c c\u1ee7a m\u00e1y t\u1ed1t, t\u1ef7 l\u1ec7 t\u00e1ch h\u1ea1t ng\u00f4 l\u00ean t\u1edbi 99%. Th\u1ee9 hai, hi\u1ec7u su\u1ea5t s\u1ea3n xu\u1ea5t<strong>1500-2000 kg<\/strong>m\u1ed7i gi\u1edd c\u00f3 th\u1ec3 \u0111\u00e1p \u1ee9ng nhu c\u1ea7u b\u00f3c cho c\u00e1c gia \u0111\u00ecnh v\u00e0 n\u00f4ng d\u00e2n nh\u1ecf. Cu\u1ed1i c\u00f9ng, c\u1ee7 ng\u00f4 v\u00e0 ng\u00f4 s\u1ebd ra t\u1eeb hai mi\u1ec7ng t\u01b0\u01a1ng \u1ee9ng. Ng\u01b0\u1eddi d\u00f9ng kh\u00f4ng m\u1ea5t th\u1eddi gian v\u00e0 c\u00f4ng s\u1ee9c \u0111\u1ec3 s\u00e0ng l\u1ecdc.<\/p>   <div class=\"wp-block-image\"> <figure class=\"aligncenter size-full\"><img loading=\"lazy\" decoding=\"async\" width=\"720\" height=\"540\" src=\"https:\/\/maizemachine.com\/wp-content\/uploads\/2023\/07\/Certificates.webp\" alt=\"Ch\u1ee9ng nh\u1eadn\" class=\"wp-image-683\" title=\"\" srcset=\"https:\/\/maizemachine.com\/wp-content\/uploads\/2023\/07\/Certificates.webp 720w, https:\/\/maizemachine.com\/wp-content\/uploads\/2023\/07\/Certificates-300x225.webp 300w, https:\/\/maizemachine.com\/wp-content\/uploads\/2023\/07\/Certificates-16x12.webp 16w\" sizes=\"auto, (max-width: 720px) 100vw, 720px\" \/><figcaption class=\"wp-element-caption\">Ch\u1ee9ng nh\u1eadn<\/figcaption><\/figure> <\/div>   <p><\/p>","protected":false},"excerpt":{"rendered":"<p>Small maize sheller machine is a common machine in corn machinery. The output of the machine is 1500kg\/h-2000kg\/h, so it is especially suitable for small farms and families. Although the machine is small, it is powerful. It can thresh and peel corn. Many dealers in other countries choose to buy this small maize thresher. Because [&hellip;]<\/p>\n","protected":false},"author":1,"featured_media":227,"parent":0,"template":"","tags":[14,15,16],"product-type":[9],"class_list":["post-223","product","type-product","status-publish","has-post-thumbnail","hentry","tag-corn-sheller","tag-maize-sheller","tag-small-maize-sheller-machine","product-type-corn-sheller-machine"],"_links":{"self":[{"href":"https:\/\/maizemachine.com\/vi\/wp-json\/wp\/v2\/product\/223","targetHints":{"allow":["GET"]}}],"collection":[{"href":"https:\/\/maizemachine.com\/vi\/wp-json\/wp\/v2\/product"}],"about":[{"href":"https:\/\/maizemachine.com\/vi\/wp-json\/wp\/v2\/types\/product"}],"author":[{"embeddable":true,"href":"https:\/\/maizemachine.com\/vi\/wp-json\/wp\/v2\/users\/1"}],"wp:featuredmedia":[{"embeddable":true,"href":"https:\/\/maizemachine.com\/vi\/wp-json\/wp\/v2\/media\/227"}],"wp:attachment":[{"href":"https:\/\/maizemachine.com\/vi\/wp-json\/wp\/v2\/media?parent=223"}],"wp:term":[{"taxonomy":"post_tag","embeddable":true,"href":"https:\/\/maizemachine.com\/vi\/wp-json\/wp\/v2\/tags?post=223"},{"taxonomy":"product-type","embeddable":true,"href":"https:\/\/maizemachine.com\/vi\/wp-json\/wp\/v2\/product-type?post=223"}],"curies":[{"name":"wp","href":"https:\/\/api.w.org\/{rel}","templated":true}]}}