{"id":120,"date":"2022-08-24T07:14:33","date_gmt":"2022-08-24T07:14:33","guid":{"rendered":"https:\/\/maizemachine.com\/?post_type=product&#038;p=120"},"modified":"2025-10-28T16:13:14","modified_gmt":"2025-10-28T08:13:14","slug":"sweet-corn-sheller","status":"publish","type":"product","link":"https:\/\/maizemachine.com\/vi\/product\/sweet-corn-sheller\/","title":{"rendered":"M\u00e1y t\u00e1ch ng\u00f4 ng\u1ecdt | M\u00e1y t\u00e1ch ng\u00f4 t\u01b0\u01a1i"},"content":{"rendered":"<p class=\"translation-block\">M\u00e1y t\u00e1ch ng\u00f4 ng\u1ecdt l\u00e0 m\u1ed9t m\u00e1y m\u00f3c l\u1ea5y h\u1ea1t ng\u00f4 t\u1eeb b\u1eafp ng\u00f4 t\u01b0\u01a1i. N\u00f3 c\u00f3 th\u1ec3 b\u00f3c v\u1ecf ho\u00e0n to\u00e0n h\u1ea1t ng\u00f4 tr\u00ean b\u1eafp ng\u00f4. Trong m\u00e1y m\u00f3c ch\u1ebf bi\u1ebfn ng\u00f4 c\u1ee7a Taizy, ch\u00fang t\u00f4i kh\u00f4ng ch\u1ec9 c\u00f3 m\u00e1y t\u00e1ch ng\u00f4 t\u01b0\u01a1i m\u00e0 c\u00f2n c\u00f3 m\u00e1y t\u00e1ch ng\u00f4 kh\u00f4<a href=\"https:\/\/maizemachine.com\/vi\/product\/maize-sheller\/\">ng\u00f4 kh\u00f4<\/a>. Ng\u01b0\u1eddi ta tin r\u1eb1ng hai thi\u1ebft b\u1ecb ph\u00e2n lo\u1ea1i n\u00e0y c\u00f3 th\u1ec3 \u0111\u00e1p \u1ee9ng nhu c\u1ea7u x\u00e1t ng\u00f4 c\u1ee7a kh\u00e1ch h\u00e0ng. <\/p>    <p class=\"translation-block\">M\u00e1y b\u00f3c v\u1ecf ng\u00f4 ng\u1ecdt nh\u1ecf n\u00e0y \u0111\u01b0\u1ee3c thi\u1ebft k\u1ebf \u0111\u1eb7c bi\u1ec7t cho ng\u00f4 t\u01b0\u01a1i, ng\u00f4 ng\u1ecdt v\u00e0 ng\u00f4 b\u00f3ng. N\u00f3 c\u00f3 th\u1ec3 x\u1eed l\u00fd<strong><mark class=\"has-inline-color has-luminous-vivid-amber-color\">400\u2013500 kg m\u1ed7i gi\u1edd<\/mark><\/strong>v\u1edbi hi\u1ec7u su\u1ea5t \u1ed5n \u0111\u1ecbnh v\u00e0 hi\u1ec7u qu\u1ea3. H\u1ea1t ng\u00f4 v\u1eabn nguy\u00ean v\u1eb9n, v\u00e0 t\u1ef7 l\u1ec7 b\u00f3c v\u1ecf \u0111\u1ea1t t\u1edbi<mark class=\"has-inline-color has-luminous-vivid-amber-color\"> <strong>98%<\/strong>.<\/mark>N\u00f3 \u0111\u01b0\u1ee3c s\u1eed d\u1ee5ng r\u1ed9ng r\u00e3i trong ch\u1ebf bi\u1ebfn ng\u00f4 \u0111\u00f4ng l\u1ea1nh, ng\u00f4 \u0111\u00f3ng h\u1ed9p v\u00e0 h\u1ea1t ng\u00f4 \u0111\u00f3ng g\u00f3i, l\u00e0m cho n\u00f3 tr\u1edf th\u00e0nh m\u1ed9t m\u00e1y l\u00fd t\u01b0\u1edfng cho c\u00e1c nh\u00e0 m\u00e1y ch\u1ebf bi\u1ebfn ng\u00f4 hi\u1ec7n \u0111\u1ea1i, nh\u00e0 m\u00e1y th\u1ef1c ph\u1ea9m v\u00e0 c\u00e1c nh\u00e0 ch\u1ebf bi\u1ebfn s\u1ea3n ph\u1ea9m n\u00f4ng nghi\u1ec7p.<\/p>   <div class=\"wp-block-image\"> <figure class=\"aligncenter size-full\"><img loading=\"lazy\" decoding=\"async\" width=\"720\" height=\"534\" src=\"http:\/\/maizemachine.com\/wp-content\/uploads\/2022\/08\/fresh-corn-sheller-machine.webp\" alt=\"m\u00e1y t\u00e1ch h\u1ea1t ng\u00f4 t\u01b0\u01a1i\" class=\"wp-image-126\" title=\"\" srcset=\"https:\/\/maizemachine.com\/wp-content\/uploads\/2022\/08\/fresh-corn-sheller-machine.webp 720w, https:\/\/maizemachine.com\/wp-content\/uploads\/2022\/08\/fresh-corn-sheller-machine-300x223.webp 300w\" sizes=\"auto, (max-width: 720px) 100vw, 720px\" \/><figcaption class=\"wp-element-caption\">m\u00e1y t\u00e1ch h\u1ea1t ng\u00f4 t\u01b0\u01a1i<\/figcaption><\/figure> <\/div>   <p class=\"translation-block\">Nh\u1edd nh\u1eefng l\u1ee3i th\u1ebf c\u1ee7a m\u00e1y t\u00e1ch ng\u00f4 t\u01b0\u01a1i, c\u00e1c m\u00e1y c\u1ee7a ch\u00fang t\u00f4i \u0111\u00e3 \u0111\u01b0\u1ee3c xu\u1ea5t kh\u1ea9u sang Singapore, Nga, Mexico, Indonesia, Hoa K\u1ef3,<a href=\"https:\/\/en.wikipedia.org\/wiki\/Ghana\" target=\"_blank\" rel=\"noopener\">Ghana<\/a>, Nigeria v\u00e0 c\u00e1c qu\u1ed1c gia kh\u00e1c.<\/p>    <figure class=\"wp-block-embed is-type-video is-provider-youtube wp-block-embed-youtube wp-embed-aspect-16-9 wp-has-aspect-ratio\"><div class=\"wp-block-embed__wrapper\"> <iframe loading=\"lazy\" title=\"M\u00e1y t\u00e1ch ng\u00f4 ng\u1ecdt \u2014 Lo\u1ea1i b\u1ecf h\u1ea1t trong v\u00e0i gi\u00e2y!#ng\u00f4ng\u1ecdt #m\u00e1y x\u00e1t ng\u00f4 #x\u1eed l\u00fd ng\u00f4\" width=\"500\" height=\"281\" src=\"https:\/\/www.youtube.com\/embed\/iA9_fqDLDgo?feature=oembed\" frameborder=\"0\" allow=\"accelerometer; autoplay; clipboard-write; encrypted-media; gyroscope; picture-in-picture; web-share\" referrerpolicy=\"strict-origin-when-cross-origin\" allowfullscreen><\/iframe> <\/div><\/figure>    <h2 class=\"wp-block-heading\" id=\"h-structure-of-sweet-corn-sheller\">C\u1ea5u tr\u00fac c\u1ee7a m\u00e1y t\u00e1ch v\u1ecf ng\u00f4 ng\u1ecdt<\/h2>    <p>C\u1ea5u tr\u00fac c\u1ee7a m\u00e1y t\u00e1ch h\u1ea1t ng\u00f4 t\u01b0\u01a1i bao g\u1ed3m m\u1ed9t h\u1ed9p \u0111i\u1ec1u khi\u1ec3n \u0111i\u1ec7n, c\u1eeda v\u00e0o ng\u00f4, c\u1eeda ra h\u1ea1t ng\u00f4, con l\u0103n cao su, b\u00e1nh xe d\u1ee1 h\u00e0ng di \u0111\u1ed9ng, qu\u1ea1t, b\u0103ng t\u1ea3i b\u00ean ngo\u00e0i di \u0111\u1ed9ng, v.v. Ph\u1ee5 ki\u1ec7n m\u00e1y bao g\u1ed3m dao, v\u00f2ng bi, n\u00fat b\u1ea5m, b\u00e1nh xe, v.v. M\u00e1y t\u00e1ch h\u1ea1t ng\u00f4 ng\u1ecdt n\u00e0y \u0111\u01b0\u1ee3c l\u00e0m b\u1eb1ng th\u00e9p kh\u00f4ng g\u1ec9 304. Do \u0111\u00f3, n\u00f3 c\u00f3 \u0111\u1eb7c \u0111i\u1ec3m hi\u1ec7u su\u1ea5t l\u00e0m vi\u1ec7c cao v\u00e0 \u0111\u1ed9 b\u1ec1n. Ngo\u00e0i ra, v\u1eadt li\u1ec7u c\u1ee7a m\u00e1y th\u1ef1c ph\u1ea9m c\u0169ng gi\u00fap ch\u00fang ta \u0103n u\u1ed1ng an t\u00e2m h\u01a1n.<\/p>   <div class=\"wp-block-image\"> <figure class=\"aligncenter size-full\"><img loading=\"lazy\" decoding=\"async\" width=\"720\" height=\"540\" src=\"https:\/\/maizemachine.com\/wp-content\/uploads\/2023\/07\/The-Structure-of-Sweet-Corn-Thresher.webp\" alt=\"C\u1ea5u tr\u00fac c\u1ee7a m\u00e1y t\u00e1ch ng\u00f4 ng\u1ecdt\" class=\"wp-image-687\" title=\"\" srcset=\"https:\/\/maizemachine.com\/wp-content\/uploads\/2023\/07\/The-Structure-of-Sweet-Corn-Thresher.webp 720w, https:\/\/maizemachine.com\/wp-content\/uploads\/2023\/07\/The-Structure-of-Sweet-Corn-Thresher-300x225.webp 300w, https:\/\/maizemachine.com\/wp-content\/uploads\/2023\/07\/The-Structure-of-Sweet-Corn-Thresher-16x12.webp 16w\" sizes=\"auto, (max-width: 720px) 100vw, 720px\" \/><figcaption class=\"wp-element-caption\">C\u1ea5u tr\u00fac c\u1ee7a m\u00e1y t\u00e1ch ng\u00f4 ng\u1ecdt<\/figcaption><\/figure> <\/div>   <h2 class=\"wp-block-heading\" id=\"h-how-does-the-sweet-corn-thresher-work\">M\u00e1y t\u00e1ch v\u1ecf ng\u00f4 ng\u1ecdt ho\u1ea1t \u0111\u1ed9ng nh\u01b0 th\u1ebf n\u00e0o?<\/h2>    <p>Sau khi ch\u00fang t\u00f4i \u0111\u1eb7t b\u1eafp ng\u00f4 l\u00ean b\u0103ng chuy\u1ec1n, chu\u1ed7i b\u0103ng chuy\u1ec1n s\u1ebd \u0111\u1ea9y b\u0103ng chuy\u1ec1n ti\u1ebfn v\u1ec1 ph\u00eda tr\u01b0\u1edbc v\u00e0 \u0111\u01b0a n\u00f3 \u0111\u1ebfn thi\u1ebft b\u1ecb t\u00e1ch v\u1ecf. Sau \u0111\u00f3, con l\u0103n cao su s\u1ebd k\u1eb9p ch\u1eb7t b\u1eafp ng\u00f4 v\u00e0o dao c\u1eaft. Con l\u0103n cao su d\u00f9ng \u0111\u1ec3 c\u1ed1 \u0111\u1ecbnh b\u1eafp ng\u00f4 v\u00e0 ng\u0103n kh\u00f4ng cho n\u00f3 di chuy\u1ec3n. <\/p>    <p>L\u01b0\u1ee1i dao sau \u0111\u00f3 \u0111i qua b\u1eafp ng\u00f4 v\u00e0 l\u1ed9t v\u1ecf ng\u00f4 kh\u1ecfi b\u1eafp. Cu\u1ed1i c\u00f9ng, h\u1ea1t ng\u00f4 s\u1ebd \u0111\u01b0\u1ee3c x\u1ea3 ra kh\u1ecfi l\u1ed1i ra h\u1ea1t ng\u00f4. B\u1eafp ng\u00f4 s\u1ebd \u0111\u01b0\u1ee3c x\u1ea3 ra kh\u1ecfi c\u1ed5ng kh\u00e1c.<\/p>    <figure class=\"wp-block-gallery has-nested-images columns-default is-cropped wp-block-gallery-2 is-layout-flex wp-block-gallery-is-layout-flex\"> <figure class=\"wp-block-image size-large\"><img loading=\"lazy\" decoding=\"async\" width=\"720\" height=\"540\" data-id=\"685\" src=\"https:\/\/maizemachine.com\/wp-content\/uploads\/2023\/07\/roller.webp\" alt=\"Con l\u0103n\" class=\"wp-image-685\" title=\"\" srcset=\"https:\/\/maizemachine.com\/wp-content\/uploads\/2023\/07\/roller.webp 720w, https:\/\/maizemachine.com\/wp-content\/uploads\/2023\/07\/roller-300x225.webp 300w, https:\/\/maizemachine.com\/wp-content\/uploads\/2023\/07\/roller-16x12.webp 16w\" sizes=\"auto, (max-width: 720px) 100vw, 720px\" \/><figcaption class=\"wp-element-caption\">Roller<\/figcaption><\/figure>    <figure class=\"wp-block-image size-large\"><img loading=\"lazy\" decoding=\"async\" width=\"720\" height=\"540\" data-id=\"689\" src=\"https:\/\/maizemachine.com\/wp-content\/uploads\/2023\/07\/knife-group.webp\" alt=\"nh\u00f3m dao g\u0103m\" class=\"wp-image-689\" title=\"\" srcset=\"https:\/\/maizemachine.com\/wp-content\/uploads\/2023\/07\/knife-group.webp 720w, https:\/\/maizemachine.com\/wp-content\/uploads\/2023\/07\/knife-group-300x225.webp 300w, https:\/\/maizemachine.com\/wp-content\/uploads\/2023\/07\/knife-group-16x12.webp 16w\" sizes=\"auto, (max-width: 720px) 100vw, 720px\" \/><figcaption class=\"wp-element-caption\">Nh\u00f3m dao<\/figcaption><\/figure> <\/figure>    <h3 class=\"wp-block-heading\">Video ho\u1ea1t \u0111\u1ed9ng c\u1ee7a m\u00e1y<\/h3>    <figure class=\"wp-block-embed is-type-video is-provider-youtube wp-block-embed-youtube wp-embed-aspect-16-9 wp-has-aspect-ratio\"><div class=\"wp-block-embed__wrapper\"> <iframe loading=\"lazy\" title=\"M\u00e1y t\u00e1ch ng\u00f4 ng\u1ecdt | Video l\u00e0m vi\u1ec7c c\u1ee7a m\u00e1y t\u00e1ch h\u1ea1t ng\u00f4 t\u01b0\u01a1i\" width=\"500\" height=\"281\" src=\"https:\/\/www.youtube.com\/embed\/1D8OouKrvSA?feature=oembed\" frameborder=\"0\" allow=\"accelerometer; autoplay; clipboard-write; encrypted-media; gyroscope; picture-in-picture; web-share\" referrerpolicy=\"strict-origin-when-cross-origin\" allowfullscreen><\/iframe> <\/div><\/figure>    <h2 class=\"wp-block-heading\" id=\"h-machine-specifications\">Th\u00f4ng s\u1ed1 k\u1ef9 thu\u1eadt c\u1ee7a m\u00e1y<\/h2>    <figure class=\"wp-block-table\"><table><tbody><tr><td>M\u00f4 h\u00ecnh<\/td><td>SL-268<\/td><td>SL-368<\/td><\/tr><tr><td>Dung l\u01b0\u1ee3ng<\/td><td>400-500kg\/gi\u1edd<\/td><td>400-500kg\/gi\u1edd<\/td><\/tr><tr><td>Tr\u1ecdng l\u01b0\u1ee3ng<\/td><td>100kg<\/td><td>110kg<\/td><\/tr><tr><td>K\u00edch th\u01b0\u1edbc (mm)<\/td><td>700(L)*620(W)*1250(H)<\/td><td>1320(L)*620(W)*1250(H)<\/td><\/tr><tr><td>\u0110i\u1ec7n \u00e1p<\/td><td>220V, 1 pha<\/td><td>220V, 1 pha<\/td><\/tr><tr><td>C\u00f4ng su\u1ea5t<\/td><td>2.2kw<\/td><td>2.2kw<\/td><\/tr><\/tbody><\/table><\/figure>    <p class=\"translation-block\">Ch\u00fang t\u00f4i c\u00f3 hai m\u00e1y b\u00f3c v\u1ecf ng\u00f4 ng\u1ecdt \u0111\u1ec3 b\u00e1n. M\u1ed9t kh\u00f4ng c\u00f3 b\u0103ng chuy\u1ec1n v\u00e0 m\u1ed9t c\u00f3 b\u0103ng chuy\u1ec1n. S\u1ea3n l\u01b0\u1ee3ng c\u1ee7a hai m\u00e1y l\u00e0 h\u01a1n<strong><mark class=\"has-inline-color has-luminous-vivid-amber-color\">400-500 kg\/h<\/mark><\/strong>. Tr\u1ecdng l\u01b0\u1ee3ng c\u1ee7a b\u0103ng chuy\u1ec1n n\u1eb7ng h\u01a1n b\u0103ng kh\u00f4ng c\u00f3 b\u0103ng chuy\u1ec1n 10 kg. K\u00edch th\u01b0\u1edbc c\u1ee7a m\u00e1y l\u1ea7n l\u01b0\u1ee3t l\u00e0<strong><mark class=\"has-inline-color has-luminous-vivid-amber-color\">720 * 620 * 1250<\/mark><\/strong>v\u00e0<strong><mark class=\"has-inline-color has-luminous-vivid-amber-color\">1320 * 620 * 1250<\/mark><\/strong>. B\u1ea1n c\u00f3 th\u1ec3 ch\u1ecdn m\u00e1y t\u00e1ch ng\u00f4 t\u01b0\u01a1i ph\u00f9 h\u1ee3p v\u1edbi nhu c\u1ea7u c\u1ee7a m\u00ecnh.<\/p>    <figure class=\"wp-block-gallery has-nested-images columns-default is-cropped wp-block-gallery-3 is-layout-flex wp-block-gallery-is-layout-flex\"> <figure class=\"wp-block-image size-large\"><img loading=\"lazy\" decoding=\"async\" width=\"720\" height=\"540\" data-id=\"389\" src=\"https:\/\/maizemachine.com\/wp-content\/uploads\/2023\/07\/machine-without-conveyor-belt.webp\" alt=\"m\u00e1y kh\u00f4ng c\u00f3 b\u0103ng t\u1ea3i\" class=\"wp-image-389\" title=\"\" srcset=\"https:\/\/maizemachine.com\/wp-content\/uploads\/2023\/07\/machine-without-conveyor-belt.webp 720w, https:\/\/maizemachine.com\/wp-content\/uploads\/2023\/07\/machine-without-conveyor-belt-300x225.webp 300w, https:\/\/maizemachine.com\/wp-content\/uploads\/2023\/07\/machine-without-conveyor-belt-16x12.webp 16w\" sizes=\"auto, (max-width: 720px) 100vw, 720px\" \/><figcaption class=\"wp-element-caption\">M\u00e1y kh\u00f4ng c\u00f3 b\u0103ng t\u1ea3i<\/figcaption><\/figure>    <figure class=\"wp-block-image size-large\"><img loading=\"lazy\" decoding=\"async\" width=\"720\" height=\"540\" data-id=\"390\" src=\"https:\/\/maizemachine.com\/wp-content\/uploads\/2023\/07\/sweet-corn-sheller-with-conveyor-belt.webp\" alt=\"m\u00e1y t\u00e1ch h\u1ea1t ng\u00f4 ng\u1ecdt c\u00f3 b\u0103ng t\u1ea3i\" class=\"wp-image-390\" title=\"\" srcset=\"https:\/\/maizemachine.com\/wp-content\/uploads\/2023\/07\/sweet-corn-sheller-with-conveyor-belt.webp 720w, https:\/\/maizemachine.com\/wp-content\/uploads\/2023\/07\/sweet-corn-sheller-with-conveyor-belt-300x225.webp 300w, https:\/\/maizemachine.com\/wp-content\/uploads\/2023\/07\/sweet-corn-sheller-with-conveyor-belt-16x12.webp 16w\" sizes=\"auto, (max-width: 720px) 100vw, 720px\" \/><figcaption class=\"wp-element-caption\">M\u00e1y t\u00e1ch ng\u00f4 ng\u1ecdt c\u00f3 b\u0103ng t\u1ea3i<\/figcaption><\/figure> <\/figure>    <h2 class=\"wp-block-heading\">C\u00e1c t\u00ednh n\u0103ng c\u1ee7a m\u00e1y b\u00f3c v\u1ecf ng\u00f4 t\u01b0\u01a1i<\/h2>    <div class=\"wp-block-columns is-layout-flex wp-container-core-columns-is-layout-9d6595d7 wp-block-columns-is-layout-flex\"> <div class=\"wp-block-column is-layout-flow wp-block-column-is-layout-flow\"> <p class=\"has-text-align-center translation-block\"><strong>Ti\u1ebft ki\u1ec7m th\u1eddi gian h\u01a1n<\/strong><\/p>    <p class=\"translation-block\">V\u1edbi m\u00e1y b\u00f3c v\u1ecf ng\u00f4 ng\u1ecdt n\u00e0y, b\u1ea1n c\u00f3 th\u1ec3 x\u1eed l\u00fd<strong><mark class=\"has-inline-color has-luminous-vivid-amber-color\">400\u2013500 kg<\/mark><\/strong>ng\u00f4 m\u1ed7i gi\u1edd, cho ph\u00e9p b\u1ea1n x\u1eed l\u00fd c\u00e1c l\u00f4 l\u1edbn m\u1ed9t c\u00e1ch hi\u1ec7u qu\u1ea3 v\u00e0 \u0111\u00e1p \u1ee9ng nhu c\u1ea7u th\u1ecb tr\u01b0\u1eddng m\u00e0 kh\u00f4ng b\u1ecb ch\u1eadm tr\u1ec5.<\/p> <\/div>    <div class=\"wp-block-column is-layout-flow wp-block-column-is-layout-flow\"> <p class=\"has-text-align-center translation-block\"><strong>Tr\u1ed1ng b\u00f3c v\u1ecf hi\u1ec7u su\u1ea5t cao<\/strong><\/p>    <p class=\"translation-block\">Trang b\u1ecb c\u1ea5u tr\u00fac l\u01b0\u1ee1i dao xo\u1eafn \u0111\u1eb7c bi\u1ec7t, tr\u1ed1ng ch\u1ea1y tr\u01a1n tru \u0111\u1ec3 \u0111\u1ea1t t\u1ef7 l\u1ec7 b\u00f3c v\u1ecf tr\u00ean 98% trong khi gi\u1eef thi\u1ec7t h\u1ea1i h\u1ea1t d\u01b0\u1edbi<strong><mark class=\"has-inline-color has-luminous-vivid-amber-color\">1%<\/mark>.<\/strong><\/p> <\/div> <\/div>    <div class=\"wp-block-columns is-layout-flex wp-container-core-columns-is-layout-9d6595d7 wp-block-columns-is-layout-flex\"> <div class=\"wp-block-column is-layout-flow wp-block-column-is-layout-flow\"> <p class=\"has-text-align-center translation-block\"><strong>Th\u00e2n m\u00e1y b\u1eb1ng th\u00e9p kh\u00f4ng g\u1ec9 b\u1ec1n<\/strong><\/p>    <p class=\"translation-block\">T\u1ea5t c\u1ea3 c\u00e1c b\u1ed9 ph\u1eadn ti\u1ebfp x\u00fac v\u1edbi v\u1eadt li\u1ec7u \u0111\u1ec1u l\u00e0m b\u1eb1ng<strong><mark class=\"has-inline-color has-luminous-vivid-amber-color\">th\u00e9p kh\u00f4ng g\u1ec9 \u0111\u1ea1t ti\u00eau chu\u1ea9n th\u1ef1c ph\u1ea9m 304<\/mark><\/strong>, \u0111\u1ea3m b\u1ea3o \u0111\u1ed9 b\u1ec1n, v\u1ec7 sinh v\u00e0 d\u1ec5 d\u00e0ng l\u00e0m s\u1ea1ch theo ti\u00eau chu\u1ea9n an to\u00e0n th\u1ef1c ph\u1ea9m.<\/p> <\/div>    <div class=\"wp-block-column is-layout-flow wp-block-column-is-layout-flow\"> <p class=\"has-text-align-center translation-block\"><strong>\u0110i\u1ec1u ch\u1ec9nh kho\u1ea3ng c\u00e1ch l\u01b0\u1ee1i dao<\/strong><\/p>    <p>Kho\u1ea3ng c\u00e1ch gi\u1eefa c\u00e1c l\u01b0\u1ee1i dao c\u00f3 th\u1ec3 d\u1ec5 d\u00e0ng \u0111i\u1ec1u ch\u1ec9nh \u0111\u1ec3 ph\u00f9 h\u1ee3p v\u1edbi \u0111\u01b0\u1eddng k\u00ednh c\u1ee7a c\u00e1c b\u1eafp ng\u00f4 kh\u00e1c nhau, \u0111\u1ea3m b\u1ea3o b\u00f3c v\u1ecf ho\u00e0n to\u00e0n cho t\u1ea5t c\u1ea3 c\u00e1c lo\u1ea1i ng\u00f4 ng\u1ecdt.<\/p> <\/div> <\/div>    <div class=\"wp-block-columns is-layout-flex wp-container-core-columns-is-layout-9d6595d7 wp-block-columns-is-layout-flex\"> <div class=\"wp-block-column is-layout-flow wp-block-column-is-layout-flow\"> <p class=\"has-text-align-center translation-block\"><strong>H\u1ec7 th\u1ed1ng t\u00e1ch t\u1ef1 \u0111\u1ed9ng<\/strong><\/p>    <p>Sau khi b\u00f3c v\u1ecf, m\u00e1y t\u1ef1 \u0111\u1ed9ng t\u00e1ch h\u1ea1t ng\u00f4 kh\u1ecfi b\u1eafp, lo\u1ea1i b\u1ecf vi\u1ec7c s\u00e0ng l\u1ecdc ho\u1eb7c ph\u00e2n lo\u1ea1i l\u1ea1i th\u1ee7 c\u00f4ng.<\/p> <\/div>    <div class=\"wp-block-column is-layout-flow wp-block-column-is-layout-flow\"> <p class=\"has-text-align-center translation-block\"><strong>Hi\u1ec7u su\u1ea5t motor \u0111\u00e1ng tin c\u1eady<\/strong><\/p>    <p class=\"translation-block\">\u0110\u01b0\u1ee3c cung c\u1ea5p b\u1edfi<strong><mark class=\"has-inline-color has-luminous-vivid-amber-color\">\u0111\u1ed9ng c\u01a1 \u0111\u1ed3ng 2.2 kW<\/mark><\/strong>, n\u00f3 cung c\u1ea5p m\u00f4-men xo\u1eafn m\u1ea1nh m\u1ebd v\u1edbi ti\u1ebfng \u1ed3n th\u1ea5p v\u00e0 ti\u00eau th\u1ee5 n\u0103ng l\u01b0\u1ee3ng th\u1ea5p \u2014 l\u00fd t\u01b0\u1edfng cho ho\u1ea1t \u0111\u1ed9ng li\u00ean t\u1ee5c trong m\u00f4i tr\u01b0\u1eddng s\u1ea3n xu\u1ea5t.<\/p> <\/div> <\/div>   <div class=\"wp-block-image\"> <figure class=\"aligncenter size-full\"><img loading=\"lazy\" decoding=\"async\" width=\"720\" height=\"540\" src=\"https:\/\/maizemachine.com\/wp-content\/uploads\/2023\/07\/sweet-corn-Thresher-machine.webp\" alt=\"M\u00e1y t\u00e1ch ng\u00f4 ng\u1ecdt\" class=\"wp-image-691\" title=\"\" srcset=\"https:\/\/maizemachine.com\/wp-content\/uploads\/2023\/07\/sweet-corn-Thresher-machine.webp 720w, https:\/\/maizemachine.com\/wp-content\/uploads\/2023\/07\/sweet-corn-Thresher-machine-300x225.webp 300w, https:\/\/maizemachine.com\/wp-content\/uploads\/2023\/07\/sweet-corn-Thresher-machine-16x12.webp 16w\" sizes=\"auto, (max-width: 720px) 100vw, 720px\" \/><figcaption class=\"wp-element-caption\">M\u00e1y t\u00e1ch ng\u00f4 ng\u1ecdt<\/figcaption><\/figure> <\/div>   <h2 class=\"wp-block-heading\" id=\"h-application-of-fresh-corn-sheller\">\u1ee8ng d\u1ee5ng c\u1ee7a m\u00e1y t\u00e1ch v\u1ecf ng\u00f4 t\u01b0\u01a1i<\/h2>    <p>M\u00e1y t\u00e1ch h\u1ea1t ng\u00f4 ng\u1ecdt c\u00f3 th\u1ec3 t\u00e1ch h\u1ea1t t\u1ea5t c\u1ea3 c\u00e1c lo\u1ea1i ng\u00f4 t\u01b0\u01a1i, ng\u00f4 ng\u1ecdt, ng\u00f4 \u0111\u00e3 n\u1ea5u ch\u00edn, ng\u00f4 s\u00e1p v\u00e0 ng\u00f4 \u0111\u00e3 r\u00e3 \u0111\u00f4ng. Do \u0111\u00f3, m\u00e1y t\u00e1ch h\u1ea1t n\u00e0y c\u00f3 th\u1ec3 \u0111\u01b0\u1ee3c s\u1eed d\u1ee5ng trong c\u00e1c nh\u00e0 m\u00e1y th\u1ef1c ph\u1ea9m l\u1edbn, nh\u00e0 m\u00e1y \u0111\u00f3ng h\u1ed9p ng\u00f4, nh\u00e0 m\u00e1y \u0111\u1ed3 u\u1ed1ng t\u1eeb ng\u00f4 v\u00e0 nh\u00e0 m\u00e1y siro ng\u00f4.<\/p>   <div class=\"wp-block-image\"> <figure class=\"aligncenter size-full\"><img loading=\"lazy\" decoding=\"async\" width=\"720\" height=\"540\" src=\"http:\/\/maizemachine.com\/wp-content\/uploads\/2022\/08\/finished-product.webp\" alt=\"s\u1ea3n ph\u1ea9m ho\u00e0n thi\u1ec7n\" class=\"wp-image-124\" title=\"\" srcset=\"https:\/\/maizemachine.com\/wp-content\/uploads\/2022\/08\/finished-product.webp 720w, https:\/\/maizemachine.com\/wp-content\/uploads\/2022\/08\/finished-product-300x225.webp 300w\" sizes=\"auto, (max-width: 720px) 100vw, 720px\" \/><figcaption class=\"wp-element-caption\">s\u1ea3n ph\u1ea9m ho\u00e0n thi\u1ec7n<\/figcaption><\/figure> <\/div>   <h2 class=\"wp-block-heading\" id=\"h-advantages-of-sweet-corn-thresher\">L\u1ee3i \u00edch c\u1ee7a m\u00e1y t\u00e1ch h\u1ea1t ng\u00f4 ng\u1ecdt<\/h2>    <ol class=\"wp-block-list\"> <li>T\u1ed1c \u0111\u1ed9 t\u00e1ch h\u1ea1t cao. T\u1ed1c \u0111\u1ed9 t\u00e1ch h\u1ea1t c\u1ee7a m\u00e1y t\u00e1ch h\u1ea1t ng\u00f4 t\u01b0\u01a1i c\u1ee7a ch\u00fang t\u00f4i l\u00ean t\u1edbi 100%.<\/li>    <li>Ph\u1ea1m vi \u1ee9ng d\u1ee5ng r\u1ed9ng. M\u00e1y c\u00f3 th\u1ec3 x\u1eed l\u00fd ng\u00f4 ng\u1ecdt, ng\u00f4 t\u01b0\u01a1i v\u00e0 ng\u00f4 s\u00e1p. B\u1ea1n c\u00f3 th\u1ec3 s\u1eed d\u1ee5ng n\u00f3 trong c\u00e1c nh\u00e0 m\u00e1y th\u1ef1c ph\u1ea9m l\u1edbn.<\/li>    <li>D\u1ec5 d\u00e0ng di chuy\u1ec3n. C\u00f3 b\u00e1nh xe \u1edf d\u01b0\u1edbi \u0111\u00e1y m\u00e1y. V\u00ec v\u1eady, b\u1ea1n c\u00f3 th\u1ec3 d\u1ec5 d\u00e0ng di chuy\u1ec3n n\u00f3.<\/li>    <li>D\u1ee5ng c\u1ee5 b\u1ec1n. L\u01b0\u1ee1i c\u1eaft c\u1ee7a m\u00e1y \u0111\u01b0\u1ee3c l\u00e0m b\u1eb1ng th\u00e9p kh\u00f4ng g\u1ec9 \u0111\u1eb7c bi\u1ec7t. N\u00f3 m\u1ea1nh m\u1ebd v\u00e0 b\u1ec1n.<\/li>    <li>K\u00edch th\u01b0\u1edbc nh\u1ecf, hi\u1ec7u su\u1ea5t l\u00e0m vi\u1ec7c cao.<\/li> <\/ol>   <div class=\"wp-block-image\"> <figure class=\"aligncenter size-full\"><img loading=\"lazy\" decoding=\"async\" width=\"720\" height=\"540\" src=\"https:\/\/maizemachine.com\/wp-content\/uploads\/2023\/07\/sweet-corn-shelling-machine.webp\" alt=\"M\u00e1y t\u00e1ch v\u1ecf ng\u00f4 ng\u1ecdt\" class=\"wp-image-690\" title=\"\" srcset=\"https:\/\/maizemachine.com\/wp-content\/uploads\/2023\/07\/sweet-corn-shelling-machine.webp 720w, https:\/\/maizemachine.com\/wp-content\/uploads\/2023\/07\/sweet-corn-shelling-machine-300x225.webp 300w, https:\/\/maizemachine.com\/wp-content\/uploads\/2023\/07\/sweet-corn-shelling-machine-16x12.webp 16w\" sizes=\"auto, (max-width: 720px) 100vw, 720px\" \/><figcaption class=\"wp-element-caption\">M\u00e1y t\u00e1ch v\u1ecf ng\u00f4 ng\u1ecdt<\/figcaption><\/figure> <\/div>   <h2 class=\"wp-block-heading\">L\u00e0m th\u1ebf n\u00e0o \u0111\u1ec3 l\u00e0m s\u1ea1ch m\u00e1y b\u00f3c v\u1ecf ng\u00f4 ng\u1ecdt?<\/h2>    <p>C\u00e1c b\u01b0\u1edbc \u0111\u1ec3 l\u00e0m s\u1ea1ch m\u00e1y b\u00f3c v\u1ecf ng\u00f4 ng\u1ecdt:<\/p>    <ol class=\"wp-block-list\"> <li><strong>T\u1eaft ngu\u1ed3n:<\/strong> Lu\u00f4n ng\u1eaft ngu\u1ed3n \u0111i\u1ec7n tr\u01b0\u1edbc khi v\u1ec7 sinh \u0111\u1ec3 \u0111\u1ea3m b\u1ea3o an to\u00e0n.<\/li>    <li><strong>Lo\u1ea1i b\u1ecf c\u1eb7n b\u00e3:<\/strong> M\u1edf n\u1eafp v\u00e0 s\u1eed d\u1ee5ng b\u00e0n ch\u1ea3i ho\u1eb7c s\u00fang kh\u00ed \u0111\u1ec3 lo\u1ea1i b\u1ecf h\u1ea1t ng\u00f4 v\u00e0 m\u1ea3nh v\u1ee5n kh\u1ecfi tr\u1ed1ng xay v\u00e0 \u1ed1ng tho\u00e1t.<\/li>    <li><strong>X\u1ea3 n\u01b0\u1edbc:<\/strong> R\u1eeda s\u1ea1ch bu\u1ed3ng xay, c\u1eeda v\u00e0o v\u00e0 c\u1eeda ra b\u1eb1ng n\u01b0\u1edbc s\u1ea1ch \u0111\u1ec3 lo\u1ea1i b\u1ecf n\u01b0\u1edbc c\u1ed1t ng\u00f4 v\u00e0 c\u00e1c h\u1ea1t b\u1ee5i.<\/li>    <li><strong>L\u00e0m kh\u00f4 ho\u00e0n to\u00e0n:<\/strong> Lau s\u1ea1ch b\u1ec1 m\u1eb7t v\u00e0 c\u00e1c b\u1ed9 ph\u1eadn b\u00ean trong b\u1eb1ng kh\u0103n kh\u00f4 ho\u1eb7c \u0111\u1ec3 ch\u00fang kh\u00f4 t\u1ef1 nhi\u00ean \u0111\u1ec3 tr\u00e1nh g\u1ec9 s\u00e9t.<\/li>    <li><strong>Ki\u1ec3m tra v\u00e0 b\u1ea3o tr\u00ec:<\/strong> Sau khi l\u00e0m s\u1ea1ch, ki\u1ec3m tra xem d\u00e2y \u0111ai, tr\u1ed1ng ho\u1eb7c b\u1ea1c \u0111\u1ea1n c\u00f3 l\u1ecfng ho\u1eb7c m\u00f2n kh\u00f4ng. B\u00f4i tr\u01a1n n\u1ebfu c\u1ea7n.<\/li> <\/ol>    <p class=\"translation-block\"><em>M\u1eb9o: L\u00e0m s\u1ea1ch sau m\u1ed7i l\u1ea7n s\u1eed d\u1ee5ng \u0111\u1ec3 ng\u0103n n\u01b0\u1edbc \u00e9p ng\u00f4 c\u1ee9ng l\u1ea1i v\u00e0 \u0111\u1ea3m b\u1ea3o hi\u1ec7u su\u1ea5t b\u00f3c v\u1ecf t\u1ed1t h\u01a1n l\u1ea7n sau.<\/em><\/p>    <figure class=\"wp-block-embed is-type-video is-provider-youtube wp-block-embed-youtube wp-embed-aspect-16-9 wp-has-aspect-ratio\"><div class=\"wp-block-embed__wrapper\"> <iframe loading=\"lazy\" title=\"L\u00e0m s\u1ea1ch M\u00e1y T\u00e1ch H\u1ea1t Ng\u00f4 Ng\u1ecdt c\u1ee7a b\u1ea1n trong v\u00e0i gi\u00e2y \u2013 Ch\u1ec9 c\u1ea7n d\u00f9ng n\u01b0\u1edbc!#cornsheller #sweetcorn #easycleaningtips\" width=\"500\" height=\"281\" src=\"https:\/\/www.youtube.com\/embed\/HcQYyqQx3ZA?feature=oembed\" frameborder=\"0\" allow=\"accelerometer; autoplay; clipboard-write; encrypted-media; gyroscope; picture-in-picture; web-share\" referrerpolicy=\"strict-origin-when-cross-origin\" allowfullscreen><\/iframe> <\/div><\/figure>    <h2 class=\"wp-block-heading\" id=\"h-faq\">C\u00e2u h\u1ecfi th\u01b0\u1eddng g\u1eb7p<\/h2>    <p>H\u1ecfi: V\u1eadt li\u1ec7u c\u1ee7a m\u00e1y l\u00e0 g\u00ec?<br>\u0110\u00e1p: Th\u00e9p kh\u00f4ng g\u1ec9 304<\/p>    <p>H\u1ecfi: S\u1ef1 kh\u00e1c bi\u1ec7t gi\u1eefa SL-268 v\u00e0 SL-368 l\u00e0 g\u00ec?<br>\u0110\u00e1p: SL-368 c\u00f3 m\u1ed9t b\u0103ng t\u1ea3i nhi\u1ec1u h\u01a1n SL-268.<\/p>    <p>H\u1ecfi: T\u1ef7 l\u1ec7 b\u00f3c v\u1ecf c\u1ee7a m\u00e1y t\u00e1ch h\u1ea1t ng\u00f4 ng\u1ecdt l\u00e0 g\u00ec?<br>A: 100%<\/p>    <p>Q: M\u00e1y n\u00e0y c\u00f3 th\u1ec3 b\u00f3c ng\u00f4 kh\u00f4ng?<br>\u0110\u00e1p: C\u00f3 th\u1ec3 kh\u00f4ng. Ch\u00fang t\u00f4i c\u00f3 m\u1ed9t m\u00e1y t\u00e1ch h\u1ea1t ng\u00f4 \u0111a ch\u1ee9c n\u0103ng \u0111\u1eb7c bi\u1ec7t \u0111\u1ec3 b\u00f3c ng\u00f4.<\/p>    <p class=\"translation-block\">H: B\u1ea1n c\u00f3 <a href=\"https:\/\/maizemachine.com\/vi\/product\/corn-mill-grinder\/\">m\u00e1y l\u00e0m b\u1ed9t ng\u00f4<\/a> kh\u00f4ng?<br>A: C\u00f3, ch\u00fang t\u00f4i c\u00f3. Ngo\u00e0i ra, ch\u00fang t\u00f4i c\u00f2n c\u00f3 <a href=\"https:\/\/maizemachine.com\/vi\/product\/maize-planter\/\">m\u00e1y gieo h\u1ea1t ng\u00f4<\/a> v\u00e0 <a href=\"https:\/\/maizemachine.com\/vi\/product\/one-row-corn-picker\/\">m\u00e1y thu ho\u1ea1ch ng\u00f4<\/a> \u0111\u1ec3 b\u00e1n.<\/p>    <p><\/p>","protected":false},"excerpt":{"rendered":"<p>Sweet corn sheller is a machine that obtains corn kernels from fresh corn cobs. It can completely peel the corn kernels on the corn cob. In Taizy corn processing machinery, we have not only fresh corn threshers but also dry corn threshers. It is believed that this two separation equipment can meet the threshing needs [&hellip;]<\/p>\n","protected":false},"author":1,"featured_media":127,"parent":0,"template":"","tags":[14,18],"product-type":[9],"class_list":["post-120","product","type-product","status-publish","has-post-thumbnail","hentry","tag-corn-sheller","tag-sweet-corn-sheller","product-type-corn-sheller-machine"],"_links":{"self":[{"href":"https:\/\/maizemachine.com\/vi\/wp-json\/wp\/v2\/product\/120","targetHints":{"allow":["GET"]}}],"collection":[{"href":"https:\/\/maizemachine.com\/vi\/wp-json\/wp\/v2\/product"}],"about":[{"href":"https:\/\/maizemachine.com\/vi\/wp-json\/wp\/v2\/types\/product"}],"author":[{"embeddable":true,"href":"https:\/\/maizemachine.com\/vi\/wp-json\/wp\/v2\/users\/1"}],"wp:featuredmedia":[{"embeddable":true,"href":"https:\/\/maizemachine.com\/vi\/wp-json\/wp\/v2\/media\/127"}],"wp:attachment":[{"href":"https:\/\/maizemachine.com\/vi\/wp-json\/wp\/v2\/media?parent=120"}],"wp:term":[{"taxonomy":"post_tag","embeddable":true,"href":"https:\/\/maizemachine.com\/vi\/wp-json\/wp\/v2\/tags?post=120"},{"taxonomy":"product-type","embeddable":true,"href":"https:\/\/maizemachine.com\/vi\/wp-json\/wp\/v2\/product-type?post=120"}],"curies":[{"name":"wp","href":"https:\/\/api.w.org\/{rel}","templated":true}]}}