{"id":112,"date":"2022-08-24T03:50:33","date_gmt":"2022-08-24T03:50:33","guid":{"rendered":"https:\/\/maizemachine.com\/?post_type=product&#038;p=112"},"modified":"2026-02-10T17:48:17","modified_gmt":"2026-02-10T09:48:17","slug":"small-corn-planter","status":"publish","type":"product","link":"https:\/\/maizemachine.com\/vi\/product\/small-corn-planter\/","title":{"rendered":"M\u00e1y tr\u1ed3ng ng\u00f4 nh\u1ecf | M\u00e1y tr\u1ed3ng ng\u00f4 th\u1ee7 c\u00f4ng"},"content":{"rendered":"<p class=\"translation-block\">M\u00e1y gieo h\u1ea1t ng\u00f4 nh\u1ecf ch\u1ee7 y\u1ebfu \u0111\u01b0\u1ee3c thi\u1ebft k\u1ebf cho ng\u01b0\u1eddi d\u00f9ng gia \u0111\u00ecnh. So v\u1edbi m\u00e1y gieo h\u1ea1t ng\u00f4 quy m\u00f4 l\u1edbn, n\u00f3 ti\u1ebft ki\u1ec7m h\u01a1n v\u00e0 d\u1ec5 v\u1eadn h\u00e0nh h\u01a1n. Ch\u00fang c\u0169ng c\u00f3 th\u1ec3 s\u1eeda ch\u1eefa v\u1ea5n \u0111\u1ec1 k\u1ecbp th\u1eddi. B\u1edfi v\u00ec n\u00f3 l\u00e0 m\u1ed9t m\u00e1y gieo h\u1ea1t ng\u00f4 c\u1ea7m tay, n\u00f3 ph\u00f9 h\u1ee3p cho c\u00e1c c\u00e1nh \u0111\u1ed3ng n\u1eb7ng \u1edf mi\u1ec1n n\u00fai v\u00e0 \u0111\u1ed3i.<\/p>    <h2 class=\"wp-block-heading\" id=\"h-what-are-the-types-of-corn-planters\">C\u00f3 nh\u1eefng lo\u1ea1i m\u00e1y gieo h\u1ea1t ng\u00f4 n\u00e0o?<\/h2>    <p>C\u00f3 ba lo\u1ea1i m\u00e1y gieo h\u1ea1t ng\u00f4 th\u1ee7 c\u00f4ng kh\u00e1c nhau \u0111ang \u0111\u01b0\u1ee3c b\u00e1n t\u1ea1i c\u00f4ng ty ch\u00fang t\u00f4i. Ch\u00fang c\u00f3 c\u00e1c ch\u1ebf \u0111\u1ed9 n\u0103ng l\u01b0\u1ee3ng v\u00e0 ch\u1ebf \u0111\u1ed9 v\u1eadn h\u00e0nh kh\u00e1c nhau.<\/p>    <h3 class=\"wp-block-heading\" id=\"h-walk-behind-corn-planter\">M\u00e1y gieo h\u1ea1t ng\u00f4 \u0111i b\u1ed9<\/h3>    <p>M\u00e1y gieo h\u1ea1t ng\u00f4 \u0111i b\u1ed9 l\u00e0 m\u1ed9t m\u00e1y gieo h\u1ea1t ng\u00f4 nh\u1ecf m\u00e0 c\u00f4ng ty ch\u00fang t\u00f4i b\u00e1n r\u1ea5t ch\u1ea1y. M\u00e1y n\u00e0y ch\u1ec9 c\u1ea7n m\u1ed9t ng\u01b0\u1eddi \u0111\u1ec3 gieo h\u1ea1t. \u0110\u01b0\u1ee3c trang b\u1ecb \u0111\u1ed9ng c\u01a1 x\u0103ng, m\u1ecdi ng\u01b0\u1eddi c\u00f3 th\u1ec3 d\u1ec5 d\u00e0ng gieo ng\u00f4. N\u00f3 ti\u1ebft ki\u1ec7m th\u1eddi gian v\u00e0 c\u00f4ng s\u1ee9c. Ngo\u00e0i ra, ch\u00fang t\u00f4i c\u00f3 hai m\u1eabu \u0111\u1ed9ng c\u01a1 x\u0103ng kh\u00e1c nhau \u0111\u1ec3 b\u1ea1n l\u1ef1a ch\u1ecdn. N\u1ebfu b\u1ea1n c\u1ea7n m\u00e1y gieo h\u1ea1t ng\u00f4 c\u1ea7m tay n\u00e0y, xin vui l\u00f2ng li\u00ean h\u1ec7 v\u1edbi ch\u00fang t\u00f4i.<\/p>   <div class=\"wp-block-image\"> <figure class=\"aligncenter size-full\"><img loading=\"lazy\" decoding=\"async\" width=\"720\" height=\"540\" src=\"http:\/\/maizemachine.com\/wp-content\/uploads\/2022\/08\/hand-corn-seed-planter.webp\" alt=\"M\u00e1y gieo h\u1ea1t ng\u00f4 \u0111i b\u1ed9\" class=\"wp-image-115\" title=\"\" srcset=\"https:\/\/maizemachine.com\/wp-content\/uploads\/2022\/08\/hand-corn-seed-planter.webp 720w, https:\/\/maizemachine.com\/wp-content\/uploads\/2022\/08\/hand-corn-seed-planter-300x225.webp 300w\" sizes=\"auto, (max-width: 720px) 100vw, 720px\" \/><figcaption>M\u00e1y gieo h\u1ea1t ng\u00f4 \u0111i b\u1ed9<\/figcaption><\/figure> <\/div>   <h3 class=\"wp-block-heading\" id=\"h-hand-corn-seed-planter\">M\u00e1y gieo h\u1ea1t ng\u00f4 b\u1eb1ng tay<\/h3>    <p>M\u00e1y gieo h\u1ea1t ng\u00f4 1 h\u00e0ng n\u00e0y c\u1ea7n hai ng\u01b0\u1eddi l\u00e0m vi\u1ec7c c\u00f9ng nhau \u0111\u1ec3 gieo h\u1ea1t ng\u00f4. M\u1ed9t ng\u01b0\u1eddi s\u1ebd \u0111\u1ea9y m\u00e1y t\u1eeb ph\u00eda sau v\u00e0 ng\u01b0\u1eddi c\u00f2n l\u1ea1i s\u1ebd k\u00e9o d\u00e2y \u1edf ph\u00eda tr\u01b0\u1edbc m\u00e1y \u0111\u1ec3 cung c\u1ea5p n\u0103ng l\u01b0\u1ee3ng cho m\u00e1y. M\u00e1y n\u00e0y c\u00f3 \u0111\u1eb7c \u0111i\u1ec3m l\u00e0 v\u1eadn h\u00e0nh \u0111\u01a1n gi\u1ea3n v\u00e0 c\u1ea5u tr\u00fac \u0111\u01a1n gi\u1ea3n. B\u1ea1n c\u00f3 th\u1ec3 s\u1eed d\u1ee5ng n\u00f3 \u0111\u1ec3 b\u00f3n ph\u00e2n v\u00e0 gieo h\u1ea1t. Do t\u00ednh \u0111\u1ed9c \u0111\u00e1o c\u1ee7a m\u00e1y, m\u00e1y gieo h\u1ea1t ng\u00f4 th\u1ee7 c\u00f4ng n\u00e0y c\u1ea7n hai ng\u01b0\u1eddi lao \u0111\u1ed9ng ho\u1ea1t \u0111\u1ed9ng c\u00f9ng nhau. Do \u0111\u00f3, n\u00f3 c\u00f3 th\u1ec3 gi\u00fap kh\u00e1ch h\u00e0ng \u1edf nh\u1eefng khu v\u1ef1c ch\u01b0a ph\u00e1t tri\u1ec3n.<\/p>    <h3 class=\"wp-block-heading\" id=\"h-corn-planting-machine-specification\">Th\u00f4ng s\u1ed1 k\u1ef9 thu\u1eadt m\u00e1y gieo ng\u00f4<\/h3>    <figure class=\"wp-block-table\"><table><tbody><tr><td>M\u00f4 h\u00ecnh<\/td><td>TZY-100<\/td><\/tr><tr><td>Dung l\u01b0\u1ee3ng<\/td><td>0,5 m\u1eabu Anh\/gi\u1edd<\/td><\/tr><tr><td>K\u00edch th\u01b0\u1edbc<\/td><td>1370*420*900mm<\/td><\/tr><tr><td>Tr\u1ecdng l\u01b0\u1ee3ng<\/td><td>12kg<\/td><\/tr><\/tbody><\/table><\/figure>   <div class=\"wp-block-image\"> <figure class=\"aligncenter size-full\"><img loading=\"lazy\" decoding=\"async\" width=\"720\" height=\"540\" src=\"http:\/\/maizemachine.com\/wp-content\/uploads\/2022\/08\/manual-corn-planter-machine.webp\" alt=\"M\u00e1y gieo h\u1ea1t ng\u00f4 c\u1ea7m tay\" class=\"wp-image-116\" title=\"\" srcset=\"https:\/\/maizemachine.com\/wp-content\/uploads\/2022\/08\/manual-corn-planter-machine.webp 720w, https:\/\/maizemachine.com\/wp-content\/uploads\/2022\/08\/manual-corn-planter-machine-300x225.webp 300w\" sizes=\"auto, (max-width: 720px) 100vw, 720px\" \/><figcaption>M\u00e1y gieo h\u1ea1t ng\u00f4 c\u1ea7m tay<\/figcaption><\/figure> <\/div>   <h3 class=\"wp-block-heading\" id=\"h-manual-corn-seeder-machine\">M\u00e1y gieo ng\u00f4 th\u1ee7 c\u00f4ng<\/h3>    <p>M\u00e1y gieo h\u1ea1t ng\u00f4 th\u1ee7 c\u00f4ng c\u1ea7n c\u1ea3 hai tay \u0111\u1ec3 gi\u1eef tay c\u1ea7m v\u00e0 \u1ea5n xu\u1ed1ng h\u1ea1t gi\u1ed1ng. M\u00e1y n\u00e0y nh\u1eb9 v\u00e0 d\u1ec5 mang theo. C\u00e1c b\u1ed9 ph\u1eadn spacer kh\u00e1c nhau c\u0169ng c\u00f3 th\u1ec3 \u0111\u01b0\u1ee3c s\u1eed d\u1ee5ng \u0111\u1ec3 thay \u0111\u1ed5i \u0111\u1ed9 r\u1ed9ng gieo h\u1ea1t. T\u01b0\u01a1ng t\u1ef1, m\u00e1y gieo h\u1ea1t ng\u00f4 th\u1ee7 c\u00f4ng c\u0169ng ph\u00f9 h\u1ee3p cho vi\u1ec7c b\u00f3n ph\u00e2n v\u00e0 gieo h\u1ea1t tr\u00ean \u0111\u1ea5t n\u00f4ng nghi\u1ec7p, v\u00f9ng \u0111\u1ed3ng b\u1eb1ng v\u00e0 \u0111\u1ed3i n\u00fai.<\/p>   <div class=\"wp-block-image\"> <figure class=\"aligncenter size-full\"><img loading=\"lazy\" decoding=\"async\" width=\"720\" height=\"540\" src=\"http:\/\/maizemachine.com\/wp-content\/uploads\/2022\/08\/manual-corn-seeder-machine.webp\" alt=\"M\u00e1y gieo h\u1ea1t ng\u00f4 b\u1eb1ng tay\" class=\"wp-image-117\" title=\"\" srcset=\"https:\/\/maizemachine.com\/wp-content\/uploads\/2022\/08\/manual-corn-seeder-machine.webp 720w, https:\/\/maizemachine.com\/wp-content\/uploads\/2022\/08\/manual-corn-seeder-machine-300x225.webp 300w\" sizes=\"auto, (max-width: 720px) 100vw, 720px\" \/><figcaption>M\u00e1y gieo h\u1ea1t ng\u00f4 b\u1eb1ng tay<\/figcaption><\/figure> <\/div>   <h2 class=\"wp-block-heading\" id=\"h-how-does-a-small-corn-planter-work\">M\u00e1y gieo ng\u00f4 nh\u1ecf ho\u1ea1t \u0111\u1ed9ng nh\u01b0 th\u1ebf n\u00e0o?<\/h2>    <p class=\"translation-block\">Ch\u00fang t\u00f4i ch\u1ee7 y\u1ebfu n\u00f3i v\u1ec1 <a href=\"https:\/\/maizemachine.com\/vi\/Info\/structure-of-maize-planter-machine\/\">nguy\u00ean l\u00fd ho\u1ea1t \u0111\u1ed9ng c\u1ee7a m\u00e1y gieo h\u1ea1t ng\u00f4 \u0111i b\u1ed9<\/a>. Tuy nhi\u00ean, quy tr\u00ecnh l\u00e0m vi\u1ec7c c\u1ee7a h\u1ea7u h\u1ebft c\u00e1c m\u00e1y gieo h\u1ea1t ng\u00f4 nh\u1ecf l\u00e0 t\u01b0\u01a1ng t\u1ef1. \u0110\u1ea7u ti\u00ean, ch\u00fang ta c\u1ea7n cho h\u1ea1t v\u00e0o th\u00f9ng h\u1ea1t. Sau \u0111\u00f3 kh\u1edfi \u0111\u1ed9ng m\u00e1y (\u0111\u1ea9y v\u1ec1 ph\u00eda tr\u01b0\u1edbc). Sau \u0111\u00f3 gi\u1eef tay c\u1ea7m c\u1ee7a m\u00e1y \u0111\u1ec3 gi\u1eef th\u0103ng b\u1eb1ng v\u00e0 \u0111\u1ea9y v\u1ec1 ph\u00eda tr\u01b0\u1edbc. Cu\u1ed1i c\u00f9ng, h\u1ea1t s\u1ebd \u0111\u01b0\u1ee3c gieo v\u00e0o c\u00e1nh \u0111\u1ed3ng.<\/p>    <h2 class=\"wp-block-heading\" id=\"h-characteristics-of-small-corn-planter\">\u0110\u1eb7c \u0111i\u1ec3m c\u1ee7a m\u00e1y gieo h\u1ea1t ng\u00f4 nh\u1ecf<\/h2>    <ol class=\"wp-block-list\"><li>K\u00edch th\u01b0\u1edbc nh\u1ecf v\u00e0 nh\u1eb9. D\u1ec5 d\u00e0ng mang theo v\u00e0 v\u1eadn h\u00e0nh.<\/li><li>N\u00f3 c\u0169ng c\u00f3 th\u1ec3 gieo m\u1ed9t lo\u1ea1t c\u00e1c lo\u1ea1i c\u00e2y ng\u0169 c\u1ed1c nh\u01b0 \u0111\u1eadu ph\u1ed9ng, l\u00faa m\u00ec, \u0111\u1eadu n\u00e0nh, v\u00e0. <a href=\"https:\/\/en.wikipedia.org\/wiki\/Sorghum\" target=\"_blank\" rel=\"noopener\">sorghum<\/a>.<\/li><li>Ch\u1ee9c n\u0103ng k\u00e9p. M\u00e1y gieo h\u1ea1t ng\u00f4 nh\u1ecf kh\u00f4ng ch\u1ec9 c\u00f3 th\u1ec3 gieo m\u00e0 c\u00f2n c\u00f3 th\u1ec3 b\u00f3n ph\u00e2n.<\/li><li>Chi\u1ec1u cao v\u00e0 chi\u1ec1u d\u00e0i c\u1ee7a tay c\u1ea7m c\u00f3 th\u1ec3 \u0111i\u1ec1u ch\u1ec9nh. Do \u0111\u00f3, n\u00f3 ph\u00f9 h\u1ee3p v\u1edbi m\u1ecdi ng\u01b0\u1eddi.<\/li><li>C\u1ea5u tr\u00fac \u0111\u01a1n gi\u1ea3n v\u00e0 d\u1ec5 d\u00e0ng \u0111i\u1ec1u ch\u1ec9nh. Do \u0111\u00f3, n\u00f3 c\u00f3 \u0111\u1eb7c \u0111i\u1ec3m l\u00e0 t\u1ef7 l\u1ec7 h\u1ecfng h\u00f3c th\u1ea5p.<\/li><\/ol>   <div class=\"wp-block-image\"> <figure class=\"aligncenter size-full\"><img loading=\"lazy\" decoding=\"async\" width=\"720\" height=\"540\" src=\"http:\/\/maizemachine.com\/wp-content\/uploads\/2022\/08\/details-of-the-machine.webp\" alt=\"chi ti\u1ebft c\u1ee7a m\u00e1y\" class=\"wp-image-114\" title=\"\" srcset=\"https:\/\/maizemachine.com\/wp-content\/uploads\/2022\/08\/details-of-the-machine.webp 720w, https:\/\/maizemachine.com\/wp-content\/uploads\/2022\/08\/details-of-the-machine-300x225.webp 300w\" sizes=\"auto, (max-width: 720px) 100vw, 720px\" \/><figcaption>chi ti\u1ebft c\u1ee7a m\u00e1y<\/figcaption><\/figure> <\/div>   <h2 class=\"wp-block-heading\" id=\"h-small-corn-planter-for-sale\">M\u00e1y gieo h\u1ea1t ng\u00f4 nh\u1ecf b\u00e1n<\/h2>    <p class=\"translation-block\">T\u1ea1i <a href=\"https:\/\/maizemachine.com\/vi\/\">m\u00e1y m\u00f3c ng\u00f4 Taizy<\/a>, ch\u00fang t\u00f4i c\u00f3 nhi\u1ec1u lo\u1ea1i m\u00e1y gieo h\u1ea1t ng\u00f4 nh\u1ecf \u0111\u1ec3 b\u00e1n. Ngo\u00e0i ra, ch\u00fang t\u00f4i c\u00f2n c\u00f3 m\u1ed9t m\u00e1y gieo h\u1ea1t ng\u00f4 l\u1edbn. C\u00e1c <a href=\"https:\/\/maizemachine.com\/vi\/product\/one-row-corn-picker\/\">m\u00e1y thu ho\u1ea1ch ng\u00f4<\/a> c\u1ee7a ch\u00fang t\u00f4i c\u0169ng t\u01b0\u01a1ng t\u1ef1. Ch\u00fang c\u00f3 nhi\u1ec1u m\u1eabu kh\u00e1c nhau. B\u1ea1n c\u00f3 th\u1ec3 ch\u1ecdn m\u00e1y gieo c\u1ee7a ri\u00eang m\u00ecnh theo nhu c\u1ea7u c\u1ee7a b\u1ea1n. V\u00e0 gi\u00e1 c\u1ee7a m\u1ed7i m\u00e1y gieo h\u1ea1t ng\u00f4 l\u00e0 kh\u00e1c nhau. B\u1edfi v\u00ec m\u1ee9c \u0111\u1ed9 t\u1ef1 \u0111\u1ed9ng h\u00f3a v\u00e0 s\u1ea3n l\u01b0\u1ee3ng c\u1ee7a ch\u00fang l\u00e0 kh\u00e1c nhau. N\u1ebfu b\u1ea1n mu\u1ed1n m\u1ed9t m\u00e1y gieo h\u1ea1t ng\u00f4, xin vui l\u00f2ng li\u00ean h\u1ec7 v\u1edbi ch\u00fang t\u00f4i.<\/p>    <h2 class=\"wp-block-heading\" id=\"h-when-should-corn-be-planted\">Khi n\u00e0o n\u00ean gieo h\u1ea1t ng\u00f4?<\/h2>    <p>S\u1ef1 n\u1ea3y m\u1ea7m c\u1ee7a h\u1ea1t gi\u1ed1ng y\u00eau c\u1ea7u m\u1ed9t nhi\u1ec7t \u0111\u1ed9 v\u00e0 \u0111\u1ed9 s\u00e2u nh\u1ea5t \u0111\u1ecbnh. Nhi\u1ec7t \u0111\u1ed9 th\u00edch h\u1ee3p \u0111\u1ec3 gieo ng\u00f4 kho\u1ea3ng 12 \u2103. V\u00e0 \u0111\u1ed9 s\u00e2u kho\u1ea3ng 10 cm. \u0110\u00e2y l\u00e0 th\u1eddi \u0111i\u1ec3m th\u00edch h\u1ee3p \u0111\u1ec3 tr\u1ed3ng ng\u00f4. Do s\u1ef1 kh\u00e1c bi\u1ec7t gi\u1eefa b\u00e1n c\u1ea7u b\u1eafc v\u00e0 b\u00e1n c\u1ea7u nam, m\u00f9a tr\u1ed3ng th\u00edch h\u1ee3p kh\u00e1c nhau t\u1eeb n\u01a1i n\u00e0y sang n\u01a1i kh\u00e1c. N\u00f3i chung, m\u00f9a tr\u1ed3ng l\u00e0 m\u00f9a xu\u00e2n v\u00e0 m\u00f9a thu. B\u1ea1n c\u00f3 c\u1ea7n m\u1ed9t m\u00e1y gieo ng\u00f4 nh\u1ecf \u0111\u1ec3 gi\u00fap b\u1ea1n kh\u00f4ng? Xin vui l\u00f2ng li\u00ean h\u1ec7 v\u1edbi ch\u00fang t\u00f4i.<\/p>","protected":false},"excerpt":{"rendered":"<p>Small corn planter is mainly designed for family users. Compared with large-scale corn planter, it is more economical and easier to operate. They can also correct problems in time. Because it is a hand-held maize planter, it is suitable for heavier fields in mountains and hills. What are the types of corn planters? There are [&hellip;]<\/p>\n","protected":false},"author":1,"featured_media":864,"parent":0,"template":"","tags":[13],"product-type":[7],"class_list":["post-112","product","type-product","status-publish","has-post-thumbnail","hentry","tag-corn-planter","product-type-corn-planter"],"_links":{"self":[{"href":"https:\/\/maizemachine.com\/vi\/wp-json\/wp\/v2\/product\/112","targetHints":{"allow":["GET"]}}],"collection":[{"href":"https:\/\/maizemachine.com\/vi\/wp-json\/wp\/v2\/product"}],"about":[{"href":"https:\/\/maizemachine.com\/vi\/wp-json\/wp\/v2\/types\/product"}],"author":[{"embeddable":true,"href":"https:\/\/maizemachine.com\/vi\/wp-json\/wp\/v2\/users\/1"}],"wp:featuredmedia":[{"embeddable":true,"href":"https:\/\/maizemachine.com\/vi\/wp-json\/wp\/v2\/media\/864"}],"wp:attachment":[{"href":"https:\/\/maizemachine.com\/vi\/wp-json\/wp\/v2\/media?parent=112"}],"wp:term":[{"taxonomy":"post_tag","embeddable":true,"href":"https:\/\/maizemachine.com\/vi\/wp-json\/wp\/v2\/tags?post=112"},{"taxonomy":"product-type","embeddable":true,"href":"https:\/\/maizemachine.com\/vi\/wp-json\/wp\/v2\/product-type?post=112"}],"curies":[{"name":"wp","href":"https:\/\/api.w.org\/{rel}","templated":true}]}}