{"id":102,"date":"2022-08-24T03:01:59","date_gmt":"2022-08-24T03:01:59","guid":{"rendered":"https:\/\/maizemachine.com\/?post_type=product&#038;p=102"},"modified":"2025-12-30T17:40:40","modified_gmt":"2025-12-30T09:40:40","slug":"maize-sheller","status":"publish","type":"product","link":"https:\/\/maizemachine.com\/vi\/product\/maize-sheller\/","title":{"rendered":"M\u00e1y t\u00e1ch h\u1ea1t ng\u00f4 3-4 T\u1ea5n\/h | M\u00e1y xay th\u00f3c ch\u1ea5t l\u01b0\u1ee3ng cao"},"content":{"rendered":"<p class=\"translation-block\">M\u00e1y tu\u1ed1t ng\u00f4 l\u00e0 m\u1ed9t thi\u1ebft b\u1ecb n\u00f4ng nghi\u1ec7p \u0111\u01b0\u1ee3c thi\u1ebft k\u1ebf \u0111\u1ec3 t\u00e1ch h\u1ea1t ra kh\u1ecfi l\u00f5i b\u1eafp. N\u00f3 \u0111\u1ea1t t\u1ef7 l\u1ec7 nguy\u00ean v\u1eb9n h\u1ea1t tr\u00ean<strong><em> 98%<\/em><\/strong> v\u00e0 t\u1ef7 l\u1ec7 h\u01b0 h\u1ea1i d\u01b0\u1edbi <strong><em>3%,<\/em><\/strong> khi\u1ebfn n\u00f3 \u0111\u01b0\u1ee3c s\u1eed d\u1ee5ng r\u1ed9ng r\u00e3i tr\u00ean c\u00e1c trang tr\u1ea1i l\u1edbn.<\/p>    <p class=\"translation-block\">M\u00e1y tu\u1ed1t ng\u00f4 n\u00e0y c\u00f3 c\u00f4ng su\u1ea5t <strong><em>3\u20134 t\u1ea5n\/gi\u1edd<\/em><\/strong>. N\u00f3 nh\u1ecf g\u1ecdn, d\u1ec5 di chuy\u1ec3n v\u00e0 h\u1ed7 tr\u1ee3 nhi\u1ec1u t\u00f9y ch\u1ecdn ngu\u1ed3n \u0111i\u1ec7n, bao g\u1ed3m \u0111\u1ed9ng c\u01a1 \u0111i\u1ec7n, \u0111\u1ed9ng c\u01a1 x\u0103ng v\u00e0 \u0111\u1ed9ng c\u01a1 diesel. Ph\u00f9 h\u1ee3p v\u1edbi c\u00e1c \u0111i\u1ec1u ki\u1ec7n l\u00e0m vi\u1ec7c kh\u00e1c nhau v\u00e0 l\u00fd t\u01b0\u1edfng cho c\u00e1c h\u1ed9 n\u00f4ng d\u00e2n gia \u0111\u00ecnh v\u00e0 c\u00e1c trang tr\u1ea1i.<\/p>    <p class=\"translation-block\">K\u1ebft h\u1ee3p v\u1edbi <a href=\"https:\/\/maizemachine.com\/vi\/product\/2-row-corn-picker\/\">m\u00e1y g\u1eb7t b\u1eafp 2 h\u00e0ng<\/a>, c\u00f3 th\u1ec3 hi\u1ec7n th\u1ef1c h\u00f3a s\u1ea3n xu\u1ea5t c\u01a1 gi\u1edbi h\u00f3a quy m\u00f4 l\u1edbn. Do hi\u1ec7u su\u1ea5t xu\u1ea5t s\u1eafc v\u00e0 hi\u1ec7u qu\u1ea3 cao, m\u00e1y n\u00e0y \u0111\u00e3 \u0111\u01b0\u1ee3c kh\u00e1ch h\u00e0ng \u1edf nhi\u1ec1u qu\u1ed1c gia \u01b0a th\u00edch v\u00e0 mua. Trong b\u00e0i vi\u1ebft n\u00e0y, ch\u00fang t\u00f4i s\u1ebd gi\u1edbi thi\u1ec7u cho b\u1ea1n m\u1ed9t m\u00e1y tu\u1ed1t ng\u00f4 ph\u1ed5 bi\u1ebfn.<\/p>   <div class=\"wp-block-image\"> <figure class=\"aligncenter size-full\"><img loading=\"lazy\" decoding=\"async\" width=\"720\" height=\"540\" src=\"http:\/\/maizemachine.com\/wp-content\/uploads\/2022\/08\/maize-sheller.webp\" alt=\"m\u00e1y t\u00e1ch h\u1ea1t ng\u00f4\" class=\"wp-image-104\" title=\"\" srcset=\"https:\/\/maizemachine.com\/wp-content\/uploads\/2022\/08\/maize-sheller.webp 720w, https:\/\/maizemachine.com\/wp-content\/uploads\/2022\/08\/maize-sheller-300x225.webp 300w\" sizes=\"auto, (max-width: 720px) 100vw, 720px\" \/><figcaption class=\"wp-element-caption\">m\u00e1y t\u00e1ch h\u1ea1t ng\u00f4<\/figcaption><\/figure> <\/div>   <h2 class=\"wp-block-heading\">\u1ee8ng d\u1ee5ng c\u1ee7a m\u00e1y tu\u1ed1t ng\u00f4 SL-B2<\/h2>    <h3 class=\"wp-block-heading\">C\u00e1c l\u0129nh v\u1ef1c s\u1eed d\u1ee5ng<\/h3>    <ul class=\"wp-block-list\"> <li><strong>N\u00f4ng d\u00e2n h\u1ed9 gia \u0111\u00ecnh:<\/strong> Ba t\u00f9y ch\u1ecdn ngu\u1ed3n \u0111i\u1ec7n \u2014 \u0111\u1ed9ng c\u01a1 \u0111i\u1ec7n, \u0111\u1ed9ng c\u01a1 x\u0103ng, ho\u1eb7c \u0111\u1ed9ng c\u01a1 diesel \u2014 ph\u00f9 h\u1ee3p v\u1edbi \u0111i\u1ec1u ki\u1ec7n \u0111i\u1ec7n n\u00f4ng th\u00f4n kh\u00e1c nhau<\/li>    <li><strong>\u0110i\u1ec3m thu gom l\u00faa:<\/strong> Tr\u1ef1c ti\u1ebfp t\u00e1ch h\u1ea1t ng\u00f4 do n\u00f4ng d\u00e2n giao, gi\u1ea3m kh\u1ed1i l\u01b0\u1ee3ng v\u1eadn chuy\u1ec3n<\/li>    <li><strong>Nh\u00e0 m\u00e1y ch\u1ebf bi\u1ebfn h\u1ea1t nh\u1ecf:<\/strong> H\u1ee3p t\u00e1c v\u1edbi m\u00e1y s\u1ea5y, xay x\u00e1t, v\u00e0 m\u00e1y nghi\u1ec1n \u0111\u1ec3 h\u00ecnh th\u00e0nh m\u1ed9t d\u00e2y chuy\u1ec1n ch\u1ebf bi\u1ebfn \u0111\u01a1n gi\u1ea3n<\/li>    <li><strong>Kh\u1edfi nghi\u1ec7p n\u00f4ng th\u00f4n:<\/strong> C\u00e1c c\u00e1 nh\u00e2n c\u00f3 th\u1ec3 cung c\u1ea5p d\u1ecbch v\u1ee5 t\u00e1ch h\u1ea1t c\u00f3 tr\u1ea3 ph\u00ed cho n\u00f4ng d\u00e2n l\u00e2n c\u1eadn b\u1eb1ng m\u00e1y t\u00e1ch ng\u00f4 SL-B2<\/li> <\/ul>    <h3 class=\"wp-block-heading\">C\u00e1c c\u00e2y tr\u1ed3ng \u00e1p d\u1ee5ng<\/h3>    <p>B\u1eb1ng c\u00e1ch thay l\u01b0\u1edbi, m\u00e1y c\u0169ng c\u00f3 th\u1ec3 \u0111\u01b0\u1ee3c d\u00f9ng \u0111\u1ec3 tu\u1ed1t l\u00faa m\u00ec, \u0111\u1eadu n\u00e0nh, b\u1eafp xay v\u00e0 c\u00e1c lo\u1ea1i c\u00e2y tr\u1ed3ng kh\u00e1c.<\/p>    <div class=\"wp-block-columns is-layout-flex wp-container-core-columns-is-layout-9d6595d7 wp-block-columns-is-layout-flex\"> <div class=\"wp-block-column is-layout-flow wp-block-column-is-layout-flow\" style=\"flex-basis:66.66%\"> <figure class=\"wp-block-image size-full\"><img loading=\"lazy\" decoding=\"async\" width=\"720\" height=\"540\" src=\"https:\/\/maizemachine.com\/wp-content\/uploads\/2023\/01\/applications.webp\" alt=\"\u1ee9ng d\u1ee5ng\" class=\"wp-image-250\" title=\"\" srcset=\"https:\/\/maizemachine.com\/wp-content\/uploads\/2023\/01\/applications.webp 720w, https:\/\/maizemachine.com\/wp-content\/uploads\/2023\/01\/applications-300x225.webp 300w\" sizes=\"auto, (max-width: 720px) 100vw, 720px\" \/><figcaption class=\"wp-element-caption\">\u1ee8ng d\u1ee5ng<\/figcaption><\/figure> <\/div>    <div class=\"wp-block-column is-layout-flow wp-block-column-is-layout-flow\" style=\"flex-basis:33.33%\"> <ul class=\"wp-block-list\"> <li><em>L\u00faa m\u00ec<\/em><\/li>    <li><em>M\u00e8<\/em><\/li>    <li><em>\u0110\u1eadu n\u00e0nh<\/em><\/li>    <li><em>G\u1ea1o<\/em><\/li> <\/ul> <\/div> <\/div>    <h2 class=\"wp-block-heading\">C\u1ea5u t\u1ea1o c\u1ee7a m\u00e1y tu\u1ed1t ng\u00f4<\/h2>   <div class=\"wp-block-image\"> <figure class=\"aligncenter size-full\"><img loading=\"lazy\" decoding=\"async\" width=\"720\" height=\"540\" src=\"http:\/\/maizemachine.com\/wp-content\/uploads\/2022\/08\/corn-shellers-structure.webp\" alt=\"c\u1ea5u tr\u00fac m\u00e1y b\u00f3c ng\u00f4\" class=\"wp-image-106\" title=\"\" srcset=\"https:\/\/maizemachine.com\/wp-content\/uploads\/2022\/08\/corn-shellers-structure.webp 720w, https:\/\/maizemachine.com\/wp-content\/uploads\/2022\/08\/corn-shellers-structure-300x225.webp 300w\" sizes=\"auto, (max-width: 720px) 100vw, 720px\" \/><figcaption class=\"wp-element-caption\">c\u1ea5u tr\u00fac m\u00e1y b\u00f3c ng\u00f4<\/figcaption><\/figure> <\/div>   <div class=\"wp-block-columns is-layout-flex wp-container-core-columns-is-layout-9d6595d7 wp-block-columns-is-layout-flex\"> <div class=\"wp-block-column is-layout-flow wp-block-column-is-layout-flow\"> <details class=\"wp-block-details is-layout-flow wp-block-details-is-layout-flow\"><summary>B\u1ed9 ph\u1eadn tu\u1ed1t<\/summary> <p>Ph\u1ea7n l\u00f5i c\u1ee7a m\u00e1y t\u00e1ch h\u1ea1t ra kh\u1ecfi l\u00f5i b\u1eafp.<\/p> <\/details> <\/div>    <div class=\"wp-block-column is-layout-flow wp-block-column-is-layout-flow\"> <details class=\"wp-block-details is-layout-flow wp-block-details-is-layout-flow\"><summary>B\u1ed9 ph\u1eadn truy\u1ec1n \u0111\u1ed9ng<\/summary> <p>L\u1ef1a ch\u1ecdn g\u1ed3m \u0111\u1ed9ng c\u01a1 \u0111i\u1ec7n, \u0111\u1ed9ng c\u01a1 x\u0103ng ho\u1eb7c \u0111\u1ed9ng c\u01a1 diesel, cung c\u1ea5p l\u1ef1c cho ho\u1ea1t \u0111\u1ed9ng.<\/p> <\/details> <\/div> <\/div>    <div class=\"wp-block-columns is-layout-flex wp-container-core-columns-is-layout-9d6595d7 wp-block-columns-is-layout-flex\"> <div class=\"wp-block-column is-layout-flow wp-block-column-is-layout-flow\"> <details class=\"wp-block-details is-layout-flow wp-block-details-is-layout-flow\"><summary>\u0110\u1ea7u ra l\u00f5i ng\u00f4<\/summary> <p>K\u00eanh tho\u00e1t l\u00f5i b\u1eafp sau khi tu\u1ed1t.<\/p> <\/details> <\/div>    <div class=\"wp-block-column is-layout-flow wp-block-column-is-layout-flow\"> <details class=\"wp-block-details is-layout-flow wp-block-details-is-layout-flow\"><summary>C\u1eeda v\u00e0o nguy\u00ean li\u1ec7u<\/summary> <p>\u0110i\u1ec3m \u0111\u01b0a l\u00f5i b\u1eafp v\u00e0o b\u00ean trong m\u00e1y.<\/p> <\/details> <\/div> <\/div>    <div class=\"wp-block-columns is-layout-flex wp-container-core-columns-is-layout-9d6595d7 wp-block-columns-is-layout-flex\"> <div class=\"wp-block-column is-layout-flow wp-block-column-is-layout-flow\"> <details class=\"wp-block-details is-layout-flow wp-block-details-is-layout-flow\"><summary>Khung<\/summary> <p>C\u1ea5u tr\u00fac ch\u1ecbu l\u1ef1c ch\u00ednh \u0111\u1ea3m b\u1ea3o ho\u1ea1t \u0111\u1ed9ng \u1ed5n \u0111\u1ecbnh.<\/p> <\/details> <\/div>    <div class=\"wp-block-column is-layout-flow wp-block-column-is-layout-flow\"> <details class=\"wp-block-details is-layout-flow wp-block-details-is-layout-flow\"><summary>C\u1eeda tho\u00e1t h\u1ea1t b\u1eafp<\/summary> <p>C\u1eeda tho\u00e1t n\u01a1i h\u1ea1t \u0111\u01b0\u1ee3c th\u1ea3i ra sau khi tu\u1ed1t.<\/p> <\/details> <\/div> <\/div>    <h2 class=\"wp-block-heading\" id=\"h-how-does-maize-sheller-work\">M\u00e1y t\u00e1ch h\u1ea1t ng\u00f4 ho\u1ea1t \u0111\u1ed9ng nh\u01b0 th\u1ebf n\u00e0o?<\/h2>    <p>\u0110\u1ea7u ti\u00ean, ch\u00fang ta c\u1ea7n cho l\u00f5i b\u1eafp v\u00e0o c\u1eeda n\u1ea1p. Sau \u0111\u00f3 b\u1eafp s\u1ebd r\u01a1i t\u1ef1 \u0111\u1ed9ng v\u00e0o bu\u1ed3ng tu\u1ed1t. <\/p>    <p>Ti\u1ebfp theo tr\u1ed1ng b\u00ean trong m\u00e1y s\u1ebd quay d\u01b0\u1edbi t\u00e1c \u0111\u1ed9ng c\u1ee7a \u0111\u1ed9ng c\u01a1. B\u1eafp s\u1ebd ma s\u00e1t v\u00e0 xoay gi\u1eefa c\u00e1c con l\u0103n. Sau \u0111\u00f3 vi\u1ec7c t\u00e1ch l\u00f5i b\u1eafp v\u00e0 h\u1ea1t b\u1eafp \u0111\u01b0\u1ee3c th\u1ef1c hi\u1ec7n. <\/p>    <p>Cu\u1ed1i c\u00f9ng, l\u00f5i b\u1eafp s\u1ebd \u0111\u01b0\u1ee3c th\u1ea3i ra t\u1eeb \u0111u\u00f4i m\u00e1y tu\u1ed1t. H\u1ea1t b\u1eafp s\u1ebd r\u01a1i qua l\u01b0\u1edbi. \u0110\u00e2y l\u00e0 quy tr\u00ecnh l\u00e0m vi\u1ec7c c\u1ee7a m\u00e1y tu\u1ed1t b\u1eafp th\u01b0\u01a1ng m\u1ea1i.<\/p>    <figure class=\"wp-block-embed is-type-video is-provider-youtube wp-block-embed-youtube wp-embed-aspect-16-9 wp-has-aspect-ratio\"><div class=\"wp-block-embed__wrapper\"> <iframe loading=\"lazy\" title=\"M\u00e1y t\u00e1ch h\u1ea1t ng\u00f4 | M\u00e1y t\u00e1ch h\u1ea1t ng\u00f4 ho\u1ea1t \u0111\u1ed9ng nh\u01b0 th\u1ebf n\u00e0o?\" width=\"500\" height=\"281\" src=\"https:\/\/www.youtube.com\/embed\/ZbyQcR_vREk?feature=oembed\" frameborder=\"0\" allow=\"accelerometer; autoplay; clipboard-write; encrypted-media; gyroscope; picture-in-picture; web-share\" referrerpolicy=\"strict-origin-when-cross-origin\" allowfullscreen><\/iframe> <\/div><\/figure>    <h2 class=\"wp-block-heading\" id=\"h-maize-thresher-specifications\">Th\u00f4ng s\u1ed1 k\u1ef9 thu\u1eadt m\u00e1y t\u00e1ch h\u1ea1t ng\u00f4<\/h2>    <figure class=\"wp-block-table\"><table><tbody><tr><td>M\u00f4 h\u00ecnh<\/td><td>SL-B2<\/td><\/tr><tr><td>C\u00f4ng su\u1ea5t<\/td><td>\u0111\u1ed9ng c\u01a1 2.2kw, \u0111\u1ed9ng c\u01a1 x\u0103ng v\u00e0 \u0111\u1ed9ng c\u01a1 diesel<\/td><\/tr><tr><td>Dung l\u01b0\u1ee3ng<\/td><td>3-4t\/h<\/td><\/tr><tr><td>Tr\u1ecdng l\u01b0\u1ee3ng<\/td><td>71kg<\/td><\/tr><tr><td>K\u00edch th\u01b0\u1edbc<\/td><td>1080*6500*1300mm<\/td><\/tr><\/tbody><\/table><\/figure>   <div class=\"wp-block-image\"> <figure class=\"aligncenter size-full\"><img loading=\"lazy\" decoding=\"async\" width=\"720\" height=\"540\" src=\"http:\/\/maizemachine.com\/wp-content\/uploads\/2022\/08\/threshing-effect.webp\" alt=\"hi\u1ec7u \u1ee9ng \u0111\u1eadp\" class=\"wp-image-110\" title=\"\" srcset=\"https:\/\/maizemachine.com\/wp-content\/uploads\/2022\/08\/threshing-effect.webp 720w, https:\/\/maizemachine.com\/wp-content\/uploads\/2022\/08\/threshing-effect-300x225.webp 300w\" sizes=\"auto, (max-width: 720px) 100vw, 720px\" \/><figcaption class=\"wp-element-caption\">hi\u1ec7u \u1ee9ng \u0111\u1eadp<\/figcaption><\/figure> <\/div>   <h2 class=\"wp-block-heading\">\u01afu \u0111i\u1ec3m c\u1ee7a m\u00e1y tu\u1ed1t ng\u00f4<\/h2>    <p class=\"translation-block\"><strong>Hi\u1ec7u su\u1ea5t cao<\/strong><\/p>    <ul class=\"wp-block-list\"> <li>C\u00f4ng su\u1ea5t: 3\u20134 t\u1ea5n m\u1ed7i gi\u1edd, hi\u1ec7u qu\u1ea3 g\u1ea5p 20\u201330 l\u1ea7n so v\u1edbi tu\u1ed1t th\u1ee7 c\u00f4ng.<\/li> <\/ul>    <p class=\"translation-block\"><strong>Ph\u1ea1m vi \u1ee9ng d\u1ee5ng r\u1ed9ng<\/strong><\/p>    <ul class=\"wp-block-list\"> <li>C\u00f3 th\u1ec3 x\u1eed l\u00fd b\u1eafp t\u01b0\u01a1i v\u00e0 b\u1eafp kh\u00f4; m\u1ed9t s\u1ed1 m\u1eabu c\u00f2n c\u00f3 th\u1ec3 tu\u1ed1t l\u00faa m\u00ec, b\u1eafp xay v\u00e0 c\u00e1c lo\u1ea1i c\u00e2y kh\u00e1c.<\/li> <\/ul>    <p class=\"translation-block\"><strong>D\u1ec5 v\u1eadn h\u00e0nh<\/strong><\/p>    <ul class=\"wp-block-list\"> <li>Tr\u1ecdng l\u01b0\u1ee3ng: 71\u202fkg; K\u00edch th\u01b0\u1edbc: 1080\u00d7650\u00d71300\u202fmm. C\u1ea5u tr\u00fac nh\u1ecf g\u1ecdn v\u00e0 d\u1ec5 di chuy\u1ec3n.<\/li> <\/ul>    <p class=\"translation-block\"><strong>Nhi\u1ec1u l\u1ef1a ch\u1ecdn ngu\u1ed3n l\u1ef1c<\/strong><\/p>    <p>H\u1ed7 tr\u1ee3 \u0111\u1ed9ng c\u01a1 \u0111i\u1ec7n, \u0111\u1ed9ng c\u01a1 x\u0103ng v\u00e0 \u0111\u1ed9ng c\u01a1 diesel, gi\u00fap n\u00f4ng d\u00e2n d\u1ec5 v\u1eadn h\u00e0nh.<\/p>    <p class=\"translation-block\"><strong>Ti\u1ebft ki\u1ec7m th\u1eddi gian v\u00e0 nh\u00e2n l\u1ef1c<\/strong><\/p>    <ul class=\"wp-block-list\"> <li>3\u20134 t\u1ea5n m\u1ed7i gi\u1edd c\u00f3 th\u1ec3 thay c\u00f4ng vi\u1ec7c kho\u1ea3ng 10\u201315 ng\u01b0\u1eddi, gi\u1ea3m \u00e1p l\u1ef1c nh\u00e2n l\u1ef1c trong m\u00f9a thu ho\u1ea1ch.<\/li> <\/ul>    <p class=\"translation-block\"><strong>T\u1ed5n th\u01b0\u01a1ng h\u1ea1t th\u1ea5p<\/strong><\/p>    <ul class=\"wp-block-list\"> <li>Thi\u1ebft k\u1ebf tr\u1ed1ng tu\u1ed1t \u0111\u01b0\u1ee3c t\u1ed1i \u01b0u gi\u1eef t\u1ef7 l\u1ec7 h\u01b0 h\u1ea1i h\u1ea1t d\u01b0\u1edbi 3%.<\/li> <\/ul>    <p class=\"translation-block\"><strong>Kh\u1ea3 n\u0103ng l\u00e0m s\u1ea1ch m\u1ea1nh m\u1ebd<\/strong><\/p>    <ul class=\"wp-block-list\"> <li>Trang b\u1ecb qu\u1ea1t, h\u1ea1t s\u1ea1ch m\u00e0 kh\u00f4ng c\u1ea7n s\u00e0ng th\u00eam. L\u00f5i b\u1eafp v\u1eabn nguy\u00ean v\u1eb9n \u0111\u1ec3 l\u00e0m th\u1ee9c \u0103n ch\u0103n nu\u00f4i ho\u1eb7c s\u1eed d\u1ee5ng kh\u00e1c.<\/li> <\/ul>   <div class=\"wp-block-image\"> <figure class=\"aligncenter size-full\"><img loading=\"lazy\" decoding=\"async\" width=\"720\" height=\"540\" src=\"https:\/\/maizemachine.com\/wp-content\/uploads\/2022\/08\/working-picture.webp\" alt=\"Corn thresher is threshing quickly\" class=\"wp-image-111\" title=\"\" srcset=\"https:\/\/maizemachine.com\/wp-content\/uploads\/2022\/08\/working-picture.webp 720w, https:\/\/maizemachine.com\/wp-content\/uploads\/2022\/08\/working-picture-300x225.webp 300w\" sizes=\"auto, (max-width: 720px) 100vw, 720px\" \/><figcaption class=\"wp-element-caption\">Corn thresher is threshing quickly<\/figcaption><\/figure> <\/div>   <h2 class=\"wp-block-heading\" id=\"h-how-much-is-maize-sheller\">Gi\u00e1 m\u00e1y t\u00e1ch h\u1ea1t ng\u00f4 l\u00e0 bao nhi\u00eau?<\/h2>    <p>Gi\u00e1 c\u1ee7a m\u00e1y tu\u1ed1t b\u1eafp b\u1ecb \u1ea3nh h\u01b0\u1edfng b\u1edfi nhi\u1ec1u y\u1ebfu t\u1ed1, kh\u00f4ng ch\u1ec9 m\u1ed9t. C\u00e1c y\u1ebfu t\u1ed1 ch\u00ednh bao g\u1ed3m:<\/p>    <ul class=\"wp-block-list\"> <li>C\u00f4ng su\u1ea5t: C\u00f4ng su\u1ea5t tu\u1ed1t theo gi\u1edd c\u00e0ng cao, m\u00e1y c\u00e0ng l\u1edbn v\u00e0 chi ph\u00ed c\u00e0ng cao.<\/li>    <li>Lo\u1ea1i ngu\u1ed3n: C\u00e1c t\u00f9y ch\u1ecdn ngu\u1ed3n kh\u00e1c nhau\u2014\u0111\u1ed9ng c\u01a1 \u0111i\u1ec7n, \u0111\u1ed9ng c\u01a1 x\u0103ng, ho\u1eb7c \u0111\u1ed9ng c\u01a1 diesel\u2014\u1ea3nh h\u01b0\u1edfng \u0111\u1ebfn chi ph\u00ed; m\u1eabu diesel th\u01b0\u1eddng \u0111\u1eaft h\u01a1n m\u1eabu \u0111i\u1ec7n.<\/li>    <li>\u0110a ch\u1ee9c n\u0103ng: M\u00e1y c\u00f3 th\u1ec3 x\u1eed l\u00fd nhi\u1ec1u lo\u1ea1i c\u00e2y tr\u1ed3ng ho\u1eb7c y\u00eau c\u1ea7u l\u01b0\u1edbi t\u00f9y ch\u1ec9nh s\u1ebd c\u00f3 gi\u00e1 cao h\u01a1n do nhu c\u1ea7u t\u00f9y ch\u1ec9nh l\u1edbn h\u01a1n.<\/li>    <li>T\u00f9y ch\u1ec9nh &amp; D\u1ecbch v\u1ee5 b\u1ed5 sung: \u0110i\u1ec7n \u00e1p t\u00f9y ch\u1ec9nh, k\u00edch th\u01b0\u1edbc, m\u00e0u s\u1eafc ho\u1eb7c ph\u1ee5 ki\u1ec7n th\u00eam s\u1ebd l\u00e0m t\u0103ng chi ph\u00ed thi\u1ebft b\u1ecb.<\/li> <\/ul>    <p>N\u1ebfu b\u1ea1n mu\u1ed1n bi\u1ebft gi\u00e1 m\u1edbi nh\u1ea5t c\u1ee7a m\u00e1y, xin vui l\u00f2ng li\u00ean h\u1ec7 v\u1edbi ch\u00fang t\u00f4i. \u0110\u1ed9i ng\u0169 b\u00e1n h\u00e0ng s\u1ebd li\u00ean h\u1ec7 k\u1ecbp th\u1eddi v\u00e0 cung c\u1ea5p b\u00e1o gi\u00e1 chi ti\u1ebft cho b\u1ea1n.<\/p>   <div class=\"wp-block-image\"> <figure class=\"aligncenter size-full\"><img loading=\"lazy\" decoding=\"async\" width=\"720\" height=\"540\" src=\"http:\/\/maizemachine.com\/wp-content\/uploads\/2022\/08\/picture-of-machine-packing.webp\" alt=\"h\u00ecnh \u1ea3nh c\u1ee7a m\u00e1y \u0111\u00f3ng g\u00f3i\" class=\"wp-image-108\" title=\"\" srcset=\"https:\/\/maizemachine.com\/wp-content\/uploads\/2022\/08\/picture-of-machine-packing.webp 720w, https:\/\/maizemachine.com\/wp-content\/uploads\/2022\/08\/picture-of-machine-packing-300x225.webp 300w\" sizes=\"auto, (max-width: 720px) 100vw, 720px\" \/><figcaption class=\"wp-element-caption\">h\u00ecnh \u1ea3nh c\u1ee7a m\u00e1y \u0111\u00f3ng g\u00f3i<\/figcaption><\/figure> <\/div>   <h2 class=\"wp-block-heading\" id=\"h-where-to-buy-maize-sheller\">Mua m\u00e1y t\u00e1ch h\u1ea1t ng\u00f4 \u1edf \u0111\u00e2u?<\/h2>    <p class=\"translation-block\">Nh\u00e0 m\u00e1y Taizy chuy\u00ean s\u1ea3n xu\u1ea5t m\u00e1y m\u00f3c ng\u00f4 l\u00e0 m\u1ed9t <a href=\"https:\/\/maizemachine.com\/vi\/\">nh\u00e0 s\u1ea3n xu\u1ea5t thi\u1ebft b\u1ecb ng\u00f4 chuy\u00ean nghi\u1ec7p<\/a>. Ch\u00fang t\u00f4i b\u00e1n c\u00e1c lo\u1ea1i m\u00e1y m\u00f3c ng\u00f4 kh\u00e1c nhau, nh\u01b0 <a href=\"https:\/\/maizemachine.com\/vi\/product\/maize-grits-milling-machine\/\">m\u00e1y xay tinh b\u1ed9t ng\u00f4<\/a>, <a href=\"https:\/\/maizemachine.com\/vi\/product\/corn-mill-grinder\/\">m\u00e1y xay ng\u00f4<\/a>, v\u00e0 <a href=\"https:\/\/maizemachine.com\/vi\/product\/maize-planter\/\">m\u00e1y gieo ng\u00f4<\/a>. B\u00ean c\u1ea1nh \u0111\u00f3, ch\u00fang t\u00f4i c\u00f2n cung c\u1ea5p cho kh\u00e1ch h\u00e0ng c\u00e1c d\u1ecbch v\u1ee5 ti\u1ec1n b\u00e1n v\u00e0 sau b\u00e1n h\u00e0ng t\u1ed1t. Nhi\u1ec1u kh\u00e1ch h\u00e0ng \u0111\u00e3 tr\u1edf th\u00e0nh kh\u00e1ch h\u00e0ng quen thu\u1ed9c c\u1ee7a ch\u00fang t\u00f4i. V\u00ec v\u1eady, n\u1ebfu b\u1ea1n \u0111ang t\u00ecm m\u1ed9t m\u00e1y t\u00e1ch ng\u00f4, xin h\u00e3y li\u00ean h\u1ec7 v\u1edbi ch\u00fang t\u00f4i.<\/p>   <div class=\"wp-block-image\"> <figure class=\"aligncenter size-full\"><img loading=\"lazy\" decoding=\"async\" width=\"720\" height=\"540\" src=\"https:\/\/maizemachine.com\/wp-content\/uploads\/2025\/08\/Our-customer.webp\" alt=\"Kh\u00e1ch h\u00e0ng c\u1ee7a ch\u00fang t\u00f4i\" class=\"wp-image-577\" title=\"\" srcset=\"https:\/\/maizemachine.com\/wp-content\/uploads\/2025\/08\/Our-customer.webp 720w, https:\/\/maizemachine.com\/wp-content\/uploads\/2025\/08\/Our-customer-300x225.webp 300w, https:\/\/maizemachine.com\/wp-content\/uploads\/2025\/08\/Our-customer-16x12.webp 16w\" sizes=\"auto, (max-width: 720px) 100vw, 720px\" \/><figcaption class=\"wp-element-caption\">Kh\u00e1ch h\u00e0ng c\u1ee7a ch\u00fang t\u00f4i<\/figcaption><\/figure> <\/div>   <h2 class=\"wp-block-heading\">C\u00e2u H\u1ecfi Th\u01b0\u1eddng G\u1eb7p<\/h2>   <div id=\"rank-math-faq\" class=\"rank-math-block\"> <div class=\"rank-math-list\"> <div id=\"faq-question-1757398121523\" class=\"rank-math-list-item\"> <h3 class=\"rank-math-question\">T\u1ea1i sao vi\u1ec7c tu\u1ed1t l\u00faa kh\u00f4ng s\u1ea1ch?<\/h3> <div class=\"rank-math-answer\">  <p>Nguy\u00ean nh\u00e2n c\u00f3 th\u1ec3 l\u00e0 do t\u1ed1c \u0111\u1ed9 tr\u1ed1ng kh\u00f4ng \u0111\u1ee7 ho\u1eb7c r\u0103ng b\u1ecb m\u00f2n. Ki\u1ec3m tra c\u00f4ng su\u1ea5t \u0111\u1ed9ng c\u01a1 ho\u1eb7c thay t\u1ea5m r\u0103ng.<\/p>  <\/div> <\/div> <div id=\"faq-question-1757398186712\" class=\"rank-math-list-item\"> <h3 class=\"rank-math-question\">T\u1ea1i sao t\u1ef7 l\u1ec7 h\u01b0 h\u1ecfng kernel l\u1ea1i cao?<\/h3> <div class=\"rank-math-answer\">  <p>Th\u01b0\u1eddng do t\u1ed1c \u0111\u1ed9 tr\u1ed1ng qu\u00e1 cao ho\u1eb7c b\u1eafp ng\u00f4 qu\u00e1 kh\u00f4. \u0110i\u1ec1u ch\u1ec9nh t\u1ed1c \u0111\u1ed9 ho\u1eb7c h\u01a1i l\u00e0m \u1ea9m c\u00e1c b\u1eafp ng\u00f4.<\/p>  <\/div> <\/div> <div id=\"faq-question-1757398204641\" class=\"rank-math-list-item\"> <h3 class=\"rank-math-question\">T\u1ea1i sao m\u00e1y b\u1ecb k\u1eb9t?<\/h3> <div class=\"rank-math-answer\">  <p>C\u00f3 th\u1ec3 l\u00e0 do cho qu\u00e1 nhi\u1ec1u tr\u00e1i b\u1eafp c\u00f9ng l\u00fac ho\u1eb7c m\u1ea3nh v\u1ee5n \u0111ang ch\u1eafn m\u00e1y. V\u1ec7 sinh bu\u1ed3ng tu\u1ed1t v\u00e0 ki\u1ec3m so\u00e1t l\u01b0\u1ee3ng cho v\u00e0o.<\/p>  <\/div> <\/div> <div id=\"faq-question-1757398218490\" class=\"rank-math-list-item\"> <h3 class=\"rank-math-question\">B\u1ea1n c\u00f3 th\u1ec3 \u0111\u1ea3m b\u1ea3o ch\u1ea5t l\u01b0\u1ee3ng c\u1ee7a m\u00ecnh kh\u00f4ng?<\/h3> <div class=\"rank-math-answer\">  <p>T\u1ea5t nhi\u00ean. Ch\u00fang t\u00f4i l\u00e0 nh\u00e0 m\u00e1y s\u1ea3n xu\u1ea5t. Quan tr\u1ecdng h\u01a1n, ch\u00fang t\u00f4i \u0111\u1eb7t gi\u00e1 tr\u1ecb cao l\u00ean danh ti\u1ebfng c\u1ee7a m\u00ecnh.\u00a0<br \/>Ch\u1ea5t l\u01b0\u1ee3ng t\u1ed1t nh\u1ea5t lu\u00f4n l\u00e0 nguy\u00ean t\u1eafc c\u1ee7a ch\u00fang t\u00f4i. B\u1ea1n c\u00f3 th\u1ec3 ho\u00e0n to\u00e0n y\u00ean t\u00e2m v\u1ec1 s\u1ea3n xu\u1ea5t c\u1ee7a ch\u00fang t\u00f4i.\u00a0<\/p>  <\/div> <\/div> <div id=\"faq-question-1757398291146\" class=\"rank-math-list-item\"> <h3 class=\"rank-math-question\">C\u00f4ng ty b\u1ea1n c\u00f3 ch\u1ea5p nh\u1eadn \u0111\u1eb7t h\u00e0ng t\u00f9y ch\u1ec9nh kh\u00f4ng?<\/h3> <div class=\"rank-math-answer\">  <p>Ch\u00fang t\u00f4i c\u00f3 \u0111\u1ed9i ng\u0169 thi\u1ebft k\u1ebf xu\u1ea5t s\u1eafc,and ch\u00fang t\u00f4i c\u00f3 th\u1ec3 nh\u1eadn OEM.<\/p>  <\/div> <\/div> <div id=\"faq-question-1757398804821\" class=\"rank-math-list-item\"> <h3 class=\"rank-math-question\">C\u00f2n d\u1ecbch v\u1ee5 c\u1ee7a b\u1ea1n th\u00ec sao?<\/h3> <div class=\"rank-math-answer\">  <p>D\u1ecbch v\u1ee5 tr\u1ef1c tuy\u1ebfn 24 gi\u1edd \u0111\u1ec3 gi\u1ea3i quy\u1ebft m\u1ecdi v\u1ea5n \u0111\u1ec1. S\u1ef1 h\u00e0i l\u00f2ng c\u1ee7a b\u1ea1n l\u00e0 \u0111i\u1ec1u ch\u00fang t\u00f4i theo \u0111u\u1ed5i. Ch\u00e2n th\u00e0nh hy v\u1ecdng \u0111\u01b0\u1ee3c h\u1ee3p t\u00e1c.<\/p>  <\/div> <\/div> <div id=\"faq-question-1757398834468\" class=\"rank-math-list-item\"> <h3 class=\"rank-math-question\">C\u00f2n c\u00e1c ph\u01b0\u01a1ng th\u1ee9c v\u1eadn chuy\u1ec3n th\u00ec sao?<\/h3> <div class=\"rank-math-answer\">  <p>\u0110\u1ed1i v\u1edbi \u0111\u01a1n h\u00e0ng g\u1ea5p v\u00e0 h\u00e0ng nh\u1eb9, b\u1ea1n c\u00f3 th\u1ec3 ch\u1ecdn chuy\u1ec3n ph\u00e1t nhanh: FEDEX, TNT, DHL ho\u1eb7c EMS; \u0111\u1ed1i v\u1edbi h\u00e0ng n\u1eb7ng, b\u1ea1n c\u00f3 th\u1ec3 ch\u1ecdn b\u1eb1ng \u0111\u01b0\u1eddng h\u00e0ng kh\u00f4ng ho\u1eb7c \u0111\u01b0\u1eddng bi\u1ec3n \u0111\u1ec3 ti\u1ebft ki\u1ec7m chi ph\u00ed.<\/p>  <\/div> <\/div> <div id=\"faq-question-1757398858587\" class=\"rank-math-list-item\"> <h3 class=\"rank-math-question\">L\u00e0m th\u1ebf n\u00e0o \u0111\u1ec3 t\u00f4i \u0111\u1ebfn \u0111\u01b0\u1ee3c nh\u00e0 m\u00e1y c\u1ee7a b\u1ea1n?<\/h3> <div class=\"rank-math-answer\">  <p>Ch\u00fang t\u00f4i \u1edf s\u1ed1 1394 \u0110\u01b0\u1eddng Hanghai \u0110\u00f4ng, Khu Ph\u00e1t tri\u1ec3n Kinh t\u1ebf - K\u1ef9 thu\u1eadt, Tr\u1ecbnh Ch\u00e2u, Trung Qu\u1ed1c. V\u00e0 ch\u00fang t\u00f4i c\u00f3 th\u1ec3 cung c\u1ea5p \u0111\u00f3n ti\u1ebfp mi\u1ec5n ph\u00ed v\u00e0 chu \u0111\u00e1o cho b\u1ea1n.<\/p>  <\/div> <\/div> <\/div> <\/div>   <p><\/p>","protected":false},"excerpt":{"rendered":"<p>A maize sheller is an agricultural machine designed to separate kernels from the cob. It achieves a kernel integrity rate of over 98% and a damage rate of less than 3%, making it widely used on large farms. This corn thresher has a capacity of 3\u20134 tons\/h It is compact, easy to move, and supports [&hellip;]<\/p>\n","protected":false},"author":1,"featured_media":187,"parent":0,"template":"","tags":[14],"product-type":[9],"class_list":["post-102","product","type-product","status-publish","has-post-thumbnail","hentry","tag-corn-sheller","product-type-corn-sheller-machine"],"_links":{"self":[{"href":"https:\/\/maizemachine.com\/vi\/wp-json\/wp\/v2\/product\/102","targetHints":{"allow":["GET"]}}],"collection":[{"href":"https:\/\/maizemachine.com\/vi\/wp-json\/wp\/v2\/product"}],"about":[{"href":"https:\/\/maizemachine.com\/vi\/wp-json\/wp\/v2\/types\/product"}],"author":[{"embeddable":true,"href":"https:\/\/maizemachine.com\/vi\/wp-json\/wp\/v2\/users\/1"}],"wp:featuredmedia":[{"embeddable":true,"href":"https:\/\/maizemachine.com\/vi\/wp-json\/wp\/v2\/media\/187"}],"wp:attachment":[{"href":"https:\/\/maizemachine.com\/vi\/wp-json\/wp\/v2\/media?parent=102"}],"wp:term":[{"taxonomy":"post_tag","embeddable":true,"href":"https:\/\/maizemachine.com\/vi\/wp-json\/wp\/v2\/tags?post=102"},{"taxonomy":"product-type","embeddable":true,"href":"https:\/\/maizemachine.com\/vi\/wp-json\/wp\/v2\/product-type?post=102"}],"curies":[{"name":"wp","href":"https:\/\/api.w.org\/{rel}","templated":true}]}}