{"id":13,"date":"2022-08-17T03:36:51","date_gmt":"2022-08-17T03:36:51","guid":{"rendered":"http:\/\/maizemachine.com\/?page_id=13"},"modified":"2022-08-25T07:09:37","modified_gmt":"2022-08-25T07:09:37","slug":"about","status":"publish","type":"page","link":"https:\/\/maizemachine.com\/vi\/about\/","title":{"rendered":"V\u1ec1 ch\u00fang t\u00f4i"},"content":{"rendered":"<p class=\"translation-block\">Zhengzhou Taizy corn machinery Co., Ltd. l\u00e0 c\u00f4ng ty chuy\u00ean s\u1ea3n xu\u1ea5t v\u00e0 ch\u1ebf t\u1ea1o m\u00e1y tr\u1ed3ng ng\u00f4 v\u00e0 c\u00e1c thi\u1ebft b\u1ecb m\u00e1y n\u00f4ng nghi\u1ec7p kh\u00e1c. \u0110\u1ed3ng th\u1eddi, c\u00f4ng ty c\u00f2n tham gia v\u00e0o vi\u1ec7c ph\u00e1t tri\u1ec3n v\u00e0 kinh doanh thi\u1ebft b\u1ecb m\u00e1y n\u00f4ng nghi\u1ec7p. T\u1ea1i Taizy machinery, thi\u1ebft b\u1ecb m\u00e1y tr\u1ed3ng ng\u00f4 c\u1ee7a ch\u00fang t\u00f4i bao g\u1ed3m b\u1ed1n lo\u1ea1i: <a href=\"https:\/\/maizemachine.com\/vi\/product\/small-corn-planter\/\">m\u00e1y gieo h\u1ea1t ng\u00f4<\/a>, <a href=\"https:\/\/maizemachine.com\/vi\/product\/one-row-corn-picker\/\">m\u00e1y thu ho\u1ea1ch ng\u00f4<\/a>, <a href=\"https:\/\/maizemachine.com\/vi\/product\/maize-sheller\/\">m\u00e1y t\u00e1ch h\u1ea1t ng\u00f4<\/a> v\u00e0 <a href=\"https:\/\/maizemachine.com\/vi\/product\/maize-grits-milling-machine\/\">m\u00e1y nghi\u1ec1n ng\u00f4<\/a>. M\u1ed7i lo\u1ea1i c\u00f3 nhi\u1ec1u m\u1eabu m\u00e1y cho kh\u00e1ch h\u00e0ng l\u1ef1a ch\u1ecdn. V\u1edbi s\u1ef1 ph\u1ed5 bi\u1ebfn ng\u00e0y c\u00e0ng t\u0103ng c\u1ee7a m\u00e1y m\u00f3c, thi\u1ebft b\u1ecb c\u1ee7a ch\u00fang t\u00f4i \u0111\u00e3 \u0111\u01b0\u1ee3c xu\u1ea5t kh\u1ea9u sang Hoa K\u1ef3, Canada, Nigeria, Ghana, Ethiopia, Philippines, Indonesia, V\u01b0\u01a1ng qu\u1ed1c Anh v\u00e0 Peru.<\/p>    <h2 class=\"wp-block-heading\" id=\"h-why-do-customers-choose-us\">T\u1ea1i sao kh\u00e1ch h\u00e0ng ch\u1ecdn ch\u00fang t\u00f4i?<\/h2>    <ol class=\"wp-block-list\"><li>D\u1ecbch v\u1ee5 ch\u0103m s\u00f3c kh\u00e1ch h\u00e0ng tr\u01b0\u1edbc v\u00e0 sau b\u00e1n h\u00e0ng t\u1eadn t\u00ecnh.<br>Nh\u00e2n vi\u00ean b\u00e1n h\u00e0ng c\u1ee7a ch\u00fang t\u00f4i \u0111\u00e3 \u0111\u01b0\u1ee3c \u0111\u00e0o t\u1ea1o b\u00e0i b\u1ea3n. Khi \u0111\u1ed1i m\u1eb7t v\u1edbi kh\u00e1ch h\u00e0ng, nh\u00e2n vi\u00ean b\u00e1n h\u00e0ng s\u1ebd th\u1ec3 hi\u1ec7n ch\u1ea5t l\u01b0\u1ee3ng chuy\u00ean nghi\u1ec7p cao. D\u00f9 b\u1ea1n c\u00f3 b\u1ea5t k\u1ef3 s\u1ef1 b\u1ed1i r\u1ed1i n\u00e0o v\u1ec1 m\u00e1y m\u00f3c, nh\u00e2n vi\u00ean b\u00e1n h\u00e0ng c\u1ee7a ch\u00fang t\u00f4i s\u1ebd tr\u1ea3 l\u1eddi cho b\u1ea1n. Quan tr\u1ecdng nh\u1ea5t, n\u1ebfu b\u1ea1n g\u1eb7p v\u1ea5n \u0111\u1ec1 v\u1ec1 l\u1eafp \u0111\u1eb7t sau khi nh\u1eadn m\u00e1y, ch\u00fang t\u00f4i c\u0169ng c\u00f3 th\u1ec3 gi\u1ea3i quy\u1ebft cho b\u1ea1n.<\/li><li>Kinh nghi\u1ec7m xu\u1ea5t kh\u1ea9u phong ph\u00fa. L\u00e0 m\u1ed9t c\u00f4ng ty c\u00f3 h\u01a1n 10 n\u0103m kinh nghi\u1ec7m s\u1ea3n xu\u1ea5t m\u00e1y m\u00f3c, m\u00e1y c\u1ee7a ch\u00fang t\u00f4i \u0111\u01b0\u1ee3c xu\u1ea5t kh\u1ea9u sang Hoa K\u1ef3, Canada, Anh, Nigeria, \u1ea4n \u0110\u1ed9, Ethiopia, Ghana, Philippines v\u00e0 c\u00e1c qu\u1ed1c gia kh\u00e1c.<\/li><li>M\u00e1y m\u00f3c ch\u1ea5t l\u01b0\u1ee3ng cao.<br>M\u00e1y m\u00f3c l\u00e0 n\u1ec1n t\u1ea3ng c\u1ee7a s\u1ef1 kh\u1edfi nghi\u1ec7p c\u1ee7a ch\u00fang t\u00f4i. Ch\u00fang t\u00f4i hi\u1ec3u r\u1eb1ng ch\u1ec9 c\u00f3 m\u00e1y m\u00f3c ch\u1ea5t l\u01b0\u1ee3ng cao m\u1edbi c\u00f3 th\u1ec3 gi\u00fap kh\u00e1ch h\u00e0ng v\u00e0 t\u1ed3n t\u1ea1i l\u00e2u d\u00e0i tr\u00ean th\u1ecb tr\u01b0\u1eddng. Do \u0111\u00f3, ch\u00fang t\u00f4i \u0111\u00e3 \u0111\u1ea7u t\u01b0 r\u1ea5t nhi\u1ec1u c\u00f4ng s\u1ee9c v\u00e0o s\u1ea3n xu\u1ea5t v\u00e0 nghi\u00ean c\u1ee9u ph\u00e1t tri\u1ec3n m\u00e1y m\u00f3c.<\/li><\/ol>","protected":false},"excerpt":{"rendered":"<p>Zhengzhou Taizy corn machinery Co., Ltd. is a company specializing in producing and manufacturing corn machinery and other agricultural machinery equipment. At the same time, the company is also involved in the development and sales of agricultural machinery equipment. In Taizy machinery, our corn machinery equipment includes four categories: corn planter, corn harvester, corn thresher, [&hellip;]<\/p>\n","protected":false},"author":1,"featured_media":0,"parent":0,"menu_order":0,"comment_status":"closed","ping_status":"closed","template":"","meta":{"footnotes":""},"class_list":["post-13","page","type-page","status-publish","hentry"],"_links":{"self":[{"href":"https:\/\/maizemachine.com\/vi\/wp-json\/wp\/v2\/pages\/13","targetHints":{"allow":["GET"]}}],"collection":[{"href":"https:\/\/maizemachine.com\/vi\/wp-json\/wp\/v2\/pages"}],"about":[{"href":"https:\/\/maizemachine.com\/vi\/wp-json\/wp\/v2\/types\/page"}],"author":[{"embeddable":true,"href":"https:\/\/maizemachine.com\/vi\/wp-json\/wp\/v2\/users\/1"}],"replies":[{"embeddable":true,"href":"https:\/\/maizemachine.com\/vi\/wp-json\/wp\/v2\/comments?post=13"}],"version-history":[{"count":0,"href":"https:\/\/maizemachine.com\/vi\/wp-json\/wp\/v2\/pages\/13\/revisions"}],"wp:attachment":[{"href":"https:\/\/maizemachine.com\/vi\/wp-json\/wp\/v2\/media?parent=13"}],"curies":[{"name":"wp","href":"https:\/\/api.w.org\/{rel}","templated":true}]}}