{"id":95,"date":"2022-08-24T02:13:52","date_gmt":"2022-08-24T02:13:52","guid":{"rendered":"https:\/\/maizemachine.com\/?post_type=product&#038;p=95"},"modified":"2025-06-20T18:04:57","modified_gmt":"2025-06-20T10:04:57","slug":"2-row-corn-picker","status":"publish","type":"product","link":"https:\/\/maizemachine.com\/pt\/product\/2-row-corn-picker\/","title":{"rendered":"Seletor de milho de 2 fileiras | Colheitadeira de milho de 2 fileiras"},"content":{"rendered":"<p class=\"translation-block\">A colhedora de milho de 2 linhas \u00e9 uma m\u00e1quina que colhe duas linhas de milho ao mesmo tempo. Pertence a equipamentos de colheita de milho de v\u00e1rias linhas. Tamb\u00e9m temos uma <a href=\"https:\/\/maizemachine.com\/pt\/product\/one-row-corn-picker\/\">colhedora de milho de uma linha<\/a>, colhedora de milho de 3 linhas e colheitadeira de milho de 4 linhas para voc\u00ea escolher.<\/p>    <p> Comparado com o colhedor de milho de 1 linha, o colhedor de 2 linhas tem um grande volume e alta efici\u00eancia de trabalho. Al\u00e9m disso, a m\u00e1quina \u00e9 equipada com uma cabine para que as pessoas possam operar a m\u00e1quina. Portanto, esta m\u00e1quina pode facilmente colher v\u00e1rias linhas de milho em um tempo muito curto.<\/p>   <div class=\"wp-block-image\"> <figure class=\"aligncenter size-full\"><img loading=\"lazy\" decoding=\"async\" width=\"720\" height=\"540\" src=\"http:\/\/maizemachine.com\/wp-content\/uploads\/2022\/08\/two-row-corn-harvester.webp\" alt=\"colheitadeira de milho de duas fileiras\" class=\"wp-image-101\" title=\"\" srcset=\"https:\/\/maizemachine.com\/wp-content\/uploads\/2022\/08\/two-row-corn-harvester.webp 720w, https:\/\/maizemachine.com\/wp-content\/uploads\/2022\/08\/two-row-corn-harvester-300x225.webp 300w\" sizes=\"auto, (max-width: 720px) 100vw, 720px\" \/><figcaption class=\"wp-element-caption\">colheitadeira de milho de duas fileiras<\/figcaption><\/figure> <\/div>   <h2 class=\"wp-block-heading\" id=\"h-advantages-of-2-row-corn-picker\">Vantagens do colhedor de milho de 2 linhas da Shuliy<\/h2>    <ol class=\"wp-block-list\"> <li>Nossa colhedora de milho adota acionamento mec\u00e2nico de primeira classe e tecnologia de acionamento hidr\u00e1ulico. \u00c9 f\u00e1cil de controlar e operar.<\/li>    <li>Ao mesmo tempo, a colhedora de milho de 2 fileiras \u00e9 integrada \u00e0 colheita, transporte, descascamento e tritura\u00e7\u00e3o da palha. Isso pode atender a uma variedade de necessidades.<\/li>    <li>A taxa de perda de milho durante a colheita \u00e9 inferior a 3%.<\/li>    <li>A cabine equipada com a m\u00e1quina permite que as pessoas operem a m\u00e1quina.<\/li>    <li>8 rolos de borracha em espiral podem remover facilmente a casca do milho. Isso evita o trabalho de descascar.<\/li>    <li>Al\u00e9m disso, os agricultores n\u00e3o precisam de pagar dinheiro extra para comprar descascadores de milho.<\/li>    <li>Nossa colhedora de milho \u00e9 multifuncional, pode colher milho e triturar talos para devolv\u00ea-los ao campo.<\/li>    <li>Esta m\u00e1quina tem forte adaptabilidade e \u00e9 adequada para terrenos complexos e condi\u00e7\u00f5es de estrada ruins.<\/li>    <li>Ela tamb\u00e9m \u00e9 altamente eficiente \u2014 um operador habilidoso pode colher mais de 10 mu (cerca de 1,6 acres) por dia.<\/li> <\/ol>   <div class=\"wp-block-image\"> <figure class=\"aligncenter size-full\"><img loading=\"lazy\" decoding=\"async\" width=\"720\" height=\"540\" src=\"http:\/\/maizemachine.com\/wp-content\/uploads\/2022\/08\/2-row-corn-harvester.webp\" alt=\"Colheitadeira de milho de 2 linhas\" class=\"wp-image-97\" title=\"\" srcset=\"https:\/\/maizemachine.com\/wp-content\/uploads\/2022\/08\/2-row-corn-harvester.webp 720w, https:\/\/maizemachine.com\/wp-content\/uploads\/2022\/08\/2-row-corn-harvester-300x225.webp 300w\" sizes=\"auto, (max-width: 720px) 100vw, 720px\" \/><figcaption class=\"wp-element-caption\">Colheitadeira de milho de 2 linhas<\/figcaption><\/figure> <\/div>   <h2 class=\"wp-block-heading\">Aplica\u00e7\u00f5es do colhedor de milho de 2 linhas<\/h2>    <ul class=\"wp-block-list\"> <li>Grandes terras agr\u00edcolas planas<\/li>    <li>Terrenos inclinados ou com declives<\/li>    <li>Lotes de terra irregulares ou pequenos<\/li>    <li>Campos com solo macio ou \u00famido<\/li>    <li>\u00c1reas rurais remotas com acesso a estradas estreitas ou ruins<\/li>    <li>\u00c1reas de estufa ou bordas de campo estreitas onde m\u00e1quinas grandes n\u00e3o conseguem entrar<\/li> <\/ul>    <figure class=\"wp-block-image size-full\"><img loading=\"lazy\" decoding=\"async\" width=\"720\" height=\"540\" src=\"https:\/\/maizemachine.com\/wp-content\/uploads\/2022\/08\/Application-of-the-2-Row-corn-picker.webp\" alt=\"Aplica\u00e7\u00e3o da colhedora de milho de 2 linhas\" class=\"wp-image-443\" title=\"\" srcset=\"https:\/\/maizemachine.com\/wp-content\/uploads\/2022\/08\/Application-of-the-2-Row-corn-picker.webp 720w, https:\/\/maizemachine.com\/wp-content\/uploads\/2022\/08\/Application-of-the-2-Row-corn-picker-300x225.webp 300w, https:\/\/maizemachine.com\/wp-content\/uploads\/2022\/08\/Application-of-the-2-Row-corn-picker-16x12.webp 16w\" sizes=\"auto, (max-width: 720px) 100vw, 720px\" \/><figcaption class=\"wp-element-caption\">Aplica\u00e7\u00e3o do colhedor de milho de 2 linhas<\/figcaption><\/figure>    <h2 class=\"wp-block-heading\">Estrutura principal e apar\u00eancia do colhedor de milho de 2 linhas<\/h2>    <p>Os principais componentes da colheitadeira de milho de 2 fileiras incluem o bot\u00e3o de parada, o acelerador, a embreagem de caminhada, as alavancas de ajuste de dire\u00e7\u00e3o e altura, o tanque de combust\u00edvel, a alavanca de mudan\u00e7a de marcha, a embreagem de colheita e o funil de colheita.<\/p>    <figure class=\"wp-block-image size-full\"><img loading=\"lazy\" decoding=\"async\" width=\"720\" height=\"540\" src=\"https:\/\/maizemachine.com\/wp-content\/uploads\/2022\/08\/Various-views-of-a-2-row-corn-harvester.webp\" alt=\"Vistas diversas de uma colheitadeira de milho de 2 linhas\" class=\"wp-image-446\" title=\"\" srcset=\"https:\/\/maizemachine.com\/wp-content\/uploads\/2022\/08\/Various-views-of-a-2-row-corn-harvester.webp 720w, https:\/\/maizemachine.com\/wp-content\/uploads\/2022\/08\/Various-views-of-a-2-row-corn-harvester-300x225.webp 300w, https:\/\/maizemachine.com\/wp-content\/uploads\/2022\/08\/Various-views-of-a-2-row-corn-harvester-16x12.webp 16w\" sizes=\"auto, (max-width: 720px) 100vw, 720px\" \/><figcaption class=\"wp-element-caption\">V\u00e1rias vistas de uma colhedora de milho de 2 linhas<\/figcaption><\/figure>    <h2 class=\"wp-block-heading\">Como operar o colhedor de milho de 2 linhas<\/h2>    <p class=\"translation-block\"><strong>Ligar o Motor \u2192 Caminhar e Colher \u2192 Desligar<\/strong><\/p>    <h3 class=\"wp-block-heading\">Ligando o motor<\/h3>    <ul class=\"wp-block-list\"> <li>Adicione gasolina (90 octanas ou mais recomendadas).<\/li>    <li>Abra a v\u00e1lvula de combust\u00edvel e inicie a aba de ar.<\/li>    <li>Puxe a al\u00e7a de partida para ligar o motor.<\/li>    <li>Uma vez que o motor esteja est\u00e1vel, feche lentamente a aba de ar.<\/li> <\/ul>    <h3 class=\"wp-block-heading\">Andando e colhendo<\/h3>    <ul class=\"wp-block-list\"> <li>Ajuste as al\u00e7as de dire\u00e7\u00e3o e altura.<\/li>    <li>Use a embreagem de caminhada e a embreagem de colheita juntas.<\/li>    <li>Quando as espigas de milho estiverem cheias, libere-as usando a alavanca de controle.<\/li>    <li>Levante a roda motriz ao fazer a curva para reduzir a resist\u00eancia.<\/li> <\/ul>    <h3 class=\"wp-block-heading\">Desligando<\/h3>    <ul class=\"wp-block-list\"> <li>Abaixe o acelerador \u2192 desengate a embreagem \u2192 pressione o bot\u00e3o de parada.<\/li> <\/ul>    <h2 class=\"wp-block-heading\" id=\"h-parameters-of-2-row-corn-picker\">Par\u00e2metros do colhedor de milho de 2 linhas<\/h2>    <figure class=\"wp-block-table\"><table><tbody><tr><td>Modelo<\/td><td>CH-2<\/td><\/tr><tr><td>Cilindro<\/td><td>4<\/td><\/tr><tr><td>Dimens\u00e3o<\/td><td>4850*1450*2600mm<\/td><\/tr><tr><td>Peso<\/td><td>2650<\/td><\/tr><tr><td>Linha<\/td><td>2<\/td><\/tr><tr><td>Largura de corte<\/td><td>1135 mm<\/td><\/tr><tr><td>Espa\u00e7amento entre linhas<\/td><td>420-890 mm<\/td><\/tr><tr><td>Altura m\u00e1xima de corte<\/td><td>2120 mm<\/td><\/tr><tr><td>Dist\u00e2ncia M\u00ednima do Solo<\/td><td>150mm<\/td><\/tr><tr><td>Velocidade de trabalho<\/td><td>2,2-5,0 km\/h<\/td><\/tr><tr><td>Capacidade<\/td><td>0,15-0,3h\u33a1\/h<\/td><\/tr><tr><td>Consumo de combust\u00edvel<\/td><td>Menos 25kg\/h \u33a1<\/td><\/tr><tr><td>Rolo descascador<\/td><td>Rolo de borracha espiral<\/td><\/tr><tr><td>Dispositivo de descascamento<\/td><td>8 rolo descascador<\/td><\/tr><tr><td>Dist\u00e2ncia do eixo<\/td><td>2300 mm<\/td><\/tr><tr><td>Largura da palha retornando ao campo<\/td><td>930 mm<\/td><\/tr><tr><td>Dist\u00e2ncia da roda<\/td><td>Roda Dianteira (1200mm)<br>Roda Traseira (1300mm)<\/td><\/tr><\/tbody><\/table><\/figure>    <figure class=\"wp-block-gallery has-nested-images columns-default is-cropped wp-block-gallery-2 is-layout-flex wp-block-gallery-is-layout-flex\"> <figure class=\"wp-block-image size-large\"><img loading=\"lazy\" decoding=\"async\" width=\"720\" height=\"540\" data-id=\"444\" src=\"https:\/\/maizemachine.com\/wp-content\/uploads\/2022\/08\/2-row-corn-harvester-with-cab.webp\" alt=\"Colheitadeira de milho de 2 linhas com cabine\" class=\"wp-image-444\" title=\"\" srcset=\"https:\/\/maizemachine.com\/wp-content\/uploads\/2022\/08\/2-row-corn-harvester-with-cab.webp 720w, https:\/\/maizemachine.com\/wp-content\/uploads\/2022\/08\/2-row-corn-harvester-with-cab-300x225.webp 300w, https:\/\/maizemachine.com\/wp-content\/uploads\/2022\/08\/2-row-corn-harvester-with-cab-16x12.webp 16w\" sizes=\"auto, (max-width: 720px) 100vw, 720px\" \/><figcaption class=\"wp-element-caption\">Colheitadeira de Milho de 2 Linhas com Cabine<\/figcaption><\/figure>    <figure class=\"wp-block-image size-large\"><img loading=\"lazy\" decoding=\"async\" width=\"720\" height=\"540\" data-id=\"445\" src=\"https:\/\/maizemachine.com\/wp-content\/uploads\/2022\/08\/2-row-corn-harvester-without-cab.webp\" alt=\"colheitadeira de milho de 2 linhas sem cabine\" class=\"wp-image-445\" title=\"\" srcset=\"https:\/\/maizemachine.com\/wp-content\/uploads\/2022\/08\/2-row-corn-harvester-without-cab.webp 720w, https:\/\/maizemachine.com\/wp-content\/uploads\/2022\/08\/2-row-corn-harvester-without-cab-300x225.webp 300w, https:\/\/maizemachine.com\/wp-content\/uploads\/2022\/08\/2-row-corn-harvester-without-cab-16x12.webp 16w\" sizes=\"auto, (max-width: 720px) 100vw, 720px\" \/><figcaption class=\"wp-element-caption\">Colheitadeira de Milho de 2 Linhas sem Cabine<\/figcaption><\/figure> <\/figure>    <h2 class=\"wp-block-heading\" id=\"h-maintenance-of-corn-harvester\">Manuten\u00e7\u00e3o e reparo da colheitadeira de milho<\/h2>    <p>A manuten\u00e7\u00e3o da colheitadeira de milho de 2 linhas \u00e9 um projeto rotineiro e importante. Ela inclui principalmente dois n\u00edveis: antes da opera\u00e7\u00e3o e ap\u00f3s a opera\u00e7\u00e3o. <\/p>    <p>A manuten\u00e7\u00e3o antes da opera\u00e7\u00e3o \u00e9 principalmente para garantir que a maquinaria esteja em boas condi\u00e7\u00f5es de funcionamento. O trabalho de uma colheitadeira de milho tem uma certa etapa. As m\u00e1quinas geralmente trabalham no outono. Quando a colheita do milho \u00e9 conclu\u00edda, elas entram em estado de inatividade. Portanto, \u00e9 necess\u00e1rio fazer uma verifica\u00e7\u00e3o ap\u00f3s a opera\u00e7\u00e3o.<\/p>    <ul class=\"wp-block-list\"> <li>Operar de acordo com as instru\u00e7\u00f5es antes da opera\u00e7\u00e3o. Verifique se a \u00e1gua de resfriamento, o combust\u00edvel, <a href=\"https:\/\/en.wikipedia.org\/wiki\/Lubrication\" target=\"_blank\" rel=\"noopener\">lubrificante<\/a> \u00f3leo e os componentes est\u00e3o conectados normalmente.<\/li>    <li>Revise e limpe o filtro de ar. Verifique se as pe\u00e7as do equipamento est\u00e3o seguras. Verifique frequentemente as pe\u00e7as soltas. Problemas de ajuste oportuno encontrados.<\/li>    <li>Ap\u00f3s a opera\u00e7\u00e3o, verifique se h\u00e1 ervas daninhas, sedimentos e sujeira na m\u00e1quina. Limpe a tempo, se necess\u00e1rio.<\/li>    <li>Verifique se h\u00e1 danos no interior da m\u00e1quina.<\/li>    <li>Verifique se a correia transportadora est\u00e1 solta.<\/li>    <li>Ap\u00f3s a conclus\u00e3o das etapas acima, \u00e9 necess\u00e1rio abastecer o cortador com \u00f3leo para garantir que o equipamento esteja em condi\u00e7\u00f5es normais.<\/li> <\/ul>   <div class=\"wp-block-image\"> <figure class=\"aligncenter size-full\"><img loading=\"lazy\" decoding=\"async\" width=\"720\" height=\"540\" src=\"http:\/\/maizemachine.com\/wp-content\/uploads\/2022\/08\/2-row-maize-harvester-in-factory.webp\" alt=\"Colheitadeira de milho de 2 fileiras na f\u00e1brica\" class=\"wp-image-99\" title=\"\" srcset=\"https:\/\/maizemachine.com\/wp-content\/uploads\/2022\/08\/2-row-maize-harvester-in-factory.webp 720w, https:\/\/maizemachine.com\/wp-content\/uploads\/2022\/08\/2-row-maize-harvester-in-factory-300x225.webp 300w\" sizes=\"auto, (max-width: 720px) 100vw, 720px\" \/><figcaption class=\"wp-element-caption\">Colheitadeira de milho de 2 linhas na f\u00e1brica<\/figcaption><\/figure> <\/div>   <h3 class=\"wp-block-heading\">Manuten\u00e7\u00e3o regular<\/h3>    <ul class=\"wp-block-list\"> <li>Manuten\u00e7\u00e3o N\u00edvel 1: A cada 150 horas<\/li>    <li>Manuten\u00e7\u00e3o de N\u00edvel 2: A cada 800 horas<\/li>    <li>Revis\u00e3o Geral: A cada 1500\u20132000 horas<\/li>    <li>Se armazenar por um longo per\u00edodo, limpe a m\u00e1quina, troque o \u00f3leo, aplique tratamento anti-ferrugem e mantenha-a seca.<\/li>    <li>Para uma m\u00e1quina nova ou ap\u00f3s grandes reparos, \u00e9 necess\u00e1rio um per\u00edodo de amaciamento adequado antes do uso regular.<\/li> <\/ul>    <h2 class=\"wp-block-heading\" id=\"h-2-row-corn-picker-for-sale\">Vendo colhedora de milho de 2 fileiras<\/h2>    <p>O colhedor de milho de duas fileiras \u00e9 um modelo popular em equipamentos de colheita de milho. Tamb\u00e9m temos colhedoras de milho de 2 fileiras de alta qualidade \u00e0 venda. Al\u00e9m disso, tamb\u00e9m vendemos colhedores de milho de uma fileira. <\/p>    <p class=\"translation-block\">Como produtor profissional de equipamentos de processamento de milho, tamb\u00e9m temos uma m\u00e1quina debulhadora de milho, uma semeadeira de milho e uma <a href=\"https:\/\/maizemachine.com\/pt\/product\/corn-mill-grinder\/\">m\u00e1quina moedora de farinha de milho<\/a>. Al\u00e9m disso, essas m\u00e1quinas tamb\u00e9m foram exportadas para muitos pa\u00edses. Portanto, temos vasta experi\u00eancia em produ\u00e7\u00e3o e exporta\u00e7\u00e3o de m\u00e1quinas. Se voc\u00ea estiver interessado nesta colheitadeira de milho de duas linhas, sinta-se \u00e0 vontade para nos contatar.<\/p>    <h2 class=\"wp-block-heading\">V\u00eddeo da colhedora de milho de duas fileiras<\/h2>    <figure class=\"wp-block-embed is-type-video is-provider-youtube wp-block-embed-youtube wp-embed-aspect-16-9 wp-has-aspect-ratio\"><div class=\"wp-block-embed__wrapper\"> <iframe loading=\"lazy\" title=\"Seletor de milho de 2 fileiras | Colheitadeira de Milho com Pre\u00e7o Baixo\" width=\"500\" height=\"281\" src=\"https:\/\/www.youtube.com\/embed\/pkEAzDVLqJM?feature=oembed\" frameborder=\"0\" allow=\"accelerometer; autoplay; clipboard-write; encrypted-media; gyroscope; picture-in-picture; web-share\" referrerpolicy=\"strict-origin-when-cross-origin\" allowfullscreen><\/iframe> <\/div><\/figure>    <h2 class=\"wp-block-heading\">Solu\u00e7\u00e3o de problemas para colhedora de milho de 2 fileiras<\/h2>    <h3 class=\"wp-block-heading\">Bloqueio do rolo de colheita<\/h3>    <p class=\"translation-block\">Causas poss\u00edveis incluem muitas ervas daninhas no campo, uma grande folga entre as l\u00e2minas de corte de grama, uma pequena folga entre os rolos de espigamento, velocidade de condu\u00e7\u00e3o inadequada ou problemas com a corrente de guia da cultura.<br><strong>Solu\u00e7\u00f5es:<\/strong> Reduzir a velocidade de condu\u00e7\u00e3o, ajustar a folga da l\u00e2mina, ajustar a folga do rolo, mudar a marcha de trabalho, consertar a corrente de guia da cultura e ajustar a mola.<\/p>    <h3 class=\"wp-block-heading\">Superaquecimento do eixo principal do triturador<\/h3>    <p class=\"translation-block\">Causas poss\u00edveis incluem falta de \u00f3leo ou falha do \u00f3leo, correia em V muito apertada ou rolamentos danificados.<br><strong>Solu\u00e7\u00f5es:<\/strong> Adicionar \u00f3leo, ajustar a tens\u00e3o da correia em V ou substituir os rolamentos ou a correia em V.<\/p>    <h3 class=\"wp-block-heading\">Corrente do elevador n\u00e3o se movendo<\/h3>    <p class=\"translation-block\">Causas poss\u00edveis incluem a corrente saindo do lugar, eixos danificados ou bloqueio por detritos dentro do elevador.<br><strong>Solu\u00e7\u00f5es:<\/strong> Ajustar ou substituir a corrente ou pe\u00e7as e remover detritos de dentro do elevador.<\/p>    <h3 class=\"wp-block-heading\">Qualidade de tritura\u00e7\u00e3o de palha ruim<\/h3>    <p class=\"translation-block\">Causas poss\u00edveis incluem espa\u00e7amento incorreto entre linhas, correia de transmiss\u00e3o solta ou patinando, alta velocidade de condu\u00e7\u00e3o, solo irregular ou l\u00e2minas de martelo severamente desgastadas.<br><strong>Solu\u00e7\u00f5es:<\/strong> Ajustar a condu\u00e7\u00e3o para melhorar o espa\u00e7amento entre linhas, apertar a correia para aumentar o atrito e reduzir a velocidade para evitar o desgaste das l\u00e2minas de martelo.<\/p>    <h3 class=\"wp-block-heading\">Ru\u00eddo incomum do redutor<\/h3>    <p class=\"translation-block\">Causas poss\u00edveis incluem folga incorreta das engrenagens, engrenagens ou rolamentos danificados, ou falta de lubrifica\u00e7\u00e3o.<br><strong>Solu\u00e7\u00f5es:<\/strong> Ajustar a folga das engrenagens para a faixa adequada, substituir pe\u00e7as danificadas e adicionar \u00f3leo para lubrifica\u00e7\u00e3o.<\/p>    <p>Para mais perguntas sobre a colheitadeira de milho de 2 fileiras, sinta-se \u00e0 vontade para nos contatar. Oferecemos consulta gratuita sobre produtos.<\/p>","protected":false},"excerpt":{"rendered":"<p>The 2 row corn picker is a machine that harvests two rows of corn at the same time. It belongs to multi row corn harvesting equipment. We also have a single-row maize harvester, 3 row corn picker, and 4 row corn harvester for you to choose from. Compared with 1 row corn picker, the two [&hellip;]<\/p>\n","protected":false},"author":1,"featured_media":98,"parent":0,"template":"","tags":[12],"product-type":[8],"class_list":["post-95","product","type-product","status-publish","has-post-thumbnail","hentry","tag-corn-harvester","product-type-corn-harvester"],"_links":{"self":[{"href":"https:\/\/maizemachine.com\/pt\/wp-json\/wp\/v2\/product\/95","targetHints":{"allow":["GET"]}}],"collection":[{"href":"https:\/\/maizemachine.com\/pt\/wp-json\/wp\/v2\/product"}],"about":[{"href":"https:\/\/maizemachine.com\/pt\/wp-json\/wp\/v2\/types\/product"}],"author":[{"embeddable":true,"href":"https:\/\/maizemachine.com\/pt\/wp-json\/wp\/v2\/users\/1"}],"wp:featuredmedia":[{"embeddable":true,"href":"https:\/\/maizemachine.com\/pt\/wp-json\/wp\/v2\/media\/98"}],"wp:attachment":[{"href":"https:\/\/maizemachine.com\/pt\/wp-json\/wp\/v2\/media?parent=95"}],"wp:term":[{"taxonomy":"post_tag","embeddable":true,"href":"https:\/\/maizemachine.com\/pt\/wp-json\/wp\/v2\/tags?post=95"},{"taxonomy":"product-type","embeddable":true,"href":"https:\/\/maizemachine.com\/pt\/wp-json\/wp\/v2\/product-type?post=95"}],"curies":[{"name":"wp","href":"https:\/\/api.w.org\/{rel}","templated":true}]}}