{"id":86,"date":"2022-08-24T01:46:15","date_gmt":"2022-08-24T01:46:15","guid":{"rendered":"https:\/\/maizemachine.com\/?post_type=product&#038;p=86"},"modified":"2026-02-10T17:55:03","modified_gmt":"2026-02-10T09:55:03","slug":"one-row-corn-picker","status":"publish","type":"product","link":"https:\/\/maizemachine.com\/pt\/product\/one-row-corn-picker\/","title":{"rendered":"Seletor de milho de uma fileira | Colheitadeira de Milho"},"content":{"rendered":"<p class=\"translation-block\">A <strong><mark class=\"has-inline-color has-luminous-vivid-amber-color\">colheitadeira de milho de uma linha <\/mark><\/strong>\u00e9 uma m\u00e1quina compacta e flex\u00edvel, projetada para campos pequenos a m\u00e9dios, \u00e1reas montanhosas e fazendas familiares. Ela pode <strong><mark class=\"has-inline-color has-luminous-vivid-amber-color\">colher milho, triturar e devolver os talos ao campo, e coletar espigas<\/mark><\/strong> tudo em uma \u00fanica passagem, melhorando muito a efici\u00eancia em compara\u00e7\u00e3o com a colheita manual. \u00c9 uma escolha ideal para agricultores que buscam colheita mecanizada de milho.<\/p>    <figure class=\"wp-block-embed is-type-video is-provider-youtube wp-block-embed-youtube wp-embed-aspect-16-9 wp-has-aspect-ratio\"><div class=\"wp-block-embed__wrapper\"> <iframe loading=\"lazy\" title=\"Uma pequena colheitadeira de milho adequada para fazendas de pequeno porte, terrenos montanhosos e fazendas familiares.\" width=\"500\" height=\"281\" src=\"https:\/\/www.youtube.com\/embed\/WwK4wuOOnIQ?feature=oembed\" frameborder=\"0\" allow=\"accelerometer; autoplay; clipboard-write; encrypted-media; gyroscope; picture-in-picture; web-share\" referrerpolicy=\"strict-origin-when-cross-origin\" allowfullscreen><\/iframe> <\/div><\/figure>    <p class=\"translation-block\">Oferecemos dois modelos: <mark class=\"has-inline-color has-luminous-vivid-amber-color\"><strong>TZ-125<\/strong><\/mark> e<mark class=\"has-inline-color has-luminous-vivid-amber-color\"> <strong>TZ-265<\/strong><\/mark>, equipados com motor a gasolina e motor a diesel arrefecido a ar, respectivamente, com capacidade de trabalho de<strong><mark class=\"has-inline-color has-luminous-vivid-amber-color\"> 0,03\u20130,06 <\/mark><\/strong>hectares por hora.<\/p>    <p class=\"translation-block\">Este tipo de colheitadeira de milho de uma linha \u00e9 popular entre clientes em muitos pa\u00edses, incluindo <strong><em>Brasil, Tanz\u00e2nia, M\u00e9xico, Indon\u00e9sia e Vietn\u00e3, etc.<\/em><\/strong><\/p>   <div class=\"wp-block-image\"> <figure class=\"aligncenter size-full\"><img loading=\"lazy\" decoding=\"async\" width=\"720\" height=\"540\" src=\"http:\/\/maizemachine.com\/wp-content\/uploads\/2022\/08\/maize-harvester-for-sale.webp\" alt=\"colheitadeira de milho para venda\" class=\"wp-image-91\" title=\"\" srcset=\"https:\/\/maizemachine.com\/wp-content\/uploads\/2022\/08\/maize-harvester-for-sale.webp 720w, https:\/\/maizemachine.com\/wp-content\/uploads\/2022\/08\/maize-harvester-for-sale-300x225.webp 300w\" sizes=\"auto, (max-width: 720px) 100vw, 720px\" \/><figcaption class=\"wp-element-caption\">colheitadeira de milho para venda<\/figcaption><\/figure> <\/div>   <h2 class=\"wp-block-heading\" id=\"h-what-are-the-characteristics-of-single-row-corn-harvester\">Quais s\u00e3o as caracter\u00edsticas do coletor de milho de uma linha?<\/h2>    <div class=\"wp-block-columns is-layout-flex wp-container-core-columns-is-layout-9d6595d7 wp-block-columns-is-layout-flex\"> <div class=\"wp-block-column is-layout-flow wp-block-column-is-layout-flow\"> <h3 class=\"wp-block-heading\">Design compacto, tamanho pequeno do corpo<\/h3>    <ul class=\"wp-block-list\"> <li>Com um tamanho de m\u00e1quina de apenas <strong><em>1820\u00d7800\u00d71190mm<\/em><\/strong>, \u00e9 ideal para campos estreitos, sulcos irregulares e pequenos lotes.<\/li>    <li>F\u00e1cil de manobrar em espa\u00e7os apertados, especialmente em regi\u00f5es montanhosas ou acidentadas onde m\u00e1quinas maiores n\u00e3o conseguem operar.<\/li> <\/ul> <\/div>    <div class=\"wp-block-column is-layout-flow wp-block-column-is-layout-flow\"> <h3 class=\"wp-block-heading\">Multifuncional, Alta Automa\u00e7\u00e3o<\/h3>    <ul class=\"wp-block-list\"> <li>Pode colher milho, triturar e devolver os talos ao campo, e coletar espigas em uma \u00fanica passagem.<\/li>    <li>Reduz significativamente o custo da m\u00e3o de obra e melhora a efici\u00eancia geral da colheita \u2014 sem necessidade de descasque manual secund\u00e1rio.<\/li> <\/ul> <\/div> <\/div>    <div class=\"wp-block-columns is-layout-flex wp-container-core-columns-is-layout-9d6595d7 wp-block-columns-is-layout-flex\"> <div class=\"wp-block-column is-layout-flow wp-block-column-is-layout-flow\"> <h3 class=\"wp-block-heading\">Sistema de Corte Eficiente com 10 L\u00e2minas<\/h3>    <ul class=\"wp-block-list\"> <li>Equipado com <strong><em>10 <\/em><\/strong>l\u00e2minas dur\u00e1veis e de alta velocidade que podem lidar com v\u00e1rias densidades de milho.<\/li>    <li>Garante cortes limpos com perda m\u00ednima ou talos perdidos, aumentando a produtividade e a qualidade da produ\u00e7\u00e3o.<\/li> <\/ul> <\/div>    <div class=\"wp-block-column is-layout-flow wp-block-column-is-layout-flow\"> <h3 class=\"wp-block-heading\">Baixo Consumo de Combust\u00edvel, Eficiente em Energia<\/h3>    <ul class=\"wp-block-list\"> <li>O consumo de combust\u00edvel \u00e9 <strong><em>\u226410 kg<\/em><\/strong> por hora por hectare, gra\u00e7as ao seu design leve e eficiente.<\/li> <\/ul>    <ul class=\"wp-block-list\"> <li>Ideal para pequenas propriedades ou usu\u00e1rios individuais que buscam economizar nos custos de combust\u00edvel enquanto mant\u00eam alta produtividade.<\/li> <\/ul> <\/div> <\/div>   <div class=\"wp-block-image\"> <figure class=\"aligncenter size-full\"><img loading=\"lazy\" decoding=\"async\" width=\"720\" height=\"540\" src=\"https:\/\/maizemachine.com\/wp-content\/uploads\/2022\/08\/Small-1-Row-Corn-Harvester.webp\" alt=\"Colheitadeira de Milho Pequena de 1 Linha\" class=\"wp-image-506\" title=\"\" srcset=\"https:\/\/maizemachine.com\/wp-content\/uploads\/2022\/08\/Small-1-Row-Corn-Harvester.webp 720w, https:\/\/maizemachine.com\/wp-content\/uploads\/2022\/08\/Small-1-Row-Corn-Harvester-300x225.webp 300w, https:\/\/maizemachine.com\/wp-content\/uploads\/2022\/08\/Small-1-Row-Corn-Harvester-16x12.webp 16w\" sizes=\"auto, (max-width: 720px) 100vw, 720px\" \/><figcaption class=\"wp-element-caption\">Colheitadeira de Milho Pequena de 1 Linha<\/figcaption><\/figure> <\/div>   <div class=\"wp-block-columns is-layout-flex wp-container-core-columns-is-layout-9d6595d7 wp-block-columns-is-layout-flex\"> <div class=\"wp-block-column is-layout-flow wp-block-column-is-layout-flow\"> <h3 class=\"wp-block-heading\">Adapt\u00e1vel a Terrenos Complexos<\/h3>    <ul class=\"wp-block-list\"> <li>Com um peso total de apenas<strong><em> 265 kg <\/em><\/strong>e um baixo centro de gravidade, a m\u00e1quina permanece est\u00e1vel mesmo em terrenos irregulares.<\/li>    <li>Perfeito para uso em campos montanhosos ou inclinados onde colhedoras de grande escala n\u00e3o s\u00e3o adequadas.<\/li> <\/ul> <\/div>    <div class=\"wp-block-column is-layout-flow wp-block-column-is-layout-flow\"> <h3 class=\"wp-block-heading\">F\u00e1cil de Operar \u2013 Opera\u00e7\u00e3o por uma S\u00f3 Pessoa<\/h3>    <ul class=\"wp-block-list\"> <li>Controles simples e intuitivos; cabo ajust\u00e1vel para conforto do operador.<\/li>    <li>Nenhum treinamento especial \u00e9 necess\u00e1rio\u2014adequado at\u00e9 mesmo para agricultores mais velhos ou operadoras.<\/li> <\/ul> <\/div> <\/div>    <div class=\"wp-block-columns is-layout-flex wp-container-core-columns-is-layout-9d6595d7 wp-block-columns-is-layout-flex\"> <div class=\"wp-block-column is-layout-flow wp-block-column-is-layout-flow\"> <h3 class=\"wp-block-heading\">Manuten\u00e7\u00e3o f\u00e1cil, baixa taxa de falhas<\/h3>    <ul class=\"wp-block-list\"> <li>Uma estrutura mec\u00e2nica simples torna <strong><em>a limpeza<\/em><\/strong> e a manuten\u00e7\u00e3o \u00e9 f\u00e1cil, principalmente verificando correias, lubrificando pe\u00e7as e limpando l\u00e2minas.<\/li>    <li>Baixos custos de manuten\u00e7\u00e3o e longa vida \u00fatil, garantindo confiabilidade no campo.<\/li> <\/ul> <\/div>    <div class=\"wp-block-column is-layout-flow wp-block-column-is-layout-flow\"> <h3 class=\"wp-block-heading\">Op\u00e7\u00f5es de correspond\u00eancia flex\u00edveis<\/h3>    <ul class=\"wp-block-list\"> <li>Pode ser rebocado por um pequeno trator ou modificado para opera\u00e7\u00e3o autopropelida com um motor.<\/li>    <li>Adapt\u00e1vel a v\u00e1rios tamanhos de fazendas e configura\u00e7\u00f5es de pot\u00eancia com base nas necessidades do usu\u00e1rio.<\/li> <\/ul> <\/div> <\/div>   <div class=\"wp-block-image\"> <figure class=\"aligncenter size-full\"><img loading=\"lazy\" decoding=\"async\" width=\"720\" height=\"540\" src=\"http:\/\/maizemachine.com\/wp-content\/uploads\/2022\/08\/one-row-corn-picker.webp\" alt=\"colhedor de milho de uma linha\" class=\"wp-image-93\" title=\"\" srcset=\"https:\/\/maizemachine.com\/wp-content\/uploads\/2022\/08\/one-row-corn-picker.webp 720w, https:\/\/maizemachine.com\/wp-content\/uploads\/2022\/08\/one-row-corn-picker-300x225.webp 300w\" sizes=\"auto, (max-width: 720px) 100vw, 720px\" \/><figcaption class=\"wp-element-caption\">colhedor de milho de uma linha<\/figcaption><\/figure> <\/div>   <h2 class=\"wp-block-heading\" id=\"h-structure-of-one-row-corn-picker\">Estrutura de uma colhedora de milho de uma linha<\/h2>    <p>A estrutura da colheitadeira de milho de uma \u00fanica fileira \u00e9 compacta. \u00c9 composta principalmente por um chassi, funil, motor, roda, cabo ajust\u00e1vel em altura, embreagem de deslocamento, rolo e dispositivo de tritura\u00e7\u00e3o.<\/p>   <div class=\"wp-block-image\"> <figure class=\"aligncenter size-full\"><img loading=\"lazy\" decoding=\"async\" width=\"720\" height=\"540\" src=\"http:\/\/maizemachine.com\/wp-content\/uploads\/2022\/08\/small-corn-harvester.webp\" alt=\"a estrutura da pequena colheitadeira de milho\" class=\"wp-image-94\" title=\"\" srcset=\"https:\/\/maizemachine.com\/wp-content\/uploads\/2022\/08\/small-corn-harvester.webp 720w, https:\/\/maizemachine.com\/wp-content\/uploads\/2022\/08\/small-corn-harvester-300x225.webp 300w\" sizes=\"auto, (max-width: 720px) 100vw, 720px\" \/><figcaption class=\"wp-element-caption\">A estrutura de uma pequena colheitadeira de milho<\/figcaption><\/figure> <\/div>   <h2 class=\"wp-block-heading\" id=\"h-parameters-of-corn-harvester\">Par\u00e2metros da colheitadeira de milho<\/h2>    <h3 class=\"wp-block-heading has-text-align-center\">TZ-265<\/h3>    <figure class=\"wp-block-table\"><table><tbody><tr><td>Modelo<\/td><td>TZ-265<\/td><\/tr><tr><td>Tamanho<\/td><td>1820*800*1190mm<\/td><\/tr><tr><td>Peso<\/td><td>265kg<\/td><\/tr><tr><td>Velocidade de trabalho<\/td><td>0,75-1,44 km\/h<\/td><\/tr><tr><td>Consumo de combust\u00edvel da \u00e1rea de trabalho da unidade<\/td><td>\u226410kg\/hm\u00b2<\/td><\/tr><tr><td>Horas de Produtividade<\/td><td>0,03-0,06 hectare\/h<\/td><\/tr><tr><td>N\u00fameros de l\u00e2minas<\/td><td>10<\/td><\/tr><tr><td>Poder<\/td><td>motor a diesel refrigerado a ar<\/td><\/tr><tr><td>Altura da Palha<\/td><td>8-15 cm (ajust\u00e1vel)<\/td><\/tr><tr><td>Taxa de Esmagamento<\/td><td>&gt;98%<\/td><\/tr><\/tbody><\/table><\/figure>   <div class=\"wp-block-image\"> <figure class=\"aligncenter size-full\"><img loading=\"lazy\" decoding=\"async\" width=\"720\" height=\"540\" src=\"https:\/\/maizemachine.com\/wp-content\/uploads\/2026\/02\/Small-Corn-Harvester-with-Diesel-Engine.webp\" alt=\"Colheitadeira de milho pequena com motor a diesel\" class=\"wp-image-855\" title=\"\" srcset=\"https:\/\/maizemachine.com\/wp-content\/uploads\/2026\/02\/Small-Corn-Harvester-with-Diesel-Engine.webp 720w, https:\/\/maizemachine.com\/wp-content\/uploads\/2026\/02\/Small-Corn-Harvester-with-Diesel-Engine-300x225.webp 300w, https:\/\/maizemachine.com\/wp-content\/uploads\/2026\/02\/Small-Corn-Harvester-with-Diesel-Engine-16x12.webp 16w\" sizes=\"auto, (max-width: 720px) 100vw, 720px\" \/><figcaption class=\"wp-element-caption\">Colheitadeira de milho pequena com motor a diesel<\/figcaption><\/figure> <\/div>   <h3 class=\"wp-block-heading has-text-align-center\">TZ-125<\/h3>    <figure class=\"wp-block-table\"><table><tbody><tr><td>Modelo<\/td><td>TZ-125<\/td><\/tr><tr><td>Tamanho<\/td><td>1820*800*1190mm<\/td><\/tr><tr><td>Peso<\/td><td>265kg<\/td><\/tr><tr><td>Velocidade de trabalho<\/td><td>0,75-1,44 km\/h<\/td><\/tr><tr><td>Consumo de combust\u00edvel da \u00e1rea de trabalho da unidade<\/td><td>\u226410kg\/hm\u00b2<\/td><\/tr><tr><td>Horas de Produtividade<\/td><td>0,03-0,06 hectares\/h<\/td><\/tr><tr><td>N\u00fameros de l\u00e2minas<\/td><td>10<\/td><\/tr><tr><td>Poder<\/td><td>motor a gasolina<\/td><\/tr><tr><td>Altura da Palha<\/td><td>8-15 cm (ajust\u00e1vel)<\/td><\/tr><tr><td>Taxa de Esmagamento<\/td><td>&gt;98%<\/td><\/tr><\/tbody><\/table><\/figure>   <div class=\"wp-block-image\"> <figure class=\"aligncenter size-full\"><img loading=\"lazy\" decoding=\"async\" width=\"720\" height=\"540\" src=\"https:\/\/maizemachine.com\/wp-content\/uploads\/2026\/02\/Small-Corn-Harvester-with-Gasoline-Engine.webp\" alt=\"Colheitadeira de milho pequena com motor a gasolina\" class=\"wp-image-856\" title=\"\" srcset=\"https:\/\/maizemachine.com\/wp-content\/uploads\/2026\/02\/Small-Corn-Harvester-with-Gasoline-Engine.webp 720w, https:\/\/maizemachine.com\/wp-content\/uploads\/2026\/02\/Small-Corn-Harvester-with-Gasoline-Engine-300x225.webp 300w, https:\/\/maizemachine.com\/wp-content\/uploads\/2026\/02\/Small-Corn-Harvester-with-Gasoline-Engine-16x12.webp 16w\" sizes=\"auto, (max-width: 720px) 100vw, 720px\" \/><figcaption class=\"wp-element-caption\">Colheitadeira de milho pequena com motor a gasolina<\/figcaption><\/figure> <\/div>   <p class=\"translation-block\">O tamanho desta pequena colheitadeira de milho \u00e9 <strong><em>1820 * 800 * 1190 mm<\/em><\/strong>. O peso \u00e9 <strong><em>265 kg<\/em><\/strong>. A velocidade m\u00e1xima de trabalho pode atingir <strong><em>1,4 km\/h. <\/em><\/strong>A produtividade por hora \u00e9 <strong><em>0,03-0,06 hectares.<\/em><\/strong> Portanto, ela pode atender \u00e0 maioria dos requisitos de trabalho em pequenas \u00e1reas.<\/p>    <h2 class=\"wp-block-heading\" id=\"h-how-does-a-corn-harvester-work\">Como funciona uma colheitadeira de milho?<\/h2>    <p class=\"translation-block\">A colheitadeira de milho de uma linha tem um motor. Ela pode colher milho e armazen\u00e1-lo em uma cesta. Ao mesmo tempo, a palha de milho \u00e9 triturada. Os pneus s\u00e3o acionados por uma <a href=\"https:\/\/en.wikipedia.org\/wiki\/Propulsion_transmission#Multi-ratio_systems\" target=\"_blank\" rel=\"noopener\">caixa de c\u00e2mbio<\/a>. Duas rodas de colheita e um grupo de l\u00e2minas de tritura\u00e7\u00e3o s\u00e3o acionados por outra caixa de c\u00e2mbio. Quando a m\u00e1quina avan\u00e7a, ela puxar\u00e1 a palha de milho para o cabe\u00e7ote. Ent\u00e3o o grupo de l\u00e2minas de quebra quebrar\u00e1 a palha de milho.<\/p>    <div class=\"wp-block-columns is-layout-flex wp-container-core-columns-is-layout-9d6595d7 wp-block-columns-is-layout-flex\"> <div class=\"wp-block-column is-layout-flow wp-block-column-is-layout-flow\"> <figure class=\"wp-block-image size-full\"><img loading=\"lazy\" decoding=\"async\" width=\"479\" height=\"359\" src=\"http:\/\/maizemachine.com\/wp-content\/uploads\/2022\/08\/corn-pickers-in-factory.webp\" alt=\"colhedores de milho na f\u00e1brica\" class=\"wp-image-90\" title=\"\" srcset=\"https:\/\/maizemachine.com\/wp-content\/uploads\/2022\/08\/corn-pickers-in-factory.webp 479w, https:\/\/maizemachine.com\/wp-content\/uploads\/2022\/08\/corn-pickers-in-factory-300x225.webp 300w\" sizes=\"auto, (max-width: 479px) 100vw, 479px\" \/><figcaption class=\"wp-element-caption\">Colhedores de milho na f\u00e1brica<\/figcaption><\/figure> <\/div>    <div class=\"wp-block-column is-layout-flow wp-block-column-is-layout-flow\"> <figure class=\"wp-block-image size-full\"><img loading=\"lazy\" decoding=\"async\" width=\"479\" height=\"359\" src=\"http:\/\/maizemachine.com\/wp-content\/uploads\/2022\/08\/corn-picker.webp\" alt=\"colhedor de milho\" class=\"wp-image-89\" title=\"\" srcset=\"https:\/\/maizemachine.com\/wp-content\/uploads\/2022\/08\/corn-picker.webp 479w, https:\/\/maizemachine.com\/wp-content\/uploads\/2022\/08\/corn-picker-300x225.webp 300w\" sizes=\"auto, (max-width: 479px) 100vw, 479px\" \/><figcaption class=\"wp-element-caption\">Colhedor de Milho<\/figcaption><\/figure> <\/div> <\/div>    <h2 class=\"wp-block-heading\">Casos de entrega de colhedora de milho de fileira \u00fanica<\/h2>    <figure class=\"wp-block-gallery has-nested-images columns-default is-cropped wp-block-gallery-2 is-layout-flex wp-block-gallery-is-layout-flex\"> <figure class=\"wp-block-image size-large\"><img loading=\"lazy\" decoding=\"async\" width=\"720\" height=\"540\" data-id=\"509\" src=\"https:\/\/maizemachine.com\/wp-content\/uploads\/2022\/08\/Workers-are-packing.webp\" alt=\"Os trabalhadores est\u00e3o embalando\" class=\"wp-image-509\" title=\"\" srcset=\"https:\/\/maizemachine.com\/wp-content\/uploads\/2022\/08\/Workers-are-packing.webp 720w, https:\/\/maizemachine.com\/wp-content\/uploads\/2022\/08\/Workers-are-packing-300x225.webp 300w, https:\/\/maizemachine.com\/wp-content\/uploads\/2022\/08\/Workers-are-packing-16x12.webp 16w\" sizes=\"auto, (max-width: 720px) 100vw, 720px\" \/><figcaption class=\"wp-element-caption\">Os trabalhadores est\u00e3o embalando<\/figcaption><\/figure>    <figure class=\"wp-block-image size-large\"><img loading=\"lazy\" decoding=\"async\" width=\"720\" height=\"540\" data-id=\"507\" src=\"https:\/\/maizemachine.com\/wp-content\/uploads\/2022\/08\/The-corn-harvester-has-been-packed.webp\" alt=\"A colheitadeira de milho foi embalada\" class=\"wp-image-507\" title=\"\" srcset=\"https:\/\/maizemachine.com\/wp-content\/uploads\/2022\/08\/The-corn-harvester-has-been-packed.webp 720w, https:\/\/maizemachine.com\/wp-content\/uploads\/2022\/08\/The-corn-harvester-has-been-packed-300x225.webp 300w, https:\/\/maizemachine.com\/wp-content\/uploads\/2022\/08\/The-corn-harvester-has-been-packed-16x12.webp 16w\" sizes=\"auto, (max-width: 720px) 100vw, 720px\" \/><figcaption class=\"wp-element-caption\">A colheitadeira de milho foi embalada<\/figcaption><\/figure> <\/figure>    <h2 class=\"wp-block-heading\" id=\"h-one-row-corn-picker-for-sale\">Vendo colhedora de milho de uma linha<\/h2>    <p class=\"translation-block\">Na <a href=\"https:\/\/maizemachine.com\/pt\/\">f\u00e1brica de m\u00e1quinas de milho Taizy<\/a>, temos uma colhedora de milho de uma fileira \u00e0 venda. Al\u00e9m disso, temos muitas colhedoras de milho de v\u00e1rias fileiras \u00e0 venda. Voc\u00ea pode escolher de acordo com suas pr\u00f3prias necessidades. Se voc\u00ea tiver outras necessidades especiais, tamb\u00e9m podemos fornecer servi\u00e7os personalizados para voc\u00ea. O mais importante \u00e9 que o pre\u00e7o da colhedora de milho de uma fileira \u00e9 acess\u00edvel. Portanto, \u00e9 econ\u00f4mico, seja para uso ou aluguel.<\/p>    <h2 class=\"wp-block-heading\">Recomenda\u00e7\u00f5es de m\u00e1quinas relacionadas<\/h2>    <p class=\"translation-block\">Ao mesmo tempo, tamb\u00e9m oferecemos <strong><a href=\"https:\/\/maizemachine.com\/pt\/product\/multifunctional-maize-thresher-machine\/\">debulhador de milho<\/a><\/strong> e <strong><a href=\"https:\/\/maizemachine.com\/pt\/product\/corn-grits-making-machine\/\">m\u00e1quinas de fazer farinha de milho<\/a><\/strong>. Se estiver interessado em processamento adicional de milho, sinta-se \u00e0 vontade para nos consultar para mais detalhes.<\/p>    <figure class=\"wp-block-gallery has-nested-images columns-default is-cropped wp-block-gallery-3 is-layout-flex wp-block-gallery-is-layout-flex\"> <figure class=\"wp-block-image size-large\"><img loading=\"lazy\" decoding=\"async\" width=\"720\" height=\"540\" data-id=\"280\" src=\"https:\/\/maizemachine.com\/wp-content\/uploads\/2023\/03\/maize-thresher-machine.webp\" alt=\"descascador de milho multifuncional para venda\" class=\"wp-image-280\" title=\"\" srcset=\"https:\/\/maizemachine.com\/wp-content\/uploads\/2023\/03\/maize-thresher-machine.webp 720w, https:\/\/maizemachine.com\/wp-content\/uploads\/2023\/03\/maize-thresher-machine-300x225.webp 300w\" sizes=\"auto, (max-width: 720px) 100vw, 720px\" \/><figcaption class=\"wp-element-caption\">Descascador de milho multifuncional para venda<\/figcaption><\/figure>    <figure class=\"wp-block-image size-large\"><img loading=\"lazy\" decoding=\"async\" width=\"720\" height=\"540\" data-id=\"326\" src=\"https:\/\/maizemachine.com\/wp-content\/uploads\/2023\/08\/corn-grits-machine.webp\" alt=\"m\u00e1quina de gr\u00e3os de milho\" class=\"wp-image-326\" title=\"\" srcset=\"https:\/\/maizemachine.com\/wp-content\/uploads\/2023\/08\/corn-grits-machine.webp 720w, https:\/\/maizemachine.com\/wp-content\/uploads\/2023\/08\/corn-grits-machine-300x225.webp 300w\" sizes=\"auto, (max-width: 720px) 100vw, 720px\" \/><figcaption class=\"wp-element-caption\">M\u00e1quina de gr\u00e3os de milho<\/figcaption><\/figure> <\/figure>    <div class=\"wp-block-columns is-layout-flex wp-container-core-columns-is-layout-9d6595d7 wp-block-columns-is-layout-flex\"> <div class=\"wp-block-column is-layout-flow wp-block-column-is-layout-flow\"> <figure class=\"wp-block-embed is-type-wp-embed is-provider-maize-machine wp-block-embed-maize-machine\"><div class=\"wp-block-embed__wrapper\"> <blockquote class=\"wp-embedded-content\" data-secret=\"PbJBFQpCXI\"><a href=\"https:\/\/maizemachine.com\/pt\/product\/multifunctional-maize-thresher-machine\/\">M\u00e1quina de Tritura\u00e7\u00e3o de Milho Multifuncional de 2-4 Ton\/h para Venda<\/a><\/blockquote><iframe loading=\"lazy\" class=\"wp-embedded-content\" sandbox=\"allow-scripts\" security=\"restricted\" style=\"position: absolute; visibility: hidden;\" title=\"\u201cM\u00e1quina de debulhar milho multifuncional de 2-4 toneladas\/h para venda\u201d \u2014 M\u00e1quina de milho\" src=\"https:\/\/maizemachine.com\/product\/multifunctional-maize-thresher-machine\/embed\/#?secret=wcJsr7KeT8#?secret=PbJBFQpCXI\" data-secret=\"PbJBFQpCXI\" width=\"500\" height=\"282\" frameborder=\"0\" marginwidth=\"0\" marginheight=\"0\" scrolling=\"no\"><\/iframe> <\/div><\/figure> <\/div>    <div class=\"wp-block-column is-layout-flow wp-block-column-is-layout-flow\"> <figure class=\"wp-block-embed is-type-wp-embed is-provider-maize-machine wp-block-embed-maize-machine\"><div class=\"wp-block-embed__wrapper\"> <blockquote class=\"wp-embedded-content\" data-secret=\"KTj3yz68Me\"><a href=\"https:\/\/maizemachine.com\/pt\/product\/corn-grits-making-machine\/\">M\u00e1quina de fazer gr\u00e3os de milho para fazer gr\u00e3os de milho, farinha de milho<\/a><\/blockquote><iframe loading=\"lazy\" class=\"wp-embedded-content\" sandbox=\"allow-scripts\" security=\"restricted\" style=\"position: absolute; visibility: hidden;\" title=\"\u201cM\u00e1quina de Fazer Grits de Milho para Fazer Grits de Milho, Farinha de Milho\u201d \u2014 M\u00e1quina de Milho\" src=\"https:\/\/maizemachine.com\/product\/corn-grits-making-machine\/embed\/#?secret=GWoQBzoZLk#?secret=KTj3yz68Me\" data-secret=\"KTj3yz68Me\" width=\"500\" height=\"282\" frameborder=\"0\" marginwidth=\"0\" marginheight=\"0\" scrolling=\"no\"><\/iframe> <\/div><\/figure> <\/div> <\/div>    <h2 class=\"wp-block-heading\">Perguntas frequentes \u2013 colheitadeira de milho de uma linha<\/h2>   <div id=\"rank-math-faq\" class=\"rank-math-block\"> <div class=\"rank-math-list\"> <div id=\"faq-question-1770716338753\" class=\"rank-math-list-item\"> <h3 class=\"rank-math-question\">Ele consegue descascar milho?<\/h3> <div class=\"rank-math-answer\">  <p>N\u00e3o.<\/p>  <\/div> <\/div> <div id=\"faq-question-1770716351237\" class=\"rank-math-list-item\"> <h3 class=\"rank-math-question\">O que acontece com os talos de milho?<\/h3> <div class=\"rank-math-answer\">  <p>Os talos s\u00e3o triturados pelas l\u00e2minas de tritura\u00e7\u00e3o e devolvidos ao campo.<\/p>  <\/div> <\/div> <div id=\"faq-question-1770716382840\" class=\"rank-math-list-item\"> <h3 class=\"rank-math-question\">Qual \u00e9 a altura do toco?<\/h3> <div class=\"rank-math-answer\">  <p>Ajust\u00e1vel, com altura m\u00ednima de 10 cm.<\/p>  <\/div> <\/div> <div id=\"faq-question-1770716410381\" class=\"rank-math-list-item\"> <h3 class=\"rank-math-question\">Qual \u00e9 a configura\u00e7\u00e3o de energia?<\/h3> <div class=\"rank-math-answer\">  <p>Motor a gasolina: 188F; Motor a diesel (arrefecido a ar): 188F.<\/p>  <\/div> <\/div> <div id=\"faq-question-1770716420722\" class=\"rank-math-list-item\"> <h3 class=\"rank-math-question\">\u00c9 poss\u00edvel que algumas espigas de milho sejam perdidas?<\/h3> <div class=\"rank-math-answer\">  <p>A chance \u00e9 muito baixa.<\/p>  <\/div> <\/div> <div id=\"faq-question-1770716438805\" class=\"rank-math-list-item\"> <h3 class=\"rank-math-question\">Quantas espigas de milho o funil pode segurar?<\/h3> <div class=\"rank-math-answer\">  <p>30\u201350 espigas.<\/p>  <\/div> <\/div> <div id=\"faq-question-1770716450893\" class=\"rank-math-list-item\"> <h3 class=\"rank-math-question\">Ele consegue colher milho doce?<\/h3> <div class=\"rank-math-answer\">  <p>Sim.<\/p>  <\/div> <\/div> <div id=\"faq-question-1770716463482\" class=\"rank-math-list-item\"> <h3 class=\"rank-math-question\">Quantas unidades cabem em um cont\u00eainer de 20 p\u00e9s ou 40 p\u00e9s?<\/h3> <div class=\"rank-math-answer\">  <p>26 unidades para um cont\u00eainer de 20 p\u00e9s, 54 unidades para um cont\u00eainer de 40 p\u00e9s.<\/p>  <\/div> <\/div> <div id=\"faq-question-1770716477125\" class=\"rank-math-list-item\"> <h3 class=\"rank-math-question\">Qual \u00e9 o tempo estimado de entrega para 100 unidades?<\/h3> <div class=\"rank-math-answer\">  <p>Por volta de 7 dias.<\/p>  <\/div> <\/div> <\/div> <\/div>","protected":false},"excerpt":{"rendered":"<p>The one row corn picker is a compact and flexible small machine, designed for small to medium fields, hilly areas, and family farms. It can harvest corn, crush and return stalks to the field, and collect corn ears all in one pass, greatly improving efficiency compared to manual harvesting. It is an ideal choice for [&hellip;]<\/p>\n","protected":false},"author":1,"featured_media":505,"parent":0,"template":"","tags":[12],"product-type":[8],"class_list":["post-86","product","type-product","status-publish","has-post-thumbnail","hentry","tag-corn-harvester","product-type-corn-harvester"],"_links":{"self":[{"href":"https:\/\/maizemachine.com\/pt\/wp-json\/wp\/v2\/product\/86","targetHints":{"allow":["GET"]}}],"collection":[{"href":"https:\/\/maizemachine.com\/pt\/wp-json\/wp\/v2\/product"}],"about":[{"href":"https:\/\/maizemachine.com\/pt\/wp-json\/wp\/v2\/types\/product"}],"author":[{"embeddable":true,"href":"https:\/\/maizemachine.com\/pt\/wp-json\/wp\/v2\/users\/1"}],"wp:featuredmedia":[{"embeddable":true,"href":"https:\/\/maizemachine.com\/pt\/wp-json\/wp\/v2\/media\/505"}],"wp:attachment":[{"href":"https:\/\/maizemachine.com\/pt\/wp-json\/wp\/v2\/media?parent=86"}],"wp:term":[{"taxonomy":"post_tag","embeddable":true,"href":"https:\/\/maizemachine.com\/pt\/wp-json\/wp\/v2\/tags?post=86"},{"taxonomy":"product-type","embeddable":true,"href":"https:\/\/maizemachine.com\/pt\/wp-json\/wp\/v2\/product-type?post=86"}],"curies":[{"name":"wp","href":"https:\/\/api.w.org\/{rel}","templated":true}]}}