{"id":810,"date":"2025-12-30T17:49:35","date_gmt":"2025-12-30T09:49:35","guid":{"rendered":"https:\/\/maizemachine.com\/?post_type=product&#038;p=810"},"modified":"2026-01-16T11:22:03","modified_gmt":"2026-01-16T03:22:03","slug":"multifunctional-corn-thresher","status":"publish","type":"product","link":"https:\/\/maizemachine.com\/pt\/product\/multifunctional-corn-thresher\/","title":{"rendered":"Triturador de Milho Multifuncional de 5\u202fTon\/h"},"content":{"rendered":"<p class=\"translation-block\">Esta <strong>debulhadeira de milho multifuncional<\/strong> \u00e9 uma m\u00e1quina de alta efici\u00eancia e estabilidade para separar gr\u00e3os de milho das espigas.<\/p>   <div class=\"wp-block-image\"> <figure class=\"aligncenter size-full\"><img loading=\"lazy\" decoding=\"async\" width=\"720\" height=\"540\" src=\"https:\/\/maizemachine.com\/wp-content\/uploads\/2025\/12\/Multifunctional-Corn-Thresher.webp\" alt=\"Debulhadora de Milho Multifuncional\" class=\"wp-image-815\" title=\"\" srcset=\"https:\/\/maizemachine.com\/wp-content\/uploads\/2025\/12\/Multifunctional-Corn-Thresher.webp 720w, https:\/\/maizemachine.com\/wp-content\/uploads\/2025\/12\/Multifunctional-Corn-Thresher-300x225.webp 300w, https:\/\/maizemachine.com\/wp-content\/uploads\/2025\/12\/Multifunctional-Corn-Thresher-16x12.webp 16w\" sizes=\"auto, (max-width: 720px) 100vw, 720px\" \/><figcaption class=\"wp-element-caption\">Debulhadora de Milho Multifuncional<\/figcaption><\/figure> <\/div>   <p class=\"translation-block\">Esta m\u00e1quina pode debulhar <strong><mark class=\"has-inline-color has-luminous-vivid-amber-color\">milho, millet, sorgo, soja, arroz, trigo e outros gr\u00e3os<\/mark><\/strong>, adequada para fazendas, cooperativas e pequenos locais de processamento, melhorando a efici\u00eancia e reduzindo custos de m\u00e3o de obra.<\/p>    <p class=\"translation-block\">A capacidade m\u00e1xima \u00e9<strong><mark class=\"has-inline-color has-luminous-vivid-amber-color\"> 5\u202ft\/h<\/mark><\/strong> para milho,<strong> <mark class=\"has-inline-color has-luminous-vivid-amber-color\">3\u202ft\/h<\/mark><\/strong> para gr\u00e3os, e<strong> <mark class=\"has-inline-color has-luminous-vivid-amber-color\">2\u202ft\/h<\/mark><\/strong> para trigo e arroz. Alterar o tamanho da peneira permite lidar com diferentes gr\u00e3os.<\/p>    <figure class=\"wp-block-embed is-type-video is-provider-youtube wp-block-embed-youtube wp-embed-aspect-16-9 wp-has-aspect-ratio\"><div class=\"wp-block-embed__wrapper\"> <iframe loading=\"lazy\" title=\"One Machine for Corn, Sorghum, Wheat &amp; Rice | Multifunctional Thresher\" width=\"500\" height=\"281\" src=\"https:\/\/www.youtube.com\/embed\/Ky--tWY0BAQ?feature=oembed\" frameborder=\"0\" allow=\"accelerometer; autoplay; clipboard-write; encrypted-media; gyroscope; picture-in-picture; web-share\" referrerpolicy=\"strict-origin-when-cross-origin\" allowfullscreen><\/iframe> <\/div><\/figure>    <h2 class=\"wp-block-heading\">Aplicativos<\/h2>    <p class=\"translation-block\">A <strong>debulhadeira de milho multifuncional<\/strong> \u00e9 amplamente utilizada em:<\/p>    <ul class=\"wp-block-list\"> <li>Fazendas e cooperativas agr\u00edcolas<\/li>    <li>Esta\u00e7\u00f5es de coleta de gr\u00e3os<\/li>    <li>F\u00e1bricas de processamento de gr\u00e3os pequenos<\/li>    <li>Opera\u00e7\u00f5es rurais m\u00f3veis e processamento dom\u00e9stico<\/li>    <li>Debulha cont\u00ednua durante os picos de safra de milho e gr\u00e3os<\/li> <\/ul>    <figure class=\"wp-block-gallery has-nested-images columns-default is-cropped wp-block-gallery-2 is-layout-flex wp-block-gallery-is-layout-flex\"> <figure class=\"wp-block-image size-large\"><img loading=\"lazy\" decoding=\"async\" width=\"720\" height=\"540\" data-id=\"821\" src=\"https:\/\/maizemachine.com\/wp-content\/uploads\/2025\/12\/Wheat.webp\" alt=\"Trigo\" class=\"wp-image-821\" title=\"\" srcset=\"https:\/\/maizemachine.com\/wp-content\/uploads\/2025\/12\/Wheat.webp 720w, https:\/\/maizemachine.com\/wp-content\/uploads\/2025\/12\/Wheat-300x225.webp 300w, https:\/\/maizemachine.com\/wp-content\/uploads\/2025\/12\/Wheat-16x12.webp 16w\" sizes=\"auto, (max-width: 720px) 100vw, 720px\" \/><figcaption class=\"wp-element-caption\">Trigo<\/figcaption><\/figure>    <figure class=\"wp-block-image size-large\"><img loading=\"lazy\" decoding=\"async\" width=\"720\" height=\"540\" data-id=\"818\" src=\"https:\/\/maizemachine.com\/wp-content\/uploads\/2025\/12\/Soybean.webp\" alt=\"Soja\" class=\"wp-image-818\" title=\"\" srcset=\"https:\/\/maizemachine.com\/wp-content\/uploads\/2025\/12\/Soybean.webp 720w, https:\/\/maizemachine.com\/wp-content\/uploads\/2025\/12\/Soybean-300x225.webp 300w, https:\/\/maizemachine.com\/wp-content\/uploads\/2025\/12\/Soybean-16x12.webp 16w\" sizes=\"auto, (max-width: 720px) 100vw, 720px\" \/><figcaption class=\"wp-element-caption\">Soja<\/figcaption><\/figure>    <figure class=\"wp-block-image size-large\"><img loading=\"lazy\" decoding=\"async\" width=\"720\" height=\"540\" data-id=\"817\" src=\"https:\/\/maizemachine.com\/wp-content\/uploads\/2025\/12\/Sorghum.webp\" alt=\"Sorgo\" class=\"wp-image-817\" title=\"\" srcset=\"https:\/\/maizemachine.com\/wp-content\/uploads\/2025\/12\/Sorghum.webp 720w, https:\/\/maizemachine.com\/wp-content\/uploads\/2025\/12\/Sorghum-300x225.webp 300w, https:\/\/maizemachine.com\/wp-content\/uploads\/2025\/12\/Sorghum-16x12.webp 16w\" sizes=\"auto, (max-width: 720px) 100vw, 720px\" \/><figcaption class=\"wp-element-caption\">Sorgo<\/figcaption><\/figure>    <figure class=\"wp-block-image size-large\"><img loading=\"lazy\" decoding=\"async\" width=\"720\" height=\"540\" data-id=\"816\" src=\"https:\/\/maizemachine.com\/wp-content\/uploads\/2025\/12\/Rice.webp\" alt=\"Arroz\" class=\"wp-image-816\" title=\"\" srcset=\"https:\/\/maizemachine.com\/wp-content\/uploads\/2025\/12\/Rice.webp 720w, https:\/\/maizemachine.com\/wp-content\/uploads\/2025\/12\/Rice-300x225.webp 300w, https:\/\/maizemachine.com\/wp-content\/uploads\/2025\/12\/Rice-16x12.webp 16w\" sizes=\"auto, (max-width: 720px) 100vw, 720px\" \/><figcaption class=\"wp-element-caption\">Arroz<\/figcaption><\/figure>    <figure class=\"wp-block-image size-large\"><img loading=\"lazy\" decoding=\"async\" width=\"720\" height=\"540\" data-id=\"213\" src=\"https:\/\/maizemachine.com\/wp-content\/uploads\/2022\/10\/corn-field.webp\" alt=\"Milho \" class=\"wp-image-213\" title=\"\" srcset=\"https:\/\/maizemachine.com\/wp-content\/uploads\/2022\/10\/corn-field.webp 720w, https:\/\/maizemachine.com\/wp-content\/uploads\/2022\/10\/corn-field-300x225.webp 300w\" sizes=\"auto, (max-width: 720px) 100vw, 720px\" \/><figcaption class=\"wp-element-caption\">Milho <\/figcaption><\/figure> <\/figure>    <h2 class=\"wp-block-heading\">Caracter\u00edsticas da Debulhadeira de Milho Multifuncional<\/h2>    <div class=\"wp-block-columns is-layout-flex wp-container-core-columns-is-layout-9d6595d7 wp-block-columns-is-layout-flex\"> <div class=\"wp-block-column is-layout-flow wp-block-column-is-layout-flow\"> <p class=\"has-text-align-center translation-block\"><strong><mark class=\"has-inline-color has-luminous-vivid-amber-color\">Vers\u00e1til e Flex\u00edvel<\/mark><\/strong><\/p>    <p>Ao alterar o tamanho da peneira, esta m\u00e1quina pode se adaptar rapidamente para debulhar milho, soja, trigo e outros gr\u00e3os, alcan\u00e7ando verdadeiro multiuso, melhorando a utiliza\u00e7\u00e3o do equipamento e reduzindo custos do usu\u00e1rio.<\/p> <\/div>    <div class=\"wp-block-column is-layout-flow wp-block-column-is-layout-flow\"> <p class=\"has-text-align-center translation-block\"><strong><mark class=\"has-inline-color has-luminous-vivid-amber-color\">M\u00faltiplas Op\u00e7\u00f5es de Energia<\/mark><\/strong><\/p>    <p>Para atender a diferentes condi\u00e7\u00f5es de trabalho, a m\u00e1quina suporta v\u00e1rias fontes de energia, incluindo motor el\u00e9trico, motor a diesel e acionamento por PTO de trator, ideal para opera\u00e7\u00f5es em \u00e1reas remotas ou fazendas desconectadas.<\/p> <\/div> <\/div>    <div class=\"wp-block-columns is-layout-flex wp-container-core-columns-is-layout-9d6595d7 wp-block-columns-is-layout-flex\"> <div class=\"wp-block-column is-layout-flow wp-block-column-is-layout-flow\"> <p class=\"has-text-align-center translation-block\"><strong><mark class=\"has-inline-color has-luminous-vivid-amber-color\">Debulha limpa, baixa perda<\/mark><\/strong><\/p>    <p>O design otimizado do tambor de debulha, combinado com ventiladores duplos e sistema de peneiras, garante uma taxa de debulha acima de 98%, controlando a quebra de gr\u00e3os para manter a qualidade e o valor econ\u00f4mico.<\/p> <\/div>    <div class=\"wp-block-column is-layout-flow wp-block-column-is-layout-flow\"> <p class=\"has-text-align-center translation-block\"><strong><mark class=\"has-inline-color has-luminous-vivid-amber-color\">Compacta e M\u00f3vel<\/mark><\/strong><\/p>    <p>Modelos m\u00e9dios e pequenos v\u00eam com rodas de caminhada, permitindo f\u00e1cil movimenta\u00e7\u00e3o entre secadores, \u00e1reas de armazenamento e campos. Isso torna opera\u00e7\u00f5es multi-localizadas, cont\u00ednuas, simples e econ\u00f4micas.<\/p> <\/div> <\/div>   <div class=\"wp-block-image\"> <figure class=\"aligncenter size-full\"><img loading=\"lazy\" decoding=\"async\" width=\"720\" height=\"540\" src=\"https:\/\/maizemachine.com\/wp-content\/uploads\/2025\/12\/Farmers-are-using-the-multifunctional-Corn-Thresher-Machine.webp\" alt=\"Agricultores est\u00e3o usando a M\u00e1quina de Debulhar Milho Multifuncional\" class=\"wp-image-811\" title=\"\" srcset=\"https:\/\/maizemachine.com\/wp-content\/uploads\/2025\/12\/Farmers-are-using-the-multifunctional-Corn-Thresher-Machine.webp 720w, https:\/\/maizemachine.com\/wp-content\/uploads\/2025\/12\/Farmers-are-using-the-multifunctional-Corn-Thresher-Machine-300x225.webp 300w, https:\/\/maizemachine.com\/wp-content\/uploads\/2025\/12\/Farmers-are-using-the-multifunctional-Corn-Thresher-Machine-16x12.webp 16w\" sizes=\"auto, (max-width: 720px) 100vw, 720px\" \/><figcaption class=\"wp-element-caption\">Agricultores est\u00e3o usando a M\u00e1quina de Debulhar Milho Multifuncional<\/figcaption><\/figure> <\/div>   <h2 class=\"wp-block-heading\">Design da M\u00e1quina de Debulhar Milho Multifuncional<\/h2>    <p class=\"translation-block\">Esta debulhadeira de milho apresenta uma <strong><mark class=\"has-inline-color has-luminous-vivid-amber-color\">estrutura de c\u00e2mara dupla<\/mark><\/strong> para melhorar a completude da debulha e a efici\u00eancia do processamento.<\/p>    <p class=\"translation-block\">Ela \u00e9 equipada com um <strong><mark class=\"has-inline-color has-luminous-vivid-amber-color\">sistema de peneira \u00fanica<\/mark><\/strong> para debulha e triagem simult\u00e2neas.<\/p>    <p class=\"translation-block\">O <strong><mark class=\"has-inline-color has-luminous-vivid-amber-color\">sistema de fluxo de ar com ventiladores duplos<\/mark><\/strong> fornece vento est\u00e1vel e remo\u00e7\u00e3o eficaz de res\u00edduos, garantindo sa\u00edda limpa com baixa impureza.<\/p>    <p>O design compacto e est\u00e1vel suporta opera\u00e7\u00e3o cont\u00ednua de longo prazo.<\/p>   <div class=\"wp-block-image\"> <figure class=\"aligncenter size-full\"><img loading=\"lazy\" decoding=\"async\" width=\"720\" height=\"540\" src=\"https:\/\/maizemachine.com\/wp-content\/uploads\/2025\/12\/Maize-Sheller.webp\" alt=\"Descascador de Milho\" class=\"wp-image-814\" title=\"\" srcset=\"https:\/\/maizemachine.com\/wp-content\/uploads\/2025\/12\/Maize-Sheller.webp 720w, https:\/\/maizemachine.com\/wp-content\/uploads\/2025\/12\/Maize-Sheller-300x225.webp 300w, https:\/\/maizemachine.com\/wp-content\/uploads\/2025\/12\/Maize-Sheller-16x12.webp 16w\" sizes=\"auto, (max-width: 720px) 100vw, 720px\" \/><figcaption class=\"wp-element-caption\">Descascador de Milho<\/figcaption><\/figure> <\/div>   <h2 class=\"wp-block-heading\">Par\u00e2metros t\u00e9cnicos<\/h2>    <figure class=\"wp-block-table\"><table class=\"has-fixed-layout\"><thead><tr><th>Item<\/th><th>Especifica\u00e7\u00e3o<\/th><\/tr><\/thead><tbody><tr><td>Modelo<\/td><td>MT-1500<\/td><\/tr><tr><td>Tipo de Energia<\/td><td>Motor a Diesel \/ Motor El\u00e9trico<\/td><\/tr><tr><td>Motor a Diesel<\/td><td>Partida el\u00e9trica, 15\u201318 HP<\/td><\/tr><tr><td>Motor El\u00e9trico<\/td><td>Trif\u00e1sico, 7,5 kW<\/td><\/tr><tr><td>Cultivos aplic\u00e1veis<\/td><td>Milho, millet, sorgo, soja, <br>arroz, trigo, gr\u00e3os mistos<\/td><\/tr><tr><td>C\u00e2maras de Trabalho<\/td><td>C\u00e2maras de trabalho duplas<\/td><\/tr><tr><td>Sistema de Triagem<\/td><td>Peneira \u00fanica<\/td><\/tr><tr><td>Separa\u00e7\u00e3o de ar<\/td><td>Ventiladores duplos<\/td><\/tr><tr><td>Capacidade de Millet<\/td><td>3 t\/h<\/td><\/tr><tr><td>Capacidade de Milho<\/td><td>5 t\/h<\/td><\/tr><tr><td>Capacidade de Arroz \/ Trigo<\/td><td>2 t\/h<\/td><\/tr><\/tbody><\/table><\/figure>    <p>O acima \u00e9 nosso modelo padr\u00e3o. Op\u00e7\u00f5es de energia, voltagem, peneira e outras podem ser personalizadas. Se voc\u00ea n\u00e3o tiver certeza de qual debulhadeira de milho \u00e9 adequada, sinta-se \u00e0 vontade para nos contatar para aconselhamento.<\/p>    <h2 class=\"wp-block-heading\">Quais s\u00e3o as vantagens da M\u00e1quina de Debulhar Milho Multifuncional?<\/h2>    <div class=\"wp-block-columns is-layout-flex wp-container-core-columns-is-layout-9d6595d7 wp-block-columns-is-layout-flex\"> <div class=\"wp-block-column is-layout-flow wp-block-column-is-layout-flow\"> <p class=\"has-text-align-center translation-block\"><strong><mark class=\"has-inline-color has-luminous-vivid-amber-color\">Alta efici\u00eancia e sa\u00edda limpa<\/mark><\/strong><\/p>    <ul class=\"wp-block-list\"> <li>Milho: 5\u202ft\/h<\/li>    <li>Gr\u00e3os: 3\u202ft\/h<\/li>    <li>Arroz\/Trigo: 2\u202ft\/h<br>Projetada para alta produtividade, adequada para opera\u00e7\u00f5es cont\u00ednuas de debulha.<\/li> <\/ul> <\/div>    <div class=\"wp-block-column is-layout-flow wp-block-column-is-layout-flow\"> <p class=\"has-text-align-center translation-block\"><strong><mark class=\"has-inline-color has-luminous-vivid-amber-color\">Estrutura de C\u00e2mara Dupla para Debulha Completa<\/mark><\/strong><\/p>    <p>O design de c\u00e2mara dupla reduz perdas de gr\u00e3os, melhora a estabilidade e alcan\u00e7a uma taxa de debulha acima de 98%.<\/p> <\/div> <\/div>    <div class=\"wp-block-columns is-layout-flex wp-container-core-columns-is-layout-9d6595d7 wp-block-columns-is-layout-flex\"> <div class=\"wp-block-column is-layout-flow wp-block-column-is-layout-flow\"> <p class=\"has-text-align-center translation-block\"><strong><mark class=\"has-inline-color has-luminous-vivid-amber-color\">Sistema de Ventiladores Duplos   Peneira para Sa\u00edda Mais Limpa<\/mark><\/strong><\/p>    <p>Uma peneira combinada com ventiladores duplos remove efetivamente res\u00edduos leves e poeira, reduzindo impurezas.<\/p> <\/div>    <div class=\"wp-block-column is-layout-flow wp-block-column-is-layout-flow\"> <p class=\"has-text-align-center translation-block\"><strong><mark class=\"has-inline-color has-luminous-vivid-amber-color\">Baixa taxa de quebra para proteger a qualidade do gr\u00e3o<\/mark><\/strong><\/p>    <p>Estrutura otimizada do tambor e velocidade de rota\u00e7\u00e3o adequada mant\u00eam baixa quebra, garantindo alta efici\u00eancia, ideal para gr\u00e3os comerciais e sementes.<\/p> <\/div> <\/div>    <div class=\"wp-block-columns is-layout-flex wp-container-core-columns-is-layout-9d6595d7 wp-block-columns-is-layout-flex\"> <div class=\"wp-block-column is-layout-flow wp-block-column-is-layout-flow\"> <p class=\"has-text-align-center translation-block\"><strong><mark class=\"has-inline-color has-luminous-vivid-amber-color\">M\u00faltiplas Op\u00e7\u00f5es de Energia para Alta Adaptabilidade<\/mark><\/strong><\/p>    <ul class=\"wp-block-list\"> <li>Motor a diesel: 15\u201318\u202fHP, partida el\u00e9trica<\/li>    <li>Motor el\u00e9trico: trif\u00e1sico, 7,5\u202fkW<br>Adequado para \u00e1reas eletrificadas e fora da rede.<\/li> <\/ul> <\/div>    <div class=\"wp-block-column is-layout-flow wp-block-column-is-layout-flow\"> <p class=\"has-text-align-center translation-block\"><strong><mark class=\"has-inline-color has-luminous-vivid-amber-color\">Multiuso, Econ\u00f4mico<\/mark><\/strong><\/p>    <p>Alterar a peneira permite que a m\u00e1quina lide com v\u00e1rios gr\u00e3os, proporcionando alto retorno sobre o investimento com uma \u00fanica m\u00e1quina.<\/p> <\/div> <\/div>    <figure class=\"wp-block-gallery has-nested-images columns-default is-cropped wp-block-gallery-3 is-layout-flex wp-block-gallery-is-layout-flex\"> <figure class=\"wp-block-image size-large\"><img loading=\"lazy\" decoding=\"async\" width=\"720\" height=\"540\" data-id=\"819\" src=\"https:\/\/maizemachine.com\/wp-content\/uploads\/2025\/12\/The-multifunctional-Corn-Thresher-is-threshing-millet.webp\" alt=\"A Debulhadeira de Milho Multifuncional est\u00e1 debulhando millet\" class=\"wp-image-819\" title=\"\" srcset=\"https:\/\/maizemachine.com\/wp-content\/uploads\/2025\/12\/The-multifunctional-Corn-Thresher-is-threshing-millet.webp 720w, https:\/\/maizemachine.com\/wp-content\/uploads\/2025\/12\/The-multifunctional-Corn-Thresher-is-threshing-millet-300x225.webp 300w, https:\/\/maizemachine.com\/wp-content\/uploads\/2025\/12\/The-multifunctional-Corn-Thresher-is-threshing-millet-16x12.webp 16w\" sizes=\"auto, (max-width: 720px) 100vw, 720px\" \/><figcaption class=\"wp-element-caption\">A Debulhadeira Multifuncional de Milho est\u00e1 debulhando millet<\/figcaption><\/figure>    <figure class=\"wp-block-image size-large\"><img loading=\"lazy\" decoding=\"async\" width=\"720\" height=\"540\" data-id=\"820\" src=\"https:\/\/maizemachine.com\/wp-content\/uploads\/2025\/12\/The-multifunctional-Thresher-is-threshing-corn.webp\" alt=\"The multifunctional Thresher is threshing corn\" class=\"wp-image-820\" title=\"\" srcset=\"https:\/\/maizemachine.com\/wp-content\/uploads\/2025\/12\/The-multifunctional-Thresher-is-threshing-corn.webp 720w, https:\/\/maizemachine.com\/wp-content\/uploads\/2025\/12\/The-multifunctional-Thresher-is-threshing-corn-300x225.webp 300w, https:\/\/maizemachine.com\/wp-content\/uploads\/2025\/12\/The-multifunctional-Thresher-is-threshing-corn-16x12.webp 16w\" sizes=\"auto, (max-width: 720px) 100vw, 720px\" \/><figcaption class=\"wp-element-caption\">A Debulhadeira Multifuncional Est\u00e1 Debulhando Milho<\/figcaption><\/figure> <\/figure>    <h2 class=\"wp-block-heading\">Princ\u00edpio de funcionamento da Debulhadeira Multifuncional de Milho<\/h2>    <p>O material entra na c\u00e2mara dupla pelo alimentador. Os componentes de debulha de alta velocidade separam os gr\u00e3os das espigas e talos. Os gr\u00e3os debulhados passam por uma peneira para triagem preliminar, depois o sistema de ventiladores duplos sopra res\u00edduos leves, poeira e cascas, produzindo gr\u00e3os finais limpos.<\/p>   <div class=\"wp-block-image\"> <figure class=\"aligncenter size-full\"><img loading=\"lazy\" decoding=\"async\" width=\"720\" height=\"540\" src=\"https:\/\/maizemachine.com\/wp-content\/uploads\/2025\/12\/Internal-Structure-of-the-Corn-Thresher.webp\" alt=\"Estrutura Interna da Debulhadeira de Milho\" class=\"wp-image-812\" title=\"\" srcset=\"https:\/\/maizemachine.com\/wp-content\/uploads\/2025\/12\/Internal-Structure-of-the-Corn-Thresher.webp 720w, https:\/\/maizemachine.com\/wp-content\/uploads\/2025\/12\/Internal-Structure-of-the-Corn-Thresher-300x225.webp 300w, https:\/\/maizemachine.com\/wp-content\/uploads\/2025\/12\/Internal-Structure-of-the-Corn-Thresher-16x12.webp 16w\" sizes=\"auto, (max-width: 720px) 100vw, 720px\" \/><figcaption class=\"wp-element-caption\">Estrutura Interna da Debulhadeira de Milho<\/figcaption><\/figure> <\/div>   <h2 class=\"wp-block-heading\">Pre\u00e7o da Debulhadeira Multifuncional de Milho<\/h2>    <p>O pre\u00e7o de uma Ro\u00e7adeira de Milho varia dependendo da configura\u00e7\u00e3o, tipo de energia e quantidade de pedido. Modelos b\u00e1sicos s\u00e3o precificados com base na fonte de energia, capacidade e se o frete e a instala\u00e7\u00e3o est\u00e3o inclu\u00eddos. O modelo padr\u00e3o MT-1500 oferece maior efici\u00eancia de debulha e melhor versatilidade em compara\u00e7\u00e3o com vers\u00f5es mais simples. Para pedidos em grande quantidade ou configura\u00e7\u00f5es personalizadas, pode-se fornecer uma tabela de pre\u00e7os de acordo com os requisitos do cliente.<\/p>   <div class=\"wp-block-image\"> <figure class=\"aligncenter size-full\"><img loading=\"lazy\" decoding=\"async\" width=\"720\" height=\"540\" src=\"https:\/\/maizemachine.com\/wp-content\/uploads\/2025\/12\/Maize-Sheller-Machine.webp\" alt=\"M\u00e1quina descascadora de milho\" class=\"wp-image-813\" title=\"\" srcset=\"https:\/\/maizemachine.com\/wp-content\/uploads\/2025\/12\/Maize-Sheller-Machine.webp 720w, https:\/\/maizemachine.com\/wp-content\/uploads\/2025\/12\/Maize-Sheller-Machine-300x225.webp 300w, https:\/\/maizemachine.com\/wp-content\/uploads\/2025\/12\/Maize-Sheller-Machine-16x12.webp 16w\" sizes=\"auto, (max-width: 720px) 100vw, 720px\" \/><figcaption class=\"wp-element-caption\">M\u00e1quina descascadora de milho<\/figcaption><\/figure> <\/div>   <h2 class=\"wp-block-heading\">Por que escolher a Taizy?<\/h2>    <ul class=\"wp-block-list\"> <li><strong>Certifica\u00e7\u00e3o Internacional, Qualidade Confi\u00e1vel:<\/strong> Certificada CE, ISO9001, SGS e TUV, atendendo aos padr\u00f5es globais.<\/li>    <li><strong>Fabrica\u00e7\u00e3o de Alta Qualidade:<\/strong> A\u00e7o espesso e usinagem precisa, pe\u00e7as-chave resistentes ao desgaste, taxa de debulha \u226598%.<\/li>    <li><strong>Solu\u00e7\u00f5es completas de processamento de milho:<\/strong> Oferece debulhadeiras de milho, <strong><a href=\"https:\/\/maizemachine.com\/pt\/product\/corn-grits-making-machine\/\">m\u00e1quina de gr\u00e3os de milho<\/a><\/strong>s, <strong><a href=\"https:\/\/maizemachine.com\/pt\/product\/small-scale-maize-milling-machine\/\">moinhos de farinha de milho<\/a><\/strong>, e <strong><a href=\"https:\/\/maizemachine.com\/pt\/product\/corn-flour-packing-machine\/\">m\u00e1quinas de embalagem de farinha de milho<\/a><\/strong>, cobrindo todo o processo desde a debulha at\u00e9 a embalagem.<\/li>    <li><strong>Suporte Profissional:<\/strong> Conselho pr\u00e9-venda sobre capacidade e op\u00e7\u00f5es de energia, resposta r\u00e1pida p\u00f3s-venda e servi\u00e7o completo de instala\u00e7\u00e3o e treinamento.<\/li>    <li><strong>Garantia a Longo Prazo:<\/strong> Garantia de um ano com suporte cont\u00ednuo de pe\u00e7as e t\u00e9cnico, minimizando o tempo de inatividade e maximizando o retorno sobre o investimento.<\/li> <\/ul>    <figure class=\"wp-block-gallery has-nested-images columns-default is-cropped wp-block-gallery-4 is-layout-flex wp-block-gallery-is-layout-flex\"> <figure class=\"wp-block-image size-large\"><img loading=\"lazy\" decoding=\"async\" width=\"720\" height=\"540\" data-id=\"683\" src=\"https:\/\/maizemachine.com\/wp-content\/uploads\/2023\/07\/Certificates.webp\" alt=\"Certificados\" class=\"wp-image-683\" title=\"\" srcset=\"https:\/\/maizemachine.com\/wp-content\/uploads\/2023\/07\/Certificates.webp 720w, https:\/\/maizemachine.com\/wp-content\/uploads\/2023\/07\/Certificates-300x225.webp 300w, https:\/\/maizemachine.com\/wp-content\/uploads\/2023\/07\/Certificates-16x12.webp 16w\" sizes=\"auto, (max-width: 720px) 100vw, 720px\" \/><figcaption class=\"wp-element-caption\">Certificados<\/figcaption><\/figure>    <figure class=\"wp-block-image size-large\"><img loading=\"lazy\" decoding=\"async\" width=\"720\" height=\"540\" data-id=\"577\" src=\"https:\/\/maizemachine.com\/wp-content\/uploads\/2025\/08\/Our-customer.webp\" alt=\"Nosso cliente\" class=\"wp-image-577\" title=\"\" srcset=\"https:\/\/maizemachine.com\/wp-content\/uploads\/2025\/08\/Our-customer.webp 720w, https:\/\/maizemachine.com\/wp-content\/uploads\/2025\/08\/Our-customer-300x225.webp 300w, https:\/\/maizemachine.com\/wp-content\/uploads\/2025\/08\/Our-customer-16x12.webp 16w\" sizes=\"auto, (max-width: 720px) 100vw, 720px\" \/><figcaption class=\"wp-element-caption\">Nosso Cliente<\/figcaption><\/figure> <\/figure>    <p><\/p>","protected":false},"excerpt":{"rendered":"<p>This multifunctional corn thresher is a high-efficiency, stable machine for separating corn kernels from cobs. This machine can thresh corn, millet, sorghum, soybean, rice, wheat, and other grains, suitable for farms, cooperatives, and small processing sites, improving efficiency and reducing labor costs. The maximum capacity is 5\u202ft\/h for corn, 3\u202ft\/h for grains, and 2\u202ft\/h for [&hellip;]<\/p>\n","protected":false},"author":1,"featured_media":822,"parent":0,"template":"","tags":[],"product-type":[9],"class_list":["post-810","product","type-product","status-publish","has-post-thumbnail","hentry","product-type-corn-sheller-machine"],"_links":{"self":[{"href":"https:\/\/maizemachine.com\/pt\/wp-json\/wp\/v2\/product\/810","targetHints":{"allow":["GET"]}}],"collection":[{"href":"https:\/\/maizemachine.com\/pt\/wp-json\/wp\/v2\/product"}],"about":[{"href":"https:\/\/maizemachine.com\/pt\/wp-json\/wp\/v2\/types\/product"}],"author":[{"embeddable":true,"href":"https:\/\/maizemachine.com\/pt\/wp-json\/wp\/v2\/users\/1"}],"wp:featuredmedia":[{"embeddable":true,"href":"https:\/\/maizemachine.com\/pt\/wp-json\/wp\/v2\/media\/822"}],"wp:attachment":[{"href":"https:\/\/maizemachine.com\/pt\/wp-json\/wp\/v2\/media?parent=810"}],"wp:term":[{"taxonomy":"post_tag","embeddable":true,"href":"https:\/\/maizemachine.com\/pt\/wp-json\/wp\/v2\/tags?post=810"},{"taxonomy":"product-type","embeddable":true,"href":"https:\/\/maizemachine.com\/pt\/wp-json\/wp\/v2\/product-type?post=810"}],"curies":[{"name":"wp","href":"https:\/\/api.w.org\/{rel}","templated":true}]}}