{"id":323,"date":"2023-08-22T18:17:39","date_gmt":"2023-08-22T10:17:39","guid":{"rendered":"https:\/\/maizemachine.com\/?post_type=product&#038;p=323"},"modified":"2025-07-04T14:14:21","modified_gmt":"2025-07-04T06:14:21","slug":"corn-grits-making-machine","status":"publish","type":"product","link":"https:\/\/maizemachine.com\/pt\/product\/corn-grits-making-machine\/","title":{"rendered":"M\u00e1quina de fazer gr\u00e3os de milho para fazer gr\u00e3os de milho, farinha de milho"},"content":{"rendered":"<p class=\"translation-block\"><strong><em>M\u00e1quina de Fazer Farinha de Milho<\/em><\/strong> \u00e9 um equipamento projetado para processar gr\u00e3os de milho em gr\u00e3os de milho, que s\u00e3o part\u00edculas grossas de milho usadas em v\u00e1rias aplica\u00e7\u00f5es culin\u00e1rias. Os gr\u00e3os de milho s\u00e3o comumente usados em pratos como polenta, mingau e alguns tipos de p\u00e3o. Esta m\u00e1quina n\u00e3o apenas faz gr\u00e3os de milho, mas tamb\u00e9m farinha de milho. Portanto, \u00e9 uma m\u00e1quina necess\u00e1ria para uma planta de processamento de gr\u00e3os de milho.<\/p>    <p class=\"translation-block\">A M\u00e1quina de Processamento de Gr\u00e3os de Milho pode produzir at\u00e9 <strong><em>1000 kg de gr\u00e3os de milho<\/em><\/strong> por hora, com uma <strong><em>capacidade de descasque de milho<\/em><\/strong> de <strong><em>350\u2013450 kg<\/em><\/strong> e <strong><em>sa\u00edda de farinha de milho alcan\u00e7ando 350 kg.<\/em><\/strong><\/p>    <p class=\"translation-block\">Para atender \u00e0s necessidades de diferentes clientes, produzimos cinco modelos diferentes de m\u00e1quinas para fazer gr\u00e3os de milho: <strong><em>T1, <\/em><\/strong><em>T2<\/em><strong><em>, T3, <\/em><\/strong><em>C2,<\/em><strong><em> <\/em><\/strong><em>e PH.<\/em> Esses modelos diferem em termos de capacidade de produ\u00e7\u00e3o, apar\u00eancia e fun\u00e7\u00f5es. O milho pode ser primeiro processado com uma <strong><a href=\"https:\/\/maizemachine.com\/pt\/product\/multifunctional-maize-thresher-machine\/\">m\u00e1quina de debulhar milho<\/a><\/strong> antes de passar por um processamento adicional.<\/p>   <div class=\"wp-block-image\"> <figure class=\"aligncenter size-full\"><img loading=\"lazy\" decoding=\"async\" width=\"720\" height=\"540\" src=\"http:\/\/maizemachine.com\/wp-content\/uploads\/2023\/08\/multifuctional-maize-grits-making-machine.webp\" alt=\"M\u00e1quina multifuncional para fazer gr\u00e3os de milho\" class=\"wp-image-332\" title=\"\" srcset=\"https:\/\/maizemachine.com\/wp-content\/uploads\/2023\/08\/multifuctional-maize-grits-making-machine.webp 720w, https:\/\/maizemachine.com\/wp-content\/uploads\/2023\/08\/multifuctional-maize-grits-making-machine-300x225.webp 300w\" sizes=\"auto, (max-width: 720px) 100vw, 720px\" \/><figcaption class=\"wp-element-caption\">M\u00e1quina multifuncional para fazer gr\u00e3os de milho<\/figcaption><\/figure> <\/div>   <h2 class=\"wp-block-heading\">A fun\u00e7\u00e3o da m\u00e1quina de fazer gr\u00e3os de milho<\/h2>    <p>A M\u00e1quina de Gr\u00e3os de Milho \u00e9 um equipamento de ponta que oferece uma solu\u00e7\u00e3o completa para processar gr\u00e3os de milho em gr\u00e3os de milho de alta qualidade. <\/p>    <p>Com recursos como limpeza, descascamento, remo\u00e7\u00e3o de germes, remo\u00e7\u00e3o de ra\u00edzes, remo\u00e7\u00e3o de umbigo preto, moagem e classifica\u00e7\u00e3o, esta M\u00e1quina de Produ\u00e7\u00e3o de Grits de Milho elimina a necessidade de m\u00faltiplos processos independentes.<\/p>    <p class=\"translation-block\"> Ela \u00e9 at\u00e9 capaz de produzir gr\u00e3os de milho de diferentes tamanhos e classes de part\u00edculas, atendendo a v\u00e1rias exig\u00eancias culin\u00e1rias. Se voc\u00ea s\u00f3 quer obter farinha de milho, temos uma <a href=\"https:\/\/maizemachine.com\/pt\/product\/corn-hammer-mill-machine\/\">m\u00e1quina de moagem de milho<\/a> especial \u00e0 venda.<\/p>   <div class=\"wp-block-image\"> <figure class=\"aligncenter size-full\"><img loading=\"lazy\" decoding=\"async\" width=\"720\" height=\"540\" src=\"http:\/\/maizemachine.com\/wp-content\/uploads\/2022\/08\/finished-products.webp\" alt=\"produtos acabados\" class=\"wp-image-53\" title=\"\" srcset=\"https:\/\/maizemachine.com\/wp-content\/uploads\/2022\/08\/finished-products.webp 720w, https:\/\/maizemachine.com\/wp-content\/uploads\/2022\/08\/finished-products-300x225.webp 300w\" sizes=\"auto, (max-width: 720px) 100vw, 720px\" \/><figcaption class=\"wp-element-caption\">produtos acabados<\/figcaption><\/figure> <\/div>   <h2 class=\"wp-block-heading\">Processo de fabrica\u00e7\u00e3o de gr\u00e3os de milho<\/h2>    <p class=\"translation-block\">A sequ\u00eancia operacional do <strong><em>Moedor de Gr\u00e3os de Milho<\/em><\/strong> \u00e9 projetada estrategicamente para maximizar a efici\u00eancia. <\/p>    <p>O processo de fabrica\u00e7\u00e3o de fub\u00e1 de milho come\u00e7a com a remo\u00e7\u00e3o da palha do milho, seguida pela separa\u00e7\u00e3o dos gr\u00e3os individuais de milho. Esses gr\u00e3os s\u00e3o ent\u00e3o alimentados no canal de entrada da m\u00e1quina, onde passam por uma s\u00e9rie de processos, culminando na produ\u00e7\u00e3o de fub\u00e1 de milho de alta qualidade. <\/p>    <p>A versatilidade da m\u00e1quina permite que ela produza tr\u00eas produtos distintos de milho: gr\u00e3os de milho grossos, gr\u00e3os de milho finos e farinha de milho.<\/p>    <figure class=\"wp-block-embed is-type-video is-provider-youtube wp-block-embed-youtube wp-embed-aspect-16-9 wp-has-aspect-ratio\"><div class=\"wp-block-embed__wrapper\"> <iframe loading=\"lazy\" title=\"M\u00e1quina de fazer gr\u00e3os de milho | V\u00eddeo de teste da m\u00e1quina fresadora de gr\u00e3os de milho\" width=\"500\" height=\"281\" src=\"https:\/\/www.youtube.com\/embed\/G54e1Zb1bxo?feature=oembed\" frameborder=\"0\" allow=\"accelerometer; autoplay; clipboard-write; encrypted-media; gyroscope; picture-in-picture; web-share\" referrerpolicy=\"strict-origin-when-cross-origin\" allowfullscreen><\/iframe> <\/div><\/figure>    <h3 class=\"wp-block-heading\">Par\u00e2metros t\u00e9cnicos da fresadora de gr\u00e3os de milho<\/h3>    <h3 class=\"wp-block-heading has-text-align-center\">Tipo T1<\/h3>    <figure class=\"wp-block-table\"><table><tbody><tr><td>Modelo<\/td><td>T1<\/td><\/tr><tr><td>Poder<\/td><td>7,5 kW<\/td><\/tr><tr><td>Capacidade<\/td><td>1000kg<\/td><\/tr><tr><td>Velocidade do fuso<\/td><td>1150 r\/min<\/td><\/tr><tr><td>Tens\u00e3o nominal<\/td><td>380v<\/td><\/tr><\/tbody><\/table><\/figure>   <div class=\"wp-block-image\"> <figure class=\"aligncenter size-full\"><img loading=\"lazy\" decoding=\"async\" width=\"720\" height=\"540\" src=\"https:\/\/maizemachine.com\/wp-content\/uploads\/2023\/08\/T1.webp\" alt=\"T1\" class=\"wp-image-466\" title=\"\" srcset=\"https:\/\/maizemachine.com\/wp-content\/uploads\/2023\/08\/T1.webp 720w, https:\/\/maizemachine.com\/wp-content\/uploads\/2023\/08\/T1-300x225.webp 300w, https:\/\/maizemachine.com\/wp-content\/uploads\/2023\/08\/T1-16x12.webp 16w\" sizes=\"auto, (max-width: 720px) 100vw, 720px\" \/><figcaption class=\"wp-element-caption\">T1<\/figcaption><\/figure> <\/div>   <p>Acima est\u00e3o os par\u00e2metros da m\u00e1quina de fub\u00e1 de milho. A pot\u00eancia desta m\u00e1quina \u00e9 de 7,5 kW. A capacidade de produ\u00e7\u00e3o \u00e9 de 1000kg\/h. Se voc\u00ea tiver outras necessidades, fique \u00e0 vontade para nos contatar.<\/p>    <h3 class=\"wp-block-heading has-text-align-center\">Tipo T3<\/h3>    <figure class=\"wp-block-table\"><table><tbody><tr><td>Modelo<\/td><td>T3<\/td><\/tr><tr><td>Poder<\/td><td>7,5 kw+4 kw<\/td><\/tr><tr><td>Capacidade<\/td><td>300-400Kg\/h<\/td><\/tr><tr><td>Dimens\u00f5es<\/td><td>140*230*130CM<\/td><\/tr><tr><td>Tens\u00e3o nominal<\/td><td>380v<\/td><\/tr><\/tbody><\/table><\/figure>   <div class=\"wp-block-image\"> <figure class=\"aligncenter size-full\"><img loading=\"lazy\" decoding=\"async\" width=\"720\" height=\"540\" src=\"https:\/\/maizemachine.com\/wp-content\/uploads\/2023\/08\/T3.webp\" alt=\"T3\" class=\"wp-image-467\" title=\"\" srcset=\"https:\/\/maizemachine.com\/wp-content\/uploads\/2023\/08\/T3.webp 720w, https:\/\/maizemachine.com\/wp-content\/uploads\/2023\/08\/T3-300x225.webp 300w, https:\/\/maizemachine.com\/wp-content\/uploads\/2023\/08\/T3-16x12.webp 16w\" sizes=\"auto, (max-width: 720px) 100vw, 720px\" \/><figcaption class=\"wp-element-caption\">T3<\/figcaption><\/figure> <\/div>   <h3 class=\"wp-block-heading has-text-align-center\">Tipo PH<\/h3>    <figure class=\"wp-block-table\"><table><tbody><tr><td>Modelo<\/td><td>PH<\/td><\/tr><tr><td>Poder<\/td><td>11 kW<\/td><\/tr><tr><td>Capacidade<\/td><td>300kg\/hora<\/td><\/tr><tr><td>Dimens\u00f5es<\/td><td>200*130*65CM<\/td><\/tr><tr><td>Tens\u00e3o nominal<\/td><td>380v<\/td><\/tr><\/tbody><\/table><\/figure>   <div class=\"wp-block-image\"> <figure class=\"aligncenter size-full\"><img loading=\"lazy\" decoding=\"async\" width=\"720\" height=\"540\" src=\"https:\/\/maizemachine.com\/wp-content\/uploads\/2023\/08\/PH.webp\" alt=\"PH\" class=\"wp-image-469\" title=\"\" srcset=\"https:\/\/maizemachine.com\/wp-content\/uploads\/2023\/08\/PH.webp 720w, https:\/\/maizemachine.com\/wp-content\/uploads\/2023\/08\/PH-300x225.webp 300w, https:\/\/maizemachine.com\/wp-content\/uploads\/2023\/08\/PH-16x12.webp 16w\" sizes=\"auto, (max-width: 720px) 100vw, 720px\" \/><figcaption class=\"wp-element-caption\">PH<\/figcaption><\/figure> <\/div>   <h3 class=\"wp-block-heading has-text-align-center\">Tipo C2<\/h3>    <figure class=\"wp-block-table\"><table><tbody><tr><td>Modelo<\/td><td>C2<\/td><\/tr><tr><td>Poder<\/td><td>7,5 kW<\/td><\/tr><tr><td>Capacidade<\/td><td>300-400 kg\/hora<\/td><\/tr><tr><td>Dimens\u00f5es<\/td><td>190*60*130CM<\/td><\/tr><tr><td>Tens\u00e3o nominal<\/td><td>380v<\/td><\/tr><\/tbody><\/table><\/figure>   <div class=\"wp-block-image\"> <figure class=\"aligncenter size-full\"><img loading=\"lazy\" decoding=\"async\" width=\"720\" height=\"540\" src=\"https:\/\/maizemachine.com\/wp-content\/uploads\/2023\/08\/C2.webp\" alt=\"C2\" class=\"wp-image-468\" title=\"\" srcset=\"https:\/\/maizemachine.com\/wp-content\/uploads\/2023\/08\/C2.webp 720w, https:\/\/maizemachine.com\/wp-content\/uploads\/2023\/08\/C2-300x225.webp 300w, https:\/\/maizemachine.com\/wp-content\/uploads\/2023\/08\/C2-16x12.webp 16w\" sizes=\"auto, (max-width: 720px) 100vw, 720px\" \/><figcaption class=\"wp-element-caption\">C2<\/figcaption><\/figure> <\/div>   <p class=\"translation-block\">Entre os modelos dispon\u00edveis, <strong><em>T1 e T3<\/em><\/strong> s\u00e3o nossas principais recomenda\u00e7\u00f5es devido \u00e0 sua funcionalidade aprimorada e excelente custo-benef\u00edcio. Sinta-se \u00e0 vontade para entrar em contato conosco para mais detalhes sobre essas m\u00e1quinas.<\/p>    <h2 class=\"wp-block-heading\">Quais s\u00e3o os benef\u00edcios da m\u00e1quina de fazer gr\u00e3os de milho?<\/h2>    <ul class=\"wp-block-list\"> <li><strong>Multifuncionalidade:<\/strong> A m\u00e1quina de fabrica\u00e7\u00e3o de fub\u00e1 de milho integra v\u00e1rias etapas de processamento, incluindo limpeza, descascamento, desdobramento, desraizamento, moagem, classifica\u00e7\u00e3o e polimento, tudo em uma \u00fanica opera\u00e7\u00e3o. Essa versatilidade n\u00e3o apenas melhora a efici\u00eancia do processamento, mas tamb\u00e9m reduz os custos de m\u00e3o de obra e tempo.<\/li>    <li><strong>Processamento Preciso: <\/strong>A m\u00e1quina \u00e9 capaz de produzir gr\u00e3os de milho de diferentes tamanhos e classifica\u00e7\u00f5es de gr\u00e3o, precisamente de acordo com as necessidades.<\/li>    <li><strong>Alta qualidade dos produtos acabados:<\/strong> A m\u00e1quina de fazer fub\u00e1 de milho garante consist\u00eancia na qualidade e no sabor do fub\u00e1 produzido por meio de procedimentos de processamento padronizados. Isso ajuda a atender \u00e0 demanda do consumidor por alimentos de alta qualidade.<\/li>    <li><strong>Alta capacidade e efici\u00eancia excepcional: <\/strong>Com uma capacidade de processamento de <strong>1000kg<\/strong> por hora, \u00e9 ideal para gr\u00e3os de m\u00e9dio a grande porte.<\/li>    <li><strong>Desempenho poderoso do motor:<\/strong> Equipado com um <strong>7,5kW<\/strong> motor de grau industrial para sa\u00edda de pot\u00eancia forte e est\u00e1vel.<\/li>    <li><strong>Opera\u00e7\u00e3o Amig\u00e1vel e Manuten\u00e7\u00e3o F\u00e1cil: <\/strong>Painel de controle simples e intuitivo \u2014 f\u00e1cil de operar mesmo para trabalhadores n\u00e3o qualificados ap\u00f3s breve treinamento.<\/li> <\/ul>   <div class=\"wp-block-image\"> <figure class=\"aligncenter size-full\"><img loading=\"lazy\" decoding=\"async\" width=\"720\" height=\"540\" src=\"http:\/\/maizemachine.com\/wp-content\/uploads\/2023\/08\/corn-grits-milling-machine-for-sale.webp\" alt=\"M\u00e1quina fresadora de gr\u00e3os de milho para venda\" class=\"wp-image-328\" title=\"\" srcset=\"https:\/\/maizemachine.com\/wp-content\/uploads\/2023\/08\/corn-grits-milling-machine-for-sale.webp 720w, https:\/\/maizemachine.com\/wp-content\/uploads\/2023\/08\/corn-grits-milling-machine-for-sale-300x225.webp 300w\" sizes=\"auto, (max-width: 720px) 100vw, 720px\" \/><figcaption class=\"wp-element-caption\">M\u00e1quina fresadora de gr\u00e3os de milho para venda<\/figcaption><\/figure> <\/div>   <h2 class=\"wp-block-heading\">Como Funciona a M\u00e1quina de Moer Milho?<\/h2>    <h3 class=\"wp-block-heading\">Descascando Milho<\/h3>    <p>A descama\u00e7\u00e3o \u00famida \u00e9 geralmente adotada, exigindo que o teor de umidade do milho atinja 16\u201317% antes de entrar na m\u00e1quina. O tempo de imers\u00e3o deve ser de cerca de 10 minutos. A condi\u00e7\u00e3o ideal \u00e9 quando a casca do milho pode ser facilmente descascada com uma unha.<br>Nota: Gr\u00e3os de milho com \u00e1gua vis\u00edvel na superf\u00edcie s\u00e3o estritamente proibidos de entrar na m\u00e1quina, pois isso pode causar entupimento. Al\u00e9m disso, evite tempo excessivo de imers\u00e3o. O processo de descascamento deve ser feito duas vezes para garantir a remo\u00e7\u00e3o completa.<\/p>    <h3 class=\"wp-block-heading\">Opera\u00e7\u00e3o<\/h3>    <ul class=\"wp-block-list\"> <li>Inicie a m\u00e1quina e aguarde at\u00e9 que ela funcione de forma est\u00e1vel. Em seguida, abra gradualmente a porta de alimenta\u00e7\u00e3o e ajuste o fluxo de material com base na carga do motor.<\/li> <\/ul>    <ul class=\"wp-block-list\"> <li>Se, durante a opera\u00e7\u00e3o inicial, a qualidade do milho descascado ou da s\u00eamola n\u00e3o for satisfat\u00f3ria, o material deve ser retornado para re-descascamento.<\/li> <\/ul>    <ul class=\"wp-block-list\"> <li>Durante a opera\u00e7\u00e3o da m\u00e1quina, monitore sempre o som da m\u00e1quina. Se ocorrer algum ru\u00eddo anormal, pare a m\u00e1quina imediatamente para inspe\u00e7\u00e3o.<\/li> <\/ul>    <ul class=\"wp-block-list\"> <li>Em caso de entupimento, feche rapidamente a porta de alimenta\u00e7\u00e3o, reduza a press\u00e3o de sa\u00edda, gire lentamente a polia do motor manualmente ou remova a estrutura da peneira para desobstruir. Em seguida, reinicie a m\u00e1quina para retomar a opera\u00e7\u00e3o normal.<\/li> <\/ul>    <h3 class=\"wp-block-heading\">Desligamento<\/h3>    <p>Antes de desligar, feche a porta de alimenta\u00e7\u00e3o para parar a alimenta\u00e7\u00e3o. Puxe levemente a placa de descarga e deixe a m\u00e1quina funcionar por cerca de 30 segundos antes de desligar a energia.<\/p>    <h2 class=\"wp-block-heading\">Aplica\u00e7\u00f5es de gr\u00e3os de milho<\/h2>    <p class=\"translation-block\">Os gr\u00e3os de milho s\u00e3o um ingrediente vers\u00e1til que possui uma ampla gama de aplica\u00e7\u00f5es em diversas prepara\u00e7\u00f5es culin\u00e1rias. Os gr\u00e3os de milho podem ser usados para fazer uma variedade de alimentos, como <strong><em>mingau de milho, <a href=\"http:\/\/cornbread\">p\u00e3o de milho<\/a>, past\u00e9is de milho, chips de milho, bolos de milho, macarr\u00e3o de gr\u00e3os, sopa de gr\u00e3os e sobremesas de gr\u00e3os.<\/em><\/strong><\/p>   <div class=\"wp-block-image\"> <figure class=\"aligncenter size-full\"><img loading=\"lazy\" decoding=\"async\" width=\"720\" height=\"540\" src=\"https:\/\/maizemachine.com\/wp-content\/uploads\/2023\/08\/Deep-Processing-of-Corn.webp\" alt=\"Processamento Profundo de Milho\" class=\"wp-image-470\" title=\"\" srcset=\"https:\/\/maizemachine.com\/wp-content\/uploads\/2023\/08\/Deep-Processing-of-Corn.webp 720w, https:\/\/maizemachine.com\/wp-content\/uploads\/2023\/08\/Deep-Processing-of-Corn-300x225.webp 300w, https:\/\/maizemachine.com\/wp-content\/uploads\/2023\/08\/Deep-Processing-of-Corn-16x12.webp 16w\" sizes=\"auto, (max-width: 720px) 100vw, 720px\" \/><figcaption class=\"wp-element-caption\">Processamento Profundo de Milho<\/figcaption><\/figure> <\/div>   <h2 class=\"wp-block-heading\">A aplica\u00e7\u00e3o da m\u00e1quina de gr\u00e3os de milho no mercado global<\/h2>    <p>A versatilidade e efici\u00eancia da M\u00e1quina para fazer gr\u00e3os de milho levaram \u00e0 sua ado\u00e7\u00e3o em v\u00e1rios pa\u00edses, incluindo Filipinas, Timor Leste, Bangladesh, Qu\u00eania, Burkina Faso, Angola, Z\u00e2mbia e Som\u00e1lia. Este maquin\u00e1rio melhorou significativamente a capacidade de processamento de milho nessas regi\u00f5es, permitindo a produ\u00e7\u00e3o de gr\u00e3os de milho consistentes e de alta qualidade.<\/p>   <div class=\"wp-block-image\"> <figure class=\"aligncenter size-full\"><img loading=\"lazy\" decoding=\"async\" width=\"720\" height=\"540\" src=\"http:\/\/maizemachine.com\/wp-content\/uploads\/2023\/08\/corn-grits-machine-shipped-to-usa.webp\" alt=\"m\u00e1quina de gr\u00e3os de milho enviada para os EUA\" class=\"wp-image-325\" title=\"\" srcset=\"https:\/\/maizemachine.com\/wp-content\/uploads\/2023\/08\/corn-grits-machine-shipped-to-usa.webp 720w, https:\/\/maizemachine.com\/wp-content\/uploads\/2023\/08\/corn-grits-machine-shipped-to-usa-300x225.webp 300w\" sizes=\"auto, (max-width: 720px) 100vw, 720px\" \/><figcaption class=\"wp-element-caption\">m\u00e1quina de gr\u00e3os de milho enviada para os EUA<\/figcaption><\/figure> <\/div>   <h2 class=\"wp-block-heading\">Como adquirir uma fresadora de gr\u00e3os de milho?<\/h2>    <p>Para aqueles que buscam investir em uma M\u00e1quina de Fazer Farinha de Milho, entrar em contato com a Taizy Corn Machinery \u00e9 uma escolha prudente. Com uma variedade de modelos dispon\u00edveis, a Taizy Corn Machinery oferece solu\u00e7\u00f5es personalizadas para atender a diferentes requisitos de processamento. Para explorar suas ofertas ou fazer uma compra, as partes interessadas podem entrar em contato facilmente com eles. <\/p>   <div class=\"wp-block-image\"> <figure class=\"aligncenter size-full\"><img loading=\"lazy\" decoding=\"async\" width=\"720\" height=\"540\" src=\"http:\/\/maizemachine.com\/wp-content\/uploads\/2023\/08\/maize-grits-making-machine-for-sale.webp\" alt=\"M\u00e1quina de fazer gr\u00e3os de milho para venda\" class=\"wp-image-331\" title=\"\" srcset=\"https:\/\/maizemachine.com\/wp-content\/uploads\/2023\/08\/maize-grits-making-machine-for-sale.webp 720w, https:\/\/maizemachine.com\/wp-content\/uploads\/2023\/08\/maize-grits-making-machine-for-sale-300x225.webp 300w\" sizes=\"auto, (max-width: 720px) 100vw, 720px\" \/><figcaption class=\"wp-element-caption\">M\u00e1quina de fazer gr\u00e3os de milho para venda<\/figcaption><\/figure> <\/div>   <h2 class=\"wp-block-heading\">M\u00e1quinas de milho Taizy: um fabricante l\u00edder na China<\/h2>    <p class=\"translation-block\">Ao discutir fabricantes de m\u00e1quinas de milho, a Taizy <a href=\"https:\/\/maizemachine.com\/pt\/\">M\u00e1quina de Milho<\/a> inevitavelmente entra em destaque. Reconhecida por sua experi\u00eancia e compromisso com a qualidade, a Taizy M\u00e1quina de Milho se estabeleceu como um nome l\u00edder na ind\u00fastria. Nossa M\u00e1quina de Moagem de Gr\u00e3os de Milho exemplifica engenharia de precis\u00e3o e inova\u00e7\u00e3o, atendendo \u00e0s demandas de um cen\u00e1rio de processamento de alimentos em r\u00e1pida evolu\u00e7\u00e3o.<\/p>    <p>A M\u00e1quina para fazer gr\u00e3os de milho \u00e9 uma prova do avan\u00e7o tecnol\u00f3gico na ind\u00fastria de processamento de alimentos. Sua capacidade de agilizar diversas etapas do processamento do milho, aliada \u00e0 sua aplica\u00e7\u00e3o global, ressalta sua import\u00e2ncia. Com a Taizy Corn Machinery liderando a excel\u00eancia na fabrica\u00e7\u00e3o, as partes interessadas podem recorrer a n\u00f3s com seguran\u00e7a para suas necessidades de processamento de milho.<\/p>    <h2 class=\"wp-block-heading\">Recomenda\u00e7\u00f5es de Equipamentos para Processamento de Milho<\/h2>    <div class=\"wp-block-columns is-layout-flex wp-container-core-columns-is-layout-9d6595d7 wp-block-columns-is-layout-flex\"> <div class=\"wp-block-column is-layout-flow wp-block-column-is-layout-flow\"> <figure class=\"wp-block-embed is-type-wp-embed is-provider-maize-machine wp-block-embed-maize-machine\"><div class=\"wp-block-embed__wrapper\"> <blockquote class=\"wp-embedded-content\" data-secret=\"Ff4nu8J8S5\"><a href=\"https:\/\/maizemachine.com\/pt\/product\/2-row-corn-picker\/\">Seletor de milho de 2 fileiras | Colheitadeira de milho de 2 fileiras<\/a><\/blockquote><iframe loading=\"lazy\" class=\"wp-embedded-content\" sandbox=\"allow-scripts\" security=\"restricted\" style=\"position: absolute; visibility: hidden;\" title=\"&quot;Colhedora de Milho de 2 Linhas | Colhedora de Milho de 2 Linhas&quot; \u2014 M\u00e1quina de Milho\" src=\"https:\/\/maizemachine.com\/product\/2-row-corn-picker\/embed\/#?secret=SCskyf9Z0v#?secret=Ff4nu8J8S5\" data-secret=\"Ff4nu8J8S5\" width=\"500\" height=\"282\" frameborder=\"0\" marginwidth=\"0\" marginheight=\"0\" scrolling=\"no\"><\/iframe> <\/div><\/figure> <\/div>    <div class=\"wp-block-column is-layout-flow wp-block-column-is-layout-flow\"> <figure class=\"wp-block-embed is-type-wp-embed is-provider-maize-machine wp-block-embed-maize-machine\"><div class=\"wp-block-embed__wrapper\"> <blockquote class=\"wp-embedded-content\" data-secret=\"eOCgqfwYH7\"><a href=\"https:\/\/maizemachine.com\/pt\/product\/multifunctional-maize-thresher-machine\/\">M\u00e1quina debulhadora de milho multifuncional para venda<\/a><\/blockquote><iframe loading=\"lazy\" class=\"wp-embedded-content\" sandbox=\"allow-scripts\" security=\"restricted\" style=\"position: absolute; visibility: hidden;\" title=\"&quot;M\u00e1quina Multifuncional de Descascar Milho \u00e0 Venda&quot; \u2014 M\u00e1quina de Milho\" src=\"https:\/\/maizemachine.com\/product\/multifunctional-maize-thresher-machine\/embed\/#?secret=Cmn9PRgbde#?secret=eOCgqfwYH7\" data-secret=\"eOCgqfwYH7\" width=\"500\" height=\"282\" frameborder=\"0\" marginwidth=\"0\" marginheight=\"0\" scrolling=\"no\"><\/iframe> <\/div><\/figure> <\/div> <\/div>    <p><\/p>","protected":false},"excerpt":{"rendered":"<p>A M\u00e1quina de Fazer Farinha de Milho \u00e9 um equipamento projetado para processar gr\u00e3os de milho em gr\u00e3os de milho, que s\u00e3o part\u00edculas grossas de milho usadas em v\u00e1rias aplica\u00e7\u00f5es culin\u00e1rias.<\/p>","protected":false},"author":1,"featured_media":329,"parent":0,"template":"","tags":[23],"product-type":[10],"class_list":["post-323","product","type-product","status-publish","has-post-thumbnail","hentry","tag-corn-grits","product-type-corn-milling-machine"],"_links":{"self":[{"href":"https:\/\/maizemachine.com\/pt\/wp-json\/wp\/v2\/product\/323","targetHints":{"allow":["GET"]}}],"collection":[{"href":"https:\/\/maizemachine.com\/pt\/wp-json\/wp\/v2\/product"}],"about":[{"href":"https:\/\/maizemachine.com\/pt\/wp-json\/wp\/v2\/types\/product"}],"author":[{"embeddable":true,"href":"https:\/\/maizemachine.com\/pt\/wp-json\/wp\/v2\/users\/1"}],"wp:featuredmedia":[{"embeddable":true,"href":"https:\/\/maizemachine.com\/pt\/wp-json\/wp\/v2\/media\/329"}],"wp:attachment":[{"href":"https:\/\/maizemachine.com\/pt\/wp-json\/wp\/v2\/media?parent=323"}],"wp:term":[{"taxonomy":"post_tag","embeddable":true,"href":"https:\/\/maizemachine.com\/pt\/wp-json\/wp\/v2\/tags?post=323"},{"taxonomy":"product-type","embeddable":true,"href":"https:\/\/maizemachine.com\/pt\/wp-json\/wp\/v2\/product-type?post=323"}],"curies":[{"name":"wp","href":"https:\/\/api.w.org\/{rel}","templated":true}]}}