{"id":268,"date":"2023-02-17T17:06:49","date_gmt":"2023-02-17T09:06:49","guid":{"rendered":"https:\/\/maizemachine.com\/?post_type=product&#038;p=268"},"modified":"2026-04-10T14:41:33","modified_gmt":"2026-04-10T06:41:33","slug":"corn-silage-harvester","status":"publish","type":"product","link":"https:\/\/maizemachine.com\/pt\/product\/corn-silage-harvester\/","title":{"rendered":"Colhedora de silagem de milho | Colheitadeira de palha"},"content":{"rendered":"<p>A colheitadeira autopropelida de silagem de milho da Taizy \u00e9 uma m\u00e1quina agr\u00edcola de alta efici\u00eancia projetada especificamente para a colheita de silagem. Ela funciona utilizando l\u00e2minas internas para picar os colmos de milho em pequenos peda\u00e7os.<\/p>   <div class=\"wp-block-image\"> <figure class=\"aligncenter size-full\"><img loading=\"lazy\" decoding=\"async\" width=\"720\" height=\"540\" src=\"https:\/\/maizemachine.com\/wp-content\/uploads\/2023\/02\/\u5fae\u4fe1\u56fe\u7247_202506061639571.webp\" alt=\"Colhedora de silagem de milho\" class=\"wp-image-591\" title=\"\" srcset=\"https:\/\/maizemachine.com\/wp-content\/uploads\/2023\/02\/\u5fae\u4fe1\u56fe\u7247_202506061639571.webp 720w, https:\/\/maizemachine.com\/wp-content\/uploads\/2023\/02\/\u5fae\u4fe1\u56fe\u7247_202506061639571-300x225.webp 300w, https:\/\/maizemachine.com\/wp-content\/uploads\/2023\/02\/\u5fae\u4fe1\u56fe\u7247_202506061639571-16x12.webp 16w\" sizes=\"auto, (max-width: 720px) 100vw, 720px\" \/><figcaption class=\"wp-element-caption\">Colhedora de silagem de milho<\/figcaption><\/figure> <\/div>   <p class=\"translation-block\">Este modelo \u00e9 adequado n\u00e3o apenas para a colheita de silagem de milho, mas tamb\u00e9m para o corte e picagem de culturas como <strong>sorgo e capim forrageiro, completando a colheita, picagem e carregamento em uma \u00fanica passada.<\/strong><\/p>   <div class=\"wp-block-image\"> <figure class=\"aligncenter size-full\"><img loading=\"lazy\" decoding=\"async\" width=\"720\" height=\"540\" src=\"https:\/\/maizemachine.com\/wp-content\/uploads\/2023\/02\/Corn-Silage-harvested-by-the-Corn-Silage-Harvester.webp\" alt=\"Silagem de milho colhida pela Colheitadeira de Silagem de Milho\" class=\"wp-image-583\" title=\"\" srcset=\"https:\/\/maizemachine.com\/wp-content\/uploads\/2023\/02\/Corn-Silage-harvested-by-the-Corn-Silage-Harvester.webp 720w, https:\/\/maizemachine.com\/wp-content\/uploads\/2023\/02\/Corn-Silage-harvested-by-the-Corn-Silage-Harvester-300x225.webp 300w, https:\/\/maizemachine.com\/wp-content\/uploads\/2023\/02\/Corn-Silage-harvested-by-the-Corn-Silage-Harvester-16x12.webp 16w\" sizes=\"auto, (max-width: 720px) 100vw, 720px\" \/><figcaption class=\"wp-element-caption\">Silagem de milho colhida pela Colheitadeira de Silagem de Milho<\/figcaption><\/figure> <\/div>   <p class=\"translation-block\">A m\u00e1quina apresenta um design razo\u00e1vel e f\u00e1cil opera\u00e7\u00e3o, equipada com um motor de <strong><em>150~180HP<\/em><\/strong> para pot\u00eancia forte, melhorando significativamente a efici\u00eancia da colheita de forragem. Utiliza acionamento hidr\u00e1ulico para pot\u00eancia suave, opera\u00e7\u00e3o flex\u00edvel e controle multifuncional, tornando-a simples de operar.<\/p>    <p>Esta s\u00e9rie de colheitadeiras vem em vers\u00f5es com rodas e com esteiras, adequadas para plan\u00edcies, colinas, montanhas e at\u00e9 mesmo terrenos de floresta tropical.<\/p>    <h2 class=\"wp-block-heading\">Tipos de colheitadeira de silagem de milho<\/h2>    <h3 class=\"wp-block-heading\">Com Rodas<\/h3>   <div class=\"wp-block-image\"> <figure class=\"aligncenter size-full\"><img loading=\"lazy\" decoding=\"async\" width=\"720\" height=\"540\" src=\"https:\/\/maizemachine.com\/wp-content\/uploads\/2023\/02\/Wheeled-Corn-Silage-Harvester.webp\" alt=\"Ensiladeira de Milho com Rodas\" class=\"wp-image-586\" title=\"\" srcset=\"https:\/\/maizemachine.com\/wp-content\/uploads\/2023\/02\/Wheeled-Corn-Silage-Harvester.webp 720w, https:\/\/maizemachine.com\/wp-content\/uploads\/2023\/02\/Wheeled-Corn-Silage-Harvester-300x225.webp 300w, https:\/\/maizemachine.com\/wp-content\/uploads\/2023\/02\/Wheeled-Corn-Silage-Harvester-16x12.webp 16w\" sizes=\"auto, (max-width: 720px) 100vw, 720px\" \/><figcaption class=\"wp-element-caption\">Ensiladeira de Milho com Rodas<\/figcaption><\/figure> <\/div>   <h4 class=\"wp-block-heading\">V\u00eddeo de Trabalho<\/h4>    <figure class=\"wp-block-embed is-type-video is-provider-youtube wp-block-embed-youtube wp-embed-aspect-16-9 wp-has-aspect-ratio\"><div class=\"wp-block-embed__wrapper\"> <iframe loading=\"lazy\" title=\"Colheitadeira de forragem potente e eficiente#colheitadeiradeforragem #processamentode milho\" width=\"500\" height=\"281\" src=\"https:\/\/www.youtube.com\/embed\/TK86cFNdZvg?feature=oembed\" frameborder=\"0\" allow=\"accelerometer; autoplay; clipboard-write; encrypted-media; gyroscope; picture-in-picture; web-share\" referrerpolicy=\"strict-origin-when-cross-origin\" allowfullscreen><\/iframe> <\/div><\/figure>    <h3 class=\"wp-block-heading\">Com Esteiras<\/h3>   <div class=\"wp-block-image\"> <figure class=\"aligncenter size-full\"><img loading=\"lazy\" decoding=\"async\" width=\"720\" height=\"540\" src=\"https:\/\/maizemachine.com\/wp-content\/uploads\/2023\/02\/Tracked-Corn-Silage-Harvester.webp\" alt=\"Ensiladeira de Milho com Esteiras\" class=\"wp-image-585\" title=\"\" srcset=\"https:\/\/maizemachine.com\/wp-content\/uploads\/2023\/02\/Tracked-Corn-Silage-Harvester.webp 720w, https:\/\/maizemachine.com\/wp-content\/uploads\/2023\/02\/Tracked-Corn-Silage-Harvester-300x225.webp 300w, https:\/\/maizemachine.com\/wp-content\/uploads\/2023\/02\/Tracked-Corn-Silage-Harvester-16x12.webp 16w\" sizes=\"auto, (max-width: 720px) 100vw, 720px\" \/><figcaption class=\"wp-element-caption\">Ensiladeira de Milho com Esteiras<\/figcaption><\/figure> <\/div>   <h4 class=\"wp-block-heading\">V\u00eddeo de Trabalho<\/h4>    <figure class=\"wp-block-embed is-type-video is-provider-youtube wp-block-embed-youtube wp-embed-aspect-16-9 wp-has-aspect-ratio\"><div class=\"wp-block-embed__wrapper\"> <iframe loading=\"lazy\" title=\"Colheitadeira de forragem rastreada de ampla aplica\u00e7\u00e3o#rastreada #forragem #colheitadoradem\u00e1quinas #milho\" width=\"500\" height=\"281\" src=\"https:\/\/www.youtube.com\/embed\/DpGntjFa_qk?feature=oembed\" frameborder=\"0\" allow=\"accelerometer; autoplay; clipboard-write; encrypted-media; gyroscope; picture-in-picture; web-share\" referrerpolicy=\"strict-origin-when-cross-origin\" allowfullscreen><\/iframe> <\/div><\/figure>    <h2 class=\"wp-block-heading\">Estrutura da colhedora de silagem de milho<\/h2>    <p class=\"translation-block\">A colheitadeira autopropelida de silagem de milho consiste principalmente em um <strong>sistema de plataforma,<\/strong> um <strong>sistema de transporte<\/strong>, um <strong>sistema de picagem,<\/strong> um <strong>sistema de coleta\/eleva\u00e7\u00e3o<\/strong>, um <strong>sistema de pot\u00eancia<\/strong> (motor + sistema hidr\u00e1ulico) e um sistema de controle de dire\u00e7\u00e3o. Todas as partes trabalham juntas para colher, picar e transportar silagem de milho de forma eficiente.<\/p>   <div class=\"wp-block-image\"> <figure class=\"aligncenter size-full\"><img loading=\"lazy\" decoding=\"async\" width=\"720\" height=\"540\" src=\"https:\/\/maizemachine.com\/wp-content\/uploads\/2023\/02\/3D-Diagram.webp\" alt=\"Diagrama 3D\" class=\"wp-image-582\" title=\"\" srcset=\"https:\/\/maizemachine.com\/wp-content\/uploads\/2023\/02\/3D-Diagram.webp 720w, https:\/\/maizemachine.com\/wp-content\/uploads\/2023\/02\/3D-Diagram-300x225.webp 300w, https:\/\/maizemachine.com\/wp-content\/uploads\/2023\/02\/3D-Diagram-16x12.webp 16w\" sizes=\"auto, (max-width: 720px) 100vw, 720px\" \/><figcaption class=\"wp-element-caption\">Diagrama 3D<\/figcaption><\/figure> <\/div>   <h2 class=\"wp-block-heading\">Princ\u00edpio de funcionamento da colheitadeira de silagem de milho<\/h2>    <ul class=\"wp-block-list\"> <li>Colheita na Plataforma: A plataforma frontal corta os colmos de milho e alimenta toda a planta na m\u00e1quina.<\/li>    <li>Transporte: O milho colhido \u00e9 transportado para o sistema de picagem por uma corrente transportadora ou sem-fim.<\/li>    <li>Picagem: Facas rotativas ou rolos picadores cortam os colmos e espigas de milho em peda\u00e7os uniformes.<\/li>    <li>Eleva\u00e7\u00e3o e Descarga: A silagem picada \u00e9 elevada e descarregada em um reboque ou compartimento de armazenamento atrav\u00e9s de um elevador ou transportador.<\/li>    <li>Pot\u00eancia e Controle: O motor fornece a pot\u00eancia, enquanto o sistema hidr\u00e1ulico controla a altura da plataforma, a velocidade do transportador e a opera\u00e7\u00e3o de picagem.<\/li> <\/ul>   <div class=\"wp-block-image\"> <figure class=\"aligncenter size-full\"><img loading=\"lazy\" decoding=\"async\" width=\"720\" height=\"540\" src=\"https:\/\/maizemachine.com\/wp-content\/uploads\/2023\/02\/\u751f\u6210\u6536\u83b7\u673a\u7ed3\u6784\u56fe-3.webp\" alt=\"Colhedora de Palha\" class=\"wp-image-588\" title=\"\" srcset=\"https:\/\/maizemachine.com\/wp-content\/uploads\/2023\/02\/\u751f\u6210\u6536\u83b7\u673a\u7ed3\u6784\u56fe-3.webp 720w, https:\/\/maizemachine.com\/wp-content\/uploads\/2023\/02\/\u751f\u6210\u6536\u83b7\u673a\u7ed3\u6784\u56fe-3-300x225.webp 300w, https:\/\/maizemachine.com\/wp-content\/uploads\/2023\/02\/\u751f\u6210\u6536\u83b7\u673a\u7ed3\u6784\u56fe-3-16x12.webp 16w\" sizes=\"auto, (max-width: 720px) 100vw, 720px\" \/><figcaption class=\"wp-element-caption\">Colhedora de Palha<\/figcaption><\/figure> <\/div>   <h2 class=\"wp-block-heading\">Venda colhedora de forragem de milho<\/h2>    <p>Oferecemos dois modelos de colheitadeira de forragem de milho: TZ-1400 e TZ-1800<\/p>    <h3 class=\"wp-block-heading\">TZ-1400<\/h3>    <figure class=\"wp-block-table\"><table class=\"has-fixed-layout\"><thead><tr><th><strong>Par\u00e2metro<\/strong><\/th><th><strong>Especifica\u00e7\u00e3o<\/strong><\/th><\/tr><\/thead><tbody><tr><td><strong>Modelo<\/strong><\/td><td>TZ-1400<\/td><\/tr><tr><td><strong>Tipo<\/strong><\/td><td>Com Rodas<\/td><\/tr><tr><td><strong>Pot\u00eancia do Motor<\/strong><\/td><td>Motor Diesel \u2265140 HP<\/td><\/tr><tr><td><strong>Linhas<\/strong><\/td><td>Linha \u00fanica<\/td><\/tr><tr><td><strong>Largura de corte<\/strong><\/td><td>1400 mm<\/td><\/tr><tr><td><strong>Comprimento de Corte<\/strong><\/td><td>12\u201322 mm (ajust\u00e1vel)<\/td><\/tr><tr><td><strong>Efici\u00eancia de Trabalho<\/strong><\/td><td>4\u20136 mu\/hora<\/td><\/tr><tr><td><strong>Altura de Descarga<\/strong><\/td><td>3\u20135 m<\/td><\/tr><tr><td><strong>Tamanho do Pneu<\/strong><\/td><td>Dianteiro: 14.9-28 \/ Traseiro: 10.0-75-15<\/td><\/tr><tr><td><strong>Consumo de combust\u00edvel<\/strong><\/td><td>12\u201316 L\/hora<\/td><\/tr><tr><td><strong>Terreno Adequado<\/strong><\/td><td>Plan\u00edcies, terras agr\u00edcolas duras, campos e transporte rodovi\u00e1rio<\/td><\/tr><\/tbody><\/table><\/figure>    <h3 class=\"wp-block-heading\">TZ-1800<\/h3>    <figure class=\"wp-block-table\"><table class=\"has-fixed-layout\"><thead><tr><th><strong>Par\u00e2metro<\/strong><\/th><th><strong>Especifica\u00e7\u00e3o<\/strong><\/th><\/tr><\/thead><tbody><tr><td><strong>Modelo<\/strong><\/td><td>TZ-1800<\/td><\/tr><tr><td><strong>Tipo<\/strong><\/td><td>Com Esteiras<\/td><\/tr><tr><td><strong>Pot\u00eancia do Motor<\/strong><\/td><td>Motor Diesel \u2265180 HP<\/td><\/tr><tr><td><strong>Linhas<\/strong><\/td><td>Linha \u00fanica<\/td><\/tr><tr><td><strong>Largura de corte<\/strong><\/td><td>1800 mm<\/td><\/tr><tr><td><strong>Comprimento de Corte<\/strong><\/td><td>12\u201322 mm (ajust\u00e1vel)<\/td><\/tr><tr><td><strong>Efici\u00eancia de Trabalho<\/strong><\/td><td>5\u20138 mu\/hora<\/td><\/tr><tr><td><strong>Altura de Descarga<\/strong><\/td><td>3\u20135 m<\/td><\/tr><tr><td><strong>Tamanho da Esteira<\/strong><\/td><td>Esteiras de Borracha de 450 mm<\/td><\/tr><tr><td><strong>Consumo de combust\u00edvel<\/strong><\/td><td>14\u201318 L\/hora<\/td><\/tr><tr><td><strong>Terreno Adequado<\/strong><\/td><td>Terrenos com aclives, solo macio, \u00e1reas alagadas e terras agr\u00edcolas montanhosas<\/td><\/tr><\/tbody><\/table><\/figure>    <p class=\"translation-block\"><strong><em>Ambos os modelos de colheitadeira de forragem de milho podem colher culturas de at\u00e9 2\u20133 metros de altura.<\/em><\/strong><\/p>    <p class=\"translation-block\">Al\u00e9m disso, tamb\u00e9m temos m\u00e1quinas de processamento de milho como <a href=\"https:\/\/maizemachine.com\/pt\/product\/2-row-corn-picker\/\">colheitadeiras de milho<\/a> e uma variedade de <a href=\"https:\/\/maizemachine.com\/pt\/product\/corn-mill-grinder\/\">moedores de milho<\/a> \u00e0 venda.<\/p>   <div class=\"wp-block-image\"> <figure class=\"aligncenter size-full\"><img loading=\"lazy\" decoding=\"async\" width=\"720\" height=\"540\" src=\"https:\/\/maizemachine.com\/wp-content\/uploads\/2023\/02\/\u751f\u6210\u6536\u83b7\u673a\u7ed3\u6784\u56fe-2.webp\" alt=\"Melhor colheitadeira de silagem de milho para pequenas propriedades\" class=\"wp-image-587\" title=\"\" srcset=\"https:\/\/maizemachine.com\/wp-content\/uploads\/2023\/02\/\u751f\u6210\u6536\u83b7\u673a\u7ed3\u6784\u56fe-2.webp 720w, https:\/\/maizemachine.com\/wp-content\/uploads\/2023\/02\/\u751f\u6210\u6536\u83b7\u673a\u7ed3\u6784\u56fe-2-300x225.webp 300w, https:\/\/maizemachine.com\/wp-content\/uploads\/2023\/02\/\u751f\u6210\u6536\u83b7\u673a\u7ed3\u6784\u56fe-2-16x12.webp 16w\" sizes=\"auto, (max-width: 720px) 100vw, 720px\" \/><figcaption class=\"wp-element-caption\">Melhor colheitadeira de silagem de milho para pequenas propriedades<\/figcaption><\/figure> <\/div>   <h2 class=\"wp-block-heading\">Caracter\u00edsticas da colhedora de palha de milho<\/h2>    <ol class=\"wp-block-list\"> <li>Multifuncional. Uma colheitadeira de silagem de milho \u00e9 uma m\u00e1quina que integra colheita, corte, tritura\u00e7\u00e3o e coleta. Ela realmente realiza uma m\u00e1quina com m\u00faltiplas fun\u00e7\u00f5es.<\/li>    <li>O m\u00e9todo de opera\u00e7\u00e3o \u00e9 simples. Apenas uma pessoa \u00e9 necess\u00e1ria para dirigir o trator.<\/li>    <li>A palha, ap\u00f3s ser cortada e triturada pela colheitadeira de silagem de milho, pode ser reciclada diretamente.<\/li>    <li>O alto grau de automa\u00e7\u00e3o. O dispositivo hidr\u00e1ulico pode descarregar facilmente a palha de milho triturada.<\/li>    <li>O dispositivo de transmiss\u00e3o hidr\u00e1ulica pode controlar facilmente a velocidade de funcionamento da m\u00e1quina.<\/li>    <li>As l\u00e2minas da colhedora de forragem de milho s\u00e3o feitas de material de alta resist\u00eancia e possuem caracter\u00edsticas de forte resist\u00eancia ao desgaste.<\/li>    <li>A taxa de recupera\u00e7\u00e3o \u00e9 de at\u00e9 95%<\/li>    <li>Controle totalmente hidr\u00e1ulico com um pequeno raio de giro, tornando a opera\u00e7\u00e3o f\u00e1cil e flex\u00edvel.<\/li>    <li>Colhe sem espa\u00e7amento entre linhas e pode lidar com culturas tombadas (ca\u00eddas).<\/li> <\/ol>   <div class=\"wp-block-image\"> <figure class=\"aligncenter size-full\"><img loading=\"lazy\" decoding=\"async\" width=\"720\" height=\"540\" src=\"https:\/\/maizemachine.com\/wp-content\/uploads\/2023\/02\/\u5fae\u4fe1\u56fe\u7247_20250606163958.webp\" alt=\"Colheitadeira de silagem de milho \u00e0 venda\" class=\"wp-image-590\" title=\"\" srcset=\"https:\/\/maizemachine.com\/wp-content\/uploads\/2023\/02\/\u5fae\u4fe1\u56fe\u7247_20250606163958.webp 720w, https:\/\/maizemachine.com\/wp-content\/uploads\/2023\/02\/\u5fae\u4fe1\u56fe\u7247_20250606163958-300x225.webp 300w, https:\/\/maizemachine.com\/wp-content\/uploads\/2023\/02\/\u5fae\u4fe1\u56fe\u7247_20250606163958-16x12.webp 16w\" sizes=\"auto, (max-width: 720px) 100vw, 720px\" \/><figcaption class=\"wp-element-caption\">Colheitadeira de silagem de milho \u00e0 venda<\/figcaption><\/figure> <\/div>   <h2 class=\"wp-block-heading\">Usos da colhedora de forragem de milho<\/h2>    <p>A m\u00e1quina \u00e9 adequada para triturar e reciclar diversas palhas de colheitas. Palha de milho, palha de algod\u00e3o, palha de banana, palha de sorgo, palha de trigo e materiais de grama podem ser reciclados com esta colhedora de silagem rebocada. A palha triturada pode ser devolvida diretamente ao campo ou utilizada como ra\u00e7\u00e3o animal.<\/p>   <div class=\"wp-block-image\"> <figure class=\"aligncenter size-full\"><img loading=\"lazy\" decoding=\"async\" width=\"720\" height=\"540\" src=\"https:\/\/maizemachine.com\/wp-content\/uploads\/2023\/02\/\u5fae\u4fe1\u56fe\u7247_2025-07-02_161030_894.webp\" alt=\"Silagem de Milho\" class=\"wp-image-589\" title=\"\" srcset=\"https:\/\/maizemachine.com\/wp-content\/uploads\/2023\/02\/\u5fae\u4fe1\u56fe\u7247_2025-07-02_161030_894.webp 720w, https:\/\/maizemachine.com\/wp-content\/uploads\/2023\/02\/\u5fae\u4fe1\u56fe\u7247_2025-07-02_161030_894-300x225.webp 300w, https:\/\/maizemachine.com\/wp-content\/uploads\/2023\/02\/\u5fae\u4fe1\u56fe\u7247_2025-07-02_161030_894-16x12.webp 16w\" sizes=\"auto, (max-width: 720px) 100vw, 720px\" \/><figcaption class=\"wp-element-caption\">Silagem de Milho<\/figcaption><\/figure> <\/div>   <h2 class=\"wp-block-heading\">Como utilizar corretamente a colhedora de silagem de milho?<\/h2>    <ul class=\"wp-block-list\"> <li>Prepara\u00e7\u00e3o: Verifique todas as pe\u00e7as mec\u00e2nicas, o sistema el\u00e9trico e o sistema hidr\u00e1ulico antes do uso e pr\u00e9-aque\u00e7a a m\u00e1quina.<\/li>    <li>Carregando Forragem: Coloque a pilha de silagem na frente do caminho de colheita. Evite empilhar muito alto para garantir uma colheita suave.<\/li>    <li>Ligando a M\u00e1quina: Ligue a energia e inicie a m\u00e1quina. Monitore sua opera\u00e7\u00e3o e pare imediatamente se ocorrer alguma anormalidade.<\/li>    <li>Ajustando a Altura da Plataforma: Defina a altura da plataforma de acordo com a altura da forragem para garantir uma colheita uniforme.<\/li>    <li>Colheita: O operador controla a m\u00e1quina para frente e para tr\u00e1s usando o joystick, mantendo a estabilidade e colhendo a silagem com seguran\u00e7a.<\/li>    <li>Coletando Forragem: A silagem picada \u00e9 transportada para o sistema de coleta. Limpe regularmente para garantir uma opera\u00e7\u00e3o suave.<\/li>    <li>Encerrando a Opera\u00e7\u00e3o: Ap\u00f3s a colheita, desligue a m\u00e1quina e transporte a silagem coletada para o local designado.<\/li>    <li>Limpeza e Manuten\u00e7\u00e3o: Limpe detritos da superf\u00edcie da m\u00e1quina, verifique pe\u00e7as desgastadas e substitua-as a tempo de manter o equipamento em boas condi\u00e7\u00f5es.<\/li> <\/ul>    <h2 class=\"wp-block-heading\">Parceria com a Taizy<\/h2>    <p>Ao fazer parceria com a Taizy, voc\u00ea pode alcan\u00e7ar uma colheita de silagem de milho eficiente, confi\u00e1vel e de alta qualidade. Nossas colheitadeiras autopropelidas s\u00e3o projetadas para lidar com uma variedade de culturas e terrenos, garantindo opera\u00e7\u00e3o suave, picagem uniforme e rendimento m\u00e1ximo de forragem. Seja para pequenas propriedades ou opera\u00e7\u00f5es em larga escala, as Colheitadeiras de Silagem de Milho da Taizy entregam o desempenho e a durabilidade em que voc\u00ea pode confiar, tornando a colheita de silagem mais f\u00e1cil e produtiva do que nunca.<\/p>   <div class=\"wp-block-image\"> <figure class=\"aligncenter size-full\"><img loading=\"lazy\" decoding=\"async\" width=\"720\" height=\"540\" src=\"https:\/\/maizemachine.com\/wp-content\/uploads\/2025\/08\/Our-customer.webp\" alt=\"Nosso cliente\" class=\"wp-image-577\" title=\"\" srcset=\"https:\/\/maizemachine.com\/wp-content\/uploads\/2025\/08\/Our-customer.webp 720w, https:\/\/maizemachine.com\/wp-content\/uploads\/2025\/08\/Our-customer-300x225.webp 300w, https:\/\/maizemachine.com\/wp-content\/uploads\/2025\/08\/Our-customer-16x12.webp 16w\" sizes=\"auto, (max-width: 720px) 100vw, 720px\" \/><figcaption class=\"wp-element-caption\">Nosso cliente<\/figcaption><\/figure> <\/div>","protected":false},"excerpt":{"rendered":"<p>The Taizy self-propelled corn silage harvester is a high-efficiency agricultural machine designed specifically for silage harvesting. It works by using internal blades to chop corn stalks into small pieces. This model is suitable not only for harvesting corn silage but also for cutting and chopping crops like sorghum and forage grass, completing harvesting, chopping, and [&hellip;]<\/p>\n","protected":false},"author":1,"featured_media":593,"parent":0,"template":"","tags":[36,37],"product-type":[52],"class_list":["post-268","product","type-product","status-publish","has-post-thumbnail","hentry","tag-corn-silage-harvester","tag-straw-harvester","product-type-corn-stalk-processing-machine"],"_links":{"self":[{"href":"https:\/\/maizemachine.com\/pt\/wp-json\/wp\/v2\/product\/268","targetHints":{"allow":["GET"]}}],"collection":[{"href":"https:\/\/maizemachine.com\/pt\/wp-json\/wp\/v2\/product"}],"about":[{"href":"https:\/\/maizemachine.com\/pt\/wp-json\/wp\/v2\/types\/product"}],"author":[{"embeddable":true,"href":"https:\/\/maizemachine.com\/pt\/wp-json\/wp\/v2\/users\/1"}],"wp:featuredmedia":[{"embeddable":true,"href":"https:\/\/maizemachine.com\/pt\/wp-json\/wp\/v2\/media\/593"}],"wp:attachment":[{"href":"https:\/\/maizemachine.com\/pt\/wp-json\/wp\/v2\/media?parent=268"}],"wp:term":[{"taxonomy":"post_tag","embeddable":true,"href":"https:\/\/maizemachine.com\/pt\/wp-json\/wp\/v2\/tags?post=268"},{"taxonomy":"product-type","embeddable":true,"href":"https:\/\/maizemachine.com\/pt\/wp-json\/wp\/v2\/product-type?post=268"}],"curies":[{"name":"wp","href":"https:\/\/api.w.org\/{rel}","templated":true}]}}