{"id":262,"date":"2023-01-30T15:08:58","date_gmt":"2023-01-30T07:08:58","guid":{"rendered":"https:\/\/maizemachine.com\/?post_type=product&#038;p=262"},"modified":"2023-01-30T15:08:59","modified_gmt":"2023-01-30T07:08:59","slug":"small-scale-maize-milling-machine","status":"publish","type":"product","link":"https:\/\/maizemachine.com\/pt\/product\/small-scale-maize-milling-machine\/","title":{"rendered":"Fresadora de milho em pequena escala"},"content":{"rendered":"<p class=\"translation-block\">A m\u00e1quina de moagem de milho em pequena escala \u00e9 uma pequena m\u00e1quina que pode fazer farinha de milho. Ela pode moer gr\u00e3os de milho em material em p\u00f3 com alta finura. Comparada ao grande moedor de milho e \u00e0 <a href=\"https:\/\/maizemachine.com\/pt\/product\/maize-grits-milling-machine\/\">m\u00e1quina de moagem de gr\u00e3os de milho<\/a> multifuncional, esta m\u00e1quina tem uma grande vantagem em pre\u00e7o e espa\u00e7o no ch\u00e3o.<\/p>   <div class=\"wp-block-image\"> <figure class=\"aligncenter size-full\"><img loading=\"lazy\" decoding=\"async\" width=\"720\" height=\"540\" src=\"http:\/\/maizemachine.com\/wp-content\/uploads\/2023\/01\/small-maize-grinding-machine.webp\" alt=\"pequena m\u00e1quina de moer milho\" class=\"wp-image-266\" title=\"\" srcset=\"https:\/\/maizemachine.com\/wp-content\/uploads\/2023\/01\/small-maize-grinding-machine.webp 720w, https:\/\/maizemachine.com\/wp-content\/uploads\/2023\/01\/small-maize-grinding-machine-300x225.webp 300w\" sizes=\"auto, (max-width: 720px) 100vw, 720px\" \/><figcaption class=\"wp-element-caption\">pequena m\u00e1quina de moer milho<\/figcaption><\/figure> <\/div>   <h2 class=\"wp-block-heading\">Qual \u00e9 o processo de moagem do milho?<\/h2>    <p>O processo de moagem da farinha de milho \u00e9 o seguinte. O milho \u00e9 primeiro colocado na fresadora de milho de pequena escala e depois transformado em p\u00f3. Dentro da c\u00e2mara do moinho de milho, existem telas com diferentes tamanhos de abertura, e algumas das pequenas part\u00edculas de milho que atendem ao padr\u00e3o de tamanho da tela ser\u00e3o peneiradas atrav\u00e9s da tela. As part\u00edculas de milho que n\u00e3o atenderem aos requisitos ser\u00e3o batidas duas vezes na c\u00e2mara de moagem at\u00e9 atingirem o padr\u00e3o desejado. Em seguida, o material mo\u00eddo ser\u00e1 descarregado pela sa\u00edda do moedor de milho de pequena escala.<\/p>   <div class=\"wp-block-image\"> <figure class=\"aligncenter size-full\"><img loading=\"lazy\" decoding=\"async\" width=\"720\" height=\"540\" src=\"http:\/\/maizemachine.com\/wp-content\/uploads\/2023\/01\/small-corn-grinding-machine-and-sieve.webp\" alt=\"pequena m\u00e1quina de moer milho e peneira\" class=\"wp-image-265\" title=\"\" srcset=\"https:\/\/maizemachine.com\/wp-content\/uploads\/2023\/01\/small-corn-grinding-machine-and-sieve.webp 720w, https:\/\/maizemachine.com\/wp-content\/uploads\/2023\/01\/small-corn-grinding-machine-and-sieve-300x225.webp 300w\" sizes=\"auto, (max-width: 720px) 100vw, 720px\" \/><figcaption class=\"wp-element-caption\">pequena m\u00e1quina de moer milho e peneira<\/figcaption><\/figure> <\/div>   <h2 class=\"wp-block-heading\">Par\u00e2metros da fresadora de milho em pequena escala<\/h2>    <figure class=\"wp-block-table\"><table><tbody><tr><td>Modelo<\/td><td>9FQ-750<\/td><\/tr><tr><td>Dimens\u00f5es Gerais<\/td><td>1,6*1,1*1,5m<\/td><\/tr><tr><td>Motor<\/td><td>30 kW<\/td><\/tr><tr><td>Peso l\u00edquido<\/td><td>850kg<\/td><\/tr><tr><td>Tamanho da embalagem<\/td><td>2,1*1*2,5m<\/td><\/tr><\/tbody><\/table><\/figure>    <h2 class=\"wp-block-heading\">Vantagens da m\u00e1quina<\/h2>    <ol class=\"wp-block-list\"> <li>A m\u00e1quina possui caracter\u00edsticas de estrutura simples e boa instala\u00e7\u00e3o.<\/li>    <li>A l\u00e2mina \u00e9 feita de alta <a href=\"https:\/\/en.wikipedia.org\/wiki\/Carbon_steel\" target=\"_blank\" rel=\"noopener\">a\u00e7o carbono<\/a> com um bom efeito de moagem.<\/li>    <li>Tamanho pequeno e menos espa\u00e7o.<\/li>    <li>O alto grau de automa\u00e7\u00e3o e facilidade de opera\u00e7\u00e3o.<\/li>    <li>A fresadora de milho Taizy em pequena escala pode processar farinha de diferentes especifica\u00e7\u00f5es e malhas.<\/li> <\/ol>   <div class=\"wp-block-image\"> <figure class=\"aligncenter size-full\"><img loading=\"lazy\" decoding=\"async\" width=\"720\" height=\"540\" src=\"http:\/\/maizemachine.com\/wp-content\/uploads\/2023\/01\/manufacturing-process.webp\" alt=\"processo de fabrica\u00e7\u00e3o\" class=\"wp-image-264\" title=\"\" srcset=\"https:\/\/maizemachine.com\/wp-content\/uploads\/2023\/01\/manufacturing-process.webp 720w, https:\/\/maizemachine.com\/wp-content\/uploads\/2023\/01\/manufacturing-process-300x225.webp 300w\" sizes=\"auto, (max-width: 720px) 100vw, 720px\" \/><figcaption class=\"wp-element-caption\">processo de fabrica\u00e7\u00e3o<\/figcaption><\/figure> <\/div>   <h2 class=\"wp-block-heading\">Escopo de aplica\u00e7\u00e3o da pequena m\u00e1quina de moagem de milho<\/h2>    <p class=\"translation-block\">A pequena m\u00e1quina de moer milho pode n\u00e3o apenas moer milho, mas tamb\u00e9m ervas e outros gr\u00e3os e materiais. Portanto, a m\u00e1quina \u00e9 especialmente adequada para uso em \u00e1reas rurais, f\u00e1bricas de processamento de ra\u00e7\u00e3o, mercados de gr\u00e3os e \u00f3leos, supermercados grandes e pequenos, e f\u00e1bricas de ervas. Na F\u00e1brica de M\u00e1quinas de Milho Taizy, temos outra <a href=\"https:\/\/maizemachine.com\/pt\/product\/corn-hammer-mill-machine\/\">m\u00e1quina de moinho de martelo para milho<\/a> \u00e0 venda. Se voc\u00ea precisar, fique \u00e0 vontade para nos contatar.<\/p>   <div class=\"wp-block-image\"> <figure class=\"aligncenter size-full\"><img loading=\"lazy\" decoding=\"async\" width=\"720\" height=\"540\" src=\"http:\/\/maizemachine.com\/wp-content\/uploads\/2022\/08\/finished-product-made-by-corn-grinding-machine.webp\" alt=\"produto acabado feito por m\u00e1quina de moer milho\" class=\"wp-image-155\" title=\"\" srcset=\"https:\/\/maizemachine.com\/wp-content\/uploads\/2022\/08\/finished-product-made-by-corn-grinding-machine.webp 720w, https:\/\/maizemachine.com\/wp-content\/uploads\/2022\/08\/finished-product-made-by-corn-grinding-machine-300x225.webp 300w\" sizes=\"auto, (max-width: 720px) 100vw, 720px\" \/><figcaption class=\"wp-element-caption\">produto acabado feito por m\u00e1quina de moer milho<\/figcaption><\/figure> <\/div>   <h2 class=\"wp-block-heading\">Como escolher a fresadora de milho certa?<\/h2>    <p>Como escolher a m\u00e1quina trituradora de milho certa sempre foi um problema para os produtores de milho. A primeira coisa que precisamos lembrar \u00e9 que o pre\u00e7o de uma fresadora de milho n\u00e3o deve ser o \u00fanico fator a considerar. Se voc\u00ea deseja comprar uma fresadora de milho de pequena escala de qualidade, deve levar em considera\u00e7\u00e3o a qualidade da m\u00e1quina, a produ\u00e7\u00e3o de farinha de milho, o espa\u00e7o f\u00edsico, o custo de m\u00e3o de obra, os fabricantes do moedor de milho e outros fatores.<\/p>    <p>Em segundo lugar, devemos ser claros sobre as nossas necessidades de produ\u00e7\u00e3o de fub\u00e1 e a tonelagem di\u00e1ria de processamento de fub\u00e1, bem como sobre o intervalo aceit\u00e1vel de consumo de electricidade. Com suas necessidades b\u00e1sicas, voc\u00ea pode escolher o moinho de farinha de milho certo de acordo com suas necessidades.<\/p>   <div class=\"wp-block-image\"> <figure class=\"aligncenter size-full\"><img loading=\"lazy\" decoding=\"async\" width=\"720\" height=\"540\" src=\"http:\/\/maizemachine.com\/wp-content\/uploads\/2023\/01\/customized-maize-grinding-machine.webp\" alt=\"m\u00e1quina de moer milho personalizada\" class=\"wp-image-263\" title=\"\" srcset=\"https:\/\/maizemachine.com\/wp-content\/uploads\/2023\/01\/customized-maize-grinding-machine.webp 720w, https:\/\/maizemachine.com\/wp-content\/uploads\/2023\/01\/customized-maize-grinding-machine-300x225.webp 300w\" sizes=\"auto, (max-width: 720px) 100vw, 720px\" \/><figcaption class=\"wp-element-caption\">m\u00e1quina de moer milho personalizada<\/figcaption><\/figure> <\/div>   <h2 class=\"wp-block-heading\">A moagem de milho \u00e9 lucrativa?<\/h2>    <p>A resposta \u00e9 sim, a moagem de milho \u00e9 lucrativa. Como rei nutricional dos gr\u00e3os grossos, o milho pode n\u00e3o apenas regular o metabolismo humano e melhorar a fun\u00e7\u00e3o imunol\u00f3gica, mas tamb\u00e9m aumentar a resist\u00eancia muscular e remover res\u00edduos do corpo. \u00c0 medida que as pessoas prestam mais aten\u00e7\u00e3o \u00e0 sa\u00fade, mais e mais pessoas reconhecem os efeitos nutricionais do milho e de outros gr\u00e3os grosseiros para a sa\u00fade. Portanto, a fresadora de milho em pequena escala \u00e9 uma boa dire\u00e7\u00e3o de investimento.<\/p>","protected":false},"excerpt":{"rendered":"<p>The small scale maize milling machine is a small machine that can make corn flour. It can grind corn kernel into powder material with high fineness. Compared with the large corn grinder and the multifunctional corn grits milling machine, this machine has a greater advantage in price and floor space. What is the milling process [&hellip;]<\/p>\n","protected":false},"author":1,"featured_media":267,"parent":0,"template":"","tags":[],"product-type":[10],"class_list":["post-262","product","type-product","status-publish","has-post-thumbnail","hentry","product-type-corn-milling-machine"],"_links":{"self":[{"href":"https:\/\/maizemachine.com\/pt\/wp-json\/wp\/v2\/product\/262","targetHints":{"allow":["GET"]}}],"collection":[{"href":"https:\/\/maizemachine.com\/pt\/wp-json\/wp\/v2\/product"}],"about":[{"href":"https:\/\/maizemachine.com\/pt\/wp-json\/wp\/v2\/types\/product"}],"author":[{"embeddable":true,"href":"https:\/\/maizemachine.com\/pt\/wp-json\/wp\/v2\/users\/1"}],"wp:featuredmedia":[{"embeddable":true,"href":"https:\/\/maizemachine.com\/pt\/wp-json\/wp\/v2\/media\/267"}],"wp:attachment":[{"href":"https:\/\/maizemachine.com\/pt\/wp-json\/wp\/v2\/media?parent=262"}],"wp:term":[{"taxonomy":"post_tag","embeddable":true,"href":"https:\/\/maizemachine.com\/pt\/wp-json\/wp\/v2\/tags?post=262"},{"taxonomy":"product-type","embeddable":true,"href":"https:\/\/maizemachine.com\/pt\/wp-json\/wp\/v2\/product-type?post=262"}],"curies":[{"name":"wp","href":"https:\/\/api.w.org\/{rel}","templated":true}]}}