{"id":230,"date":"2022-12-05T15:08:15","date_gmt":"2022-12-05T07:08:15","guid":{"rendered":"https:\/\/maizemachine.com\/?post_type=product&#038;p=230"},"modified":"2025-12-17T14:00:19","modified_gmt":"2025-12-17T06:00:19","slug":"sweet-corn-planter","status":"publish","type":"product","link":"https:\/\/maizemachine.com\/pt\/product\/sweet-corn-planter\/","title":{"rendered":"Plantador de milho doce de 2 fileiras | Semeadora de Milho Doce"},"content":{"rendered":"<p class=\"translation-block\">Plantador de milho doce \u00e9 uma m\u00e1quina que pode semear sementes de milho doce. A semeadora de milho doce \u00e9 a m\u00e1quina mais vendida da <a href=\"https:\/\/maizemachine.com\/pt\/\">Taizy Corn Machinery<\/a>. Nosso plantador de milho pode realizar todos os processos de<strong><mark class=\"has-inline-color has-luminous-vivid-amber-color\"> afrouxar, fertilizar, cavar trincheiras, semear e cobrir o solo<\/mark><\/strong> ao mesmo tempo. Portanto, comparado a outros fabricantes de plantadores de milho, nossa m\u00e1quina \u00e9 um plantador de milho doce multifuncional.<\/p>   <div class=\"wp-block-image\"> <figure class=\"aligncenter size-full\"><img loading=\"lazy\" decoding=\"async\" width=\"720\" height=\"540\" src=\"http:\/\/maizemachine.com\/wp-content\/uploads\/2022\/12\/sweet-corn-planter-for-sale.webp\" alt=\"Vendo plantador de milho doce\" class=\"wp-image-234\" title=\"\" srcset=\"https:\/\/maizemachine.com\/wp-content\/uploads\/2022\/12\/sweet-corn-planter-for-sale.webp 720w, https:\/\/maizemachine.com\/wp-content\/uploads\/2022\/12\/sweet-corn-planter-for-sale-300x225.webp 300w\" sizes=\"auto, (max-width: 720px) 100vw, 720px\" \/><figcaption class=\"wp-element-caption\">Vendo plantador de milho doce<\/figcaption><\/figure> <\/div>   <h2 class=\"wp-block-heading\">Quais s\u00e3o os tipos de semeadoras de milho doce Taizy?<\/h2>    <p class=\"translation-block\">Na F\u00e1brica de M\u00e1quinas de Milho Taizy, temos plantador de milho doce pequeno, <strong>semear milho de 3 linhas<\/strong>, <strong>plantador de milho doce de 4 linhas<\/strong>, <strong>semear milho de 5 linhas<\/strong>, <strong>m\u00e1quina de plantador de milho de 6 linhas<\/strong>, e plantador de milho doce de 2 linhas \u00e0 venda. Tamb\u00e9m podemos fornecer servi\u00e7o personalizado para nossos clientes. Se voc\u00ea precisar de uma semeadora de milho doce, sinta-se \u00e0 vontade para nos contatar.<\/p>    <div class=\"wp-block-columns is-layout-flex wp-container-core-columns-is-layout-9d6595d7 wp-block-columns-is-layout-flex\"> <div class=\"wp-block-column is-layout-flow wp-block-column-is-layout-flow\"> <figure class=\"wp-block-image size-full\"><img loading=\"lazy\" decoding=\"async\" width=\"720\" height=\"540\" src=\"http:\/\/maizemachine.com\/wp-content\/uploads\/2022\/12\/sweet-corn-seeder.webp\" alt=\"semeadora de milho doce\" class=\"wp-image-235\" title=\"\" srcset=\"https:\/\/maizemachine.com\/wp-content\/uploads\/2022\/12\/sweet-corn-seeder.webp 720w, https:\/\/maizemachine.com\/wp-content\/uploads\/2022\/12\/sweet-corn-seeder-300x225.webp 300w\" sizes=\"auto, (max-width: 720px) 100vw, 720px\" \/><figcaption class=\"wp-element-caption\">Semeadora de Milho Doce<\/figcaption><\/figure> <\/div>    <div class=\"wp-block-column is-layout-flow wp-block-column-is-layout-flow\"> <figure class=\"wp-block-image size-full\"><img loading=\"lazy\" decoding=\"async\" width=\"720\" height=\"540\" src=\"http:\/\/maizemachine.com\/wp-content\/uploads\/2022\/08\/maize-planter-with-tractor.webp\" alt=\"m\u00e1quina plantadora de milho\" class=\"wp-image-79\" title=\"\" srcset=\"https:\/\/maizemachine.com\/wp-content\/uploads\/2022\/08\/maize-planter-with-tractor.webp 720w, https:\/\/maizemachine.com\/wp-content\/uploads\/2022\/08\/maize-planter-with-tractor-300x225.webp 300w\" sizes=\"auto, (max-width: 720px) 100vw, 720px\" \/><figcaption class=\"wp-element-caption\">M\u00e1quina plantadora de milho<\/figcaption><\/figure> <\/div>    <div class=\"wp-block-column is-layout-flow wp-block-column-is-layout-flow\"> <figure class=\"wp-block-image size-full\"><img loading=\"lazy\" decoding=\"async\" width=\"720\" height=\"540\" src=\"http:\/\/maizemachine.com\/wp-content\/uploads\/2022\/08\/6-row-maize-planter.webp\" alt=\"plantador de milho 6 fileiras\" class=\"wp-image-141\" title=\"\" srcset=\"https:\/\/maizemachine.com\/wp-content\/uploads\/2022\/08\/6-row-maize-planter.webp 720w, https:\/\/maizemachine.com\/wp-content\/uploads\/2022\/08\/6-row-maize-planter-300x225.webp 300w\" sizes=\"auto, (max-width: 720px) 100vw, 720px\" \/><figcaption class=\"wp-element-caption\">Plantador de milho de 6 fileiras<\/figcaption><\/figure> <\/div> <\/div>    <h2 class=\"wp-block-heading\">Plantando milho doce com plantadeira de 2 linhas<\/h2>    <p>O plantador de milho doce consiste principalmente em uma caixa de sementes, abridor de sulcos, descarregador de sementes, caixa de fertilizante, descarregador de fertilizante e dispositivo de cobertura e supress\u00e3o. No processo de opera\u00e7\u00e3o de semeadura, a pot\u00eancia principal do plantador vem do eixo de sa\u00edda de pot\u00eancia traseiro do trator. Sob a tra\u00e7\u00e3o do trator, o sulcador abre a trincheira do solo para semeadura e aplica\u00e7\u00e3o de fertilizante a uma profundidade predeterminada. <\/p>    <p>Devido ao papel do atrito, a roda mo\u00edda no processo de avan\u00e7o rola constantemente e aciona o trabalho do remador de sementes e do remador de fertilizantes. As sementes e os fertilizantes s\u00e3o ent\u00e3o descarregados nos sulcos atrav\u00e9s de diferentes linhas, e o solo \u00e9 coberto e compactado por meio de um dispositivo de cobertura morta e um dispositivo de supress\u00e3o. Al\u00e9m das semeadoras de milho convencionais, existem tamb\u00e9m algumas semeadoras de milho que podem realizar fun\u00e7\u00f5es de controle de pragas e doen\u00e7as e cobertura morta durante a opera\u00e7\u00e3o.<\/p>   <div class=\"wp-block-image\"> <figure class=\"aligncenter size-full\"><img loading=\"lazy\" decoding=\"async\" width=\"720\" height=\"540\" src=\"http:\/\/maizemachine.com\/wp-content\/uploads\/2022\/12\/small-sweet-maize-planter.webp\" alt=\"plantador de milho doce pequeno\" class=\"wp-image-233\" title=\"\" srcset=\"https:\/\/maizemachine.com\/wp-content\/uploads\/2022\/12\/small-sweet-maize-planter.webp 720w, https:\/\/maizemachine.com\/wp-content\/uploads\/2022\/12\/small-sweet-maize-planter-300x225.webp 300w\" sizes=\"auto, (max-width: 720px) 100vw, 720px\" \/><figcaption class=\"wp-element-caption\">plantador de milho doce pequeno<\/figcaption><\/figure> <\/div>   <h2 class=\"wp-block-heading\">Quais s\u00e3o as vantagens da m\u00e1quina?<\/h2>    <ol class=\"wp-block-list\"> <li>O dispositivo de semeadura possui alta precis\u00e3o de semeadura. A taxa de qualifica\u00e7\u00e3o de semeadura \u00e9 superior a 85%.<\/li>    <li>Alta velocidade de trabalho. Quando a dist\u00e2ncia da planta n\u00e3o \u00e9 inferior a 20cm, a velocidade de trabalho da semeadora de milho pode chegar a 8km\/h.<\/li>    <li>Espa\u00e7amento preciso entre furos e divis\u00e3o uniforme de mudas. A semeadora de milho doce pode semear os gr\u00e3os de milho uniformemente. Isso pode fazer com que cada planta de milho cres\u00e7a adequadamente<\/li>    <li>Excelente material das pe\u00e7as principais. Todas as engrenagens da caixa de c\u00e2mbio s\u00e3o feitas de a\u00e7o de alta qualidade e carburadas. As pe\u00e7as da transmiss\u00e3o s\u00e3o feitas de rolamentos de alta qualidade.<\/li>    <li>F\u00e1cil de operar. O plantador de milho doce \u00e9 f\u00e1cil de come\u00e7ar e simples de operar. A alavanca de opera\u00e7\u00e3o da caixa de c\u00e2mbio pode controlar o p\u00eandulo radial e o movimento axial do volante ao mesmo tempo.<\/li> <\/ol>    <h2 class=\"wp-block-heading\">Par\u00e2metros t\u00e9cnicos da plantadeira de milho doce de 2 fileiras<\/h2>    <figure class=\"wp-block-table\"><table><tbody><tr><td>Dimens\u00e3o geral<\/td><td>1570*1300*1200mm<\/td><\/tr><tr><td>Linhas<\/td><td>2 unidades<\/td><\/tr><tr><td>Espa\u00e7amento entre linhas<\/td><td>428-570mm<\/td><\/tr><tr><td>Espa\u00e7amento entre plantas<\/td><td>Ajust\u00e1vel, 140mm\/173mm\/226mm\/280mm<\/td><\/tr><tr><td>Profundidade de vala<\/td><td>60-80mm<\/td><\/tr><tr><td>Profundidade de fertiliza\u00e7\u00e3o<\/td><td>60-80mm<\/td><\/tr><tr><td>Profundidade de semeadura<\/td><td>30-50 mm<\/td><\/tr><tr><td>A capacidade do tanque de fertilizante<\/td><td>18,75L x2<\/td><\/tr><tr><td>A capacidade da caixa de sementes<\/td><td>8,5 x 2<\/td><\/tr><tr><td>Peso<\/td><td>150kg<\/td><\/tr><tr><td>Poder correspondente<\/td><td>12-18 cv<\/td><\/tr><tr><td>Liga\u00e7\u00e3o<\/td><td>3 pontas<\/td><\/tr><\/tbody><\/table><\/figure>    <p class=\"translation-block\">Estes s\u00e3o os par\u00e2metros da plantadora de milho doce de 2 linhas. O espa\u00e7amento entre linhas de semeadura \u00e9 de 428-570 mm. O espa\u00e7amento entre plantas pode ser ajustado em 140 mm\/173 mm\/226 mm\/280 mm. A profundidade de semeadura \u00e9 de 30-50mm. A pot\u00eancia de acoplamento <a href=\"https:\/\/en.wikipedia.org\/wiki\/Horsepower\" target=\"_blank\" rel=\"noopener\">cavalos<\/a> \u00e9 de 12-18hp.<\/p>    <h2 class=\"wp-block-heading\">Qual \u00e9 a melhor plantadeira de milho doce?<\/h2>    <p class=\"translation-block\">A Taizy Corn Machinery tem a melhor plantadora para milho doce. Temos semeadores de milho doce de 3 linhas\/4 linhas\/5 linhas e 6 linhas \u00e0 venda. Quer voc\u00ea esteja usando para uso dom\u00e9stico ou comercial, pode escolher a m\u00e1quina certa. Como fabricante especializado em m\u00e1quinas de milho, podemos fornecer aos nossos clientes n\u00e3o apenas semeadores de milho, mas tamb\u00e9m <a href=\"https:\/\/maizemachine.com\/pt\/product\/2-row-corn-picker\/\">colhedora de milho de 2 linhas<\/a> e <a href=\"https:\/\/maizemachine.com\/pt\/product\/sweet-corn-sheller\/\">descascadora de milho doce<\/a>.<\/p>   <div class=\"wp-block-image\"> <figure class=\"aligncenter size-full\"><img loading=\"lazy\" decoding=\"async\" width=\"720\" height=\"540\" src=\"http:\/\/maizemachine.com\/wp-content\/uploads\/2022\/08\/maize-planting-machine.webp\" alt=\"m\u00e1quina de plantar milho\" class=\"wp-image-80\" title=\"\" srcset=\"https:\/\/maizemachine.com\/wp-content\/uploads\/2022\/08\/maize-planting-machine.webp 720w, https:\/\/maizemachine.com\/wp-content\/uploads\/2022\/08\/maize-planting-machine-300x225.webp 300w\" sizes=\"auto, (max-width: 720px) 100vw, 720px\" \/><figcaption class=\"wp-element-caption\">m\u00e1quina de plantar milho<\/figcaption><\/figure> <\/div>   <h2 class=\"wp-block-heading\">Notas sobre o funcionamento da plantadeira de milho doce<\/h2>    <ol class=\"wp-block-list\"> <li>A plantadeira de milho doce s\u00f3 pode ser usada depois que a pessoa relevante tiver passado no treinamento relevante. O operador pode garantir a qualidade de opera\u00e7\u00e3o da plantadeira e evitar a ocorr\u00eancia de falhas mec\u00e2nicas somente ap\u00f3s conhecer o princ\u00edpio, estrutura e m\u00e9todo de opera\u00e7\u00e3o da m\u00e1quina.<\/li>    <li>Antes da opera\u00e7\u00e3o, o motorista deve verificar cuidadosamente a semeadora para garantir que a m\u00e1quina esteja normal e que as pe\u00e7as principais estejam bem lubrificadas e conectadas.<\/li>    <li>Caso seja constatada alguma anormalidade durante o processo de semeadura, a m\u00e1quina dever\u00e1 ser parada imediatamente para inspe\u00e7\u00e3o, e a opera\u00e7\u00e3o de semeadura poder\u00e1 ser continuada somente ap\u00f3s a elimina\u00e7\u00e3o da falha.<\/li>    <li>Ao semear, o operador deve completar o fluxo de trabalho de abertura de valas, dosagem de sementes, descarga de fertilizantes e cobertura do solo de acordo com o espa\u00e7amento entre linhas e velocidade de opera\u00e7\u00e3o especificados.<\/li>    <li>Al\u00e9m da opera\u00e7\u00e3o padronizada de acordo com os requisitos do fabricante, o operador tamb\u00e9m deve prestar aten\u00e7\u00e3o \u00e0 manuten\u00e7\u00e3o di\u00e1ria da plantadora de milho doce. Isso pode garantir que a semeadora esteja sempre em boas condi\u00e7\u00f5es de funcionamento para assegurar uma boa qualidade de semeadura e efici\u00eancia na semeadura.<\/li> <\/ol>   <div class=\"wp-block-image\"> <figure class=\"aligncenter size-full\"><img loading=\"lazy\" decoding=\"async\" width=\"720\" height=\"540\" src=\"http:\/\/maizemachine.com\/wp-content\/uploads\/2022\/08\/the-working-picture-of-corn-planting-equipment.webp\" alt=\"imagem de trabalho do equipamento de plantio de milho\" class=\"wp-image-82\" title=\"\" srcset=\"https:\/\/maizemachine.com\/wp-content\/uploads\/2022\/08\/the-working-picture-of-corn-planting-equipment.webp 720w, https:\/\/maizemachine.com\/wp-content\/uploads\/2022\/08\/the-working-picture-of-corn-planting-equipment-300x225.webp 300w\" sizes=\"auto, (max-width: 720px) 100vw, 720px\" \/><figcaption class=\"wp-element-caption\">imagem de trabalho do equipamento de plantio de milho<\/figcaption><\/figure> <\/div>   <h2 class=\"wp-block-heading\">Em que m\u00eas deve ser plantado milho doce?<\/h2>    <p>A semeadura do milho doce pode ser feita na primavera, de mar\u00e7o a maio, e a \u00e9poca de plantio em cada regi\u00e3o varia de acordo com o clima. \u00c9 importante evitar per\u00edodos de calor no plantio, pois esse clima pode dificultar o crescimento das sementes. E mesmo que as mudas cres\u00e7am, elas podem ser muito finas e pequenas. Essas mudas ter\u00e3o um rendimento muito baixo quando atingirem a maturidade. O solo deve ter boa fertilidade na hora da semeadura. As sementes de milho doce tamb\u00e9m devem ser cuidadosamente selecionadas. Caso contr\u00e1rio, isso afetar\u00e1 diretamente o rendimento do milho doce.<\/p>","protected":false},"excerpt":{"rendered":"<p>Sweet corn planter is a machine that can sow seeds on sweet corn. Sweet corn seeder is the hot selling machine of Taizy Corn Machinery. Our corn planter can do all the processes of loosening, fertilizing, digging trenches, sowing, and covering soil at the same time. Therefore, compared with other corn planter manufacturers, our machine [&hellip;]<\/p>\n","protected":false},"author":1,"featured_media":231,"parent":0,"template":"","tags":[13],"product-type":[7],"class_list":["post-230","product","type-product","status-publish","has-post-thumbnail","hentry","tag-corn-planter","product-type-corn-planter"],"_links":{"self":[{"href":"https:\/\/maizemachine.com\/pt\/wp-json\/wp\/v2\/product\/230","targetHints":{"allow":["GET"]}}],"collection":[{"href":"https:\/\/maizemachine.com\/pt\/wp-json\/wp\/v2\/product"}],"about":[{"href":"https:\/\/maizemachine.com\/pt\/wp-json\/wp\/v2\/types\/product"}],"author":[{"embeddable":true,"href":"https:\/\/maizemachine.com\/pt\/wp-json\/wp\/v2\/users\/1"}],"wp:featuredmedia":[{"embeddable":true,"href":"https:\/\/maizemachine.com\/pt\/wp-json\/wp\/v2\/media\/231"}],"wp:attachment":[{"href":"https:\/\/maizemachine.com\/pt\/wp-json\/wp\/v2\/media?parent=230"}],"wp:term":[{"taxonomy":"post_tag","embeddable":true,"href":"https:\/\/maizemachine.com\/pt\/wp-json\/wp\/v2\/tags?post=230"},{"taxonomy":"product-type","embeddable":true,"href":"https:\/\/maizemachine.com\/pt\/wp-json\/wp\/v2\/product-type?post=230"}],"curies":[{"name":"wp","href":"https:\/\/api.w.org\/{rel}","templated":true}]}}