{"id":223,"date":"2022-11-30T15:23:19","date_gmt":"2022-11-30T07:23:19","guid":{"rendered":"https:\/\/maizemachine.com\/?post_type=product&#038;p=223"},"modified":"2025-12-30T17:40:02","modified_gmt":"2025-12-30T09:40:02","slug":"small-maize-sheller-machine","status":"publish","type":"product","link":"https:\/\/maizemachine.com\/pt\/product\/small-maize-sheller-machine\/","title":{"rendered":"Maquina de Casca de Milho Pequena de 1,5 Ton\/h | Casca de Milho Pequena"},"content":{"rendered":"<p class=\"translation-block\">A pequena m\u00e1quina de debulhar milho \u00e9 uma m\u00e1quina comum em<a href=\"https:\/\/maizemachine.com\/pt\/\">m\u00e1quinas de milho<\/a>. A produ\u00e7\u00e3o da m\u00e1quina \u00e9<strong><mark class=\"has-inline-color has-luminous-vivid-amber-color\">1500kg\/h-2000kg\/h<\/mark><\/strong>, sendo especialmente adequada para pequenas fazendas e fam\u00edlias. <\/p>    <p class=\"translation-block\">Embora a m\u00e1quina seja pequena, ela \u00e9 potente. Pode escarificar e descascar milho. Muitos revendedores em outros pa\u00edses optam por comprar este pequeno escarificador de milho. Porque esta m\u00e1quina \u00e9 muito popular durante a temporada de colheita de milho. Al\u00e9m de escarificadores de milho pequenos, a F\u00e1brica de M\u00e1quinas de Milho Taizy tamb\u00e9m possui escarificadores de milho m\u00e9dios e <a href=\"http:\/\/commercial corn sheller\">escardor de milho comercial<\/a> \u00e0 venda.<\/p>    <p class=\"translation-block\">Este debulhador de milho pode ser equipado com um<strong><mark class=\"has-inline-color has-luminous-vivid-amber-color\">motor a gasolina<\/mark><\/strong>ou um<strong><mark class=\"has-inline-color has-luminous-vivid-amber-color\">motor el\u00e9trico<\/mark><\/strong>, adequado para v\u00e1rias aplica\u00e7\u00f5es.<\/p>   <div class=\"wp-block-image\"> <figure class=\"aligncenter size-full\"><img loading=\"lazy\" decoding=\"async\" width=\"720\" height=\"540\" src=\"http:\/\/maizemachine.com\/wp-content\/uploads\/2022\/11\/small-maize-sheller-machine.webp\" alt=\"pequena m\u00e1quina descascadora de milho\" class=\"wp-image-228\" title=\"\" srcset=\"https:\/\/maizemachine.com\/wp-content\/uploads\/2022\/11\/small-maize-sheller-machine.webp 720w, https:\/\/maizemachine.com\/wp-content\/uploads\/2022\/11\/small-maize-sheller-machine-300x225.webp 300w\" sizes=\"auto, (max-width: 720px) 100vw, 720px\" \/><figcaption class=\"wp-element-caption\">pequena m\u00e1quina descascadora de milho<\/figcaption><\/figure> <\/div>   <h2 class=\"wp-block-heading\">Vantagens do descascador de milho pequeno<\/h2>    <div class=\"wp-block-columns is-layout-flex wp-container-core-columns-is-layout-9d6595d7 wp-block-columns-is-layout-flex\"> <div class=\"wp-block-column is-layout-flow wp-block-column-is-layout-flow\"> <p class=\"has-text-align-center translation-block\"><strong>Alta efici\u00eancia<\/strong><\/p>    <p class=\"translation-block\">Processos<strong><mark class=\"has-inline-color has-luminous-vivid-amber-color\">1500\u20132000 kg<\/mark><\/strong>de milho por hora, garantindo alta velocidade de debulha e opera\u00e7\u00e3o cont\u00ednua. Ideal para processamento de milho de pequeno a m\u00e9dio porte.<\/p> <\/div>    <div class=\"wp-block-column is-layout-flow wp-block-column-is-layout-flow\"> <p class=\"has-text-align-center translation-block\"><strong>Op\u00e7\u00f5es de energia flex\u00edveis<\/strong><\/p>    <p class=\"translation-block\">Pode ser equipado com um<strong><mark class=\"has-inline-color has-luminous-vivid-amber-color\">motor a gasolina<\/mark><\/strong>ou um<strong><mark class=\"has-inline-color has-luminous-vivid-amber-color\">motor el\u00e9trico de 2,2 kW<\/mark><\/strong>, permitindo que os usu\u00e1rios escolham com base na disponibilidade de energia local ou combust\u00edvel\u2014perfeito para \u00e1reas rurais ou fora da rede el\u00e9trica.<\/p> <\/div> <\/div>    <div class=\"wp-block-columns is-layout-flex wp-container-core-columns-is-layout-9d6595d7 wp-block-columns-is-layout-flex\"> <div class=\"wp-block-column is-layout-flow wp-block-column-is-layout-flow\"> <p class=\"has-text-align-center translation-block\"><strong>Estrutura compacta e f\u00e1cil mobilidade<\/strong><\/p>    <p class=\"translation-block\">Pesando apenas<strong><mark class=\"has-inline-color has-luminous-vivid-amber-color\">65 kg<\/mark><\/strong>e com dimens\u00f5es de<strong> <mark class=\"has-inline-color has-luminous-vivid-amber-color\">440\u00d7400\u00d7800<\/mark><\/strong>mm, a m\u00e1quina \u00e9 leve, economiza espa\u00e7o e \u00e9 f\u00e1cil de mover, instalar e armazenar.<\/p> <\/div>    <div class=\"wp-block-column is-layout-flow wp-block-column-is-layout-flow\"> <p class=\"has-text-align-center translation-block\"><strong>Desempenho dur\u00e1vel e est\u00e1vel<\/strong><\/p>    <p>Constru\u00eddo com a\u00e7o de alta qualidade, com rotor refor\u00e7ado e estrutura robusta. A m\u00e1quina funciona suavemente com baixa vibra\u00e7\u00e3o, oferecendo longa vida \u00fatil e opera\u00e7\u00e3o confi\u00e1vel.<\/p> <\/div> <\/div>   <div class=\"wp-block-image\"> <figure class=\"aligncenter size-full\"><img loading=\"lazy\" decoding=\"async\" width=\"720\" height=\"540\" src=\"http:\/\/maizemachine.com\/wp-content\/uploads\/2022\/11\/small-corn-sheller-for-sale.jpg\" alt=\"Vendo descascador de milho pequeno\" class=\"wp-image-226\" title=\"\" srcset=\"https:\/\/maizemachine.com\/wp-content\/uploads\/2022\/11\/small-corn-sheller-for-sale.jpg 720w, https:\/\/maizemachine.com\/wp-content\/uploads\/2022\/11\/small-corn-sheller-for-sale-300x225.jpg 300w\" sizes=\"auto, (max-width: 720px) 100vw, 720px\" \/><figcaption class=\"wp-element-caption\">Vendo descascador de milho pequeno<\/figcaption><\/figure> <\/div>   <div class=\"wp-block-columns is-layout-flex wp-container-core-columns-is-layout-9d6595d7 wp-block-columns-is-layout-flex\"> <div class=\"wp-block-column is-layout-flow wp-block-column-is-layout-flow\"> <p class=\"has-text-align-center translation-block\"><strong>Separa\u00e7\u00e3o limpa, baixa quebra<\/strong><\/p>    <p class=\"translation-block\">O design otimizado do tambor alcan\u00e7a uma taxa de limpeza superior a<strong><mark class=\"has-inline-color has-luminous-vivid-amber-color\">98%<\/mark><\/strong>e baixa quebra de gr\u00e3os, reduzindo perdas e melhorando o rendimento.<\/p> <\/div>    <div class=\"wp-block-column is-layout-flow wp-block-column-is-layout-flow\"> <p class=\"has-text-align-center translation-block\"><strong>Sa\u00edda limpa e manuten\u00e7\u00e3o f\u00e1cil<\/strong><\/p>    <p>O ventilador embutido remove automaticamente poeira e impurezas durante a opera\u00e7\u00e3o, garantindo uma sa\u00edda de milho mais limpa. A estrutura simples permite manuten\u00e7\u00e3o r\u00e1pida e troca f\u00e1cil de pe\u00e7as, minimizando o tempo de inatividade.<\/p> <\/div> <\/div>    <h2 class=\"wp-block-heading\">Estrutura da pequena m\u00e1quina descascadora de milho<\/h2>    <p>A debulhadora de milho dom\u00e9stica \u00e9 composta por entrada de ra\u00e7\u00e3o, sala de debulha e descascamento, motor ou motor a gasolina, sa\u00edda de gr\u00e3os de milho e sa\u00edda de palitos de milho, ventilador e moldura. O tamanho da entrada de alimenta\u00e7\u00e3o \u00e9 330 mm de largura e 360 \u200b\u200bmm de comprimento. A abertura de alimenta\u00e7\u00e3o \u00e9 dimensionada para facilitar a coloca\u00e7\u00e3o do milho.<\/p>   <div class=\"wp-block-image\"> <figure class=\"aligncenter size-full\"><img loading=\"lazy\" decoding=\"async\" width=\"720\" height=\"540\" src=\"http:\/\/maizemachine.com\/wp-content\/uploads\/2022\/11\/structure-of-small-maize-sheller.webp\" alt=\"estrutura do pequeno descascador de milho\" class=\"wp-image-229\" title=\"\" srcset=\"https:\/\/maizemachine.com\/wp-content\/uploads\/2022\/11\/structure-of-small-maize-sheller.webp 720w, https:\/\/maizemachine.com\/wp-content\/uploads\/2022\/11\/structure-of-small-maize-sheller-300x225.webp 300w\" sizes=\"auto, (max-width: 720px) 100vw, 720px\" \/><figcaption class=\"wp-element-caption\">estrutura do pequeno descascador de milho<\/figcaption><\/figure> <\/div>   <h2 class=\"wp-block-heading\">Par\u00e2metros da m\u00e1quina<\/h2>    <figure class=\"wp-block-table\"><table><tbody><tr><td>Modelo<\/td><td>TZ-1500<\/td><\/tr><tr><td>Poder<\/td><td>Motor a gasolina ou motor el\u00e9trico de 2,2 kW<\/td><\/tr><tr><td>Capacidade<\/td><td>1500-2000 kg\/h<\/td><\/tr><tr><td>Peso da m\u00e1quina<\/td><td>65kg<\/td><\/tr><tr><td>Tamanho da m\u00e1quina<\/td><td>440*400*800mm<\/td><\/tr><\/tbody><\/table><\/figure>    <h2 class=\"wp-block-heading\">Como funciona uma pequena m\u00e1quina descascadora de milho?<\/h2>    <p>O princ\u00edpio de funcionamento da descascadora de milho \u00e9 debulhar o milho pela fric\u00e7\u00e3o do tambor dentro da m\u00e1quina. A lacuna entre os rolos n\u00e3o esmagar\u00e1 a espiga de milho. A\u00ed o gr\u00e3o de milho sair\u00e1 pela sa\u00edda do gr\u00e3o de milho e a espiga de milho sair\u00e1 por outra sa\u00edda. Este \u00e9 o processo de trabalho de uma mini debulhadora de milho.<\/p>    <h2 class=\"wp-block-heading\">Pre\u00e7o da mini debulhadora de milho<\/h2>    <p>O pre\u00e7o de uma pequena m\u00e1quina de debulhar milho \u00e9 relativamente barato porque sua estrutura \u00e9 simples e sua produ\u00e7\u00e3o n\u00e3o \u00e9 t\u00e3o grande quanto a de debulhadores comerciais de milho. Portanto, revendedores em muitos pa\u00edses compram este pequeno debulhador de milho e o vendem aos agricultores. Devido \u00e0 influ\u00eancia da dist\u00e2ncia e das taxas de c\u00e2mbio, n\u00e3o podemos fornecer uma cota\u00e7\u00e3o espec\u00edfica aqui. Se desejar saber o pre\u00e7o da m\u00e1quina, sinta-se \u00e0 vontade para entrar em contato conosco. Nossa equipe de vendas responder\u00e1 a voc\u00ea em tempo h\u00e1bil.<\/p>   <div class=\"wp-block-image\"> <figure class=\"aligncenter size-full\"><img loading=\"lazy\" decoding=\"async\" width=\"720\" height=\"540\" src=\"http:\/\/maizemachine.com\/wp-content\/uploads\/2022\/11\/shipment-picture.webp\" alt=\"imagem da remessa\" class=\"wp-image-225\" title=\"\" srcset=\"https:\/\/maizemachine.com\/wp-content\/uploads\/2022\/11\/shipment-picture.webp 720w, https:\/\/maizemachine.com\/wp-content\/uploads\/2022\/11\/shipment-picture-300x225.webp 300w\" sizes=\"auto, (max-width: 720px) 100vw, 720px\" \/><figcaption class=\"wp-element-caption\">imagem da remessa<\/figcaption><\/figure> <\/div>   <h2 class=\"wp-block-heading\">Por que os clientes escolhem nossa mini debulhadora de milho?<\/h2>    <p class=\"translation-block\">Antes de tudo, esta pequena m\u00e1quina de debulhar milho n\u00e3o s\u00f3 debulha, mas tamb\u00e9m descasca. \u00c9 uma m\u00e1quina de uso dual. Al\u00e9m disso, o efeito de debulha da m\u00e1quina \u00e9 bom, e a taxa de remo\u00e7\u00e3o de gr\u00e3os de milho chega a 99%. Em segundo lugar, a efici\u00eancia de produ\u00e7\u00e3o de<strong>1500-2000 kg<\/strong>por hora pode atender \u00e0s necessidades de debulha de fam\u00edlias e pequenas fazendas. Por fim, o sabugo e o milho sair\u00e3o pelas duas bocas respectivamente. Os usu\u00e1rios n\u00e3o perdem tempo e energia na triagem.<\/p>   <div class=\"wp-block-image\"> <figure class=\"aligncenter size-full\"><img loading=\"lazy\" decoding=\"async\" width=\"720\" height=\"540\" src=\"https:\/\/maizemachine.com\/wp-content\/uploads\/2023\/07\/Certificates.webp\" alt=\"Certificados\" class=\"wp-image-683\" title=\"\" srcset=\"https:\/\/maizemachine.com\/wp-content\/uploads\/2023\/07\/Certificates.webp 720w, https:\/\/maizemachine.com\/wp-content\/uploads\/2023\/07\/Certificates-300x225.webp 300w, https:\/\/maizemachine.com\/wp-content\/uploads\/2023\/07\/Certificates-16x12.webp 16w\" sizes=\"auto, (max-width: 720px) 100vw, 720px\" \/><figcaption class=\"wp-element-caption\">Certificados<\/figcaption><\/figure> <\/div>   <p><\/p>","protected":false},"excerpt":{"rendered":"<p>Small maize sheller machine is a common machine in corn machinery. The output of the machine is 1500kg\/h-2000kg\/h, so it is especially suitable for small farms and families. Although the machine is small, it is powerful. It can thresh and peel corn. Many dealers in other countries choose to buy this small maize thresher. Because [&hellip;]<\/p>\n","protected":false},"author":1,"featured_media":227,"parent":0,"template":"","tags":[14,15,16],"product-type":[9],"class_list":["post-223","product","type-product","status-publish","has-post-thumbnail","hentry","tag-corn-sheller","tag-maize-sheller","tag-small-maize-sheller-machine","product-type-corn-sheller-machine"],"_links":{"self":[{"href":"https:\/\/maizemachine.com\/pt\/wp-json\/wp\/v2\/product\/223","targetHints":{"allow":["GET"]}}],"collection":[{"href":"https:\/\/maizemachine.com\/pt\/wp-json\/wp\/v2\/product"}],"about":[{"href":"https:\/\/maizemachine.com\/pt\/wp-json\/wp\/v2\/types\/product"}],"author":[{"embeddable":true,"href":"https:\/\/maizemachine.com\/pt\/wp-json\/wp\/v2\/users\/1"}],"wp:featuredmedia":[{"embeddable":true,"href":"https:\/\/maizemachine.com\/pt\/wp-json\/wp\/v2\/media\/227"}],"wp:attachment":[{"href":"https:\/\/maizemachine.com\/pt\/wp-json\/wp\/v2\/media?parent=223"}],"wp:term":[{"taxonomy":"post_tag","embeddable":true,"href":"https:\/\/maizemachine.com\/pt\/wp-json\/wp\/v2\/tags?post=223"},{"taxonomy":"product-type","embeddable":true,"href":"https:\/\/maizemachine.com\/pt\/wp-json\/wp\/v2\/product-type?post=223"}],"curies":[{"name":"wp","href":"https:\/\/api.w.org\/{rel}","templated":true}]}}