{"id":120,"date":"2022-08-24T07:14:33","date_gmt":"2022-08-24T07:14:33","guid":{"rendered":"https:\/\/maizemachine.com\/?post_type=product&#038;p=120"},"modified":"2025-10-28T16:13:14","modified_gmt":"2025-10-28T08:13:14","slug":"sweet-corn-sheller","status":"publish","type":"product","link":"https:\/\/maizemachine.com\/pt\/product\/sweet-corn-sheller\/","title":{"rendered":"Descascador de Milho Doce | M\u00e1quina descascadora de milho fresco"},"content":{"rendered":"<p class=\"translation-block\">A m\u00e1quina de descascador de milho doce \u00e9 um equipamento que obt\u00e9m os gr\u00e3os de milho das espigas de milho frescas. Pode remover completamente os gr\u00e3os de milho da espiga. Na maquinaria de processamento de milho Taizy, temos n\u00e3o apenas debulhadoras de milho fresco, mas tamb\u00e9m<a href=\"https:\/\/maizemachine.com\/pt\/product\/maize-sheller\/\">debulhadoras de milho secas<\/a>. Acredita-se que esses dois equipamentos de separa\u00e7\u00e3o possam atender \u00e0s necessidades de debulhamento dos clientes. <\/p>    <p class=\"translation-block\">Esta pequena m\u00e1quina de debulhar milho doce \u00e9 especialmente projetada para milho fresco, milho doce e milho waxy. Pode processar<strong><mark class=\"has-inline-color has-luminous-vivid-amber-color\">400\u2013500 kg por hora<\/mark><\/strong>com desempenho est\u00e1vel e eficiente. Os gr\u00e3os permanecem intactos, e a taxa de debulha atinge at\u00e9<mark class=\"has-inline-color has-luminous-vivid-amber-color\"> <strong>98%<\/strong>.<\/mark>\u00c9 amplamente utilizada no processamento de milho congelado, milho enlatado e gr\u00e3os de milho embalados, tornando-se uma m\u00e1quina ideal para f\u00e1bricas modernas de processamento de milho, ind\u00fastrias aliment\u00edcias e processadores de produtos agr\u00edcolas.<\/p>   <div class=\"wp-block-image\"> <figure class=\"aligncenter size-full\"><img loading=\"lazy\" decoding=\"async\" width=\"720\" height=\"534\" src=\"http:\/\/maizemachine.com\/wp-content\/uploads\/2022\/08\/fresh-corn-sheller-machine.webp\" alt=\"m\u00e1quina descascadora de milho fresco\" class=\"wp-image-126\" title=\"\" srcset=\"https:\/\/maizemachine.com\/wp-content\/uploads\/2022\/08\/fresh-corn-sheller-machine.webp 720w, https:\/\/maizemachine.com\/wp-content\/uploads\/2022\/08\/fresh-corn-sheller-machine-300x223.webp 300w\" sizes=\"auto, (max-width: 720px) 100vw, 720px\" \/><figcaption class=\"wp-element-caption\">m\u00e1quina descascadora de milho fresco<\/figcaption><\/figure> <\/div>   <p class=\"translation-block\">Devido \u00e0s vantagens das debulhadoras de milho fresco, nossas m\u00e1quinas t\u00eam sido exportadas para Singapura, R\u00fassia, M\u00e9xico, Indon\u00e9sia, Estados Unidos,<a href=\"https:\/\/en.wikipedia.org\/wiki\/Ghana\" target=\"_blank\" rel=\"noopener\">Gana<\/a>, Nig\u00e9ria e outros pa\u00edses.<\/p>    <figure class=\"wp-block-embed is-type-video is-provider-youtube wp-block-embed-youtube wp-embed-aspect-16-9 wp-has-aspect-ratio\"><div class=\"wp-block-embed__wrapper\"> <iframe loading=\"lazy\" title=\"M\u00e1quina de descascador de milho doce \u2014 Remova os gr\u00e3os em segundos!#milhodoce #debulhadordemilho #processamentodemilho\" width=\"500\" height=\"281\" src=\"https:\/\/www.youtube.com\/embed\/iA9_fqDLDgo?feature=oembed\" frameborder=\"0\" allow=\"accelerometer; autoplay; clipboard-write; encrypted-media; gyroscope; picture-in-picture; web-share\" referrerpolicy=\"strict-origin-when-cross-origin\" allowfullscreen><\/iframe> <\/div><\/figure>    <h2 class=\"wp-block-heading\" id=\"h-structure-of-sweet-corn-sheller\">Estrutura do descascador de milho doce<\/h2>    <p>A estrutura da m\u00e1quina descascadora de milho fresco inclui uma caixa de controle el\u00e9trico, entrada de milho, sa\u00edda de gr\u00e3o de milho, rolo de borracha, roda de descarga m\u00f3vel, soprador, correia transportadora externa m\u00f3vel, etc. O descascador de milho doce desta m\u00e1quina \u00e9 feito de a\u00e7o inoxid\u00e1vel 304. Portanto, possui caracter\u00edsticas de alta efici\u00eancia de trabalho e durabilidade. Al\u00e9m disso, o material da m\u00e1quina de alimentos tamb\u00e9m pode nos deixar com mais vontade de comer.<\/p>   <div class=\"wp-block-image\"> <figure class=\"aligncenter size-full\"><img loading=\"lazy\" decoding=\"async\" width=\"720\" height=\"540\" src=\"https:\/\/maizemachine.com\/wp-content\/uploads\/2023\/07\/The-Structure-of-Sweet-Corn-Thresher.webp\" alt=\"A Estrutura da Debulhadora de Milho Doce\" class=\"wp-image-687\" title=\"\" srcset=\"https:\/\/maizemachine.com\/wp-content\/uploads\/2023\/07\/The-Structure-of-Sweet-Corn-Thresher.webp 720w, https:\/\/maizemachine.com\/wp-content\/uploads\/2023\/07\/The-Structure-of-Sweet-Corn-Thresher-300x225.webp 300w, https:\/\/maizemachine.com\/wp-content\/uploads\/2023\/07\/The-Structure-of-Sweet-Corn-Thresher-16x12.webp 16w\" sizes=\"auto, (max-width: 720px) 100vw, 720px\" \/><figcaption class=\"wp-element-caption\">A Estrutura da Debulhadora de Milho Doce<\/figcaption><\/figure> <\/div>   <h2 class=\"wp-block-heading\" id=\"h-how-does-the-sweet-corn-thresher-work\">Como funciona a debulhadora de milho doce?<\/h2>    <p>Depois de colocarmos o sabugo na esteira transportadora, a corrente do transportador far\u00e1 a esteira se mover para frente e envi\u00e1-la ao dispositivo de debulha. Ent\u00e3o, o rolo de borracha prender\u00e1 o sabugo na serra. O rolo de borracha \u00e9 usado para fixar o sabugo e evitar que ele se mova. <\/p>    <p>A l\u00e2mina passa pelo sabugo e remove o milho do sabugo. Por fim, os gr\u00e3os de milho ser\u00e3o descarregados na sa\u00edda de gr\u00e3os. O sabugo ser\u00e1 descarregado na outra porta.<\/p>    <figure class=\"wp-block-gallery has-nested-images columns-default is-cropped wp-block-gallery-2 is-layout-flex wp-block-gallery-is-layout-flex\"> <figure class=\"wp-block-image size-large\"><img loading=\"lazy\" decoding=\"async\" width=\"720\" height=\"540\" data-id=\"685\" src=\"https:\/\/maizemachine.com\/wp-content\/uploads\/2023\/07\/roller.webp\" alt=\"rolo\" class=\"wp-image-685\" title=\"\" srcset=\"https:\/\/maizemachine.com\/wp-content\/uploads\/2023\/07\/roller.webp 720w, https:\/\/maizemachine.com\/wp-content\/uploads\/2023\/07\/roller-300x225.webp 300w, https:\/\/maizemachine.com\/wp-content\/uploads\/2023\/07\/roller-16x12.webp 16w\" sizes=\"auto, (max-width: 720px) 100vw, 720px\" \/><figcaption class=\"wp-element-caption\">Rolo<\/figcaption><\/figure>    <figure class=\"wp-block-image size-large\"><img loading=\"lazy\" decoding=\"async\" width=\"720\" height=\"540\" data-id=\"689\" src=\"https:\/\/maizemachine.com\/wp-content\/uploads\/2023\/07\/knife-group.webp\" alt=\"grupo de facas\" class=\"wp-image-689\" title=\"\" srcset=\"https:\/\/maizemachine.com\/wp-content\/uploads\/2023\/07\/knife-group.webp 720w, https:\/\/maizemachine.com\/wp-content\/uploads\/2023\/07\/knife-group-300x225.webp 300w, https:\/\/maizemachine.com\/wp-content\/uploads\/2023\/07\/knife-group-16x12.webp 16w\" sizes=\"auto, (max-width: 720px) 100vw, 720px\" \/><figcaption class=\"wp-element-caption\">Grupo de Faca<\/figcaption><\/figure> <\/figure>    <h3 class=\"wp-block-heading\">V\u00eddeo de funcionamento da m\u00e1quina<\/h3>    <figure class=\"wp-block-embed is-type-video is-provider-youtube wp-block-embed-youtube wp-embed-aspect-16-9 wp-has-aspect-ratio\"><div class=\"wp-block-embed__wrapper\"> <iframe loading=\"lazy\" title=\"Descascador de Milho Doce | V\u00eddeo de funcionamento da m\u00e1quina debulhadora de milho fresco\" width=\"500\" height=\"281\" src=\"https:\/\/www.youtube.com\/embed\/1D8OouKrvSA?feature=oembed\" frameborder=\"0\" allow=\"accelerometer; autoplay; clipboard-write; encrypted-media; gyroscope; picture-in-picture; web-share\" referrerpolicy=\"strict-origin-when-cross-origin\" allowfullscreen><\/iframe> <\/div><\/figure>    <h2 class=\"wp-block-heading\" id=\"h-machine-specifications\">Especifica\u00e7\u00f5es da m\u00e1quina<\/h2>    <figure class=\"wp-block-table\"><table><tbody><tr><td>Modelo<\/td><td>SL-268<\/td><td>SL-368<\/td><\/tr><tr><td>Capacidade<\/td><td>400-500 kg\/hora<\/td><td>400-500 kg\/hora<\/td><\/tr><tr><td>Peso<\/td><td>100kg<\/td><td>110kg<\/td><\/tr><tr><td>Tamanho (mm)<\/td><td>700(L)*620(L)*1250(A)<\/td><td>1320(L)*620(L)*1250(A)<\/td><\/tr><tr><td>Tens\u00e3o<\/td><td>220V,1 fase<\/td><td>220V,1 fase<\/td><\/tr><tr><td>Poder<\/td><td>2,2 kW<\/td><td>2,2 kW<\/td><\/tr><\/tbody><\/table><\/figure>    <p class=\"translation-block\">Temos duas debulhadoras de milho doce \u00e0 venda. Uma sem correia transportadora e outra com correia transportadora. A produ\u00e7\u00e3o de ambas as m\u00e1quinas \u00e9 superior a<strong><mark class=\"has-inline-color has-luminous-vivid-amber-color\">400-500 kg\/h<\/mark><\/strong>. O peso da correia transportadora \u00e9 10 kg mais pesado que a sem correia. As dimens\u00f5es das m\u00e1quinas s\u00e3o<strong><mark class=\"has-inline-color has-luminous-vivid-amber-color\">720 * 620 * 1250<\/mark><\/strong>e<strong><mark class=\"has-inline-color has-luminous-vivid-amber-color\">1320 * 620 * 1250<\/mark><\/strong>, respectivamente. Voc\u00ea pode escolher sua debulhadora de milho fresco de acordo com suas necessidades.<\/p>    <figure class=\"wp-block-gallery has-nested-images columns-default is-cropped wp-block-gallery-3 is-layout-flex wp-block-gallery-is-layout-flex\"> <figure class=\"wp-block-image size-large\"><img loading=\"lazy\" decoding=\"async\" width=\"720\" height=\"540\" data-id=\"389\" src=\"https:\/\/maizemachine.com\/wp-content\/uploads\/2023\/07\/machine-without-conveyor-belt.webp\" alt=\"m\u00e1quina sem correia transportadora\" class=\"wp-image-389\" title=\"\" srcset=\"https:\/\/maizemachine.com\/wp-content\/uploads\/2023\/07\/machine-without-conveyor-belt.webp 720w, https:\/\/maizemachine.com\/wp-content\/uploads\/2023\/07\/machine-without-conveyor-belt-300x225.webp 300w, https:\/\/maizemachine.com\/wp-content\/uploads\/2023\/07\/machine-without-conveyor-belt-16x12.webp 16w\" sizes=\"auto, (max-width: 720px) 100vw, 720px\" \/><figcaption class=\"wp-element-caption\">M\u00e1quina sem correia transportadora<\/figcaption><\/figure>    <figure class=\"wp-block-image size-large\"><img loading=\"lazy\" decoding=\"async\" width=\"720\" height=\"540\" data-id=\"390\" src=\"https:\/\/maizemachine.com\/wp-content\/uploads\/2023\/07\/sweet-corn-sheller-with-conveyor-belt.webp\" alt=\"descascador de milho doce com correia transportadora\" class=\"wp-image-390\" title=\"\" srcset=\"https:\/\/maizemachine.com\/wp-content\/uploads\/2023\/07\/sweet-corn-sheller-with-conveyor-belt.webp 720w, https:\/\/maizemachine.com\/wp-content\/uploads\/2023\/07\/sweet-corn-sheller-with-conveyor-belt-300x225.webp 300w, https:\/\/maizemachine.com\/wp-content\/uploads\/2023\/07\/sweet-corn-sheller-with-conveyor-belt-16x12.webp 16w\" sizes=\"auto, (max-width: 720px) 100vw, 720px\" \/><figcaption class=\"wp-element-caption\">Descascador de milho doce com correia transportadora<\/figcaption><\/figure> <\/figure>    <h2 class=\"wp-block-heading\">Caracter\u00edsticas da m\u00e1quina de debulhar milho fresco<\/h2>    <div class=\"wp-block-columns is-layout-flex wp-container-core-columns-is-layout-9d6595d7 wp-block-columns-is-layout-flex\"> <div class=\"wp-block-column is-layout-flow wp-block-column-is-layout-flow\"> <p class=\"has-text-align-center translation-block\"><strong>Economize mais tempo<\/strong><\/p>    <p class=\"translation-block\">Com esta debulhadora de milho doce, voc\u00ea pode processar<strong><mark class=\"has-inline-color has-luminous-vivid-amber-color\">400\u2013500 kg<\/mark><\/strong>de milho por hora, permitindo lidar com grandes lotes de forma eficiente e atender \u00e0 demanda do mercado sem atrasos.<\/p> <\/div>    <div class=\"wp-block-column is-layout-flow wp-block-column-is-layout-flow\"> <p class=\"has-text-align-center translation-block\"><strong>Tambor de debulha de alto desempenho<\/strong><\/p>    <p class=\"translation-block\">Equipado com uma estrutura de l\u00e2mina espiral especial, o tambor funciona suavemente para alcan\u00e7ar uma taxa de debulha superior a 98%, mantendo a quebra de gr\u00e3os abaixo de<strong><mark class=\"has-inline-color has-luminous-vivid-amber-color\">1%<\/mark>.<\/strong><\/p> <\/div> <\/div>    <div class=\"wp-block-columns is-layout-flex wp-container-core-columns-is-layout-9d6595d7 wp-block-columns-is-layout-flex\"> <div class=\"wp-block-column is-layout-flow wp-block-column-is-layout-flow\"> <p class=\"has-text-align-center translation-block\"><strong>Corpo de a\u00e7o inoxid\u00e1vel dur\u00e1vel<\/strong><\/p>    <p class=\"translation-block\">Todas as pe\u00e7as em contato com o material s\u00e3o feitas de<strong><mark class=\"has-inline-color has-luminous-vivid-amber-color\">a\u00e7o inoxid\u00e1vel de grau aliment\u00edcio 304<\/mark><\/strong>, garantindo durabilidade, higiene e f\u00e1cil limpeza em conformidade com os padr\u00f5es de seguran\u00e7a alimentar.<\/p> <\/div>    <div class=\"wp-block-column is-layout-flow wp-block-column-is-layout-flow\"> <p class=\"has-text-align-center translation-block\"><strong>Folha ajust\u00e1vel de corte<\/strong><\/p>    <p>A folga entre as l\u00e2minas pode ser facilmente ajustada para se adequar a diferentes di\u00e2metros de espigas de milho, garantindo uma debulha completa para todas as variedades de milho doce.<\/p> <\/div> <\/div>    <div class=\"wp-block-columns is-layout-flex wp-container-core-columns-is-layout-9d6595d7 wp-block-columns-is-layout-flex\"> <div class=\"wp-block-column is-layout-flow wp-block-column-is-layout-flow\"> <p class=\"has-text-align-center translation-block\"><strong>Sistema de separa\u00e7\u00e3o autom\u00e1tica<\/strong><\/p>    <p>Ap\u00f3s a debulha, a m\u00e1quina separa automaticamente os gr\u00e3os de milho das espigas, eliminando a necessidade de classifica\u00e7\u00e3o manual ou peneiramento adicional.<\/p> <\/div>    <div class=\"wp-block-column is-layout-flow wp-block-column-is-layout-flow\"> <p class=\"has-text-align-center translation-block\"><strong>Desempenho confi\u00e1vel do motor<\/strong><\/p>    <p class=\"translation-block\">Movida por um<strong><mark class=\"has-inline-color has-luminous-vivid-amber-color\">motor de cobre de 2,2 kW<\/mark><\/strong>, que oferece torque forte com baixo ru\u00eddo e baixo consumo de energia \u2014 perfeito para opera\u00e7\u00e3o cont\u00ednua em ambientes de produ\u00e7\u00e3o.<\/p> <\/div> <\/div>   <div class=\"wp-block-image\"> <figure class=\"aligncenter size-full\"><img loading=\"lazy\" decoding=\"async\" width=\"720\" height=\"540\" src=\"https:\/\/maizemachine.com\/wp-content\/uploads\/2023\/07\/sweet-corn-Thresher-machine.webp\" alt=\"M\u00e1quina Debulhadora de Milho Doce\" class=\"wp-image-691\" title=\"\" srcset=\"https:\/\/maizemachine.com\/wp-content\/uploads\/2023\/07\/sweet-corn-Thresher-machine.webp 720w, https:\/\/maizemachine.com\/wp-content\/uploads\/2023\/07\/sweet-corn-Thresher-machine-300x225.webp 300w, https:\/\/maizemachine.com\/wp-content\/uploads\/2023\/07\/sweet-corn-Thresher-machine-16x12.webp 16w\" sizes=\"auto, (max-width: 720px) 100vw, 720px\" \/><figcaption class=\"wp-element-caption\">M\u00e1quina Debulhadora de Milho Doce<\/figcaption><\/figure> <\/div>   <h2 class=\"wp-block-heading\" id=\"h-application-of-fresh-corn-sheller\">Aplica\u00e7\u00e3o de descascador de milho fresco<\/h2>    <p>A debulhadora de milho doce pode debulhar todos os tipos de milho fresco, milho doce, milho cozido, milho ceroso e milho descongelado. Portanto, esta debulhadora pode ser usada nas principais f\u00e1bricas de alimentos, f\u00e1bricas de conservas de milho, f\u00e1bricas de bebidas de milho e f\u00e1bricas de xarope de milho.<\/p>   <div class=\"wp-block-image\"> <figure class=\"aligncenter size-full\"><img loading=\"lazy\" decoding=\"async\" width=\"720\" height=\"540\" src=\"http:\/\/maizemachine.com\/wp-content\/uploads\/2022\/08\/finished-product.webp\" alt=\"produto acabado\" class=\"wp-image-124\" title=\"\" srcset=\"https:\/\/maizemachine.com\/wp-content\/uploads\/2022\/08\/finished-product.webp 720w, https:\/\/maizemachine.com\/wp-content\/uploads\/2022\/08\/finished-product-300x225.webp 300w\" sizes=\"auto, (max-width: 720px) 100vw, 720px\" \/><figcaption class=\"wp-element-caption\">produto acabado<\/figcaption><\/figure> <\/div>   <h2 class=\"wp-block-heading\" id=\"h-advantages-of-sweet-corn-thresher\">Vantagens da debulhadora de milho doce<\/h2>    <ol class=\"wp-block-list\"> <li>Alta taxa de debulha. A taxa de debulha da nossa descascadora de milho fresco chega a 100%.<\/li>    <li>Ampla gama de aplica\u00e7\u00f5es. A m\u00e1quina pode processar milho doce, milho fresco e milho ceroso. Voc\u00ea pode us\u00e1-lo nas principais f\u00e1bricas de alimentos<\/li>    <li>F\u00e1cil de mover. Existem rodas na parte inferior da m\u00e1quina. Assim voc\u00ea pode mov\u00ea-lo facilmente.<\/li>    <li>Ferramentas dur\u00e1veis. O cortador da m\u00e1quina \u00e9 feito de a\u00e7o inoxid\u00e1vel especial. \u00c9 forte e dur\u00e1vel.<\/li>    <li>Tamanho pequeno, alta efici\u00eancia de trabalho.<\/li> <\/ol>   <div class=\"wp-block-image\"> <figure class=\"aligncenter size-full\"><img loading=\"lazy\" decoding=\"async\" width=\"720\" height=\"540\" src=\"https:\/\/maizemachine.com\/wp-content\/uploads\/2023\/07\/sweet-corn-shelling-machine.webp\" alt=\"Debulhadora de Milho Doce\" class=\"wp-image-690\" title=\"\" srcset=\"https:\/\/maizemachine.com\/wp-content\/uploads\/2023\/07\/sweet-corn-shelling-machine.webp 720w, https:\/\/maizemachine.com\/wp-content\/uploads\/2023\/07\/sweet-corn-shelling-machine-300x225.webp 300w, https:\/\/maizemachine.com\/wp-content\/uploads\/2023\/07\/sweet-corn-shelling-machine-16x12.webp 16w\" sizes=\"auto, (max-width: 720px) 100vw, 720px\" \/><figcaption class=\"wp-element-caption\">Debulhadora de Milho Doce<\/figcaption><\/figure> <\/div>   <h2 class=\"wp-block-heading\">Como limpar o descascador de milho doce?<\/h2>    <p>Passos para limpar o descascador de milho doce:<\/p>    <ol class=\"wp-block-list\"> <li><strong>Desligue a energia:<\/strong> Desconecte sempre a energia antes de limpar para garantir a seguran\u00e7a.<\/li>    <li><strong>Remova res\u00edduos:<\/strong> Abra a tampa e use uma escova ou pistola de ar para remover gr\u00e3os de milho e detritos do tambor de descascamento e da sa\u00edda.<\/li>    <li><strong>Enx\u00e1gue com \u00e1gua:<\/strong> Lave a c\u00e2mara de descascamento, entrada e sa\u00edda com \u00e1gua limpa para remover qualquer suco de milho e part\u00edculas.<\/li>    <li><strong>Seque completamente:<\/strong> Limpe a superf\u00edcie e as partes internas com um pano seco ou deixe-as secar ao ar para evitar ferrugem.<\/li>    <li><strong>Verifique e mantenha:<\/strong> Ap\u00f3s a limpeza, verifique se a correia, o tambor ou os rolamentos est\u00e3o soltos ou desgastados. Aplique lubrificante se necess\u00e1rio.<\/li> <\/ol>    <p class=\"translation-block\"><em>Dicas: A limpeza ap\u00f3s cada uso evita que o suco de milho endure\u00e7a e garante melhor desempenho na pr\u00f3xima vez.<\/em><\/p>    <figure class=\"wp-block-embed is-type-video is-provider-youtube wp-block-embed-youtube wp-embed-aspect-16-9 wp-has-aspect-ratio\"><div class=\"wp-block-embed__wrapper\"> <iframe loading=\"lazy\" title=\"Limpe seu descascador de milho doce em segundos \u2013 basta usar \u00e1gua!#cornsheller #sweetcorn #easycleaningtips\" width=\"500\" height=\"281\" src=\"https:\/\/www.youtube.com\/embed\/HcQYyqQx3ZA?feature=oembed\" frameborder=\"0\" allow=\"accelerometer; autoplay; clipboard-write; encrypted-media; gyroscope; picture-in-picture; web-share\" referrerpolicy=\"strict-origin-when-cross-origin\" allowfullscreen><\/iframe> <\/div><\/figure>    <h2 class=\"wp-block-heading\" id=\"h-faq\">Perguntas frequentes<\/h2>    <p>P: Qual \u00e9 o material da m\u00e1quina?<br>R: a\u00e7o inoxid\u00e1vel 304<\/p>    <p>P: Qual \u00e9 a diferen\u00e7a entre SL-268 e SL-368?<br>R: O Sl-368 tem uma correia transportadora a mais que o SL-268.<\/p>    <p>P: Qual \u00e9 a taxa de descascamento do descascador de milho doce?<br>R: 100%<\/p>    <p>P: Esta m\u00e1quina pode descascar milho?<br>R: Pode n\u00e3o. Temos um debulhador de milho multifuncional especial para descascar milho.<\/p>    <p class=\"translation-block\">P: Voc\u00eas t\u00eam uma <a href=\"https:\/\/maizemachine.com\/pt\/product\/corn-mill-grinder\/\">m\u00e1quina para obter farinha de milho<\/a>?<br>R: Sim, temos. Al\u00e9m disso, tamb\u00e9m temos <a href=\"https:\/\/maizemachine.com\/pt\/product\/maize-planter\/\">plantadeiras de milho<\/a> e <a href=\"https:\/\/maizemachine.com\/pt\/product\/one-row-corn-picker\/\">colheitadeiras de milho<\/a> \u00e0 venda.<\/p>    <p><\/p>","protected":false},"excerpt":{"rendered":"<p>Sweet corn sheller is a machine that obtains corn kernels from fresh corn cobs. It can completely peel the corn kernels on the corn cob. In Taizy corn processing machinery, we have not only fresh corn threshers but also dry corn threshers. It is believed that this two separation equipment can meet the threshing needs [&hellip;]<\/p>\n","protected":false},"author":1,"featured_media":127,"parent":0,"template":"","tags":[14,18],"product-type":[9],"class_list":["post-120","product","type-product","status-publish","has-post-thumbnail","hentry","tag-corn-sheller","tag-sweet-corn-sheller","product-type-corn-sheller-machine"],"_links":{"self":[{"href":"https:\/\/maizemachine.com\/pt\/wp-json\/wp\/v2\/product\/120","targetHints":{"allow":["GET"]}}],"collection":[{"href":"https:\/\/maizemachine.com\/pt\/wp-json\/wp\/v2\/product"}],"about":[{"href":"https:\/\/maizemachine.com\/pt\/wp-json\/wp\/v2\/types\/product"}],"author":[{"embeddable":true,"href":"https:\/\/maizemachine.com\/pt\/wp-json\/wp\/v2\/users\/1"}],"wp:featuredmedia":[{"embeddable":true,"href":"https:\/\/maizemachine.com\/pt\/wp-json\/wp\/v2\/media\/127"}],"wp:attachment":[{"href":"https:\/\/maizemachine.com\/pt\/wp-json\/wp\/v2\/media?parent=120"}],"wp:term":[{"taxonomy":"post_tag","embeddable":true,"href":"https:\/\/maizemachine.com\/pt\/wp-json\/wp\/v2\/tags?post=120"},{"taxonomy":"product-type","embeddable":true,"href":"https:\/\/maizemachine.com\/pt\/wp-json\/wp\/v2\/product-type?post=120"}],"curies":[{"name":"wp","href":"https:\/\/api.w.org\/{rel}","templated":true}]}}