{"id":112,"date":"2022-08-24T03:50:33","date_gmt":"2022-08-24T03:50:33","guid":{"rendered":"https:\/\/maizemachine.com\/?post_type=product&#038;p=112"},"modified":"2026-02-10T17:48:17","modified_gmt":"2026-02-10T09:48:17","slug":"small-corn-planter","status":"publish","type":"product","link":"https:\/\/maizemachine.com\/pt\/product\/small-corn-planter\/","title":{"rendered":"Plantador de milho pequeno | M\u00e1quina manual de plantio de milho"},"content":{"rendered":"<p class=\"translation-block\">O semeador de milho pequeno \u00e9 projetado principalmente para usu\u00e1rios familiares. Comparado com semeadores de milho em grande escala, \u00e9 mais econ\u00f4mico e f\u00e1cil de operar. Eles tamb\u00e9m podem corrigir problemas a tempo. Por ser um semeador de milho port\u00e1til, \u00e9 adequado para terrenos mais pesados em montanhas e colinas.<\/p>    <h2 class=\"wp-block-heading\" id=\"h-what-are-the-types-of-corn-planters\">Quais s\u00e3o os tipos de plantadores de milho?<\/h2>    <p>Existem tr\u00eas tipos diferentes de plantadores manuais de milho \u00e0 venda em nossa empresa. Eles t\u00eam diferentes modos de energia e modos de opera\u00e7\u00e3o.<\/p>    <h3 class=\"wp-block-heading\" id=\"h-walk-behind-corn-planter\">Plantador de milho port\u00e1til<\/h3>    <p>A plantadeira de milho port\u00e1til \u00e9 uma pequena m\u00e1quina de plantar milho que nossa empresa vende bem. Esta m\u00e1quina s\u00f3 precisa de uma pessoa para plantar sementes. Equipados com motor a gasolina, as pessoas podem facilmente semear milho. Isso economiza tempo e esfor\u00e7o. Al\u00e9m disso, temos dois modelos diferentes de motores a gasolina para voc\u00ea escolher. Se voc\u00ea precisar desta semeadora manual de milho, n\u00e3o hesite em nos contatar.<\/p>   <div class=\"wp-block-image\"> <figure class=\"aligncenter size-full\"><img loading=\"lazy\" decoding=\"async\" width=\"720\" height=\"540\" src=\"http:\/\/maizemachine.com\/wp-content\/uploads\/2022\/08\/hand-corn-seed-planter.webp\" alt=\"plantador de milho para andar atr\u00e1s\" class=\"wp-image-115\" title=\"\" srcset=\"https:\/\/maizemachine.com\/wp-content\/uploads\/2022\/08\/hand-corn-seed-planter.webp 720w, https:\/\/maizemachine.com\/wp-content\/uploads\/2022\/08\/hand-corn-seed-planter-300x225.webp 300w\" sizes=\"auto, (max-width: 720px) 100vw, 720px\" \/><figcaption>plantador de milho para andar atr\u00e1s<\/figcaption><\/figure> <\/div>   <h3 class=\"wp-block-heading\" id=\"h-hand-corn-seed-planter\">Plantador manual de sementes de milho<\/h3>    <p>Este plantador de milho de 1 linha requer que duas pessoas trabalhem juntas para semear milho. Uma pessoa empurra a m\u00e1quina atr\u00e1s da m\u00e1quina e a outra puxa a corda na frente da m\u00e1quina para fornecer energia \u00e0 m\u00e1quina. Esta m\u00e1quina possui caracter\u00edsticas de opera\u00e7\u00e3o simples e estrutura simples. Voc\u00ea pode us\u00e1-lo para fertilizar e semear. Devido \u00e0 singularidade da m\u00e1quina, esta plantadeira manual de milho requer dois trabalhadores para operar juntos. Portanto, pode ajudar clientes em \u00e1reas n\u00e3o desenvolvidas.<\/p>    <h3 class=\"wp-block-heading\" id=\"h-corn-planting-machine-specification\">Especifica\u00e7\u00e3o da m\u00e1quina de plantio de milho<\/h3>    <figure class=\"wp-block-table\"><table><tbody><tr><td>Modelo<\/td><td>TZY-100<\/td><\/tr><tr><td>Capacidade<\/td><td>0,5 acres\/h<\/td><\/tr><tr><td>Tamanho<\/td><td>1370*420*900mm<\/td><\/tr><tr><td>Peso<\/td><td>12kg<\/td><\/tr><\/tbody><\/table><\/figure>   <div class=\"wp-block-image\"> <figure class=\"aligncenter size-full\"><img loading=\"lazy\" decoding=\"async\" width=\"720\" height=\"540\" src=\"http:\/\/maizemachine.com\/wp-content\/uploads\/2022\/08\/manual-corn-planter-machine.webp\" alt=\"m\u00e1quina plantadora de milho manual\" class=\"wp-image-116\" title=\"\" srcset=\"https:\/\/maizemachine.com\/wp-content\/uploads\/2022\/08\/manual-corn-planter-machine.webp 720w, https:\/\/maizemachine.com\/wp-content\/uploads\/2022\/08\/manual-corn-planter-machine-300x225.webp 300w\" sizes=\"auto, (max-width: 720px) 100vw, 720px\" \/><figcaption>m\u00e1quina plantadora de milho manual<\/figcaption><\/figure> <\/div>   <h3 class=\"wp-block-heading\" id=\"h-manual-corn-seeder-machine\">M\u00e1quina manual de planejamento de milho<\/h3>    <p>A semeadora manual de milho precisa de ambas as m\u00e3os para segurar o corrim\u00e3o e pressionar a semente. Esta m\u00e1quina \u00e9 leve e f\u00e1cil de transportar. Diferentes espa\u00e7adores tamb\u00e9m podem ser usados \u200b\u200bpara alterar a largura de semeadura. Da mesma forma, a plantadeira manual de milho tamb\u00e9m \u00e9 adequada para fertilizar e semear em terras agr\u00edcolas, \u00e1reas planas e montanhosas.<\/p>   <div class=\"wp-block-image\"> <figure class=\"aligncenter size-full\"><img loading=\"lazy\" decoding=\"async\" width=\"720\" height=\"540\" src=\"http:\/\/maizemachine.com\/wp-content\/uploads\/2022\/08\/manual-corn-seeder-machine.webp\" alt=\"m\u00e1quina semeadora manual de milho\" class=\"wp-image-117\" title=\"\" srcset=\"https:\/\/maizemachine.com\/wp-content\/uploads\/2022\/08\/manual-corn-seeder-machine.webp 720w, https:\/\/maizemachine.com\/wp-content\/uploads\/2022\/08\/manual-corn-seeder-machine-300x225.webp 300w\" sizes=\"auto, (max-width: 720px) 100vw, 720px\" \/><figcaption>m\u00e1quina semeadora manual de milho<\/figcaption><\/figure> <\/div>   <h2 class=\"wp-block-heading\" id=\"h-how-does-a-small-corn-planter-work\">Como funciona um pequeno plantador de milho?<\/h2>    <p class=\"translation-block\">Falamos principalmente sobre o <a href=\"https:\/\/maizemachine.com\/pt\/Info\/structure-of-maize-planter-machine\/\">princ\u00edpio de funcionamento do semeador de milho de andar<\/a>. No entanto, o processo de funcionamento da maioria dos semeadores de milho pequenos \u00e9 semelhante. Primeiro, precisamos colocar as sementes no dep\u00f3sito de sementes. Em seguida, ligue a m\u00e1quina (empurre para a frente). Em seguida, segure a al\u00e7a da m\u00e1quina para manter o equil\u00edbrio e empurre para a frente. Finalmente, as sementes ser\u00e3o semeadas no campo.<\/p>    <h2 class=\"wp-block-heading\" id=\"h-characteristics-of-small-corn-planter\">Caracter\u00edsticas da pequena plantadeira de milho<\/h2>    <ol class=\"wp-block-list\"><li>Pequeno volume e leve. F\u00e1cil de transportar e operar.<\/li><li>Tamb\u00e9m pode semear uma s\u00e9rie de culturas de gr\u00e3os, como amendoim, trigo, soja e <a href=\"https:\/\/en.wikipedia.org\/wiki\/Sorghum\" target=\"_blank\" rel=\"noopener\">sorgo<\/a>.<\/li><li>Fun\u00e7\u00f5es duplas. O pequeno plantador de milho pode n\u00e3o apenas semear, mas tamb\u00e9m fertilizar.<\/li><li>A altura e o comprimento da al\u00e7a podem ser ajustados. Portanto, aplica-se a todos.<\/li><li>Estrutura simples e depura\u00e7\u00e3o f\u00e1cil. Portanto, possui as caracter\u00edsticas de uma baixa taxa de falhas.<\/li><\/ol>   <div class=\"wp-block-image\"> <figure class=\"aligncenter size-full\"><img loading=\"lazy\" decoding=\"async\" width=\"720\" height=\"540\" src=\"http:\/\/maizemachine.com\/wp-content\/uploads\/2022\/08\/details-of-the-machine.webp\" alt=\"detalhes da m\u00e1quina\" class=\"wp-image-114\" title=\"\" srcset=\"https:\/\/maizemachine.com\/wp-content\/uploads\/2022\/08\/details-of-the-machine.webp 720w, https:\/\/maizemachine.com\/wp-content\/uploads\/2022\/08\/details-of-the-machine-300x225.webp 300w\" sizes=\"auto, (max-width: 720px) 100vw, 720px\" \/><figcaption>detalhes da m\u00e1quina<\/figcaption><\/figure> <\/div>   <h2 class=\"wp-block-heading\" id=\"h-small-corn-planter-for-sale\">Vendo plantador de milho pequeno<\/h2>    <p class=\"translation-block\">Na <a href=\"https:\/\/maizemachine.com\/pt\/\">Taizy Corn Machinery<\/a>, temos diferentes tipos de semeadores de milho pequenos \u00e0 venda. Al\u00e9m disso, temos semeadores de milho grandes. Nossos <a href=\"https:\/\/maizemachine.com\/pt\/product\/one-row-corn-picker\/\">colheitadeiras de milho<\/a> s\u00e3o as mesmas. Eles t\u00eam modelos diferentes. Voc\u00ea pode escolher seu pr\u00f3prio semeador de acordo com suas pr\u00f3prias necessidades. E o pre\u00e7o de cada semeador de milho \u00e9 diferente. Porque seu grau de automa\u00e7\u00e3o e produ\u00e7\u00e3o s\u00e3o diferentes. Se voc\u00ea quiser um semeador de milho, sinta-se \u00e0 vontade para nos contatar.<\/p>    <h2 class=\"wp-block-heading\" id=\"h-when-should-corn-be-planted\">Quando o milho deve ser plantado?<\/h2>    <p>A germina\u00e7\u00e3o das sementes requer uma certa temperatura e profundidade. A temperatura adequada para a semeadura do milho \u00e9 de cerca de 12 \u2103. E a profundidade \u00e9 de cerca de 10 cm. Este \u00e9 um momento adequado para o plantio de milho. Devido \u00e0s diferen\u00e7as entre os hemisf\u00e9rios norte e sul, a \u00e9poca de plantio adequada varia de local para local. De modo geral, a \u00e9poca de plantio \u00e9 a primavera e o outono. Voc\u00ea precisa de um pequeno plantador de milho para ajud\u00e1-lo? N\u00e3o hesite em contactar-nos.<\/p>","protected":false},"excerpt":{"rendered":"<p>Small corn planter is mainly designed for family users. Compared with large-scale corn planter, it is more economical and easier to operate. They can also correct problems in time. Because it is a hand-held maize planter, it is suitable for heavier fields in mountains and hills. What are the types of corn planters? There are [&hellip;]<\/p>\n","protected":false},"author":1,"featured_media":864,"parent":0,"template":"","tags":[13],"product-type":[7],"class_list":["post-112","product","type-product","status-publish","has-post-thumbnail","hentry","tag-corn-planter","product-type-corn-planter"],"_links":{"self":[{"href":"https:\/\/maizemachine.com\/pt\/wp-json\/wp\/v2\/product\/112","targetHints":{"allow":["GET"]}}],"collection":[{"href":"https:\/\/maizemachine.com\/pt\/wp-json\/wp\/v2\/product"}],"about":[{"href":"https:\/\/maizemachine.com\/pt\/wp-json\/wp\/v2\/types\/product"}],"author":[{"embeddable":true,"href":"https:\/\/maizemachine.com\/pt\/wp-json\/wp\/v2\/users\/1"}],"wp:featuredmedia":[{"embeddable":true,"href":"https:\/\/maizemachine.com\/pt\/wp-json\/wp\/v2\/media\/864"}],"wp:attachment":[{"href":"https:\/\/maizemachine.com\/pt\/wp-json\/wp\/v2\/media?parent=112"}],"wp:term":[{"taxonomy":"post_tag","embeddable":true,"href":"https:\/\/maizemachine.com\/pt\/wp-json\/wp\/v2\/tags?post=112"},{"taxonomy":"product-type","embeddable":true,"href":"https:\/\/maizemachine.com\/pt\/wp-json\/wp\/v2\/product-type?post=112"}],"curies":[{"name":"wp","href":"https:\/\/api.w.org\/{rel}","templated":true}]}}