{"id":102,"date":"2022-08-24T03:01:59","date_gmt":"2022-08-24T03:01:59","guid":{"rendered":"https:\/\/maizemachine.com\/?post_type=product&#038;p=102"},"modified":"2025-12-30T17:40:40","modified_gmt":"2025-12-30T09:40:40","slug":"maize-sheller","status":"publish","type":"product","link":"https:\/\/maizemachine.com\/pt\/product\/maize-sheller\/","title":{"rendered":"Maquina de Casca de Milho de 3-4 Ton\/h | Thresher de Milho de Alta Qualidade"},"content":{"rendered":"<p class=\"translation-block\">A maize sheller \u00e9 uma m\u00e1quina agr\u00edcola projetada para separar os gr\u00e3os da espiga. Ela atinge uma taxa de integridade dos gr\u00e3os de mais de<strong><em> 98%<\/em><\/strong> e uma taxa de danos de menos de <strong><em>3%,<\/em><\/strong> tornando-a amplamente utilizada em grandes propriedades.<\/p>    <p class=\"translation-block\">Este debulhador de milho tem uma capacidade de <strong><em>3\u20134 tons\/h<\/em><\/strong> \u00c9 compacto, f\u00e1cil de mover e suporta m\u00faltiplas op\u00e7\u00f5es de alimenta\u00e7\u00e3o, incluindo motor el\u00e9trico, motor a gasolina e motor a diesel. Encaixa-se em diferentes condi\u00e7\u00f5es de trabalho e \u00e9 ideal para agricultores dom\u00e9sticos e fazendas.<\/p>    <p class=\"translation-block\">Combinado com um <a href=\"https:\/\/maizemachine.com\/pt\/product\/2-row-corn-picker\/\">colhedor de milho<\/a>, pode-se realizar produ\u00e7\u00e3o mecanizada em grande escala. Devido ao seu excelente desempenho e alta efici\u00eancia, esta m\u00e1quina tem sido apreciada e comprada por clientes em muitos pa\u00edses. Neste artigo, apresentaremos um debulhador de milho popular.<\/p>   <div class=\"wp-block-image\"> <figure class=\"aligncenter size-full\"><img loading=\"lazy\" decoding=\"async\" width=\"720\" height=\"540\" src=\"http:\/\/maizemachine.com\/wp-content\/uploads\/2022\/08\/maize-sheller.webp\" alt=\"descascador de milho\" class=\"wp-image-104\" title=\"\" srcset=\"https:\/\/maizemachine.com\/wp-content\/uploads\/2022\/08\/maize-sheller.webp 720w, https:\/\/maizemachine.com\/wp-content\/uploads\/2022\/08\/maize-sheller-300x225.webp 300w\" sizes=\"auto, (max-width: 720px) 100vw, 720px\" \/><figcaption class=\"wp-element-caption\">descascador de milho<\/figcaption><\/figure> <\/div>   <h2 class=\"wp-block-heading\">Aplica\u00e7\u00f5es do debulhador SL-B2<\/h2>    <h3 class=\"wp-block-heading\">Usos na ind\u00fastria<\/h3>    <ul class=\"wp-block-list\"> <li><strong>Fazendeiros dom\u00e9sticos:<\/strong> Tr\u00eas op\u00e7\u00f5es de energia \u2014 motor el\u00e9trico, motor a gasolina ou motor a diesel \u2014 para atender \u00e0s diferentes condi\u00e7\u00f5es de energia rural<\/li>    <li><strong>Pontos de coleta de gr\u00e3os:<\/strong> Thresou diretamente as espigas entregues pelos agricultores, reduzindo o volume de transporte<\/li>    <li><strong>Instala\u00e7\u00f5es de processamento de gr\u00e3os em pequena escala:<\/strong> Colaborem com secadores, moinhos de farinha e m\u00e1quinas de milho para formar uma linha simples de processamento<\/li>    <li><strong>Empreendedorismo rural:<\/strong> Indiv\u00edduos podem fornecer servi\u00e7os de debulha remunerados para agricultores vizinhos usando a debulhadeira de milho SL-B2<\/li> <\/ul>    <h3 class=\"wp-block-heading\">Culturas aplic\u00e1veis<\/h3>    <p>Ao trocar a peneira, a m\u00e1quina tamb\u00e9m pode ser usada para debulhar trigo, soja, sorgo e outras culturas.<\/p>    <div class=\"wp-block-columns is-layout-flex wp-container-core-columns-is-layout-9d6595d7 wp-block-columns-is-layout-flex\"> <div class=\"wp-block-column is-layout-flow wp-block-column-is-layout-flow\" style=\"flex-basis:66.66%\"> <figure class=\"wp-block-image size-full\"><img loading=\"lazy\" decoding=\"async\" width=\"720\" height=\"540\" src=\"https:\/\/maizemachine.com\/wp-content\/uploads\/2023\/01\/applications.webp\" alt=\"aplica\u00e7\u00f5es\" class=\"wp-image-250\" title=\"\" srcset=\"https:\/\/maizemachine.com\/wp-content\/uploads\/2023\/01\/applications.webp 720w, https:\/\/maizemachine.com\/wp-content\/uploads\/2023\/01\/applications-300x225.webp 300w\" sizes=\"auto, (max-width: 720px) 100vw, 720px\" \/><figcaption class=\"wp-element-caption\">Aplicativos<\/figcaption><\/figure> <\/div>    <div class=\"wp-block-column is-layout-flow wp-block-column-is-layout-flow\" style=\"flex-basis:33.33%\"> <ul class=\"wp-block-list\"> <li><em>Trigo<\/em><\/li>    <li><em>Sorgo<\/em><\/li>    <li><em>Soja<\/em><\/li>    <li><em>Arroz<\/em><\/li> <\/ul> <\/div> <\/div>    <h2 class=\"wp-block-heading\">A estrutura de um debulhador de milho<\/h2>   <div class=\"wp-block-image\"> <figure class=\"aligncenter size-full\"><img loading=\"lazy\" decoding=\"async\" width=\"720\" height=\"540\" src=\"http:\/\/maizemachine.com\/wp-content\/uploads\/2022\/08\/corn-shellers-structure.webp\" alt=\"estrutura de descascadores de milho\" class=\"wp-image-106\" title=\"\" srcset=\"https:\/\/maizemachine.com\/wp-content\/uploads\/2022\/08\/corn-shellers-structure.webp 720w, https:\/\/maizemachine.com\/wp-content\/uploads\/2022\/08\/corn-shellers-structure-300x225.webp 300w\" sizes=\"auto, (max-width: 720px) 100vw, 720px\" \/><figcaption class=\"wp-element-caption\">estrutura de descascadores de milho<\/figcaption><\/figure> <\/div>   <div class=\"wp-block-columns is-layout-flex wp-container-core-columns-is-layout-9d6595d7 wp-block-columns-is-layout-flex\"> <div class=\"wp-block-column is-layout-flow wp-block-column-is-layout-flow\"> <details class=\"wp-block-details is-layout-flow wp-block-details-is-layout-flow\"><summary>O dispositivo de debulha<\/summary> <p>A parte central da m\u00e1quina que separa os gr\u00e3os da espiga.<\/p> <\/details> <\/div>    <div class=\"wp-block-column is-layout-flow wp-block-column-is-layout-flow\"> <details class=\"wp-block-details is-layout-flow wp-block-details-is-layout-flow\"><summary>Unidade de pot\u00eancia<\/summary> <p>As op\u00e7\u00f5es incluem motor el\u00e9trico, motor a gasolina ou motor a diesel, fornecendo pot\u00eancia para a opera\u00e7\u00e3o.<\/p> <\/details> <\/div> <\/div>    <div class=\"wp-block-columns is-layout-flex wp-container-core-columns-is-layout-9d6595d7 wp-block-columns-is-layout-flex\"> <div class=\"wp-block-column is-layout-flow wp-block-column-is-layout-flow\"> <details class=\"wp-block-details is-layout-flow wp-block-details-is-layout-flow\"><summary>Sa\u00edda de espiga de milho<\/summary> <p>O canal onde as espigas s\u00e3o descarregadas ap\u00f3s a debulha.<\/p> <\/details> <\/div>    <div class=\"wp-block-column is-layout-flow wp-block-column-is-layout-flow\"> <details class=\"wp-block-details is-layout-flow wp-block-details-is-layout-flow\"><summary>Entrada de material<\/summary> <p>O ponto de entrada para alimentar as espigas de milho na m\u00e1quina.<\/p> <\/details> <\/div> <\/div>    <div class=\"wp-block-columns is-layout-flex wp-container-core-columns-is-layout-9d6595d7 wp-block-columns-is-layout-flex\"> <div class=\"wp-block-column is-layout-flow wp-block-column-is-layout-flow\"> <details class=\"wp-block-details is-layout-flow wp-block-details-is-layout-flow\"><summary>Estrutura<\/summary> <p>A principal estrutura de suporte que garante opera\u00e7\u00e3o est\u00e1vel.<\/p> <\/details> <\/div>    <div class=\"wp-block-column is-layout-flow wp-block-column-is-layout-flow\"> <details class=\"wp-block-details is-layout-flow wp-block-details-is-layout-flow\"><summary>Sa\u00edda de gr\u00e3os de milho<\/summary> <p>A sa\u00edda onde os gr\u00e3os s\u00e3o descarregados ap\u00f3s a debulha.<\/p> <\/details> <\/div> <\/div>    <h2 class=\"wp-block-heading\" id=\"h-how-does-maize-sheller-work\">Como funciona o descascador de milho?<\/h2>    <p>Primeiro, precisamos colocar a espiga de milho na entrada de alimenta\u00e7\u00e3o. Ent\u00e3o o milho cair\u00e1 automaticamente na c\u00e2mara de debulha. <\/p>    <p>Em seguida, o tambor dentro da m\u00e1quina girar\u00e1 sob a a\u00e7\u00e3o do motor. O milho ir\u00e1 esfregar e girar entre os rolos. Ent\u00e3o a separa\u00e7\u00e3o da espiga e do gr\u00e3o de milho ser\u00e1 realizada. <\/p>    <p>Finalmente, a espiga ser\u00e1 descarregada da parte traseira do debulhador de milho. Os gr\u00e3os de milho cair\u00e3o pela peneira. Este \u00e9 o processo de trabalho da m\u00e1quina debulhadora comercial.<\/p>    <figure class=\"wp-block-embed is-type-video is-provider-youtube wp-block-embed-youtube wp-embed-aspect-16-9 wp-has-aspect-ratio\"><div class=\"wp-block-embed__wrapper\"> <iframe loading=\"lazy\" title=\"Descascador de milho | Como funciona o debulhador de milho?\" width=\"500\" height=\"281\" src=\"https:\/\/www.youtube.com\/embed\/ZbyQcR_vREk?feature=oembed\" frameborder=\"0\" allow=\"accelerometer; autoplay; clipboard-write; encrypted-media; gyroscope; picture-in-picture; web-share\" referrerpolicy=\"strict-origin-when-cross-origin\" allowfullscreen><\/iframe> <\/div><\/figure>    <h2 class=\"wp-block-heading\" id=\"h-maize-thresher-specifications\">Especifica\u00e7\u00f5es do debulhador de milho<\/h2>    <figure class=\"wp-block-table\"><table><tbody><tr><td>Modelo<\/td><td>SL-B2<\/td><\/tr><tr><td>Poder<\/td><td>Motor 2.2kw, motor a gasolina e motor diesel<\/td><\/tr><tr><td>Capacidade<\/td><td>3-4t\/h<\/td><\/tr><tr><td>Peso<\/td><td>71kg<\/td><\/tr><tr><td>Tamanho<\/td><td>1080*6500*1300mm<\/td><\/tr><\/tbody><\/table><\/figure>   <div class=\"wp-block-image\"> <figure class=\"aligncenter size-full\"><img loading=\"lazy\" decoding=\"async\" width=\"720\" height=\"540\" src=\"http:\/\/maizemachine.com\/wp-content\/uploads\/2022\/08\/threshing-effect.webp\" alt=\"efeito debulhador\" class=\"wp-image-110\" title=\"\" srcset=\"https:\/\/maizemachine.com\/wp-content\/uploads\/2022\/08\/threshing-effect.webp 720w, https:\/\/maizemachine.com\/wp-content\/uploads\/2022\/08\/threshing-effect-300x225.webp 300w\" sizes=\"auto, (max-width: 720px) 100vw, 720px\" \/><figcaption class=\"wp-element-caption\">efeito debulhador<\/figcaption><\/figure> <\/div>   <h2 class=\"wp-block-heading\">Vantagens do debulhador de milho<\/h2>    <p class=\"translation-block\"><strong>Alta efici\u00eancia<\/strong><\/p>    <ul class=\"wp-block-list\"> <li>Capacidade: 3\u20134 toneladas por hora, 20\u201330 vezes mais eficiente que a debulha manual.<\/li> <\/ul>    <p class=\"translation-block\"><strong>Ampla aplicabilidade<\/strong><\/p>    <ul class=\"wp-block-list\"> <li>Pode processar milho verde e seco; alguns modelos tamb\u00e9m podem debulhar trigo, sorgo e outras culturas.<\/li> <\/ul>    <p class=\"translation-block\"><strong>F\u00e1cil opera\u00e7\u00e3o<\/strong><\/p>    <ul class=\"wp-block-list\"> <li>Peso: 71\u202fkg; Dimens\u00f5es: 1080\u00d7650\u00d71300\u202fmm. Estrutura compacta e f\u00e1cil de mover.<\/li> <\/ul>    <p class=\"translation-block\"><strong>M\u00faltiplas op\u00e7\u00f5es de alimenta\u00e7\u00e3o<\/strong><\/p>    <p>Suporta motor el\u00e9trico, motor a gasolina e motor a diesel, facilitando a opera\u00e7\u00e3o pelos agricultores.<\/p>    <p class=\"translation-block\"><strong>Economia de tempo e m\u00e3o de obra<\/strong><\/p>    <ul class=\"wp-block-list\"> <li>3\u20134 toneladas por hora podem substituir o trabalho de cerca de 10\u201315 pessoas, reduzindo a press\u00e3o de m\u00e3o de obra na colheita.<\/li> <\/ul>    <p class=\"translation-block\"><strong>Baixo dano aos gr\u00e3os<\/strong><\/p>    <ul class=\"wp-block-list\"> <li>Projeto otimizado do tambor de debulha mant\u00e9m o dano aos gr\u00e3os abaixo de 3%.<\/li> <\/ul>    <p class=\"translation-block\"><strong>Forte capacidade de limpeza<\/strong><\/p>    <ul class=\"wp-block-list\"> <li>Equipado com um ventilador, os gr\u00e3os ficam limpos sem necessidade de peneiramento extra. As espigas permanecem intactas para ra\u00e7\u00e3o ou outros usos.<\/li> <\/ul>   <div class=\"wp-block-image\"> <figure class=\"aligncenter size-full\"><img loading=\"lazy\" decoding=\"async\" width=\"720\" height=\"540\" src=\"https:\/\/maizemachine.com\/wp-content\/uploads\/2022\/08\/working-picture.webp\" alt=\"O desgranador de milho est\u00e1 debulhando rapidamente\" class=\"wp-image-111\" title=\"\" srcset=\"https:\/\/maizemachine.com\/wp-content\/uploads\/2022\/08\/working-picture.webp 720w, https:\/\/maizemachine.com\/wp-content\/uploads\/2022\/08\/working-picture-300x225.webp 300w\" sizes=\"auto, (max-width: 720px) 100vw, 720px\" \/><figcaption class=\"wp-element-caption\">O desgranador de milho est\u00e1 debulhando rapidamente<\/figcaption><\/figure> <\/div>   <h2 class=\"wp-block-heading\" id=\"h-how-much-is-maize-sheller\">Quanto custa o descascador de milho?<\/h2>    <p>O pre\u00e7o de um debulhador de milho \u00e9 influenciado por m\u00faltiplos fatores, n\u00e3o apenas um. Os principais fatores incluem:<\/p>    <ul class=\"wp-block-list\"> <li>Capacidade: Quanto maior a produ\u00e7\u00e3o por hora, maior a m\u00e1quina e maior o custo.<\/li>    <li>Tipo de alimenta\u00e7\u00e3o: Diferentes op\u00e7\u00f5es\u2014motor el\u00e9trico, motor a gasolina ou motor a diesel\u2014afetam o custo; modelos a diesel geralmente s\u00e3o mais caros que os el\u00e9tricos.<\/li>    <li>Multifuncionalidade: M\u00e1quinas que podem manejar v\u00e1rias culturas ou exigem peneiras personalizadas custam um pouco mais devido \u00e0s maiores necessidades de customiza\u00e7\u00e3o.<\/li>    <li>Personaliza\u00e7\u00e3o e Servi\u00e7os Adicionais: Voltagem customizada, tamanho, cor ou acess\u00f3rios extras aumentar\u00e3o o custo do equipamento.<\/li> <\/ul>    <p>Se voc\u00ea quiser saber o pre\u00e7o mais recente da m\u00e1quina, sinta-se \u00e0 vontade para nos contatar. Nossa equipe de vendas entrar\u00e1 em contato prontamente e fornecer\u00e1 uma cota\u00e7\u00e3o detalhada.<\/p>   <div class=\"wp-block-image\"> <figure class=\"aligncenter size-full\"><img loading=\"lazy\" decoding=\"async\" width=\"720\" height=\"540\" src=\"http:\/\/maizemachine.com\/wp-content\/uploads\/2022\/08\/picture-of-machine-packing.webp\" alt=\"imagem da embalagem da m\u00e1quina\" class=\"wp-image-108\" title=\"\" srcset=\"https:\/\/maizemachine.com\/wp-content\/uploads\/2022\/08\/picture-of-machine-packing.webp 720w, https:\/\/maizemachine.com\/wp-content\/uploads\/2022\/08\/picture-of-machine-packing-300x225.webp 300w\" sizes=\"auto, (max-width: 720px) 100vw, 720px\" \/><figcaption class=\"wp-element-caption\">imagem da embalagem da m\u00e1quina<\/figcaption><\/figure> <\/div>   <h2 class=\"wp-block-heading\" id=\"h-where-to-buy-maize-sheller\">Onde comprar descascador de milho?<\/h2>    <p class=\"translation-block\">A f\u00e1brica de m\u00e1quinas de milho Taizy \u00e9 um <a href=\"https:\/\/maizemachine.com\/pt\/\">fabricante profissional de equipamentos de milho<\/a>. Vendemos diferentes tipos de m\u00e1quinas de milho, como <a href=\"https:\/\/maizemachine.com\/pt\/product\/maize-grits-milling-machine\/\">m\u00e1quina de moagem de milho<\/a>, <a href=\"https:\/\/maizemachine.com\/pt\/product\/corn-mill-grinder\/\">moedor de milho<\/a> e <a href=\"https:\/\/maizemachine.com\/pt\/product\/maize-planter\/\">semeador de milho<\/a>. Al\u00e9m disso, tamb\u00e9m oferecemos aos clientes bons servi\u00e7os de pr\u00e9-venda e p\u00f3s-venda. Muitos clientes se tornaram nossos clientes recorrentes. Portanto, se voc\u00ea est\u00e1 procurando um debulhador de milho, sinta-se \u00e0 vontade para entrar em contato conosco.<\/p>   <div class=\"wp-block-image\"> <figure class=\"aligncenter size-full\"><img loading=\"lazy\" decoding=\"async\" width=\"720\" height=\"540\" src=\"https:\/\/maizemachine.com\/wp-content\/uploads\/2025\/08\/Our-customer.webp\" alt=\"Nosso cliente\" class=\"wp-image-577\" title=\"\" srcset=\"https:\/\/maizemachine.com\/wp-content\/uploads\/2025\/08\/Our-customer.webp 720w, https:\/\/maizemachine.com\/wp-content\/uploads\/2025\/08\/Our-customer-300x225.webp 300w, https:\/\/maizemachine.com\/wp-content\/uploads\/2025\/08\/Our-customer-16x12.webp 16w\" sizes=\"auto, (max-width: 720px) 100vw, 720px\" \/><figcaption class=\"wp-element-caption\">Nosso cliente<\/figcaption><\/figure> <\/div>   <h2 class=\"wp-block-heading\">D\u00favidas Frequentes<\/h2>   <div id=\"rank-math-faq\" class=\"rank-math-block\"> <div class=\"rank-math-list\"> <div id=\"faq-question-1757398121523\" class=\"rank-math-list-item\"> <h3 class=\"rank-math-question\">Por que a debulha n\u00e3o est\u00e1 limpa?<\/h3> <div class=\"rank-math-answer\">  <p>Isso pode ser causado por velocidade insuficiente do tambor ou dentes desgastados. Verifique a pot\u00eancia do motor ou substitua a placa de dentes.<\/p>  <\/div> <\/div> <div id=\"faq-question-1757398186712\" class=\"rank-math-list-item\"> <h3 class=\"rank-math-question\">Por que a taxa de dano do kernel est\u00e1 alta?<\/h3> <div class=\"rank-math-answer\">  <p>Geralmente devido \u00e0 velocidade do tambor muito alta ou aos sabugos de milho excessivamente secos. Ajuste a velocidade ou umede\u00e7a ligeiramente os sabugos.<\/p>  <\/div> <\/div> <div id=\"faq-question-1757398204641\" class=\"rank-math-list-item\"> <h3 class=\"rank-math-question\">Por que a m\u00e1quina emperra?<\/h3> <div class=\"rank-math-answer\">  <p>Possivelmente porque muitas espigas s\u00e3o alimentadas de uma vez ou detritos est\u00e3o bloqueando a m\u00e1quina. Limpe a c\u00e2mara de debulha e controle a quantidade de alimenta\u00e7\u00e3o.<\/p>  <\/div> <\/div> <div id=\"faq-question-1757398218490\" class=\"rank-math-list-item\"> <h3 class=\"rank-math-question\">Voc\u00ea pode garantir a sua qualidade?<\/h3> <div class=\"rank-math-answer\">  <p>Claro. Somos a f\u00e1brica de manufatura. Mais importante, damos grande valor \u00e0 nossa reputa\u00e7\u00e3o.\u00a0<br \/>A melhor qualidade \u00e9 sempre o nosso princ\u00edpio. Voc\u00ea pode confiar completamente em nossa produ\u00e7\u00e3o.\u00a0<\/p>  <\/div> <\/div> <div id=\"faq-question-1757398291146\" class=\"rank-math-list-item\"> <h3 class=\"rank-math-question\">Sua empresa aceita personaliza\u00e7\u00e3o?<\/h3> <div class=\"rank-math-answer\">  <p>Temos uma excelente equipe de design,e podemos aceitar OEM.<\/p>  <\/div> <\/div> <div id=\"faq-question-1757398804821\" class=\"rank-math-list-item\"> <h3 class=\"rank-math-question\">Que tal o seu servi\u00e7o?<\/h3> <div class=\"rank-math-answer\">  <p>Servi\u00e7o online 24 horas para resolver qualquer problema. Sua satisfa\u00e7\u00e3o \u00e9 nossa busca. Esperamos sinceramente contar com a sua coopera\u00e7\u00e3o.<\/p>  <\/div> <\/div> <div id=\"faq-question-1757398834468\" class=\"rank-math-list-item\"> <h3 class=\"rank-math-question\">E quanto aos m\u00e9todos de envio?<\/h3> <div class=\"rank-math-answer\">  <p>Para pedidos urgentes e cargas leves, voc\u00ea pode escolher expresso: FEDEX, TNT, DHL ou EMS; para cargas pesadas, voc\u00ea pode escolher por via a\u00e9rea ou por via mar\u00edtima para economizar custos.<\/p>  <\/div> <\/div> <div id=\"faq-question-1757398858587\" class=\"rank-math-list-item\"> <h3 class=\"rank-math-question\">Como posso chegar \u00e0 sua f\u00e1brica?<\/h3> <div class=\"rank-math-answer\">  <p>Estamos em No.1394 East Hanghai Road, Economic-technological Development Area, Zhengzhou, China. E podemos oferecer recep\u00e7\u00f5es gratuitas e atenciosas para voc\u00ea.<\/p>  <\/div> <\/div> <\/div> <\/div>   <p><\/p>","protected":false},"excerpt":{"rendered":"<p>A maize sheller is an agricultural machine designed to separate kernels from the cob. It achieves a kernel integrity rate of over 98% and a damage rate of less than 3%, making it widely used on large farms. This corn thresher has a capacity of 3\u20134 tons\/h It is compact, easy to move, and supports [&hellip;]<\/p>\n","protected":false},"author":1,"featured_media":187,"parent":0,"template":"","tags":[14],"product-type":[9],"class_list":["post-102","product","type-product","status-publish","has-post-thumbnail","hentry","tag-corn-sheller","product-type-corn-sheller-machine"],"_links":{"self":[{"href":"https:\/\/maizemachine.com\/pt\/wp-json\/wp\/v2\/product\/102","targetHints":{"allow":["GET"]}}],"collection":[{"href":"https:\/\/maizemachine.com\/pt\/wp-json\/wp\/v2\/product"}],"about":[{"href":"https:\/\/maizemachine.com\/pt\/wp-json\/wp\/v2\/types\/product"}],"author":[{"embeddable":true,"href":"https:\/\/maizemachine.com\/pt\/wp-json\/wp\/v2\/users\/1"}],"wp:featuredmedia":[{"embeddable":true,"href":"https:\/\/maizemachine.com\/pt\/wp-json\/wp\/v2\/media\/187"}],"wp:attachment":[{"href":"https:\/\/maizemachine.com\/pt\/wp-json\/wp\/v2\/media?parent=102"}],"wp:term":[{"taxonomy":"post_tag","embeddable":true,"href":"https:\/\/maizemachine.com\/pt\/wp-json\/wp\/v2\/tags?post=102"},{"taxonomy":"product-type","embeddable":true,"href":"https:\/\/maizemachine.com\/pt\/wp-json\/wp\/v2\/product-type?post=102"}],"curies":[{"name":"wp","href":"https:\/\/api.w.org\/{rel}","templated":true}]}}