{"id":13,"date":"2022-08-17T03:36:51","date_gmt":"2022-08-17T03:36:51","guid":{"rendered":"http:\/\/maizemachine.com\/?page_id=13"},"modified":"2026-04-13T13:32:29","modified_gmt":"2026-04-13T05:32:29","slug":"about","status":"publish","type":"page","link":"https:\/\/maizemachine.com\/pt\/about\/","title":{"rendered":"Sobre n\u00f3s"},"content":{"rendered":"<h2 class=\"wp-block-heading\">Quem Somos<\/h2>    <p class=\"translation-block\"><strong><a href=\"https:\/\/maizemachine.com\/pt\/\">Taizy M\u00e1quinas de Milho<\/a><\/strong> \u00e9 uma fabricante e exportadora l\u00edder de equipamentos de processamento de milho, dedicada a fornecer solu\u00e7\u00f5es de m\u00e1quinas agr\u00edcolas de alta qualidade para agricultores e empresas em todo o mundo. Com mais de 20 anos de experi\u00eancia no setor, estabelecemos nossa reputa\u00e7\u00e3o como um parceiro confi\u00e1vel para colheita, debulha, moagem, secagem e embalagem de milho.<\/p>   <div class=\"wp-block-image\"> <figure class=\"aligncenter size-full\"><img loading=\"lazy\" decoding=\"async\" width=\"720\" height=\"540\" src=\"https:\/\/maizemachine.com\/wp-content\/uploads\/2026\/04\/taizy-factory.webp\" alt=\"taizy-f\u00e1brica\" class=\"wp-image-934\" title=\"\" srcset=\"https:\/\/maizemachine.com\/wp-content\/uploads\/2026\/04\/taizy-factory.webp 720w, https:\/\/maizemachine.com\/wp-content\/uploads\/2026\/04\/taizy-factory-300x225.webp 300w, https:\/\/maizemachine.com\/wp-content\/uploads\/2026\/04\/taizy-factory-16x12.webp 16w\" sizes=\"auto, (max-width: 720px) 100vw, 720px\" \/><figcaption class=\"wp-element-caption\">taizy-f\u00e1brica<\/figcaption><\/figure> <\/div>   <p class=\"translation-block\">Nosso portf\u00f3lio abrangente de produtos inclui <strong><a href=\"https:\/\/maizemachine.com\/pt\/products\/corn-harvester\/\">colheitadeiras de milho<\/a><\/strong>, <strong><a href=\"https:\/\/maizemachine.com\/pt\/products\/corn-sheller-machine\/\">descascadores de milho<\/a><\/strong>, m\u00e1quinas de moagem de milho, <strong><a href=\"https:\/\/maizemachine.com\/pt\/products\/corn-planter\/\">plantadeiras de milho<\/a><\/strong>, secadores de milho, m\u00e1quinas de embalagem de milho e equipamentos de processamento de talos de milho. Cada m\u00e1quina \u00e9 projetada com precis\u00e3o para atender \u00e0s diversas necessidades da agricultura moderna.<\/p>    <figure class=\"wp-block-gallery has-nested-images columns-default is-cropped wp-block-gallery-2 is-layout-flex wp-block-gallery-is-layout-flex\"> <figure class=\"wp-block-image size-large\"><img loading=\"lazy\" decoding=\"async\" width=\"720\" height=\"540\" data-id=\"941\" src=\"https:\/\/maizemachine.com\/wp-content\/uploads\/2026\/04\/Corn-Planter-Factory-Photos.webp\" alt=\"Fotos da F\u00e1brica de Plantadeiras de Milho\" class=\"wp-image-941\" title=\"\" srcset=\"https:\/\/maizemachine.com\/wp-content\/uploads\/2026\/04\/Corn-Planter-Factory-Photos.webp 720w, https:\/\/maizemachine.com\/wp-content\/uploads\/2026\/04\/Corn-Planter-Factory-Photos-300x225.webp 300w, https:\/\/maizemachine.com\/wp-content\/uploads\/2026\/04\/Corn-Planter-Factory-Photos-16x12.webp 16w\" sizes=\"auto, (max-width: 720px) 100vw, 720px\" \/><figcaption class=\"wp-element-caption\">Fotos da F\u00e1brica de Plantadeiras de Milho<\/figcaption><\/figure>    <figure class=\"wp-block-image size-large\"><img loading=\"lazy\" decoding=\"async\" width=\"720\" height=\"540\" data-id=\"942\" src=\"https:\/\/maizemachine.com\/wp-content\/uploads\/2026\/04\/Corn-Thresher-Factory-Photos.webp\" alt=\"Fotos da F\u00e1brica de Debulhadeiras de Milho\" class=\"wp-image-942\" title=\"\" srcset=\"https:\/\/maizemachine.com\/wp-content\/uploads\/2026\/04\/Corn-Thresher-Factory-Photos.webp 720w, https:\/\/maizemachine.com\/wp-content\/uploads\/2026\/04\/Corn-Thresher-Factory-Photos-300x225.webp 300w, https:\/\/maizemachine.com\/wp-content\/uploads\/2026\/04\/Corn-Thresher-Factory-Photos-16x12.webp 16w\" sizes=\"auto, (max-width: 720px) 100vw, 720px\" \/><figcaption class=\"wp-element-caption\">Fotos da F\u00e1brica de Debulhadeiras de Milho<\/figcaption><\/figure>    <figure class=\"wp-block-image size-large\"><img loading=\"lazy\" decoding=\"async\" width=\"720\" height=\"540\" data-id=\"940\" src=\"https:\/\/maizemachine.com\/wp-content\/uploads\/2026\/04\/Corn-Grits-Machine-Factory-Photos.webp\" alt=\"Fotos da F\u00e1brica de M\u00e1quinas de Grits de Milho\" class=\"wp-image-940\" title=\"\" srcset=\"https:\/\/maizemachine.com\/wp-content\/uploads\/2026\/04\/Corn-Grits-Machine-Factory-Photos.webp 720w, https:\/\/maizemachine.com\/wp-content\/uploads\/2026\/04\/Corn-Grits-Machine-Factory-Photos-300x225.webp 300w, https:\/\/maizemachine.com\/wp-content\/uploads\/2026\/04\/Corn-Grits-Machine-Factory-Photos-16x12.webp 16w\" sizes=\"auto, (max-width: 720px) 100vw, 720px\" \/><figcaption class=\"wp-element-caption\">Fotos da F\u00e1brica de M\u00e1quinas de Grits de Milho<\/figcaption><\/figure> <\/figure>    <h2 class=\"wp-block-heading\">Nosso Prop\u00f3sito<\/h2>    <p>Capacitar agricultores e empresas agr\u00edcolas globalmente, fornecendo m\u00e1quinas de processamento de milho confi\u00e1veis, eficientes e acess\u00edveis que aumentam a produtividade e reduzem custos de m\u00e3o de obra.<\/p>    <h2 class=\"wp-block-heading\">Nossa Vis\u00e3o<\/h2>    <p>Tornar-se a marca mais confi\u00e1vel do mundo em equipamentos de processamento de milho, reconhecida por qualidade, inova\u00e7\u00e3o e atendimento excepcional ao cliente.<\/p>    <h2 class=\"wp-block-heading\">Por que escolher a Taizy?<\/h2>    <h3 class=\"wp-block-heading\">Mais de 20 anos de experi\u00eancia na ind\u00fastria<\/h3>    <p>Desde nossa funda\u00e7\u00e3o, acumulamos vasta experi\u00eancia na fabrica\u00e7\u00e3o de m\u00e1quinas agr\u00edcolas. Nossa experi\u00eancia nos permite entender as necessidades dos clientes e fornecer solu\u00e7\u00f5es que realmente funcionam.<\/p>    <h3 class=\"wp-block-heading\">Presen\u00e7a no Mercado Global<\/h3>    <p>Exportamos com sucesso nossos equipamentos para mais de 100 pa\u00edses e regi\u00f5es, incluindo:<\/p>    <ul class=\"wp-block-list\"> <li>\u00c1frica: Gana, \u00c1frica do Sul, Qu\u00eania, Z\u00e2mbia, Tanz\u00e2nia, Mo\u00e7ambique, Marrocos, Cabo Verde<\/li>    <li>\u00c1sia: Paquist\u00e3o, Filipinas, Indon\u00e9sia, Vietn\u00e3, Cingapura<\/li>    <li>Am\u00e9ricas: EUA, M\u00e9xico, Brasil<\/li> <\/ul>   <div class=\"wp-block-image\"> <figure class=\"aligncenter size-full\"><img loading=\"lazy\" decoding=\"async\" width=\"720\" height=\"540\" src=\"https:\/\/maizemachine.com\/wp-content\/uploads\/2026\/04\/Client-Visit.webp\" alt=\"Visita de Cliente\" class=\"wp-image-943\" title=\"\" srcset=\"https:\/\/maizemachine.com\/wp-content\/uploads\/2026\/04\/Client-Visit.webp 720w, https:\/\/maizemachine.com\/wp-content\/uploads\/2026\/04\/Client-Visit-300x225.webp 300w, https:\/\/maizemachine.com\/wp-content\/uploads\/2026\/04\/Client-Visit-16x12.webp 16w\" sizes=\"auto, (max-width: 720px) 100vw, 720px\" \/><figcaption class=\"wp-element-caption\">Visita de Cliente<\/figcaption><\/figure> <\/div>   <h3 class=\"wp-block-heading\">Certifica\u00e7\u00f5es de Qualidade<\/h3>    <p>Todos os nossos produtos atendem aos padr\u00f5es internacionais de qualidade e s\u00e3o certificados com:<\/p>    <ul class=\"wp-block-list\"> <li>Certifica\u00e7\u00e3o ISO<\/li>    <li>Certifica\u00e7\u00e3o CE<\/li>    <li>Certifica\u00e7\u00e3o SGS<\/li> <\/ul>   <div class=\"wp-block-image\"> <figure class=\"aligncenter size-full\"><img loading=\"lazy\" decoding=\"async\" width=\"720\" height=\"540\" src=\"https:\/\/maizemachine.com\/wp-content\/uploads\/2023\/07\/Certificates.webp\" alt=\"Certificados\" class=\"wp-image-683\" title=\"\" srcset=\"https:\/\/maizemachine.com\/wp-content\/uploads\/2023\/07\/Certificates.webp 720w, https:\/\/maizemachine.com\/wp-content\/uploads\/2023\/07\/Certificates-300x225.webp 300w, https:\/\/maizemachine.com\/wp-content\/uploads\/2023\/07\/Certificates-16x12.webp 16w\" sizes=\"auto, (max-width: 720px) 100vw, 720px\" \/><figcaption class=\"wp-element-caption\">Certificados<\/figcaption><\/figure> <\/div>   <h3 class=\"wp-block-heading\">Gama Abrangente de Produtos<\/h3>    <p>Oferecemos solu\u00e7\u00f5es completas para o processamento de milho:<\/p>    <ul class=\"wp-block-list\"> <li><strong><a href=\"https:\/\/maizemachine.com\/pt\/products\/corn-harvester\/\">Colheitadeiras de Milho<\/a><\/strong> \u2013 De colheitadeiras de uma linha a m\u00faltiplas linhas<\/li>    <li><strong><a href=\"https:\/\/maizemachine.com\/pt\/products\/corn-sheller-machine\/\">Descascadores de Milho<\/a><\/strong> \u2013 M\u00e1quinas de debulhar de pequena a grande escala<\/li>    <li>M\u00e1quinas de Moagem de Milho \u2013 Equipamentos para fazer farinha e gr\u00e3os<\/li>    <li>Semeadores de Milho \u2013 Manual e acoplados a tratores<\/li>    <li>Secadores de Milho \u2013 Solu\u00e7\u00f5es de secagem eficientes<\/li>    <li>M\u00e1quinas de Embalagem de Milho \u2013 Equipamentos de v\u00e1cuo e embalagem de farinha<\/li>    <li>Processamento de Talos de Milho \u2013 Silagens e trituradores<\/li> <\/ul>    <figure class=\"wp-block-gallery has-nested-images columns-default is-cropped wp-block-gallery-3 is-layout-flex wp-block-gallery-is-layout-flex\"> <figure class=\"wp-block-image size-large\"><img loading=\"lazy\" decoding=\"async\" width=\"720\" height=\"540\" data-id=\"767\" src=\"https:\/\/maizemachine.com\/wp-content\/uploads\/2022\/08\/IMG_6451.webp\" alt=\"Melhores Modelos de Plantadeiras de Milho em 2025-2026\" class=\"wp-image-767\" title=\"\" srcset=\"https:\/\/maizemachine.com\/wp-content\/uploads\/2022\/08\/IMG_6451.webp 720w, https:\/\/maizemachine.com\/wp-content\/uploads\/2022\/08\/IMG_6451-300x225.webp 300w, https:\/\/maizemachine.com\/wp-content\/uploads\/2022\/08\/IMG_6451-16x12.webp 16w\" sizes=\"auto, (max-width: 720px) 100vw, 720px\" \/><figcaption class=\"wp-element-caption\">Melhores Modelos de Plantadeiras de Milho em 2025-2026<\/figcaption><\/figure>    <figure class=\"wp-block-image size-large\"><img loading=\"lazy\" decoding=\"async\" width=\"720\" height=\"540\" data-id=\"111\" src=\"https:\/\/maizemachine.com\/wp-content\/uploads\/2022\/08\/working-picture.webp\" alt=\"O desgranador de milho est\u00e1 debulhando rapidamente\" class=\"wp-image-111\" title=\"\" srcset=\"https:\/\/maizemachine.com\/wp-content\/uploads\/2022\/08\/working-picture.webp 720w, https:\/\/maizemachine.com\/wp-content\/uploads\/2022\/08\/working-picture-300x225.webp 300w\" sizes=\"auto, (max-width: 720px) 100vw, 720px\" \/><figcaption class=\"wp-element-caption\">O Desgranador de Milho Est\u00e1 Debulhando Rapidamente<\/figcaption><\/figure>    <figure class=\"wp-block-image size-large\"><img loading=\"lazy\" decoding=\"async\" width=\"720\" height=\"540\" data-id=\"283\" src=\"https:\/\/maizemachine.com\/wp-content\/uploads\/2023\/03\/our-stock.webp\" alt=\"nosso estoque\" class=\"wp-image-283\" title=\"\" srcset=\"https:\/\/maizemachine.com\/wp-content\/uploads\/2023\/03\/our-stock.webp 720w, https:\/\/maizemachine.com\/wp-content\/uploads\/2023\/03\/our-stock-300x225.webp 300w\" sizes=\"auto, (max-width: 720px) 100vw, 720px\" \/><figcaption class=\"wp-element-caption\">Nosso estoque<\/figcaption><\/figure>    <figure class=\"wp-block-image size-large\"><img loading=\"lazy\" decoding=\"async\" width=\"720\" height=\"540\" data-id=\"506\" src=\"https:\/\/maizemachine.com\/wp-content\/uploads\/2022\/08\/Small-1-Row-Corn-Harvester.webp\" alt=\"Colheitadeira de Milho Pequena de 1 Linha\" class=\"wp-image-506\" title=\"\" srcset=\"https:\/\/maizemachine.com\/wp-content\/uploads\/2022\/08\/Small-1-Row-Corn-Harvester.webp 720w, https:\/\/maizemachine.com\/wp-content\/uploads\/2022\/08\/Small-1-Row-Corn-Harvester-300x225.webp 300w, https:\/\/maizemachine.com\/wp-content\/uploads\/2022\/08\/Small-1-Row-Corn-Harvester-16x12.webp 16w\" sizes=\"auto, (max-width: 720px) 100vw, 720px\" \/><figcaption class=\"wp-element-caption\">Colheitadeira de Milho Pequena de 1 Linha<\/figcaption><\/figure>    <figure class=\"wp-block-image size-large\"><img loading=\"lazy\" decoding=\"async\" width=\"720\" height=\"540\" data-id=\"586\" src=\"https:\/\/maizemachine.com\/wp-content\/uploads\/2023\/02\/Wheeled-Corn-Silage-Harvester.webp\" alt=\"Ensiladeira de Milho com Rodas\" class=\"wp-image-586\" title=\"\" srcset=\"https:\/\/maizemachine.com\/wp-content\/uploads\/2023\/02\/Wheeled-Corn-Silage-Harvester.webp 720w, https:\/\/maizemachine.com\/wp-content\/uploads\/2023\/02\/Wheeled-Corn-Silage-Harvester-300x225.webp 300w, https:\/\/maizemachine.com\/wp-content\/uploads\/2023\/02\/Wheeled-Corn-Silage-Harvester-16x12.webp 16w\" sizes=\"auto, (max-width: 720px) 100vw, 720px\" \/><figcaption class=\"wp-element-caption\">Ensiladeira de Milho com Rodas<\/figcaption><\/figure>    <figure class=\"wp-block-image size-large\"><img loading=\"lazy\" decoding=\"async\" width=\"720\" height=\"540\" data-id=\"813\" src=\"https:\/\/maizemachine.com\/wp-content\/uploads\/2025\/12\/Maize-Sheller-Machine.webp\" alt=\"M\u00e1quina descascadora de milho\" class=\"wp-image-813\" title=\"\" srcset=\"https:\/\/maizemachine.com\/wp-content\/uploads\/2025\/12\/Maize-Sheller-Machine.webp 720w, https:\/\/maizemachine.com\/wp-content\/uploads\/2025\/12\/Maize-Sheller-Machine-300x225.webp 300w, https:\/\/maizemachine.com\/wp-content\/uploads\/2025\/12\/Maize-Sheller-Machine-16x12.webp 16w\" sizes=\"auto, (max-width: 720px) 100vw, 720px\" \/><figcaption class=\"wp-element-caption\">M\u00e1quina descascadora de milho<\/figcaption><\/figure> <\/figure>    <h3 class=\"wp-block-heading\">Servi\u00e7o Centrado no Cliente<\/h3>    <ul class=\"wp-block-list\"> <li>Pr\u00e9-Venda: Consultoria profissional para ajud\u00e1-lo a escolher a m\u00e1quina certa<\/li>    <li>Durante a Venda: Pre\u00e7os transparentes e comunica\u00e7\u00e3o clara<\/li>    <li>P\u00f3s-Venda: Garantia de 1 ano, suporte t\u00e9cnico vital\u00edcio e fornecimento de pe\u00e7as de reposi\u00e7\u00e3o<\/li> <\/ul>   <div class=\"wp-block-image\"> <figure class=\"aligncenter size-full\"><img loading=\"lazy\" decoding=\"async\" width=\"1024\" height=\"620\" src=\"https:\/\/maizemachine.com\/wp-content\/uploads\/2022\/08\/people-from-many-countries-have-chosen-us.webp\" alt=\"pessoas de muitos pa\u00edses nos escolheram\" class=\"wp-image-25\" title=\"\" srcset=\"https:\/\/maizemachine.com\/wp-content\/uploads\/2022\/08\/people-from-many-countries-have-chosen-us.webp 1024w, https:\/\/maizemachine.com\/wp-content\/uploads\/2022\/08\/people-from-many-countries-have-chosen-us-300x182.webp 300w, https:\/\/maizemachine.com\/wp-content\/uploads\/2022\/08\/people-from-many-countries-have-chosen-us-768x465.webp 768w\" sizes=\"auto, (max-width: 1024px) 100vw, 1024px\" \/><figcaption class=\"wp-element-caption\">pessoas de muitos pa\u00edses nos escolheram<\/figcaption><\/figure> <\/div>   <h2 class=\"wp-block-heading\">Nossos Valores Fundamentais<\/h2>    <p>Qualidade em Primeiro Lugar: Nunca comprometemos a qualidade do produto. Cada m\u00e1quina passa por testes rigorosos antes de sair da nossa f\u00e1brica.<\/p>    <p>Foco no Cliente: Seu sucesso \u00e9 o nosso sucesso. Ou\u00e7amos suas necessidades e oferecemos solu\u00e7\u00f5es personalizadas.<\/p>    <p>Inova\u00e7\u00e3o Cont\u00ednua: Investimos constantemente em P&amp;D para melhorar nossos produtos e desenvolver novas tecnologias.<\/p>    <p>Integridade e Confian\u00e7a: Constru\u00edmos relacionamentos de longo prazo baseados na honestidade, transpar\u00eancia e respeito m\u00fatuo.<\/p>   <div class=\"wp-block-image\"> <figure class=\"aligncenter size-full\"><img loading=\"lazy\" decoding=\"async\" width=\"720\" height=\"540\" src=\"https:\/\/maizemachine.com\/wp-content\/uploads\/2025\/08\/Our-customer.webp\" alt=\"Nosso cliente\" class=\"wp-image-577\" title=\"\" srcset=\"https:\/\/maizemachine.com\/wp-content\/uploads\/2025\/08\/Our-customer.webp 720w, https:\/\/maizemachine.com\/wp-content\/uploads\/2025\/08\/Our-customer-300x225.webp 300w, https:\/\/maizemachine.com\/wp-content\/uploads\/2025\/08\/Our-customer-16x12.webp 16w\" sizes=\"auto, (max-width: 720px) 100vw, 720px\" \/><figcaption class=\"wp-element-caption\">Nosso cliente<\/figcaption><\/figure> <\/div>   <h2 class=\"wp-block-heading\">Nossa For\u00e7a de Fabrica\u00e7\u00e3o<\/h2>    <h3 class=\"wp-block-heading\">Instala\u00e7\u00f5es de Produ\u00e7\u00e3o Avan\u00e7adas<\/h3>    <p>Equipadas com equipamentos de fabrica\u00e7\u00e3o modernos e linhas de produ\u00e7\u00e3o automatizadas para garantir qualidade consistente e produ\u00e7\u00e3o eficiente.<\/p>    <h3 class=\"wp-block-heading\">Controle de Qualidade Rigoroso<\/h3>    <p>Processo de inspe\u00e7\u00e3o de qualidade em v\u00e1rias etapas, desde as mat\u00e9rias-primas at\u00e9 os produtos acabados.<\/p>    <h3 class=\"wp-block-heading\">Equipe de P&amp;D Profissional<\/h3>    <p>Engenheiros experientes dedicados \u00e0 inova\u00e7\u00e3o e melhoria de produtos.<\/p>    <h3 class=\"wp-block-heading\">For\u00e7a de Trabalho Qualificada<\/h3>    <p>T\u00e9cnicos e trabalhadores treinados comprometidos com a excel\u00eancia artesanal.<\/p>    <h2 class=\"wp-block-heading\">Hist\u00f3rias de Sucesso<\/h2>    <p>Ajudamos milhares de clientes ao redor do mundo a melhorar suas opera\u00e7\u00f5es agr\u00edcolas:<\/p>    <ul class=\"wp-block-list\"> <li>Gana: Forneceu semeadores de milho de 6 linhas para cooperativas locais<\/li>    <li>Qu\u00eania: Entregou semeadores de milho de 4 linhas para grandes fazendas<\/li>    <li>EUA: Exportou m\u00e1quinas de debulhar milho fresco para instala\u00e7\u00f5es de processamento<\/li>    <li>Filipinas: Enviou m\u00e1quinas de moagem de gr\u00e3os de milho para produtores de alimentos<\/li>    <li>M\u00e9xico: Instalou debulhadoras de milho fresco para opera\u00e7\u00f5es comerciais<\/li> <\/ul>    <figure class=\"wp-block-gallery has-nested-images columns-default is-cropped wp-block-gallery-4 is-layout-flex wp-block-gallery-is-layout-flex\"> <figure class=\"wp-block-image size-large\"><img loading=\"lazy\" decoding=\"async\" width=\"720\" height=\"540\" data-id=\"699\" src=\"https:\/\/maizemachine.com\/wp-content\/uploads\/2025\/10\/Shipping-packaging-diagram.webp\" alt=\"Diagrama de embalagem de envio\" class=\"wp-image-699\" title=\"\" srcset=\"https:\/\/maizemachine.com\/wp-content\/uploads\/2025\/10\/Shipping-packaging-diagram.webp 720w, https:\/\/maizemachine.com\/wp-content\/uploads\/2025\/10\/Shipping-packaging-diagram-300x225.webp 300w, https:\/\/maizemachine.com\/wp-content\/uploads\/2025\/10\/Shipping-packaging-diagram-16x12.webp 16w\" sizes=\"auto, (max-width: 720px) 100vw, 720px\" \/><figcaption class=\"wp-element-caption\">Diagrama de Embalagem para Envio<\/figcaption><\/figure>    <figure class=\"wp-block-image size-large\"><img loading=\"lazy\" decoding=\"async\" width=\"720\" height=\"540\" data-id=\"454\" src=\"https:\/\/maizemachine.com\/wp-content\/uploads\/2025\/06\/Workers-are-nailing-the-crates.webp\" alt=\"Os trabalhadores est\u00e3o pregando as caixas.\" class=\"wp-image-454\" title=\"\" srcset=\"https:\/\/maizemachine.com\/wp-content\/uploads\/2025\/06\/Workers-are-nailing-the-crates.webp 720w, https:\/\/maizemachine.com\/wp-content\/uploads\/2025\/06\/Workers-are-nailing-the-crates-300x225.webp 300w, https:\/\/maizemachine.com\/wp-content\/uploads\/2025\/06\/Workers-are-nailing-the-crates-16x12.webp 16w\" sizes=\"auto, (max-width: 720px) 100vw, 720px\" \/><figcaption class=\"wp-element-caption\">Os trabalhadores est\u00e3o pregando as caixas.<\/figcaption><\/figure>    <figure class=\"wp-block-image size-large\"><img loading=\"lazy\" decoding=\"async\" width=\"720\" height=\"540\" data-id=\"509\" src=\"https:\/\/maizemachine.com\/wp-content\/uploads\/2022\/08\/Workers-are-packing.webp\" alt=\"Os trabalhadores est\u00e3o embalando\" class=\"wp-image-509\" title=\"\" srcset=\"https:\/\/maizemachine.com\/wp-content\/uploads\/2022\/08\/Workers-are-packing.webp 720w, https:\/\/maizemachine.com\/wp-content\/uploads\/2022\/08\/Workers-are-packing-300x225.webp 300w, https:\/\/maizemachine.com\/wp-content\/uploads\/2022\/08\/Workers-are-packing-16x12.webp 16w\" sizes=\"auto, (max-width: 720px) 100vw, 720px\" \/><figcaption class=\"wp-element-caption\">Os trabalhadores est\u00e3o embalando<\/figcaption><\/figure>    <figure class=\"wp-block-image size-large\"><img loading=\"lazy\" decoding=\"async\" width=\"720\" height=\"540\" data-id=\"279\" src=\"https:\/\/maizemachine.com\/wp-content\/uploads\/2023\/03\/delivery-chart.webp\" alt=\"Maize Thresher Shipped to Nigeria\" class=\"wp-image-279\" title=\"\" srcset=\"https:\/\/maizemachine.com\/wp-content\/uploads\/2023\/03\/delivery-chart.webp 720w, https:\/\/maizemachine.com\/wp-content\/uploads\/2023\/03\/delivery-chart-300x225.webp 300w\" sizes=\"auto, (max-width: 720px) 100vw, 720px\" \/><figcaption class=\"wp-element-caption\">Maize Thresher Shipped To Nigeria<\/figcaption><\/figure>    <figure class=\"wp-block-image size-large\"><img loading=\"lazy\" decoding=\"async\" width=\"720\" height=\"540\" data-id=\"108\" src=\"https:\/\/maizemachine.com\/wp-content\/uploads\/2022\/08\/picture-of-machine-packing.webp\" alt=\"imagem da embalagem da m\u00e1quina\" class=\"wp-image-108\" title=\"\" srcset=\"https:\/\/maizemachine.com\/wp-content\/uploads\/2022\/08\/picture-of-machine-packing.webp 720w, https:\/\/maizemachine.com\/wp-content\/uploads\/2022\/08\/picture-of-machine-packing-300x225.webp 300w\" sizes=\"auto, (max-width: 720px) 100vw, 720px\" \/><figcaption class=\"wp-element-caption\">Imagem da embalagem da m\u00e1quina<\/figcaption><\/figure> <\/figure>    <h2 class=\"wp-block-heading\">Nosso Compromisso<\/h2>    <p>Quando voc\u00ea escolhe a Taizy, voc\u00ea escolhe:<\/p>    <ul class=\"wp-block-list\"> <li>Equipamentos confi\u00e1veis que duram<\/li>    <li>Pre\u00e7os competitivos direto da f\u00e1brica<\/li>    <li>Suporte t\u00e9cnico profissional<\/li>    <li>Envio global r\u00e1pido e seguro<\/li>    <li>Servi\u00e7o p\u00f3s-venda abrangente<\/li> <\/ul>    <h2 class=\"wp-block-heading\">Contate-nos<\/h2>    <p>Pronto para aprimorar suas opera\u00e7\u00f5es de processamento de milho? Entre em contato conosco hoje mesmo!<\/p>    <p>Estamos ansiosos para fazer parceria com voc\u00ea para um futuro mais produtivo na agricultura.<\/p>    <div class=\"wp-block-buttons is-layout-flex wp-block-buttons-is-layout-flex\"> <div class=\"wp-block-button\"><a class=\"wp-block-button__link wp-element-button\" href=\"https:\/\/wa.me\/+8619139761487\" target=\"_blank\" rel=\"noopener\">WhatsApp\/WeChat\/Tel:  86 19139761487<\/a><\/div> <\/div>    <p><\/p>    <div class=\"wp-block-buttons is-layout-flex wp-block-buttons-is-layout-flex\"> <div class=\"wp-block-button\"><a class=\"wp-block-button__link wp-element-button\">Email: info@maizemachine.com<\/a><\/div> <\/div>    <p><\/p>    <p><\/p>","protected":false},"excerpt":{"rendered":"<p>Who We Are Taizy Corn Machinery is a leading manufacturer and exporter of corn processing equipment, dedicated to providing high-quality agricultural machinery solutions to farmers and businesses worldwide. With over 20 years of experience in the industry, we have established ourselves as a trusted partner for corn harvesting, threshing, milling, drying, and packaging equipment. Our [&hellip;]<\/p>\n","protected":false},"author":1,"featured_media":0,"parent":0,"menu_order":0,"comment_status":"closed","ping_status":"closed","template":"","meta":{"footnotes":""},"class_list":["post-13","page","type-page","status-publish","hentry"],"_links":{"self":[{"href":"https:\/\/maizemachine.com\/pt\/wp-json\/wp\/v2\/pages\/13","targetHints":{"allow":["GET"]}}],"collection":[{"href":"https:\/\/maizemachine.com\/pt\/wp-json\/wp\/v2\/pages"}],"about":[{"href":"https:\/\/maizemachine.com\/pt\/wp-json\/wp\/v2\/types\/page"}],"author":[{"embeddable":true,"href":"https:\/\/maizemachine.com\/pt\/wp-json\/wp\/v2\/users\/1"}],"replies":[{"embeddable":true,"href":"https:\/\/maizemachine.com\/pt\/wp-json\/wp\/v2\/comments?post=13"}],"version-history":[{"count":12,"href":"https:\/\/maizemachine.com\/pt\/wp-json\/wp\/v2\/pages\/13\/revisions"}],"predecessor-version":[{"id":949,"href":"https:\/\/maizemachine.com\/pt\/wp-json\/wp\/v2\/pages\/13\/revisions\/949"}],"wp:attachment":[{"href":"https:\/\/maizemachine.com\/pt\/wp-json\/wp\/v2\/media?parent=13"}],"curies":[{"name":"wp","href":"https:\/\/api.w.org\/{rel}","templated":true}]}}