{"id":95,"date":"2022-08-24T02:13:52","date_gmt":"2022-08-24T02:13:52","guid":{"rendered":"https:\/\/maizemachine.com\/?post_type=product&#038;p=95"},"modified":"2025-06-20T18:04:57","modified_gmt":"2025-06-20T10:04:57","slug":"2-row-corn-picker","status":"publish","type":"product","link":"https:\/\/maizemachine.com\/nl\/product\/2-row-corn-picker\/","title":{"rendered":"2 Rij Ma\u00efs Plukker | 2 Rij Ma\u00efs Oogstmachine"},"content":{"rendered":"<p class=\"translation-block\">De 2-rijige ma\u00efsplukker is een machine die twee rijen ma\u00efs tegelijk oogst. Hij behoort tot de meerrijige ma\u00efsoogstapparatuur. We hebben ook een <a href=\"https:\/\/maizemachine.com\/nl\/product\/one-row-corn-picker\/\">enkelrijige ma\u00efsoogstmachine<\/a>, 3-rijige ma\u00efsplukker en 4-rijige ma\u00efsoogstmachine waaruit u kunt kiezen.<\/p>    <p> Vergeleken met een 1-rijige ma\u00efsplukker heeft de 2-rijige oogstmachine een groot volume en hoge arbeidseffici\u00ebntie. Bovendien is de machine uitgerust met een cabine zodat mensen de machine kunnen bedienen. Daarom kan deze machine gemakkelijk meerdere rijen ma\u00efs in een zeer korte tijd oogsten.<\/p>   <div class=\"wp-block-image\"> <figure class=\"aligncenter size-full\"><img loading=\"lazy\" decoding=\"async\" width=\"720\" height=\"540\" src=\"http:\/\/maizemachine.com\/wp-content\/uploads\/2022\/08\/two-row-corn-harvester.webp\" alt=\"twee rij ma\u00efs oogstmachine\" class=\"wp-image-101\" title=\"\" srcset=\"https:\/\/maizemachine.com\/wp-content\/uploads\/2022\/08\/two-row-corn-harvester.webp 720w, https:\/\/maizemachine.com\/wp-content\/uploads\/2022\/08\/two-row-corn-harvester-300x225.webp 300w\" sizes=\"auto, (max-width: 720px) 100vw, 720px\" \/><figcaption class=\"wp-element-caption\">twee rij ma\u00efs oogstmachine<\/figcaption><\/figure> <\/div>   <h2 class=\"wp-block-heading\" id=\"h-advantages-of-2-row-corn-picker\">Voordelen van de 2-rijige ma\u00efsoogstmachine van Shuliy<\/h2>    <ol class=\"wp-block-list\"> <li>Onze ma\u00efsoogstmachine maakt gebruik van eersteklas mechanische aandrijving en hydraulische aandrijftechnologie. Het is gemakkelijk te bedienen en te controleren.<\/li>    <li>Tegelijkertijd is de 2-rijige ma\u00efsplukker ge\u00efntegreerd met oogsten, transport, schillen en het vergruizen van stro. Dit kan aan verschillende behoeften voldoen.<\/li>    <li>De verliesratio van ma\u00efs tijdens het plukken is minder dan 3%.<\/li>    <li>De cabine die bij de machine is uitgerust, stelt mensen in staat om de machine te bedienen.<\/li>    <li>8 spiraalvormige rubberen rollen kunnen gemakkelijk de schil van de ma\u00efs verwijderen. Dit bespaart de moeite van het schillen.<\/li>    <li>Bovendien hoeven boeren geen extra geld uit te geven om ma\u00efsschillers te kopen.<\/li>    <li>Onze ma\u00efsoogstmachine is multifunctioneel, het kan ma\u00efs oogsten en stelen vergruizen om ze terug te brengen naar het veld.<\/li>    <li>Deze machine heeft een sterke aanpassingsvermogen en is geschikt voor complexe terreinen en slechte wegomstandigheden.<\/li>    <li>Het is ook zeer effici\u00ebnt - een ervaren operator kan meer dan 10 mu (ongeveer 1,6 acre) per dag oogsten.<\/li> <\/ol>   <div class=\"wp-block-image\"> <figure class=\"aligncenter size-full\"><img loading=\"lazy\" decoding=\"async\" width=\"720\" height=\"540\" src=\"http:\/\/maizemachine.com\/wp-content\/uploads\/2022\/08\/2-row-corn-harvester.webp\" alt=\"2 rij ma\u00efsoogstmachine\" class=\"wp-image-97\" title=\"\" srcset=\"https:\/\/maizemachine.com\/wp-content\/uploads\/2022\/08\/2-row-corn-harvester.webp 720w, https:\/\/maizemachine.com\/wp-content\/uploads\/2022\/08\/2-row-corn-harvester-300x225.webp 300w\" sizes=\"auto, (max-width: 720px) 100vw, 720px\" \/><figcaption class=\"wp-element-caption\">2 rij ma\u00efsoogstmachine<\/figcaption><\/figure> <\/div>   <h2 class=\"wp-block-heading\">Toepassingen van de 2-rijige ma\u00efs oogstmachine<\/h2>    <ul class=\"wp-block-list\"> <li>Grote vlakke landbouwgronden<\/li>    <li>Heuvelachtige of hellende terreinen<\/li>    <li>Onregelmatige of kleine percelen<\/li>    <li>Velden met zachte of vochtige grond<\/li>    <li>Afgelegen plattelandsgebieden met smalle of slechte wegtoegang<\/li>    <li>Kasgebieden of smalle veldranden waar grote machines niet kunnen komen<\/li> <\/ul>    <figure class=\"wp-block-image size-full\"><img loading=\"lazy\" decoding=\"async\" width=\"720\" height=\"540\" src=\"https:\/\/maizemachine.com\/wp-content\/uploads\/2022\/08\/Application-of-the-2-Row-corn-picker.webp\" alt=\"Toepassing van de 2 Rijen ma\u00efsoogstmachine\" class=\"wp-image-443\" title=\"\" srcset=\"https:\/\/maizemachine.com\/wp-content\/uploads\/2022\/08\/Application-of-the-2-Row-corn-picker.webp 720w, https:\/\/maizemachine.com\/wp-content\/uploads\/2022\/08\/Application-of-the-2-Row-corn-picker-300x225.webp 300w, https:\/\/maizemachine.com\/wp-content\/uploads\/2022\/08\/Application-of-the-2-Row-corn-picker-16x12.webp 16w\" sizes=\"auto, (max-width: 720px) 100vw, 720px\" \/><figcaption class=\"wp-element-caption\">Toepassing van de 2-rijige ma\u00efsplukker<\/figcaption><\/figure>    <h2 class=\"wp-block-heading\">Hoofdstructuur en uiterlijk van de 2-rijige ma\u00efsplukker<\/h2>    <p>De belangrijkste componenten van de 2-rijige ma\u00efs oogstmachine zijn de stopknop, het gaspedaal, de loopkoppeling, de hendels voor richting- en hoogte-instelling, de brandstoftank, de versnellingspook, de oogstkoppeling en de oogstbak.<\/p>    <figure class=\"wp-block-image size-full\"><img loading=\"lazy\" decoding=\"async\" width=\"720\" height=\"540\" src=\"https:\/\/maizemachine.com\/wp-content\/uploads\/2022\/08\/Various-views-of-a-2-row-corn-harvester.webp\" alt=\"Verschillende weergaven van een 2-rijige ma\u00efsoogstmachine\" class=\"wp-image-446\" title=\"\" srcset=\"https:\/\/maizemachine.com\/wp-content\/uploads\/2022\/08\/Various-views-of-a-2-row-corn-harvester.webp 720w, https:\/\/maizemachine.com\/wp-content\/uploads\/2022\/08\/Various-views-of-a-2-row-corn-harvester-300x225.webp 300w, https:\/\/maizemachine.com\/wp-content\/uploads\/2022\/08\/Various-views-of-a-2-row-corn-harvester-16x12.webp 16w\" sizes=\"auto, (max-width: 720px) 100vw, 720px\" \/><figcaption class=\"wp-element-caption\">Verschillende weergaven van een 2-rijige ma\u00efsoogstmachine<\/figcaption><\/figure>    <h2 class=\"wp-block-heading\">Hoe de 2-rijige ma\u00efsplukker te bedienen<\/h2>    <p class=\"translation-block\"><strong>Start de motor \u2192 Lopen en oogsten \u2192 Uitzetten<\/strong><\/p>    <h3 class=\"wp-block-heading\">De motor starten<\/h3>    <ul class=\"wp-block-list\"> <li>Voeg benzine toe (90 octaan of hoger aanbevolen).<\/li>    <li>Open de brandstofklep en start de luchtklep.<\/li>    <li>Trek aan de startknop om de motor te starten.<\/li>    <li>Zodra de motor stabiel is, sluit u langzaam de luchtklep.<\/li> <\/ul>    <h3 class=\"wp-block-heading\">Lopen en oogsten<\/h3>    <ul class=\"wp-block-list\"> <li>Pas de richting- en hoogtehendels aan.<\/li>    <li>Gebruik de loopkoppeling en de oogstkoppeling samen.<\/li>    <li>Wanneer de ma\u00efskolven vol zijn, laat ze dan los met de bedieningshendel.<\/li>    <li>Til het aandrijfwiel op bij het draaien om de weerstand te verminderen.<\/li> <\/ul>    <h3 class=\"wp-block-heading\">Afsluiten<\/h3>    <ul class=\"wp-block-list\"> <li>Verlaag het gas \u2192 ontkoppel de koppeling \u2192 druk op de stopknop.<\/li> <\/ul>    <h2 class=\"wp-block-heading\" id=\"h-parameters-of-2-row-corn-picker\">Parameters van een 2-rijige ma\u00efsplukker<\/h2>    <figure class=\"wp-block-table\"><table><tbody><tr><td>Model<\/td><td>CH-2<\/td><\/tr><tr><td>Cilinder<\/td><td>4<\/td><\/tr><tr><td>Afmeting<\/td><td>4850*1450*2600mm<\/td><\/tr><tr><td>Gewicht<\/td><td>2650<\/td><\/tr><tr><td>Rij<\/td><td>2<\/td><\/tr><tr><td>Snijbreedte<\/td><td>1135mm<\/td><\/tr><tr><td>Rijafstand<\/td><td>420-890mm<\/td><\/tr><tr><td>Max Snijdhoogte<\/td><td>2120mm<\/td><\/tr><tr><td>Minimale Afstand van de Grond<\/td><td>150mm<\/td><\/tr><tr><td>Werkingssnelheid<\/td><td>2.2-5.0km\/u<\/td><\/tr><tr><td>Capaciteit<\/td><td>0,15-0,3h\u33a1\/h<\/td><\/tr><tr><td>Brandstofverbruik<\/td><td>Minder dan 25kg\/h \u33a1<\/td><\/tr><tr><td>Schilroller<\/td><td>Spiraalrubberen roller<\/td><\/tr><tr><td>Schilapparaat<\/td><td>8 Schilrollers<\/td><\/tr><tr><td>Asafstand<\/td><td>2300mm<\/td><\/tr><tr><td>Breedte van het stro dat terug naar het veld gaat<\/td><td>930mm<\/td><\/tr><tr><td>Wielafstand<\/td><td>Voorwiel (1200mm)<br>Achterwiel (1300mm)<\/td><\/tr><\/tbody><\/table><\/figure>    <figure class=\"wp-block-gallery has-nested-images columns-default is-cropped wp-block-gallery-2 is-layout-flex wp-block-gallery-is-layout-flex\"> <figure class=\"wp-block-image size-large\"><img loading=\"lazy\" decoding=\"async\" width=\"720\" height=\"540\" data-id=\"444\" src=\"https:\/\/maizemachine.com\/wp-content\/uploads\/2022\/08\/2-row-corn-harvester-with-cab.webp\" alt=\"2-rijige ma\u00efsoogstmachine met cabine\" class=\"wp-image-444\" title=\"\" srcset=\"https:\/\/maizemachine.com\/wp-content\/uploads\/2022\/08\/2-row-corn-harvester-with-cab.webp 720w, https:\/\/maizemachine.com\/wp-content\/uploads\/2022\/08\/2-row-corn-harvester-with-cab-300x225.webp 300w, https:\/\/maizemachine.com\/wp-content\/uploads\/2022\/08\/2-row-corn-harvester-with-cab-16x12.webp 16w\" sizes=\"auto, (max-width: 720px) 100vw, 720px\" \/><figcaption class=\"wp-element-caption\">2-rijige ma\u00efs oogstmachine met cabine<\/figcaption><\/figure>    <figure class=\"wp-block-image size-large\"><img loading=\"lazy\" decoding=\"async\" width=\"720\" height=\"540\" data-id=\"445\" src=\"https:\/\/maizemachine.com\/wp-content\/uploads\/2022\/08\/2-row-corn-harvester-without-cab.webp\" alt=\"2-rijige ma\u00efsoogstmachine zonder cabine\" class=\"wp-image-445\" title=\"\" srcset=\"https:\/\/maizemachine.com\/wp-content\/uploads\/2022\/08\/2-row-corn-harvester-without-cab.webp 720w, https:\/\/maizemachine.com\/wp-content\/uploads\/2022\/08\/2-row-corn-harvester-without-cab-300x225.webp 300w, https:\/\/maizemachine.com\/wp-content\/uploads\/2022\/08\/2-row-corn-harvester-without-cab-16x12.webp 16w\" sizes=\"auto, (max-width: 720px) 100vw, 720px\" \/><figcaption class=\"wp-element-caption\">2-rijige ma\u00efs oogstmachine zonder cabine<\/figcaption><\/figure> <\/figure>    <h2 class=\"wp-block-heading\" id=\"h-maintenance-of-corn-harvester\">Onderhoud en reparatie van ma\u00efs oogstmachines<\/h2>    <p>Het onderhoud van de 2-rijige ma\u00efs oogstmachine is een routinematig en belangrijk project. Het omvat voornamelijk twee niveaus: voor de operatie en na de operatie. <\/p>    <p>Het onderhoud v\u00f3\u00f3r de operatie is voornamelijk bedoeld om ervoor te zorgen dat de machines in goede staat zijn. Het werk van een ma\u00efs-oogstmachine heeft een bepaalde fase. Machines werken meestal in de herfst. Wanneer de ma\u00efs-oogst is voltooid, komt deze in de inactieve toestand. Daarom is het noodzakelijk om na de operatie een controle uit te voeren.<\/p>    <ul class=\"wp-block-list\"> <li>Bedien volgens de instructies voor de operatie. Controleer of het koelwater, de brandstof, <a href=\"https:\/\/en.wikipedia.org\/wiki\/Lubrication\" target=\"_blank\" rel=\"noopener\">smerend<\/a> olie, en componenten zijn normaal verbonden.<\/li>    <li>Haal de luchtfilter eruit en maak deze schoon. Controleer of de onderdelen van de apparatuur goed vastzitten. Controleer regelmatig de losse onderdelen. Pas tijdig aanpassingen toe bij gevonden problemen.<\/li>    <li>Controleer na de operatie of er onkruid, slib en vuil op de machine zit. Maak indien nodig tijdig schoon.<\/li>    <li>Controleer of er schade binnenin de machine is.<\/li>    <li>Controleer of de transportband los zit.<\/li>    <li>Nadat de bovenstaande stappen zijn voltooid, is het noodzakelijk om olie in de snijmachine te vullen om ervoor te zorgen dat de apparatuur in normale staat verkeert.<\/li> <\/ul>   <div class=\"wp-block-image\"> <figure class=\"aligncenter size-full\"><img loading=\"lazy\" decoding=\"async\" width=\"720\" height=\"540\" src=\"http:\/\/maizemachine.com\/wp-content\/uploads\/2022\/08\/2-row-maize-harvester-in-factory.webp\" alt=\"2-rijige ma\u00efsoogstmachine in de fabriek\" class=\"wp-image-99\" title=\"\" srcset=\"https:\/\/maizemachine.com\/wp-content\/uploads\/2022\/08\/2-row-maize-harvester-in-factory.webp 720w, https:\/\/maizemachine.com\/wp-content\/uploads\/2022\/08\/2-row-maize-harvester-in-factory-300x225.webp 300w\" sizes=\"auto, (max-width: 720px) 100vw, 720px\" \/><figcaption class=\"wp-element-caption\">2-rijige ma\u00efsoogstmachine in de fabriek<\/figcaption><\/figure> <\/div>   <h3 class=\"wp-block-heading\">Regelmatig onderhoud<\/h3>    <ul class=\"wp-block-list\"> <li>Onderhoudsniveau 1: Elke 150 uur<\/li>    <li>Onderhoudsniveau 2: Elke 800 uur<\/li>    <li>Grote revisie: Elke 1500\u20132000 uur<\/li>    <li>Als je de machine lange tijd opslaat, maak deze dan schoon, vervang de olie, breng een roestwerende behandeling aan en houd deze droog.<\/li>    <li>Voor een nieuwe machine of na grote reparaties is een goede inloopperiode vereist voordat je deze regelmatig gebruikt.<\/li> <\/ul>    <h2 class=\"wp-block-heading\" id=\"h-2-row-corn-picker-for-sale\">2-rijige ma\u00efsplukker te koop<\/h2>    <p>De twee-rijige ma\u00efs oogstmachine is een populair model in ma\u00efs oogstmachines. We hebben ook hoogwaardige twee-rijige ma\u00efsplukkers te koop. Daarnaast verkopen we ook een-rijige ma\u00efs oogstmachines. <\/p>    <p class=\"translation-block\">Als professionele producent van ma\u00efsverwerkingsapparatuur hebben we ook een ma\u00efsmolen, een ma\u00efsplanter en een <a href=\"https:\/\/maizemachine.com\/nl\/product\/corn-mill-grinder\/\">ma\u00efsmeelmolen<\/a>. Bovendien zijn deze machines ook naar vele landen ge\u00ebxporteerd. Daarom hebben we rijke ervaring in machinale productie en export. Als u ge\u00efnteresseerd bent in deze 2-rijige ma\u00efsoogstmachine, neem dan gerust contact met ons op.<\/p>    <h2 class=\"wp-block-heading\">Video van een twee-rijige ma\u00efs oogstmachine<\/h2>    <figure class=\"wp-block-embed is-type-video is-provider-youtube wp-block-embed-youtube wp-embed-aspect-16-9 wp-has-aspect-ratio\"><div class=\"wp-block-embed__wrapper\"> <iframe loading=\"lazy\" title=\"2 Rijen Ma\u00efsplukker | Ma\u00efsoogstmachine met Lage Prijs\" width=\"500\" height=\"281\" src=\"https:\/\/www.youtube.com\/embed\/pkEAzDVLqJM?feature=oembed\" frameborder=\"0\" allow=\"accelerometer; autoplay; clipboard-write; encrypted-media; gyroscope; picture-in-picture; web-share\" referrerpolicy=\"strict-origin-when-cross-origin\" allowfullscreen><\/iframe> <\/div><\/figure>    <h2 class=\"wp-block-heading\">Probleemoplossing voor 2-rijige ma\u00efs oogstmachine<\/h2>    <h3 class=\"wp-block-heading\">Verstopping van de ear-picking roller<\/h3>    <p class=\"translation-block\">Mogelijke oorzaken zijn te veel onkruid in het veld, een grote opening tussen de grasafsnijbladen, een kleine opening tussen de oorplukrollen, een onjuiste rijsnelheid of problemen met de gewasgeleidingsketting.<br><strong>Oplossingen:<\/strong> Het vertragen van de rijsnelheid, het aanpassen van de bladafstand, het aanpassen van de rolspeling, het veranderen van de werkende versnelling, het repareren van de gewasgeleidingsketting en het aanpassen van de veer.<\/p>    <h3 class=\"wp-block-heading\">Oververhitting van de hoofdschacht van de hakselaar<\/h3>    <p class=\"translation-block\">Mogelijke oorzaken zijn een gebrek aan olie of oliefalen, een te strakke V-snaar, of beschadigde lagers.<br><strong>Oplossingen:<\/strong> Olie toevoegen, de spanning van de V-snaar aanpassen, of de lagers of V-snaar vervangen.<\/p>    <h3 class=\"wp-block-heading\">Elevatorketting beweegt niet<\/h3>    <p class=\"translation-block\">Mogelijke oorzaken zijn dat de ketting eraf is, beschadigde assen, of blokkering door vuil in de transporteur.<br><strong>Oplossingen:<\/strong> De ketting of onderdelen aanpassen of vervangen en vuil uit de transporteur verwijderen.<\/p>    <h3 class=\"wp-block-heading\">Slechte kwaliteit van het hakselen van stro<\/h3>    <p class=\"translation-block\">Mogelijke oorzaken zijn onjuiste rijafstand, een losse of slippende aandrijfriem, hoge rijsnelheid, oneffen terrein, of ernstig versleten hamers.<br><strong>Oplossingen:<\/strong> Pas de aandrijving aan om de rijafstand te verbeteren, span de riem aan om de wrijving te verhogen, en verlaag de snelheid om slijtage van de hamers te voorkomen.<\/p>    <h3 class=\"wp-block-heading\">Ongewone geluiden uit de versnellingsbak<\/h3>    <p class=\"translation-block\">Mogelijke oorzaken zijn een onjuiste tandwielspeling, beschadigde tandwielen of lagers, of gebrek aan smering.<br><strong>Oplossingen<\/strong>: Pas de tandwielspeling aan naar het juiste bereik, vervang beschadigde onderdelen en voeg olie toe voor smering.<\/p>    <p>Voor meer vragen over de 2-rijige ma\u00efsoogstmachine kunt u gerust contact met ons opnemen. We bieden gratis productconsultatie aan.<\/p>","protected":false},"excerpt":{"rendered":"<p>The 2 row corn picker is a machine that harvests two rows of corn at the same time. It belongs to multi row corn harvesting equipment. We also have a single-row maize harvester, 3 row corn picker, and 4 row corn harvester for you to choose from. Compared with 1 row corn picker, the two [&hellip;]<\/p>\n","protected":false},"author":1,"featured_media":98,"parent":0,"template":"","tags":[12],"product-type":[8],"class_list":["post-95","product","type-product","status-publish","has-post-thumbnail","hentry","tag-corn-harvester","product-type-corn-harvester"],"_links":{"self":[{"href":"https:\/\/maizemachine.com\/nl\/wp-json\/wp\/v2\/product\/95","targetHints":{"allow":["GET"]}}],"collection":[{"href":"https:\/\/maizemachine.com\/nl\/wp-json\/wp\/v2\/product"}],"about":[{"href":"https:\/\/maizemachine.com\/nl\/wp-json\/wp\/v2\/types\/product"}],"author":[{"embeddable":true,"href":"https:\/\/maizemachine.com\/nl\/wp-json\/wp\/v2\/users\/1"}],"wp:featuredmedia":[{"embeddable":true,"href":"https:\/\/maizemachine.com\/nl\/wp-json\/wp\/v2\/media\/98"}],"wp:attachment":[{"href":"https:\/\/maizemachine.com\/nl\/wp-json\/wp\/v2\/media?parent=95"}],"wp:term":[{"taxonomy":"post_tag","embeddable":true,"href":"https:\/\/maizemachine.com\/nl\/wp-json\/wp\/v2\/tags?post=95"},{"taxonomy":"product-type","embeddable":true,"href":"https:\/\/maizemachine.com\/nl\/wp-json\/wp\/v2\/product-type?post=95"}],"curies":[{"name":"wp","href":"https:\/\/api.w.org\/{rel}","templated":true}]}}