{"id":86,"date":"2022-08-24T01:46:15","date_gmt":"2022-08-24T01:46:15","guid":{"rendered":"https:\/\/maizemachine.com\/?post_type=product&#038;p=86"},"modified":"2026-02-10T17:55:03","modified_gmt":"2026-02-10T09:55:03","slug":"one-row-corn-picker","status":"publish","type":"product","link":"https:\/\/maizemachine.com\/nl\/product\/one-row-corn-picker\/","title":{"rendered":"E\u00e9n Rij Ma\u00efsoogstmachine | Ma\u00efsoogster"},"content":{"rendered":"<p class=\"translation-block\">De <strong><mark class=\"has-inline-color has-luminous-vivid-amber-color\">een rij ma\u00efskorrelplukker <\/mark><\/strong>is een compacte en flexibele kleine machine, ontworpen voor kleine tot middelgrote velden, heuvelachtige gebieden en familieboerderijen. Het kan <strong><mark class=\"has-inline-color has-luminous-vivid-amber-color\">ma\u00efs oogsten, staken breken en terugbrengen naar het veld, en ma\u00efskolven verzamelen<\/mark><\/strong> alles in \u00e9\u00e9n pass, wat de effici\u00ebntie aanzienlijk verbetert in vergelijking met handmatig oogsten. Het is een ideale keuze voor boeren die gemotoriseerd ma\u00efs oogsten zoeken.<\/p>    <figure class=\"wp-block-embed is-type-video is-provider-youtube wp-block-embed-youtube wp-embed-aspect-16-9 wp-has-aspect-ratio\"><div class=\"wp-block-embed__wrapper\"> <iframe loading=\"lazy\" title=\"Een kleine ma\u00efs oogstmachine geschikt voor kleine boerderijen, heuvelachtige terreinen en familiebedrijven.\" width=\"500\" height=\"281\" src=\"https:\/\/www.youtube.com\/embed\/WwK4wuOOnIQ?feature=oembed\" frameborder=\"0\" allow=\"accelerometer; autoplay; clipboard-write; encrypted-media; gyroscope; picture-in-picture; web-share\" referrerpolicy=\"strict-origin-when-cross-origin\" allowfullscreen><\/iframe> <\/div><\/figure>    <p class=\"translation-block\">Wij bieden twee modellen aan: <mark class=\"has-inline-color has-luminous-vivid-amber-color\"><strong>TZ-125<\/strong><\/mark> en<mark class=\"has-inline-color has-luminous-vivid-amber-color\"> <strong>TZ-265<\/strong><\/mark>, uitgerust met respectievelijk een benzinemotor en een luchtgekoelde dieselmotor, met een werkcapaciteit van<strong><mark class=\"has-inline-color has-luminous-vivid-amber-color\"> 0,03\u20130,06 <\/mark><\/strong>hectares per uur.<\/p>    <p class=\"translation-block\">Dit type ma\u00efsoogstmachine met \u00e9\u00e9n rij is populair bij klanten in veel landen, waaronder <strong><em>Brazili\u00eb, Tanzania, Mexico, Indonesi\u00eb en Vietnam etc.<\/em><\/strong><\/p>   <div class=\"wp-block-image\"> <figure class=\"aligncenter size-full\"><img loading=\"lazy\" decoding=\"async\" width=\"720\" height=\"540\" src=\"http:\/\/maizemachine.com\/wp-content\/uploads\/2022\/08\/maize-harvester-for-sale.webp\" alt=\"ma\u00efsoogstmachine te koop\" class=\"wp-image-91\" title=\"\" srcset=\"https:\/\/maizemachine.com\/wp-content\/uploads\/2022\/08\/maize-harvester-for-sale.webp 720w, https:\/\/maizemachine.com\/wp-content\/uploads\/2022\/08\/maize-harvester-for-sale-300x225.webp 300w\" sizes=\"auto, (max-width: 720px) 100vw, 720px\" \/><figcaption class=\"wp-element-caption\">ma\u00efsoogstmachine te koop<\/figcaption><\/figure> <\/div>   <h2 class=\"wp-block-heading\" id=\"h-what-are-the-characteristics-of-single-row-corn-harvester\">Wat zijn de kenmerken van eenrijige ma\u00efsplukker?<\/h2>    <div class=\"wp-block-columns is-layout-flex wp-container-core-columns-is-layout-9d6595d7 wp-block-columns-is-layout-flex\"> <div class=\"wp-block-column is-layout-flow wp-block-column-is-layout-flow\"> <h3 class=\"wp-block-heading\">Compact ontwerp, kleine afmetingen<\/h3>    <ul class=\"wp-block-list\"> <li>Met een machinegrootte van slechts <strong><em>1820\u00d7800\u00d71190mm<\/em><\/strong>, het is ideaal voor smalle velden, onregelmatige ruggen en kleine percelen.<\/li>    <li>Gemakkelijk te manoeuvreren in krappe ruimtes, vooral in heuvelachtige of bergachtige gebieden waar grotere machines niet kunnen opereren.<\/li> <\/ul> <\/div>    <div class=\"wp-block-column is-layout-flow wp-block-column-is-layout-flow\"> <h3 class=\"wp-block-heading\">Multifunctioneel, hoge automatisering<\/h3>    <ul class=\"wp-block-list\"> <li>Het kan gelijktijdig ma\u00efs oogsten, staken breken en terugbrengen naar het veld, en ma\u00efskolven verzamelen in \u00e9\u00e9n pass.<\/li>    <li>Vermindert de arbeidskosten aanzienlijk en verbetert de algehele oogsteffici\u00ebntie\u2014geen behoefte aan secundair handmatig ontdoppen.<\/li> <\/ul> <\/div> <\/div>    <div class=\"wp-block-columns is-layout-flex wp-container-core-columns-is-layout-9d6595d7 wp-block-columns-is-layout-flex\"> <div class=\"wp-block-column is-layout-flow wp-block-column-is-layout-flow\"> <h3 class=\"wp-block-heading\">Effici\u00ebnt snijsysteem met 10 messen<\/h3>    <ul class=\"wp-block-list\"> <li>Voorzien van <strong><em>10 <\/em><\/strong>duurzame, hogesnelheidsbladen die verschillende ma\u00efs dichtheden aankunnen.<\/li>    <li>Zorgt voor een schone snede met minimaal verlies of gemiste stelen, wat de productiviteit en outputkwaliteit verbetert.<\/li> <\/ul> <\/div>    <div class=\"wp-block-column is-layout-flow wp-block-column-is-layout-flow\"> <h3 class=\"wp-block-heading\">Laag brandstofverbruik, energiezuinig<\/h3>    <ul class=\"wp-block-list\"> <li>Brandstofverbruik is <strong><em>\u226410 kg<\/em><\/strong> per uur per hectare, dankzij het lichte en effici\u00ebnte ontwerp.<\/li> <\/ul>    <ul class=\"wp-block-list\"> <li>Ideaal voor kleine boerderijen of individuele gebruikers die brandstofkosten willen besparen terwijl ze een hoge productiviteit behouden.<\/li> <\/ul> <\/div> <\/div>   <div class=\"wp-block-image\"> <figure class=\"aligncenter size-full\"><img loading=\"lazy\" decoding=\"async\" width=\"720\" height=\"540\" src=\"https:\/\/maizemachine.com\/wp-content\/uploads\/2022\/08\/Small-1-Row-Corn-Harvester.webp\" alt=\"Kleine 1 Rij Ma\u00efs Oogstmachine\" class=\"wp-image-506\" title=\"\" srcset=\"https:\/\/maizemachine.com\/wp-content\/uploads\/2022\/08\/Small-1-Row-Corn-Harvester.webp 720w, https:\/\/maizemachine.com\/wp-content\/uploads\/2022\/08\/Small-1-Row-Corn-Harvester-300x225.webp 300w, https:\/\/maizemachine.com\/wp-content\/uploads\/2022\/08\/Small-1-Row-Corn-Harvester-16x12.webp 16w\" sizes=\"auto, (max-width: 720px) 100vw, 720px\" \/><figcaption class=\"wp-element-caption\">Kleine 1 Rij Ma\u00efs Oogstmachine<\/figcaption><\/figure> <\/div>   <div class=\"wp-block-columns is-layout-flex wp-container-core-columns-is-layout-9d6595d7 wp-block-columns-is-layout-flex\"> <div class=\"wp-block-column is-layout-flow wp-block-column-is-layout-flow\"> <h3 class=\"wp-block-heading\">Aanpasbaar aan Complexe Terrein<\/h3>    <ul class=\"wp-block-list\"> <li>Met een totaalgewicht van slechts<strong><em> 265 kg <\/em><\/strong>en met een laag zwaartepunt blijft de machine stabiel, zelfs op oneffen terrein.<\/li>    <li>Perfect voor gebruik in bergachtige of hellende velden waar grootschalige oogstmachines niet geschikt zijn.<\/li> <\/ul> <\/div>    <div class=\"wp-block-column is-layout-flow wp-block-column-is-layout-flow\"> <h3 class=\"wp-block-heading\">Eenvoudig te bedienen \u2013 \u00c9\u00e9n persoon bediening<\/h3>    <ul class=\"wp-block-list\"> <li>Eenvoudige en intu\u00eftieve bediening; verstelbare handgreep voor het comfort van de operator.<\/li>    <li>Geen speciale training vereist - geschikt zelfs voor oudere boeren of vrouwelijke operators.<\/li> <\/ul> <\/div> <\/div>    <div class=\"wp-block-columns is-layout-flex wp-container-core-columns-is-layout-9d6595d7 wp-block-columns-is-layout-flex\"> <div class=\"wp-block-column is-layout-flow wp-block-column-is-layout-flow\"> <h3 class=\"wp-block-heading\">Eenvoudig onderhoud, lage storingsfrequentie<\/h3>    <ul class=\"wp-block-list\"> <li>Een eenvoudige mechanische structuur maakt <strong><em>schoonmaken<\/em><\/strong> en onderhoud is eenvoudig, voornamelijk het controleren van riemen, het oli\u00ebn van onderdelen en het schoonmaken van messen.<\/li>    <li>Lage onderhoudskosten en een lange levensduur, wat zorgt voor betrouwbaarheid in het veld.<\/li> <\/ul> <\/div>    <div class=\"wp-block-column is-layout-flow wp-block-column-is-layout-flow\"> <h3 class=\"wp-block-heading\">Flexibele combinatiemogelijkheden<\/h3>    <ul class=\"wp-block-list\"> <li>Kan worden getrokken door een kleine tractor of aangepast voor zelfaangedreven werking met een motor.<\/li>    <li>Aanpasbaar aan verschillende boerderijformaten en vermogensconfiguraties op basis van de behoeften van de gebruiker.<\/li> <\/ul> <\/div> <\/div>   <div class=\"wp-block-image\"> <figure class=\"aligncenter size-full\"><img loading=\"lazy\" decoding=\"async\" width=\"720\" height=\"540\" src=\"http:\/\/maizemachine.com\/wp-content\/uploads\/2022\/08\/one-row-corn-picker.webp\" alt=\"\u00e9\u00e9n rij ma\u00efsplukker\" class=\"wp-image-93\" title=\"\" srcset=\"https:\/\/maizemachine.com\/wp-content\/uploads\/2022\/08\/one-row-corn-picker.webp 720w, https:\/\/maizemachine.com\/wp-content\/uploads\/2022\/08\/one-row-corn-picker-300x225.webp 300w\" sizes=\"auto, (max-width: 720px) 100vw, 720px\" \/><figcaption class=\"wp-element-caption\">\u00e9\u00e9n rij ma\u00efsplukker<\/figcaption><\/figure> <\/div>   <h2 class=\"wp-block-heading\" id=\"h-structure-of-one-row-corn-picker\">Structuur van een rij ma\u00efsplukker<\/h2>    <p>De structuur van de eenrijige ma\u00efs oogstmachine is compact. Het bestaat voornamelijk uit een frame, een hopper, een motor, een wiel, een in hoogte verstelbare handgreep, een rijkoppeling, een rol en een vergruizing apparaat.<\/p>   <div class=\"wp-block-image\"> <figure class=\"aligncenter size-full\"><img loading=\"lazy\" decoding=\"async\" width=\"720\" height=\"540\" src=\"http:\/\/maizemachine.com\/wp-content\/uploads\/2022\/08\/small-corn-harvester.webp\" alt=\"de structuur van kleine ma\u00efsoogstmachine\" class=\"wp-image-94\" title=\"\" srcset=\"https:\/\/maizemachine.com\/wp-content\/uploads\/2022\/08\/small-corn-harvester.webp 720w, https:\/\/maizemachine.com\/wp-content\/uploads\/2022\/08\/small-corn-harvester-300x225.webp 300w\" sizes=\"auto, (max-width: 720px) 100vw, 720px\" \/><figcaption class=\"wp-element-caption\">De structuur van een kleine ma\u00efs oogstmachine<\/figcaption><\/figure> <\/div>   <h2 class=\"wp-block-heading\" id=\"h-parameters-of-corn-harvester\">Parameters van de ma\u00efs oogstmachine<\/h2>    <h3 class=\"wp-block-heading has-text-align-center\">TZ-265<\/h3>    <figure class=\"wp-block-table\"><table><tbody><tr><td>Model<\/td><td>TZ-265<\/td><\/tr><tr><td>Grootte<\/td><td>1820*800*1190mm<\/td><\/tr><tr><td>Gewicht<\/td><td>265kg<\/td><\/tr><tr><td>Werkingssnelheid<\/td><td>0.75-1.44km\/u<\/td><\/tr><tr><td>Brandstofverbruik van de werkzone<\/td><td>\u226410kg\/hm\u00b2<\/td><\/tr><tr><td>Uren van productiviteit<\/td><td>0,03-0,06 hectare\/u<\/td><\/tr><tr><td>Aantal messen<\/td><td>10<\/td><\/tr><tr><td>Vermogen<\/td><td>luchtgekoelde dieselmotor<\/td><\/tr><tr><td>Stoppelhoogte<\/td><td>8-15 cm (verstelbaar)<\/td><\/tr><tr><td>Verpulveringspercentage<\/td><td>&gt;98%<\/td><\/tr><\/tbody><\/table><\/figure>   <div class=\"wp-block-image\"> <figure class=\"aligncenter size-full\"><img loading=\"lazy\" decoding=\"async\" width=\"720\" height=\"540\" src=\"https:\/\/maizemachine.com\/wp-content\/uploads\/2026\/02\/Small-Corn-Harvester-with-Diesel-Engine.webp\" alt=\"Kleine ma\u00efsharvester met dieselmotor\" class=\"wp-image-855\" title=\"\" srcset=\"https:\/\/maizemachine.com\/wp-content\/uploads\/2026\/02\/Small-Corn-Harvester-with-Diesel-Engine.webp 720w, https:\/\/maizemachine.com\/wp-content\/uploads\/2026\/02\/Small-Corn-Harvester-with-Diesel-Engine-300x225.webp 300w, https:\/\/maizemachine.com\/wp-content\/uploads\/2026\/02\/Small-Corn-Harvester-with-Diesel-Engine-16x12.webp 16w\" sizes=\"auto, (max-width: 720px) 100vw, 720px\" \/><figcaption class=\"wp-element-caption\">Kleine ma\u00efsharvester met dieselmotor<\/figcaption><\/figure> <\/div>   <h3 class=\"wp-block-heading has-text-align-center\">TZ-125<\/h3>    <figure class=\"wp-block-table\"><table><tbody><tr><td>Model<\/td><td>TZ-125<\/td><\/tr><tr><td>Grootte<\/td><td>1820*800*1190mm<\/td><\/tr><tr><td>Gewicht<\/td><td>265kg<\/td><\/tr><tr><td>Werkingssnelheid<\/td><td>0.75-1.44km\/u<\/td><\/tr><tr><td>Brandstofverbruik van de werkzone<\/td><td>\u226410kg\/hm\u00b2<\/td><\/tr><tr><td>Uren van productiviteit<\/td><td>0,03-0,06 hectare\/u<\/td><\/tr><tr><td>Aantal messen<\/td><td>10<\/td><\/tr><tr><td>Vermogen<\/td><td>benzinemotor<\/td><\/tr><tr><td>Stoppelhoogte<\/td><td>8-15 cm (verstelbaar)<\/td><\/tr><tr><td>Verpulveringspercentage<\/td><td>&gt;98%<\/td><\/tr><\/tbody><\/table><\/figure>   <div class=\"wp-block-image\"> <figure class=\"aligncenter size-full\"><img loading=\"lazy\" decoding=\"async\" width=\"720\" height=\"540\" src=\"https:\/\/maizemachine.com\/wp-content\/uploads\/2026\/02\/Small-Corn-Harvester-with-Gasoline-Engine.webp\" alt=\"Kleine ma\u00efsharvester met benzinemotor\" class=\"wp-image-856\" title=\"\" srcset=\"https:\/\/maizemachine.com\/wp-content\/uploads\/2026\/02\/Small-Corn-Harvester-with-Gasoline-Engine.webp 720w, https:\/\/maizemachine.com\/wp-content\/uploads\/2026\/02\/Small-Corn-Harvester-with-Gasoline-Engine-300x225.webp 300w, https:\/\/maizemachine.com\/wp-content\/uploads\/2026\/02\/Small-Corn-Harvester-with-Gasoline-Engine-16x12.webp 16w\" sizes=\"auto, (max-width: 720px) 100vw, 720px\" \/><figcaption class=\"wp-element-caption\">Kleine ma\u00efsharvester met benzinemotor<\/figcaption><\/figure> <\/div>   <p class=\"translation-block\">De afmeting van deze kleine ma\u00efsharvester is <strong><em>1820 * 800 * 1190 mm<\/em><\/strong>. Het gewicht is <strong><em>265 kg<\/em><\/strong>. De maximale werk snelheid kan oplopen tot <strong><em>1,4 km\/u. <\/em><\/strong>De productiviteit per uur is <strong><em>0,03-0,06 hectare.<\/em><\/strong> Daarom kan het voldoen aan de meeste werkvereisten voor kleine gebieden.<\/p>    <h2 class=\"wp-block-heading\" id=\"h-how-does-a-corn-harvester-work\">Hoe werkt een ma\u00efs oogstmachine?<\/h2>    <p class=\"translation-block\">De ma\u00efsoogstmachine met \u00e9\u00e9n rij heeft een motor. Hij kan ma\u00efs plukken en opslaan in een mand. Tegelijkertijd werden de ma\u00efsstengels verkleind. De banden worden aangedreven door een <a href=\"https:\/\/en.wikipedia.org\/wiki\/Propulsion_transmission#Multi-ratio_systems\" target=\"_blank\" rel=\"noopener\">versnellingsbak<\/a>. Twee oogstwielen en een verkleiningsbladengroep worden aangedreven door een andere versnellingsbak. Wanneer de machine vooruit beweegt, trekt hij de ma\u00efsstengels de maaibalk in. Vervolgens zal de breekbladengroep de ma\u00efsstengels breken.<\/p>    <div class=\"wp-block-columns is-layout-flex wp-container-core-columns-is-layout-9d6595d7 wp-block-columns-is-layout-flex\"> <div class=\"wp-block-column is-layout-flow wp-block-column-is-layout-flow\"> <figure class=\"wp-block-image size-full\"><img loading=\"lazy\" decoding=\"async\" width=\"479\" height=\"359\" src=\"http:\/\/maizemachine.com\/wp-content\/uploads\/2022\/08\/corn-pickers-in-factory.webp\" alt=\"ma\u00efsplukkers in de fabriek\" class=\"wp-image-90\" title=\"\" srcset=\"https:\/\/maizemachine.com\/wp-content\/uploads\/2022\/08\/corn-pickers-in-factory.webp 479w, https:\/\/maizemachine.com\/wp-content\/uploads\/2022\/08\/corn-pickers-in-factory-300x225.webp 300w\" sizes=\"auto, (max-width: 479px) 100vw, 479px\" \/><figcaption class=\"wp-element-caption\">Ma\u00efsplukkers in de fabriek<\/figcaption><\/figure> <\/div>    <div class=\"wp-block-column is-layout-flow wp-block-column-is-layout-flow\"> <figure class=\"wp-block-image size-full\"><img loading=\"lazy\" decoding=\"async\" width=\"479\" height=\"359\" src=\"http:\/\/maizemachine.com\/wp-content\/uploads\/2022\/08\/corn-picker.webp\" alt=\"ma\u00efsplukker\" class=\"wp-image-89\" title=\"\" srcset=\"https:\/\/maizemachine.com\/wp-content\/uploads\/2022\/08\/corn-picker.webp 479w, https:\/\/maizemachine.com\/wp-content\/uploads\/2022\/08\/corn-picker-300x225.webp 300w\" sizes=\"auto, (max-width: 479px) 100vw, 479px\" \/><figcaption class=\"wp-element-caption\">Ma\u00efsplukker<\/figcaption><\/figure> <\/div> <\/div>    <h2 class=\"wp-block-heading\">Leveringsgevallen van eenrijige ma\u00efs oogstmachine<\/h2>    <figure class=\"wp-block-gallery has-nested-images columns-default is-cropped wp-block-gallery-2 is-layout-flex wp-block-gallery-is-layout-flex\"> <figure class=\"wp-block-image size-large\"><img loading=\"lazy\" decoding=\"async\" width=\"720\" height=\"540\" data-id=\"509\" src=\"https:\/\/maizemachine.com\/wp-content\/uploads\/2022\/08\/Workers-are-packing.webp\" alt=\"Werknemers zijn aan het inpakken\" class=\"wp-image-509\" title=\"\" srcset=\"https:\/\/maizemachine.com\/wp-content\/uploads\/2022\/08\/Workers-are-packing.webp 720w, https:\/\/maizemachine.com\/wp-content\/uploads\/2022\/08\/Workers-are-packing-300x225.webp 300w, https:\/\/maizemachine.com\/wp-content\/uploads\/2022\/08\/Workers-are-packing-16x12.webp 16w\" sizes=\"auto, (max-width: 720px) 100vw, 720px\" \/><figcaption class=\"wp-element-caption\">Werknemers zijn aan het inpakken<\/figcaption><\/figure>    <figure class=\"wp-block-image size-large\"><img loading=\"lazy\" decoding=\"async\" width=\"720\" height=\"540\" data-id=\"507\" src=\"https:\/\/maizemachine.com\/wp-content\/uploads\/2022\/08\/The-corn-harvester-has-been-packed.webp\" alt=\"De ma\u00efs oogstmachine is ingepakt\" class=\"wp-image-507\" title=\"\" srcset=\"https:\/\/maizemachine.com\/wp-content\/uploads\/2022\/08\/The-corn-harvester-has-been-packed.webp 720w, https:\/\/maizemachine.com\/wp-content\/uploads\/2022\/08\/The-corn-harvester-has-been-packed-300x225.webp 300w, https:\/\/maizemachine.com\/wp-content\/uploads\/2022\/08\/The-corn-harvester-has-been-packed-16x12.webp 16w\" sizes=\"auto, (max-width: 720px) 100vw, 720px\" \/><figcaption class=\"wp-element-caption\">De ma\u00efs oogstmachine is ingepakt<\/figcaption><\/figure> <\/figure>    <h2 class=\"wp-block-heading\" id=\"h-one-row-corn-picker-for-sale\">Een rij ma\u00efsplukker te koop<\/h2>    <p class=\"translation-block\">In <a href=\"https:\/\/maizemachine.com\/nl\/\">Taizy corn machinery factory<\/a> hebben we een eenrijige ma\u00efsplukker te koop. Daarnaast hebben we veelrijige ma\u00efsoogstmachines te koop. U kunt kiezen op basis van uw eigen behoeften. Als u andere speciale wensen heeft, kunnen we ook op maat gemaakte diensten voor u aanbieden. Het belangrijkste is dat de prijs van een eenrijige ma\u00efsplukker betaalbaar is. Dus het is kosteneffectief, of u het nu gebruikt of huurt.<\/p>    <h2 class=\"wp-block-heading\">Gerelateerde machine aanbevelingen<\/h2>    <p class=\"translation-block\">Tegelijkertijd bieden wij ook <strong><a href=\"https:\/\/maizemachine.com\/nl\/product\/multifunctional-maize-thresher-machine\/\">ma\u00efs dorsmachines<\/a><\/strong> en <strong><a href=\"https:\/\/maizemachine.com\/nl\/product\/corn-grits-making-machine\/\">ma\u00efsgruttenmachines<\/a><\/strong> aan. Als u ge\u00efnteresseerd bent in verdere verwerking van ma\u00efs, neem dan gerust contact met ons op voor meer details.<\/p>    <figure class=\"wp-block-gallery has-nested-images columns-default is-cropped wp-block-gallery-3 is-layout-flex wp-block-gallery-is-layout-flex\"> <figure class=\"wp-block-image size-large\"><img loading=\"lazy\" decoding=\"async\" width=\"720\" height=\"540\" data-id=\"280\" src=\"https:\/\/maizemachine.com\/wp-content\/uploads\/2023\/03\/maize-thresher-machine.webp\" alt=\"multifunctionele ma\u00efsplukker te koop\" class=\"wp-image-280\" title=\"\" srcset=\"https:\/\/maizemachine.com\/wp-content\/uploads\/2023\/03\/maize-thresher-machine.webp 720w, https:\/\/maizemachine.com\/wp-content\/uploads\/2023\/03\/maize-thresher-machine-300x225.webp 300w\" sizes=\"auto, (max-width: 720px) 100vw, 720px\" \/><figcaption class=\"wp-element-caption\">Multifunctionele Ma\u00efsoogstmachine Te Koop<\/figcaption><\/figure>    <figure class=\"wp-block-image size-large\"><img loading=\"lazy\" decoding=\"async\" width=\"720\" height=\"540\" data-id=\"326\" src=\"https:\/\/maizemachine.com\/wp-content\/uploads\/2023\/08\/corn-grits-machine.webp\" alt=\"ma\u00efsgroentenmachine\" class=\"wp-image-326\" title=\"\" srcset=\"https:\/\/maizemachine.com\/wp-content\/uploads\/2023\/08\/corn-grits-machine.webp 720w, https:\/\/maizemachine.com\/wp-content\/uploads\/2023\/08\/corn-grits-machine-300x225.webp 300w\" sizes=\"auto, (max-width: 720px) 100vw, 720px\" \/><figcaption class=\"wp-element-caption\">Ma\u00efsgruttenmachine<\/figcaption><\/figure> <\/figure>    <div class=\"wp-block-columns is-layout-flex wp-container-core-columns-is-layout-9d6595d7 wp-block-columns-is-layout-flex\"> <div class=\"wp-block-column is-layout-flow wp-block-column-is-layout-flow\"> <figure class=\"wp-block-embed is-type-wp-embed is-provider-maize-machine wp-block-embed-maize-machine\"><div class=\"wp-block-embed__wrapper\"> <blockquote class=\"wp-embedded-content\" data-secret=\"PbJBFQpCXI\"><a href=\"https:\/\/maizemachine.com\/nl\/product\/multifunctional-maize-thresher-machine\/\">2-4 Ton\/h Multifunctionele Ma\u00efs Dorsmachine voor Verkoop<\/a><\/blockquote><iframe loading=\"lazy\" class=\"wp-embedded-content\" sandbox=\"allow-scripts\" security=\"restricted\" style=\"position: absolute; visibility: hidden;\" title=\"\u201c2-4 ton\/u multifunctioneel ma\u00efs dorsmachine te koop\u201d \u2014 Ma\u00efs machine\" src=\"https:\/\/maizemachine.com\/product\/multifunctional-maize-thresher-machine\/embed\/#?secret=wcJsr7KeT8#?secret=PbJBFQpCXI\" data-secret=\"PbJBFQpCXI\" width=\"500\" height=\"282\" frameborder=\"0\" marginwidth=\"0\" marginheight=\"0\" scrolling=\"no\"><\/iframe> <\/div><\/figure> <\/div>    <div class=\"wp-block-column is-layout-flow wp-block-column-is-layout-flow\"> <figure class=\"wp-block-embed is-type-wp-embed is-provider-maize-machine wp-block-embed-maize-machine\"><div class=\"wp-block-embed__wrapper\"> <blockquote class=\"wp-embedded-content\" data-secret=\"KTj3yz68Me\"><a href=\"https:\/\/maizemachine.com\/nl\/product\/corn-grits-making-machine\/\">Ma\u00efsgriesmachine voor het maken van ma\u00efsgries, ma\u00efsmeel<\/a><\/blockquote><iframe loading=\"lazy\" class=\"wp-embedded-content\" sandbox=\"allow-scripts\" security=\"restricted\" style=\"position: absolute; visibility: hidden;\" title=\"\u201cMa\u00efsgries Maken Machine voor het Maken van Ma\u00efsgries, Ma\u00efsmeel\u201d \u2014 Ma\u00efs Machine\" src=\"https:\/\/maizemachine.com\/product\/corn-grits-making-machine\/embed\/#?secret=GWoQBzoZLk#?secret=KTj3yz68Me\" data-secret=\"KTj3yz68Me\" width=\"500\" height=\"282\" frameborder=\"0\" marginwidth=\"0\" marginheight=\"0\" scrolling=\"no\"><\/iframe> <\/div><\/figure> <\/div> <\/div>    <h2 class=\"wp-block-heading\">FAQ \u2013 een rij ma\u00efskorrelplukker<\/h2>   <div id=\"rank-math-faq\" class=\"rank-math-block\"> <div class=\"rank-math-list\"> <div id=\"faq-question-1770716338753\" class=\"rank-math-list-item\"> <h3 class=\"rank-math-question\">Kan het ma\u00efs pellen?<\/h3> <div class=\"rank-math-answer\">  <p>Nee.<\/p>  <\/div> <\/div> <div id=\"faq-question-1770716351237\" class=\"rank-math-list-item\"> <h3 class=\"rank-math-question\">Wat gebeurt er met de ma\u00efsstengels?<\/h3> <div class=\"rank-math-answer\">  <p>De stengels worden vermalen door de breekbladen en teruggebracht naar het veld.<\/p>  <\/div> <\/div> <div id=\"faq-question-1770716382840\" class=\"rank-math-list-item\"> <h3 class=\"rank-math-question\">Wat is de stoppelhoogte?<\/h3> <div class=\"rank-math-answer\">  <p>Verstelbaar, met een minimale hoogte van 10 cm.<\/p>  <\/div> <\/div> <div id=\"faq-question-1770716410381\" class=\"rank-math-list-item\"> <h3 class=\"rank-math-question\">Wat is de krachtconfiguratie?<\/h3> <div class=\"rank-math-answer\">  <p>Benzinemotor: 188F; Dieselmotor (luchtgekoeld): 188F.<\/p>  <\/div> <\/div> <div id=\"faq-question-1770716420722\" class=\"rank-math-list-item\"> <h3 class=\"rank-math-question\">Is het mogelijk dat sommige ma\u00efskolven worden gemist?<\/h3> <div class=\"rank-math-answer\">  <p>De kans is zeer klein.<\/p>  <\/div> <\/div> <div id=\"faq-question-1770716438805\" class=\"rank-math-list-item\"> <h3 class=\"rank-math-question\">Hoeveel ma\u00efskolven kan de hopper bevatten?<\/h3> <div class=\"rank-math-answer\">  <p>30\u201350 kolven.<\/p>  <\/div> <\/div> <div id=\"faq-question-1770716450893\" class=\"rank-math-list-item\"> <h3 class=\"rank-math-question\">De kans is zeer klein.<\/h3> <div class=\"rank-math-answer\">  <p>Ja.<\/p>  <\/div> <\/div> <div id=\"faq-question-1770716463482\" class=\"rank-math-list-item\"> <h3 class=\"rank-math-question\">Hoeveel eenheden passen er in een 20ft of 40ft container?<\/h3> <div class=\"rank-math-answer\">  <p>26 eenheden voor een 20ft container, 54 eenheden voor een 40ft container.<\/p>  <\/div> <\/div> <div id=\"faq-question-1770716477125\" class=\"rank-math-list-item\"> <h3 class=\"rank-math-question\">Wat is de geschatte levertijd voor 100 eenheden?<\/h3> <div class=\"rank-math-answer\">  <p>Ongeveer 7 dagen.<\/p>  <\/div> <\/div> <\/div> <\/div>","protected":false},"excerpt":{"rendered":"<p>The one row corn picker is a compact and flexible small machine, designed for small to medium fields, hilly areas, and family farms. It can harvest corn, crush and return stalks to the field, and collect corn ears all in one pass, greatly improving efficiency compared to manual harvesting. It is an ideal choice for [&hellip;]<\/p>\n","protected":false},"author":1,"featured_media":505,"parent":0,"template":"","tags":[12],"product-type":[8],"class_list":["post-86","product","type-product","status-publish","has-post-thumbnail","hentry","tag-corn-harvester","product-type-corn-harvester"],"_links":{"self":[{"href":"https:\/\/maizemachine.com\/nl\/wp-json\/wp\/v2\/product\/86","targetHints":{"allow":["GET"]}}],"collection":[{"href":"https:\/\/maizemachine.com\/nl\/wp-json\/wp\/v2\/product"}],"about":[{"href":"https:\/\/maizemachine.com\/nl\/wp-json\/wp\/v2\/types\/product"}],"author":[{"embeddable":true,"href":"https:\/\/maizemachine.com\/nl\/wp-json\/wp\/v2\/users\/1"}],"wp:featuredmedia":[{"embeddable":true,"href":"https:\/\/maizemachine.com\/nl\/wp-json\/wp\/v2\/media\/505"}],"wp:attachment":[{"href":"https:\/\/maizemachine.com\/nl\/wp-json\/wp\/v2\/media?parent=86"}],"wp:term":[{"taxonomy":"post_tag","embeddable":true,"href":"https:\/\/maizemachine.com\/nl\/wp-json\/wp\/v2\/tags?post=86"},{"taxonomy":"product-type","embeddable":true,"href":"https:\/\/maizemachine.com\/nl\/wp-json\/wp\/v2\/product-type?post=86"}],"curies":[{"name":"wp","href":"https:\/\/api.w.org\/{rel}","templated":true}]}}