{"id":323,"date":"2023-08-22T18:17:39","date_gmt":"2023-08-22T10:17:39","guid":{"rendered":"https:\/\/maizemachine.com\/?post_type=product&#038;p=323"},"modified":"2025-07-04T14:14:21","modified_gmt":"2025-07-04T06:14:21","slug":"corn-grits-making-machine","status":"publish","type":"product","link":"https:\/\/maizemachine.com\/nl\/product\/corn-grits-making-machine\/","title":{"rendered":"Ma\u00efsgriesmachine voor het maken van ma\u00efsgries, ma\u00efsmeel"},"content":{"rendered":"<p class=\"translation-block\"><strong><em>Ma\u00efsmachines voor Griesmeel<\/em><\/strong> is apparatuur die is ontworpen om ma\u00efskorrels te verwerken tot ma\u00efsgriesmeel, wat grove ma\u00efskorrels zijn die in verschillende culinaire toepassingen worden gebruikt. Ma\u00efsgriesmeel wordt vaak gebruikt in gerechten zoals polenta, pap en sommige soorten brood. Deze machine maakt niet alleen ma\u00efsgriesmeel, maar ook ma\u00efsmeel. Daarom is het een noodzakelijke machine voor een verwerkingsinstallatie voor ma\u00efsgriesmeel.<\/p>    <p class=\"translation-block\">De Ma\u00efsgriesmeel Verwerkingsmachine kan tot <strong><em>1000 kg ma\u00efsgriesmeel<\/em><\/strong> per uur produceren, met een <strong><em>ma\u00efsdopingscapaciteit<\/em><\/strong> van <strong><em>350\u2013450 kg<\/em><\/strong> en een <strong><em>ma\u00efsmeelproductie die 350 kg bereikt.<\/em><\/strong><\/p>    <p class=\"translation-block\">Om aan de behoeften van verschillende klanten te voldoen, hebben we vijf verschillende modellen ma\u00efsgriesmeelma\u00efsmachines geproduceerd: <strong><em>T1, <\/em><\/strong><em>T2<\/em><strong><em>, T3, <\/em><\/strong><em>C2,<\/em><strong><em> <\/em><\/strong><em>en PH.<\/em> Deze modellen verschillen in outputcapaciteit, uiterlijk en functies. Ma\u00efs kan eerst worden verwerkt met een <strong><a href=\"https:\/\/maizemachine.com\/nl\/product\/multifunctional-maize-thresher-machine\/\">ma\u00efsdorsmachine<\/a><\/strong> voordat deze verder wordt verwerkt.<\/p>   <div class=\"wp-block-image\"> <figure class=\"aligncenter size-full\"><img loading=\"lazy\" decoding=\"async\" width=\"720\" height=\"540\" src=\"http:\/\/maizemachine.com\/wp-content\/uploads\/2023\/08\/multifuctional-maize-grits-making-machine.webp\" alt=\"multifunctionele ma\u00efsgritsmaakmachine\" class=\"wp-image-332\" title=\"\" srcset=\"https:\/\/maizemachine.com\/wp-content\/uploads\/2023\/08\/multifuctional-maize-grits-making-machine.webp 720w, https:\/\/maizemachine.com\/wp-content\/uploads\/2023\/08\/multifuctional-maize-grits-making-machine-300x225.webp 300w\" sizes=\"auto, (max-width: 720px) 100vw, 720px\" \/><figcaption class=\"wp-element-caption\">multifunctionele ma\u00efsgritsmaakmachine<\/figcaption><\/figure> <\/div>   <h2 class=\"wp-block-heading\">De functie van de ma\u00efsgritsmaakmachine<\/h2>    <p>De ma\u00efsgrits machine is geavanceerde apparatuur die een alles-in-\u00e9\u00e9n oplossing biedt voor het verwerken van ma\u00efskorrels tot hoogwaardige ma\u00efsgrits. <\/p>    <p>Met functies zoals reinigen, ontdoppen, kiemverwijdering, wortelverwijdering, verwijdering van zwarte navel, malen en sorteren, elimineert deze Ma\u00efsgruttenmachine de noodzaak voor meerdere afzonderlijke processen.<\/p>    <p class=\"translation-block\"> Het is zelfs in staat om ma\u00efsgriesmeel van verschillende deeltjesgroottes en kwaliteiten te produceren, om te voldoen aan diverse culinaire vereisten. Als u alleen ma\u00efsmeel wilt verkrijgen, hebben we een speciale <a href=\"https:\/\/maizemachine.com\/nl\/product\/corn-hammer-mill-machine\/\">ma\u00efsmeelmolen<\/a> te koop.<\/p>   <div class=\"wp-block-image\"> <figure class=\"aligncenter size-full\"><img loading=\"lazy\" decoding=\"async\" width=\"720\" height=\"540\" src=\"http:\/\/maizemachine.com\/wp-content\/uploads\/2022\/08\/finished-products.webp\" alt=\"eindproducten\" class=\"wp-image-53\" title=\"\" srcset=\"https:\/\/maizemachine.com\/wp-content\/uploads\/2022\/08\/finished-products.webp 720w, https:\/\/maizemachine.com\/wp-content\/uploads\/2022\/08\/finished-products-300x225.webp 300w\" sizes=\"auto, (max-width: 720px) 100vw, 720px\" \/><figcaption class=\"wp-element-caption\">eindproducten<\/figcaption><\/figure> <\/div>   <h2 class=\"wp-block-heading\">Productieproces van ma\u00efsgrits<\/h2>    <p class=\"translation-block\">De operationele volgorde van de <strong><em>Ma\u00efsgriesmeelmolen<\/em><\/strong> is strategisch ontworpen om de effici\u00ebntie te maximaliseren. <\/p>    <p>Het productieproces van ma\u00efsgries begint met het verwijderen van de ma\u00efshuid, gevolgd door de scheiding van individuele ma\u00efskorrels. Deze korrels worden vervolgens in het invoerkanaal van de machine gevoerd, waar ze een reeks processen ondergaan, wat resulteert in de productie van hoogwaardige ma\u00efsgries. <\/p>    <p>De veelzijdigheid van de machine stelt deze in staat om drie verschillende ma\u00efsproducten te produceren: grove ma\u00efsgries, fijne ma\u00efsgries en ma\u00efsmeel.<\/p>    <figure class=\"wp-block-embed is-type-video is-provider-youtube wp-block-embed-youtube wp-embed-aspect-16-9 wp-has-aspect-ratio\"><div class=\"wp-block-embed__wrapper\"> <iframe loading=\"lazy\" title=\"Ma\u00efsgries maakmachine | Ma\u00efsgries milling machine testvideo.\" width=\"500\" height=\"281\" src=\"https:\/\/www.youtube.com\/embed\/G54e1Zb1bxo?feature=oembed\" frameborder=\"0\" allow=\"accelerometer; autoplay; clipboard-write; encrypted-media; gyroscope; picture-in-picture; web-share\" referrerpolicy=\"strict-origin-when-cross-origin\" allowfullscreen><\/iframe> <\/div><\/figure>    <h3 class=\"wp-block-heading\">Technische parameters van de ma\u00efsgrits maalmachine<\/h3>    <h3 class=\"wp-block-heading has-text-align-center\">T1-type<\/h3>    <figure class=\"wp-block-table\"><table><tbody><tr><td>Model<\/td><td>T1<\/td><\/tr><tr><td>Vermogen<\/td><td>7,5 kW<\/td><\/tr><tr><td>Capaciteit<\/td><td>1000kg<\/td><\/tr><tr><td>Spindelsnelheid<\/td><td>1150r\/min<\/td><\/tr><tr><td>Nominale spanning<\/td><td>380v<\/td><\/tr><\/tbody><\/table><\/figure>   <div class=\"wp-block-image\"> <figure class=\"aligncenter size-full\"><img loading=\"lazy\" decoding=\"async\" width=\"720\" height=\"540\" src=\"https:\/\/maizemachine.com\/wp-content\/uploads\/2023\/08\/T1.webp\" alt=\"T1\" class=\"wp-image-466\" title=\"\" srcset=\"https:\/\/maizemachine.com\/wp-content\/uploads\/2023\/08\/T1.webp 720w, https:\/\/maizemachine.com\/wp-content\/uploads\/2023\/08\/T1-300x225.webp 300w, https:\/\/maizemachine.com\/wp-content\/uploads\/2023\/08\/T1-16x12.webp 16w\" sizes=\"auto, (max-width: 720px) 100vw, 720px\" \/><figcaption class=\"wp-element-caption\">T1<\/figcaption><\/figure> <\/div>   <p>Bovenstaande zijn de parameters van de ma\u00efsgriesmachine. Het vermogen van deze machine is 7,5 kW. De productiecapaciteit is 1000 kg\/u. Als u andere behoeften heeft, neem dan gerust contact met ons op.<\/p>    <h3 class=\"wp-block-heading has-text-align-center\">T3 Type<\/h3>    <figure class=\"wp-block-table\"><table><tbody><tr><td>Model<\/td><td>T3<\/td><\/tr><tr><td>Vermogen<\/td><td>7,5 kW + 4 kW<\/td><\/tr><tr><td>Capaciteit<\/td><td>300-400 kg\/u<\/td><\/tr><tr><td>Afmetingen<\/td><td>140*230*130CM<\/td><\/tr><tr><td>Nominale spanning<\/td><td>380v<\/td><\/tr><\/tbody><\/table><\/figure>   <div class=\"wp-block-image\"> <figure class=\"aligncenter size-full\"><img loading=\"lazy\" decoding=\"async\" width=\"720\" height=\"540\" src=\"https:\/\/maizemachine.com\/wp-content\/uploads\/2023\/08\/T3.webp\" alt=\"T3\" class=\"wp-image-467\" title=\"\" srcset=\"https:\/\/maizemachine.com\/wp-content\/uploads\/2023\/08\/T3.webp 720w, https:\/\/maizemachine.com\/wp-content\/uploads\/2023\/08\/T3-300x225.webp 300w, https:\/\/maizemachine.com\/wp-content\/uploads\/2023\/08\/T3-16x12.webp 16w\" sizes=\"auto, (max-width: 720px) 100vw, 720px\" \/><figcaption class=\"wp-element-caption\">T3<\/figcaption><\/figure> <\/div>   <h3 class=\"wp-block-heading has-text-align-center\">PH Type<\/h3>    <figure class=\"wp-block-table\"><table><tbody><tr><td>Model<\/td><td>PH<\/td><\/tr><tr><td>Vermogen<\/td><td>11 kW<\/td><\/tr><tr><td>Capaciteit<\/td><td>300kg\/u<\/td><\/tr><tr><td>Afmetingen<\/td><td>200*130*65CM<\/td><\/tr><tr><td>Nominale spanning<\/td><td>380v<\/td><\/tr><\/tbody><\/table><\/figure>   <div class=\"wp-block-image\"> <figure class=\"aligncenter size-full\"><img loading=\"lazy\" decoding=\"async\" width=\"720\" height=\"540\" src=\"https:\/\/maizemachine.com\/wp-content\/uploads\/2023\/08\/PH.webp\" alt=\"PH\" class=\"wp-image-469\" title=\"\" srcset=\"https:\/\/maizemachine.com\/wp-content\/uploads\/2023\/08\/PH.webp 720w, https:\/\/maizemachine.com\/wp-content\/uploads\/2023\/08\/PH-300x225.webp 300w, https:\/\/maizemachine.com\/wp-content\/uploads\/2023\/08\/PH-16x12.webp 16w\" sizes=\"auto, (max-width: 720px) 100vw, 720px\" \/><figcaption class=\"wp-element-caption\">PH<\/figcaption><\/figure> <\/div>   <h3 class=\"wp-block-heading has-text-align-center\">C2 Type<\/h3>    <figure class=\"wp-block-table\"><table><tbody><tr><td>Model<\/td><td>C2<\/td><\/tr><tr><td>Vermogen<\/td><td>7,5 kW<\/td><\/tr><tr><td>Capaciteit<\/td><td>300-400kg\/u<\/td><\/tr><tr><td>Afmetingen<\/td><td>190*60*130CM<\/td><\/tr><tr><td>Nominale spanning<\/td><td>380v<\/td><\/tr><\/tbody><\/table><\/figure>   <div class=\"wp-block-image\"> <figure class=\"aligncenter size-full\"><img loading=\"lazy\" decoding=\"async\" width=\"720\" height=\"540\" src=\"https:\/\/maizemachine.com\/wp-content\/uploads\/2023\/08\/C2.webp\" alt=\"C2\" class=\"wp-image-468\" title=\"\" srcset=\"https:\/\/maizemachine.com\/wp-content\/uploads\/2023\/08\/C2.webp 720w, https:\/\/maizemachine.com\/wp-content\/uploads\/2023\/08\/C2-300x225.webp 300w, https:\/\/maizemachine.com\/wp-content\/uploads\/2023\/08\/C2-16x12.webp 16w\" sizes=\"auto, (max-width: 720px) 100vw, 720px\" \/><figcaption class=\"wp-element-caption\">C2<\/figcaption><\/figure> <\/div>   <p class=\"translation-block\">Van de beschikbare modellen zijn <strong><em>T1 en T3<\/em><\/strong> onze topaanbevelingen vanwege hun verbeterde functionaliteit en uitstekende kosteneffectiviteit. Neem gerust contact met ons op voor meer details over deze machines.<\/p>    <h2 class=\"wp-block-heading\">Wat zijn de voordelen van de ma\u00efsgrits machine?<\/h2>    <ul class=\"wp-block-list\"> <li><strong>Multifunctionaliteit:<\/strong> De ma\u00efsgriesproductiemachine integreert meerdere verwerkingsstappen, waaronder schoonmaken, pellen, ontkiemen, ontwortelen, malen, sorteren en polijsten, allemaal in \u00e9\u00e9n keer. Deze veelzijdigheid verbetert niet alleen de verwerkings effici\u00ebntie, maar vermindert ook arbeids- en tijdskosten.<\/li>    <li><strong>Nauwkeurige verwerking: <\/strong>De machine is in staat om ma\u00efsgrits van verschillende korrelgroottes en -kwaliteiten nauwkeurig te produceren volgens de behoeften.<\/li>    <li><strong>Hoge kwaliteit van eindproducten:<\/strong> De ma\u00efsgriesmachine zorgt voor consistentie in de kwaliteit en smaak van de geproduceerde gries door gestandaardiseerde verwerkingsprocedures. Dit helpt om te voldoen aan de vraag van de consument naar hoogwaardig voedsel.<\/li>    <li><strong>Hoge Capaciteit &amp; Uitstekende Effici\u00ebntie: <\/strong>Met een verwerkingscapaciteit van <strong>1000kg<\/strong> per uur, het is ideaal voor middelgrote tot grote granen.<\/li>    <li><strong>Krachtige Motorprestaties:<\/strong> Voorzien van een <strong>7.5kW<\/strong> industri\u00eble motor voor sterke en stabiele energie-output.<\/li>    <li><strong>Gebruiksvriendelijke Bediening &amp; Eenvoudig Onderhoud: <\/strong>Eenvoudig en intu\u00eftief bedieningspaneel - gemakkelijk te bedienen, zelfs voor ongeschoolde arbeiders na een korte training.<\/li> <\/ul>   <div class=\"wp-block-image\"> <figure class=\"aligncenter size-full\"><img loading=\"lazy\" decoding=\"async\" width=\"720\" height=\"540\" src=\"http:\/\/maizemachine.com\/wp-content\/uploads\/2023\/08\/corn-grits-milling-machine-for-sale.webp\" alt=\"ma\u00efsgrutten maalmachine te koop\" class=\"wp-image-328\" title=\"\" srcset=\"https:\/\/maizemachine.com\/wp-content\/uploads\/2023\/08\/corn-grits-milling-machine-for-sale.webp 720w, https:\/\/maizemachine.com\/wp-content\/uploads\/2023\/08\/corn-grits-milling-machine-for-sale-300x225.webp 300w\" sizes=\"auto, (max-width: 720px) 100vw, 720px\" \/><figcaption class=\"wp-element-caption\">ma\u00efsgrutten maalmachine te koop<\/figcaption><\/figure> <\/div>   <h2 class=\"wp-block-heading\">Hoe Werkt de Maalmachine voor Ma\u00efsgries?<\/h2>    <h3 class=\"wp-block-heading\">Ma\u00efs schillen<\/h3>    <p>Natte schilfering wordt over het algemeen toegepast, waarbij de vochtigheidsgraad van ma\u00efs 16-17% moet bereiken voordat deze de machine ingaat. De weektijd moet ongeveer 10 minuten zijn. De ideale toestand is wanneer de ma\u00efschil gemakkelijk met een vingernagel kan worden afgepeld.<br>Opmerking: Ma\u00efskorrels met zichtbare oppervlaktewater zijn strikt verboden om de machine binnen te komen, omdat dit kan leiden tot het vastlopen van de machine. Vermijd ook een te lange inweektijd. Het schilproces moet twee keer worden uitgevoerd om een volledige verwijdering te garanderen.<\/p>    <h3 class=\"wp-block-heading\">Bediening<\/h3>    <ul class=\"wp-block-list\"> <li>Start de machine en wacht tot deze stabiel draait. Open vervolgens geleidelijk de toevoeropening en pas de materiaalstroom aan op basis van de belasting van de motor.<\/li> <\/ul>    <ul class=\"wp-block-list\"> <li>Als tijdens de eerste werking de kwaliteit van de ontdopte ma\u00efs of grits niet bevredigend is, moet het materiaal worden teruggestuurd voor herontpellen.<\/li> <\/ul>    <ul class=\"wp-block-list\"> <li>Tijdens de werking van de machine, houd altijd het geluid van de machine in de gaten. Als er abnormaal geluid optreedt, stop de machine dan onmiddellijk voor inspectie.<\/li> <\/ul>    <ul class=\"wp-block-list\"> <li>In het geval van verstopping, sluit dan snel de toevoerpoort, verlaag de uitlaatdruk, draai langzaam de motorpulley met de hand of verwijder het zeefframe om de blokkade te verhelpen. Start vervolgens de machine opnieuw op om de normale werking te hervatten.<\/li> <\/ul>    <h3 class=\"wp-block-heading\">Afsluiten<\/h3>    <p>Sluit voordat u de machine uitschakelt de toevoerpoort om het voeden te stoppen. Trek iets aan de afvoerplaat en laat de machine ongeveer 30 seconden draaien voordat u de stroom uitschakelt.<\/p>    <h2 class=\"wp-block-heading\">Toepassingen van ma\u00efsgries<\/h2>    <p class=\"translation-block\">Ma\u00efsgriesmeel is een veelzijdig ingredi\u00ebnt dat een breed scala aan toepassingen heeft in diverse kook- en voedselbereidingsprocessen. Ma\u00efsgriesmeel kan worden gebruikt om een verscheidenheid aan voedingsmiddelen te maken, zoals <strong><em>ma\u00efspap, <a href=\"http:\/\/cornbread\">ma\u00efsbrood<\/a>, ma\u00efspastries, ma\u00efschips, ma\u00efskoekjes, griesmeelpasta, griesmeelsoep en griesmeeldesserts.<\/em><\/strong><\/p>   <div class=\"wp-block-image\"> <figure class=\"aligncenter size-full\"><img loading=\"lazy\" decoding=\"async\" width=\"720\" height=\"540\" src=\"https:\/\/maizemachine.com\/wp-content\/uploads\/2023\/08\/Deep-Processing-of-Corn.webp\" alt=\"Diepe verwerking van ma\u00efs\" class=\"wp-image-470\" title=\"\" srcset=\"https:\/\/maizemachine.com\/wp-content\/uploads\/2023\/08\/Deep-Processing-of-Corn.webp 720w, https:\/\/maizemachine.com\/wp-content\/uploads\/2023\/08\/Deep-Processing-of-Corn-300x225.webp 300w, https:\/\/maizemachine.com\/wp-content\/uploads\/2023\/08\/Deep-Processing-of-Corn-16x12.webp 16w\" sizes=\"auto, (max-width: 720px) 100vw, 720px\" \/><figcaption class=\"wp-element-caption\">Diepe verwerking van ma\u00efs<\/figcaption><\/figure> <\/div>   <h2 class=\"wp-block-heading\">De toepassing van de ma\u00efsgrits machine op de wereldmarkt<\/h2>    <p>De veelzijdigheid en effici\u00ebntie van de Ma\u00efsgriesmachine hebben geleid tot de adoptie ervan in tal van landen, waaronder de Filippijnen, Oost-Timor, Bangladesh, Kenia, Burkina Faso, Angola, Zambia en Somali\u00eb. Deze machine heeft de ma\u00efsverwerkingscapaciteiten in deze regio's aanzienlijk verbeterd, waardoor de productie van consistente en hoogwaardige ma\u00efsgries mogelijk is geworden.<\/p>   <div class=\"wp-block-image\"> <figure class=\"aligncenter size-full\"><img loading=\"lazy\" decoding=\"async\" width=\"720\" height=\"540\" src=\"http:\/\/maizemachine.com\/wp-content\/uploads\/2023\/08\/corn-grits-machine-shipped-to-usa.webp\" alt=\"ma\u00efsgriesmachine verzonden naar de VS\" class=\"wp-image-325\" title=\"\" srcset=\"https:\/\/maizemachine.com\/wp-content\/uploads\/2023\/08\/corn-grits-machine-shipped-to-usa.webp 720w, https:\/\/maizemachine.com\/wp-content\/uploads\/2023\/08\/corn-grits-machine-shipped-to-usa-300x225.webp 300w\" sizes=\"auto, (max-width: 720px) 100vw, 720px\" \/><figcaption class=\"wp-element-caption\">ma\u00efsgriesmachine verzonden naar de VS<\/figcaption><\/figure> <\/div>   <h2 class=\"wp-block-heading\">Hoe een maalmachine voor ma\u00efsgries te verwerven?<\/h2>    <p>Voor degenen die willen investeren in een Ma\u00efsgriesmachine, is het verstandig om contact op te nemen met Taizy Corn Machinery. Met een scala aan beschikbare modellen biedt Taizy Corn Machinery op maat gemaakte oplossingen om aan verschillende verwerkingsvereisten te voldoen. Ge\u00efnteresseerden kunnen eenvoudig contact met hen opnemen om hun aanbod te verkennen of een aankoop te doen. <\/p>   <div class=\"wp-block-image\"> <figure class=\"aligncenter size-full\"><img loading=\"lazy\" decoding=\"async\" width=\"720\" height=\"540\" src=\"http:\/\/maizemachine.com\/wp-content\/uploads\/2023\/08\/maize-grits-making-machine-for-sale.webp\" alt=\"ma\u00efsgrits maakmachine te koop\" class=\"wp-image-331\" title=\"\" srcset=\"https:\/\/maizemachine.com\/wp-content\/uploads\/2023\/08\/maize-grits-making-machine-for-sale.webp 720w, https:\/\/maizemachine.com\/wp-content\/uploads\/2023\/08\/maize-grits-making-machine-for-sale-300x225.webp 300w\" sizes=\"auto, (max-width: 720px) 100vw, 720px\" \/><figcaption class=\"wp-element-caption\">ma\u00efsgrits maakmachine te koop<\/figcaption><\/figure> <\/div>   <h2 class=\"wp-block-heading\">Taizy Ma\u00efs Machines: Een toonaangevende fabrikant in China<\/h2>    <p class=\"translation-block\">Wanneer ma\u00efsmachinefabrikanten worden besproken, komt Taizy <a href=\"https:\/\/maizemachine.com\/nl\/\">Ma\u00efsmachines<\/a> onvermijdelijk in de belangstelling. Taizy Ma\u00efsmachines, bekend om hun expertise en toewijding aan kwaliteit, heeft zich gevestigd als een toonaangevende naam in de branche. Onze Ma\u00efsgriesmeelmolen is een voorbeeld van precisie-engineering en innovatie, die voldoet aan de eisen van een snel evoluerend voedselverwerkingslandschap.<\/p>    <p>De Ma\u00efsgriesmachine is een bewijs van technologische vooruitgang in de voedselverwerkingsindustrie. Het vermogen om verschillende ma\u00efsverwerkingsstappen te stroomlijnen, samen met de wereldwijde toepassing, onderstreept het belang ervan. Met Taizy Corn Machinery aan de leiding in productie-excellentie, kunnen ge\u00efnteresseerde partijen met vertrouwen bij ons terecht voor hun ma\u00efsverwerkingsbehoeften.<\/p>    <h2 class=\"wp-block-heading\">Aanbevelingen voor ma\u00efsverwerkingsapparatuur<\/h2>    <div class=\"wp-block-columns is-layout-flex wp-container-core-columns-is-layout-9d6595d7 wp-block-columns-is-layout-flex\"> <div class=\"wp-block-column is-layout-flow wp-block-column-is-layout-flow\"> <figure class=\"wp-block-embed is-type-wp-embed is-provider-maize-machine wp-block-embed-maize-machine\"><div class=\"wp-block-embed__wrapper\"> <blockquote class=\"wp-embedded-content\" data-secret=\"Ff4nu8J8S5\"><a href=\"https:\/\/maizemachine.com\/nl\/product\/2-row-corn-picker\/\">2 Rij Ma\u00efs Plukker | 2 Rij Ma\u00efs Oogstmachine<\/a><\/blockquote><iframe loading=\"lazy\" class=\"wp-embedded-content\" sandbox=\"allow-scripts\" security=\"restricted\" style=\"position: absolute; visibility: hidden;\" title=\"\u201c2 Rijen Ma\u00efsoogstmachine | 2 Rijen Ma\u00efsharvester\u201d \u2014 Ma\u00efs Machine\" src=\"https:\/\/maizemachine.com\/product\/2-row-corn-picker\/embed\/#?secret=SCskyf9Z0v#?secret=Ff4nu8J8S5\" data-secret=\"Ff4nu8J8S5\" width=\"500\" height=\"282\" frameborder=\"0\" marginwidth=\"0\" marginheight=\"0\" scrolling=\"no\"><\/iframe> <\/div><\/figure> <\/div>    <div class=\"wp-block-column is-layout-flow wp-block-column-is-layout-flow\"> <figure class=\"wp-block-embed is-type-wp-embed is-provider-maize-machine wp-block-embed-maize-machine\"><div class=\"wp-block-embed__wrapper\"> <blockquote class=\"wp-embedded-content\" data-secret=\"eOCgqfwYH7\"><a href=\"https:\/\/maizemachine.com\/nl\/product\/multifunctional-maize-thresher-machine\/\">Multifunctionele Ma\u00efs Dorsmachine Te Koop<\/a><\/blockquote><iframe loading=\"lazy\" class=\"wp-embedded-content\" sandbox=\"allow-scripts\" security=\"restricted\" style=\"position: absolute; visibility: hidden;\" title=\"\u201cMultifunctionele Ma\u00efsdorsmachine Te Koop\u201d \u2014 Ma\u00efs Machine\" src=\"https:\/\/maizemachine.com\/product\/multifunctional-maize-thresher-machine\/embed\/#?secret=Cmn9PRgbde#?secret=eOCgqfwYH7\" data-secret=\"eOCgqfwYH7\" width=\"500\" height=\"282\" frameborder=\"0\" marginwidth=\"0\" marginheight=\"0\" scrolling=\"no\"><\/iframe> <\/div><\/figure> <\/div> <\/div>    <p><\/p>","protected":false},"excerpt":{"rendered":"<p>Ma\u00efsgruttenmachine is een stuk apparatuur dat is ontworpen om ma\u00efskorrels te verwerken tot ma\u00efsgrutten, wat grove deeltjes ma\u00efs zijn die in verschillende culinaire toepassingen worden gebruikt.<\/p>","protected":false},"author":1,"featured_media":329,"parent":0,"template":"","tags":[23],"product-type":[10],"class_list":["post-323","product","type-product","status-publish","has-post-thumbnail","hentry","tag-corn-grits","product-type-corn-milling-machine"],"_links":{"self":[{"href":"https:\/\/maizemachine.com\/nl\/wp-json\/wp\/v2\/product\/323","targetHints":{"allow":["GET"]}}],"collection":[{"href":"https:\/\/maizemachine.com\/nl\/wp-json\/wp\/v2\/product"}],"about":[{"href":"https:\/\/maizemachine.com\/nl\/wp-json\/wp\/v2\/types\/product"}],"author":[{"embeddable":true,"href":"https:\/\/maizemachine.com\/nl\/wp-json\/wp\/v2\/users\/1"}],"wp:featuredmedia":[{"embeddable":true,"href":"https:\/\/maizemachine.com\/nl\/wp-json\/wp\/v2\/media\/329"}],"wp:attachment":[{"href":"https:\/\/maizemachine.com\/nl\/wp-json\/wp\/v2\/media?parent=323"}],"wp:term":[{"taxonomy":"post_tag","embeddable":true,"href":"https:\/\/maizemachine.com\/nl\/wp-json\/wp\/v2\/tags?post=323"},{"taxonomy":"product-type","embeddable":true,"href":"https:\/\/maizemachine.com\/nl\/wp-json\/wp\/v2\/product-type?post=323"}],"curies":[{"name":"wp","href":"https:\/\/api.w.org\/{rel}","templated":true}]}}