{"id":291,"date":"2023-05-04T16:39:08","date_gmt":"2023-05-04T08:39:08","guid":{"rendered":"https:\/\/maizemachine.com\/?post_type=product&#038;p=291"},"modified":"2025-12-30T17:38:44","modified_gmt":"2025-12-30T09:38:44","slug":"large-scale-corn-threshing-machine","status":"publish","type":"product","link":"https:\/\/maizemachine.com\/nl\/product\/large-scale-corn-threshing-machine\/","title":{"rendered":"4-6 Ton\/h Grote Schaal Ma\u00efs Dorsmachine"},"content":{"rendered":"<p class=\"translation-block\"> De grote <strong>ma\u00efs dorschmachine<\/strong> is een zeer effici\u00ebnte landbouwmachine, ontworpen voor het snel dorsen van geoogste ma\u00efs en het scheiden van de korrels van de kolven.<\/p>   <div class=\"wp-block-image\"> <figure class=\"aligncenter size-full\"><img loading=\"lazy\" decoding=\"async\" width=\"720\" height=\"540\" src=\"https:\/\/maizemachine.com\/wp-content\/uploads\/2023\/05\/20170227_114659_000.webp\" alt=\"Ma\u00efs dorschmachine\" class=\"wp-image-604\" title=\"\" srcset=\"https:\/\/maizemachine.com\/wp-content\/uploads\/2023\/05\/20170227_114659_000.webp 720w, https:\/\/maizemachine.com\/wp-content\/uploads\/2023\/05\/20170227_114659_000-300x225.webp 300w, https:\/\/maizemachine.com\/wp-content\/uploads\/2023\/05\/20170227_114659_000-16x12.webp 16w\" sizes=\"auto, (max-width: 720px) 100vw, 720px\" \/><figcaption class=\"wp-element-caption\">Ma\u00efs dorschmachine<\/figcaption><\/figure> <\/div>   <p class=\"translation-block\">Volgens verschillende configuraties en verwerkingscapaciteiten biedt Taizy vier modellen aan: <strong><em>5TY-80A<\/em><\/strong>,<strong><em> 5TY-80B<\/em><\/strong>, <strong><em>5TY-80C<\/em><\/strong>, en<strong><em> 5TY-80D<\/em><\/strong>. De ma\u00efs dorschmachine met hoge opbrengst heeft een productiecapaciteit van<strong><em> 4-6<\/em><\/strong> ton per uur. En het heeft de kenmerken van lage stofontwikkeling en lage beschadigingsgraad. <\/p>    <p class=\"translation-block\">Deze ma\u00efsdorsmachine gebruikt een enkele transportband voor het invoeren, wat een<strong> eenmalige<\/strong> dorschsnelheid van<strong><em> 99,5%<\/em><\/strong> bereikt. Het kan ook de ma\u00efskorrels volledig scheiden van de kolven. Uitgerust met een <strong><em>15 PK<\/em><\/strong> puur koperen motor, levert het krachtige prestaties, ondersteunt het langdurige dorschwerkzaamheden en voorkomt het doorbranden van de motor.<\/p>   <div class=\"wp-block-image\"> <figure class=\"aligncenter size-full\"><img loading=\"lazy\" decoding=\"async\" width=\"720\" height=\"540\" src=\"https:\/\/maizemachine.com\/wp-content\/uploads\/2023\/05\/Clean-corn-kernels.webp\" alt=\"Schone ma\u00efskorrels\" class=\"wp-image-612\" title=\"\" srcset=\"https:\/\/maizemachine.com\/wp-content\/uploads\/2023\/05\/Clean-corn-kernels.webp 720w, https:\/\/maizemachine.com\/wp-content\/uploads\/2023\/05\/Clean-corn-kernels-300x225.webp 300w, https:\/\/maizemachine.com\/wp-content\/uploads\/2023\/05\/Clean-corn-kernels-16x12.webp 16w\" sizes=\"auto, (max-width: 720px) 100vw, 720px\" \/><figcaption class=\"wp-element-caption\">Schone ma\u00efskorrels<\/figcaption><\/figure> <\/div>   <p class=\"translation-block\">De grootschalige ma\u00efs dorschmachine is een bestseller dorschmachine van de <a href=\"https:\/\/maizemachine.com\/nl\/\">Ma\u00efs Machines<\/a> Fabriek van Taizy. Tot nu toe zijn de machines ge\u00ebxporteerd naar Burkina Faso, Griekenland, Mexico, Angola, <a href=\"https:\/\/en.wikipedia.org\/wiki\/Zimbabwe\" target=\"_blank\" rel=\"noopener\">Zimbabwe<\/a>, Canada, de Verenigde Staten en andere landen en regio's. Naast grootschalige ma\u00efs dorsmachines hebben we ook <a href=\"https:\/\/maizemachine.com\/nl\/product\/small-maize-sheller-machine\/\">kleine ma\u00efs dorsmachines<\/a> en <a href=\"https:\/\/maizemachine.com\/nl\/product\/multifunctional-maize-thresher-machine\/\">multifunctionele ma\u00efs dorsmachines<\/a> te koop.<\/p>   <div class=\"wp-block-image\"> <figure class=\"aligncenter size-full\"><img loading=\"lazy\" decoding=\"async\" width=\"720\" height=\"540\" src=\"https:\/\/maizemachine.com\/wp-content\/uploads\/2023\/05\/corn-threshing-machine.webp\" alt=\"ma\u00efs dorsmachine\" class=\"wp-image-608\" title=\"\" srcset=\"https:\/\/maizemachine.com\/wp-content\/uploads\/2023\/05\/corn-threshing-machine.webp 720w, https:\/\/maizemachine.com\/wp-content\/uploads\/2023\/05\/corn-threshing-machine-300x225.webp 300w, https:\/\/maizemachine.com\/wp-content\/uploads\/2023\/05\/corn-threshing-machine-16x12.webp 16w\" sizes=\"auto, (max-width: 720px) 100vw, 720px\" \/><figcaption class=\"wp-element-caption\">ma\u00efs dorsmachine<\/figcaption><\/figure> <\/div>   <h2 class=\"wp-block-heading\">Werking van de ma\u00efs schilmachine<\/h2>    <p>Het werkingsprincipe van de ma\u00efs dorsmachine is eenvoudig. <\/p>    <ul class=\"wp-block-list\"> <li>Ma\u00efs wordt via de transportband in de dorschmachine gevoerd; de ma\u00efskolven komen in de dorskamer.<\/li>    <li>In de dorskamer wordt de ma\u00efs gedorst en gescheiden. Korrels vallen samen met een kleine hoeveelheid onzuiverheden door de concave plaat in de roterende trommel.<\/li>    <li>De gemengde granen passeren de roterende trommel en elevator naar de reinigingszeef, waar het gaas onzuiverheden verwijdert die kleiner zijn dan de granen.<\/li>    <li>Granen en belangrijkste onzuiverheden bewegen over het oppervlak van de zeef naar de afvoer.<\/li>    <li>Wanneer de granen de absorber bereiken, worden kleine onzuiverheden eruit gezogen en komen schone granen in het graanverzamelapparaat.<\/li>    <li>De gedorste ma\u00efskolven worden afgevoerd via de stro afvoer.<\/li> <\/ul>   <div class=\"wp-block-image\"> <figure class=\"aligncenter size-full\"><img loading=\"lazy\" decoding=\"async\" width=\"720\" height=\"540\" src=\"http:\/\/maizemachine.com\/wp-content\/uploads\/2023\/05\/corn-threshing-process.webp\" alt=\"ma\u00efs dorsproces\" class=\"wp-image-293\" title=\"\" srcset=\"https:\/\/maizemachine.com\/wp-content\/uploads\/2023\/05\/corn-threshing-process.webp 720w, https:\/\/maizemachine.com\/wp-content\/uploads\/2023\/05\/corn-threshing-process-300x225.webp 300w\" sizes=\"auto, (max-width: 720px) 100vw, 720px\" \/><figcaption class=\"wp-element-caption\">ma\u00efs dorsproces<\/figcaption><\/figure> <\/div>   <h2 class=\"wp-block-heading\">Het diagram van de ma\u00efs dorsmachine<\/h2>    <p>Het redelijke ontwerp van de ma\u00efsdorsmachine bestaat voornamelijk uit een transportband, stofuitlaat, ma\u00efskolfuitlaat, graanleveringspijp, motor en twee banden. Het specifieke onderdelenlocatiediagram is hieronder weergegeven.<\/p>   <div class=\"wp-block-image\"> <figure class=\"aligncenter size-full\"><img loading=\"lazy\" decoding=\"async\" width=\"720\" height=\"540\" src=\"http:\/\/maizemachine.com\/wp-content\/uploads\/2023\/05\/design-of-corn-thresher-machine.webp\" alt=\"ontwerp van ma\u00efs dorsmachine\" class=\"wp-image-294\" title=\"\" srcset=\"https:\/\/maizemachine.com\/wp-content\/uploads\/2023\/05\/design-of-corn-thresher-machine.webp 720w, https:\/\/maizemachine.com\/wp-content\/uploads\/2023\/05\/design-of-corn-thresher-machine-300x225.webp 300w\" sizes=\"auto, (max-width: 720px) 100vw, 720px\" \/><figcaption class=\"wp-element-caption\">ontwerp van ma\u00efs dorsmachine<\/figcaption><\/figure> <\/div>   <ul class=\"wp-block-list\"> <li><strong>Transportband<\/strong>: Verantwoordelijk voor het continu en gelijkmatig voeden van de ma\u00efs in de schiller, wat arbeidsbesparing oplevert.<\/li>    <li><strong>Stofuitlaat<\/strong>: Stoot ma\u00efshulzen, stof en lichte onzuiverheden af die tijdens het schilproces ontstaan, en zorgt voor de netheid van de korrels.<\/li>    <li><strong>Ma\u00efskolfuitgang<\/strong>: Specifiek gebruikt om de gescheiden ma\u00efskolven na het schillen af te voeren.<\/li>    <li><strong>Ma\u00efsafvoerpijp<\/strong>: Geeft de ma\u00efskorrels soepel af na het schillen.<\/li>    <li><strong>Motor:<\/strong> Biedt kracht voor de hele machine, aandrijving van de schilrol, ventilator en transportsysteem.<\/li> <\/ul>    <figure class=\"wp-block-gallery has-nested-images columns-default is-cropped wp-block-gallery-2 is-layout-flex wp-block-gallery-is-layout-flex\"> <figure class=\"wp-block-image size-large\"><img loading=\"lazy\" decoding=\"async\" width=\"720\" height=\"540\" data-id=\"609\" src=\"https:\/\/maizemachine.com\/wp-content\/uploads\/2023\/05\/Conveyor-Belt.webp\" alt=\"Transportband\" class=\"wp-image-609\" title=\"\" srcset=\"https:\/\/maizemachine.com\/wp-content\/uploads\/2023\/05\/Conveyor-Belt.webp 720w, https:\/\/maizemachine.com\/wp-content\/uploads\/2023\/05\/Conveyor-Belt-300x225.webp 300w, https:\/\/maizemachine.com\/wp-content\/uploads\/2023\/05\/Conveyor-Belt-16x12.webp 16w\" sizes=\"auto, (max-width: 720px) 100vw, 720px\" \/><figcaption class=\"wp-element-caption\">Transportband<\/figcaption><\/figure>    <figure class=\"wp-block-image size-large\"><img loading=\"lazy\" decoding=\"async\" width=\"720\" height=\"540\" data-id=\"610\" src=\"https:\/\/maizemachine.com\/wp-content\/uploads\/2023\/05\/Corn-cob-outlet.webp\" alt=\"Ma\u00efskolfuitgang\" class=\"wp-image-610\" title=\"\" srcset=\"https:\/\/maizemachine.com\/wp-content\/uploads\/2023\/05\/Corn-cob-outlet.webp 720w, https:\/\/maizemachine.com\/wp-content\/uploads\/2023\/05\/Corn-cob-outlet-300x225.webp 300w, https:\/\/maizemachine.com\/wp-content\/uploads\/2023\/05\/Corn-cob-outlet-16x12.webp 16w\" sizes=\"auto, (max-width: 720px) 100vw, 720px\" \/><figcaption class=\"wp-element-caption\">Ma\u00efskolfuitgang<\/figcaption><\/figure>    <figure class=\"wp-block-image size-large\"><img loading=\"lazy\" decoding=\"async\" width=\"720\" height=\"540\" data-id=\"611\" src=\"https:\/\/maizemachine.com\/wp-content\/uploads\/2023\/05\/Grain-Delivery-Pipe.webp\" alt=\"Graanafvoerbuis\" class=\"wp-image-611\" title=\"\" srcset=\"https:\/\/maizemachine.com\/wp-content\/uploads\/2023\/05\/Grain-Delivery-Pipe.webp 720w, https:\/\/maizemachine.com\/wp-content\/uploads\/2023\/05\/Grain-Delivery-Pipe-300x225.webp 300w, https:\/\/maizemachine.com\/wp-content\/uploads\/2023\/05\/Grain-Delivery-Pipe-16x12.webp 16w\" sizes=\"auto, (max-width: 720px) 100vw, 720px\" \/><figcaption class=\"wp-element-caption\">Graanafvoerbuis<\/figcaption><\/figure> <\/figure>    <h2 class=\"wp-block-heading\">Belangrijkste voordelen van de Taizy ma\u00efs dorschmachine<\/h2>    <ul class=\"wp-block-list\"> <li><strong>Hoge capaciteit<\/strong>: Voorzien van een <strong><em>15 PK<\/em><\/strong> krachtige motor om het schilapparaat aan te drijven, kan het verwerken <strong><em>4\u20136 ton<\/em><\/strong> ma\u00efs per uur.<\/li>    <li><strong>Hoge prestaties<\/strong>: Dorspercentage tot<strong><em> 99.5%,<\/em><\/strong> verliespercentage onder <strong><em>2%<\/em><\/strong>, breukpercentage onder <strong><em>1.5%<\/em><\/strong>, en onzuiverheidspercentage onder <strong><em>1%<\/em><\/strong>.<\/li>    <li><strong>Hoge automatisering<\/strong>: De machine kan worden uitgerust met een elevatorvoeder en transportband om continue werking te bereiken.<\/li>    <li><strong>Krachtige prestaties:<\/strong> Aangedreven door een <strong><em>7,5 kW<\/em><\/strong> motor of een dieselmotor, ondersteunt continue dorsen en past zich aan verschillende werkomgevingen aan.<\/li>    <li><strong>Grondige scheiding<\/strong>: Ma\u00efskorrels en -kolven zijn volledig gescheiden, met hoge korrelintegriteit en een laag breukpercentage.<\/li>    <li><strong>Duurzame structuur: <\/strong>Gemaakt van voornamelijk vol staalconstructie, wat zorgt voor een lange levensduur.<\/li>    <li><strong>Veelzijdig gebruik:<\/strong> Geschikt voor zowel verse ma\u00efs als voor droge ma\u00efs, zaadma\u00efs en verschillende vari\u00ebteiten.<\/li>    <li>Het ontwerp van de hijskraan en de transportband kan veel arbeidskracht besparen en kan ook de productie-effici\u00ebntie verbeteren.<\/li>    <li>Voeden met een uniforme snelheid zal geen machineblokkade veroorzaken.<\/li>    <li>Schone ma\u00efskorrels kunnen rechtstreeks via de graanleveringspijp naar de opslagcontainer worden gestuurd.<\/li>    <li><strong>Aanpasbaar zeef:<\/strong> Kan flexibel worden aangepast aan ma\u00efsvari\u00ebteit, korrelgrootte en werkomstandigheden, wat de dors effici\u00ebntie, outputkwaliteit verbetert en de levensduur van de apparatuur verlengt.<\/li> <\/ul>   <div class=\"wp-block-image\"> <figure class=\"aligncenter size-full\"><img loading=\"lazy\" decoding=\"async\" width=\"720\" height=\"540\" src=\"http:\/\/maizemachine.com\/wp-content\/uploads\/2023\/05\/corn-kernels-made-by-corn-thresher.webp\" alt=\"ma\u00efskorrels gemaakt door ma\u00efsdorsmachine\" class=\"wp-image-292\" title=\"\" srcset=\"https:\/\/maizemachine.com\/wp-content\/uploads\/2023\/05\/corn-kernels-made-by-corn-thresher.webp 720w, https:\/\/maizemachine.com\/wp-content\/uploads\/2023\/05\/corn-kernels-made-by-corn-thresher-300x225.webp 300w\" sizes=\"auto, (max-width: 720px) 100vw, 720px\" \/><figcaption class=\"wp-element-caption\">ma\u00efskorrels gemaakt door ma\u00efsdorsmachine<\/figcaption><\/figure> <\/div>   <h2 class=\"wp-block-heading\">Specificaties van grote ma\u00efs dorsmachine<\/h2>    <figure class=\"wp-block-table\"><table><tbody><tr><td>Model<\/td><td>5TY-80A<\/td><td>5TY-80B (met verhoogde voeder)<\/td><td>5TY-80C (met transportband)<\/td><td>5TY-80D (met verhoogde voeder en transportband)<\/td><\/tr><tr><td>Capaciteit(t\/u)<\/td><td>4 (ma\u00efszaad)<\/td><td>4 (ma\u00efszaad)<\/td><td>6 (Ma\u00efszaad)<\/td><td>6 (Ma\u00efszaad)<\/td><\/tr><tr><td>Vermogen<\/td><td>15PK dieselmotor of 7,5 KW motor<\/td><td>15PK dieselmotor of 7,5 KW motor<\/td><td>15PK dieselmotor of 7,5 KW motor<\/td><td>15PK dieselmotor of 7,5 KW motor<\/td><\/tr><tr><td>Breukpercentage<\/td><td>\u22641,5%<\/td><td>\u22641,5%<\/td><td>\u22641,5%<\/td><td>\u22641,5%<\/td><\/tr><tr><td>Dorspercentage<\/td><td>\u226599,5%<\/td><td>\u226599,5%<\/td><td>\u226599,5%<\/td><td>\u226599,5%<\/td><\/tr><tr><td>Verliespercentage<\/td><td>\u22642,0%<\/td><td>\u22642,0%<\/td><td>\u22642,0%<\/td><td>\u22642,0%<\/td><\/tr><tr><td>Onzuiverheidspercentage<\/td><td>\u22641,0%<\/td><td>\u22641,0%<\/td><td>\u22641,0%<\/td><td>\u22641,0%<\/td><\/tr><tr><td>Gewicht<\/td><td>200kg<\/td><td>230kg<\/td><td>320kg<\/td><td>350kg<\/td><\/tr><tr><td>Grootte (mm)<\/td><td>2360*1360*1480<\/td><td>2360*1360*2000<\/td><td>3860*1360*1480<\/td><td>3860*1360*2480<\/td><\/tr><\/tbody><\/table><\/figure>    <p>Uit de afbeelding blijkt dat de capaciteit van de grote ma\u00efsoogstmachine 4-6 ton per uur is. U kunt kiezen voor machines met een hijskraan en voeder en machines zonder hijskraan en voeder. Maar het dorspercentage, breukpercentage en verliespercentage van de machine zijn allemaal hetzelfde. U kunt kiezen op basis van uw werkelijke behoeften.<\/p>   <div class=\"wp-block-image\"> <figure class=\"aligncenter size-full\"><img loading=\"lazy\" decoding=\"async\" width=\"720\" height=\"540\" src=\"http:\/\/maizemachine.com\/wp-content\/uploads\/2023\/05\/large-corn-sheller-machine.webp\" alt=\"grote ma\u00efs schiller machine\" class=\"wp-image-296\" title=\"\" srcset=\"https:\/\/maizemachine.com\/wp-content\/uploads\/2023\/05\/large-corn-sheller-machine.webp 720w, https:\/\/maizemachine.com\/wp-content\/uploads\/2023\/05\/large-corn-sheller-machine-300x225.webp 300w\" sizes=\"auto, (max-width: 720px) 100vw, 720px\" \/><figcaption class=\"wp-element-caption\">grote ma\u00efs schiller machine<\/figcaption><\/figure> <\/div>   <h2 class=\"wp-block-heading\">Toepassingen van de ma\u00efs dorschmachine<\/h2>    <ul class=\"wp-block-list\"> <li>Verse Ma\u00efs: Dors en scheidt effici\u00ebnt korrels van vers geoogste ma\u00efskolven.<\/li>    <li>Droge Ma\u00efs: Geschikt voor het verwerken van droge ma\u00efs voor opslag of verder gebruik.<\/li>    <li>Zaai-ma\u00efs: Kan zaai-ma\u00efs verwerken, met behoud van hoge korrelintegriteit en lage breuk.<\/li>    <li>Aanpassingsvermogen Vari\u00ebteiten: Werkt met verschillende ma\u00efssoorten, waaronder kleine of grote kolven.<\/li>    <li>Agrarische Schaal: Ideaal voor kleine tot middelgrote boerderijen, co\u00f6peratieve dorsoperaties en pilotproductielijnen.<\/li> <\/ul>   <div class=\"wp-block-image\"> <figure class=\"aligncenter size-full\"><img loading=\"lazy\" decoding=\"async\" width=\"720\" height=\"540\" src=\"https:\/\/maizemachine.com\/wp-content\/uploads\/2023\/05\/Applications-of-the-corn-thresher.webp\" alt=\"Toepassingen van de ma\u00efs dorschmachine\" class=\"wp-image-613\" title=\"\" srcset=\"https:\/\/maizemachine.com\/wp-content\/uploads\/2023\/05\/Applications-of-the-corn-thresher.webp 720w, https:\/\/maizemachine.com\/wp-content\/uploads\/2023\/05\/Applications-of-the-corn-thresher-300x225.webp 300w, https:\/\/maizemachine.com\/wp-content\/uploads\/2023\/05\/Applications-of-the-corn-thresher-16x12.webp 16w\" sizes=\"auto, (max-width: 720px) 100vw, 720px\" \/><figcaption class=\"wp-element-caption\">Toepassingen van de ma\u00efs dorschmachine<\/figcaption><\/figure> <\/div>   <h2 class=\"wp-block-heading\">Installatie en inbedrijfstelling<\/h2>    <ol class=\"wp-block-list\"> <li>Installatie Dieselmotor: Monteer de dieselmotor op het frame en pas de schroeflengte en de spanning van de aandrijfriem van de hoofdas aan. Het frame heeft stelschroeven; maak deze los om de motor te verhogen, waardoor de riem ontspant. Start de dieselmotor zonder belasting.<\/li>    <li>Riemcontrole: Controleer de spanning van de riemen op de hoofdas, de vijzel, de elevator en de ventilator. De spanning moet matig zijn. Als de elevatorband te los is, wordt de ma\u00efs mogelijk niet soepel omhoog getild, wat blokkades in de onderste machineruimte veroorzaakt.<\/li>    <li>Aanpassing Hoek Vibrerende Zeef: Pas de hoek van de vibrerende zeef aan door de hoogte van de steunframes aan beide zijden te veranderen om de snelheid van het verwijderen van onzuiverheden te regelen.<\/li>    <li>Installatie Luchtkanaal: De lengte van het luchtkanaal moet ongeveer 3\u20135 meter zijn en goed geventileerd. Gebruik een wegwerp ademende stoffen zak om een soepele luchtstroom en een goede verwijdering van onzuiverheden te garanderen.<\/li>    <li>Onzuiverheden Uitgang: Het gebied onder de vibrerende zeef dient als de onzuiverheden uitgang, waar de meeste onzuiverheden worden afgevoerd. Lange stoffen zakken kunnen aan de uitgang worden bevestigd om onzuiverheden op te vangen.<\/li>    <li>Aanpassing Machine Ondersteuning: Pas v\u00f3\u00f3r gebruik de hoogte van de onderste steunstang van de dieselmotor aan zodat de twee wielen bijna van de grond zijn, wat zorgt voor een stabiele werking van de machine.<\/li> <\/ol>   <div class=\"wp-block-image\"> <figure class=\"aligncenter size-full\"><img loading=\"lazy\" decoding=\"async\" width=\"720\" height=\"540\" src=\"https:\/\/maizemachine.com\/wp-content\/uploads\/2023\/05\/Corn-thresher-screen.webp\" alt=\"Ma\u00efs dorschmachine zeef\" class=\"wp-image-615\" title=\"\" srcset=\"https:\/\/maizemachine.com\/wp-content\/uploads\/2023\/05\/Corn-thresher-screen.webp 720w, https:\/\/maizemachine.com\/wp-content\/uploads\/2023\/05\/Corn-thresher-screen-300x225.webp 300w, https:\/\/maizemachine.com\/wp-content\/uploads\/2023\/05\/Corn-thresher-screen-16x12.webp 16w\" sizes=\"auto, (max-width: 720px) 100vw, 720px\" \/><figcaption class=\"wp-element-caption\">Ma\u00efs dorschmachine zeef<\/figcaption><\/figure> <\/div>   <h2 class=\"wp-block-heading\">Problemen oplossen met de ma\u00efs dorschmachine<\/h2>    <p class=\"translation-block\"><strong>Blokkering van de lagere machineruimte<\/strong><\/p>    <p class=\"translation-block\"><em>Oorzaak 1<\/em>: Elevatorband te los, waardoor het optillen van ma\u00efs vertraagt.<\/p>    <p class=\"translation-block\"><em>Oorzaak 2:<\/em> De aandrijfwielband is te los, waardoor het aandrijfwiel niet kan draaien.<\/p>    <p class=\"translation-block\"><em>Oplossing:<\/em> Draai zowel de elevatorband als de aandrijfwielband strakker aan.<\/p>    <p class=\"translation-block\"><strong>Onvolledig dorsen<\/strong><\/p>    <p class=\"translation-block\"><em>Oorzaak: <\/em>Onvoldoende dorsgraad.<\/p>    <p class=\"translation-block\"><em>Oplossing: <\/em>De machine heeft twee afvoerapparaten; het verwijderen van een of beide kan de dors effici\u00ebntie verbeteren.<\/p>    <p class=\"translation-block\"><strong>Te broze ma\u00efskolven<\/strong><\/p>    <p class=\"translation-block\"><em>Oorzaak 1: <\/em>Ma\u00efskolven zijn van nature broos of rot.<\/p>    <p class=\"translation-block\"><em>Oorzaak 2:<\/em> Ma\u00efskolven worden te langzaam afgevoerd.<\/p>    <p class=\"translation-block\"><em>Oorzaak 3: <\/em>Hoek van de vibrerende zeef te laag.<\/p>    <p class=\"translation-block\"><em>Oplossing:<\/em> Voeg 1\u20132 afvoerapparaten toe om de snelheid te verhogen, en\/of verhoog de hoek van de vibrerende zeef.<\/p>    <p class=\"translation-block\"><strong>Onzuiverheden niet volledig verwijderd<\/strong><\/p>    <p class=\"translation-block\"><em>Oorzaak:<\/em> De stoffen zak heeft een slechte luchtdoorlaatbaarheid, wat de luchtstroom beperkt.<\/p>    <p class=\"translation-block\"><em>Oplossing:<\/em> Vervang door een beter ademende stoffen zak.<\/p>   <div class=\"wp-block-image\"> <figure class=\"aligncenter size-full\"><img loading=\"lazy\" decoding=\"async\" width=\"720\" height=\"540\" src=\"https:\/\/maizemachine.com\/wp-content\/uploads\/2023\/05\/corn-thresher.webp\" alt=\"ma\u00efsdorsmachine\" class=\"wp-image-616\" title=\"\" srcset=\"https:\/\/maizemachine.com\/wp-content\/uploads\/2023\/05\/corn-thresher.webp 720w, https:\/\/maizemachine.com\/wp-content\/uploads\/2023\/05\/corn-thresher-300x225.webp 300w, https:\/\/maizemachine.com\/wp-content\/uploads\/2023\/05\/corn-thresher-16x12.webp 16w\" sizes=\"auto, (max-width: 720px) 100vw, 720px\" \/><figcaption class=\"wp-element-caption\">ma\u00efsdorsmachine<\/figcaption><\/figure> <\/div>   <h2 class=\"wp-block-heading\">De prijs van de ma\u00efs dorsmachine<\/h2>    <p>De prijs van een ma\u00efs dorschmachine wordt be\u00efnvloed door vele factoren, zoals output, merk, kwaliteit, verzendkosten en land van herkomst, enz. Daarom, als u de prijs van de ma\u00efs dorschmachine wilt weten, vertel ons dan uw behoeften. Dan nemen onze verkopers zo snel mogelijk contact met u op en informeren u over de specifieke prijs van de machine. Bovendien, als u de beste elektrische ma\u00efs dorser wilt krijgen, moet u eerst letten op de kwaliteit en capaciteit van de ma\u00efs dorsmachine, en de prijs is de tweede zorg. Alleen op deze manier kunt u een hoogwaardige ma\u00efs dorschmachine kopen.<\/p>    <figure class=\"wp-block-gallery has-nested-images columns-default is-cropped wp-block-gallery-3 is-layout-flex wp-block-gallery-is-layout-flex\"> <figure class=\"wp-block-image size-large\"><img loading=\"lazy\" decoding=\"async\" width=\"720\" height=\"540\" data-id=\"617\" src=\"https:\/\/maizemachine.com\/wp-content\/uploads\/2023\/05\/Corn-thresher-price-1.webp\" alt=\"Ma\u00efs dorschmachine prijs\" class=\"wp-image-617\" title=\"\" srcset=\"https:\/\/maizemachine.com\/wp-content\/uploads\/2023\/05\/Corn-thresher-price-1.webp 720w, https:\/\/maizemachine.com\/wp-content\/uploads\/2023\/05\/Corn-thresher-price-1-300x225.webp 300w, https:\/\/maizemachine.com\/wp-content\/uploads\/2023\/05\/Corn-thresher-price-1-16x12.webp 16w\" sizes=\"auto, (max-width: 720px) 100vw, 720px\" \/><figcaption class=\"wp-element-caption\">Ma\u00efsdorser Prijs<\/figcaption><\/figure>    <figure class=\"wp-block-image size-large\"><img loading=\"lazy\" decoding=\"async\" width=\"720\" height=\"540\" data-id=\"618\" src=\"https:\/\/maizemachine.com\/wp-content\/uploads\/2023\/05\/Corn-thresher-with-conveyor.webp\" alt=\"Ma\u00efs dorschmachine met transportband\" class=\"wp-image-618\" title=\"\" srcset=\"https:\/\/maizemachine.com\/wp-content\/uploads\/2023\/05\/Corn-thresher-with-conveyor.webp 720w, https:\/\/maizemachine.com\/wp-content\/uploads\/2023\/05\/Corn-thresher-with-conveyor-300x225.webp 300w, https:\/\/maizemachine.com\/wp-content\/uploads\/2023\/05\/Corn-thresher-with-conveyor-16x12.webp 16w\" sizes=\"auto, (max-width: 720px) 100vw, 720px\" \/><figcaption class=\"wp-element-caption\">Ma\u00efs dorschmachine met transportband<\/figcaption><\/figure>    <figure class=\"wp-block-image size-large\"><img loading=\"lazy\" decoding=\"async\" width=\"720\" height=\"540\" data-id=\"619\" src=\"https:\/\/maizemachine.com\/wp-content\/uploads\/2023\/05\/Practical-application-of-corn-threshing-machine.webp\" alt=\"Praktische toepassing van ma\u00efs dorschmachine\" class=\"wp-image-619\" title=\"\" srcset=\"https:\/\/maizemachine.com\/wp-content\/uploads\/2023\/05\/Practical-application-of-corn-threshing-machine.webp 720w, https:\/\/maizemachine.com\/wp-content\/uploads\/2023\/05\/Practical-application-of-corn-threshing-machine-300x225.webp 300w, https:\/\/maizemachine.com\/wp-content\/uploads\/2023\/05\/Practical-application-of-corn-threshing-machine-16x12.webp 16w\" sizes=\"auto, (max-width: 720px) 100vw, 720px\" \/><figcaption class=\"wp-element-caption\">Praktische Toepassing Ma\u00efs Dorschmachine<\/figcaption><\/figure> <\/figure>    <p><\/p>","protected":false},"excerpt":{"rendered":"<p>The large corn threshing machine is a highly efficient agricultural machine designed for quickly threshing harvested corn and separating the kernels from the cobs. According to different configurations and processing capacities, Taizy offers four models: 5TY-80A, 5TY-80B, 5TY-80C, and 5TY-80D. The high-output corn thresher machine has a production capacity of 4-6 tons per hour. And [&hellip;]<\/p>\n","protected":false},"author":1,"featured_media":298,"parent":0,"template":"","tags":[14],"product-type":[9],"class_list":["post-291","product","type-product","status-publish","has-post-thumbnail","hentry","tag-corn-sheller","product-type-corn-sheller-machine"],"_links":{"self":[{"href":"https:\/\/maizemachine.com\/nl\/wp-json\/wp\/v2\/product\/291","targetHints":{"allow":["GET"]}}],"collection":[{"href":"https:\/\/maizemachine.com\/nl\/wp-json\/wp\/v2\/product"}],"about":[{"href":"https:\/\/maizemachine.com\/nl\/wp-json\/wp\/v2\/types\/product"}],"author":[{"embeddable":true,"href":"https:\/\/maizemachine.com\/nl\/wp-json\/wp\/v2\/users\/1"}],"wp:featuredmedia":[{"embeddable":true,"href":"https:\/\/maizemachine.com\/nl\/wp-json\/wp\/v2\/media\/298"}],"wp:attachment":[{"href":"https:\/\/maizemachine.com\/nl\/wp-json\/wp\/v2\/media?parent=291"}],"wp:term":[{"taxonomy":"post_tag","embeddable":true,"href":"https:\/\/maizemachine.com\/nl\/wp-json\/wp\/v2\/tags?post=291"},{"taxonomy":"product-type","embeddable":true,"href":"https:\/\/maizemachine.com\/nl\/wp-json\/wp\/v2\/product-type?post=291"}],"curies":[{"name":"wp","href":"https:\/\/api.w.org\/{rel}","templated":true}]}}