{"id":278,"date":"2023-03-08T17:21:19","date_gmt":"2023-03-08T09:21:19","guid":{"rendered":"https:\/\/maizemachine.com\/?post_type=product&#038;p=278"},"modified":"2025-12-30T17:39:31","modified_gmt":"2025-12-30T09:39:31","slug":"multifunctional-maize-thresher-machine","status":"publish","type":"product","link":"https:\/\/maizemachine.com\/nl\/product\/multifunctional-maize-thresher-machine\/","title":{"rendered":"2-4 Ton\/h Multifunctionele Ma\u00efs Dorsmachine voor Verkoop"},"content":{"rendered":"<p>De multifunctionele ma\u00efsdorsmachine is een machine voor het dorsen van ma\u00efs, soja, sorghum, tuinbonen, rijst en andere gewassen. Gebruikers hoeven alleen het zeef te vervangen om het dorsen van verschillende gewassen te realiseren. <\/p>   <div class=\"wp-block-image\"> <figure class=\"aligncenter size-full\"><img loading=\"lazy\" decoding=\"async\" width=\"720\" height=\"540\" src=\"https:\/\/maizemachine.com\/wp-content\/uploads\/2023\/03\/Multifunctional-Maize-Thresher-Machine.webp\" alt=\"Multifunctionele ma\u00efsdorsmachine\" class=\"wp-image-640\" title=\"\" srcset=\"https:\/\/maizemachine.com\/wp-content\/uploads\/2023\/03\/Multifunctional-Maize-Thresher-Machine.webp 720w, https:\/\/maizemachine.com\/wp-content\/uploads\/2023\/03\/Multifunctional-Maize-Thresher-Machine-300x225.webp 300w, https:\/\/maizemachine.com\/wp-content\/uploads\/2023\/03\/Multifunctional-Maize-Thresher-Machine-16x12.webp 16w\" sizes=\"auto, (max-width: 720px) 100vw, 720px\" \/><figcaption class=\"wp-element-caption\">Multifunctionele ma\u00efsdorsmachine<\/figcaption><\/figure> <\/div>   <p class=\"translation-block\">Deze ma\u00efsdorsmachine kan <strong><em>2\u20134<\/em><\/strong> ton ma\u00efs <strong><em>per uur<\/em><\/strong> verwerken, <strong><em>1\u20132<\/em><\/strong> ton sorghum of gierst, en <strong><em>0.5\u20130.8<\/em><\/strong> ton soja.<\/p>    <p>De machine kan worden uitgerust met grote banden en een stevig frame voor eenvoudig verplaatsen. Hij heeft twee grote ventilatoren om lichte verontreinigingen weg te blazen, en een trilzeef om klein vuil, stenen of verschrompelde zaden te verwijderen, zodat de gedorsde ma\u00efs zeer schoon is.<\/p>    <p class=\"translation-block\">Bij Taizy Machinery hebben we niet alleen multifunctionele grote ma\u00efsdorsmachines, maar ook kleine <a href=\"https:\/\/maizemachine.com\/nl\/product\/maize-sheller\/\">corn sheller machine<\/a>s en <a href=\"https:\/\/maizemachine.com\/nl\/product\/sweet-corn-sheller\/\">sweet corn sheller<\/a>s te koop. De kleur van de machine is optioneel. Onze fabriek produceert vaak ma\u00efsdorsmachines in rood en groen.<\/p>    <h2 class=\"wp-block-heading\">Ontwerp van een multifunctionele ma\u00efsoogstmachine<\/h2>    <p class=\"translation-block\">De machine bestaat voornamelijk uit een <strong>voerinlaat, ventilator, afvaluitlaat, secundair zeefgedeelte, dubbele ventilator, trilzeef, frame, staande plaat, groot wiel, dorsgedeelte en loslaatpoort.<\/strong> De afbeelding hieronder is het structuurdiagram van de machine.<\/p>   <div class=\"wp-block-image\"> <figure class=\"aligncenter size-full\"><img loading=\"lazy\" decoding=\"async\" width=\"720\" height=\"540\" src=\"http:\/\/maizemachine.com\/wp-content\/uploads\/2023\/03\/structure-of-corn-sheller.webp\" alt=\"structuur van een ma\u00efsschiller\" class=\"wp-image-284\" title=\"\" srcset=\"https:\/\/maizemachine.com\/wp-content\/uploads\/2023\/03\/structure-of-corn-sheller.webp 720w, https:\/\/maizemachine.com\/wp-content\/uploads\/2023\/03\/structure-of-corn-sheller-300x225.webp 300w\" sizes=\"auto, (max-width: 720px) 100vw, 720px\" \/><figcaption class=\"wp-element-caption\">structuur van een ma\u00efsschiller<\/figcaption><\/figure> <\/div>   <div class=\"wp-block-columns is-layout-flex wp-container-core-columns-is-layout-9d6595d7 wp-block-columns-is-layout-flex\"> <div class=\"wp-block-column is-layout-flow wp-block-column-is-layout-flow\"> <details class=\"wp-block-details is-layout-flow wp-block-details-is-layout-flow\"><summary>Voertrichter<\/summary> <p>Wordt gebruikt om ma\u00efskolven of gewassen in te doen, zodat ze gelijkmatig in de dorskamer worden gevoerd.<\/p> <\/details> <\/div>    <div class=\"wp-block-column is-layout-flow wp-block-column-is-layout-flow\"> <details class=\"wp-block-details is-layout-flow wp-block-details-is-layout-flow\"><summary>Blower<\/summary> <p>Biedt luchtstroom om lichte verontreinigingen zoals ma\u00efsschillen en strostukjes weg te blazen.<\/p> <\/details> <\/div> <\/div>    <div class=\"wp-block-columns is-layout-flex wp-container-core-columns-is-layout-9d6595d7 wp-block-columns-is-layout-flex\"> <div class=\"wp-block-column is-layout-flow wp-block-column-is-layout-flow\"> <details class=\"wp-block-details is-layout-flow wp-block-details-is-layout-flow\"><summary>Afvaluitlaat<\/summary> <p>Voert de door de blower uitgeblazen verontreinigingen af, zodat ze zich niet met de schone ma\u00efs vermengen.<\/p> <\/details> <\/div>    <div class=\"wp-block-column is-layout-flow wp-block-column-is-layout-flow\"> <details class=\"wp-block-details is-layout-flow wp-block-details-is-layout-flow\"><summary>Secundair zeefgedeelte<\/summary> <p>Voert een tweede zeving uit van de gedorste ma\u00efs om eventuele resterende verontreinigingen te verwijderen.<\/p> <\/details> <\/div> <\/div>    <div class=\"wp-block-columns is-layout-flex wp-container-core-columns-is-layout-9d6595d7 wp-block-columns-is-layout-flex\"> <div class=\"wp-block-column is-layout-flow wp-block-column-is-layout-flow\"> <details class=\"wp-block-details is-layout-flow wp-block-details-is-layout-flow\"><summary>Dubbele ventilator<\/summary> <p>Vergroot de luchtstroom om de verwijdering van verontreinigingen te verbeteren, waardoor de ma\u00efs schoon en netjes is.<\/p> <\/details> <\/div>    <div class=\"wp-block-column is-layout-flow wp-block-column-is-layout-flow\"> <details class=\"wp-block-details is-layout-flow wp-block-details-is-layout-flow\"><summary>Trilzeef<\/summary> <p>Maakt gebruik van trilling om ma\u00efskorrels volledig van verontreinigingen te scheiden.<\/p> <\/details> <\/div> <\/div>    <div class=\"wp-block-columns is-layout-flex wp-container-core-columns-is-layout-9d6595d7 wp-block-columns-is-layout-flex\"> <div class=\"wp-block-column is-layout-flow wp-block-column-is-layout-flow\"> <details class=\"wp-block-details is-layout-flow wp-block-details-is-layout-flow\"><summary>Staande plaat<\/summary> <p>Houdt de trommel of dorsonderdelen op hun plaats en biedt stabiele ondersteuning.<\/p> <\/details> <\/div>    <div class=\"wp-block-column is-layout-flow wp-block-column-is-layout-flow\"> <details class=\"wp-block-details is-layout-flow wp-block-details-is-layout-flow\"><summary>Groot wiel<\/summary> <p>Aandrijft of past de trommelsnelheid aan en zet de kracht over naar de dorstrommel.<\/p> <\/details> <\/div> <\/div>    <div class=\"wp-block-columns is-layout-flex wp-container-core-columns-is-layout-9d6595d7 wp-block-columns-is-layout-flex\"> <div class=\"wp-block-column is-layout-flow wp-block-column-is-layout-flow\"> <details class=\"wp-block-details is-layout-flow wp-block-details-is-layout-flow\"><summary>Dorsgedeelte<\/summary> <p>Een kerncomponent die korrels van ma\u00efskolven verwijdert door wrijving en impact.<\/p> <\/details> <\/div>    <div class=\"wp-block-column is-layout-flow wp-block-column-is-layout-flow\"> <details class=\"wp-block-details is-layout-flow wp-block-details-is-layout-flow\"><summary>Loslaatpoort<\/summary> <p>Ma\u00efskorrels en kolven worden uit afzonderlijke uitlaten gelost voor gemakkelijke opvang en verder gebruik.<\/p> <\/details> <\/div> <\/div>    <h2 class=\"wp-block-heading\">Hoe werkt een ma\u00efsschiller?<\/h2>    <p>De multifunctionele ma\u00efsdors werkt door rubberen of stalen rollen te gebruiken om de ma\u00efskolven te persen en te wrijven, waardoor de korrels zich van het stro scheiden. Een blower en zeef verwijderen vervolgens verontreinigingen, waardoor schone korrels overblijven.<\/p>    <p>Onze multifunctionele ma\u00efsdors heeft verschillende modellen en specificaties, en klanten kunnen het geschikte model kiezen op basis van de behoeften van gebruikers en de omstandigheden ter plaatse.<\/p>   <div class=\"wp-block-image\"> <figure class=\"aligncenter size-full\"><img loading=\"lazy\" decoding=\"async\" width=\"720\" height=\"540\" src=\"http:\/\/maizemachine.com\/wp-content\/uploads\/2023\/03\/multifunctional-maize-threshing-machine.webp\" alt=\"multifunctionele ma\u00efs dorsmachine\" class=\"wp-image-282\" title=\"\" srcset=\"https:\/\/maizemachine.com\/wp-content\/uploads\/2023\/03\/multifunctional-maize-threshing-machine.webp 720w, https:\/\/maizemachine.com\/wp-content\/uploads\/2023\/03\/multifunctional-maize-threshing-machine-300x225.webp 300w\" sizes=\"auto, (max-width: 720px) 100vw, 720px\" \/><figcaption class=\"wp-element-caption\">multifunctionele ma\u00efs dorsmachine<\/figcaption><\/figure> <\/div>   <h2 class=\"wp-block-heading\">Technische parameters van de ma\u00efsoogstmachine<\/h2>    <figure class=\"wp-block-table\"><table><tbody><tr><td>Model<\/td><td>5TD-1000<\/td><\/tr><tr><td>Capaciteit(t\/u)<\/td><td>Ma\u00efs: 2-4t\/h, Sorghum en gierst: 1-2t\/h, Sojaboon: 0.5-0.8t\/h<\/td><\/tr><tr><td>Vermogen<\/td><td>15PK dieselmotor, 11 motor, PTO<\/td><\/tr><tr><td>Hoofdas snelheid<\/td><td>550\u2013620 tpm<\/td><\/tr><tr><td>3 zeefjes<\/td><td>Ma\u00efszift \u03c618mm, Sorghum, gierst zift \u03c66mm; sojaboon \u03c612mm<\/td><\/tr><tr><td>Gewicht (kg)<\/td><td>650<\/td><\/tr><tr><td>Totale afmetingen (mm)<\/td><td>3400*2100*1980<\/td><\/tr><tr><td>Verpakkingsgrootte (mm)<\/td><td>2800*740*1400<\/td><\/tr><\/tbody><\/table><\/figure>    <p class=\"translation-block\">Uit de bovenstaande tabel blijkt dat de capaciteit van de ma\u00efsdorsmachine <strong><em>2-4t\/h<\/em><\/strong> is. Als de ruwe materialen die door de machine worden verwerkt sorghum en gierst zijn, is de opbrengst van de machine<strong><em> 1-2t\/h. <\/em><\/strong>Als het verwerkte grondstof soja is, is de opbrengst van de machine<strong><em> 0.5-0.8t\/h. <\/em><\/strong>Er moet op worden gelet dat voor het verwerken van verschillende grondstoffen schermen van verschillende afmetingen moeten worden vervangen.<\/p>   <div class=\"wp-block-image\"> <figure class=\"aligncenter size-full\"><img loading=\"lazy\" decoding=\"async\" width=\"720\" height=\"540\" src=\"http:\/\/maizemachine.com\/wp-content\/uploads\/2023\/03\/maize-thresher-machine.webp\" alt=\"ma\u00efs dorsmachine\" class=\"wp-image-280\" title=\"\" srcset=\"https:\/\/maizemachine.com\/wp-content\/uploads\/2023\/03\/maize-thresher-machine.webp 720w, https:\/\/maizemachine.com\/wp-content\/uploads\/2023\/03\/maize-thresher-machine-300x225.webp 300w\" sizes=\"auto, (max-width: 720px) 100vw, 720px\" \/><figcaption class=\"wp-element-caption\">ma\u00efs dorsmachine<\/figcaption><\/figure> <\/div>   <h2 class=\"wp-block-heading\">Voordelen van een multifunctionele ma\u00efsoogstmachine<\/h2>    <ul class=\"wp-block-list\"> <li><strong>Breed scala aan <\/strong><span style=\"box-sizing: border-box; margin: 0px; padding: 0px;\"><strong>toepassingen<\/strong><\/span>: multifunctioneel ma\u00efs dorsmachine kan ma\u00efs, sojabonen, <strong><a href=\"https:\/\/en.wikipedia.org\/wiki\/Sorghum\" target=\"_blank\" rel=\"noopener\">sorghum<\/a><\/strong>, gierst, tuinboon, gerst, tarwe en andere gewassen.<\/li>    <li><strong>Hoge effici\u00ebntie en arbeidsbesparing<\/strong>: Dors 2\u20134 ton ma\u00efs per uur. Met 8 uur werk per dag kan het ongeveer 15\u201325 arbeiders vervangen, wat de arbeidskosten aanzienlijk verlaagt.<\/li>    <li><strong>Duurzame en hoogwaardige materialen: <\/strong>Het frame, de dorsmachine en het zeefje zijn gemaakt van hoogwaardig koolstofstaal, bestand tegen slijtage en corrosie.<\/li>    <li><strong>Betrouwbare componenten: <\/strong>Trommelwielen en lagers zijn gemaakt van materialen met hoge hardheid, wat een stabiele werking en een laag falingspercentage garandeert.<\/li>    <li><strong>Flexibele stroomopties:<\/strong> Kan worden aangedreven door een 15PK dieselmotor, 11kW elektrische motor of PTO-aandrijving, geschikt voor gebieden met beperkte elektriciteit of veldwerk.<\/li>    <li><strong>Optimale snelheid:<\/strong> De hoofdas draait op 550\u2013620 rpm voor grondig dorsen met lage kernbreuk.<\/li>    <li><strong>Gemakkelijk te verplaatsen:<\/strong> Weegt 650 kg en kan worden uitgerust met wielen voor transport en gebruik op het veld.<\/li>    <li><strong>Eenvoudige bediening:<\/strong> Voer \u2192 Dorsen \u2192 Luchtzuivering \u2192 Zeven \u2192 Afvoer; het hele proces kan door \u00e9\u00e9n persoon worden uitgevoerd.<\/li>    <li><strong>Lage breuk en hoge kernintegriteit:<\/strong> Geoptimaliseerd tandontwerp van de trommel houdt kernbreuk \u2264 2%, waardoor de ma\u00efskwaliteit behouden blijft.<\/li>    <li><strong>Onbeschadigde kolven: <\/strong>Gedorsen kolven kunnen worden gebruikt als voer of brandstof, wat extra waarde toevoegt.<\/li>    <li><strong>Handige verpakking en transport:<\/strong> De machine kan worden gedemonteerd voor verpakking. De verpakkingsgrootte is 2800\u00d7740\u00d71400 mm, wat het logistiek en de montage ter plaatse vergemakkelijkt.<\/li> <\/ul>   <div class=\"wp-block-image\"> <figure class=\"aligncenter size-full\"><img loading=\"lazy\" decoding=\"async\" width=\"720\" height=\"540\" src=\"http:\/\/maizemachine.com\/wp-content\/uploads\/2023\/03\/widely-application.webp\" alt=\"breed toepasbaar\" class=\"wp-image-285\" title=\"\" srcset=\"https:\/\/maizemachine.com\/wp-content\/uploads\/2023\/03\/widely-application.webp 720w, https:\/\/maizemachine.com\/wp-content\/uploads\/2023\/03\/widely-application-300x225.webp 300w\" sizes=\"auto, (max-width: 720px) 100vw, 720px\" \/><figcaption class=\"wp-element-caption\">breed toepasbaar<\/figcaption><\/figure> <\/div>   <h2 class=\"wp-block-heading\">Hoe gebruik je een ma\u00efsschiller?<\/h2>    <ol class=\"wp-block-list\"> <li>Sluit de elektrische ma\u00efsschiller aan op de stroomvoorziening en controleer of de motor normaal draait.<\/li>    <li>Plaats de ma\u00efskolf in de invoeropening van de dorsmachine.<\/li>    <li>Zet de dorsmachine aan en laat de ma\u00efskolf door de rol binnenin de machine gaan voor het dorsen. Uiteindelijk zullen de ma\u00efskorrels uit de afvoerpoort worden afgevoerd.<\/li>    <li>Zet de ma\u00efsplukker uit, maak de resterende ma\u00efsstempels, stof en andere onzuiverheden schoon en houd de multifunctionele ma\u00efsplukmachine schoon en intact.<\/li> <\/ol>   <div class=\"wp-block-image\"> <figure class=\"aligncenter size-full\"><img loading=\"lazy\" decoding=\"async\" width=\"720\" height=\"540\" src=\"https:\/\/maizemachine.com\/wp-content\/uploads\/2023\/05\/Clean-corn-kernels.webp\" alt=\"Schone ma\u00efskorrels\" class=\"wp-image-612\" title=\"\" srcset=\"https:\/\/maizemachine.com\/wp-content\/uploads\/2023\/05\/Clean-corn-kernels.webp 720w, https:\/\/maizemachine.com\/wp-content\/uploads\/2023\/05\/Clean-corn-kernels-300x225.webp 300w, https:\/\/maizemachine.com\/wp-content\/uploads\/2023\/05\/Clean-corn-kernels-16x12.webp 16w\" sizes=\"auto, (max-width: 720px) 100vw, 720px\" \/><figcaption class=\"wp-element-caption\">Schone ma\u00efskorrels<\/figcaption><\/figure> <\/div>   <h2 class=\"wp-block-heading\">Waar koop je een elektrische ma\u00efsschiller?<\/h2>    <p>U kunt de schilmachine voor ma\u00efs online of bij uw lokale landbouwmachinewinkel kopen. Er zijn veel modellen multifunctionele ma\u00efsdorsmachines online beschikbaar, en u kunt het juiste model kiezen op basis van uw behoeften en budget. Online kopen stelt u in staat de prijzen en functies van verschillende producten te vergelijken, wat u zal helpen het beste product voor u te vinden. Bovendien kan online aanschaffen tijd en energie besparen; u hoeft niet naar een fysieke winkel te gaan om de goederen te bekijken.<\/p>    <p class=\"translation-block\"><strong><a href=\"https:\/\/maizemachine.com\/nl\/\">Taizy<\/a><\/strong> biedt verschillende modellen ma\u00efsdorsmachines aan en kan het juiste model aanbevelen op basis van uw werkelijke productiebehoeften om de beste prijs-kwaliteitverhouding te garanderen. Bovendien levert Taizy ook diepverwerkingsmachines voor ma\u00efs, zoals ma\u00efsgritsmachines en ma\u00efsmaaiers. We bieden uitstekende nazorg \u2014 als er binnen een jaar een probleem optreedt, kunt u altijd contact met ons opnemen om uw rechten te beschermen. U bent welkom om contact met ons op te nemen voor meer informatie.<\/p>   <div class=\"wp-block-image\"> <figure class=\"aligncenter size-full\"><img loading=\"lazy\" decoding=\"async\" width=\"720\" height=\"540\" src=\"http:\/\/maizemachine.com\/wp-content\/uploads\/2023\/03\/our-stock.webp\" alt=\"onze voorraad\" class=\"wp-image-283\" title=\"\" srcset=\"https:\/\/maizemachine.com\/wp-content\/uploads\/2023\/03\/our-stock.webp 720w, https:\/\/maizemachine.com\/wp-content\/uploads\/2023\/03\/our-stock-300x225.webp 300w\" sizes=\"auto, (max-width: 720px) 100vw, 720px\" \/><figcaption class=\"wp-element-caption\">onze voorraad<\/figcaption><\/figure> <\/div>   <h2 class=\"wp-block-heading\">Succesvolle case<\/h2>    <p class=\"translation-block\">Omdat deze multifunctionele ma\u00efsdorsmachine het voordeel heeft van een goed dorsresultaat en een breed toepassingsgebied, hebben klanten uit veel landen deze machine bij ons bedrijf gekocht. De exportlanden omvatten voornamelijk de Verenigde Staten, <strong><a href=\"https:\/\/maizemachine.com\/nl\/Info\/corn-sheller-machine-for-sale-in-ghana\/\">Ghana<\/a><\/strong>, Nigeria, Thailand, Botswana, Oeganda, Bangladesh en andere landen. Als u een ma\u00efsdorsmachine nodig heeft om u te helpen, neem dan gerust contact met ons op.<\/p>   <div class=\"wp-block-image\"> <figure class=\"aligncenter size-full\"><img loading=\"lazy\" decoding=\"async\" width=\"720\" height=\"540\" src=\"https:\/\/maizemachine.com\/wp-content\/uploads\/2023\/03\/delivery-chart.webp\" alt=\"Ma\u00efsdorsmachine verzonden naar Nigeria\" class=\"wp-image-279\" title=\"\" srcset=\"https:\/\/maizemachine.com\/wp-content\/uploads\/2023\/03\/delivery-chart.webp 720w, https:\/\/maizemachine.com\/wp-content\/uploads\/2023\/03\/delivery-chart-300x225.webp 300w\" sizes=\"auto, (max-width: 720px) 100vw, 720px\" \/><figcaption class=\"wp-element-caption\">Ma\u00efsdorsmachine verzonden naar Nigeria<\/figcaption><\/figure> <\/div>","protected":false},"excerpt":{"rendered":"<p>The multifunctional maize thresher machine is a machine for threshing maize, soybeans, sorghum, broad beans, rice, and other crops. Users only need to replace the screen to achieve the threshing of different crops. This maize thresher machine can process 2\u20134 tons of corn per hour, 1\u20132 tons of sorghum or millet, and 0.5\u20130.8 tons of [&hellip;]<\/p>\n","protected":false},"author":1,"featured_media":281,"parent":0,"template":"","tags":[14],"product-type":[9],"class_list":["post-278","product","type-product","status-publish","has-post-thumbnail","hentry","tag-corn-sheller","product-type-corn-sheller-machine"],"_links":{"self":[{"href":"https:\/\/maizemachine.com\/nl\/wp-json\/wp\/v2\/product\/278","targetHints":{"allow":["GET"]}}],"collection":[{"href":"https:\/\/maizemachine.com\/nl\/wp-json\/wp\/v2\/product"}],"about":[{"href":"https:\/\/maizemachine.com\/nl\/wp-json\/wp\/v2\/types\/product"}],"author":[{"embeddable":true,"href":"https:\/\/maizemachine.com\/nl\/wp-json\/wp\/v2\/users\/1"}],"wp:featuredmedia":[{"embeddable":true,"href":"https:\/\/maizemachine.com\/nl\/wp-json\/wp\/v2\/media\/281"}],"wp:attachment":[{"href":"https:\/\/maizemachine.com\/nl\/wp-json\/wp\/v2\/media?parent=278"}],"wp:term":[{"taxonomy":"post_tag","embeddable":true,"href":"https:\/\/maizemachine.com\/nl\/wp-json\/wp\/v2\/tags?post=278"},{"taxonomy":"product-type","embeddable":true,"href":"https:\/\/maizemachine.com\/nl\/wp-json\/wp\/v2\/product-type?post=278"}],"curies":[{"name":"wp","href":"https:\/\/api.w.org\/{rel}","templated":true}]}}