{"id":268,"date":"2023-02-17T17:06:49","date_gmt":"2023-02-17T09:06:49","guid":{"rendered":"https:\/\/maizemachine.com\/?post_type=product&#038;p=268"},"modified":"2025-08-26T11:35:48","modified_gmt":"2025-08-26T03:35:48","slug":"corn-silage-harvester","status":"publish","type":"product","link":"https:\/\/maizemachine.com\/nl\/product\/corn-silage-harvester\/","title":{"rendered":"Ma\u00efs Silage Oogstmachine | Stro Oogstmachine"},"content":{"rendered":"<p>De Taizy zelfrijdende ma\u00efskuilvoer oogstmachine is een zeer effici\u00ebnte landbouwmachine, speciaal ontworpen voor het oogsten van kuilvoer. Het werkt door interne messen te gebruiken om ma\u00efsstengels in kleine stukjes te hakselen.<\/p>   <div class=\"wp-block-image\"> <figure class=\"aligncenter size-full\"><img loading=\"lazy\" decoding=\"async\" width=\"720\" height=\"540\" src=\"https:\/\/maizemachine.com\/wp-content\/uploads\/2023\/02\/\u5fae\u4fe1\u56fe\u7247_202506061639571.webp\" alt=\"Ma\u00efs silage oogstmachine\" class=\"wp-image-591\" title=\"\" srcset=\"https:\/\/maizemachine.com\/wp-content\/uploads\/2023\/02\/\u5fae\u4fe1\u56fe\u7247_202506061639571.webp 720w, https:\/\/maizemachine.com\/wp-content\/uploads\/2023\/02\/\u5fae\u4fe1\u56fe\u7247_202506061639571-300x225.webp 300w, https:\/\/maizemachine.com\/wp-content\/uploads\/2023\/02\/\u5fae\u4fe1\u56fe\u7247_202506061639571-16x12.webp 16w\" sizes=\"auto, (max-width: 720px) 100vw, 720px\" \/><figcaption class=\"wp-element-caption\">Ma\u00efs silage oogstmachine<\/figcaption><\/figure> <\/div>   <p class=\"translation-block\">Dit model is niet alleen geschikt voor het oogsten van ma\u00efskuilvoer, maar ook voor het snijden en hakselen van gewassen zoals <strong>sorghum en voedergras, waarbij het oogsten, hakselen en laden in \u00e9\u00e9n werkgang wordt voltooid.<\/strong><\/p>   <div class=\"wp-block-image\"> <figure class=\"aligncenter size-full\"><img loading=\"lazy\" decoding=\"async\" width=\"720\" height=\"540\" src=\"https:\/\/maizemachine.com\/wp-content\/uploads\/2023\/02\/Corn-Silage-harvested-by-the-Corn-Silage-Harvester.webp\" alt=\"Ma\u00efskuilvoer geoogst door de Ma\u00efskuilvoer Oogstmachine\" class=\"wp-image-583\" title=\"\" srcset=\"https:\/\/maizemachine.com\/wp-content\/uploads\/2023\/02\/Corn-Silage-harvested-by-the-Corn-Silage-Harvester.webp 720w, https:\/\/maizemachine.com\/wp-content\/uploads\/2023\/02\/Corn-Silage-harvested-by-the-Corn-Silage-Harvester-300x225.webp 300w, https:\/\/maizemachine.com\/wp-content\/uploads\/2023\/02\/Corn-Silage-harvested-by-the-Corn-Silage-Harvester-16x12.webp 16w\" sizes=\"auto, (max-width: 720px) 100vw, 720px\" \/><figcaption class=\"wp-element-caption\">Ma\u00efskuilvoer geoogst door de Ma\u00efskuilvoer Oogstmachine<\/figcaption><\/figure> <\/div>   <p class=\"translation-block\">De machine heeft een redelijk ontwerp en eenvoudige bediening, uitgerust met een <strong><em>150~180PK<\/em><\/strong> motor voor krachtige prestaties, wat de effici\u00ebntie van de voederwinning aanzienlijk verbetert. Het maakt gebruik van een hydraulische aandrijving voor soepele krachtoverbrenging, flexibele bediening en multifunctionele controle, waardoor het eenvoudig te bedienen is.<\/p>    <p>Deze serie oogstmachines is verkrijgbaar in zowel wielige als gekruide versies, geschikt voor vlakke vlaktes, heuvels, bergen en zelfs tropisch regenwoud terrein.<\/p>    <h2 class=\"wp-block-heading\">Soorten ma\u00efskuilvoer oogstmachines<\/h2>    <h3 class=\"wp-block-heading\">Wielig<\/h3>   <div class=\"wp-block-image\"> <figure class=\"aligncenter size-full\"><img loading=\"lazy\" decoding=\"async\" width=\"720\" height=\"540\" src=\"https:\/\/maizemachine.com\/wp-content\/uploads\/2023\/02\/Wheeled-Corn-Silage-Harvester.webp\" alt=\"Wielige Ma\u00efskuilvoer Oogstmachine\" class=\"wp-image-586\" title=\"\" srcset=\"https:\/\/maizemachine.com\/wp-content\/uploads\/2023\/02\/Wheeled-Corn-Silage-Harvester.webp 720w, https:\/\/maizemachine.com\/wp-content\/uploads\/2023\/02\/Wheeled-Corn-Silage-Harvester-300x225.webp 300w, https:\/\/maizemachine.com\/wp-content\/uploads\/2023\/02\/Wheeled-Corn-Silage-Harvester-16x12.webp 16w\" sizes=\"auto, (max-width: 720px) 100vw, 720px\" \/><figcaption class=\"wp-element-caption\">Wielige Ma\u00efskuilvoer Oogstmachine<\/figcaption><\/figure> <\/div>   <h4 class=\"wp-block-heading\">Werkvideo<\/h4>    <figure class=\"wp-block-embed is-type-video is-provider-youtube wp-block-embed-youtube wp-embed-aspect-16-9 wp-has-aspect-ratio\"><div class=\"wp-block-embed__wrapper\"> <iframe loading=\"lazy\" title=\"Krachtige en effici\u00ebnte voederwielmaaier#ma\u00efsverwerking #voedermaaier\" width=\"500\" height=\"281\" src=\"https:\/\/www.youtube.com\/embed\/TK86cFNdZvg?feature=oembed\" frameborder=\"0\" allow=\"accelerometer; autoplay; clipboard-write; encrypted-media; gyroscope; picture-in-picture; web-share\" referrerpolicy=\"strict-origin-when-cross-origin\" allowfullscreen><\/iframe> <\/div><\/figure>    <h3 class=\"wp-block-heading\">Gekruid<\/h3>   <div class=\"wp-block-image\"> <figure class=\"aligncenter size-full\"><img loading=\"lazy\" decoding=\"async\" width=\"720\" height=\"540\" src=\"https:\/\/maizemachine.com\/wp-content\/uploads\/2023\/02\/Tracked-Corn-Silage-Harvester.webp\" alt=\"Gekruide Ma\u00efskuilvoer Oogstmachine\" class=\"wp-image-585\" title=\"\" srcset=\"https:\/\/maizemachine.com\/wp-content\/uploads\/2023\/02\/Tracked-Corn-Silage-Harvester.webp 720w, https:\/\/maizemachine.com\/wp-content\/uploads\/2023\/02\/Tracked-Corn-Silage-Harvester-300x225.webp 300w, https:\/\/maizemachine.com\/wp-content\/uploads\/2023\/02\/Tracked-Corn-Silage-Harvester-16x12.webp 16w\" sizes=\"auto, (max-width: 720px) 100vw, 720px\" \/><figcaption class=\"wp-element-caption\">Gekruide Ma\u00efskuilvoer Oogstmachine<\/figcaption><\/figure> <\/div>   <h4 class=\"wp-block-heading\">Werkvideo<\/h4>    <figure class=\"wp-block-embed is-type-video is-provider-youtube wp-block-embed-youtube wp-embed-aspect-16-9 wp-has-aspect-ratio\"><div class=\"wp-block-embed__wrapper\"> <iframe loading=\"lazy\" title=\"Breed toepasbare rupsmaaier#rups #voeder #maaidorser\" width=\"500\" height=\"281\" src=\"https:\/\/www.youtube.com\/embed\/DpGntjFa_qk?feature=oembed\" frameborder=\"0\" allow=\"accelerometer; autoplay; clipboard-write; encrypted-media; gyroscope; picture-in-picture; web-share\" referrerpolicy=\"strict-origin-when-cross-origin\" allowfullscreen><\/iframe> <\/div><\/figure>    <h2 class=\"wp-block-heading\">Structuur van de ma\u00efshakselaar<\/h2>    <p class=\"translation-block\">De zelfrijdende ma\u00efskuilvoer oogstmachine bestaat voornamelijk uit een <strong>maaibord systeem,<\/strong> een <strong>transportsysteem<\/strong>, een <strong>haksel systeem,<\/strong> een <strong>verzamel-\/hefsysteem<\/strong>, een <strong>aandrijfsysteem<\/strong> (motor + hydraulisch systeem) en een besturingssysteem. Alle onderdelen werken samen om ma\u00efskuilvoer effici\u00ebnt te oogsten, hakselen en transporteren.<\/p>   <div class=\"wp-block-image\"> <figure class=\"aligncenter size-full\"><img loading=\"lazy\" decoding=\"async\" width=\"720\" height=\"540\" src=\"https:\/\/maizemachine.com\/wp-content\/uploads\/2023\/02\/3D-Diagram.webp\" alt=\"3D-diagram\" class=\"wp-image-582\" title=\"\" srcset=\"https:\/\/maizemachine.com\/wp-content\/uploads\/2023\/02\/3D-Diagram.webp 720w, https:\/\/maizemachine.com\/wp-content\/uploads\/2023\/02\/3D-Diagram-300x225.webp 300w, https:\/\/maizemachine.com\/wp-content\/uploads\/2023\/02\/3D-Diagram-16x12.webp 16w\" sizes=\"auto, (max-width: 720px) 100vw, 720px\" \/><figcaption class=\"wp-element-caption\">3D-diagram<\/figcaption><\/figure> <\/div>   <h2 class=\"wp-block-heading\">Werkingsprincipe van de ma\u00efskuilvoer oogstmachine<\/h2>    <ul class=\"wp-block-list\"> <li>Maaibord Oogsten: Het voorste maaibord snijdt de ma\u00efsstengels en voert de hele plant in de machine.<\/li>    <li>Transport: De geoogste ma\u00efs wordt via een transportketting of vijzel naar het haksel systeem getransporteerd.<\/li>    <li>Hakselen: Roterende messen of hakselrollen snijden de ma\u00efsstengels en kolven in uniforme stukken.<\/li>    <li>Hefen en lossen: Het gehakselde kuilvoer wordt via een elevator of transportband in een trailer of opslagbak getild en gelost.<\/li>    <li>Aandrijving en Besturing: De motor levert de stroom, terwijl het hydraulische systeem de maaibordhoogte, de transportsnelheid en de hakseloperatie regelt.<\/li> <\/ul>   <div class=\"wp-block-image\"> <figure class=\"aligncenter size-full\"><img loading=\"lazy\" decoding=\"async\" width=\"720\" height=\"540\" src=\"https:\/\/maizemachine.com\/wp-content\/uploads\/2023\/02\/\u751f\u6210\u6536\u83b7\u673a\u7ed3\u6784\u56fe-3.webp\" alt=\"Stroo Oogstmachine\" class=\"wp-image-588\" title=\"\" srcset=\"https:\/\/maizemachine.com\/wp-content\/uploads\/2023\/02\/\u751f\u6210\u6536\u83b7\u673a\u7ed3\u6784\u56fe-3.webp 720w, https:\/\/maizemachine.com\/wp-content\/uploads\/2023\/02\/\u751f\u6210\u6536\u83b7\u673a\u7ed3\u6784\u56fe-3-300x225.webp 300w, https:\/\/maizemachine.com\/wp-content\/uploads\/2023\/02\/\u751f\u6210\u6536\u83b7\u673a\u7ed3\u6784\u56fe-3-16x12.webp 16w\" sizes=\"auto, (max-width: 720px) 100vw, 720px\" \/><figcaption class=\"wp-element-caption\">Stroo Oogstmachine<\/figcaption><\/figure> <\/div>   <h2 class=\"wp-block-heading\">Ma\u00efsvoederhakselaar te koop<\/h2>    <p>We bieden twee modellen ma\u00efs- en voedergewas oogstmachines aan: TZ-1400 en TZ-1800<\/p>    <h3 class=\"wp-block-heading\">TZ-1400<\/h3>    <figure class=\"wp-block-table\"><table class=\"has-fixed-layout\"><thead><tr><th><strong>Parameter<\/strong><\/th><th><strong>Specificatie<\/strong><\/th><\/tr><\/thead><tbody><tr><td><strong>Model<\/strong><\/td><td>TZ-1400<\/td><\/tr><tr><td><strong>Type<\/strong><\/td><td>Wielig<\/td><\/tr><tr><td><strong>Motorvermogen<\/strong><\/td><td>\u2265140 PK Dieselmotor<\/td><\/tr><tr><td><strong>Rijen<\/strong><\/td><td>Enkele rij<\/td><\/tr><tr><td><strong>Snijbreedte<\/strong><\/td><td>1400 mm<\/td><\/tr><tr><td><strong>Haksel lengte<\/strong><\/td><td>12\u201322 mm (instelbaar)<\/td><\/tr><tr><td><strong>Werk effici\u00ebntie<\/strong><\/td><td>4\u20136 mu\/uur<\/td><\/tr><tr><td><strong>Los hoogte<\/strong><\/td><td>3\u20135 m<\/td><\/tr><tr><td><strong>Bandenmaat<\/strong><\/td><td>Voor: 14,9-28 \/ Achter: 10,0-75-15<\/td><\/tr><tr><td><strong>Brandstofverbruik<\/strong><\/td><td>12\u201316 L\/uur<\/td><\/tr><tr><td><strong>Geschikt terrein<\/strong><\/td><td>Vlaktes, harde landbouwgrond, velden en wegtransport<\/td><\/tr><\/tbody><\/table><\/figure>    <h3 class=\"wp-block-heading\">TZ-1800<\/h3>    <figure class=\"wp-block-table\"><table class=\"has-fixed-layout\"><thead><tr><th><strong>Parameter<\/strong><\/th><th><strong>Specificatie<\/strong><\/th><\/tr><\/thead><tbody><tr><td><strong>Model<\/strong><\/td><td>TZ-1800<\/td><\/tr><tr><td><strong>Type<\/strong><\/td><td>Gekruid<\/td><\/tr><tr><td><strong>Motorvermogen<\/strong><\/td><td>\u2265180 PK Dieselmotor<\/td><\/tr><tr><td><strong>Rijen<\/strong><\/td><td>Enkele rij<\/td><\/tr><tr><td><strong>Snijbreedte<\/strong><\/td><td>1800 mm<\/td><\/tr><tr><td><strong>Haksel lengte<\/strong><\/td><td>12\u201322 mm (instelbaar)<\/td><\/tr><tr><td><strong>Werk effici\u00ebntie<\/strong><\/td><td>5\u20138 mu\/uur<\/td><\/tr><tr><td><strong>Los hoogte<\/strong><\/td><td>3\u20135 m<\/td><\/tr><tr><td><strong>Rupsbandmaat<\/strong><\/td><td>450 mm Rubberen Rupsbanden<\/td><\/tr><tr><td><strong>Brandstofverbruik<\/strong><\/td><td>14\u201318 L\/uur<\/td><\/tr><tr><td><strong>Geschikt terrein<\/strong><\/td><td>Heuvels, zachte grond, wetlands en bergachtig landbouwgrond<\/td><\/tr><\/tbody><\/table><\/figure>    <p class=\"translation-block\"><strong><em>Beide modellen van ma\u00efs- en voedergewas oogstmachines kunnen gewassen tot 2\u20133 meter hoog oogsten.<\/em><\/strong><\/p>    <p class=\"translation-block\">Daarnaast hebben we ook ma\u00efsverwerkingsmachines zoals <a href=\"https:\/\/maizemachine.com\/nl\/product\/2-row-corn-picker\/\">ma\u00efs oogstmachines<\/a> en diverse <a href=\"https:\/\/maizemachine.com\/nl\/product\/corn-mill-grinder\/\">ma\u00efsmolen-vergruizers<\/a> te koop.<\/p>   <div class=\"wp-block-image\"> <figure class=\"aligncenter size-full\"><img loading=\"lazy\" decoding=\"async\" width=\"720\" height=\"540\" src=\"https:\/\/maizemachine.com\/wp-content\/uploads\/2023\/02\/\u751f\u6210\u6536\u83b7\u673a\u7ed3\u6784\u56fe-2.webp\" alt=\"Beste ma\u00efskuilvoer oogstmachine voor kleine boerderijen\" class=\"wp-image-587\" title=\"\" srcset=\"https:\/\/maizemachine.com\/wp-content\/uploads\/2023\/02\/\u751f\u6210\u6536\u83b7\u673a\u7ed3\u6784\u56fe-2.webp 720w, https:\/\/maizemachine.com\/wp-content\/uploads\/2023\/02\/\u751f\u6210\u6536\u83b7\u673a\u7ed3\u6784\u56fe-2-300x225.webp 300w, https:\/\/maizemachine.com\/wp-content\/uploads\/2023\/02\/\u751f\u6210\u6536\u83b7\u673a\u7ed3\u6784\u56fe-2-16x12.webp 16w\" sizes=\"auto, (max-width: 720px) 100vw, 720px\" \/><figcaption class=\"wp-element-caption\">Beste ma\u00efskuilvoer oogstmachine voor kleine boerderijen<\/figcaption><\/figure> <\/div>   <h2 class=\"wp-block-heading\">Kenmerken van de ma\u00efsstrohakselaar<\/h2>    <ol class=\"wp-block-list\"> <li>Multifunctioneel. Een ma\u00efskuilvoer oogstmachine is een machine die oogsten, snijden, verpulveren en verzamelen integreert. Het realiseert echt \u00e9\u00e9n machine met meerdere functies.<\/li>    <li>De bedieningsmethode is eenvoudig. Slechts \u00e9\u00e9n persoon is nodig om de tractor te besturen.<\/li>    <li>Het stro, na te zijn gesneden en verpulverd door de ma\u00efskuilvoer oogstmachine, kan direct worden gerecycled.<\/li>    <li>De hoge mate van automatisering. Het hydraulische apparaat kan gemakkelijk de vergruisde ma\u00efsstoppel lossen.<\/li>    <li>Het hydraulische transmissieapparaat kan gemakkelijk de loopsnelheid van de machine regelen.<\/li>    <li>De messen van de ma\u00efsvoederoogstmachine zijn gemaakt van hoogwaardig materiaal en hebben de kenmerken van sterke slijtvastheid.<\/li>    <li>Het herstelpercentage is wel 95%<\/li>    <li>Volledig hydraulische besturing met een kleine draaicirkel, waardoor de bediening eenvoudig en flexibel is.<\/li>    <li>Oogst zonder rijafstand en kan neerliggende (omgevallen) gewassen aan.<\/li> <\/ol>   <div class=\"wp-block-image\"> <figure class=\"aligncenter size-full\"><img loading=\"lazy\" decoding=\"async\" width=\"720\" height=\"540\" src=\"https:\/\/maizemachine.com\/wp-content\/uploads\/2023\/02\/\u5fae\u4fe1\u56fe\u7247_20250606163958.webp\" alt=\"Ma\u00efskuilvoer oogstmachine te koop\" class=\"wp-image-590\" title=\"\" srcset=\"https:\/\/maizemachine.com\/wp-content\/uploads\/2023\/02\/\u5fae\u4fe1\u56fe\u7247_20250606163958.webp 720w, https:\/\/maizemachine.com\/wp-content\/uploads\/2023\/02\/\u5fae\u4fe1\u56fe\u7247_20250606163958-300x225.webp 300w, https:\/\/maizemachine.com\/wp-content\/uploads\/2023\/02\/\u5fae\u4fe1\u56fe\u7247_20250606163958-16x12.webp 16w\" sizes=\"auto, (max-width: 720px) 100vw, 720px\" \/><figcaption class=\"wp-element-caption\">Ma\u00efskuilvoer oogstmachine te koop<\/figcaption><\/figure> <\/div>   <h2 class=\"wp-block-heading\">Gebruik van ma\u00efsvoer oogstmachine<\/h2>    <p>De machine is geschikt voor het malen en recyclen van verschillende gewasstroken. Ma\u00efsstro, katoenstro, bananenstro, sorghumstro, tarwestro en grasmaterialen kunnen allemaal worden gerecycled met deze getrokken silage-oogstmachine. Het gemalen stro kan direct aan het veld worden teruggegeven of worden gebruikt als dierenvoer.<\/p>   <div class=\"wp-block-image\"> <figure class=\"aligncenter size-full\"><img loading=\"lazy\" decoding=\"async\" width=\"720\" height=\"540\" src=\"https:\/\/maizemachine.com\/wp-content\/uploads\/2023\/02\/\u5fae\u4fe1\u56fe\u7247_2025-07-02_161030_894.webp\" alt=\"Ma\u00efskuilvoer\" class=\"wp-image-589\" title=\"\" srcset=\"https:\/\/maizemachine.com\/wp-content\/uploads\/2023\/02\/\u5fae\u4fe1\u56fe\u7247_2025-07-02_161030_894.webp 720w, https:\/\/maizemachine.com\/wp-content\/uploads\/2023\/02\/\u5fae\u4fe1\u56fe\u7247_2025-07-02_161030_894-300x225.webp 300w, https:\/\/maizemachine.com\/wp-content\/uploads\/2023\/02\/\u5fae\u4fe1\u56fe\u7247_2025-07-02_161030_894-16x12.webp 16w\" sizes=\"auto, (max-width: 720px) 100vw, 720px\" \/><figcaption class=\"wp-element-caption\">Ma\u00efskuilvoer<\/figcaption><\/figure> <\/div>   <h2 class=\"wp-block-heading\">Hoe gebruik je de ma\u00efs silage oogstmachine correct?<\/h2>    <ul class=\"wp-block-list\"> <li>Voorbereiding: Controleer alle mechanische onderdelen, het elektrische systeem en het hydraulische systeem voor gebruik, en verwarm de machine voor.<\/li>    <li>Voer Laden: Plaats de kuilvoermassa voor het oogstpad. Vermijd het te hoog stapelen om een soepele oogst te garanderen.<\/li>    <li>Starten van de Machine: Zet de stroom aan en start de machine. Controleer de werking en stop onmiddellijk als er een afwijking optreedt.<\/li>    <li>Aanpassen Maaibord Hoogte: Stel de maaibordhoogte in op basis van de voerhoogte om een uniforme oogst te garanderen.<\/li>    <li>Oogsten: De bestuurder bedient de machine vooruit en achteruit met de joystick, waarbij stabiliteit behouden blijft en het kuilvoer veilig wordt geoogst.<\/li>    <li>Voer Verzamelen: Het gehakselde kuilvoer wordt naar het verzamelsysteem getransporteerd. Reinig regelmatig om een soepele werking te garanderen.<\/li>    <li>Be\u00ebindigen Werkzaamheden: Na het oogsten, schakel de machine uit en transporteer het verzamelde kuilvoer naar de aangewezen locatie.<\/li>    <li>Reinigen en Onderhoud: Reinig vuil van het machineoppervlak, controleer versleten onderdelen en vervang ze tijdig om de apparatuur in goede staat te houden.<\/li> <\/ul>    <h2 class=\"wp-block-heading\">Samenwerken met Taizy<\/h2>    <p>Door samen te werken met Taizy kunt u effici\u00ebnte, betrouwbare en hoogwaardige ma\u00efskuilvoer oogsten realiseren. Onze zelfrijdende oogstmachines zijn ontworpen om een verscheidenheid aan gewassen en terreinen aan te kunnen, wat zorgt voor een soepele werking, uniforme hakseling en maximale voederopbrengst. Of het nu voor kleine boerderijen of grootschalige operaties is, Taizy's Ma\u00efskuilvoer Oogstmachines leveren de prestaties en duurzaamheid waarop u kunt vertrouwen, waardoor het oogsten van kuilvoer gemakkelijker en productiever dan ooit tevoren wordt.<\/p>   <div class=\"wp-block-image\"> <figure class=\"aligncenter size-full\"><img loading=\"lazy\" decoding=\"async\" width=\"720\" height=\"540\" src=\"https:\/\/maizemachine.com\/wp-content\/uploads\/2025\/08\/Our-customer.webp\" alt=\"Onze klant\" class=\"wp-image-577\" title=\"\" srcset=\"https:\/\/maizemachine.com\/wp-content\/uploads\/2025\/08\/Our-customer.webp 720w, https:\/\/maizemachine.com\/wp-content\/uploads\/2025\/08\/Our-customer-300x225.webp 300w, https:\/\/maizemachine.com\/wp-content\/uploads\/2025\/08\/Our-customer-16x12.webp 16w\" sizes=\"auto, (max-width: 720px) 100vw, 720px\" \/><figcaption class=\"wp-element-caption\">Onze klant<\/figcaption><\/figure> <\/div>","protected":false},"excerpt":{"rendered":"<p>The Taizy self-propelled corn silage harvester is a high-efficiency agricultural machine designed specifically for silage harvesting. It works by using internal blades to chop corn stalks into small pieces. This model is suitable not only for harvesting corn silage but also for cutting and chopping crops like sorghum and forage grass, completing harvesting, chopping, and [&hellip;]<\/p>\n","protected":false},"author":1,"featured_media":593,"parent":0,"template":"","tags":[36,37],"product-type":[8],"class_list":["post-268","product","type-product","status-publish","has-post-thumbnail","hentry","tag-corn-silage-harvester","tag-straw-harvester","product-type-corn-harvester"],"_links":{"self":[{"href":"https:\/\/maizemachine.com\/nl\/wp-json\/wp\/v2\/product\/268","targetHints":{"allow":["GET"]}}],"collection":[{"href":"https:\/\/maizemachine.com\/nl\/wp-json\/wp\/v2\/product"}],"about":[{"href":"https:\/\/maizemachine.com\/nl\/wp-json\/wp\/v2\/types\/product"}],"author":[{"embeddable":true,"href":"https:\/\/maizemachine.com\/nl\/wp-json\/wp\/v2\/users\/1"}],"wp:featuredmedia":[{"embeddable":true,"href":"https:\/\/maizemachine.com\/nl\/wp-json\/wp\/v2\/media\/593"}],"wp:attachment":[{"href":"https:\/\/maizemachine.com\/nl\/wp-json\/wp\/v2\/media?parent=268"}],"wp:term":[{"taxonomy":"post_tag","embeddable":true,"href":"https:\/\/maizemachine.com\/nl\/wp-json\/wp\/v2\/tags?post=268"},{"taxonomy":"product-type","embeddable":true,"href":"https:\/\/maizemachine.com\/nl\/wp-json\/wp\/v2\/product-type?post=268"}],"curies":[{"name":"wp","href":"https:\/\/api.w.org\/{rel}","templated":true}]}}