{"id":262,"date":"2023-01-30T15:08:58","date_gmt":"2023-01-30T07:08:58","guid":{"rendered":"https:\/\/maizemachine.com\/?post_type=product&#038;p=262"},"modified":"2023-01-30T15:08:59","modified_gmt":"2023-01-30T07:08:59","slug":"small-scale-maize-milling-machine","status":"publish","type":"product","link":"https:\/\/maizemachine.com\/nl\/product\/small-scale-maize-milling-machine\/","title":{"rendered":"Kleine Ma\u00efs Molen Machine"},"content":{"rendered":"<p class=\"translation-block\">De kleine ma\u00efsmolen is een kleinschalige machine die ma\u00efsmolen kan maken. Het kan ma\u00efskorrels tot poedervormige stof fijn vergruizen. Vergeleken met de grote ma\u00efsvermaler en de multifunctionele <a href=\"https:\/\/maizemachine.com\/nl\/product\/maize-grits-milling-machine\/\">ma\u00efsgrietmolen<\/a>, heeft deze machine een groter voordeel in prijs en vloeroppervlak.<\/p>   <div class=\"wp-block-image\"> <figure class=\"aligncenter size-full\"><img loading=\"lazy\" decoding=\"async\" width=\"720\" height=\"540\" src=\"http:\/\/maizemachine.com\/wp-content\/uploads\/2023\/01\/small-maize-grinding-machine.webp\" alt=\"kleine ma\u00efsmaalmachine\" class=\"wp-image-266\" title=\"\" srcset=\"https:\/\/maizemachine.com\/wp-content\/uploads\/2023\/01\/small-maize-grinding-machine.webp 720w, https:\/\/maizemachine.com\/wp-content\/uploads\/2023\/01\/small-maize-grinding-machine-300x225.webp 300w\" sizes=\"auto, (max-width: 720px) 100vw, 720px\" \/><figcaption class=\"wp-element-caption\">kleine ma\u00efsmaalmachine<\/figcaption><\/figure> <\/div>   <h2 class=\"wp-block-heading\">Wat is het maalproces van ma\u00efs?<\/h2>    <p>Het ma\u00efszemelmolenproces is als volgt. De ma\u00efs wordt eerst in de kleine ma\u00efsmolenmachine geplaatst en vervolgens tot poeder vermalen. In de kamer van de ma\u00efsmolen zijn er schermen met verschillende openingen, en sommige van de kleine ma\u00efsdeeltjes die voldoen aan de standaard van de schermgrootte zullen door het scherm worden gezeefd. De ma\u00efsdeeltjes die niet aan de eisen voldoen, worden twee keer geslagen in de maalruimte totdat ze de gewenste standaard bereiken. Vervolgens wordt het gemalen materiaal uit de uitlaat van de kleine ma\u00efsmolen afgevoerd.<\/p>   <div class=\"wp-block-image\"> <figure class=\"aligncenter size-full\"><img loading=\"lazy\" decoding=\"async\" width=\"720\" height=\"540\" src=\"http:\/\/maizemachine.com\/wp-content\/uploads\/2023\/01\/small-corn-grinding-machine-and-sieve.webp\" alt=\"kleine ma\u00efs maalmachine en zeef\" class=\"wp-image-265\" title=\"\" srcset=\"https:\/\/maizemachine.com\/wp-content\/uploads\/2023\/01\/small-corn-grinding-machine-and-sieve.webp 720w, https:\/\/maizemachine.com\/wp-content\/uploads\/2023\/01\/small-corn-grinding-machine-and-sieve-300x225.webp 300w\" sizes=\"auto, (max-width: 720px) 100vw, 720px\" \/><figcaption class=\"wp-element-caption\">kleine ma\u00efs maalmachine en zeef<\/figcaption><\/figure> <\/div>   <h2 class=\"wp-block-heading\">Parameters van een kleine ma\u00efs maalmachine<\/h2>    <figure class=\"wp-block-table\"><table><tbody><tr><td>Model<\/td><td>9FQ-750<\/td><\/tr><tr><td>Totale Afmetingen<\/td><td>1.6*1.1 *1.5m<\/td><\/tr><tr><td>Motor<\/td><td>30kw<\/td><\/tr><tr><td>Netto gewicht<\/td><td>850kg<\/td><\/tr><tr><td>Verpakkingsgrootte<\/td><td>2.1*1*2.5m<\/td><\/tr><\/tbody><\/table><\/figure>    <h2 class=\"wp-block-heading\">Voordelen van de machine<\/h2>    <ol class=\"wp-block-list\"> <li>De machine heeft de kenmerken van een eenvoudige structuur en goede installatie.<\/li>    <li>Het mes is gemaakt van hoog <a href=\"https:\/\/en.wikipedia.org\/wiki\/Carbon_steel\" target=\"_blank\" rel=\"noopener\">koolstofstaal<\/a> met een goed maal effect.<\/li>    <li>Kleine afmetingen en minder vloeroppervlak.<\/li>    <li>De hoge mate van automatisering en gebruiksgemak.<\/li>    <li>De Taizy kleine ma\u00efsmeelmolen kan meel van verschillende specificaties en mazen verwerken.<\/li> <\/ol>   <div class=\"wp-block-image\"> <figure class=\"aligncenter size-full\"><img loading=\"lazy\" decoding=\"async\" width=\"720\" height=\"540\" src=\"http:\/\/maizemachine.com\/wp-content\/uploads\/2023\/01\/manufacturing-process.webp\" alt=\"productieproces\" class=\"wp-image-264\" title=\"\" srcset=\"https:\/\/maizemachine.com\/wp-content\/uploads\/2023\/01\/manufacturing-process.webp 720w, https:\/\/maizemachine.com\/wp-content\/uploads\/2023\/01\/manufacturing-process-300x225.webp 300w\" sizes=\"auto, (max-width: 720px) 100vw, 720px\" \/><figcaption class=\"wp-element-caption\">productieproces<\/figcaption><\/figure> <\/div>   <h2 class=\"wp-block-heading\">Toepassingsgebied van kleine ma\u00efs maalmachine<\/h2>    <p class=\"translation-block\">Kleine ma\u00efsvermaalmachine kan niet alleen ma\u00efs malen maar ook kruiden en andere granen en andere materialen. Daarom is de machine bijzonder geschikt voor gebruik op het platteland, voederverwerkingsbedrijven, graan- en oliemarkten, grote en kleine supermarkten, en kruidenfabrieken. Bij Taizy Corn Machinery Factory hebben we nog een <a href=\"https:\/\/maizemachine.com\/nl\/product\/corn-hammer-mill-machine\/\">ma\u00efs hamermolen<\/a> te koop. Als u het nodig heeft, neem dan gerust contact met ons op.<\/p>   <div class=\"wp-block-image\"> <figure class=\"aligncenter size-full\"><img loading=\"lazy\" decoding=\"async\" width=\"720\" height=\"540\" src=\"http:\/\/maizemachine.com\/wp-content\/uploads\/2022\/08\/finished-product-made-by-corn-grinding-machine.webp\" alt=\"eindproduct gemaakt door ma\u00efsmaalmachine\" class=\"wp-image-155\" title=\"\" srcset=\"https:\/\/maizemachine.com\/wp-content\/uploads\/2022\/08\/finished-product-made-by-corn-grinding-machine.webp 720w, https:\/\/maizemachine.com\/wp-content\/uploads\/2022\/08\/finished-product-made-by-corn-grinding-machine-300x225.webp 300w\" sizes=\"auto, (max-width: 720px) 100vw, 720px\" \/><figcaption class=\"wp-element-caption\">eindproduct gemaakt door ma\u00efsmaalmachine<\/figcaption><\/figure> <\/div>   <h2 class=\"wp-block-heading\">Hoe kies je de juiste ma\u00efs maalmachine?<\/h2>    <p>Hoe je de juiste ma\u00efsmaalmachine kiest, is altijd een probleem geweest voor ma\u00efstelers. Het eerste dat we je moeten herinneren is dat de prijs van een ma\u00efsmaalmachine niet de enige factor moet zijn om te overwegen. Als je een kwaliteitsvolle kleine ma\u00efsmaalmachine wilt kopen, moet je rekening houden met de kwaliteit van de machine, de ma\u00efsmeeloutput, de vloeroppervlakte, de arbeidskosten, de fabrikanten van ma\u00efsmaalmachines en andere factoren.<\/p>    <p>Ten tweede moeten we duidelijk zijn over onze behoeften voor het maken van ma\u00efsmeel en de dagelijkse verwerkingscapaciteit van ma\u00efsmeel, evenals het acceptabele bereik van elektriciteitsverbruik. Met uw basisbehoeften kunt u de juiste ma\u00efsmeelmolen kiezen op basis van uw behoeften.<\/p>   <div class=\"wp-block-image\"> <figure class=\"aligncenter size-full\"><img loading=\"lazy\" decoding=\"async\" width=\"720\" height=\"540\" src=\"http:\/\/maizemachine.com\/wp-content\/uploads\/2023\/01\/customized-maize-grinding-machine.webp\" alt=\"gepersonaliseerde ma\u00efsmaalmachine\" class=\"wp-image-263\" title=\"\" srcset=\"https:\/\/maizemachine.com\/wp-content\/uploads\/2023\/01\/customized-maize-grinding-machine.webp 720w, https:\/\/maizemachine.com\/wp-content\/uploads\/2023\/01\/customized-maize-grinding-machine-300x225.webp 300w\" sizes=\"auto, (max-width: 720px) 100vw, 720px\" \/><figcaption class=\"wp-element-caption\">gepersonaliseerde ma\u00efsmaalmachine<\/figcaption><\/figure> <\/div>   <h2 class=\"wp-block-heading\">Is ma\u00efs malen winstgevend?<\/h2>    <p>Het antwoord is ja, ma\u00efs malen is winstgevend. Als de voedingskundige koning van de grove granen kan ma\u00efs niet alleen de menselijke stofwisseling reguleren en de immuunfunctie verbeteren, maar ook de spierweerstand vergroten en afvalstoffen uit het lichaam verwijderen. Aangezien mensen steeds meer aandacht besteden aan gezondheid, erkennen steeds meer mensen de voedingsgezondheidsvoordelen van ma\u00efs en andere grove granen. Daarom is een kleine ma\u00efsmolen een goede investeringsrichting.<\/p>","protected":false},"excerpt":{"rendered":"<p>The small scale maize milling machine is a small machine that can make corn flour. It can grind corn kernel into powder material with high fineness. Compared with the large corn grinder and the multifunctional corn grits milling machine, this machine has a greater advantage in price and floor space. What is the milling process [&hellip;]<\/p>\n","protected":false},"author":1,"featured_media":267,"parent":0,"template":"","tags":[],"product-type":[10],"class_list":["post-262","product","type-product","status-publish","has-post-thumbnail","hentry","product-type-corn-milling-machine"],"_links":{"self":[{"href":"https:\/\/maizemachine.com\/nl\/wp-json\/wp\/v2\/product\/262","targetHints":{"allow":["GET"]}}],"collection":[{"href":"https:\/\/maizemachine.com\/nl\/wp-json\/wp\/v2\/product"}],"about":[{"href":"https:\/\/maizemachine.com\/nl\/wp-json\/wp\/v2\/types\/product"}],"author":[{"embeddable":true,"href":"https:\/\/maizemachine.com\/nl\/wp-json\/wp\/v2\/users\/1"}],"wp:featuredmedia":[{"embeddable":true,"href":"https:\/\/maizemachine.com\/nl\/wp-json\/wp\/v2\/media\/267"}],"wp:attachment":[{"href":"https:\/\/maizemachine.com\/nl\/wp-json\/wp\/v2\/media?parent=262"}],"wp:term":[{"taxonomy":"post_tag","embeddable":true,"href":"https:\/\/maizemachine.com\/nl\/wp-json\/wp\/v2\/tags?post=262"},{"taxonomy":"product-type","embeddable":true,"href":"https:\/\/maizemachine.com\/nl\/wp-json\/wp\/v2\/product-type?post=262"}],"curies":[{"name":"wp","href":"https:\/\/api.w.org\/{rel}","templated":true}]}}