{"id":230,"date":"2022-12-05T15:08:15","date_gmt":"2022-12-05T07:08:15","guid":{"rendered":"https:\/\/maizemachine.com\/?post_type=product&#038;p=230"},"modified":"2025-12-17T14:00:19","modified_gmt":"2025-12-17T06:00:19","slug":"sweet-corn-planter","status":"publish","type":"product","link":"https:\/\/maizemachine.com\/nl\/product\/sweet-corn-planter\/","title":{"rendered":"2-Rij Zoete Ma\u00efs Planter | Zoete Ma\u00efs Zaaier"},"content":{"rendered":"<p class=\"translation-block\">Zoete ma\u00efsplanter is een machine die zaden kan zaaien op zoete ma\u00efs. Zoete ma\u00efszaaier is de best verkopende machine van <a href=\"https:\/\/maizemachine.com\/nl\/\">Taizy Corn Machinery<\/a>. Onze ma\u00efsplanter kan alle processen uitvoeren van<strong><mark class=\"has-inline-color has-luminous-vivid-amber-color\"> losmaken, bemesten, graven van greppels, zaaien en bedekken van de grond<\/mark><\/strong> tegelijk. Daarom is onze machine, vergeleken met andere ma\u00efsplanterfabrikanten, een multifunctionele zoete ma\u00efsplanter.<\/p>   <div class=\"wp-block-image\"> <figure class=\"aligncenter size-full\"><img loading=\"lazy\" decoding=\"async\" width=\"720\" height=\"540\" src=\"http:\/\/maizemachine.com\/wp-content\/uploads\/2022\/12\/sweet-corn-planter-for-sale.webp\" alt=\"Zoete ma\u00efs planter te koop\" class=\"wp-image-234\" title=\"\" srcset=\"https:\/\/maizemachine.com\/wp-content\/uploads\/2022\/12\/sweet-corn-planter-for-sale.webp 720w, https:\/\/maizemachine.com\/wp-content\/uploads\/2022\/12\/sweet-corn-planter-for-sale-300x225.webp 300w\" sizes=\"auto, (max-width: 720px) 100vw, 720px\" \/><figcaption class=\"wp-element-caption\">Zoete ma\u00efs planter te koop<\/figcaption><\/figure> <\/div>   <h2 class=\"wp-block-heading\">Wat zijn de types Taizy zoete ma\u00efszaaiers?<\/h2>    <p class=\"translation-block\">Bij Taizy Corn Machinery Factory hebben we kleine zoete ma\u00efsplanters, <strong>3-rijige ma\u00efszaaiers<\/strong>, <strong>4-rijige zoete ma\u00efsplanter<\/strong>, <strong>5-rijige ma\u00efszaaiers<\/strong>, <strong>6-rijige ma\u00efsplanter<\/strong>, en 2-rijige zoete ma\u00efsplanter te koop. We kunnen ook aangepaste service bieden voor onze klanten. Als u een zoete ma\u00efszaaier nodig hebt, neem dan gerust contact met ons op.<\/p>    <div class=\"wp-block-columns is-layout-flex wp-container-core-columns-is-layout-9d6595d7 wp-block-columns-is-layout-flex\"> <div class=\"wp-block-column is-layout-flow wp-block-column-is-layout-flow\"> <figure class=\"wp-block-image size-full\"><img loading=\"lazy\" decoding=\"async\" width=\"720\" height=\"540\" src=\"http:\/\/maizemachine.com\/wp-content\/uploads\/2022\/12\/sweet-corn-seeder.webp\" alt=\"zoete ma\u00efs zaaier\" class=\"wp-image-235\" title=\"\" srcset=\"https:\/\/maizemachine.com\/wp-content\/uploads\/2022\/12\/sweet-corn-seeder.webp 720w, https:\/\/maizemachine.com\/wp-content\/uploads\/2022\/12\/sweet-corn-seeder-300x225.webp 300w\" sizes=\"auto, (max-width: 720px) 100vw, 720px\" \/><figcaption class=\"wp-element-caption\">Zoete ma\u00efs zaaier<\/figcaption><\/figure> <\/div>    <div class=\"wp-block-column is-layout-flow wp-block-column-is-layout-flow\"> <figure class=\"wp-block-image size-full\"><img loading=\"lazy\" decoding=\"async\" width=\"720\" height=\"540\" src=\"http:\/\/maizemachine.com\/wp-content\/uploads\/2022\/08\/maize-planter-with-tractor.webp\" alt=\"ma\u00efsplantmachine\" class=\"wp-image-79\" title=\"\" srcset=\"https:\/\/maizemachine.com\/wp-content\/uploads\/2022\/08\/maize-planter-with-tractor.webp 720w, https:\/\/maizemachine.com\/wp-content\/uploads\/2022\/08\/maize-planter-with-tractor-300x225.webp 300w\" sizes=\"auto, (max-width: 720px) 100vw, 720px\" \/><figcaption class=\"wp-element-caption\">Ma\u00efsplantmachine<\/figcaption><\/figure> <\/div>    <div class=\"wp-block-column is-layout-flow wp-block-column-is-layout-flow\"> <figure class=\"wp-block-image size-full\"><img loading=\"lazy\" decoding=\"async\" width=\"720\" height=\"540\" src=\"http:\/\/maizemachine.com\/wp-content\/uploads\/2022\/08\/6-row-maize-planter.webp\" alt=\"6-rijige ma\u00efs planter\" class=\"wp-image-141\" title=\"\" srcset=\"https:\/\/maizemachine.com\/wp-content\/uploads\/2022\/08\/6-row-maize-planter.webp 720w, https:\/\/maizemachine.com\/wp-content\/uploads\/2022\/08\/6-row-maize-planter-300x225.webp 300w\" sizes=\"auto, (max-width: 720px) 100vw, 720px\" \/><figcaption class=\"wp-element-caption\">6-rijige ma\u00efs planter<\/figcaption><\/figure> <\/div> <\/div>    <h2 class=\"wp-block-heading\">Zoete ma\u00efs planten met een 2-rijige planter<\/h2>    <p>De zoete ma\u00efs planter bestaat voornamelijk uit een zaadbox, een furrow opener, een zaaddischargeer, een meststofbox, een meststofdischargeer en een mulching- en onderdrukkingsapparaat. Tijdens het zaaiproces komt de hoofdkracht van de planter van de achterste krachtuitgangsas van de tractor. Onder de trekkracht van de tractor opent de greppelmaker de bodemgreppel voor het zaaien en het aanbrengen van meststoffen op een vooraf bepaalde diepte. <\/p>    <p>Vanwege de rol van wrijving rolt het grondwiel tijdens het vooruit bewegen constant en drijft het de zaai- en kunstmestmachine aan. De zaden en kunstmest worden vervolgens via verschillende leidingen in de voren gedeponeerd, en de grond wordt bedekt en samengeperst met behulp van een mulchingapparaat en een onderdrukkingsapparaat. Naast conventionele ma\u00efszaaiers zijn er ook enkele ma\u00efszaaiers die tijdens de werking plaag- en ziektebestrijding en mulchingfuncties kunnen realiseren.<\/p>   <div class=\"wp-block-image\"> <figure class=\"aligncenter size-full\"><img loading=\"lazy\" decoding=\"async\" width=\"720\" height=\"540\" src=\"http:\/\/maizemachine.com\/wp-content\/uploads\/2022\/12\/small-sweet-maize-planter.webp\" alt=\"kleine zoete ma\u00efs planter\" class=\"wp-image-233\" title=\"\" srcset=\"https:\/\/maizemachine.com\/wp-content\/uploads\/2022\/12\/small-sweet-maize-planter.webp 720w, https:\/\/maizemachine.com\/wp-content\/uploads\/2022\/12\/small-sweet-maize-planter-300x225.webp 300w\" sizes=\"auto, (max-width: 720px) 100vw, 720px\" \/><figcaption class=\"wp-element-caption\">kleine zoete ma\u00efs planter<\/figcaption><\/figure> <\/div>   <h2 class=\"wp-block-heading\">Wat zijn de voordelen van de machine?<\/h2>    <ol class=\"wp-block-list\"> <li>Het zaaimiddel heeft een hoge zaai-nauwkeurigheid. De zaai-kwalificatiegraad is meer dan 85%.<\/li>    <li>Hoge werkingssnelheid. Wanneer de plantafstand niet minder dan 20 cm is, kan de werkingssnelheid van de ma\u00efs zaaier 8 km\/u bereiken.<\/li>    <li>Nauwkeurige gatenafstand en gelijkmatige zaailingen. De zoete ma\u00efs zaaier kan de ma\u00efskorrels gelijkmatig zaaien. Dit kan ervoor zorgen dat elke ma\u00efsplant goed groeit.<\/li>    <li>Uitstekend materiaal van de belangrijkste onderdelen. Alle tandwielen van de versnellingsbak zijn gemaakt van hoogwaardig staal en gehard. De transmissieonderdelen zijn gemaakt van hoogwaardige rollagers.<\/li>    <li>Gemakkelijk te bedienen. De zoete ma\u00efs planter is gemakkelijk om mee te beginnen en eenvoudig te bedienen. De bedieningshendel van de versnellingsbak kan tegelijkertijd de radiale pendel en de axiale beweging van het balanswiel regelen.<\/li> <\/ol>    <h2 class=\"wp-block-heading\">Technische parameters van de 2-rijige zoete ma\u00efs planter<\/h2>    <figure class=\"wp-block-table\"><table><tbody><tr><td>Totale afmeting<\/td><td>1570*1300*1200mm<\/td><\/tr><tr><td>Rijen<\/td><td>2 stuks<\/td><\/tr><tr><td>Rijafstand<\/td><td>428-570mm<\/td><\/tr><tr><td>Plantafstand<\/td><td>Verstelbaar, 140mm\/173mm\/226mm\/280mm<\/td><\/tr><tr><td>Afvoer diepte<\/td><td>60-80mm<\/td><\/tr><tr><td>Diepte van bemesting<\/td><td>60-80mm<\/td><\/tr><tr><td>Zaaidiepte<\/td><td>30-50mm<\/td><\/tr><tr><td>De capaciteit van de meststoftank<\/td><td>18,75L x2<\/td><\/tr><tr><td>De capaciteit van de zaaddoos<\/td><td>8,5 x 2<\/td><\/tr><tr><td>Gewicht<\/td><td>150kg<\/td><\/tr><tr><td>Gekoppeld vermogen<\/td><td>12-18pk<\/td><\/tr><tr><td>Koppeling<\/td><td>3-punts<\/td><\/tr><\/tbody><\/table><\/figure>    <p class=\"translation-block\">Dit zijn de parameters van de 2-rijige suikerma\u0092splanter. De rijafstand is 428-570 mm. De plantafstand kan worden ingesteld op 140 mm\/173 mm\/226 mm\/280 mm. De zaaidiepte is 30-50 mm. Het bijpassende <a href=\"https:\/\/en.wikipedia.org\/wiki\/Horsepower\" target=\"_blank\" rel=\"noopener\">vermogen <\/a>is 12-18 pk.<\/p>    <h2 class=\"wp-block-heading\">Wat is de beste planter voor zoete ma\u00efs?<\/h2>    <p class=\"translation-block\">Taizy Corn Machinery heeft de beste planters voor suikerma\u0092s. We hebben 3-rijige\/4-rijige\/5-rijige en 6-rijige suikerma\u0092szaaimachines te koop. Of u nu voor thuisgebruik of commercieel gebruik gebruikt, u kunt de juiste machine kiezen. Als fabrikant gespecialiseerd in ma\u0092smachines, kunnen we onze klanten niet alleen ma\u0092szaaimachines bieden, maar ook <a href=\"https:\/\/maizemachine.com\/nl\/product\/2-row-corn-picker\/\">2-rijige ma\u0092sverzamelaars<\/a> en <a href=\"https:\/\/maizemachine.com\/nl\/product\/sweet-corn-sheller\/\">suikerma\u0092s ontmantelaars<\/a>.<\/p>   <div class=\"wp-block-image\"> <figure class=\"aligncenter size-full\"><img loading=\"lazy\" decoding=\"async\" width=\"720\" height=\"540\" src=\"http:\/\/maizemachine.com\/wp-content\/uploads\/2022\/08\/maize-planting-machine.webp\" alt=\"ma\u00efsplantmachine\" class=\"wp-image-80\" title=\"\" srcset=\"https:\/\/maizemachine.com\/wp-content\/uploads\/2022\/08\/maize-planting-machine.webp 720w, https:\/\/maizemachine.com\/wp-content\/uploads\/2022\/08\/maize-planting-machine-300x225.webp 300w\" sizes=\"auto, (max-width: 720px) 100vw, 720px\" \/><figcaption class=\"wp-element-caption\">ma\u00efsplantmachine<\/figcaption><\/figure> <\/div>   <h2 class=\"wp-block-heading\">Opmerkingen over de werking van de zoete ma\u00efs planter<\/h2>    <ol class=\"wp-block-list\"> <li>De zoete ma\u00efs planter kan alleen worden gebruikt nadat de relevante persoon de relevante training heeft doorlopen. De operator kan de operationele kwaliteit van de planter waarborgen en het optreden van mechanische storingen vermijden, alleen nadat hij de principes, structuur en werkwijze van de machine kent.<\/li>    <li>Voor de operatie moet de bestuurder de zaaimachine zorgvuldig controleren om ervoor te zorgen dat de machine normaal functioneert en dat de belangrijkste onderdelen goed gesmeerd en verbonden zijn.<\/li>    <li>Als er tijdens het zaaiproces een afwijking wordt gevonden, moet de machine onmiddellijk worden gestopt voor inspectie, en kan de zaaioperatie pas worden voortgezet nadat de storing is verholpen.<\/li>    <li>Bij het zaaien moet de operator de workflow van het graven van greppels, het doseren van zaden, het afgeven van meststoffen en het bedekken van de grond voltooien volgens de gespecificeerde rijafstand en werksnelheid.<\/li>    <li>Naast de gestandaardiseerde werking volgens de vereisten van de fabrikant, moet de bestuurder ook aandacht besteden aan het dagelijks onderhoud van de zoete ma\u00efszaaimachine. Dit kan ervoor zorgen dat de zaaimachine altijd in goede werkconditie is om een goede zaaikwaliteit en zaai-effici\u00ebntie te waarborgen.<\/li> <\/ol>   <div class=\"wp-block-image\"> <figure class=\"aligncenter size-full\"><img loading=\"lazy\" decoding=\"async\" width=\"720\" height=\"540\" src=\"http:\/\/maizemachine.com\/wp-content\/uploads\/2022\/08\/the-working-picture-of-corn-planting-equipment.webp\" alt=\"de werkende afbeelding van ma\u00efsplantapparatuur\" class=\"wp-image-82\" title=\"\" srcset=\"https:\/\/maizemachine.com\/wp-content\/uploads\/2022\/08\/the-working-picture-of-corn-planting-equipment.webp 720w, https:\/\/maizemachine.com\/wp-content\/uploads\/2022\/08\/the-working-picture-of-corn-planting-equipment-300x225.webp 300w\" sizes=\"auto, (max-width: 720px) 100vw, 720px\" \/><figcaption class=\"wp-element-caption\">de werkende afbeelding van ma\u00efsplantapparatuur<\/figcaption><\/figure> <\/div>   <h2 class=\"wp-block-heading\">In welke maand moet zoete ma\u00efs worden geplant?<\/h2>    <p>Zoeken naar zoete ma\u00efs kan in het voorjaar van maart tot mei worden gedaan, en de planttijd in elke regio zal veranderen afhankelijk van het weer. Het is belangrijk om hete periodes te vermijden bij het planten, aangezien dit weer de groei van de zaden kan belemmeren. En zelfs als de zaailingen groeien, kunnen ze erg dun en klein zijn. Dergelijke zaailingen zullen een zeer lage opbrengst hebben wanneer ze volwassen worden. De grond moet goede vruchtbaarheid hebben bij het zaaien. Zoete ma\u00efszaden moeten ook zorgvuldig worden geselecteerd. Anders zal dit rechtstreeks invloed hebben op de opbrengst van zoete ma\u00efs.<\/p>","protected":false},"excerpt":{"rendered":"<p>Sweet corn planter is a machine that can sow seeds on sweet corn. Sweet corn seeder is the hot selling machine of Taizy Corn Machinery. Our corn planter can do all the processes of loosening, fertilizing, digging trenches, sowing, and covering soil at the same time. Therefore, compared with other corn planter manufacturers, our machine [&hellip;]<\/p>\n","protected":false},"author":1,"featured_media":231,"parent":0,"template":"","tags":[13],"product-type":[7],"class_list":["post-230","product","type-product","status-publish","has-post-thumbnail","hentry","tag-corn-planter","product-type-corn-planter"],"_links":{"self":[{"href":"https:\/\/maizemachine.com\/nl\/wp-json\/wp\/v2\/product\/230","targetHints":{"allow":["GET"]}}],"collection":[{"href":"https:\/\/maizemachine.com\/nl\/wp-json\/wp\/v2\/product"}],"about":[{"href":"https:\/\/maizemachine.com\/nl\/wp-json\/wp\/v2\/types\/product"}],"author":[{"embeddable":true,"href":"https:\/\/maizemachine.com\/nl\/wp-json\/wp\/v2\/users\/1"}],"wp:featuredmedia":[{"embeddable":true,"href":"https:\/\/maizemachine.com\/nl\/wp-json\/wp\/v2\/media\/231"}],"wp:attachment":[{"href":"https:\/\/maizemachine.com\/nl\/wp-json\/wp\/v2\/media?parent=230"}],"wp:term":[{"taxonomy":"post_tag","embeddable":true,"href":"https:\/\/maizemachine.com\/nl\/wp-json\/wp\/v2\/tags?post=230"},{"taxonomy":"product-type","embeddable":true,"href":"https:\/\/maizemachine.com\/nl\/wp-json\/wp\/v2\/product-type?post=230"}],"curies":[{"name":"wp","href":"https:\/\/api.w.org\/{rel}","templated":true}]}}