{"id":223,"date":"2022-11-30T15:23:19","date_gmt":"2022-11-30T07:23:19","guid":{"rendered":"https:\/\/maizemachine.com\/?post_type=product&#038;p=223"},"modified":"2025-12-30T17:40:02","modified_gmt":"2025-12-30T09:40:02","slug":"small-maize-sheller-machine","status":"publish","type":"product","link":"https:\/\/maizemachine.com\/nl\/product\/small-maize-sheller-machine\/","title":{"rendered":"1,5 Ton\/h Kleine Ma\u00efsontkoppeling Machine | Kleine Ma\u00efskolfmachine"},"content":{"rendered":"<p class=\"translation-block\">Kleine ma\u00efs-schiller is een veelgebruikte machine in<a href=\"https:\/\/maizemachine.com\/nl\/\">ma\u00efs-machines<\/a>. De output van de machine is<strong><mark class=\"has-inline-color has-luminous-vivid-amber-color\">1500kg\/h-2000kg\/h<\/mark><\/strong>, dus hij is vooral geschikt voor kleine boerderijen en gezinnen. <\/p>    <p class=\"translation-block\">Hoewel de machine klein is, is hij krachtig. Hij kan ma\u00efs dorsen en schillen. Veel dealers in andere landen kiezen ervoor om deze kleine ma\u00efs-dorsmachine te kopen. Omdat deze machine erg populair is tijdens het ma\u00efs oogstseizoen. Naast kleine ma\u00efs-schillers heeft Taizy Corn Machinery Factory ook middelgrote ma\u00efs-dorsers en<a href=\"http:\/\/commercial corn sheller\">commerci\u00eble ma\u00efs-schillers<\/a>te koop.<\/p>    <p class=\"translation-block\">Deze ma\u00efs-dorsmachine kan worden uitgerust met een<strong><mark class=\"has-inline-color has-luminous-vivid-amber-color\">benzinemotor<\/mark><\/strong>of een<strong><mark class=\"has-inline-color has-luminous-vivid-amber-color\">elektrische motor<\/mark><\/strong>, geschikt voor diverse toepassingen.<\/p>   <div class=\"wp-block-image\"> <figure class=\"aligncenter size-full\"><img loading=\"lazy\" decoding=\"async\" width=\"720\" height=\"540\" src=\"http:\/\/maizemachine.com\/wp-content\/uploads\/2022\/11\/small-maize-sheller-machine.webp\" alt=\"kleine ma\u00efsoogstmachine\" class=\"wp-image-228\" title=\"\" srcset=\"https:\/\/maizemachine.com\/wp-content\/uploads\/2022\/11\/small-maize-sheller-machine.webp 720w, https:\/\/maizemachine.com\/wp-content\/uploads\/2022\/11\/small-maize-sheller-machine-300x225.webp 300w\" sizes=\"auto, (max-width: 720px) 100vw, 720px\" \/><figcaption class=\"wp-element-caption\">kleine ma\u00efsoogstmachine<\/figcaption><\/figure> <\/div>   <h2 class=\"wp-block-heading\">Voordelen van kleine ma\u00efs dopmachine<\/h2>    <div class=\"wp-block-columns is-layout-flex wp-container-core-columns-is-layout-9d6595d7 wp-block-columns-is-layout-flex\"> <div class=\"wp-block-column is-layout-flow wp-block-column-is-layout-flow\"> <p class=\"has-text-align-center translation-block\"><strong>Hoge effici\u00ebntie<\/strong><\/p>    <p class=\"translation-block\">Verwerkt<strong><mark class=\"has-inline-color has-luminous-vivid-amber-color\">1500\u20132000 kg<\/mark><\/strong>ma\u00efs per uur, wat zorgt voor een snelle dorsingsnelheid en continue werking. Ideaal voor kleine tot middelgrote ma\u00efsverwerking.<\/p> <\/div>    <div class=\"wp-block-column is-layout-flow wp-block-column-is-layout-flow\"> <p class=\"has-text-align-center translation-block\"><strong>Flexibele stroomopties<\/strong><\/p>    <p class=\"translation-block\">Kan worden uitgerust met een<strong><mark class=\"has-inline-color has-luminous-vivid-amber-color\">benzinemotor<\/mark><\/strong>of een<strong><mark class=\"has-inline-color has-luminous-vivid-amber-color\">2,2 kW<\/mark><\/strong>elektrische motor, waardoor gebruikers kunnen kiezen op basis van de lokale stroomvoorziening of brandstofbeschikbaarheid\u2014perfect voor landelijke of off-grid gebieden.<\/p> <\/div> <\/div>    <div class=\"wp-block-columns is-layout-flex wp-container-core-columns-is-layout-9d6595d7 wp-block-columns-is-layout-flex\"> <div class=\"wp-block-column is-layout-flow wp-block-column-is-layout-flow\"> <p class=\"has-text-align-center translation-block\"><strong>Compacte structuur &amp; gemakkelijke mobiliteit<\/strong><\/p>    <p class=\"translation-block\">Weegt slechts<strong><mark class=\"has-inline-color has-luminous-vivid-amber-color\">65 kg<\/mark><\/strong>en is groot in<strong> <mark class=\"has-inline-color has-luminous-vivid-amber-color\">440\u00d7400\u00d7800<\/mark><\/strong>mm, de machine is lichtgewicht, ruimtebesparend en gemakkelijk te verplaatsen, installeren en op te bergen.<\/p> <\/div>    <div class=\"wp-block-column is-layout-flow wp-block-column-is-layout-flow\"> <p class=\"has-text-align-center translation-block\"><strong>Duurzame &amp; stabiele prestaties<\/strong><\/p>    <p>Gemaakt van hoogwaardig staal, met een versterkte rotor en stevig frame. De machine draait soepel met lage vibratie, biedt een lange levensduur en betrouwbare werking.<\/p> <\/div> <\/div>   <div class=\"wp-block-image\"> <figure class=\"aligncenter size-full\"><img loading=\"lazy\" decoding=\"async\" width=\"720\" height=\"540\" src=\"http:\/\/maizemachine.com\/wp-content\/uploads\/2022\/11\/small-corn-sheller-for-sale.jpg\" alt=\"Kleine ma\u00efs dopmachine te koop\" class=\"wp-image-226\" title=\"\" srcset=\"https:\/\/maizemachine.com\/wp-content\/uploads\/2022\/11\/small-corn-sheller-for-sale.jpg 720w, https:\/\/maizemachine.com\/wp-content\/uploads\/2022\/11\/small-corn-sheller-for-sale-300x225.jpg 300w\" sizes=\"auto, (max-width: 720px) 100vw, 720px\" \/><figcaption class=\"wp-element-caption\">Kleine ma\u00efs dopmachine te koop<\/figcaption><\/figure> <\/div>   <div class=\"wp-block-columns is-layout-flex wp-container-core-columns-is-layout-9d6595d7 wp-block-columns-is-layout-flex\"> <div class=\"wp-block-column is-layout-flow wp-block-column-is-layout-flow\"> <p class=\"has-text-align-center translation-block\"><strong>Schone scheiding, lage breuk<\/strong><\/p>    <p class=\"translation-block\">Geoptimaliseerd trommelontwerp bereikt een reinigingspercentage van meer dan<strong><mark class=\"has-inline-color has-luminous-vivid-amber-color\">98%<\/mark><\/strong>en lage kernbreuk, waardoor graanverlies wordt verminderd en de opbrengst wordt verbeterd.<\/p> <\/div>    <div class=\"wp-block-column is-layout-flow wp-block-column-is-layout-flow\"> <p class=\"has-text-align-center translation-block\"><strong>Schone output &amp; gemakkelijk onderhoud<\/strong><\/p>    <p>De ingebouwde ventilator verwijdert automatisch stof en onzuiverheden tijdens het gebruik, wat zorgt voor een schonere ma\u00efsoutput. De eenvoudige structuur maakt snel onderhoud en gemakkelijk onderdelen vervangen mogelijk, waardoor stilstand wordt geminimaliseerd.<\/p> <\/div> <\/div>    <h2 class=\"wp-block-heading\">Structuur van kleine ma\u00efs dopmachine<\/h2>    <p>De binnenlandse ma\u00efsoogstmachine bestaat uit een invoeropening, een dors- en schilkamer, een motor of een benzinemotor, een ma\u00efskorreluitgang en een ma\u00efsstokuitgang, een ventilator en een frame. De grootte van de invoeropening is 330 mm breed en 360 mm lang. De invoeropening is ontworpen voor een gemakkelijke plaatsing van ma\u00efs.<\/p>   <div class=\"wp-block-image\"> <figure class=\"aligncenter size-full\"><img loading=\"lazy\" decoding=\"async\" width=\"720\" height=\"540\" src=\"http:\/\/maizemachine.com\/wp-content\/uploads\/2022\/11\/structure-of-small-maize-sheller.webp\" alt=\"structuur van kleine ma\u00efsschiller\" class=\"wp-image-229\" title=\"\" srcset=\"https:\/\/maizemachine.com\/wp-content\/uploads\/2022\/11\/structure-of-small-maize-sheller.webp 720w, https:\/\/maizemachine.com\/wp-content\/uploads\/2022\/11\/structure-of-small-maize-sheller-300x225.webp 300w\" sizes=\"auto, (max-width: 720px) 100vw, 720px\" \/><figcaption class=\"wp-element-caption\">structuur van kleine ma\u00efsschiller<\/figcaption><\/figure> <\/div>   <h2 class=\"wp-block-heading\">Machineparameters<\/h2>    <figure class=\"wp-block-table\"><table><tbody><tr><td>Model<\/td><td>TZ-1500<\/td><\/tr><tr><td>Vermogen<\/td><td>Benzinemotor of 2,2 kW elektrische motor<\/td><\/tr><tr><td>Capaciteit<\/td><td>1500-2000kg\/u<\/td><\/tr><tr><td>Machinegewicht<\/td><td>65kg<\/td><\/tr><tr><td>Machinegrootte<\/td><td>440*400*800mm<\/td><\/tr><\/tbody><\/table><\/figure>    <h2 class=\"wp-block-heading\">Hoe werkt een kleine ma\u00efsoogstmachine?<\/h2>    <p>Het werkingsprincipe van de ma\u00efsschiller is het dorsen van ma\u00efs door de wrijving van de trommel binnenin de machine. De opening tussen de rollen zal de ma\u00efskolf niet verpletteren. Vervolgens zullen de ma\u00efskorrels uit de ma\u00efskorrelenuitgang komen, en de ma\u00efskolf zal uit een andere uitgang komen. Dit is het werkingsproces van een mini ma\u00efsdorser.<\/p>    <h2 class=\"wp-block-heading\">Prijs van mini ma\u00efs dorsmachine<\/h2>    <p>De prijs van een kleine ma\u00efsdorser is relatief goedkoop omdat de structuur eenvoudig is en de uitvoer niet zo groot is als die van commerci\u00eble ma\u00efsdorsers. Daarom kopen handelaren in veel landen deze kleine ma\u00efsdorser en verkopen deze vervolgens aan boeren. Door de invloed van afstand en wisselkoersen kunnen we hier geen specifieke offerte geven. Als u de prijs van de machine wilt weten, neem dan gerust contact met ons op. Ons verkoopteam zal tijdig op u reageren.<\/p>   <div class=\"wp-block-image\"> <figure class=\"aligncenter size-full\"><img loading=\"lazy\" decoding=\"async\" width=\"720\" height=\"540\" src=\"http:\/\/maizemachine.com\/wp-content\/uploads\/2022\/11\/shipment-picture.webp\" alt=\"verzendfoto\" class=\"wp-image-225\" title=\"\" srcset=\"https:\/\/maizemachine.com\/wp-content\/uploads\/2022\/11\/shipment-picture.webp 720w, https:\/\/maizemachine.com\/wp-content\/uploads\/2022\/11\/shipment-picture-300x225.webp 300w\" sizes=\"auto, (max-width: 720px) 100vw, 720px\" \/><figcaption class=\"wp-element-caption\">verzendfoto<\/figcaption><\/figure> <\/div>   <h2 class=\"wp-block-heading\">Waarom kiezen klanten voor onze mini ma\u00efsdorsmachine?<\/h2>    <p class=\"translation-block\">Allereerst kan deze kleine ma\u00efsdorser niet alleen dorsen maar ook schillen. Het is een dubbele functie machine. Moreover, het dorsresultaat van de machine is goed, en de verwijdereningsgraad van ma\u00efskorrels is zo hoog als 99%. Ten tweede kan de productie-effici\u00ebntie van<strong>1500-2000 kg<\/strong>per uur voldoen aan de dorsbehoeften van gezinnen en kleine boerderijen. Ten slotte komen de ma\u00efskolf en de ma\u00efs respectievelijk uit de twee openingen. Gebruikers verspillen geen tijd en energie aan zeven.<\/p>   <div class=\"wp-block-image\"> <figure class=\"aligncenter size-full\"><img loading=\"lazy\" decoding=\"async\" width=\"720\" height=\"540\" src=\"https:\/\/maizemachine.com\/wp-content\/uploads\/2023\/07\/Certificates.webp\" alt=\"Certificaten\" class=\"wp-image-683\" title=\"\" srcset=\"https:\/\/maizemachine.com\/wp-content\/uploads\/2023\/07\/Certificates.webp 720w, https:\/\/maizemachine.com\/wp-content\/uploads\/2023\/07\/Certificates-300x225.webp 300w, https:\/\/maizemachine.com\/wp-content\/uploads\/2023\/07\/Certificates-16x12.webp 16w\" sizes=\"auto, (max-width: 720px) 100vw, 720px\" \/><figcaption class=\"wp-element-caption\">Certificaten<\/figcaption><\/figure> <\/div>   <p><\/p>","protected":false},"excerpt":{"rendered":"<p>Small maize sheller machine is a common machine in corn machinery. The output of the machine is 1500kg\/h-2000kg\/h, so it is especially suitable for small farms and families. Although the machine is small, it is powerful. It can thresh and peel corn. Many dealers in other countries choose to buy this small maize thresher. Because [&hellip;]<\/p>\n","protected":false},"author":1,"featured_media":227,"parent":0,"template":"","tags":[14,15,16],"product-type":[9],"class_list":["post-223","product","type-product","status-publish","has-post-thumbnail","hentry","tag-corn-sheller","tag-maize-sheller","tag-small-maize-sheller-machine","product-type-corn-sheller-machine"],"_links":{"self":[{"href":"https:\/\/maizemachine.com\/nl\/wp-json\/wp\/v2\/product\/223","targetHints":{"allow":["GET"]}}],"collection":[{"href":"https:\/\/maizemachine.com\/nl\/wp-json\/wp\/v2\/product"}],"about":[{"href":"https:\/\/maizemachine.com\/nl\/wp-json\/wp\/v2\/types\/product"}],"author":[{"embeddable":true,"href":"https:\/\/maizemachine.com\/nl\/wp-json\/wp\/v2\/users\/1"}],"wp:featuredmedia":[{"embeddable":true,"href":"https:\/\/maizemachine.com\/nl\/wp-json\/wp\/v2\/media\/227"}],"wp:attachment":[{"href":"https:\/\/maizemachine.com\/nl\/wp-json\/wp\/v2\/media?parent=223"}],"wp:term":[{"taxonomy":"post_tag","embeddable":true,"href":"https:\/\/maizemachine.com\/nl\/wp-json\/wp\/v2\/tags?post=223"},{"taxonomy":"product-type","embeddable":true,"href":"https:\/\/maizemachine.com\/nl\/wp-json\/wp\/v2\/product-type?post=223"}],"curies":[{"name":"wp","href":"https:\/\/api.w.org\/{rel}","templated":true}]}}