{"id":120,"date":"2022-08-24T07:14:33","date_gmt":"2022-08-24T07:14:33","guid":{"rendered":"https:\/\/maizemachine.com\/?post_type=product&#038;p=120"},"modified":"2025-10-28T16:13:14","modified_gmt":"2025-10-28T08:13:14","slug":"sweet-corn-sheller","status":"publish","type":"product","link":"https:\/\/maizemachine.com\/nl\/product\/sweet-corn-sheller\/","title":{"rendered":"Zoete Ma\u00efs Dorsmachine | Verse Ma\u00efs Dorsmachine"},"content":{"rendered":"<p class=\"translation-block\">Zoete ma\u00efskolfschiller is een machine die ma\u00efskorrels uit verse ma\u00efskolven haalt. Het kan de ma\u00efskorrels volledig schillen op de ma\u00efskolf. Bij Taizy ma\u00efsverwerkingsmachines hebben we niet alleen verse ma\u00efskolfers, maar ook droge<a href=\"https:\/\/maizemachine.com\/nl\/product\/maize-sheller\/\">ma\u00efskolfers<\/a>. Men gelooft dat deze twee scheidingsapparaten kunnen voldoen aan de schilbehoeften van klanten. <\/p>    <p class=\"translation-block\">Deze kleine ma\u00efs peller is speciaal ontworpen voor verse ma\u00efs, zoete ma\u00efs en glanzende ma\u00efs. Het kan<strong><mark class=\"has-inline-color has-luminous-vivid-amber-color\">400\u2013500 kg per uur<\/mark><\/strong>verwerken met stabiele en effici\u00ebnte prestaties. De korrels blijven heel, en het pelfpercentage bereikt tot<mark class=\"has-inline-color has-luminous-vivid-amber-color\"> <strong>98%<\/strong>.<\/mark>Het wordt veel gebruikt bij de verwerking van diepgevroren ma\u00efs, ingeblikte ma\u00efs en verpakte ma\u00efskorrels, waardoor het een ideaal apparaat is voor moderne ma\u00efsverwerkingsfabrieken, voedingsmiddelenfabrieken en landbouwproductenverwerkers.<\/p>   <div class=\"wp-block-image\"> <figure class=\"aligncenter size-full\"><img loading=\"lazy\" decoding=\"async\" width=\"720\" height=\"534\" src=\"http:\/\/maizemachine.com\/wp-content\/uploads\/2022\/08\/fresh-corn-sheller-machine.webp\" alt=\"verse ma\u00efsschilmachine\" class=\"wp-image-126\" title=\"\" srcset=\"https:\/\/maizemachine.com\/wp-content\/uploads\/2022\/08\/fresh-corn-sheller-machine.webp 720w, https:\/\/maizemachine.com\/wp-content\/uploads\/2022\/08\/fresh-corn-sheller-machine-300x223.webp 300w\" sizes=\"auto, (max-width: 720px) 100vw, 720px\" \/><figcaption class=\"wp-element-caption\">verse ma\u00efsschilmachine<\/figcaption><\/figure> <\/div>   <p class=\"translation-block\">Vanwege de voordelen van verse ma\u00efskolfers, zijn onze machines ge\u00ebxporteerd naar Singapore, Rusland, Mexico, Indonesi\u00eb, de Verenigde Staten,<a href=\"https:\/\/en.wikipedia.org\/wiki\/Ghana\" target=\"_blank\" rel=\"noopener\">Ghana<\/a>, Nigeria en andere landen.<\/p>    <figure class=\"wp-block-embed is-type-video is-provider-youtube wp-block-embed-youtube wp-embed-aspect-16-9 wp-has-aspect-ratio\"><div class=\"wp-block-embed__wrapper\"> <iframe loading=\"lazy\" title=\"Zoete Ma\u00efs Schiller Machine \u2014 Verwijder Korrels in Seconden!#zoetma\u00efs #ma\u00efskolfschiller #ma\u00efsverwerking\" width=\"500\" height=\"281\" src=\"https:\/\/www.youtube.com\/embed\/iA9_fqDLDgo?feature=oembed\" frameborder=\"0\" allow=\"accelerometer; autoplay; clipboard-write; encrypted-media; gyroscope; picture-in-picture; web-share\" referrerpolicy=\"strict-origin-when-cross-origin\" allowfullscreen><\/iframe> <\/div><\/figure>    <h2 class=\"wp-block-heading\" id=\"h-structure-of-sweet-corn-sheller\">Structuur van de zoete ma\u00efsoogstmachine<\/h2>    <p>De structuur van de verse ma\u00efsschiller machine omvat een elektrisch controlepaneel, een ma\u00efs inlaat, een ma\u00efskorreluitlaat, een rubberen rol, een verplaatsbaar loswiel, een blower, een verplaatsbare externe transportband, enz. Machineaccessoires omvatten messen, lagers, knoppen, wielen, enz. De zoete ma\u00efsschiller van deze machine is gemaakt van 304 roestvrij staal. Daarom heeft het de kenmerken van hoge arbeidseffici\u00ebntie en duurzaamheid. Bovendien kan het materiaal van de voedselmachine ons ook meer geruststellen tijdens het eten.<\/p>   <div class=\"wp-block-image\"> <figure class=\"aligncenter size-full\"><img loading=\"lazy\" decoding=\"async\" width=\"720\" height=\"540\" src=\"https:\/\/maizemachine.com\/wp-content\/uploads\/2023\/07\/The-Structure-of-Sweet-Corn-Thresher.webp\" alt=\"De structuur van Sweet Corn Winnar\" class=\"wp-image-687\" title=\"\" srcset=\"https:\/\/maizemachine.com\/wp-content\/uploads\/2023\/07\/The-Structure-of-Sweet-Corn-Thresher.webp 720w, https:\/\/maizemachine.com\/wp-content\/uploads\/2023\/07\/The-Structure-of-Sweet-Corn-Thresher-300x225.webp 300w, https:\/\/maizemachine.com\/wp-content\/uploads\/2023\/07\/The-Structure-of-Sweet-Corn-Thresher-16x12.webp 16w\" sizes=\"auto, (max-width: 720px) 100vw, 720px\" \/><figcaption class=\"wp-element-caption\">De structuur van Sweet Corn Winnar<\/figcaption><\/figure> <\/div>   <h2 class=\"wp-block-heading\" id=\"h-how-does-the-sweet-corn-thresher-work\">Hoe werkt de zoete ma\u00efsoogstmachine?<\/h2>    <p>Nadat we de ma\u00efskolf op de transportband hebben geplaatst, drijft de ketting de transportband naar voren en brengt deze naar het pelscherm. Vervolgens zal de rubberen roller de ma\u00efskolf klemmen in de snijder. De rubberen roller wordt gebruikt om de ma\u00efskolf vast te zetten en te voorkomen dat deze beweegt. <\/p>    <p>Het mes gaat vervolgens door de ma\u00efskolf en pel de ma\u00efs van de kolf. Ten slotte worden de ma\u00efskorrels uit de ma\u00efskorreluitlaat gedischargeerd. De ma\u00efskolf wordt uit de andere uitgang geduwd.<\/p>    <figure class=\"wp-block-gallery has-nested-images columns-default is-cropped wp-block-gallery-2 is-layout-flex wp-block-gallery-is-layout-flex\"> <figure class=\"wp-block-image size-large\"><img loading=\"lazy\" decoding=\"async\" width=\"720\" height=\"540\" data-id=\"685\" src=\"https:\/\/maizemachine.com\/wp-content\/uploads\/2023\/07\/roller.webp\" alt=\"roller\" class=\"wp-image-685\" title=\"\" srcset=\"https:\/\/maizemachine.com\/wp-content\/uploads\/2023\/07\/roller.webp 720w, https:\/\/maizemachine.com\/wp-content\/uploads\/2023\/07\/roller-300x225.webp 300w, https:\/\/maizemachine.com\/wp-content\/uploads\/2023\/07\/roller-16x12.webp 16w\" sizes=\"auto, (max-width: 720px) 100vw, 720px\" \/><figcaption class=\"wp-element-caption\">Roller<\/figcaption><\/figure>    <figure class=\"wp-block-image size-large\"><img loading=\"lazy\" decoding=\"async\" width=\"720\" height=\"540\" data-id=\"689\" src=\"https:\/\/maizemachine.com\/wp-content\/uploads\/2023\/07\/knife-group.webp\" alt=\"mesgroep\" class=\"wp-image-689\" title=\"\" srcset=\"https:\/\/maizemachine.com\/wp-content\/uploads\/2023\/07\/knife-group.webp 720w, https:\/\/maizemachine.com\/wp-content\/uploads\/2023\/07\/knife-group-300x225.webp 300w, https:\/\/maizemachine.com\/wp-content\/uploads\/2023\/07\/knife-group-16x12.webp 16w\" sizes=\"auto, (max-width: 720px) 100vw, 720px\" \/><figcaption class=\"wp-element-caption\">Mesgroep<\/figcaption><\/figure> <\/figure>    <h3 class=\"wp-block-heading\">Machine werkvideo<\/h3>    <figure class=\"wp-block-embed is-type-video is-provider-youtube wp-block-embed-youtube wp-embed-aspect-16-9 wp-has-aspect-ratio\"><div class=\"wp-block-embed__wrapper\"> <iframe loading=\"lazy\" title=\"Zoete Ma\u00efs Schiller | Verse Ma\u00efs Dorsmachine Werkvideo\" width=\"500\" height=\"281\" src=\"https:\/\/www.youtube.com\/embed\/1D8OouKrvSA?feature=oembed\" frameborder=\"0\" allow=\"accelerometer; autoplay; clipboard-write; encrypted-media; gyroscope; picture-in-picture; web-share\" referrerpolicy=\"strict-origin-when-cross-origin\" allowfullscreen><\/iframe> <\/div><\/figure>    <h2 class=\"wp-block-heading\" id=\"h-machine-specifications\">Machinespecificaties<\/h2>    <figure class=\"wp-block-table\"><table><tbody><tr><td>Model<\/td><td>SL-268<\/td><td>SL-368<\/td><\/tr><tr><td>Capaciteit<\/td><td>400-500kg\/u<\/td><td>400-500kg\/u<\/td><\/tr><tr><td>Gewicht<\/td><td>100kg<\/td><td>110kg<\/td><\/tr><tr><td>Grootte (mm)<\/td><td>700(L)*620(B)*1250(H)<\/td><td>1320(L)*620(B)*1250(H)<\/td><\/tr><tr><td>Spanning<\/td><td>220V, 1 fase<\/td><td>220V, 1 fase<\/td><\/tr><tr><td>Vermogen<\/td><td>2.2kw<\/td><td>2.2kw<\/td><\/tr><\/tbody><\/table><\/figure>    <p class=\"translation-block\">We hebben twee ma\u00efs pellers te koop. E\u00e9n zonder transportband en de andere met transportband. De output van beide machines is meer dan<strong><mark class=\"has-inline-color has-luminous-vivid-amber-color\">400-500 kg\/u<\/mark><\/strong>. Het gewicht van de band is 10 kg zwaarder dan die zonder band. De afmetingen van de machines zijn<strong><mark class=\"has-inline-color has-luminous-vivid-amber-color\">720 * 620 * 1250<\/mark><\/strong>en<strong><mark class=\"has-inline-color has-luminous-vivid-amber-color\">1320 * 620 * 1250<\/mark><\/strong>respectievelijk. Je kunt je eigen verse ma\u00efs peller kiezen op basis van je behoeften.<\/p>    <figure class=\"wp-block-gallery has-nested-images columns-default is-cropped wp-block-gallery-3 is-layout-flex wp-block-gallery-is-layout-flex\"> <figure class=\"wp-block-image size-large\"><img loading=\"lazy\" decoding=\"async\" width=\"720\" height=\"540\" data-id=\"389\" src=\"https:\/\/maizemachine.com\/wp-content\/uploads\/2023\/07\/machine-without-conveyor-belt.webp\" alt=\"machine zonder transportband\" class=\"wp-image-389\" title=\"\" srcset=\"https:\/\/maizemachine.com\/wp-content\/uploads\/2023\/07\/machine-without-conveyor-belt.webp 720w, https:\/\/maizemachine.com\/wp-content\/uploads\/2023\/07\/machine-without-conveyor-belt-300x225.webp 300w, https:\/\/maizemachine.com\/wp-content\/uploads\/2023\/07\/machine-without-conveyor-belt-16x12.webp 16w\" sizes=\"auto, (max-width: 720px) 100vw, 720px\" \/><figcaption class=\"wp-element-caption\">Machine Zonder Transportband<\/figcaption><\/figure>    <figure class=\"wp-block-image size-large\"><img loading=\"lazy\" decoding=\"async\" width=\"720\" height=\"540\" data-id=\"390\" src=\"https:\/\/maizemachine.com\/wp-content\/uploads\/2023\/07\/sweet-corn-sheller-with-conveyor-belt.webp\" alt=\"zoete ma\u00efs schiller met transportband\" class=\"wp-image-390\" title=\"\" srcset=\"https:\/\/maizemachine.com\/wp-content\/uploads\/2023\/07\/sweet-corn-sheller-with-conveyor-belt.webp 720w, https:\/\/maizemachine.com\/wp-content\/uploads\/2023\/07\/sweet-corn-sheller-with-conveyor-belt-300x225.webp 300w, https:\/\/maizemachine.com\/wp-content\/uploads\/2023\/07\/sweet-corn-sheller-with-conveyor-belt-16x12.webp 16w\" sizes=\"auto, (max-width: 720px) 100vw, 720px\" \/><figcaption class=\"wp-element-caption\">Zoete Ma\u00efs Peller Met Transportband<\/figcaption><\/figure> <\/figure>    <h2 class=\"wp-block-heading\">Kenmerken van verse ma\u00efs peller machine<\/h2>    <div class=\"wp-block-columns is-layout-flex wp-container-core-columns-is-layout-9d6595d7 wp-block-columns-is-layout-flex\"> <div class=\"wp-block-column is-layout-flow wp-block-column-is-layout-flow\"> <p class=\"has-text-align-center translation-block\"><strong>Bespaar meer tijd<\/strong><\/p>    <p class=\"translation-block\">Met deze ma\u00efs peller kun je<strong><mark class=\"has-inline-color has-luminous-vivid-amber-color\">400\u2013500 kg<\/mark><\/strong>ma\u00efs per uur verwerken, waardoor je grote batches effici\u00ebnt kunt afhandelen en aan de marktvraag kunt voldoen zonder vertraging.<\/p> <\/div>    <div class=\"wp-block-column is-layout-flow wp-block-column-is-layout-flow\"> <p class=\"has-text-align-center translation-block\"><strong>Hoogwaardige peltrommel<\/strong><\/p>    <p class=\"translation-block\">Uitgerust met een speciale spiraalvormige messtructuur, draait de trommel soepel om een pelfpercentage van meer dan 98% te bereiken terwijl de korrelbreuk onder<strong><mark class=\"has-inline-color has-luminous-vivid-amber-color\">1%<\/mark>blijft.<\/strong><\/p> <\/div> <\/div>    <div class=\"wp-block-columns is-layout-flex wp-container-core-columns-is-layout-9d6595d7 wp-block-columns-is-layout-flex\"> <div class=\"wp-block-column is-layout-flow wp-block-column-is-layout-flow\"> <p class=\"has-text-align-center translation-block\"><strong>Duurzaam roestvrijstalen lichaam<\/strong><\/p>    <p class=\"translation-block\">Alle onderdelen die in contact komen met het materiaal zijn gemaakt van<strong><mark class=\"has-inline-color has-luminous-vivid-amber-color\">304 voedselveilige roestvrij staal<\/mark><\/strong>, wat duurzaamheid, hygi\u00ebne en gemakkelijke reiniging garandeert in overeenstemming met voedselveiligheidsnormen.<\/p> <\/div>    <div class=\"wp-block-column is-layout-flow wp-block-column-is-layout-flow\"> <p class=\"has-text-align-center translation-block\"><strong>Verstelbare mesafstand<\/strong><\/p>    <p>De afstand tussen de messen kan gemakkelijk worden aangepast om te passen bij verschillende diameters van de ma\u00efskolf, wat volledige pelling voor alle soorten zoete ma\u00efs garandeert.<\/p> <\/div> <\/div>    <div class=\"wp-block-columns is-layout-flex wp-container-core-columns-is-layout-9d6595d7 wp-block-columns-is-layout-flex\"> <div class=\"wp-block-column is-layout-flow wp-block-column-is-layout-flow\"> <p class=\"has-text-align-center translation-block\"><strong>Automatisch scheidingssysteem<\/strong><\/p>    <p>Na het pellen scheidt de machine automatisch ma\u00efskorrels van de kolven, waardoor handmatig sorteren of opnieuw zeven overbodig wordt.<\/p> <\/div>    <div class=\"wp-block-column is-layout-flow wp-block-column-is-layout-flow\"> <p class=\"has-text-align-center translation-block\"><strong>Betrouwbare motorprestaties<\/strong><\/p>    <p class=\"translation-block\">Aangedreven door een<strong><mark class=\"has-inline-color has-luminous-vivid-amber-color\">2.2 kW koperen motor<\/mark><\/strong>, levert het sterke koppel met laag geluid en laag energieverbruik \u2014 perfect voor continu gebruik in productieomgevingen.<\/p> <\/div> <\/div>   <div class=\"wp-block-image\"> <figure class=\"aligncenter size-full\"><img loading=\"lazy\" decoding=\"async\" width=\"720\" height=\"540\" src=\"https:\/\/maizemachine.com\/wp-content\/uploads\/2023\/07\/sweet-corn-Thresher-machine.webp\" alt=\"Sweet Corn Winnar machine\" class=\"wp-image-691\" title=\"\" srcset=\"https:\/\/maizemachine.com\/wp-content\/uploads\/2023\/07\/sweet-corn-Thresher-machine.webp 720w, https:\/\/maizemachine.com\/wp-content\/uploads\/2023\/07\/sweet-corn-Thresher-machine-300x225.webp 300w, https:\/\/maizemachine.com\/wp-content\/uploads\/2023\/07\/sweet-corn-Thresher-machine-16x12.webp 16w\" sizes=\"auto, (max-width: 720px) 100vw, 720px\" \/><figcaption class=\"wp-element-caption\">Sweet Corn Winnar machine<\/figcaption><\/figure> <\/div>   <h2 class=\"wp-block-heading\" id=\"h-application-of-fresh-corn-sheller\">Toepassing van de verse ma\u00efsoogstmachine<\/h2>    <p>Zoete ma\u00efsoogstmachine kan alle soorten verse ma\u00efs, zoete ma\u00efs, gekookte ma\u00efs, wasachtige ma\u00efs en ontdooide ma\u00efs oogsten. Daarom kan deze oogstmachine worden gebruikt in grote voedselverwerkingsfabrieken, ma\u00efsconservenfabrieken, ma\u00efsdronkenfabrieken en ma\u00efssiroopfabrieken.<\/p>   <div class=\"wp-block-image\"> <figure class=\"aligncenter size-full\"><img loading=\"lazy\" decoding=\"async\" width=\"720\" height=\"540\" src=\"http:\/\/maizemachine.com\/wp-content\/uploads\/2022\/08\/finished-product.webp\" alt=\"afgewerkt product\" class=\"wp-image-124\" title=\"\" srcset=\"https:\/\/maizemachine.com\/wp-content\/uploads\/2022\/08\/finished-product.webp 720w, https:\/\/maizemachine.com\/wp-content\/uploads\/2022\/08\/finished-product-300x225.webp 300w\" sizes=\"auto, (max-width: 720px) 100vw, 720px\" \/><figcaption class=\"wp-element-caption\">afgewerkt product<\/figcaption><\/figure> <\/div>   <h2 class=\"wp-block-heading\" id=\"h-advantages-of-sweet-corn-thresher\">Voordelen van zoete ma\u00efs dorsmachine<\/h2>    <ol class=\"wp-block-list\"> <li>Hoge dorskingsgraad. De dorskingsgraad van onze verse ma\u00efsoogstmachine is maar liefst 100%.<\/li>    <li>Brede toepassingsmogelijkheden. De machine kan zoete ma\u00efs, verse ma\u00efs en wasma\u00efs verwerken. Je kunt het gebruiken in grote voedselverwerkingsfabrieken.<\/li>    <li>Gemakkelijk te verplaatsen. Er zijn wielen aan de onderkant van de machine. Dus je kunt het gemakkelijk verplaatsen.<\/li>    <li>Duurzame gereedschappen. De snijder van de machine is gemaakt van speciaal roestvrij staal. Het is sterk en duurzaam.<\/li>    <li>Kleine maat, hoge werk effici\u00ebntie.<\/li> <\/ol>   <div class=\"wp-block-image\"> <figure class=\"aligncenter size-full\"><img loading=\"lazy\" decoding=\"async\" width=\"720\" height=\"540\" src=\"https:\/\/maizemachine.com\/wp-content\/uploads\/2023\/07\/sweet-corn-shelling-machine.webp\" alt=\"Sweet Corn Shelling Machine\" class=\"wp-image-690\" title=\"\" srcset=\"https:\/\/maizemachine.com\/wp-content\/uploads\/2023\/07\/sweet-corn-shelling-machine.webp 720w, https:\/\/maizemachine.com\/wp-content\/uploads\/2023\/07\/sweet-corn-shelling-machine-300x225.webp 300w, https:\/\/maizemachine.com\/wp-content\/uploads\/2023\/07\/sweet-corn-shelling-machine-16x12.webp 16w\" sizes=\"auto, (max-width: 720px) 100vw, 720px\" \/><figcaption class=\"wp-element-caption\">Sweet Corn Shelling Machine<\/figcaption><\/figure> <\/div>   <h2 class=\"wp-block-heading\">Hoe maak je de ma\u00efs peller schoon?<\/h2>    <p>Stappen om de ma\u00efs peller schoon te maken:<\/p>    <ol class=\"wp-block-list\"> <li><strong>Zet de stroom uit:<\/strong> Ontkoppel altijd de stroom voordat u gaat schoonmaken om veiligheid te garanderen.<\/li>    <li><strong>Verwijder residu:<\/strong> Open de deksel en gebruik een borstel of luchtslang om ma\u00efsgrutten en vuil uit de schelpmachine en uitlaat te verwijderen.<\/li>    <li><strong>Spoel af met water:<\/strong> Was de schelpmachine, inlaat en uitlaat met schoon water om ma\u00efs sap en deeltjes te verwijderen.<\/li>    <li><strong>Droog volledig:<\/strong> Veeg het oppervlak en de interne delen af met een droge doek of laat ze aan de lucht drogen om roest te voorkomen.<\/li>    <li><strong>Controleer en onderhoud:<\/strong> Controleer na het schoonmaken of de riem, trommel of lagers los of versleten zijn. Breng indien nodig smeermiddel aan.<\/li> <\/ol>    <p class=\"translation-block\"><em>Tips: Na elk gebruik schoonmaken voorkomt dat ma\u00efs sap uithardt en zorgt voor betere pellingprestaties de volgende keer.<\/em><\/p>    <figure class=\"wp-block-embed is-type-video is-provider-youtube wp-block-embed-youtube wp-embed-aspect-16-9 wp-has-aspect-ratio\"><div class=\"wp-block-embed__wrapper\"> <iframe loading=\"lazy\" title=\"Maak je zoete ma\u00efskolfmachine in seconden schoon \u2013 gebruik gewoon water!#cornsheller #sweetcorn #easycleaningtips\" width=\"500\" height=\"281\" src=\"https:\/\/www.youtube.com\/embed\/HcQYyqQx3ZA?feature=oembed\" frameborder=\"0\" allow=\"accelerometer; autoplay; clipboard-write; encrypted-media; gyroscope; picture-in-picture; web-share\" referrerpolicy=\"strict-origin-when-cross-origin\" allowfullscreen><\/iframe> <\/div><\/figure>    <h2 class=\"wp-block-heading\" id=\"h-faq\">Veelgestelde vragen<\/h2>    <p>V: Wat is het materiaal van de machine?<br>A: 304 roestvrij staal<\/p>    <p>V: Wat is het verschil tussen SL-268 en SL-368?<br>A: Sl-368 heeft \u00e9\u00e9n transportband meer dan SL-268.<\/p>    <p>V: Wat is de schilgraad van de zoete ma\u00efsoogstmachine?<br>A: 100%<\/p>    <p>Q: Kan deze machine ma\u00efs schillen?<br>A: Misschien niet. We hebben een speciale multifunctionele ma\u00efsoogstmachine om ma\u00efs te schillen.<\/p>    <p class=\"translation-block\">V: Heeft u een <a href=\"https:\/\/maizemachine.com\/nl\/product\/corn-mill-grinder\/\">machine om ma\u00efsmeel te verkrijgen<\/a>?<br>A: Ja, dat hebben we. Daarnaast hebben we ook <a href=\"https:\/\/maizemachine.com\/nl\/product\/maize-planter\/\">ma\u00efsplanters<\/a> en <a href=\"https:\/\/maizemachine.com\/nl\/product\/one-row-corn-picker\/\">ma\u00efs-oogstmachines<\/a> te koop.<\/p>    <p><\/p>","protected":false},"excerpt":{"rendered":"<p>Sweet corn sheller is a machine that obtains corn kernels from fresh corn cobs. It can completely peel the corn kernels on the corn cob. In Taizy corn processing machinery, we have not only fresh corn threshers but also dry corn threshers. It is believed that this two separation equipment can meet the threshing needs [&hellip;]<\/p>\n","protected":false},"author":1,"featured_media":127,"parent":0,"template":"","tags":[14,18],"product-type":[9],"class_list":["post-120","product","type-product","status-publish","has-post-thumbnail","hentry","tag-corn-sheller","tag-sweet-corn-sheller","product-type-corn-sheller-machine"],"_links":{"self":[{"href":"https:\/\/maizemachine.com\/nl\/wp-json\/wp\/v2\/product\/120","targetHints":{"allow":["GET"]}}],"collection":[{"href":"https:\/\/maizemachine.com\/nl\/wp-json\/wp\/v2\/product"}],"about":[{"href":"https:\/\/maizemachine.com\/nl\/wp-json\/wp\/v2\/types\/product"}],"author":[{"embeddable":true,"href":"https:\/\/maizemachine.com\/nl\/wp-json\/wp\/v2\/users\/1"}],"wp:featuredmedia":[{"embeddable":true,"href":"https:\/\/maizemachine.com\/nl\/wp-json\/wp\/v2\/media\/127"}],"wp:attachment":[{"href":"https:\/\/maizemachine.com\/nl\/wp-json\/wp\/v2\/media?parent=120"}],"wp:term":[{"taxonomy":"post_tag","embeddable":true,"href":"https:\/\/maizemachine.com\/nl\/wp-json\/wp\/v2\/tags?post=120"},{"taxonomy":"product-type","embeddable":true,"href":"https:\/\/maizemachine.com\/nl\/wp-json\/wp\/v2\/product-type?post=120"}],"curies":[{"name":"wp","href":"https:\/\/api.w.org\/{rel}","templated":true}]}}