{"id":112,"date":"2022-08-24T03:50:33","date_gmt":"2022-08-24T03:50:33","guid":{"rendered":"https:\/\/maizemachine.com\/?post_type=product&#038;p=112"},"modified":"2026-02-10T17:48:17","modified_gmt":"2026-02-10T09:48:17","slug":"small-corn-planter","status":"publish","type":"product","link":"https:\/\/maizemachine.com\/nl\/product\/small-corn-planter\/","title":{"rendered":"Kleine ma\u00efsplanter | Handmatige ma\u00efsplantmachine"},"content":{"rendered":"<p class=\"translation-block\">De kleine ma\u00efsplanter is voornamelijk ontworpen voor particuliere gebruikers. In vergelijking met grootschalige <a href=\"https:\/\/maizemachine.com\/nl\/product\/maize-planter\/\">ma\u00efsplanters<\/a> is hij economischer en gemakkelijker te bedienen. Ze kunnen ook problemen op tijd corrigeren. Omdat het een handmatige ma\u00efsplanter is, is hij geschikt voor zwaardere velden in bergen en heuvels.<\/p>    <h2 class=\"wp-block-heading\" id=\"h-what-are-the-types-of-corn-planters\">Wat zijn de soorten ma\u00efszaaiers?<\/h2>    <p>Er zijn drie verschillende soorten handmatige ma\u00efsplanters te koop in ons bedrijf. Ze hebben verschillende vermogensmodi en bedieningsmodi.<\/p>    <h3 class=\"wp-block-heading\" id=\"h-walk-behind-corn-planter\">Loop achter corn planter<\/h3>    <p>De loop achter de ma\u00efsplanter is een kleine ma\u00efsplantmachine die ons bedrijf goed verkoopt. Deze machine heeft slechts \u00e9\u00e9n persoon nodig om zaden te planten. Voorzien van een benzinemotor kunnen mensen gemakkelijk ma\u00efs zaaien. Het bespaart tijd en moeite. Daarnaast hebben we twee verschillende modellen benzinemotoren waaruit je kunt kiezen. Als je deze handmatige ma\u00efszaaier nodig hebt, neem dan gerust contact met ons op.<\/p>   <div class=\"wp-block-image\"> <figure class=\"aligncenter size-full\"><img loading=\"lazy\" decoding=\"async\" width=\"720\" height=\"540\" src=\"http:\/\/maizemachine.com\/wp-content\/uploads\/2022\/08\/hand-corn-seed-planter.webp\" alt=\"loop-achter ma\u00efs planter\" class=\"wp-image-115\" title=\"\" srcset=\"https:\/\/maizemachine.com\/wp-content\/uploads\/2022\/08\/hand-corn-seed-planter.webp 720w, https:\/\/maizemachine.com\/wp-content\/uploads\/2022\/08\/hand-corn-seed-planter-300x225.webp 300w\" sizes=\"auto, (max-width: 720px) 100vw, 720px\" \/><figcaption>loop-achter ma\u00efs planter<\/figcaption><\/figure> <\/div>   <h3 class=\"wp-block-heading\" id=\"h-hand-corn-seed-planter\">Hand corn zaad planter<\/h3>    <p>Deze 1-rijige ma\u00efszaaimachine vereist twee personen om samen te werken om ma\u00efs te zaaien. De ene persoon duwt de machine achter de machine en de andere persoon trekt aan het touw voor de machine om kracht te leveren voor de machine. Deze machine heeft de kenmerken van eenvoudige bediening en een eenvoudige structuur. Je kunt het gebruiken om te bemesten en te zaaien. Vanwege de uniekheid van de machine vereist deze handmatige ma\u00efszaaimachine dat twee arbeiders samen opereren. Daarom kan het klanten in niet-ontwikkelde gebieden helpen.<\/p>    <h3 class=\"wp-block-heading\" id=\"h-corn-planting-machine-specification\">Specificatie van de corn plantmachine<\/h3>    <figure class=\"wp-block-table\"><table><tbody><tr><td>Model<\/td><td>TZY-100<\/td><\/tr><tr><td>Capaciteit<\/td><td>0,5 acre\/u<\/td><\/tr><tr><td>Grootte<\/td><td>1370*420*900mm<\/td><\/tr><tr><td>Gewicht<\/td><td>12kg<\/td><\/tr><\/tbody><\/table><\/figure>   <div class=\"wp-block-image\"> <figure class=\"aligncenter size-full\"><img loading=\"lazy\" decoding=\"async\" width=\"720\" height=\"540\" src=\"http:\/\/maizemachine.com\/wp-content\/uploads\/2022\/08\/manual-corn-planter-machine.webp\" alt=\"handmatige ma\u00efszaaimachine\" class=\"wp-image-116\" title=\"\" srcset=\"https:\/\/maizemachine.com\/wp-content\/uploads\/2022\/08\/manual-corn-planter-machine.webp 720w, https:\/\/maizemachine.com\/wp-content\/uploads\/2022\/08\/manual-corn-planter-machine-300x225.webp 300w\" sizes=\"auto, (max-width: 720px) 100vw, 720px\" \/><figcaption>handmatige ma\u00efszaaimachine<\/figcaption><\/figure> <\/div>   <h3 class=\"wp-block-heading\" id=\"h-manual-corn-seeder-machine\">Handmatige corn plantmachine<\/h3>    <p>De handmatige ma\u00efszaaimachine heeft beide handen nodig om de handgreep vast te houden en naar beneden te drukken op het zaad. Deze machine is licht en gemakkelijk te dragen. Verschillende afstandhouders kunnen ook worden gebruikt om de zaaiwijdte te veranderen. Evenzo is de handmatige ma\u00efszaaier ook geschikt voor het bemesten en zaaien in landbouwgrond, vlakke en heuvelachtige gebieden.<\/p>   <div class=\"wp-block-image\"> <figure class=\"aligncenter size-full\"><img loading=\"lazy\" decoding=\"async\" width=\"720\" height=\"540\" src=\"http:\/\/maizemachine.com\/wp-content\/uploads\/2022\/08\/manual-corn-seeder-machine.webp\" alt=\"handmatige ma\u00efszaaimachine\" class=\"wp-image-117\" title=\"\" srcset=\"https:\/\/maizemachine.com\/wp-content\/uploads\/2022\/08\/manual-corn-seeder-machine.webp 720w, https:\/\/maizemachine.com\/wp-content\/uploads\/2022\/08\/manual-corn-seeder-machine-300x225.webp 300w\" sizes=\"auto, (max-width: 720px) 100vw, 720px\" \/><figcaption>handmatige ma\u00efszaaimachine<\/figcaption><\/figure> <\/div>   <h2 class=\"wp-block-heading\" id=\"h-how-does-a-small-corn-planter-work\">Hoe werkt een kleine corn planter?<\/h2>    <p class=\"translation-block\">We praten voornamelijk over de <a href=\"https:\/\/maizemachine.com\/nl\/Info\/structure-of-maize-planter-machine\/\">werkwijze van de loop-ma\u00efsplanter<\/a>. Echter, het werkproces van de meeste kleine ma\u00efsplanters is vergelijkbaar. Eerst moeten we de zaden in de zaadcontainer doen. Start vervolgens de machine (duw vooruit). Houd dan de handgreep van de machine vast om balans te houden en duw vooruit. Ten slotte worden de zaden in het veld gezaaid.<\/p>    <h2 class=\"wp-block-heading\" id=\"h-characteristics-of-small-corn-planter\">Kenmerken van kleine ma\u00efszaaimachines<\/h2>    <ol class=\"wp-block-list\"><li>Kleine afmetingen en lichtgewicht. Gemakkelijk te dragen en te bedienen.<\/li><li>Het kan ook een reeks graangewassen zaaien, zoals pinda's, tarwe, soja, en <a href=\"https:\/\/en.wikipedia.org\/wiki\/Sorghum\" target=\"_blank\" rel=\"noopener\">sorghum<\/a>.<\/li><li>Dubbele functies. De kleine ma\u00efsplanter kan niet alleen zaaien, maar ook bemesten.<\/li><li>De hoogte en lengte van de handgreep zijn verstelbaar. Daarom is het geschikt voor iedereen.<\/li><li>Eenvoudige structuur en gemakkelijk te debuggen. Daarom heeft het de kenmerken van een laag storingspercentage.<\/li><\/ol>   <div class=\"wp-block-image\"> <figure class=\"aligncenter size-full\"><img loading=\"lazy\" decoding=\"async\" width=\"720\" height=\"540\" src=\"http:\/\/maizemachine.com\/wp-content\/uploads\/2022\/08\/details-of-the-machine.webp\" alt=\"details van de machine\" class=\"wp-image-114\" title=\"\" srcset=\"https:\/\/maizemachine.com\/wp-content\/uploads\/2022\/08\/details-of-the-machine.webp 720w, https:\/\/maizemachine.com\/wp-content\/uploads\/2022\/08\/details-of-the-machine-300x225.webp 300w\" sizes=\"auto, (max-width: 720px) 100vw, 720px\" \/><figcaption>details van de machine<\/figcaption><\/figure> <\/div>   <h2 class=\"wp-block-heading\" id=\"h-small-corn-planter-for-sale\">Kleine ma\u00efszaaimachine te koop<\/h2>    <p class=\"translation-block\">Bij <a href=\"https:\/\/maizemachine.com\/nl\/\">Taizy ma\u00efs machines<\/a> hebben we verschillende soorten kleine ma\u00efsplanters te koop. Daarnaast hebben we een grote ma\u00efsplanter. Onze <a href=\"https:\/\/maizemachine.com\/nl\/product\/one-row-corn-picker\/\">ma\u00efsoogstmachines<\/a> zijn hetzelfde. Ze hebben verschillende modellen. Je kunt je eigen planter kiezen op basis van je eigen behoeften. En de prijs van elke ma\u00efsplanter is verschillend. Omdat hun automatiseringsgraad en output verschillen. Als je een ma\u00efszaaier wilt, neem dan gerust contact met ons op.<\/p>    <h2 class=\"wp-block-heading\" id=\"h-when-should-corn-be-planted\">Wanneer moet ma\u00efs worden geplant?<\/h2>    <p>Zaadkieming vereist een bepaalde temperatuur en diepte. De geschikte temperatuur voor het zaaien van ma\u00efs is ongeveer 12 \u2103. En de diepte is ongeveer 10 cm. Dit is een geschikt moment om ma\u00efs te planten. Vanwege de verschillen tussen het noordelijk en zuidelijk halfrond varieert het geschikte plantseizoen van plaats tot plaats. Over het algemeen gesproken is het plantseizoen in de lente en de herfst. Heeft u een kleine ma\u00efsplanter nodig om u te helpen? Neem gerust contact met ons op.<\/p>","protected":false},"excerpt":{"rendered":"<p>Small corn planter is mainly designed for family users. Compared with large-scale corn planter, it is more economical and easier to operate. They can also correct problems in time. Because it is a hand-held maize planter, it is suitable for heavier fields in mountains and hills. What are the types of corn planters? There are [&hellip;]<\/p>\n","protected":false},"author":1,"featured_media":864,"parent":0,"template":"","tags":[13],"product-type":[7],"class_list":["post-112","product","type-product","status-publish","has-post-thumbnail","hentry","tag-corn-planter","product-type-corn-planter"],"_links":{"self":[{"href":"https:\/\/maizemachine.com\/nl\/wp-json\/wp\/v2\/product\/112","targetHints":{"allow":["GET"]}}],"collection":[{"href":"https:\/\/maizemachine.com\/nl\/wp-json\/wp\/v2\/product"}],"about":[{"href":"https:\/\/maizemachine.com\/nl\/wp-json\/wp\/v2\/types\/product"}],"author":[{"embeddable":true,"href":"https:\/\/maizemachine.com\/nl\/wp-json\/wp\/v2\/users\/1"}],"wp:featuredmedia":[{"embeddable":true,"href":"https:\/\/maizemachine.com\/nl\/wp-json\/wp\/v2\/media\/864"}],"wp:attachment":[{"href":"https:\/\/maizemachine.com\/nl\/wp-json\/wp\/v2\/media?parent=112"}],"wp:term":[{"taxonomy":"post_tag","embeddable":true,"href":"https:\/\/maizemachine.com\/nl\/wp-json\/wp\/v2\/tags?post=112"},{"taxonomy":"product-type","embeddable":true,"href":"https:\/\/maizemachine.com\/nl\/wp-json\/wp\/v2\/product-type?post=112"}],"curies":[{"name":"wp","href":"https:\/\/api.w.org\/{rel}","templated":true}]}}