{"id":102,"date":"2022-08-24T03:01:59","date_gmt":"2022-08-24T03:01:59","guid":{"rendered":"https:\/\/maizemachine.com\/?post_type=product&#038;p=102"},"modified":"2025-12-30T17:40:40","modified_gmt":"2025-12-30T09:40:40","slug":"maize-sheller","status":"publish","type":"product","link":"https:\/\/maizemachine.com\/nl\/product\/maize-sheller\/","title":{"rendered":"3-4 Ton\/h Ma\u00efsontkalker | Hoogwaardige Korenontscherper"},"content":{"rendered":"<p class=\"translation-block\">Een ma\u00efsdorsmachine is een landbouwmachine ontworpen om de korrels van de kolf te scheiden. Het bereikt een korrelintegriteitspercentage van meer dan<strong><em> 98%<\/em><\/strong> en een beschadigingspercentage van minder dan <strong><em>3%,<\/em><\/strong> waardoor het veel gebruikt wordt op grote boerderijen.<\/p>    <p class=\"translation-block\">Deze ma\u00efsdorser heeft een capaciteit van <strong><em>3\u20134 tons\/u<\/em><\/strong>. Hij is compact, gemakkelijk te verplaatsen en ondersteunt meerdere stroomopties, waaronder elektromotor, benzinemotor en dieselmotor. Hij past bij verschillende werkomstandigheden en is ideaal voor huishoudelijke boeren en bedrijven.<\/p>    <p class=\"translation-block\">In combinatie met een <a href=\"https:\/\/maizemachine.com\/nl\/product\/2-row-corn-picker\/\">corn harvester<\/a> kan grootschalige mechanisatie worden gerealiseerd. Vanwege zijn uitstekende prestaties en hoge effici\u00ebntie is deze machine geliefd en gekocht door klanten in veel landen. In dit artikel stellen we een populaire ma\u00efsdorser aan u voor.<\/p>   <div class=\"wp-block-image\"> <figure class=\"aligncenter size-full\"><img loading=\"lazy\" decoding=\"async\" width=\"720\" height=\"540\" src=\"http:\/\/maizemachine.com\/wp-content\/uploads\/2022\/08\/maize-sheller.webp\" alt=\"ma\u00efs ontdoener\" class=\"wp-image-104\" title=\"\" srcset=\"https:\/\/maizemachine.com\/wp-content\/uploads\/2022\/08\/maize-sheller.webp 720w, https:\/\/maizemachine.com\/wp-content\/uploads\/2022\/08\/maize-sheller-300x225.webp 300w\" sizes=\"auto, (max-width: 720px) 100vw, 720px\" \/><figcaption class=\"wp-element-caption\">ma\u00efs ontdoener<\/figcaption><\/figure> <\/div>   <h2 class=\"wp-block-heading\">Toepassingen van de SL-B2 ma\u00efsdorser<\/h2>    <h3 class=\"wp-block-heading\">Industri\u00eble toepassingen<\/h3>    <ul class=\"wp-block-list\"> <li><strong>Huishoudelijke boeren:<\/strong> Drie stroomopties \u2014 elektromotor, benzinemotor of dieselmotor \u2014 voor verschillende landelijke stroomomstandigheden<\/li>    <li><strong>Graanverzamelpunten:<\/strong> Dorsen van kolven die door boeren worden aangeleverd, waardoor transportvolume wordt verminderd<\/li>    <li><strong>Kleine graanverwerkingsfabrieken:<\/strong> Samenwerken met drogers, meelmolens en gritsmachines om een eenvoudige verwerkingslijn te vormen<\/li>    <li><strong>Landelijk ondernemerschap:<\/strong> Individuen kunnen betaalde dorsdiensten leveren voor nabijgelegen boeren met behulp van de SL-B2 ma\u00efsontdikkingsmachine<\/li> <\/ul>    <h3 class=\"wp-block-heading\">Toepasselijke gewassen<\/h3>    <p>Door het filter te veranderen, kan de machine ook worden gebruikt voor het dorsen van tarwe, sojabonen, gierst en andere gewassen.<\/p>    <div class=\"wp-block-columns is-layout-flex wp-container-core-columns-is-layout-9d6595d7 wp-block-columns-is-layout-flex\"> <div class=\"wp-block-column is-layout-flow wp-block-column-is-layout-flow\" style=\"flex-basis:66.66%\"> <figure class=\"wp-block-image size-full\"><img loading=\"lazy\" decoding=\"async\" width=\"720\" height=\"540\" src=\"https:\/\/maizemachine.com\/wp-content\/uploads\/2023\/01\/applications.webp\" alt=\"toepassingen\" class=\"wp-image-250\" title=\"\" srcset=\"https:\/\/maizemachine.com\/wp-content\/uploads\/2023\/01\/applications.webp 720w, https:\/\/maizemachine.com\/wp-content\/uploads\/2023\/01\/applications-300x225.webp 300w\" sizes=\"auto, (max-width: 720px) 100vw, 720px\" \/><figcaption class=\"wp-element-caption\">Toepassingen<\/figcaption><\/figure> <\/div>    <div class=\"wp-block-column is-layout-flow wp-block-column-is-layout-flow\" style=\"flex-basis:33.33%\"> <ul class=\"wp-block-list\"> <li><em>Tarwe<\/em><\/li>    <li><em>Sorghum<\/em><\/li>    <li><em>Sojabonen<\/em><\/li>    <li><em>Rijst<\/em><\/li> <\/ul> <\/div> <\/div>    <h2 class=\"wp-block-heading\">De structuur van een ma\u00efsdorser<\/h2>   <div class=\"wp-block-image\"> <figure class=\"aligncenter size-full\"><img loading=\"lazy\" decoding=\"async\" width=\"720\" height=\"540\" src=\"http:\/\/maizemachine.com\/wp-content\/uploads\/2022\/08\/corn-shellers-structure.webp\" alt=\"ma\u00efsschilmachines structuur\" class=\"wp-image-106\" title=\"\" srcset=\"https:\/\/maizemachine.com\/wp-content\/uploads\/2022\/08\/corn-shellers-structure.webp 720w, https:\/\/maizemachine.com\/wp-content\/uploads\/2022\/08\/corn-shellers-structure-300x225.webp 300w\" sizes=\"auto, (max-width: 720px) 100vw, 720px\" \/><figcaption class=\"wp-element-caption\">ma\u00efsschilmachines structuur<\/figcaption><\/figure> <\/div>   <div class=\"wp-block-columns is-layout-flex wp-container-core-columns-is-layout-9d6595d7 wp-block-columns-is-layout-flex\"> <div class=\"wp-block-column is-layout-flow wp-block-column-is-layout-flow\"> <details class=\"wp-block-details is-layout-flow wp-block-details-is-layout-flow\"><summary>Het dorsapparaat<\/summary> <p>Het kernonderdeel van de machine dat korrels van de kolf scheidt.<\/p> <\/details> <\/div>    <div class=\"wp-block-column is-layout-flow wp-block-column-is-layout-flow\"> <details class=\"wp-block-details is-layout-flow wp-block-details-is-layout-flow\"><summary>Aandrijfunit<\/summary> <p>Opties omvatten elektromotor, benzinemotor of dieselmotor, die vermogen voor de werking levert.<\/p> <\/details> <\/div> <\/div>    <div class=\"wp-block-columns is-layout-flex wp-container-core-columns-is-layout-9d6595d7 wp-block-columns-is-layout-flex\"> <div class=\"wp-block-column is-layout-flow wp-block-column-is-layout-flow\"> <details class=\"wp-block-details is-layout-flow wp-block-details-is-layout-flow\"><summary>Ma\u00efskolfuitgang<\/summary> <p>Het kanaal waar kolven na het dorsen worden uitgestoten.<\/p> <\/details> <\/div>    <div class=\"wp-block-column is-layout-flow wp-block-column-is-layout-flow\"> <details class=\"wp-block-details is-layout-flow wp-block-details-is-layout-flow\"><summary>Materiaalinlaat<\/summary> <p>Het ingangspunt voor het voeren van ma\u00efskolven in de machine.<\/p> <\/details> <\/div> <\/div>    <div class=\"wp-block-columns is-layout-flex wp-container-core-columns-is-layout-9d6595d7 wp-block-columns-is-layout-flex\"> <div class=\"wp-block-column is-layout-flow wp-block-column-is-layout-flow\"> <details class=\"wp-block-details is-layout-flow wp-block-details-is-layout-flow\"><summary>Frame<\/summary> <p>De hoofdondersteuningsstructuur die een stabiele werking waarborgt.<\/p> <\/details> <\/div>    <div class=\"wp-block-column is-layout-flow wp-block-column-is-layout-flow\"> <details class=\"wp-block-details is-layout-flow wp-block-details-is-layout-flow\"><summary>Maiskornuitgang<\/summary> <p>De uitgang waar de korrels na het dorsen worden uitgestoten.<\/p> <\/details> <\/div> <\/div>    <h2 class=\"wp-block-heading\" id=\"h-how-does-maize-sheller-work\">Hoe werkt een ma\u00efsschiller?<\/h2>    <p>Ten eerste moeten we de ma\u00efskolf in de toevoeropening plaatsen. Daarna valt de ma\u00efs automatisch in de dorskamer. <\/p>    <p>Vervolgens zal de trommel in de machine onder invloed van de motor draaien. De ma\u00efs wrijft en roteert tussen de rollen. Zo wordt de scheiding van kolf en korrel gerealiseerd. <\/p>    <p>Tot slot wordt de ma\u00efskolf uit de achterkant van de ma\u00efsdorser uitgeworpen. Ma\u00efskorrels vallen uit het scherm. Dit is het werkingsproces van de commerci\u00eble ma\u00efsdorsmachine.<\/p>    <figure class=\"wp-block-embed is-type-video is-provider-youtube wp-block-embed-youtube wp-embed-aspect-16-9 wp-has-aspect-ratio\"><div class=\"wp-block-embed__wrapper\"> <iframe loading=\"lazy\" title=\"Ma\u00efsdorsmachine | Hoe werkt de ma\u00efsdorsmachine?\" width=\"500\" height=\"281\" src=\"https:\/\/www.youtube.com\/embed\/ZbyQcR_vREk?feature=oembed\" frameborder=\"0\" allow=\"accelerometer; autoplay; clipboard-write; encrypted-media; gyroscope; picture-in-picture; web-share\" referrerpolicy=\"strict-origin-when-cross-origin\" allowfullscreen><\/iframe> <\/div><\/figure>    <h2 class=\"wp-block-heading\" id=\"h-maize-thresher-specifications\">Specificaties van ma\u00efsdorsers<\/h2>    <figure class=\"wp-block-table\"><table><tbody><tr><td>Model<\/td><td>SL-B2<\/td><\/tr><tr><td>Vermogen<\/td><td>2.2kw motor, benzinemotor en dieselmotor<\/td><\/tr><tr><td>Capaciteit<\/td><td>3-4t\/u<\/td><\/tr><tr><td>Gewicht<\/td><td>71kg<\/td><\/tr><tr><td>Grootte<\/td><td>1080*6500*1300mm<\/td><\/tr><\/tbody><\/table><\/figure>   <div class=\"wp-block-image\"> <figure class=\"aligncenter size-full\"><img loading=\"lazy\" decoding=\"async\" width=\"720\" height=\"540\" src=\"http:\/\/maizemachine.com\/wp-content\/uploads\/2022\/08\/threshing-effect.webp\" alt=\"dors effect\" class=\"wp-image-110\" title=\"\" srcset=\"https:\/\/maizemachine.com\/wp-content\/uploads\/2022\/08\/threshing-effect.webp 720w, https:\/\/maizemachine.com\/wp-content\/uploads\/2022\/08\/threshing-effect-300x225.webp 300w\" sizes=\"auto, (max-width: 720px) 100vw, 720px\" \/><figcaption class=\"wp-element-caption\">dors effect<\/figcaption><\/figure> <\/div>   <h2 class=\"wp-block-heading\">Voordelen van de ma\u00efsdorser<\/h2>    <p class=\"translation-block\"><strong>Hoge effici\u00ebntie<\/strong><\/p>    <ul class=\"wp-block-list\"> <li>Capaciteit: 3\u20134 ton per uur, 20\u201330 keer effici\u00ebnter dan handmatig dorsen.<\/li> <\/ul>    <p class=\"translation-block\"><strong>Brede toepasbaarheid<\/strong><\/p>    <ul class=\"wp-block-list\"> <li>Kan verse en droge ma\u00efs verwerken; sommige modellen kunnen ook tarwe, gierst en andere gewassen dorsen.<\/li> <\/ul>    <p class=\"translation-block\"><strong>Gemakkelijke bediening<\/strong><\/p>    <ul class=\"wp-block-list\"> <li>Gewicht: 71\u202fkg; Afmetingen: 1080\u00d7650\u00d71300\u202fmm. Compacte structuur en gemakkelijk te verplaatsen.<\/li> <\/ul>    <p class=\"translation-block\"><strong>Meerdere stroomopties<\/strong><\/p>    <p>Ondersteunt elektromotor, benzinemotor en dieselmotor, waardoor het voor boeren gemakkelijk te bedienen is.<\/p>    <p class=\"translation-block\"><strong>Tijd- en arbeidsbesparend<\/strong><\/p>    <ul class=\"wp-block-list\"> <li>3\u20134 ton per uur kan het werk van ongeveer 10\u201315 personen vervangen, waardoor de arbeidsdruk tijdens de oogst wordt verminderd.<\/li> <\/ul>    <p class=\"translation-block\"><strong>Laag korrelbeschadiging<\/strong><\/p>    <ul class=\"wp-block-list\"> <li>Geoptimaliseerd ontwerp van de dors trommel houdt korrelbeschadiging onder 3%.<\/li> <\/ul>    <p class=\"translation-block\"><strong>Sterke reinigingscapaciteit<\/strong><\/p>    <ul class=\"wp-block-list\"> <li>Voorzien van een ventilator, korrels zijn schoon zonder extra zeven. Ma\u00efskolven blijven intact voor voer of ander gebruik.<\/li> <\/ul>   <div class=\"wp-block-image\"> <figure class=\"aligncenter size-full\"><img loading=\"lazy\" decoding=\"async\" width=\"720\" height=\"540\" src=\"https:\/\/maizemachine.com\/wp-content\/uploads\/2022\/08\/working-picture.webp\" alt=\"Ma\u00efsdorser dors snel\" class=\"wp-image-111\" title=\"\" srcset=\"https:\/\/maizemachine.com\/wp-content\/uploads\/2022\/08\/working-picture.webp 720w, https:\/\/maizemachine.com\/wp-content\/uploads\/2022\/08\/working-picture-300x225.webp 300w\" sizes=\"auto, (max-width: 720px) 100vw, 720px\" \/><figcaption class=\"wp-element-caption\">Ma\u00efsdorser dors snel<\/figcaption><\/figure> <\/div>   <h2 class=\"wp-block-heading\" id=\"h-how-much-is-maize-sheller\">Hoeveel kost een ma\u00efsschiller?<\/h2>    <p>De prijs van een ma\u00efsdorser wordt door meerdere factoren be\u00efnvloed, niet slechts \u00e9\u00e9n. De belangrijkste factoren zijn:<\/p>    <ul class=\"wp-block-list\"> <li>Capaciteit: hoe hoger de uurproductie, hoe groter de machine en hoe hoger de kosten.<\/li>    <li>Type aandrijving: verschillende stroomopties\u2014elektromotor, benzinemotor of dieselmotor\u2014be\u00efnvloeden de kosten; dieselmodellen zijn meestal duurder dan elektrische.<\/li>    <li>Multifunctionaliteit: machines die meerdere gewassen kunnen verwerken of aangepaste sieven vereisen, kosten iets meer vanwege hogere maatwerkbehoeften.<\/li>    <li>Maatwerk &amp; aanvullende diensten: aangepaste spanning, grootte, kleur of extra accessoires verhogen de apparatuurkosten.<\/li> <\/ul>    <p>Als u de nieuwste prijs van de machine wilt weten, neem dan gerust contact met ons op. Ons verkoopteam neemt snel contact op en geeft u een gedetailleerde offerte.<\/p>   <div class=\"wp-block-image\"> <figure class=\"aligncenter size-full\"><img loading=\"lazy\" decoding=\"async\" width=\"720\" height=\"540\" src=\"http:\/\/maizemachine.com\/wp-content\/uploads\/2022\/08\/picture-of-machine-packing.webp\" alt=\"foto van machineverpakking\" class=\"wp-image-108\" title=\"\" srcset=\"https:\/\/maizemachine.com\/wp-content\/uploads\/2022\/08\/picture-of-machine-packing.webp 720w, https:\/\/maizemachine.com\/wp-content\/uploads\/2022\/08\/picture-of-machine-packing-300x225.webp 300w\" sizes=\"auto, (max-width: 720px) 100vw, 720px\" \/><figcaption class=\"wp-element-caption\">foto van machineverpakking<\/figcaption><\/figure> <\/div>   <h2 class=\"wp-block-heading\" id=\"h-where-to-buy-maize-sheller\">Waar ma\u00efsschillers te koop?<\/h2>    <p class=\"translation-block\">Taizy ma\u00efsmachinesfabriek is een <a href=\"https:\/\/maizemachine.com\/nl\/\">professionele fabrikant van ma\u00efsapparatuur<\/a>. Wij verkopen verschillende soorten ma\u00efslandbouwmachines, zoals <a href=\"https:\/\/maizemachine.com\/nl\/product\/maize-grits-milling-machine\/\">ma\u00efskorrelmolen<\/a>, <a href=\"https:\/\/maizemachine.com\/nl\/product\/corn-mill-grinder\/\">ma\u00efsmolen<\/a> en <a href=\"https:\/\/maizemachine.com\/nl\/product\/maize-planter\/\">ma\u00efsplanter<\/a>. Bovendien bieden wij klanten goede pre-sales en after-sales services. Veel klanten zijn onze vaste klanten geworden. Daarom, als u op zoek bent naar een ma\u00efsdorser, neem dan gerust contact met ons op.<\/p>   <div class=\"wp-block-image\"> <figure class=\"aligncenter size-full\"><img loading=\"lazy\" decoding=\"async\" width=\"720\" height=\"540\" src=\"https:\/\/maizemachine.com\/wp-content\/uploads\/2025\/08\/Our-customer.webp\" alt=\"Onze klant\" class=\"wp-image-577\" title=\"\" srcset=\"https:\/\/maizemachine.com\/wp-content\/uploads\/2025\/08\/Our-customer.webp 720w, https:\/\/maizemachine.com\/wp-content\/uploads\/2025\/08\/Our-customer-300x225.webp 300w, https:\/\/maizemachine.com\/wp-content\/uploads\/2025\/08\/Our-customer-16x12.webp 16w\" sizes=\"auto, (max-width: 720px) 100vw, 720px\" \/><figcaption class=\"wp-element-caption\">Onze klant<\/figcaption><\/figure> <\/div>   <h2 class=\"wp-block-heading\">V&amp;A<\/h2>   <div id=\"rank-math-faq\" class=\"rank-math-block\"> <div class=\"rank-math-list\"> <div id=\"faq-question-1757398121523\" class=\"rank-math-list-item\"> <h3 class=\"rank-math-question\">Waarom is het dorsen niet schoon?<\/h3> <div class=\"rank-math-answer\">  <p>Dit kan worden veroorzaakt door onvoldoende trommelsnelheid of versleten tanden. Controleer het motorvermogen of vervang de tandplaat.<\/p>  <\/div> <\/div> <div id=\"faq-question-1757398186712\" class=\"rank-math-list-item\"> <h3 class=\"rank-math-question\">Waarom is het schadepercentage van de kernel zo hoog?<\/h3> <div class=\"rank-math-answer\">  <p>Meestal veroorzaakt door te hoge trommelsnelheid of te droge ma\u00efskolven. Pas de snelheid aan of bevochtig de kolven iets.<\/p>  <\/div> <\/div> <div id=\"faq-question-1757398204641\" class=\"rank-math-list-item\"> <h3 class=\"rank-math-question\">Waarom raakt de machine vast?<\/h3> <div class=\"rank-math-answer\">  <p>Mogelijk omdat er te veel kolven tegelijk worden gevoerd of omdat vuil de machine blokkeert. Maak de dorskamer schoon en controleer de voedingshoeveelheid.<\/p>  <\/div> <\/div> <div id=\"faq-question-1757398218490\" class=\"rank-math-list-item\"> <h3 class=\"rank-math-question\">Kunt u uw kwaliteit garanderen?<\/h3> <div class=\"rank-math-answer\">  <p>Natuurlijk. Wij zijn de fabrikant. Nog belangrijker, wij hechten veel waarde aan onze reputatie.\u00a0<br \/>De beste kwaliteit is altijd ons principe. U kunt volledig op onze productie vertrouwen.\u00a0<\/p>  <\/div> <\/div> <div id=\"faq-question-1757398291146\" class=\"rank-math-list-item\"> <h3 class=\"rank-math-question\">Accepteert uw bedrijf maatwerk?<\/h3> <div class=\"rank-math-answer\">  <p>We hebben een uitstekend ontwerpteam,en we kunnen OEM accepteren.<\/p>  <\/div> <\/div> <div id=\"faq-question-1757398804821\" class=\"rank-math-list-item\"> <h3 class=\"rank-math-question\">Hoe is uw service?<\/h3> <div class=\"rank-math-answer\">  <p>24-uurs online service om elk probleem op te lossen. Uw tevredenheid is onze drijfveer. Wij hopen oprecht op onze samenwerking.<\/p>  <\/div> <\/div> <div id=\"faq-question-1757398834468\" class=\"rank-math-list-item\"> <h3 class=\"rank-math-question\">Hoe zit het met de verzendmethoden?<\/h3> <div class=\"rank-math-answer\">  <p>Voor dringende bestellingen en lichte zendingen kunt u kiezen voor express: FEDEX, TNT, DHL of EMS; voor zware zendingen kunt u kiezen voor luchtvracht of zeevracht om kosten te besparen.<\/p>  <\/div> <\/div> <div id=\"faq-question-1757398858587\" class=\"rank-math-list-item\"> <h3 class=\"rank-math-question\">Hoe kan ik naar uw fabriek komen?<\/h3> <div class=\"rank-math-answer\">  <p>We bevinden ons in No.1394 East Hanghai Road, Economic-technological Development Area, Zhengzhou, China. En we kunnen gratis en attente ontvangst voor u verzorgen.<\/p>  <\/div> <\/div> <\/div> <\/div>   <p><\/p>","protected":false},"excerpt":{"rendered":"<p>A maize sheller is an agricultural machine designed to separate kernels from the cob. It achieves a kernel integrity rate of over 98% and a damage rate of less than 3%, making it widely used on large farms. This corn thresher has a capacity of 3\u20134 tons\/h It is compact, easy to move, and supports [&hellip;]<\/p>\n","protected":false},"author":1,"featured_media":187,"parent":0,"template":"","tags":[14],"product-type":[9],"class_list":["post-102","product","type-product","status-publish","has-post-thumbnail","hentry","tag-corn-sheller","product-type-corn-sheller-machine"],"_links":{"self":[{"href":"https:\/\/maizemachine.com\/nl\/wp-json\/wp\/v2\/product\/102","targetHints":{"allow":["GET"]}}],"collection":[{"href":"https:\/\/maizemachine.com\/nl\/wp-json\/wp\/v2\/product"}],"about":[{"href":"https:\/\/maizemachine.com\/nl\/wp-json\/wp\/v2\/types\/product"}],"author":[{"embeddable":true,"href":"https:\/\/maizemachine.com\/nl\/wp-json\/wp\/v2\/users\/1"}],"wp:featuredmedia":[{"embeddable":true,"href":"https:\/\/maizemachine.com\/nl\/wp-json\/wp\/v2\/media\/187"}],"wp:attachment":[{"href":"https:\/\/maizemachine.com\/nl\/wp-json\/wp\/v2\/media?parent=102"}],"wp:term":[{"taxonomy":"post_tag","embeddable":true,"href":"https:\/\/maizemachine.com\/nl\/wp-json\/wp\/v2\/tags?post=102"},{"taxonomy":"product-type","embeddable":true,"href":"https:\/\/maizemachine.com\/nl\/wp-json\/wp\/v2\/product-type?post=102"}],"curies":[{"name":"wp","href":"https:\/\/api.w.org\/{rel}","templated":true}]}}