{"id":13,"date":"2022-08-17T03:36:51","date_gmt":"2022-08-17T03:36:51","guid":{"rendered":"http:\/\/maizemachine.com\/?page_id=13"},"modified":"2026-04-13T13:32:29","modified_gmt":"2026-04-13T05:32:29","slug":"about","status":"publish","type":"page","link":"https:\/\/maizemachine.com\/nl\/about\/","title":{"rendered":"Over Ons"},"content":{"rendered":"<h2 class=\"wp-block-heading\">Wie wij zijn<\/h2>    <p class=\"translation-block\"><strong><a href=\"https:\/\/maizemachine.com\/nl\/\">Taizy Corn Machinery<\/a><\/strong> is een toonaangevende fabrikant en exporteur van ma\u00efsverwerkingsapparatuur, toegewijd aan het bieden van hoogwaardige landbouwmachines aan boeren en bedrijven wereldwijd. Met meer dan 20 jaar ervaring in de industrie, hebben wij ons gevestigd als een betrouwbare partner voor ma\u00efs oogst-, dors-, maal-, droog- en verpakkingsapparatuur.<\/p>   <div class=\"wp-block-image\"> <figure class=\"aligncenter size-full\"><img loading=\"lazy\" decoding=\"async\" width=\"720\" height=\"540\" src=\"https:\/\/maizemachine.com\/wp-content\/uploads\/2026\/04\/taizy-factory.webp\" alt=\"taizy-fabriek\" class=\"wp-image-934\" title=\"\" srcset=\"https:\/\/maizemachine.com\/wp-content\/uploads\/2026\/04\/taizy-factory.webp 720w, https:\/\/maizemachine.com\/wp-content\/uploads\/2026\/04\/taizy-factory-300x225.webp 300w, https:\/\/maizemachine.com\/wp-content\/uploads\/2026\/04\/taizy-factory-16x12.webp 16w\" sizes=\"auto, (max-width: 720px) 100vw, 720px\" \/><figcaption class=\"wp-element-caption\">taizy-fabriek<\/figcaption><\/figure> <\/div>   <p class=\"translation-block\">Ons uitgebreide productportfolio omvat <strong><a href=\"https:\/\/maizemachine.com\/nl\/products\/corn-harvester\/\">ma\u00efs oogstmachines<\/a><\/strong>, <strong><a href=\"https:\/\/maizemachine.com\/nl\/products\/corn-sheller-machine\/\">ma\u00efs dorsers<\/a><\/strong>, ma\u00efsvermaalmachines, <strong><a href=\"https:\/\/maizemachine.com\/nl\/products\/corn-planter\/\">ma\u00efs zaaimachines<\/a><\/strong>, ma\u00efs drogers, ma\u00efs verpakkingsmachines en ma\u00efsstengelverwerkingsapparatuur. Elke machine is met precisie ontworpen om te voldoen aan de diverse behoeften van de moderne landbouw.<\/p>    <figure class=\"wp-block-gallery has-nested-images columns-default is-cropped wp-block-gallery-2 is-layout-flex wp-block-gallery-is-layout-flex\"> <figure class=\"wp-block-image size-large\"><img loading=\"lazy\" decoding=\"async\" width=\"720\" height=\"540\" data-id=\"941\" src=\"https:\/\/maizemachine.com\/wp-content\/uploads\/2026\/04\/Corn-Planter-Factory-Photos.webp\" alt=\"Foto&#039;s van Ma\u00efs Zaaimachine Fabriek\" class=\"wp-image-941\" title=\"\" srcset=\"https:\/\/maizemachine.com\/wp-content\/uploads\/2026\/04\/Corn-Planter-Factory-Photos.webp 720w, https:\/\/maizemachine.com\/wp-content\/uploads\/2026\/04\/Corn-Planter-Factory-Photos-300x225.webp 300w, https:\/\/maizemachine.com\/wp-content\/uploads\/2026\/04\/Corn-Planter-Factory-Photos-16x12.webp 16w\" sizes=\"auto, (max-width: 720px) 100vw, 720px\" \/><figcaption class=\"wp-element-caption\">Foto's van Ma\u00efs Zaaimachine Fabriek<\/figcaption><\/figure>    <figure class=\"wp-block-image size-large\"><img loading=\"lazy\" decoding=\"async\" width=\"720\" height=\"540\" data-id=\"942\" src=\"https:\/\/maizemachine.com\/wp-content\/uploads\/2026\/04\/Corn-Thresher-Factory-Photos.webp\" alt=\"Foto&#039;s van Ma\u00efs Dorsfabriek\" class=\"wp-image-942\" title=\"\" srcset=\"https:\/\/maizemachine.com\/wp-content\/uploads\/2026\/04\/Corn-Thresher-Factory-Photos.webp 720w, https:\/\/maizemachine.com\/wp-content\/uploads\/2026\/04\/Corn-Thresher-Factory-Photos-300x225.webp 300w, https:\/\/maizemachine.com\/wp-content\/uploads\/2026\/04\/Corn-Thresher-Factory-Photos-16x12.webp 16w\" sizes=\"auto, (max-width: 720px) 100vw, 720px\" \/><figcaption class=\"wp-element-caption\">Foto's van Ma\u00efs Dorsfabriek<\/figcaption><\/figure>    <figure class=\"wp-block-image size-large\"><img loading=\"lazy\" decoding=\"async\" width=\"720\" height=\"540\" data-id=\"940\" src=\"https:\/\/maizemachine.com\/wp-content\/uploads\/2026\/04\/Corn-Grits-Machine-Factory-Photos.webp\" alt=\"Foto&#039;s van Ma\u00efs Grits Machine Fabriek\" class=\"wp-image-940\" title=\"\" srcset=\"https:\/\/maizemachine.com\/wp-content\/uploads\/2026\/04\/Corn-Grits-Machine-Factory-Photos.webp 720w, https:\/\/maizemachine.com\/wp-content\/uploads\/2026\/04\/Corn-Grits-Machine-Factory-Photos-300x225.webp 300w, https:\/\/maizemachine.com\/wp-content\/uploads\/2026\/04\/Corn-Grits-Machine-Factory-Photos-16x12.webp 16w\" sizes=\"auto, (max-width: 720px) 100vw, 720px\" \/><figcaption class=\"wp-element-caption\">Foto's van Ma\u00efs Grits Machine Fabriek<\/figcaption><\/figure> <\/figure>    <h2 class=\"wp-block-heading\">Onze Missie<\/h2>    <p>Om boeren en landbouwbedrijven wereldwijd te versterken door betrouwbare, effici\u00ebnte en betaalbare ma\u00efsverwerkingsmachines te bieden die de productiviteit verhogen en arbeidskosten verlagen.<\/p>    <h2 class=\"wp-block-heading\">Onze Visie<\/h2>    <p>Om 's werelds meest vertrouwde merk te worden in ma\u00efsverwerkingsapparatuur, erkend om kwaliteit, innovatie en uitzonderlijke klantenservice.<\/p>    <h2 class=\"wp-block-heading\">Waarom Taizy kiezen?<\/h2>    <h3 class=\"wp-block-heading\">20  Jaar Ervaring in de Industrie<\/h3>    <p>Sinds onze oprichting hebben wij uitgebreide expertise opgebouwd in de productie van landbouwmachines. Onze ervaring stelt ons in staat om de behoeften van klanten te begrijpen en oplossingen te bieden die echt werken.<\/p>    <h3 class=\"wp-block-heading\">Wereldwijde Markt Aanwezigheid<\/h3>    <p>We hebben onze machines succesvol ge\u00ebxporteerd naar meer dan 100 landen en regio's, waaronder:<\/p>    <ul class=\"wp-block-list\"> <li>Afrika: Ghana, Zuid-Afrika, Kenia, Zambia, Tanzania, Mozambique, Marokko, Kaapverdi\u00eb<\/li>    <li>Azi\u00eb: Pakistan, Filipijnen, Indonesi\u00eb, Vietnam, Singapore<\/li>    <li>Amerika: VS, Mexico, Brazili\u00eb<\/li> <\/ul>   <div class=\"wp-block-image\"> <figure class=\"aligncenter size-full\"><img loading=\"lazy\" decoding=\"async\" width=\"720\" height=\"540\" src=\"https:\/\/maizemachine.com\/wp-content\/uploads\/2026\/04\/Client-Visit.webp\" alt=\"Bezoek Klant\" class=\"wp-image-943\" title=\"\" srcset=\"https:\/\/maizemachine.com\/wp-content\/uploads\/2026\/04\/Client-Visit.webp 720w, https:\/\/maizemachine.com\/wp-content\/uploads\/2026\/04\/Client-Visit-300x225.webp 300w, https:\/\/maizemachine.com\/wp-content\/uploads\/2026\/04\/Client-Visit-16x12.webp 16w\" sizes=\"auto, (max-width: 720px) 100vw, 720px\" \/><figcaption class=\"wp-element-caption\">Bezoek Klant<\/figcaption><\/figure> <\/div>   <h3 class=\"wp-block-heading\">Kwaliteitscertificeringen<\/h3>    <p>Al onze producten voldoen aan internationale kwaliteitsnormen en zijn gecertificeerd met:<\/p>    <ul class=\"wp-block-list\"> <li>ISO-certificering<\/li>    <li>CE-certificering<\/li>    <li>SGS-certificering<\/li> <\/ul>   <div class=\"wp-block-image\"> <figure class=\"aligncenter size-full\"><img loading=\"lazy\" decoding=\"async\" width=\"720\" height=\"540\" src=\"https:\/\/maizemachine.com\/wp-content\/uploads\/2023\/07\/Certificates.webp\" alt=\"Certificaten\" class=\"wp-image-683\" title=\"\" srcset=\"https:\/\/maizemachine.com\/wp-content\/uploads\/2023\/07\/Certificates.webp 720w, https:\/\/maizemachine.com\/wp-content\/uploads\/2023\/07\/Certificates-300x225.webp 300w, https:\/\/maizemachine.com\/wp-content\/uploads\/2023\/07\/Certificates-16x12.webp 16w\" sizes=\"auto, (max-width: 720px) 100vw, 720px\" \/><figcaption class=\"wp-element-caption\">Certificaten<\/figcaption><\/figure> <\/div>   <h3 class=\"wp-block-heading\">Uitgebreid productassortiment<\/h3>    <p>Wij bieden complete oplossingen voor ma\u00efsverwerking:<\/p>    <ul class=\"wp-block-list\"> <li><strong><a href=\"https:\/\/maizemachine.com\/nl\/products\/corn-harvester\/\">Ma\u00efs Oogstmachines<\/a><\/strong> \u2013 Van enkelrijige tot meerrijige oogstmachines<\/li>    <li><strong><a href=\"https:\/\/maizemachine.com\/nl\/products\/corn-sheller-machine\/\">Ma\u00efs Dorsers<\/a><\/strong> \u2013 Van kleine tot grootschalige dorsmachines<\/li>    <li>Ma\u00efsmaalmachines \u2013 Grits maken en meelmalen apparatuur<\/li>    <li>Ma\u00efsplanters \u2013 Handmatige en tractor gemonteerde zaaimachines<\/li>    <li>Ma\u00efsdrogers \u2013 Effici\u00ebnte droogoplossingen<\/li>    <li>Ma\u00efsverpakkingsmachines \u2013 Vacu\u00fcm- en meelverpakkingsapparatuur<\/li>    <li>Ma\u00efsstalkverwerking \u2013 Silage- en shredders<\/li> <\/ul>    <figure class=\"wp-block-gallery has-nested-images columns-default is-cropped wp-block-gallery-3 is-layout-flex wp-block-gallery-is-layout-flex\"> <figure class=\"wp-block-image size-large\"><img loading=\"lazy\" decoding=\"async\" width=\"720\" height=\"540\" data-id=\"767\" src=\"https:\/\/maizemachine.com\/wp-content\/uploads\/2022\/08\/IMG_6451.webp\" alt=\"Beste Ma\u00efsplanter Modellen in 2025-2026\" class=\"wp-image-767\" title=\"\" srcset=\"https:\/\/maizemachine.com\/wp-content\/uploads\/2022\/08\/IMG_6451.webp 720w, https:\/\/maizemachine.com\/wp-content\/uploads\/2022\/08\/IMG_6451-300x225.webp 300w, https:\/\/maizemachine.com\/wp-content\/uploads\/2022\/08\/IMG_6451-16x12.webp 16w\" sizes=\"auto, (max-width: 720px) 100vw, 720px\" \/><figcaption class=\"wp-element-caption\">Beste Ma\u00efsplanter Modellen in 2025-2026<\/figcaption><\/figure>    <figure class=\"wp-block-image size-large\"><img loading=\"lazy\" decoding=\"async\" width=\"720\" height=\"540\" data-id=\"111\" src=\"https:\/\/maizemachine.com\/wp-content\/uploads\/2022\/08\/working-picture.webp\" alt=\"Ma\u00efsdorser dors snel\" class=\"wp-image-111\" title=\"\" srcset=\"https:\/\/maizemachine.com\/wp-content\/uploads\/2022\/08\/working-picture.webp 720w, https:\/\/maizemachine.com\/wp-content\/uploads\/2022\/08\/working-picture-300x225.webp 300w\" sizes=\"auto, (max-width: 720px) 100vw, 720px\" \/><figcaption class=\"wp-element-caption\">Ma\u00efsdorser dors snel<\/figcaption><\/figure>    <figure class=\"wp-block-image size-large\"><img loading=\"lazy\" decoding=\"async\" width=\"720\" height=\"540\" data-id=\"283\" src=\"https:\/\/maizemachine.com\/wp-content\/uploads\/2023\/03\/our-stock.webp\" alt=\"onze voorraad\" class=\"wp-image-283\" title=\"\" srcset=\"https:\/\/maizemachine.com\/wp-content\/uploads\/2023\/03\/our-stock.webp 720w, https:\/\/maizemachine.com\/wp-content\/uploads\/2023\/03\/our-stock-300x225.webp 300w\" sizes=\"auto, (max-width: 720px) 100vw, 720px\" \/><figcaption class=\"wp-element-caption\">Onze Voorraad<\/figcaption><\/figure>    <figure class=\"wp-block-image size-large\"><img loading=\"lazy\" decoding=\"async\" width=\"720\" height=\"540\" data-id=\"506\" src=\"https:\/\/maizemachine.com\/wp-content\/uploads\/2022\/08\/Small-1-Row-Corn-Harvester.webp\" alt=\"Kleine 1 Rij Ma\u00efs Oogstmachine\" class=\"wp-image-506\" title=\"\" srcset=\"https:\/\/maizemachine.com\/wp-content\/uploads\/2022\/08\/Small-1-Row-Corn-Harvester.webp 720w, https:\/\/maizemachine.com\/wp-content\/uploads\/2022\/08\/Small-1-Row-Corn-Harvester-300x225.webp 300w, https:\/\/maizemachine.com\/wp-content\/uploads\/2022\/08\/Small-1-Row-Corn-Harvester-16x12.webp 16w\" sizes=\"auto, (max-width: 720px) 100vw, 720px\" \/><figcaption class=\"wp-element-caption\">Kleine 1 Rij Ma\u00efs Oogstmachine<\/figcaption><\/figure>    <figure class=\"wp-block-image size-large\"><img loading=\"lazy\" decoding=\"async\" width=\"720\" height=\"540\" data-id=\"586\" src=\"https:\/\/maizemachine.com\/wp-content\/uploads\/2023\/02\/Wheeled-Corn-Silage-Harvester.webp\" alt=\"Wielige Ma\u00efskuilvoer Oogstmachine\" class=\"wp-image-586\" title=\"\" srcset=\"https:\/\/maizemachine.com\/wp-content\/uploads\/2023\/02\/Wheeled-Corn-Silage-Harvester.webp 720w, https:\/\/maizemachine.com\/wp-content\/uploads\/2023\/02\/Wheeled-Corn-Silage-Harvester-300x225.webp 300w, https:\/\/maizemachine.com\/wp-content\/uploads\/2023\/02\/Wheeled-Corn-Silage-Harvester-16x12.webp 16w\" sizes=\"auto, (max-width: 720px) 100vw, 720px\" \/><figcaption class=\"wp-element-caption\">Wielige Ma\u00efskuilvoer Oogstmachine<\/figcaption><\/figure>    <figure class=\"wp-block-image size-large\"><img loading=\"lazy\" decoding=\"async\" width=\"720\" height=\"540\" data-id=\"813\" src=\"https:\/\/maizemachine.com\/wp-content\/uploads\/2025\/12\/Maize-Sheller-Machine.webp\" alt=\"Ma\u00efsontpeller machine\" class=\"wp-image-813\" title=\"\" srcset=\"https:\/\/maizemachine.com\/wp-content\/uploads\/2025\/12\/Maize-Sheller-Machine.webp 720w, https:\/\/maizemachine.com\/wp-content\/uploads\/2025\/12\/Maize-Sheller-Machine-300x225.webp 300w, https:\/\/maizemachine.com\/wp-content\/uploads\/2025\/12\/Maize-Sheller-Machine-16x12.webp 16w\" sizes=\"auto, (max-width: 720px) 100vw, 720px\" \/><figcaption class=\"wp-element-caption\">Ma\u00efsontpeller machine<\/figcaption><\/figure> <\/figure>    <h3 class=\"wp-block-heading\">Klantenservice gericht<\/h3>    <ul class=\"wp-block-list\"> <li>Pre-Sale: Professioneel advies om je te helpen de juiste machine te kiezen<\/li>    <li>Tijdens de verkoop: Transparante prijzen en duidelijke communicatie<\/li>    <li>Na-Verkoop: 1 jaar garantie, levenslange technische ondersteuning en reserveonderdelen<\/li> <\/ul>   <div class=\"wp-block-image\"> <figure class=\"aligncenter size-full\"><img loading=\"lazy\" decoding=\"async\" width=\"1024\" height=\"620\" src=\"https:\/\/maizemachine.com\/wp-content\/uploads\/2022\/08\/people-from-many-countries-have-chosen-us.webp\" alt=\"mensen uit veel landen hebben ons gekozen\" class=\"wp-image-25\" title=\"\" srcset=\"https:\/\/maizemachine.com\/wp-content\/uploads\/2022\/08\/people-from-many-countries-have-chosen-us.webp 1024w, https:\/\/maizemachine.com\/wp-content\/uploads\/2022\/08\/people-from-many-countries-have-chosen-us-300x182.webp 300w, https:\/\/maizemachine.com\/wp-content\/uploads\/2022\/08\/people-from-many-countries-have-chosen-us-768x465.webp 768w\" sizes=\"auto, (max-width: 1024px) 100vw, 1024px\" \/><figcaption class=\"wp-element-caption\">mensen uit veel landen hebben ons gekozen<\/figcaption><\/figure> <\/div>   <h2 class=\"wp-block-heading\">Onze Kernwaarden<\/h2>    <p>Kwaliteit Eerst: We doen nooit concessies aan de productkwaliteit. Elke machine ondergaat strenge tests voordat deze ons bedrijf verlaat.<\/p>    <p>Klantgericht: Jouw succes is ons succes. We luisteren naar je behoeften en bieden op maat gemaakte oplossingen.<\/p>    <p>Innovatiegedreven: We investeren voortdurend in R&amp;D om onze producten te verbeteren en nieuwe technologie\u00ebn te ontwikkelen.<\/p>    <p>Integriteit &amp; Vertrouwen: We bouwen langdurige relaties op gebaseerd op eerlijkheid, transparantie en wederzijds respect.<\/p>   <div class=\"wp-block-image\"> <figure class=\"aligncenter size-full\"><img loading=\"lazy\" decoding=\"async\" width=\"720\" height=\"540\" src=\"https:\/\/maizemachine.com\/wp-content\/uploads\/2025\/08\/Our-customer.webp\" alt=\"Onze klant\" class=\"wp-image-577\" title=\"\" srcset=\"https:\/\/maizemachine.com\/wp-content\/uploads\/2025\/08\/Our-customer.webp 720w, https:\/\/maizemachine.com\/wp-content\/uploads\/2025\/08\/Our-customer-300x225.webp 300w, https:\/\/maizemachine.com\/wp-content\/uploads\/2025\/08\/Our-customer-16x12.webp 16w\" sizes=\"auto, (max-width: 720px) 100vw, 720px\" \/><figcaption class=\"wp-element-caption\">Onze klant<\/figcaption><\/figure> <\/div>   <h2 class=\"wp-block-heading\">Onze Productiekracht<\/h2>    <h3 class=\"wp-block-heading\">Geavanceerde Productiefaciliteiten<\/h3>    <p>Uitgerust met moderne productiefaciliteiten en geautomatiseerde productielijnen om consistente kwaliteit en effici\u00ebnte productie te garanderen.<\/p>    <h3 class=\"wp-block-heading\">Strikte kwaliteitscontrole<\/h3>    <p>Meerdere kwaliteitsinspectiestadia van grondstoffen tot eindproducten.<\/p>    <h3 class=\"wp-block-heading\">Professioneel R&amp;D-team<\/h3>    <p>Ervaren ingenieurs toegewijd aan productinnovatie en verbetering.<\/p>    <h3 class=\"wp-block-heading\">Vakkundig personeel<\/h3>    <p>Opgeleide technici en arbeiders zetten zich in voor vakmanschap en uitmuntendheid.<\/p>    <h2 class=\"wp-block-heading\">Succesverhalen<\/h2>    <p>We hebben duizenden klanten wereldwijd geholpen hun landbouwactiviteiten te verbeteren:<\/p>    <ul class=\"wp-block-list\"> <li>Ghana: Leverde 6-rijige ma\u00efsplanters aan lokale co\u00f6peraties<\/li>    <li>Kenia: Leverde 4-rijige ma\u00efsplanters aan grote boerderijen<\/li>    <li>Verenigde Staten: Vers ge\u00ebxporteerde ma\u00efs dorsmachines naar verwerkingsfaciliteiten<\/li>    <li>Filipijnen: Verzendde ma\u00efsgritsmolens naar voedselproducenten<\/li>    <li>Mexico: Vers ge\u00ebxporteerde ma\u00efs dorsmachines voor commerci\u00eble operaties<\/li> <\/ul>    <figure class=\"wp-block-gallery has-nested-images columns-default is-cropped wp-block-gallery-4 is-layout-flex wp-block-gallery-is-layout-flex\"> <figure class=\"wp-block-image size-large\"><img loading=\"lazy\" decoding=\"async\" width=\"720\" height=\"540\" data-id=\"699\" src=\"https:\/\/maizemachine.com\/wp-content\/uploads\/2025\/10\/Shipping-packaging-diagram.webp\" alt=\"Shipping packaging diagram\" class=\"wp-image-699\" title=\"\" srcset=\"https:\/\/maizemachine.com\/wp-content\/uploads\/2025\/10\/Shipping-packaging-diagram.webp 720w, https:\/\/maizemachine.com\/wp-content\/uploads\/2025\/10\/Shipping-packaging-diagram-300x225.webp 300w, https:\/\/maizemachine.com\/wp-content\/uploads\/2025\/10\/Shipping-packaging-diagram-16x12.webp 16w\" sizes=\"auto, (max-width: 720px) 100vw, 720px\" \/><figcaption class=\"wp-element-caption\">Verzendingsverpakking Diagram<\/figcaption><\/figure>    <figure class=\"wp-block-image size-large\"><img loading=\"lazy\" decoding=\"async\" width=\"720\" height=\"540\" data-id=\"454\" src=\"https:\/\/maizemachine.com\/wp-content\/uploads\/2025\/06\/Workers-are-nailing-the-crates.webp\" alt=\"Werknemers zijn de kratten aan het spijkeren.\" class=\"wp-image-454\" title=\"\" srcset=\"https:\/\/maizemachine.com\/wp-content\/uploads\/2025\/06\/Workers-are-nailing-the-crates.webp 720w, https:\/\/maizemachine.com\/wp-content\/uploads\/2025\/06\/Workers-are-nailing-the-crates-300x225.webp 300w, https:\/\/maizemachine.com\/wp-content\/uploads\/2025\/06\/Workers-are-nailing-the-crates-16x12.webp 16w\" sizes=\"auto, (max-width: 720px) 100vw, 720px\" \/><figcaption class=\"wp-element-caption\">Werknemers zijn de kratten aan het spijkeren.<\/figcaption><\/figure>    <figure class=\"wp-block-image size-large\"><img loading=\"lazy\" decoding=\"async\" width=\"720\" height=\"540\" data-id=\"509\" src=\"https:\/\/maizemachine.com\/wp-content\/uploads\/2022\/08\/Workers-are-packing.webp\" alt=\"Werknemers zijn aan het inpakken\" class=\"wp-image-509\" title=\"\" srcset=\"https:\/\/maizemachine.com\/wp-content\/uploads\/2022\/08\/Workers-are-packing.webp 720w, https:\/\/maizemachine.com\/wp-content\/uploads\/2022\/08\/Workers-are-packing-300x225.webp 300w, https:\/\/maizemachine.com\/wp-content\/uploads\/2022\/08\/Workers-are-packing-16x12.webp 16w\" sizes=\"auto, (max-width: 720px) 100vw, 720px\" \/><figcaption class=\"wp-element-caption\">Werknemers zijn aan het inpakken<\/figcaption><\/figure>    <figure class=\"wp-block-image size-large\"><img loading=\"lazy\" decoding=\"async\" width=\"720\" height=\"540\" data-id=\"279\" src=\"https:\/\/maizemachine.com\/wp-content\/uploads\/2023\/03\/delivery-chart.webp\" alt=\"Ma\u00efsdorsmachine verzonden naar Nigeria\" class=\"wp-image-279\" title=\"\" srcset=\"https:\/\/maizemachine.com\/wp-content\/uploads\/2023\/03\/delivery-chart.webp 720w, https:\/\/maizemachine.com\/wp-content\/uploads\/2023\/03\/delivery-chart-300x225.webp 300w\" sizes=\"auto, (max-width: 720px) 100vw, 720px\" \/><figcaption class=\"wp-element-caption\">Ma\u00efs dorsmachine verzonden naar Nigeria<\/figcaption><\/figure>    <figure class=\"wp-block-image size-large\"><img loading=\"lazy\" decoding=\"async\" width=\"720\" height=\"540\" data-id=\"108\" src=\"https:\/\/maizemachine.com\/wp-content\/uploads\/2022\/08\/picture-of-machine-packing.webp\" alt=\"foto van machineverpakking\" class=\"wp-image-108\" title=\"\" srcset=\"https:\/\/maizemachine.com\/wp-content\/uploads\/2022\/08\/picture-of-machine-packing.webp 720w, https:\/\/maizemachine.com\/wp-content\/uploads\/2022\/08\/picture-of-machine-packing-300x225.webp 300w\" sizes=\"auto, (max-width: 720px) 100vw, 720px\" \/><figcaption class=\"wp-element-caption\">Afbeelding van machineverpakking<\/figcaption><\/figure> <\/figure>    <h2 class=\"wp-block-heading\">Onze Toewijding<\/h2>    <p>Wanneer je voor Taizy kiest, kies je:<\/p>    <ul class=\"wp-block-list\"> <li>Betrouwbare apparatuur die lang meegaat<\/li>    <li>Concurrerende fabrieksprijzen<\/li>    <li>Professionele technische ondersteuning<\/li>    <li>Snelle en veilige wereldwijde verzending<\/li>    <li>Uitgebreide after-sales service<\/li> <\/ul>    <h2 class=\"wp-block-heading\">Neem contact met ons op<\/h2>    <p>Klaar om uw ma\u00efsverwerkingsactiviteiten te upgraden? Neem vandaag nog contact met ons op!<\/p>    <p>We kijken ernaar uit om met je samen te werken voor een productievere toekomst in de landbouw.<\/p>    <div class=\"wp-block-buttons is-layout-flex wp-block-buttons-is-layout-flex\"> <div class=\"wp-block-button\"><a class=\"wp-block-button__link wp-element-button\" href=\"https:\/\/wa.me\/+8619139761487\" target=\"_blank\" rel=\"noopener\">WhatsApp\/WeChat\/Tel:  86 19139761487<\/a><\/div> <\/div>    <p><\/p>    <div class=\"wp-block-buttons is-layout-flex wp-block-buttons-is-layout-flex\"> <div class=\"wp-block-button\"><a class=\"wp-block-button__link wp-element-button\">E-mail: info@maizemachine.com<\/a><\/div> <\/div>    <p><\/p>    <p><\/p>","protected":false},"excerpt":{"rendered":"<p>Who We Are Taizy Corn Machinery is a leading manufacturer and exporter of corn processing equipment, dedicated to providing high-quality agricultural machinery solutions to farmers and businesses worldwide. With over 20 years of experience in the industry, we have established ourselves as a trusted partner for corn harvesting, threshing, milling, drying, and packaging equipment. Our [&hellip;]<\/p>\n","protected":false},"author":1,"featured_media":0,"parent":0,"menu_order":0,"comment_status":"closed","ping_status":"closed","template":"","meta":{"footnotes":""},"class_list":["post-13","page","type-page","status-publish","hentry"],"_links":{"self":[{"href":"https:\/\/maizemachine.com\/nl\/wp-json\/wp\/v2\/pages\/13","targetHints":{"allow":["GET"]}}],"collection":[{"href":"https:\/\/maizemachine.com\/nl\/wp-json\/wp\/v2\/pages"}],"about":[{"href":"https:\/\/maizemachine.com\/nl\/wp-json\/wp\/v2\/types\/page"}],"author":[{"embeddable":true,"href":"https:\/\/maizemachine.com\/nl\/wp-json\/wp\/v2\/users\/1"}],"replies":[{"embeddable":true,"href":"https:\/\/maizemachine.com\/nl\/wp-json\/wp\/v2\/comments?post=13"}],"version-history":[{"count":12,"href":"https:\/\/maizemachine.com\/nl\/wp-json\/wp\/v2\/pages\/13\/revisions"}],"predecessor-version":[{"id":949,"href":"https:\/\/maizemachine.com\/nl\/wp-json\/wp\/v2\/pages\/13\/revisions\/949"}],"wp:attachment":[{"href":"https:\/\/maizemachine.com\/nl\/wp-json\/wp\/v2\/media?parent=13"}],"curies":[{"name":"wp","href":"https:\/\/api.w.org\/{rel}","templated":true}]}}