{"id":95,"date":"2022-08-24T02:13:52","date_gmt":"2022-08-24T02:13:52","guid":{"rendered":"https:\/\/maizemachine.com\/?post_type=product&#038;p=95"},"modified":"2025-06-20T18:04:57","modified_gmt":"2025-06-20T10:04:57","slug":"2-row-corn-picker","status":"publish","type":"product","link":"https:\/\/maizemachine.com\/it\/product\/2-row-corn-picker\/","title":{"rendered":"Raccoglitore di mais a 2 file | Mietitrebbia di mais a 2 file"},"content":{"rendered":"<p class=\"translation-block\">Il raccoglitore di mais a 2 file \u00e8 una macchina che raccoglie due file di mais contemporaneamente. Appartiene all'equipaggiamento per la raccolta del mais a pi\u00f9 file. Abbiamo anche un <a href=\"https:\/\/maizemachine.com\/it\/product\/one-row-corn-picker\/\">raccoglitore di mais a fila singola<\/a>, un raccoglitore di mais a 3 file e un raccoglitore di mais a 4 file tra cui scegliere.<\/p>    <p> Rispetto a un raccoglitore di mais a 1 fila, il raccoglitore a 2 file ha un grande volume e un'alta efficienza lavorativa. Inoltre, la macchina \u00e8 dotata di una cabina per consentire alle persone di operare la macchina. Pertanto, questa macchina pu\u00f2 facilmente raccogliere pi\u00f9 file di mais in un tempo molto breve.<\/p>   <div class=\"wp-block-image\"> <figure class=\"aligncenter size-full\"><img loading=\"lazy\" decoding=\"async\" width=\"720\" height=\"540\" src=\"http:\/\/maizemachine.com\/wp-content\/uploads\/2022\/08\/two-row-corn-harvester.webp\" alt=\"raccolta di mais a due file\" class=\"wp-image-101\" title=\"\" srcset=\"https:\/\/maizemachine.com\/wp-content\/uploads\/2022\/08\/two-row-corn-harvester.webp 720w, https:\/\/maizemachine.com\/wp-content\/uploads\/2022\/08\/two-row-corn-harvester-300x225.webp 300w\" sizes=\"auto, (max-width: 720px) 100vw, 720px\" \/><figcaption class=\"wp-element-caption\">raccolta di mais a due file<\/figcaption><\/figure> <\/div>   <h2 class=\"wp-block-heading\" id=\"h-advantages-of-2-row-corn-picker\">Vantaggi del raccoglitore di mais a 2 file di Shuliy<\/h2>    <ol class=\"wp-block-list\"> <li>Il nostro raccoglitore di mais adotta una tecnologia di trasmissione meccanica e idraulica di prima classe. \u00c8 facile da controllare e operare.<\/li>    <li>Allo stesso tempo, il raccoglitore di mais a 2 file \u00e8 integrato con raccolta, trasporto, sbucciatura e triturazione della paglia. Questo pu\u00f2 soddisfare una variet\u00e0 di esigenze.<\/li>    <li>Il tasso di perdita di mais durante la raccolta \u00e8 inferiore al 3%.<\/li>    <li>La cabina equipaggiata con la macchina consente alle persone di operare la macchina.<\/li>    <li>8 rulli in gomma a spirale possono facilmente rimuovere la buccia del mais. Questo evita il fastidio della sbucciatura.<\/li>    <li>Inoltre, gli agricoltori non devono pagare soldi extra per acquistare sbucciatori di mais.<\/li>    <li>Il nostro raccoglitore di mais \u00e8 multifunzionale, pu\u00f2 raccogliere il mais e triturare i fusti per restituirli al campo.<\/li>    <li>Questa macchina ha una forte adattabilit\u00e0 ed \u00e8 adatta per terreni complessi e condizioni stradali difficili.<\/li>    <li>\u00c8 anche altamente efficiente: un operatore esperto pu\u00f2 raccogliere pi\u00f9 di 10 mu (circa 1,6 acri) al giorno.<\/li> <\/ol>   <div class=\"wp-block-image\"> <figure class=\"aligncenter size-full\"><img loading=\"lazy\" decoding=\"async\" width=\"720\" height=\"540\" src=\"http:\/\/maizemachine.com\/wp-content\/uploads\/2022\/08\/2-row-corn-harvester.webp\" alt=\"raccolta di mais a 2 file\" class=\"wp-image-97\" title=\"\" srcset=\"https:\/\/maizemachine.com\/wp-content\/uploads\/2022\/08\/2-row-corn-harvester.webp 720w, https:\/\/maizemachine.com\/wp-content\/uploads\/2022\/08\/2-row-corn-harvester-300x225.webp 300w\" sizes=\"auto, (max-width: 720px) 100vw, 720px\" \/><figcaption class=\"wp-element-caption\">raccolta di mais a 2 file<\/figcaption><\/figure> <\/div>   <h2 class=\"wp-block-heading\">Applicazioni del raccoglitore di mais a 2 file<\/h2>    <ul class=\"wp-block-list\"> <li>Ampie pianure agricole<\/li>    <li>Terreni collinari o inclinati<\/li>    <li>Terreni irregolari o piccoli appezzamenti<\/li>    <li>Campi con suolo morbido o umido<\/li>    <li>Aree rurali remote con accesso stradale stretto o difficile.<\/li>    <li>Aree di serre o bordi di campi stretti dove non possono entrare macchine grandi.<\/li> <\/ul>    <figure class=\"wp-block-image size-full\"><img loading=\"lazy\" decoding=\"async\" width=\"720\" height=\"540\" src=\"https:\/\/maizemachine.com\/wp-content\/uploads\/2022\/08\/Application-of-the-2-Row-corn-picker.webp\" alt=\"Applicazione del raccoglitore di mais a 2 file\" class=\"wp-image-443\" title=\"\" srcset=\"https:\/\/maizemachine.com\/wp-content\/uploads\/2022\/08\/Application-of-the-2-Row-corn-picker.webp 720w, https:\/\/maizemachine.com\/wp-content\/uploads\/2022\/08\/Application-of-the-2-Row-corn-picker-300x225.webp 300w, https:\/\/maizemachine.com\/wp-content\/uploads\/2022\/08\/Application-of-the-2-Row-corn-picker-16x12.webp 16w\" sizes=\"auto, (max-width: 720px) 100vw, 720px\" \/><figcaption class=\"wp-element-caption\">Applicazione del raccoglitore di mais a 2 file<\/figcaption><\/figure>    <h2 class=\"wp-block-heading\">Struttura principale e aspetto del raccoglitore di mais a 2 file<\/h2>    <p>I principali componenti della mietitrebbia per mais a 2 file includono il pulsante di arresto, l'acceleratore, la frizione di avanzamento, le leve di regolazione della direzione e dell'altezza, il serbatoio del carburante, la leva del cambio, la frizione di raccolta e il serbatoio di raccolta.<\/p>    <figure class=\"wp-block-image size-full\"><img loading=\"lazy\" decoding=\"async\" width=\"720\" height=\"540\" src=\"https:\/\/maizemachine.com\/wp-content\/uploads\/2022\/08\/Various-views-of-a-2-row-corn-harvester.webp\" alt=\"Varie viste di una mietitrebbia di mais a 2 file\" class=\"wp-image-446\" title=\"\" srcset=\"https:\/\/maizemachine.com\/wp-content\/uploads\/2022\/08\/Various-views-of-a-2-row-corn-harvester.webp 720w, https:\/\/maizemachine.com\/wp-content\/uploads\/2022\/08\/Various-views-of-a-2-row-corn-harvester-300x225.webp 300w, https:\/\/maizemachine.com\/wp-content\/uploads\/2022\/08\/Various-views-of-a-2-row-corn-harvester-16x12.webp 16w\" sizes=\"auto, (max-width: 720px) 100vw, 720px\" \/><figcaption class=\"wp-element-caption\">Varie viste di un raccoglitore di mais a 2 file<\/figcaption><\/figure>    <h2 class=\"wp-block-heading\">Come utilizzare il raccoglitore di mais a 2 file<\/h2>    <p class=\"translation-block\"><strong>Avvia il motore \u2192 Cammina e raccogli \u2192 Spegni<\/strong><\/p>    <h3 class=\"wp-block-heading\">Avvio del motore<\/h3>    <ul class=\"wp-block-list\"> <li>Aggiungi benzina (si consiglia 90 ottani o superiore).<\/li>    <li>Apri la valvola del carburante e avvia la valvola dell'aria.<\/li>    <li>Tira la maniglia di avviamento per avviare il motore.<\/li>    <li>Una volta che il motore \u00e8 stabile, chiudere lentamente il flap dell'aria.<\/li> <\/ul>    <h3 class=\"wp-block-heading\">Camminare e raccogliere<\/h3>    <ul class=\"wp-block-list\"> <li>Regola le maniglie di direzione e altezza.<\/li>    <li>Utilizzare insieme la frizione di camminata e la frizione di raccolta.<\/li>    <li>Quando le pannocchie di mais sono piene, rilasciarle usando la maniglia di controllo.<\/li>    <li>Sollevare la ruota motrice durante la svolta per ridurre la resistenza.<\/li> <\/ul>    <h3 class=\"wp-block-heading\">Spegnimento<\/h3>    <ul class=\"wp-block-list\"> <li>Abbassare l'acceleratore \u2192 disinnestare la frizione \u2192 premere il pulsante di arresto.<\/li> <\/ul>    <h2 class=\"wp-block-heading\" id=\"h-parameters-of-2-row-corn-picker\">Parametri della raccoglitrice di mais a 2 file<\/h2>    <figure class=\"wp-block-table\"><table><tbody><tr><td>Modello<\/td><td>CH-2<\/td><\/tr><tr><td>Cilindro<\/td><td>4<\/td><\/tr><tr><td>Dimensione<\/td><td>4850*1450*2600mm<\/td><\/tr><tr><td>Peso<\/td><td>2650<\/td><\/tr><tr><td>Fila<\/td><td>2<\/td><\/tr><tr><td>Larghezza di Taglio<\/td><td>1135mm<\/td><\/tr><tr><td>Distanza tra le file<\/td><td>420-890mm<\/td><\/tr><tr><td>Altezza Massima di Taglio<\/td><td>2120mm<\/td><\/tr><tr><td>Distanza Minima da Terra<\/td><td>150mm<\/td><\/tr><tr><td>Velocit\u00e0 di Lavoro<\/td><td>2.2-5.0km\/h<\/td><\/tr><tr><td>Capacit\u00e0<\/td><td>0,15-0,3h\u33a1\/h<\/td><\/tr><tr><td>Consumo di carburante<\/td><td>Meno di 25kg\/h \u33a1<\/td><\/tr><tr><td>Rullo di sbucciatura<\/td><td>Rullo di gomma a spirale<\/td><\/tr><tr><td>Dispositivo di sbucciatura<\/td><td>Rullo di sbucciatura da 8<\/td><\/tr><tr><td>Distanza dell'albero<\/td><td>2300mm<\/td><\/tr><tr><td>Larghezza della paglia che ritorna al campo<\/td><td>930mm<\/td><\/tr><tr><td>Distanza delle ruote<\/td><td>Ruota anteriore (1200mm)<br>Ruota Posteriore (1300mm)<\/td><\/tr><\/tbody><\/table><\/figure>    <figure class=\"wp-block-gallery has-nested-images columns-default is-cropped wp-block-gallery-2 is-layout-flex wp-block-gallery-is-layout-flex\"> <figure class=\"wp-block-image size-large\"><img loading=\"lazy\" decoding=\"async\" width=\"720\" height=\"540\" data-id=\"444\" src=\"https:\/\/maizemachine.com\/wp-content\/uploads\/2022\/08\/2-row-corn-harvester-with-cab.webp\" alt=\"Raccoglitore di mais a 2 file con cabina\" class=\"wp-image-444\" title=\"\" srcset=\"https:\/\/maizemachine.com\/wp-content\/uploads\/2022\/08\/2-row-corn-harvester-with-cab.webp 720w, https:\/\/maizemachine.com\/wp-content\/uploads\/2022\/08\/2-row-corn-harvester-with-cab-300x225.webp 300w, https:\/\/maizemachine.com\/wp-content\/uploads\/2022\/08\/2-row-corn-harvester-with-cab-16x12.webp 16w\" sizes=\"auto, (max-width: 720px) 100vw, 720px\" \/><figcaption class=\"wp-element-caption\">Raccoglitore di Mais a 2 File con Cabina<\/figcaption><\/figure>    <figure class=\"wp-block-image size-large\"><img loading=\"lazy\" decoding=\"async\" width=\"720\" height=\"540\" data-id=\"445\" src=\"https:\/\/maizemachine.com\/wp-content\/uploads\/2022\/08\/2-row-corn-harvester-without-cab.webp\" alt=\"raccolta di mais a 2 file senza cabina\" class=\"wp-image-445\" title=\"\" srcset=\"https:\/\/maizemachine.com\/wp-content\/uploads\/2022\/08\/2-row-corn-harvester-without-cab.webp 720w, https:\/\/maizemachine.com\/wp-content\/uploads\/2022\/08\/2-row-corn-harvester-without-cab-300x225.webp 300w, https:\/\/maizemachine.com\/wp-content\/uploads\/2022\/08\/2-row-corn-harvester-without-cab-16x12.webp 16w\" sizes=\"auto, (max-width: 720px) 100vw, 720px\" \/><figcaption class=\"wp-element-caption\">Raccoglitore di Mais a 2 File Senza Cabina<\/figcaption><\/figure> <\/figure>    <h2 class=\"wp-block-heading\" id=\"h-maintenance-of-corn-harvester\">Manutenzione e riparazione della mietitrebbia per mais<\/h2>    <p>La manutenzione della mietitrebbia per mais a 2 file \u00e8 un progetto di routine e importante. Comprende principalmente due fasi: prima dell'operazione e dopo l'operazione. <\/p>    <p>La manutenzione prima dell'operazione serve principalmente a garantire che i macchinari siano in buone condizioni di funzionamento. Il lavoro di una mietitrebbia per mais ha una certa fase. Le macchine di solito lavorano in autunno. Quando il raccolto di mais \u00e8 completato, entrano in stato di inattivit\u00e0. Pertanto, \u00e8 necessario effettuare un controllo dopo l'operazione.<\/p>    <ul class=\"wp-block-list\"> <li>Operare secondo le istruzioni prima dell'operazione. Controllare se l'acqua di raffreddamento, il carburante, <a href=\"https:\/\/en.wikipedia.org\/wiki\/Lubrication\" target=\"_blank\" rel=\"noopener\">lubrificante<\/a> olio e i componenti sono collegati normalmente.<\/li>    <li>Ristrutturare e pulire il filtro dell'aria. Controllare se le parti dell'attrezzatura sono sicure. Controllare frequentemente le parti allentate. Risolvere tempestivamente i problemi riscontrati.<\/li>    <li>Dopo l'operazione, controllare se ci sono erbacce, sedimenti e sporcizia sulla macchina. Pulire in tempo se necessario.<\/li>    <li>Controlla se ci sono danni all'interno della macchina.<\/li>    <li>Controlla se il nastro trasportatore \u00e8 allentato.<\/li>    <li>Dopo aver completato i passaggi sopra, \u00e8 necessario riempire l'olio nel tagliatore per garantire che l'attrezzatura sia in condizioni normali.<\/li> <\/ul>   <div class=\"wp-block-image\"> <figure class=\"aligncenter size-full\"><img loading=\"lazy\" decoding=\"async\" width=\"720\" height=\"540\" src=\"http:\/\/maizemachine.com\/wp-content\/uploads\/2022\/08\/2-row-maize-harvester-in-factory.webp\" alt=\"Mietitrebbia di mais a 2 file in fabbrica\" class=\"wp-image-99\" title=\"\" srcset=\"https:\/\/maizemachine.com\/wp-content\/uploads\/2022\/08\/2-row-maize-harvester-in-factory.webp 720w, https:\/\/maizemachine.com\/wp-content\/uploads\/2022\/08\/2-row-maize-harvester-in-factory-300x225.webp 300w\" sizes=\"auto, (max-width: 720px) 100vw, 720px\" \/><figcaption class=\"wp-element-caption\">Raccoglitore di mais a 2 file in fabbrica.<\/figcaption><\/figure> <\/div>   <h3 class=\"wp-block-heading\">Manutenzione regolare<\/h3>    <ul class=\"wp-block-list\"> <li>Manutenzione di livello 1: ogni 150 ore.<\/li>    <li>Manutenzione di livello 2: ogni 800 ore.<\/li>    <li>Revisione Maggiore: Ogni 1500\u20132000 ore<\/li>    <li>Se si conserva per un lungo periodo, pulire la macchina, cambiare l'olio, applicare un trattamento antiruggine e mantenerla asciutta.<\/li>    <li>Per una macchina nuova o dopo riparazioni importanti, \u00e8 necessario un corretto rodaggio prima dell'uso regolare.<\/li> <\/ul>    <h2 class=\"wp-block-heading\" id=\"h-2-row-corn-picker-for-sale\">Raccoglitrice di mais a 2 file in vendita<\/h2>    <p>Il raccoglitore di mais a due file \u00e8 un modello popolare nell'attrezzatura per la raccolta del mais. Abbiamo anche raccoglitori di mais a due file di alta qualit\u00e0 in vendita. Inoltre, vendiamo anche raccoglitori di mais a una fila. <\/p>    <p class=\"translation-block\">Come produttore professionale di attrezzature per la lavorazione del mais, abbiamo anche una macchina per la macinazione del mais, un seminatore di mais e una <a href=\"https:\/\/maizemachine.com\/it\/product\/corn-mill-grinder\/\">macchina per la macinazione della farina di mais<\/a>. Inoltre, queste macchine sono state esportate in molti paesi. Pertanto, abbiamo una grande esperienza nella produzione e nell'esportazione di macchinari. Se sei interessato a questo raccoglitore di mais a due file, non esitare a contattarci.<\/p>    <h2 class=\"wp-block-heading\">Video della mietitrebbia per mais a 2 file<\/h2>    <figure class=\"wp-block-embed is-type-video is-provider-youtube wp-block-embed-youtube wp-embed-aspect-16-9 wp-has-aspect-ratio\"><div class=\"wp-block-embed__wrapper\"> <iframe loading=\"lazy\" title=\"Raccoglitore di mais a 2 file | Raccoglitore di mais a basso prezzo\" width=\"500\" height=\"281\" src=\"https:\/\/www.youtube.com\/embed\/pkEAzDVLqJM?feature=oembed\" frameborder=\"0\" allow=\"accelerometer; autoplay; clipboard-write; encrypted-media; gyroscope; picture-in-picture; web-share\" referrerpolicy=\"strict-origin-when-cross-origin\" allowfullscreen><\/iframe> <\/div><\/figure>    <h2 class=\"wp-block-heading\">Risoluzione dei problemi per la raccolta di mais a 2 file<\/h2>    <h3 class=\"wp-block-heading\">Blocco del rullo di raccolta delle pannocchie<\/h3>    <p class=\"translation-block\">Le cause possibili includono troppi rovi nel campo, un ampio intervallo tra le lame di taglio dell'erba, un piccolo intervallo tra i rulli di raccolta delle pannocchie, una velocit\u00e0 di guida inadeguata o problemi con la catena di guida del raccolto.<br><strong>Soluzioni:<\/strong> Ridurre la velocit\u00e0 di guida, regolare l'intervallo delle lame, regolare l'intervallo dei rulli, cambiare il rapporto di lavoro, riparare la catena di guida del raccolto e regolare la molla.<\/p>    <h3 class=\"wp-block-heading\">Surriscaldamento dell'albero principale del trinciatore<\/h3>    <p class=\"translation-block\">Le cause possibili includono mancanza di olio o guasto dell'olio, una cinghia a V troppo tesa o cuscinetti danneggiati.<br><strong>Soluzioni:<\/strong> Aggiungere olio, regolare la tensione della cinghia a V o sostituire i cuscinetti o la cinghia a V.<\/p>    <h3 class=\"wp-block-heading\">Catena dell'ascensore che non si muove<\/h3>    <p class=\"translation-block\">Le cause possibili includono la catena che si stacca, alberi danneggiati o ostruzione da detriti all'interno dell'ascensore.<br><strong>Soluzioni:<\/strong> Regolare o sostituire la catena o i pezzi e rimuovere i detriti dall'interno dell'ascensore.<\/p>    <h3 class=\"wp-block-heading\">Scarsa qualit\u00e0 di trinciatura della paglia<\/h3>    <p class=\"translation-block\">Le cause possibili includono un'intervallo di fila inadeguato, una cinghia di trasmissione allentata o scivolosa, un'elevata velocit\u00e0 di guida, terreno irregolare o lame del martello gravemente usurate.<br><strong>Soluzioni:<\/strong> Regolare la guida per migliorare l'intervallo di fila, stringere la cinghia per aumentare l'attrito e ridurre la velocit\u00e0 per prevenire l'usura delle lame del martello.<\/p>    <h3 class=\"wp-block-heading\">Rumore insolito dal cambio<\/h3>    <p class=\"translation-block\">Le cause possibili includono un gioco errato degli ingranaggi, ingranaggi o cuscinetti danneggiati, o mancanza di lubrificazione.<br><strong>Soluzioni:<\/strong> Regolare il gioco degli ingranaggi nell'intervallo corretto, sostituire i pezzi danneggiati e aggiungere olio per la lubrificazione.<\/p>    <p>Per ulteriori domande sulla mietitrebbia per mais a 2 file, non esitare a contattarci. Offriamo consulenze gratuite sui prodotti.<\/p>","protected":false},"excerpt":{"rendered":"<p>The 2 row corn picker is a machine that harvests two rows of corn at the same time. It belongs to multi row corn harvesting equipment. We also have a single-row maize harvester, 3 row corn picker, and 4 row corn harvester for you to choose from. Compared with 1 row corn picker, the two [&hellip;]<\/p>\n","protected":false},"author":1,"featured_media":98,"parent":0,"template":"","tags":[12],"product-type":[8],"class_list":["post-95","product","type-product","status-publish","has-post-thumbnail","hentry","tag-corn-harvester","product-type-corn-harvester"],"_links":{"self":[{"href":"https:\/\/maizemachine.com\/it\/wp-json\/wp\/v2\/product\/95","targetHints":{"allow":["GET"]}}],"collection":[{"href":"https:\/\/maizemachine.com\/it\/wp-json\/wp\/v2\/product"}],"about":[{"href":"https:\/\/maizemachine.com\/it\/wp-json\/wp\/v2\/types\/product"}],"author":[{"embeddable":true,"href":"https:\/\/maizemachine.com\/it\/wp-json\/wp\/v2\/users\/1"}],"wp:featuredmedia":[{"embeddable":true,"href":"https:\/\/maizemachine.com\/it\/wp-json\/wp\/v2\/media\/98"}],"wp:attachment":[{"href":"https:\/\/maizemachine.com\/it\/wp-json\/wp\/v2\/media?parent=95"}],"wp:term":[{"taxonomy":"post_tag","embeddable":true,"href":"https:\/\/maizemachine.com\/it\/wp-json\/wp\/v2\/tags?post=95"},{"taxonomy":"product-type","embeddable":true,"href":"https:\/\/maizemachine.com\/it\/wp-json\/wp\/v2\/product-type?post=95"}],"curies":[{"name":"wp","href":"https:\/\/api.w.org\/{rel}","templated":true}]}}