{"id":86,"date":"2022-08-24T01:46:15","date_gmt":"2022-08-24T01:46:15","guid":{"rendered":"https:\/\/maizemachine.com\/?post_type=product&#038;p=86"},"modified":"2026-02-10T17:55:03","modified_gmt":"2026-02-10T09:55:03","slug":"one-row-corn-picker","status":"publish","type":"product","link":"https:\/\/maizemachine.com\/it\/product\/one-row-corn-picker\/","title":{"rendered":"Raccoglitore di Mais a Una Riga"},"content":{"rendered":"<p class=\"translation-block\">Il <strong><mark class=\"has-inline-color has-luminous-vivid-amber-color\"> raccoglitore di mais a una fila <\/mark><\/strong> \u00e8 una macchina compatta e flessibile, progettata per campi piccoli e medi, zone collinari e aziende agricole familiari. Pu\u00f2 <strong><mark class=\"has-inline-color has-luminous-vivid-amber-color\"> raccogliere il mais, schiacciare e restituire le piante al campo, e raccogliere le pannocchie di mais<\/mark><\/strong> tutto in un passaggio, migliorando notevolmente l'efficienza rispetto alla raccolta manuale. \u00c8 una scelta ideale per gli agricoltori che cercano una raccolta di mais meccanizzata.<\/p>    <figure class=\"wp-block-embed is-type-video is-provider-youtube wp-block-embed-youtube wp-embed-aspect-16-9 wp-has-aspect-ratio\"><div class=\"wp-block-embed__wrapper\"> <iframe loading=\"lazy\" title=\"Una piccola mietitrebbia per mais adatta a piccole aziende agricole, terreni collinari e aziende agricole a conduzione familiare.\" width=\"500\" height=\"281\" src=\"https:\/\/www.youtube.com\/embed\/WwK4wuOOnIQ?feature=oembed\" frameborder=\"0\" allow=\"accelerometer; autoplay; clipboard-write; encrypted-media; gyroscope; picture-in-picture; web-share\" referrerpolicy=\"strict-origin-when-cross-origin\" allowfullscreen><\/iframe> <\/div><\/figure>    <p class=\"translation-block\">Offriamo due modelli: <mark class=\"has-inline-color has-luminous-vivid-amber-color\"><strong>TZ-125<\/strong><\/mark> e<mark class=\"has-inline-color has-luminous-vivid-amber-color\"> <strong>TZ-265<\/strong><\/mark>, equipaggiati rispettivamente con motore a benzina e motore diesel raffreddato ad aria, con una capacit\u00e0 di lavoro di<strong><mark class=\"has-inline-color has-luminous-vivid-amber-color\"> 0,03\u20130,06 <\/mark><\/strong> ettari all'ora.<\/p>    <p class=\"translation-block\">Questo tipo di raccoglitrice di mais a una fila \u00e8 popolare tra i clienti in molti paesi, tra cui <strong><em>Brasile, Tanzania, Messico, Indonesia e Vietnam, ecc.<\/em><\/strong><\/p>   <div class=\"wp-block-image\"> <figure class=\"aligncenter size-full\"><img loading=\"lazy\" decoding=\"async\" width=\"720\" height=\"540\" src=\"http:\/\/maizemachine.com\/wp-content\/uploads\/2022\/08\/maize-harvester-for-sale.webp\" alt=\"trattore per mais in vendita\" class=\"wp-image-91\" title=\"\" srcset=\"https:\/\/maizemachine.com\/wp-content\/uploads\/2022\/08\/maize-harvester-for-sale.webp 720w, https:\/\/maizemachine.com\/wp-content\/uploads\/2022\/08\/maize-harvester-for-sale-300x225.webp 300w\" sizes=\"auto, (max-width: 720px) 100vw, 720px\" \/><figcaption class=\"wp-element-caption\">trattore per mais in vendita<\/figcaption><\/figure> <\/div>   <h2 class=\"wp-block-heading\" id=\"h-what-are-the-characteristics-of-single-row-corn-harvester\">Quali sono le caratteristiche del raccoglitore di mais a una fila?<\/h2>    <div class=\"wp-block-columns is-layout-flex wp-container-core-columns-is-layout-9d6595d7 wp-block-columns-is-layout-flex\"> <div class=\"wp-block-column is-layout-flow wp-block-column-is-layout-flow\"> <h3 class=\"wp-block-heading\">Design compatto, dimensioni ridotte<\/h3>    <ul class=\"wp-block-list\"> <li>Con una dimensione della macchina di soli <strong><em>1820\u00d7800\u00d71190mm<\/em><\/strong>, \u00e8 ideale per campi stretti, creste irregolari e piccoli appezzamenti.<\/li>    <li>Facile da manovrare in spazi ristretti, specialmente in regioni collinari o montuose dove macchine pi\u00f9 grandi non possono operare.<\/li> <\/ul> <\/div>    <div class=\"wp-block-column is-layout-flow wp-block-column-is-layout-flow\"> <h3 class=\"wp-block-heading\">Multifunzione, alta automazione<\/h3>    <ul class=\"wp-block-list\"> <li>Pu\u00f2 contemporaneamente raccogliere il mais, schiacciare e restituire le piante al campo, e raccogliere le pannocchie in un solo passaggio.<\/li>    <li>Riduce significativamente i costi di manodopera e migliora l'efficienza complessiva della raccolta: non \u00e8 necessario un secondo sbucciamento manuale.<\/li> <\/ul> <\/div> <\/div>    <div class=\"wp-block-columns is-layout-flex wp-container-core-columns-is-layout-9d6595d7 wp-block-columns-is-layout-flex\"> <div class=\"wp-block-column is-layout-flow wp-block-column-is-layout-flow\"> <h3 class=\"wp-block-heading\">Sistema di taglio efficiente con 10 lame<\/h3>    <ul class=\"wp-block-list\"> <li>Dotato di <strong><em>10 <\/em><\/strong>Lame durevoli e ad alta velocit\u00e0 che possono gestire diverse densit\u00e0 di mais.<\/li>    <li>Garantisce un taglio pulito con perdite minime o steli mancanti, migliorando la produttivit\u00e0 e la qualit\u00e0 del prodotto.<\/li> <\/ul> <\/div>    <div class=\"wp-block-column is-layout-flow wp-block-column-is-layout-flow\"> <h3 class=\"wp-block-heading\">Basso consumo di carburante, efficiente dal punto di vista energetico<\/h3>    <ul class=\"wp-block-list\"> <li>Il consumo di carburante \u00e8 <strong><em>\u226410 kg<\/em><\/strong> per ora per ettaro, grazie al suo design leggero ed efficiente.<\/li> <\/ul>    <ul class=\"wp-block-list\"> <li>Ideale per piccole aziende agricole o utenti singoli che cercano di risparmiare sui costi del carburante mantenendo alta produttivit\u00e0.<\/li> <\/ul> <\/div> <\/div>   <div class=\"wp-block-image\"> <figure class=\"aligncenter size-full\"><img loading=\"lazy\" decoding=\"async\" width=\"720\" height=\"540\" src=\"https:\/\/maizemachine.com\/wp-content\/uploads\/2022\/08\/Small-1-Row-Corn-Harvester.webp\" alt=\"Piccola mietitrebbia per mais a 1 fila\" class=\"wp-image-506\" title=\"\" srcset=\"https:\/\/maizemachine.com\/wp-content\/uploads\/2022\/08\/Small-1-Row-Corn-Harvester.webp 720w, https:\/\/maizemachine.com\/wp-content\/uploads\/2022\/08\/Small-1-Row-Corn-Harvester-300x225.webp 300w, https:\/\/maizemachine.com\/wp-content\/uploads\/2022\/08\/Small-1-Row-Corn-Harvester-16x12.webp 16w\" sizes=\"auto, (max-width: 720px) 100vw, 720px\" \/><figcaption class=\"wp-element-caption\">Piccola mietitrebbia per mais a 1 fila<\/figcaption><\/figure> <\/div>   <div class=\"wp-block-columns is-layout-flex wp-container-core-columns-is-layout-9d6595d7 wp-block-columns-is-layout-flex\"> <div class=\"wp-block-column is-layout-flow wp-block-column-is-layout-flow\"> <h3 class=\"wp-block-heading\">Adattabile a terreni complessi<\/h3>    <ul class=\"wp-block-list\"> <li>Con un peso totale di soli<strong><em> 265 kg <\/em><\/strong>e un baricentro basso, la macchina rimane stabile anche su terreni irregolari.<\/li>    <li>Perfetto per l'uso in campi montuosi o inclinati dove i raccoglitori su larga scala non sono adatti.<\/li> <\/ul> <\/div>    <div class=\"wp-block-column is-layout-flow wp-block-column-is-layout-flow\"> <h3 class=\"wp-block-heading\">Facile da Operare \u2013 Operazione da Parte di una Singola Persona<\/h3>    <ul class=\"wp-block-list\"> <li>Controlli semplici e intuitivi; manico regolabile per il comfort dell'operatore.<\/li>    <li>Nessuna formazione speciale richiesta: adatto anche per agricoltori pi\u00f9 anziani o operatrici.<\/li> <\/ul> <\/div> <\/div>    <div class=\"wp-block-columns is-layout-flex wp-container-core-columns-is-layout-9d6595d7 wp-block-columns-is-layout-flex\"> <div class=\"wp-block-column is-layout-flow wp-block-column-is-layout-flow\"> <h3 class=\"wp-block-heading\">Facile Manutenzione, Basso Tasso di Guasto<\/h3>    <ul class=\"wp-block-list\"> <li>Una semplice struttura meccanica rende <strong><em>la pulizia<\/em><\/strong> e manutenzione facile, principalmente controllando le cinghie, oliando le parti e pulendo le lame.<\/li>    <li>Bassi costi di manutenzione e lunga durata, garantendo affidabilit\u00e0 sul campo.<\/li> <\/ul> <\/div>    <div class=\"wp-block-column is-layout-flow wp-block-column-is-layout-flow\"> <h3 class=\"wp-block-heading\">Opzioni di Abbinamento Flessibili<\/h3>    <ul class=\"wp-block-list\"> <li>Pu\u00f2 essere trainato da un piccolo trattore o modificato per funzionamento autonomo con un motore.<\/li>    <li>Adattabile a varie dimensioni di aziende agricole e configurazioni di potenza in base alle esigenze dell'utente.<\/li> <\/ul> <\/div> <\/div>   <div class=\"wp-block-image\"> <figure class=\"aligncenter size-full\"><img loading=\"lazy\" decoding=\"async\" width=\"720\" height=\"540\" src=\"http:\/\/maizemachine.com\/wp-content\/uploads\/2022\/08\/one-row-corn-picker.webp\" alt=\"raccoglitrice di mais a una fila\" class=\"wp-image-93\" title=\"\" srcset=\"https:\/\/maizemachine.com\/wp-content\/uploads\/2022\/08\/one-row-corn-picker.webp 720w, https:\/\/maizemachine.com\/wp-content\/uploads\/2022\/08\/one-row-corn-picker-300x225.webp 300w\" sizes=\"auto, (max-width: 720px) 100vw, 720px\" \/><figcaption class=\"wp-element-caption\">raccoglitrice di mais a una fila<\/figcaption><\/figure> <\/div>   <h2 class=\"wp-block-heading\" id=\"h-structure-of-one-row-corn-picker\">Struttura del raccoglitore di mais a una fila<\/h2>    <p>La struttura della mietitrebbia per mais a fila singola \u00e8 compatta. \u00c8 principalmente composta da un telaio, un serbatoio, un motore, una ruota, un manico regolabile in altezza, una frizione di avanzamento, un rullo e un dispositivo di frantumazione.<\/p>   <div class=\"wp-block-image\"> <figure class=\"aligncenter size-full\"><img loading=\"lazy\" decoding=\"async\" width=\"720\" height=\"540\" src=\"http:\/\/maizemachine.com\/wp-content\/uploads\/2022\/08\/small-corn-harvester.webp\" alt=\"la struttura di un piccolo raccoglitore di mais\" class=\"wp-image-94\" title=\"\" srcset=\"https:\/\/maizemachine.com\/wp-content\/uploads\/2022\/08\/small-corn-harvester.webp 720w, https:\/\/maizemachine.com\/wp-content\/uploads\/2022\/08\/small-corn-harvester-300x225.webp 300w\" sizes=\"auto, (max-width: 720px) 100vw, 720px\" \/><figcaption class=\"wp-element-caption\">La struttura di un piccolo raccoglitore di mais<\/figcaption><\/figure> <\/div>   <h2 class=\"wp-block-heading\" id=\"h-parameters-of-corn-harvester\">Parametri della mietitrebbia per mais<\/h2>    <h3 class=\"wp-block-heading has-text-align-center\">TZ-265<\/h3>    <figure class=\"wp-block-table\"><table><tbody><tr><td>Modello<\/td><td>TZ-265<\/td><\/tr><tr><td>Dimensione<\/td><td>1820*800*1190mm<\/td><\/tr><tr><td>Peso<\/td><td>265kg<\/td><\/tr><tr><td>Velocit\u00e0 di Lavoro<\/td><td>0,75-1,44km\/h<\/td><\/tr><tr><td>Consumo di carburante dell'area di lavoro dell'unit\u00e0<\/td><td>\u226410kg\/hm\u00b2<\/td><\/tr><tr><td>Ore di produttivit\u00e0<\/td><td>0,03-0,06 ettari\/h<\/td><\/tr><tr><td>Numero di lame<\/td><td>10<\/td><\/tr><tr><td>Potenza<\/td><td>motore diesel raffreddato ad aria<\/td><\/tr><tr><td>Altezza dei residui<\/td><td>8-15 cm (regolabile)<\/td><\/tr><tr><td>Tasso di schiacciamento<\/td><td>&gt;98%<\/td><\/tr><\/tbody><\/table><\/figure>   <div class=\"wp-block-image\"> <figure class=\"aligncenter size-full\"><img loading=\"lazy\" decoding=\"async\" width=\"720\" height=\"540\" src=\"https:\/\/maizemachine.com\/wp-content\/uploads\/2026\/02\/Small-Corn-Harvester-with-Diesel-Engine.webp\" alt=\"Piccolo mietitore di mais con motore diesel\" class=\"wp-image-855\" title=\"\" srcset=\"https:\/\/maizemachine.com\/wp-content\/uploads\/2026\/02\/Small-Corn-Harvester-with-Diesel-Engine.webp 720w, https:\/\/maizemachine.com\/wp-content\/uploads\/2026\/02\/Small-Corn-Harvester-with-Diesel-Engine-300x225.webp 300w, https:\/\/maizemachine.com\/wp-content\/uploads\/2026\/02\/Small-Corn-Harvester-with-Diesel-Engine-16x12.webp 16w\" sizes=\"auto, (max-width: 720px) 100vw, 720px\" \/><figcaption class=\"wp-element-caption\">Piccolo mietitore di mais con motore diesel<\/figcaption><\/figure> <\/div>   <h3 class=\"wp-block-heading has-text-align-center\">TZ-125<\/h3>    <figure class=\"wp-block-table\"><table><tbody><tr><td>Modello<\/td><td>TZ-125<\/td><\/tr><tr><td>Dimensione<\/td><td>1820*800*1190mm<\/td><\/tr><tr><td>Peso<\/td><td>265kg<\/td><\/tr><tr><td>Velocit\u00e0 di Lavoro<\/td><td>0,75-1,44km\/h<\/td><\/tr><tr><td>Consumo di carburante dell'area di lavoro dell'unit\u00e0<\/td><td>\u226410kg\/hm\u00b2<\/td><\/tr><tr><td>Ore di produttivit\u00e0<\/td><td>0.03-0.06 ettari\/h<\/td><\/tr><tr><td>Numero di lame<\/td><td>10<\/td><\/tr><tr><td>Potenza<\/td><td>motore a benzina<\/td><\/tr><tr><td>Altezza dei residui<\/td><td>8-15 cm (regolabile)<\/td><\/tr><tr><td>Tasso di schiacciamento<\/td><td>&gt;98%<\/td><\/tr><\/tbody><\/table><\/figure>   <div class=\"wp-block-image\"> <figure class=\"aligncenter size-full\"><img loading=\"lazy\" decoding=\"async\" width=\"720\" height=\"540\" src=\"https:\/\/maizemachine.com\/wp-content\/uploads\/2026\/02\/Small-Corn-Harvester-with-Gasoline-Engine.webp\" alt=\"Piccolo mietitore di mais con motore a benzina\" class=\"wp-image-856\" title=\"\" srcset=\"https:\/\/maizemachine.com\/wp-content\/uploads\/2026\/02\/Small-Corn-Harvester-with-Gasoline-Engine.webp 720w, https:\/\/maizemachine.com\/wp-content\/uploads\/2026\/02\/Small-Corn-Harvester-with-Gasoline-Engine-300x225.webp 300w, https:\/\/maizemachine.com\/wp-content\/uploads\/2026\/02\/Small-Corn-Harvester-with-Gasoline-Engine-16x12.webp 16w\" sizes=\"auto, (max-width: 720px) 100vw, 720px\" \/><figcaption class=\"wp-element-caption\">Piccolo mietitore di mais con motore a benzina<\/figcaption><\/figure> <\/div>   <p class=\"translation-block\">Le dimensioni di questo piccolo mietitore di mais sono <strong><em>1820 * 800 * 1190 mm<\/em><\/strong>. Il peso \u00e8 <strong><em>265 kg<\/em><\/strong>. La velocit\u00e0 massima di lavoro pu\u00f2 raggiungere <strong><em>1,4 km\/h. <\/em><\/strong>La produttivit\u00e0 oraria \u00e8 <strong><em>0,03-0,06 ettari.<\/em><\/strong> Pertanto, pu\u00f2 soddisfare la maggior parte delle esigenze di lavoro su piccole aree.<\/p>    <h2 class=\"wp-block-heading\" id=\"h-how-does-a-corn-harvester-work\">Come funziona una mietitrebbia per mais?<\/h2>    <p class=\"translation-block\">La raccoglitrice di mais a una fila ha un motore. Pu\u00f2 raccogliere il mais e immagazzinarlo in un cesto. Allo stesso tempo, la paglia di mais viene frantumata. Le ruote sono azionate da un <a href=\"https:\/\/en.wikipedia.org\/wiki\/Propulsion_transmission#Multi-ratio_systems\" target=\"_blank\" rel=\"noopener\">cambio<\/a>. Due ruote di raccolta e un gruppo di lame di frantumazione sono azionati da un altro cambio. Quando la macchina avanza, trasciner\u00e0 la paglia di mais nell'header. Quindi il gruppo lame di rottura romper\u00e0 la paglia di mais.<\/p>    <div class=\"wp-block-columns is-layout-flex wp-container-core-columns-is-layout-9d6595d7 wp-block-columns-is-layout-flex\"> <div class=\"wp-block-column is-layout-flow wp-block-column-is-layout-flow\"> <figure class=\"wp-block-image size-full\"><img loading=\"lazy\" decoding=\"async\" width=\"479\" height=\"359\" src=\"http:\/\/maizemachine.com\/wp-content\/uploads\/2022\/08\/corn-pickers-in-factory.webp\" alt=\"raccoltori di mais in fabbrica\" class=\"wp-image-90\" title=\"\" srcset=\"https:\/\/maizemachine.com\/wp-content\/uploads\/2022\/08\/corn-pickers-in-factory.webp 479w, https:\/\/maizemachine.com\/wp-content\/uploads\/2022\/08\/corn-pickers-in-factory-300x225.webp 300w\" sizes=\"auto, (max-width: 479px) 100vw, 479px\" \/><figcaption class=\"wp-element-caption\">Raccoglitori di mais in fabbrica<\/figcaption><\/figure> <\/div>    <div class=\"wp-block-column is-layout-flow wp-block-column-is-layout-flow\"> <figure class=\"wp-block-image size-full\"><img loading=\"lazy\" decoding=\"async\" width=\"479\" height=\"359\" src=\"http:\/\/maizemachine.com\/wp-content\/uploads\/2022\/08\/corn-picker.webp\" alt=\"raccoglitore di mais\" class=\"wp-image-89\" title=\"\" srcset=\"https:\/\/maizemachine.com\/wp-content\/uploads\/2022\/08\/corn-picker.webp 479w, https:\/\/maizemachine.com\/wp-content\/uploads\/2022\/08\/corn-picker-300x225.webp 300w\" sizes=\"auto, (max-width: 479px) 100vw, 479px\" \/><figcaption class=\"wp-element-caption\">Raccoglitore di mais<\/figcaption><\/figure> <\/div> <\/div>    <h2 class=\"wp-block-heading\">Casi di Consegna di Raccolta di Mais a Singola Riga<\/h2>    <figure class=\"wp-block-gallery has-nested-images columns-default is-cropped wp-block-gallery-2 is-layout-flex wp-block-gallery-is-layout-flex\"> <figure class=\"wp-block-image size-large\"><img loading=\"lazy\" decoding=\"async\" width=\"720\" height=\"540\" data-id=\"509\" src=\"https:\/\/maizemachine.com\/wp-content\/uploads\/2022\/08\/Workers-are-packing.webp\" alt=\"I lavoratori stanno imballando\" class=\"wp-image-509\" title=\"\" srcset=\"https:\/\/maizemachine.com\/wp-content\/uploads\/2022\/08\/Workers-are-packing.webp 720w, https:\/\/maizemachine.com\/wp-content\/uploads\/2022\/08\/Workers-are-packing-300x225.webp 300w, https:\/\/maizemachine.com\/wp-content\/uploads\/2022\/08\/Workers-are-packing-16x12.webp 16w\" sizes=\"auto, (max-width: 720px) 100vw, 720px\" \/><figcaption class=\"wp-element-caption\">I lavoratori stanno imballando<\/figcaption><\/figure>    <figure class=\"wp-block-image size-large\"><img loading=\"lazy\" decoding=\"async\" width=\"720\" height=\"540\" data-id=\"507\" src=\"https:\/\/maizemachine.com\/wp-content\/uploads\/2022\/08\/The-corn-harvester-has-been-packed.webp\" alt=\"Il raccoglitore di mais \u00e8 stato imballato\" class=\"wp-image-507\" title=\"\" srcset=\"https:\/\/maizemachine.com\/wp-content\/uploads\/2022\/08\/The-corn-harvester-has-been-packed.webp 720w, https:\/\/maizemachine.com\/wp-content\/uploads\/2022\/08\/The-corn-harvester-has-been-packed-300x225.webp 300w, https:\/\/maizemachine.com\/wp-content\/uploads\/2022\/08\/The-corn-harvester-has-been-packed-16x12.webp 16w\" sizes=\"auto, (max-width: 720px) 100vw, 720px\" \/><figcaption class=\"wp-element-caption\">Il raccoglitore di mais \u00e8 stato imballato<\/figcaption><\/figure> <\/figure>    <h2 class=\"wp-block-heading\" id=\"h-one-row-corn-picker-for-sale\">Raccoglitore di mais a una fila in vendita<\/h2>    <p class=\"translation-block\">Nella <a href=\"https:\/\/maizemachine.com\/it\/\">fabbrica di macchine per mais Taizy<\/a>, abbiamo un raccoglitore di mais a una fila in vendita. Inoltre, abbiamo molte file di mietitrebbie per mais in vendita. Puoi scegliere in base alle tue esigenze. Se hai altre esigenze particolari, possiamo anche offrirti servizi personalizzati. La cosa pi\u00f9 importante \u00e8 che il prezzo del raccoglitore di mais a una fila \u00e8 accessibile. Quindi \u00e8 conveniente sia usarlo che noleggiarlo.<\/p>    <h2 class=\"wp-block-heading\">Raccomandazioni per Macchine Correlate<\/h2>    <p class=\"translation-block\">Allo stesso tempo, offriamo anche <strong><a href=\"https:\/\/maizemachine.com\/it\/product\/multifunctional-maize-thresher-machine\/\"> mietitrebbiatrici di mais <\/a><\/strong> e <strong><a href=\"https:\/\/maizemachine.com\/it\/product\/corn-grits-making-machine\/\"> macchine per la produzione di granella di mais <\/a><\/strong>. Se sei interessato a ulteriori lavorazioni del mais, non esitare a contattarci per ulteriori dettagli.<\/p>    <figure class=\"wp-block-gallery has-nested-images columns-default is-cropped wp-block-gallery-3 is-layout-flex wp-block-gallery-is-layout-flex\"> <figure class=\"wp-block-image size-large\"><img loading=\"lazy\" decoding=\"async\" width=\"720\" height=\"540\" data-id=\"280\" src=\"https:\/\/maizemachine.com\/wp-content\/uploads\/2023\/03\/maize-thresher-machine.webp\" alt=\"sgranatrice di mais multifunzionale in vendita\" class=\"wp-image-280\" title=\"\" srcset=\"https:\/\/maizemachine.com\/wp-content\/uploads\/2023\/03\/maize-thresher-machine.webp 720w, https:\/\/maizemachine.com\/wp-content\/uploads\/2023\/03\/maize-thresher-machine-300x225.webp 300w\" sizes=\"auto, (max-width: 720px) 100vw, 720px\" \/><figcaption class=\"wp-element-caption\">Sgranatrice di mais multifunzionale in vendita<\/figcaption><\/figure>    <figure class=\"wp-block-image size-large\"><img loading=\"lazy\" decoding=\"async\" width=\"720\" height=\"540\" data-id=\"326\" src=\"https:\/\/maizemachine.com\/wp-content\/uploads\/2023\/08\/corn-grits-machine.webp\" alt=\"macchina per semola di mais\" class=\"wp-image-326\" title=\"\" srcset=\"https:\/\/maizemachine.com\/wp-content\/uploads\/2023\/08\/corn-grits-machine.webp 720w, https:\/\/maizemachine.com\/wp-content\/uploads\/2023\/08\/corn-grits-machine-300x225.webp 300w\" sizes=\"auto, (max-width: 720px) 100vw, 720px\" \/><figcaption class=\"wp-element-caption\">Macchina per semola di mais<\/figcaption><\/figure> <\/figure>    <div class=\"wp-block-columns is-layout-flex wp-container-core-columns-is-layout-9d6595d7 wp-block-columns-is-layout-flex\"> <div class=\"wp-block-column is-layout-flow wp-block-column-is-layout-flow\"> <figure class=\"wp-block-embed is-type-wp-embed is-provider-maize-machine wp-block-embed-maize-machine\"><div class=\"wp-block-embed__wrapper\"> <blockquote class=\"wp-embedded-content\" data-secret=\"PbJBFQpCXI\"><a href=\"https:\/\/maizemachine.com\/it\/product\/multifunctional-maize-thresher-machine\/\">Macchina multifunzionale per la trebbiatura del mais da 2-4 ton\/h in vendita<\/a><\/blockquote><iframe loading=\"lazy\" class=\"wp-embedded-content\" sandbox=\"allow-scripts\" security=\"restricted\" style=\"position: absolute; visibility: hidden;\" title=\"\u201cMacchina mietitrice di mais multifunzione da 2-4 ton\/h in vendita\u201d \u2014 Macchina per mais\" src=\"https:\/\/maizemachine.com\/product\/multifunctional-maize-thresher-machine\/embed\/#?secret=wcJsr7KeT8#?secret=PbJBFQpCXI\" data-secret=\"PbJBFQpCXI\" width=\"500\" height=\"282\" frameborder=\"0\" marginwidth=\"0\" marginheight=\"0\" scrolling=\"no\"><\/iframe> <\/div><\/figure> <\/div>    <div class=\"wp-block-column is-layout-flow wp-block-column-is-layout-flow\"> <figure class=\"wp-block-embed is-type-wp-embed is-provider-maize-machine wp-block-embed-maize-machine\"><div class=\"wp-block-embed__wrapper\"> <blockquote class=\"wp-embedded-content\" data-secret=\"KTj3yz68Me\"><a href=\"https:\/\/maizemachine.com\/it\/product\/corn-grits-making-machine\/\">Macchina per la produzione di semolino di mais, farina di mais<\/a><\/blockquote><iframe loading=\"lazy\" class=\"wp-embedded-content\" sandbox=\"allow-scripts\" security=\"restricted\" style=\"position: absolute; visibility: hidden;\" title=\"&quot;Macchina per la produzione di semola di mais, farina di mais&quot; \u2014 Macchina per mais\" src=\"https:\/\/maizemachine.com\/product\/corn-grits-making-machine\/embed\/#?secret=GWoQBzoZLk#?secret=KTj3yz68Me\" data-secret=\"KTj3yz68Me\" width=\"500\" height=\"282\" frameborder=\"0\" marginwidth=\"0\" marginheight=\"0\" scrolling=\"no\"><\/iframe> <\/div><\/figure> <\/div> <\/div>    <h2 class=\"wp-block-heading\">FAQ \u2013 mietitore di mais a una fila<\/h2>   <div id=\"rank-math-faq\" class=\"rank-math-block\"> <div class=\"rank-math-list\"> <div id=\"faq-question-1770716338753\" class=\"rank-math-list-item\"> <h3 class=\"rank-math-question\">Pu\u00f2 spellare il mais?<\/h3> <div class=\"rank-math-answer\">  <p>No.<\/p>  <\/div> <\/div> <div id=\"faq-question-1770716351237\" class=\"rank-math-list-item\"> <h3 class=\"rank-math-question\">Cosa succede alle piante di mais?<\/h3> <div class=\"rank-math-answer\">  <p>Le piante vengono triturate dalle lame di frantumazione e restituite al campo.<\/p>  <\/div> <\/div> <div id=\"faq-question-1770716382840\" class=\"rank-math-list-item\"> <h3 class=\"rank-math-question\">Qual \u00e8 l'altezza delle stoppie?<\/h3> <div class=\"rank-math-answer\">  <p>Regolabile, con un'altezza minima di 10 cm.<\/p>  <\/div> <\/div> <div id=\"faq-question-1770716410381\" class=\"rank-math-list-item\"> <h3 class=\"rank-math-question\">Qual \u00e8 la configurazione di alimentazione?<\/h3> <div class=\"rank-math-answer\">  <p>Motore a benzina: 188F; Motore diesel (raffreddato ad aria): 188F.<\/p>  <\/div> <\/div> <div id=\"faq-question-1770716420722\" class=\"rank-math-list-item\"> <h3 class=\"rank-math-question\">\u00c8 possibile che alcune pannocchie vengano perse?<\/h3> <div class=\"rank-math-answer\">  <p>La probabilit\u00e0 \u00e8 molto bassa.<\/p>  <\/div> <\/div> <div id=\"faq-question-1770716438805\" class=\"rank-math-list-item\"> <h3 class=\"rank-math-question\">Quante pannocchie pu\u00f2 contenere il raccoglitore?<\/h3> <div class=\"rank-math-answer\">  <p>30\u201350 pannocchie.<\/p>  <\/div> <\/div> <div id=\"faq-question-1770716450893\" class=\"rank-math-list-item\"> <h3 class=\"rank-math-question\">Pu\u00f2 raccogliere mais dolce?<\/h3> <div class=\"rank-math-answer\">  <p>S\u00ec.<\/p>  <\/div> <\/div> <div id=\"faq-question-1770716463482\" class=\"rank-math-list-item\"> <h3 class=\"rank-math-question\">Quante unit\u00e0 si adattano in un contenitore da 20 piedi o 40 piedi?<\/h3> <div class=\"rank-math-answer\">  <p>26 unit\u00e0 per un contenitore da 20 piedi, 54 unit\u00e0 per un contenitore da 40 piedi.<\/p>  <\/div> <\/div> <div id=\"faq-question-1770716477125\" class=\"rank-math-list-item\"> <h3 class=\"rank-math-question\">Qual \u00e8 il tempo di consegna stimato per 100 unit\u00e0?<\/h3> <div class=\"rank-math-answer\">  <p>Circa 7 giorni.<\/p>  <\/div> <\/div> <\/div> <\/div>","protected":false},"excerpt":{"rendered":"<p>The one row corn picker is a compact and flexible small machine, designed for small to medium fields, hilly areas, and family farms. It can harvest corn, crush and return stalks to the field, and collect corn ears all in one pass, greatly improving efficiency compared to manual harvesting. It is an ideal choice for [&hellip;]<\/p>\n","protected":false},"author":1,"featured_media":505,"parent":0,"template":"","tags":[12],"product-type":[8],"class_list":["post-86","product","type-product","status-publish","has-post-thumbnail","hentry","tag-corn-harvester","product-type-corn-harvester"],"_links":{"self":[{"href":"https:\/\/maizemachine.com\/it\/wp-json\/wp\/v2\/product\/86","targetHints":{"allow":["GET"]}}],"collection":[{"href":"https:\/\/maizemachine.com\/it\/wp-json\/wp\/v2\/product"}],"about":[{"href":"https:\/\/maizemachine.com\/it\/wp-json\/wp\/v2\/types\/product"}],"author":[{"embeddable":true,"href":"https:\/\/maizemachine.com\/it\/wp-json\/wp\/v2\/users\/1"}],"wp:featuredmedia":[{"embeddable":true,"href":"https:\/\/maizemachine.com\/it\/wp-json\/wp\/v2\/media\/505"}],"wp:attachment":[{"href":"https:\/\/maizemachine.com\/it\/wp-json\/wp\/v2\/media?parent=86"}],"wp:term":[{"taxonomy":"post_tag","embeddable":true,"href":"https:\/\/maizemachine.com\/it\/wp-json\/wp\/v2\/tags?post=86"},{"taxonomy":"product-type","embeddable":true,"href":"https:\/\/maizemachine.com\/it\/wp-json\/wp\/v2\/product-type?post=86"}],"curies":[{"name":"wp","href":"https:\/\/api.w.org\/{rel}","templated":true}]}}