{"id":810,"date":"2025-12-30T17:49:35","date_gmt":"2025-12-30T09:49:35","guid":{"rendered":"https:\/\/maizemachine.com\/?post_type=product&#038;p=810"},"modified":"2026-01-16T11:22:03","modified_gmt":"2026-01-16T03:22:03","slug":"multifunctional-corn-thresher","status":"publish","type":"product","link":"https:\/\/maizemachine.com\/it\/product\/multifunctional-corn-thresher\/","title":{"rendered":"Multifonctionale trebbiatrice per mais da 5 ton\/h"},"content":{"rendered":"<p class=\"translation-block\">Questa trebbiatrice multifunzionale<strong> per mais<\/strong> \u00e8 una macchina ad alta efficienza e stabile per separare i chicchi di mais dalle pannocchie.<\/p>   <div class=\"wp-block-image\"> <figure class=\"aligncenter size-full\"><img loading=\"lazy\" decoding=\"async\" width=\"720\" height=\"540\" src=\"https:\/\/maizemachine.com\/wp-content\/uploads\/2025\/12\/Multifunctional-Corn-Thresher.webp\" alt=\"Trebbiatore Multifunzionale per il Mais\" class=\"wp-image-815\" title=\"\" srcset=\"https:\/\/maizemachine.com\/wp-content\/uploads\/2025\/12\/Multifunctional-Corn-Thresher.webp 720w, https:\/\/maizemachine.com\/wp-content\/uploads\/2025\/12\/Multifunctional-Corn-Thresher-300x225.webp 300w, https:\/\/maizemachine.com\/wp-content\/uploads\/2025\/12\/Multifunctional-Corn-Thresher-16x12.webp 16w\" sizes=\"auto, (max-width: 720px) 100vw, 720px\" \/><figcaption class=\"wp-element-caption\">Trebbiatore Multifunzionale per il Mais<\/figcaption><\/figure> <\/div>   <p class=\"translation-block\">Questa macchina pu\u00f2 trebbiar <strong><mark class=\"has-inline-color has-luminous-vivid-amber-color\">mais, miglio, sorgo, soia, riso, grano e altri cereali<\/mark><\/strong>, adatta a fattorie, cooperative e piccoli siti di lavorazione, migliorando l'efficienza e riducendo i costi del lavoro.<\/p>    <p class=\"translation-block\">La capacit\u00e0 massima \u00e8<strong><mark class=\"has-inline-color has-luminous-vivid-amber-color\"> 5\u202ft\/h<\/mark><\/strong> per il mais,<strong> <mark class=\"has-inline-color has-luminous-vivid-amber-color\">3\u202ft\/h<\/mark><\/strong> per i cereali, e<strong> <mark class=\"has-inline-color has-luminous-vivid-amber-color\">2\u202ft\/h<\/mark><\/strong> per il grano e il riso. Cambiando la dimensione del setaccio si pu\u00f2 gestire diversi cereali.<\/p>    <figure class=\"wp-block-embed is-type-video is-provider-youtube wp-block-embed-youtube wp-embed-aspect-16-9 wp-has-aspect-ratio\"><div class=\"wp-block-embed__wrapper\"> <iframe loading=\"lazy\" title=\"One Machine for Corn, Sorghum, Wheat &amp; Rice | Multifunctional Thresher\" width=\"500\" height=\"281\" src=\"https:\/\/www.youtube.com\/embed\/Ky--tWY0BAQ?feature=oembed\" frameborder=\"0\" allow=\"accelerometer; autoplay; clipboard-write; encrypted-media; gyroscope; picture-in-picture; web-share\" referrerpolicy=\"strict-origin-when-cross-origin\" allowfullscreen><\/iframe> <\/div><\/figure>    <h2 class=\"wp-block-heading\">Applicazioni<\/h2>    <p class=\"translation-block\">La trebbiatrice multifunzionale <strong>per mais<\/strong> \u00e8 ampiamente usata in:<\/p>    <ul class=\"wp-block-list\"> <li>Fattorie e cooperative agricole<\/li>    <li>Stazioni di raccolta cereali<\/li>    <li>Piccole aziende di lavorazione dei cereali<\/li>    <li>Operazioni rurali mobili e lavorazione domestica<\/li>    <li>Trebbiatura continua durante i picchi di stagione di mais e cereali<\/li> <\/ul>    <figure class=\"wp-block-gallery has-nested-images columns-default is-cropped wp-block-gallery-2 is-layout-flex wp-block-gallery-is-layout-flex\"> <figure class=\"wp-block-image size-large\"><img loading=\"lazy\" decoding=\"async\" width=\"720\" height=\"540\" data-id=\"821\" src=\"https:\/\/maizemachine.com\/wp-content\/uploads\/2025\/12\/Wheat.webp\" alt=\"Frumento\" class=\"wp-image-821\" title=\"\" srcset=\"https:\/\/maizemachine.com\/wp-content\/uploads\/2025\/12\/Wheat.webp 720w, https:\/\/maizemachine.com\/wp-content\/uploads\/2025\/12\/Wheat-300x225.webp 300w, https:\/\/maizemachine.com\/wp-content\/uploads\/2025\/12\/Wheat-16x12.webp 16w\" sizes=\"auto, (max-width: 720px) 100vw, 720px\" \/><figcaption class=\"wp-element-caption\">Frumento<\/figcaption><\/figure>    <figure class=\"wp-block-image size-large\"><img loading=\"lazy\" decoding=\"async\" width=\"720\" height=\"540\" data-id=\"818\" src=\"https:\/\/maizemachine.com\/wp-content\/uploads\/2025\/12\/Soybean.webp\" alt=\"Soia\" class=\"wp-image-818\" title=\"\" srcset=\"https:\/\/maizemachine.com\/wp-content\/uploads\/2025\/12\/Soybean.webp 720w, https:\/\/maizemachine.com\/wp-content\/uploads\/2025\/12\/Soybean-300x225.webp 300w, https:\/\/maizemachine.com\/wp-content\/uploads\/2025\/12\/Soybean-16x12.webp 16w\" sizes=\"auto, (max-width: 720px) 100vw, 720px\" \/><figcaption class=\"wp-element-caption\">Soia<\/figcaption><\/figure>    <figure class=\"wp-block-image size-large\"><img loading=\"lazy\" decoding=\"async\" width=\"720\" height=\"540\" data-id=\"817\" src=\"https:\/\/maizemachine.com\/wp-content\/uploads\/2025\/12\/Sorghum.webp\" alt=\"Sorgo\" class=\"wp-image-817\" title=\"\" srcset=\"https:\/\/maizemachine.com\/wp-content\/uploads\/2025\/12\/Sorghum.webp 720w, https:\/\/maizemachine.com\/wp-content\/uploads\/2025\/12\/Sorghum-300x225.webp 300w, https:\/\/maizemachine.com\/wp-content\/uploads\/2025\/12\/Sorghum-16x12.webp 16w\" sizes=\"auto, (max-width: 720px) 100vw, 720px\" \/><figcaption class=\"wp-element-caption\">Sorgo<\/figcaption><\/figure>    <figure class=\"wp-block-image size-large\"><img loading=\"lazy\" decoding=\"async\" width=\"720\" height=\"540\" data-id=\"816\" src=\"https:\/\/maizemachine.com\/wp-content\/uploads\/2025\/12\/Rice.webp\" alt=\"Riso\" class=\"wp-image-816\" title=\"\" srcset=\"https:\/\/maizemachine.com\/wp-content\/uploads\/2025\/12\/Rice.webp 720w, https:\/\/maizemachine.com\/wp-content\/uploads\/2025\/12\/Rice-300x225.webp 300w, https:\/\/maizemachine.com\/wp-content\/uploads\/2025\/12\/Rice-16x12.webp 16w\" sizes=\"auto, (max-width: 720px) 100vw, 720px\" \/><figcaption class=\"wp-element-caption\">Riso<\/figcaption><\/figure>    <figure class=\"wp-block-image size-large\"><img loading=\"lazy\" decoding=\"async\" width=\"720\" height=\"540\" data-id=\"213\" src=\"https:\/\/maizemachine.com\/wp-content\/uploads\/2022\/10\/corn-field.webp\" alt=\"Mais \" class=\"wp-image-213\" title=\"\" srcset=\"https:\/\/maizemachine.com\/wp-content\/uploads\/2022\/10\/corn-field.webp 720w, https:\/\/maizemachine.com\/wp-content\/uploads\/2022\/10\/corn-field-300x225.webp 300w\" sizes=\"auto, (max-width: 720px) 100vw, 720px\" \/><figcaption class=\"wp-element-caption\">Mais <\/figcaption><\/figure> <\/figure>    <h2 class=\"wp-block-heading\">Caratteristiche della trebbiatrice multifunzionale per mais<\/h2>    <div class=\"wp-block-columns is-layout-flex wp-container-core-columns-is-layout-9d6595d7 wp-block-columns-is-layout-flex\"> <div class=\"wp-block-column is-layout-flow wp-block-column-is-layout-flow\"> <p class=\"has-text-align-center translation-block\"><strong><mark class=\"has-inline-color has-luminous-vivid-amber-color\">Versatile e flessibile<\/mark><\/strong><\/p>    <p>Cambiano la dimensione del setaccio, questa macchina pu\u00f2 adattarsi rapidamente per trebbiature di mais, soia, grano e altri cereali, realizzando una vera multi-uso, migliorando l'utilizzo dell'attrezzatura e riducendo i costi per l'utente.<\/p> <\/div>    <div class=\"wp-block-column is-layout-flow wp-block-column-is-layout-flow\"> <p class=\"has-text-align-center translation-block\"><strong><mark class=\"has-inline-color has-luminous-vivid-amber-color\">Opzioni di alimentazione multiple<\/mark><\/strong><\/p>    <p>Per adattarsi a diverse condizioni di lavoro, la macchina supporta varie fonti di alimentazione, tra cui motore elettrico, motore diesel e trattrice con PTO, ideale per operazioni agricole remote o fuori rete.<\/p> <\/div> <\/div>    <div class=\"wp-block-columns is-layout-flex wp-container-core-columns-is-layout-9d6595d7 wp-block-columns-is-layout-flex\"> <div class=\"wp-block-column is-layout-flow wp-block-column-is-layout-flow\"> <p class=\"has-text-align-center translation-block\"><strong><mark class=\"has-inline-color has-luminous-vivid-amber-color\">Trebbiatura pulita, perdita minima<\/mark><\/strong><\/p>    <p>Il design ottimizzato del tamburo di trebbiatura, combinato con doppio ventilatore e sistema di setacciatura, garantisce un tasso di trebbiatura superiore al 98% controllando la rottura del grano per mantenere qualit\u00e0 e valore economico.<\/p> <\/div>    <div class=\"wp-block-column is-layout-flow wp-block-column-is-layout-flow\"> <p class=\"has-text-align-center translation-block\"><strong><mark class=\"has-inline-color has-luminous-vivid-amber-color\">Compatta e mobile<\/mark><\/strong><\/p>    <p>I modelli medi e piccoli sono dotati di ruote per facilitare lo spostamento tra aree di essiccazione, magazzini e campi. Questo rende semplici e risparmianti lavoro le operazioni multi-locazione e continue.<\/p> <\/div> <\/div>   <div class=\"wp-block-image\"> <figure class=\"aligncenter size-full\"><img loading=\"lazy\" decoding=\"async\" width=\"720\" height=\"540\" src=\"https:\/\/maizemachine.com\/wp-content\/uploads\/2025\/12\/Farmers-are-using-the-multifunctional-Corn-Thresher-Machine.webp\" alt=\"Gli agricoltori stanno usando la trebbiatrice multifunzionale per mais\" class=\"wp-image-811\" title=\"\" srcset=\"https:\/\/maizemachine.com\/wp-content\/uploads\/2025\/12\/Farmers-are-using-the-multifunctional-Corn-Thresher-Machine.webp 720w, https:\/\/maizemachine.com\/wp-content\/uploads\/2025\/12\/Farmers-are-using-the-multifunctional-Corn-Thresher-Machine-300x225.webp 300w, https:\/\/maizemachine.com\/wp-content\/uploads\/2025\/12\/Farmers-are-using-the-multifunctional-Corn-Thresher-Machine-16x12.webp 16w\" sizes=\"auto, (max-width: 720px) 100vw, 720px\" \/><figcaption class=\"wp-element-caption\">Gli agricoltori stanno usando la trebbiatrice multifunzionale per mais<\/figcaption><\/figure> <\/div>   <h2 class=\"wp-block-heading\">Design della trebbiatrice multifunzionale per mais<\/h2>    <p class=\"translation-block\">Questa trebbiatrice per mais presenta una <strong><mark class=\"has-inline-color has-luminous-vivid-amber-color\">struttura a doppia camera<\/mark><\/strong> per migliorare la completezza della trebbiatura e l'efficienza del processo.<\/p>    <p class=\"translation-block\">\u00c8 dotata di un <strong><mark class=\"has-inline-color has-luminous-vivid-amber-color\">sistema a singolo setaccio<\/mark><\/strong> per trebbiatura e setacciatura simultanee.<\/p>    <p class=\"translation-block\">Il <strong><mark class=\"has-inline-color has-luminous-vivid-amber-color\">sistema di flusso d'aria a doppio ventilatore<\/mark><\/strong> fornisce vento stabile ed efficace rimozione dei detriti, garantendo un'uscita pulita con impurit\u00e0 basse.<\/p>    <p>Il design compatto e stabile supporta un funzionamento continuo a lungo termine.<\/p>   <div class=\"wp-block-image\"> <figure class=\"aligncenter size-full\"><img loading=\"lazy\" decoding=\"async\" width=\"720\" height=\"540\" src=\"https:\/\/maizemachine.com\/wp-content\/uploads\/2025\/12\/Maize-Sheller.webp\" alt=\"Sgranatrice per mais\" class=\"wp-image-814\" title=\"\" srcset=\"https:\/\/maizemachine.com\/wp-content\/uploads\/2025\/12\/Maize-Sheller.webp 720w, https:\/\/maizemachine.com\/wp-content\/uploads\/2025\/12\/Maize-Sheller-300x225.webp 300w, https:\/\/maizemachine.com\/wp-content\/uploads\/2025\/12\/Maize-Sheller-16x12.webp 16w\" sizes=\"auto, (max-width: 720px) 100vw, 720px\" \/><figcaption class=\"wp-element-caption\">Sgranatrice per mais<\/figcaption><\/figure> <\/div>   <h2 class=\"wp-block-heading\">Parametri tecnici<\/h2>    <figure class=\"wp-block-table\"><table class=\"has-fixed-layout\"><thead><tr><th>Voce<\/th><th>Specifiche<\/th><\/tr><\/thead><tbody><tr><td>Modello<\/td><td>MT-1500<\/td><\/tr><tr><td>Tipo di alimentazione<\/td><td>Motore Diesel \/ Motore Elettrico<\/td><\/tr><tr><td>Motore Diesel<\/td><td>Avviamento elettrico, 15\u201318 HP<\/td><\/tr><tr><td>Motore elettrico<\/td><td>Trifase, 7,5 kW<\/td><\/tr><tr><td>Cereali applicabili<\/td><td>Mais, miglio, sorgo, soia, <br>riso, grano, cereali misti<\/td><\/tr><tr><td>Camere di lavoro<\/td><td>Doppie camere di lavoro<\/td><\/tr><tr><td>Sistema di screening<\/td><td>Setaccio singolo<\/td><\/tr><tr><td>Separazione dell'aria<\/td><td>Doppio ventilatore<\/td><\/tr><tr><td>Capacit\u00e0 di miglio<\/td><td>3 t\/h<\/td><\/tr><tr><td>Capacit\u00e0 di mais<\/td><td>5 t\/h<\/td><\/tr><tr><td>Capacit\u00e0 di riso \/ grano<\/td><td>2 t\/h<\/td><\/tr><\/tbody><\/table><\/figure>    <p>Il sopra \u00e8 il nostro modello standard. Opzioni di potenza, tensione, setaccio e altri possono essere personalizzati. Se non sei sicuro di quale trebbiatrice di mais sia adatta, contattaci per consulenza.<\/p>    <h2 class=\"wp-block-heading\">Quali sono i vantaggi della trebbiatrice multifunzionale per mais?<\/h2>    <div class=\"wp-block-columns is-layout-flex wp-container-core-columns-is-layout-9d6595d7 wp-block-columns-is-layout-flex\"> <div class=\"wp-block-column is-layout-flow wp-block-column-is-layout-flow\"> <p class=\"has-text-align-center translation-block\"><strong><mark class=\"has-inline-color has-luminous-vivid-amber-color\">Alta efficienza e uscita chiara<\/mark><\/strong><\/p>    <ul class=\"wp-block-list\"> <li>Mais: 5\u202ft\/h<\/li>    <li>Cereali: 3\u202ft\/h<\/li>    <li>Riso \/ Grano: 2\u202ft\/h<br>Progettata per alta produttivit\u00e0, adatta a operazioni di trebbiatura continue.<\/li> <\/ul> <\/div>    <div class=\"wp-block-column is-layout-flow wp-block-column-is-layout-flow\"> <p class=\"has-text-align-center translation-block\"><strong><mark class=\"has-inline-color has-luminous-vivid-amber-color\">Struttura a doppia camera per trebbiatura accurata<\/mark><\/strong><\/p>    <p>Il design a doppia camera riduce la perdita di cereali, migliora la stabilit\u00e0 e raggiunge un tasso di trebbiatura superiore al 98%.<\/p> <\/div> <\/div>    <div class=\"wp-block-columns is-layout-flex wp-container-core-columns-is-layout-9d6595d7 wp-block-columns-is-layout-flex\"> <div class=\"wp-block-column is-layout-flow wp-block-column-is-layout-flow\"> <p class=\"has-text-align-center translation-block\"><strong><mark class=\"has-inline-color has-luminous-vivid-amber-color\">Doppio ventilatore   sistema di setacciatura per un'uscita pi\u00f9 pulita<\/mark><\/strong><\/p>    <p>Un setaccio combinato con doppio ventilatore rimuove efficacemente detriti leggeri e polvere, riducendo le impurit\u00e0.<\/p> <\/div>    <div class=\"wp-block-column is-layout-flow wp-block-column-is-layout-flow\"> <p class=\"has-text-align-center translation-block\"><strong><mark class=\"has-inline-color has-luminous-vivid-amber-color\">Basso tasso di rottura per proteggere la qualit\u00e0 del cereale<\/mark><\/strong><\/p>    <p>Struttura del tamburo ottimizzata e velocit\u00e0 di rotazione corretta mantengono una bassa rottura pur garantendo alta efficienza, ideale per cereali commerciali e sementi.<\/p> <\/div> <\/div>    <div class=\"wp-block-columns is-layout-flex wp-container-core-columns-is-layout-9d6595d7 wp-block-columns-is-layout-flex\"> <div class=\"wp-block-column is-layout-flow wp-block-column-is-layout-flow\"> <p class=\"has-text-align-center translation-block\"><strong><mark class=\"has-inline-color has-luminous-vivid-amber-color\">Opzioni di alimentazione multiple per forte adattabilit\u00e0<\/mark><\/strong><\/p>    <ul class=\"wp-block-list\"> <li>Motore diesel: 15\u201318\u202fHP, avviamento elettrico<\/li>    <li>Motore elettrico: trifase, 7,5\u202fkW<br>Adatta sia per aree elettrificate che off-grid.<\/li> <\/ul> <\/div>    <div class=\"wp-block-column is-layout-flow wp-block-column-is-layout-flow\"> <p class=\"has-text-align-center translation-block\"><strong><mark class=\"has-inline-color has-luminous-vivid-amber-color\">Multiuso, conveniente<\/mark><\/strong><\/p>    <p>Cambiare il setaccio permette alla macchina di gestire vari cereali, offrendo un alto ritorno sull'investimento con una sola macchina.<\/p> <\/div> <\/div>    <figure class=\"wp-block-gallery has-nested-images columns-default is-cropped wp-block-gallery-3 is-layout-flex wp-block-gallery-is-layout-flex\"> <figure class=\"wp-block-image size-large\"><img loading=\"lazy\" decoding=\"async\" width=\"720\" height=\"540\" data-id=\"819\" src=\"https:\/\/maizemachine.com\/wp-content\/uploads\/2025\/12\/The-multifunctional-Corn-Thresher-is-threshing-millet.webp\" alt=\"La trebbiatrice multifunzionale per mais sta trebbiando miglio\" class=\"wp-image-819\" title=\"\" srcset=\"https:\/\/maizemachine.com\/wp-content\/uploads\/2025\/12\/The-multifunctional-Corn-Thresher-is-threshing-millet.webp 720w, https:\/\/maizemachine.com\/wp-content\/uploads\/2025\/12\/The-multifunctional-Corn-Thresher-is-threshing-millet-300x225.webp 300w, https:\/\/maizemachine.com\/wp-content\/uploads\/2025\/12\/The-multifunctional-Corn-Thresher-is-threshing-millet-16x12.webp 16w\" sizes=\"auto, (max-width: 720px) 100vw, 720px\" \/><figcaption class=\"wp-element-caption\">La trebbiatrice multifunzionale per mais trebbiando miglio<\/figcaption><\/figure>    <figure class=\"wp-block-image size-large\"><img loading=\"lazy\" decoding=\"async\" width=\"720\" height=\"540\" data-id=\"820\" src=\"https:\/\/maizemachine.com\/wp-content\/uploads\/2025\/12\/The-multifunctional-Thresher-is-threshing-corn.webp\" alt=\"The multifunctional Thresher is threshing corn\" class=\"wp-image-820\" title=\"\" srcset=\"https:\/\/maizemachine.com\/wp-content\/uploads\/2025\/12\/The-multifunctional-Thresher-is-threshing-corn.webp 720w, https:\/\/maizemachine.com\/wp-content\/uploads\/2025\/12\/The-multifunctional-Thresher-is-threshing-corn-300x225.webp 300w, https:\/\/maizemachine.com\/wp-content\/uploads\/2025\/12\/The-multifunctional-Thresher-is-threshing-corn-16x12.webp 16w\" sizes=\"auto, (max-width: 720px) 100vw, 720px\" \/><figcaption class=\"wp-element-caption\">La trebbiatrice multifunzionale sta trebbiando mais<\/figcaption><\/figure> <\/figure>    <h2 class=\"wp-block-heading\">Principio di funzionamento della trebbiatrice multifunzionale per mais<\/h2>    <p>Il materiale entra nella doppia camera attraverso l'ingresso di alimentazione. I componenti di trebbiatura ad alta velocit\u00e0 separano i chicchi dalle pannocchie e dai gambi. I cereali trebbiati passano attraverso un setaccio per uno screening preliminare, poi il sistema a doppio ventilatore soffia via detriti leggeri, polvere e paglie, producendo cereali finali puliti.<\/p>   <div class=\"wp-block-image\"> <figure class=\"aligncenter size-full\"><img loading=\"lazy\" decoding=\"async\" width=\"720\" height=\"540\" src=\"https:\/\/maizemachine.com\/wp-content\/uploads\/2025\/12\/Internal-Structure-of-the-Corn-Thresher.webp\" alt=\"Struttura interna della trebbiatrice di mais\" class=\"wp-image-812\" title=\"\" srcset=\"https:\/\/maizemachine.com\/wp-content\/uploads\/2025\/12\/Internal-Structure-of-the-Corn-Thresher.webp 720w, https:\/\/maizemachine.com\/wp-content\/uploads\/2025\/12\/Internal-Structure-of-the-Corn-Thresher-300x225.webp 300w, https:\/\/maizemachine.com\/wp-content\/uploads\/2025\/12\/Internal-Structure-of-the-Corn-Thresher-16x12.webp 16w\" sizes=\"auto, (max-width: 720px) 100vw, 720px\" \/><figcaption class=\"wp-element-caption\">Struttura interna della trebbiatrice di mais<\/figcaption><\/figure> <\/div>   <h2 class=\"wp-block-heading\">Prezzo della trebbiatrice multifunzionale per mais<\/h2>    <p>Il prezzo di una trebbiatrice per mais varia a seconda della configurazione, del tipo di alimentazione e della quantit\u00e0 dell'ordine. I modelli di base sono valutati in base alla fonte di alimentazione, capacit\u00e0 e se sono inclusi spedizione e installazione. Il modello standard MT-1500 offre una maggiore efficienza di trebbiatura e una migliore versatilit\u00e0 rispetto a versioni pi\u00f9 semplici. Per ordini all'ingrosso o configurazioni personalizzate, \u00e8 possibile fornire prezzi a livelli.<\/p>   <div class=\"wp-block-image\"> <figure class=\"aligncenter size-full\"><img loading=\"lazy\" decoding=\"async\" width=\"720\" height=\"540\" src=\"https:\/\/maizemachine.com\/wp-content\/uploads\/2025\/12\/Maize-Sheller-Machine.webp\" alt=\"Macchina decorticatrice per mais\" class=\"wp-image-813\" title=\"\" srcset=\"https:\/\/maizemachine.com\/wp-content\/uploads\/2025\/12\/Maize-Sheller-Machine.webp 720w, https:\/\/maizemachine.com\/wp-content\/uploads\/2025\/12\/Maize-Sheller-Machine-300x225.webp 300w, https:\/\/maizemachine.com\/wp-content\/uploads\/2025\/12\/Maize-Sheller-Machine-16x12.webp 16w\" sizes=\"auto, (max-width: 720px) 100vw, 720px\" \/><figcaption class=\"wp-element-caption\">Macchina decorticatrice per mais<\/figcaption><\/figure> <\/div>   <h2 class=\"wp-block-heading\">Why Choose Taizy?<\/h2>    <ul class=\"wp-block-list\"> <li><strong>Certificazione internazionale, qualit\u00e0 affidabile:<\/strong> Certificato CE, ISO9001, SGS e TUV, conforme agli standard globali.<\/li>    <li><strong>Produzione di alta qualit\u00e0:<\/strong> Acciaio spesso e lavorazione precisa, parti chiave resistenti all'usura, tasso di trebbiatura \u226598%.<\/li>    <li><strong>Soluzioni complete di lavorazione del mais:<\/strong> Offre trebbiatrici di mais, <strong><a href=\"https:\/\/maizemachine.com\/it\/product\/corn-grits-making-machine\/\">macchina per semola di mais<\/a><\/strong>s, <strong><a href=\"https:\/\/maizemachine.com\/it\/product\/small-scale-maize-milling-machine\/\">mulini per farina di mais<\/a><\/strong>, e <strong><a href=\"https:\/\/maizemachine.com\/it\/product\/corn-flour-packing-machine\/\">macchine per l'imballaggio di farina di mais<\/a><\/strong>, copre l'intero processo dalla trebbiatura all'imballaggio.<\/li>    <li><strong>Supporto professionale:<\/strong> Consigli pre-vendita su capacit\u00e0 e opzioni di potenza, risposta rapida post-vendita, e servizio di installazione e formazione completo.<\/li>    <li><strong>Assicurazione a lungo termine:<\/strong> Garanzia di un anno con supporto continuo di parti e assistenza tecnica, minimizzando i tempi di inattivit\u00e0 e massimizzando il ROI.<\/li> <\/ul>    <figure class=\"wp-block-gallery has-nested-images columns-default is-cropped wp-block-gallery-4 is-layout-flex wp-block-gallery-is-layout-flex\"> <figure class=\"wp-block-image size-large\"><img loading=\"lazy\" decoding=\"async\" width=\"720\" height=\"540\" data-id=\"683\" src=\"https:\/\/maizemachine.com\/wp-content\/uploads\/2023\/07\/Certificates.webp\" alt=\"Certificati\" class=\"wp-image-683\" title=\"\" srcset=\"https:\/\/maizemachine.com\/wp-content\/uploads\/2023\/07\/Certificates.webp 720w, https:\/\/maizemachine.com\/wp-content\/uploads\/2023\/07\/Certificates-300x225.webp 300w, https:\/\/maizemachine.com\/wp-content\/uploads\/2023\/07\/Certificates-16x12.webp 16w\" sizes=\"auto, (max-width: 720px) 100vw, 720px\" \/><figcaption class=\"wp-element-caption\">Certificati<\/figcaption><\/figure>    <figure class=\"wp-block-image size-large\"><img loading=\"lazy\" decoding=\"async\" width=\"720\" height=\"540\" data-id=\"577\" src=\"https:\/\/maizemachine.com\/wp-content\/uploads\/2025\/08\/Our-customer.webp\" alt=\"Il nostro cliente\" class=\"wp-image-577\" title=\"\" srcset=\"https:\/\/maizemachine.com\/wp-content\/uploads\/2025\/08\/Our-customer.webp 720w, https:\/\/maizemachine.com\/wp-content\/uploads\/2025\/08\/Our-customer-300x225.webp 300w, https:\/\/maizemachine.com\/wp-content\/uploads\/2025\/08\/Our-customer-16x12.webp 16w\" sizes=\"auto, (max-width: 720px) 100vw, 720px\" \/><figcaption class=\"wp-element-caption\">Il nostro cliente<\/figcaption><\/figure> <\/figure>    <p><\/p>","protected":false},"excerpt":{"rendered":"<p>This multifunctional corn thresher is a high-efficiency, stable machine for separating corn kernels from cobs. This machine can thresh corn, millet, sorghum, soybean, rice, wheat, and other grains, suitable for farms, cooperatives, and small processing sites, improving efficiency and reducing labor costs. The maximum capacity is 5\u202ft\/h for corn, 3\u202ft\/h for grains, and 2\u202ft\/h for [&hellip;]<\/p>\n","protected":false},"author":1,"featured_media":822,"parent":0,"template":"","tags":[],"product-type":[9],"class_list":["post-810","product","type-product","status-publish","has-post-thumbnail","hentry","product-type-corn-sheller-machine"],"_links":{"self":[{"href":"https:\/\/maizemachine.com\/it\/wp-json\/wp\/v2\/product\/810","targetHints":{"allow":["GET"]}}],"collection":[{"href":"https:\/\/maizemachine.com\/it\/wp-json\/wp\/v2\/product"}],"about":[{"href":"https:\/\/maizemachine.com\/it\/wp-json\/wp\/v2\/types\/product"}],"author":[{"embeddable":true,"href":"https:\/\/maizemachine.com\/it\/wp-json\/wp\/v2\/users\/1"}],"wp:featuredmedia":[{"embeddable":true,"href":"https:\/\/maizemachine.com\/it\/wp-json\/wp\/v2\/media\/822"}],"wp:attachment":[{"href":"https:\/\/maizemachine.com\/it\/wp-json\/wp\/v2\/media?parent=810"}],"wp:term":[{"taxonomy":"post_tag","embeddable":true,"href":"https:\/\/maizemachine.com\/it\/wp-json\/wp\/v2\/tags?post=810"},{"taxonomy":"product-type","embeddable":true,"href":"https:\/\/maizemachine.com\/it\/wp-json\/wp\/v2\/product-type?post=810"}],"curies":[{"name":"wp","href":"https:\/\/api.w.org\/{rel}","templated":true}]}}