{"id":63,"date":"2022-08-23T09:11:22","date_gmt":"2022-08-23T09:11:22","guid":{"rendered":"https:\/\/maizemachine.com\/?post_type=product&#038;p=63"},"modified":"2025-08-06T14:39:20","modified_gmt":"2025-08-06T06:39:20","slug":"corn-mill-grinder","status":"publish","type":"product","link":"https:\/\/maizemachine.com\/it\/product\/corn-mill-grinder\/","title":{"rendered":"Macinacereali a Mais | Macchina a Disco"},"content":{"rendered":"<p>Il mulino per mais, noto anche come macinatore di farina e polpa o macchina a dischi, \u00e8 un dispositivo di lavorazione dei cereali multifunzionale ed efficiente utilizzato principalmente per macinare mais, grano, riso, sorgo e altri cereali in polvere fine.<\/p>   <div class=\"wp-block-image\"> <figure class=\"aligncenter size-full\"><img loading=\"lazy\" decoding=\"async\" width=\"720\" height=\"540\" src=\"https:\/\/maizemachine.com\/wp-content\/uploads\/2022\/08\/Corn-Mill-Grinder-1.webp\" alt=\"Macina Mais\" class=\"wp-image-556\" title=\"\" srcset=\"https:\/\/maizemachine.com\/wp-content\/uploads\/2022\/08\/Corn-Mill-Grinder-1.webp 720w, https:\/\/maizemachine.com\/wp-content\/uploads\/2022\/08\/Corn-Mill-Grinder-1-300x225.webp 300w, https:\/\/maizemachine.com\/wp-content\/uploads\/2022\/08\/Corn-Mill-Grinder-1-16x12.webp 16w\" sizes=\"auto, (max-width: 720px) 100vw, 720px\" \/><figcaption class=\"wp-element-caption\">Macina Mais<\/figcaption><\/figure> <\/div>   <p class=\"translation-block\">Il mulino per mais domestico di piccole dimensioni offerto da Taizy ha una produzione di <strong><em>50\u2013150 kg\/h<\/em><\/strong> ed \u00e8 ampiamente utilizzato nell'industria alimentare, nella produzione di mangimi, nelle officine domestiche e nei mulini a grani e oli su piccola scala.<\/p>   <div class=\"wp-block-image\"> <figure class=\"aligncenter size-full\"><img loading=\"lazy\" decoding=\"async\" width=\"720\" height=\"540\" src=\"https:\/\/maizemachine.com\/wp-content\/uploads\/2022\/08\/Corn-Grinding-Machine.webp\" alt=\"Macchina per la macinazione del mais\" class=\"wp-image-565\" title=\"\" srcset=\"https:\/\/maizemachine.com\/wp-content\/uploads\/2022\/08\/Corn-Grinding-Machine.webp 720w, https:\/\/maizemachine.com\/wp-content\/uploads\/2022\/08\/Corn-Grinding-Machine-300x225.webp 300w, https:\/\/maizemachine.com\/wp-content\/uploads\/2022\/08\/Corn-Grinding-Machine-16x12.webp 16w\" sizes=\"auto, (max-width: 720px) 100vw, 720px\" \/><figcaption class=\"wp-element-caption\">Macchina per la macinazione del mais<\/figcaption><\/figure> <\/div>   <p class=\"translation-block\">Questa macchina \u00e8 dotata di piastre di macinazione in ghisa di alta qualit\u00e0, che la rendono durevole e facile da pulire. L'intera struttura \u00e8 realizzata in acciaio al carbonio o acciaio inossidabile di prima qualit\u00e0, garantendo resistenza alla corrosione e una durata di oltre <strong><em>10<\/em><\/strong> anni.<\/p>    <p>Grazie alle sue dimensioni compatte, al funzionamento semplice e al prezzo conveniente, il nostro mulino a dischi \u00e8 molto apprezzato dai clienti ed \u00e8 stato esportato in paesi come Filippine, Francia e Tonga.<\/p>   <div class=\"wp-block-image\"> <figure class=\"aligncenter size-full\"><img loading=\"lazy\" decoding=\"async\" width=\"720\" height=\"540\" src=\"https:\/\/maizemachine.com\/wp-content\/uploads\/2022\/08\/Disk-Mill-Machine-1.webp\" alt=\"Macchina per macinare a disco\" class=\"wp-image-559\" title=\"\" srcset=\"https:\/\/maizemachine.com\/wp-content\/uploads\/2022\/08\/Disk-Mill-Machine-1.webp 720w, https:\/\/maizemachine.com\/wp-content\/uploads\/2022\/08\/Disk-Mill-Machine-1-300x225.webp 300w, https:\/\/maizemachine.com\/wp-content\/uploads\/2022\/08\/Disk-Mill-Machine-1-16x12.webp 16w\" sizes=\"auto, (max-width: 720px) 100vw, 720px\" \/><figcaption class=\"wp-element-caption\">Macchina per macinare a disco<\/figcaption><\/figure> <\/div>   <h2 class=\"wp-block-heading\" id=\"h-what-are-the-advantages-of-a-corn-mill-grinder\">Quali sono i vantaggi di un macinatore di mais?<\/h2>    <p class=\"translation-block\"><strong>Ingombro ridotto e struttura compatta<\/strong> \u2013 Ideale per officine domestiche, piccole fabbriche o ambienti di lavorazione con spazio limitato.<\/p>    <p class=\"translation-block\"><strong>Ampio raggio di applicazione<\/strong> \u2013 Adatto non solo per la macinazione del mais, ma anche per grano, sorgo, soia, ossa di pesce, peperoncino essiccato e vari altri cereali e materiali secchi.<\/p>    <p class=\"translation-block\"><strong>Molteplici modelli per una scelta flessibile<\/strong> \u2013 Offriamo una variet\u00e0 di modelli di mulini a dischi elettrici per soddisfare diverse capacit\u00e0 produttive ed esigenze degli utenti.<\/p>    <p class=\"translation-block\"><strong>Facile da usare e risparmio di manodopera<\/strong> \u2013 Basta versare il materiale nella tramoggia di alimentazione e la macchina completer\u00e0 automaticamente il processo di macinazione.<\/p>    <p class=\"translation-block\"><strong>Finezza di macinazione regolabile<\/strong> \u2013 Gli utenti possono regolare liberamente la finezza della polvere (da 0,2 mm a 8 mm) in base alle diverse applicazioni, da polvere grossolana a fine.<\/p>    <p class=\"translation-block\"><strong>Dotato di sistema di aspirazione polveri per la pulizia<\/strong> \u2013 Il separatore ciclonico integrato raccoglie efficacemente la polvere, migliora la qualit\u00e0 dell'aria nell'officina e protegge la salute degli operatori.<\/p>    <p class=\"translation-block\"><strong>Disponibili diverse opzioni di alimentazione<\/strong> \u2013 A seconda delle condizioni di lavoro effettive, gli utenti possono scegliere tra motore elettrico, motore diesel o motore a benzina per adattarsi a diversi ambienti.<\/p>    <p class=\"translation-block\"><strong>Materiale durevole<\/strong> \u2013 Questo robusto macinatore \u00e8 dotato di un solido corpo in ferro, che garantisce un uso a lungo termine e prestazioni affidabili.<\/p>   <div class=\"wp-block-image\"> <figure class=\"aligncenter size-full\"><img loading=\"lazy\" decoding=\"async\" width=\"720\" height=\"540\" src=\"https:\/\/maizemachine.com\/wp-content\/uploads\/2022\/08\/Corn-Grinder-for-Sale.webp\" alt=\"Mulino per mais in vendita\" class=\"wp-image-563\" title=\"\" srcset=\"https:\/\/maizemachine.com\/wp-content\/uploads\/2022\/08\/Corn-Grinder-for-Sale.webp 720w, https:\/\/maizemachine.com\/wp-content\/uploads\/2022\/08\/Corn-Grinder-for-Sale-300x225.webp 300w, https:\/\/maizemachine.com\/wp-content\/uploads\/2022\/08\/Corn-Grinder-for-Sale-16x12.webp 16w\" sizes=\"auto, (max-width: 720px) 100vw, 720px\" \/><figcaption class=\"wp-element-caption\">Mulino per mais in vendita<\/figcaption><\/figure> <\/div>   <h2 class=\"wp-block-heading\" id=\"h-application-scope-of-disk-mill\">Campo di applicazione della macchina a dischi<\/h2>    <h3 class=\"wp-block-heading\">Materiali lavorabili<\/h3>    <ul class=\"wp-block-list\"> <li>Chicchi di mais secchi<\/li>    <li>Mais ammollato<\/li>    <li>Riso e paddy<\/li>    <li>Sorgo e grano<\/li>    <li>Sesamo e arachidi<\/li>    <li>Vari tipi di fagioli (come soia, fagioli mungo, ecc.)<\/li> <\/ul>   <div class=\"wp-block-image\"> <figure class=\"aligncenter size-full\"><img loading=\"lazy\" decoding=\"async\" width=\"720\" height=\"540\" src=\"https:\/\/maizemachine.com\/wp-content\/uploads\/2022\/08\/20210729_100707_010.webp\" alt=\"Materiali di applicazione del mulino per mais\" class=\"wp-image-560\" title=\"\" srcset=\"https:\/\/maizemachine.com\/wp-content\/uploads\/2022\/08\/20210729_100707_010.webp 720w, https:\/\/maizemachine.com\/wp-content\/uploads\/2022\/08\/20210729_100707_010-300x225.webp 300w, https:\/\/maizemachine.com\/wp-content\/uploads\/2022\/08\/20210729_100707_010-16x12.webp 16w\" sizes=\"auto, (max-width: 720px) 100vw, 720px\" \/><figcaption class=\"wp-element-caption\">Materiali di applicazione del mulino per mais<\/figcaption><\/figure> <\/div>   <h3 class=\"wp-block-heading\">Campo di applicazione<\/h3>    <p>Grazie ai suoi vantaggi di dimensioni ridotte e facilit\u00e0 d'uso. Questo mulino per mais industriale pu\u00f2 essere utilizzato in aree rurali, piccoli impianti di lavorazione dei cereali, impianti di lavorazione dei mangimi, mercati di cereali e oli, supermercati, scuole e ristoranti. Puoi usarlo per lavorare vari cereali.<\/p>   <div class=\"wp-block-image\"> <figure class=\"aligncenter size-full\"><img loading=\"lazy\" decoding=\"async\" width=\"720\" height=\"540\" src=\"http:\/\/maizemachine.com\/wp-content\/uploads\/2022\/08\/finished-products-made-by-corn-grinder.webp\" alt=\"prodotti finiti realizzati con il macinatore di mais\" class=\"wp-image-75\" title=\"\" srcset=\"https:\/\/maizemachine.com\/wp-content\/uploads\/2022\/08\/finished-products-made-by-corn-grinder.webp 720w, https:\/\/maizemachine.com\/wp-content\/uploads\/2022\/08\/finished-products-made-by-corn-grinder-300x225.webp 300w\" sizes=\"auto, (max-width: 720px) 100vw, 720px\" \/><figcaption class=\"wp-element-caption\">prodotti finiti realizzati con il macinatore di mais<\/figcaption><\/figure> <\/div>   <h2 class=\"wp-block-heading\" id=\"h-working-principle-of-corn-mill-grinder\">Principio di funzionamento del macinatore di mais<\/h2>    <p>Questo mulino per mais utilizza una struttura di macinazione fisica efficiente, combinata con molteplici opzioni di alimentazione e un sistema avanzato di aspirazione delle polveri, per ottenere una macinazione ad alta efficienza e controllabile dei materiali in grani. Il suo principio di funzionamento \u00e8 il seguente:<\/p>   <div class=\"wp-block-image\"> <figure class=\"aligncenter size-full\"><img loading=\"lazy\" decoding=\"async\" width=\"720\" height=\"540\" src=\"https:\/\/maizemachine.com\/wp-content\/uploads\/2022\/08\/Corn-Mill-Grinder-Price.webp\" alt=\"Principio di funzionamento del macinatore di mais\" class=\"wp-image-566\" title=\"\" srcset=\"https:\/\/maizemachine.com\/wp-content\/uploads\/2022\/08\/Corn-Mill-Grinder-Price.webp 720w, https:\/\/maizemachine.com\/wp-content\/uploads\/2022\/08\/Corn-Mill-Grinder-Price-300x225.webp 300w, https:\/\/maizemachine.com\/wp-content\/uploads\/2022\/08\/Corn-Mill-Grinder-Price-16x12.webp 16w\" sizes=\"auto, (max-width: 720px) 100vw, 720px\" \/><figcaption class=\"wp-element-caption\">Principio di funzionamento del macinatore di mais<\/figcaption><\/figure> <\/div>   <h3 class=\"wp-block-heading\">Molteplici trasmissioni di potenza<\/h3>    <p>La macchina pu\u00f2 essere dotata di diversi tipi di sistemi di alimentazione in base alle esigenze dell'utente:<\/p>    <ul class=\"wp-block-list\"> <li>Motore elettrico: adatto per aree con alimentazione elettrica stabile; funziona con basso rumore.<\/li>    <li>Motore diesel: ideale per aree senza elettricit\u00e0 o con alimentazione instabile.<\/li>    <li>Motore a benzina: altamente portatile, adatto per operazioni esterne o temporanee.<\/li> <\/ul>    <h3 class=\"wp-block-heading\">Doppie tramogge di alimentazione<\/h3>    <p>L'attrezzatura dispone solitamente di due tramogge di alimentazione. Gli utenti possono selezionare il percorso di alimentazione appropriato in base alle caratteristiche del materiale e ai requisiti di lavorazione, consentendo un'alimentazione continua ed efficiente per aumentare la produttivit\u00e0.<\/p>    <h3 class=\"wp-block-heading\">Sistema di macinazione rotante<\/h3>    <p>Dopo essere entrato attraverso la tramoggia di alimentazione, il materiale cade nella camera di macinazione interna a disco rotante. Azionato dal motore, il disco di macinazione ruota ad alta velocit\u00e0, generando forti forze di taglio e attrito per frantumare e macinare rapidamente il materiale.<\/p>    <h3 class=\"wp-block-heading\">Struttura di macinazione a denti piatti<\/h3>    <p>Il disco di macinazione \u00e8 dotato di denti piatti lunghi alternati e denti piatti corti:<\/p>    <ul class=\"wp-block-list\"> <li>I denti lunghi e piatti eseguono la frantumazione grossolana primaria.<\/li>    <li>I denti corti e piatti macinano ulteriormente il materiale in particelle pi\u00f9 fini.<\/li> <\/ul>    <p>Insieme, possono macinare il materiale fino alla finezza dell'amido.<\/p>    <h3 class=\"wp-block-heading\">Finezza di macinazione regolabile<\/h3>    <p class=\"translation-block\">Regolando lo spazio tra i dischi di macinazione, gli utenti possono controllare con precisione la dimensione delle particelle della polvere in uscita, con un intervallo da <strong>0,2 mm a 8 mm<\/strong>, soddisfacendo varie esigenze da polvere grossolana a fine.<\/p>    <h2 class=\"wp-block-heading\">Struttura della macchina per la macinazione del mais<\/h2>   <div class=\"wp-block-image\"> <figure class=\"aligncenter size-full\"><img loading=\"lazy\" decoding=\"async\" width=\"720\" height=\"540\" src=\"http:\/\/maizemachine.com\/wp-content\/uploads\/2022\/08\/disk-mill-machine.webp\" alt=\"macchina mulino a disco\" class=\"wp-image-72\" title=\"\" srcset=\"https:\/\/maizemachine.com\/wp-content\/uploads\/2022\/08\/disk-mill-machine.webp 720w, https:\/\/maizemachine.com\/wp-content\/uploads\/2022\/08\/disk-mill-machine-300x225.webp 300w\" sizes=\"auto, (max-width: 720px) 100vw, 720px\" \/><figcaption class=\"wp-element-caption\">macchina mulino a disco<\/figcaption><\/figure> <\/div>   <h2 class=\"wp-block-heading\">Dimensioni del mulino per mais<\/h2>   <div class=\"wp-block-image\"> <figure class=\"aligncenter size-full\"><img loading=\"lazy\" decoding=\"async\" width=\"720\" height=\"540\" src=\"https:\/\/maizemachine.com\/wp-content\/uploads\/2022\/08\/SL-150-Corn-Mill-Grinder-Dimensions.webp\" alt=\"Dimensioni del mulino per mais SL-150\" class=\"wp-image-561\" title=\"\" srcset=\"https:\/\/maizemachine.com\/wp-content\/uploads\/2022\/08\/SL-150-Corn-Mill-Grinder-Dimensions.webp 720w, https:\/\/maizemachine.com\/wp-content\/uploads\/2022\/08\/SL-150-Corn-Mill-Grinder-Dimensions-300x225.webp 300w, https:\/\/maizemachine.com\/wp-content\/uploads\/2022\/08\/SL-150-Corn-Mill-Grinder-Dimensions-16x12.webp 16w\" sizes=\"auto, (max-width: 720px) 100vw, 720px\" \/><figcaption class=\"wp-element-caption\">Dimensioni del mulino per mais SL-150<\/figcaption><\/figure> <\/div>   <h2 class=\"wp-block-heading\" id=\"h-parameters-of-disk-mill-machine\">Parametri della macchina a dischi<\/h2>    <figure class=\"wp-block-table\"><table><tbody><tr><td>Modello<\/td><td>SL-80<\/td><td>SL-150<\/td><\/tr><tr><td>Potenza<\/td><td>1,1 kW<\/td><td>1,8 kW<\/td><\/tr><tr><td>Capacit\u00e0<\/td><td>50-80 kg\/h<\/td><td>150 kg\/h<\/td><\/tr><tr><td>Peso<\/td><td>34 kg<\/td><td>40 kg<\/td><\/tr><tr><td>Dimensione<\/td><td>300*300*465 mm<\/td><td>300*400*530 mm<\/td><\/tr><\/tbody><\/table><\/figure>    <p>Le nostre macchine supportano configurazioni personalizzate di alimentazione e tensione per adattarsi agli standard di tutti i paesi del mondo. Non esitate a contattarci per maggiori informazioni!<\/p>    <figure class=\"wp-block-gallery has-nested-images columns-default is-cropped wp-block-gallery-2 is-layout-flex wp-block-gallery-is-layout-flex\"> <figure class=\"wp-block-image size-large\"><img loading=\"lazy\" decoding=\"async\" width=\"720\" height=\"540\" data-id=\"558\" src=\"https:\/\/maizemachine.com\/wp-content\/uploads\/2022\/08\/Corn-Mill-Machine.webp\" alt=\"\" class=\"wp-image-558\" title=\"\" srcset=\"https:\/\/maizemachine.com\/wp-content\/uploads\/2022\/08\/Corn-Mill-Machine.webp 720w, https:\/\/maizemachine.com\/wp-content\/uploads\/2022\/08\/Corn-Mill-Machine-300x225.webp 300w, https:\/\/maizemachine.com\/wp-content\/uploads\/2022\/08\/Corn-Mill-Machine-16x12.webp 16w\" sizes=\"auto, (max-width: 720px) 100vw, 720px\" \/><figcaption><\/figcaption><\/figure>    <figure class=\"wp-block-image size-large\"><img loading=\"lazy\" decoding=\"async\" width=\"720\" height=\"540\" data-id=\"559\" src=\"https:\/\/maizemachine.com\/wp-content\/uploads\/2022\/08\/Disk-Mill-Machine-1.webp\" alt=\"Macchina per macinare a disco\" class=\"wp-image-559\" title=\"\" srcset=\"https:\/\/maizemachine.com\/wp-content\/uploads\/2022\/08\/Disk-Mill-Machine-1.webp 720w, https:\/\/maizemachine.com\/wp-content\/uploads\/2022\/08\/Disk-Mill-Machine-1-300x225.webp 300w, https:\/\/maizemachine.com\/wp-content\/uploads\/2022\/08\/Disk-Mill-Machine-1-16x12.webp 16w\" sizes=\"auto, (max-width: 720px) 100vw, 720px\" \/><figcaption class=\"wp-element-caption\">Macchina per macinare a disco<\/figcaption><\/figure>    <figure class=\"wp-block-image size-large\"><img loading=\"lazy\" decoding=\"async\" width=\"720\" height=\"540\" data-id=\"556\" src=\"https:\/\/maizemachine.com\/wp-content\/uploads\/2022\/08\/Corn-Mill-Grinder-1.webp\" alt=\"Macina Mais\" class=\"wp-image-556\" title=\"\" srcset=\"https:\/\/maizemachine.com\/wp-content\/uploads\/2022\/08\/Corn-Mill-Grinder-1.webp 720w, https:\/\/maizemachine.com\/wp-content\/uploads\/2022\/08\/Corn-Mill-Grinder-1-300x225.webp 300w, https:\/\/maizemachine.com\/wp-content\/uploads\/2022\/08\/Corn-Mill-Grinder-1-16x12.webp 16w\" sizes=\"auto, (max-width: 720px) 100vw, 720px\" \/><figcaption class=\"wp-element-caption\">Macina Mais<\/figcaption><\/figure> <\/figure>    <h2 class=\"wp-block-heading\">Come utilizzare la macchina per la macinazione del mais<\/h2>    <h3 class=\"wp-block-heading\">Preparazione della materia prima<\/h3>    <p>Pulire accuratamente il mais e rimuovere la buccia esterna con un coltello. Questo aiuta a migliorare la resa della farina e la qualit\u00e0 del prodotto finale.<\/p>    <h3 class=\"wp-block-heading\">Alimentazione della macchina<\/h3>    <p>Inserire il mais pulito e sbucciato nell'imbocco della macchina, pronto per la macinazione.<\/p>    <h3 class=\"wp-block-heading\">Collegamento all'alimentazione<\/h3>    <p>Collegare la macchina e accendere l'interruttore di alimentazione. Assicurarsi che la macchina funzioni regolarmente.<\/p>    <h3 class=\"wp-block-heading\">Regolazione della finezza della farina<\/h3>    <p>Regolare lo spazio di uscita o cambiare il setaccio secondo le vostre esigenze. Per farina di mais fine, utilizzare un setaccio a maglia fine per garantire la consistenza desiderata della polvere.<\/p>    <h3 class=\"wp-block-heading\">Avvia la macinazione<\/h3>    <p>Alimentare il mais in modo uniforme e a ritmo costante. Evitare di sovraccaricare la macchina per garantire un output costante e fine, proteggendo al contempo il motore.<\/p>   <div class=\"wp-block-image\"> <figure class=\"aligncenter size-full\"><img loading=\"lazy\" decoding=\"async\" width=\"720\" height=\"540\" src=\"https:\/\/maizemachine.com\/wp-content\/uploads\/2022\/08\/Corn-Flour-Milling-Machine-Factory-Images.webp\" alt=\"Come utilizzare la macchina per la macinazione del mais\" class=\"wp-image-562\" title=\"\" srcset=\"https:\/\/maizemachine.com\/wp-content\/uploads\/2022\/08\/Corn-Flour-Milling-Machine-Factory-Images.webp 720w, https:\/\/maizemachine.com\/wp-content\/uploads\/2022\/08\/Corn-Flour-Milling-Machine-Factory-Images-300x225.webp 300w, https:\/\/maizemachine.com\/wp-content\/uploads\/2022\/08\/Corn-Flour-Milling-Machine-Factory-Images-16x12.webp 16w\" sizes=\"auto, (max-width: 720px) 100vw, 720px\" \/><figcaption class=\"wp-element-caption\">Come utilizzare la macchina per la macinazione del mais<\/figcaption><\/figure> <\/div>   <h2 class=\"wp-block-heading\">Guida alla manutenzione del mulino per mais<\/h2>    <ul class=\"wp-block-list\"> <li>Scollegare prima della pulizia: scollegare sempre l'alimentazione prima di pulire la macchina per evitare scosse elettriche o incidenti.<\/li>    <li>Pulizia e cura: utilizzare acqua pulita per lavare le parti esterne e interne della macchina. Asciugare con un panno per prevenire la ruggine e mantenere l'igiene.<\/li>    <li>Lubrificazione: applicare regolarmente lubrificante alle parti designate per garantire un funzionamento meccanico regolare e prolungare la durata della macchina.<\/li>    <li>Conservazione per inattivit\u00e0 a lungo termine: se la macchina non verr\u00e0 utilizzata per un periodo prolungato, proteggerla dall'umidit\u00e0 e dalla polvere conservandola in un'area asciutta e ben ventilata.<\/li> <\/ul>   <div class=\"wp-block-image\"> <figure class=\"aligncenter size-full\"><img loading=\"lazy\" decoding=\"async\" width=\"720\" height=\"540\" src=\"https:\/\/maizemachine.com\/wp-content\/uploads\/2022\/08\/Maintenance-guide-for-corn-milling-grinder.webp\" alt=\"Guida alla manutenzione del mulino per mais\" class=\"wp-image-569\" title=\"\" srcset=\"https:\/\/maizemachine.com\/wp-content\/uploads\/2022\/08\/Maintenance-guide-for-corn-milling-grinder.webp 720w, https:\/\/maizemachine.com\/wp-content\/uploads\/2022\/08\/Maintenance-guide-for-corn-milling-grinder-300x225.webp 300w, https:\/\/maizemachine.com\/wp-content\/uploads\/2022\/08\/Maintenance-guide-for-corn-milling-grinder-16x12.webp 16w\" sizes=\"auto, (max-width: 720px) 100vw, 720px\" \/><figcaption class=\"wp-element-caption\">Guida alla manutenzione del mulino per mais<\/figcaption><\/figure> <\/div>   <h2 class=\"wp-block-heading\">Guida all'acquisto del mulino per mais<\/h2>    <p>Quando si seleziona un piccolo mulino per farina di mais, si consiglia di considerare i seguenti fattori:<\/p>    <ul class=\"wp-block-list\"> <li>Capacit\u00e0 produttiva: scegliere una potenza e un modello adatti in base al volume di lavorazione giornaliero.<\/li>    <li>Condizioni di alimentazione: determinare se si dispone di elettricit\u00e0 stabile; considerare di conseguenza motori elettrici o motori diesel.<\/li>    <li>Requisiti di finezza di macinazione: alcuni utenti necessitano di farina grossolana, mentre altri richiedono polvere fine; assicurarsi che la configurazione del setaccio corrisponda alle proprie esigenze.<\/li>    <li>Multifunzionalit\u00e0: considerare se si desidera anche lavorare altri materiali, come peperoncino, fagioli, ecc.<\/li>    <li>Ricambi e assistenza post-vendita: dare priorit\u00e0 ai produttori che forniscono supporto per i ricambi e consulenza tecnica.<\/li> <\/ul>   <div class=\"wp-block-image\"> <figure class=\"aligncenter size-full\"><img loading=\"lazy\" decoding=\"async\" width=\"720\" height=\"540\" src=\"https:\/\/maizemachine.com\/wp-content\/uploads\/2022\/08\/Corn-mill-grinder-purchasing-guide.webp\" alt=\"Guida all&#039;acquisto del mulino per mais\" class=\"wp-image-568\" title=\"\" srcset=\"https:\/\/maizemachine.com\/wp-content\/uploads\/2022\/08\/Corn-mill-grinder-purchasing-guide.webp 720w, https:\/\/maizemachine.com\/wp-content\/uploads\/2022\/08\/Corn-mill-grinder-purchasing-guide-300x225.webp 300w, https:\/\/maizemachine.com\/wp-content\/uploads\/2022\/08\/Corn-mill-grinder-purchasing-guide-16x12.webp 16w\" sizes=\"auto, (max-width: 720px) 100vw, 720px\" \/><figcaption class=\"wp-element-caption\">Guida all'acquisto del mulino per mais<\/figcaption><\/figure> <\/div>   <h2 class=\"wp-block-heading\" id=\"h-what-are-the-types-of-corn-mill-machine\">Quali sono i tipi di macchine per la macinazione del mais?<\/h2>    <p>Nella fabbrica di macchinari per mais Taizy, disponiamo di un mulino a martelli per mais SL-150, un macinatore di cereali multifunzionale, un frantumatore di cereali con separatore ciclonico e altri mulini per mais.<\/p>    <p class=\"translation-block\">Rispetto alla macchina a dischi, il potente motore del mulino a martelli per mais SL-150 deve solo azionare la testa del martello per oscillare, invece dell'intera piastra di macinazione. Quindi \u00e8 pi\u00f9 efficiente dal punto di vista energetico rispetto al mulino a dischi. Un macinatore di cereali multifunzionale \u00e8 anche chiamato <strong><a href=\"https:\/\/maizemachine.com\/it\/product\/corn-grits-making-machine\/\">macchina per la produzione di grani di mais<\/a><\/strong>. Pu\u00f2 trasformare il mais in grani grossi, grani piccoli e farina di mais. Pertanto, questo macinatore di cereali multifunzionale \u00e8 pi\u00f9 pratico. <\/p>    <p>I frantoi a ciclone possono gestire anche una variet\u00e0 di materiali. La differenza \u00e8 che c'\u00e8 un barattolo nel dispositivo. Questo macina-grano ha un serbatoio di rimozione della polvere. Pu\u00f2 raccogliere la polvere mentre la macchina \u00e8 in funzione.<br>Puoi scegliere il tuo macinatore industriale per mais in base alle tue esigenze. Se hai domande, non esitare a contattarci.<\/p>   <div class=\"wp-block-image\"> <figure class=\"aligncenter size-full\"><img loading=\"lazy\" decoding=\"async\" width=\"720\" height=\"540\" src=\"https:\/\/maizemachine.com\/wp-content\/uploads\/2022\/08\/Corn-Mill-Machine.webp\" alt=\"Macchina per la macinazione del mais\" class=\"wp-image-558\" title=\"\" srcset=\"https:\/\/maizemachine.com\/wp-content\/uploads\/2022\/08\/Corn-Mill-Machine.webp 720w, https:\/\/maizemachine.com\/wp-content\/uploads\/2022\/08\/Corn-Mill-Machine-300x225.webp 300w, https:\/\/maizemachine.com\/wp-content\/uploads\/2022\/08\/Corn-Mill-Machine-16x12.webp 16w\" sizes=\"auto, (max-width: 720px) 100vw, 720px\" \/><figcaption class=\"wp-element-caption\">Macchina per la macinazione del mais<\/figcaption><\/figure> <\/div>   <h2 class=\"wp-block-heading\" id=\"h-why-do-customers-choose-us\">Perch\u00e9 i clienti ci scelgono?<\/h2>    <ol class=\"wp-block-list\"> <li>Non siamo solo un produttore di macchine per farina di mais, ma anche un produttore professionale di attrezzature per la lavorazione del mais. Pertanto, rispetto ad altri produttori, siamo pi\u00f9 professionali.<\/li>    <li>Migliore assistenza post-vendita. Non solo abbiamo un buon servizio pre-vendita, ma anche lo stesso servizio post-vendita. Quando i clienti incontrano problemi, li aiutiamo a risolverli la prima volta. Pertanto, molti clienti sono diventati nostri clienti abituali.<\/li>    <li>Velocit\u00e0 di consegna rapida. Come \u00e8 comune nelle attrezzature per la lavorazione del mais, il mulino per mais ha molte scorte nella nostra fabbrica. Pertanto, la nostra velocit\u00e0 di consegna \u00e8 molto rapida.<\/li> <\/ol>    <p><\/p>","protected":false},"excerpt":{"rendered":"<p>The corn mill grinder, also known as a flour and pulp grinder or disc mill machine, is a multifunctional and efficient grain processing device mainly used for grinding corn, wheat, rice, sorghum, and other cereal crops into fine powder. The small household-use corn mill grinder offered by Taizy has an output of 50\u2013150 kg\/h and [&hellip;]<\/p>\n","protected":false},"author":1,"featured_media":556,"parent":0,"template":"","tags":[11],"product-type":[10],"class_list":["post-63","product","type-product","status-publish","has-post-thumbnail","hentry","tag-corn-mill-grinder","product-type-corn-milling-machine"],"_links":{"self":[{"href":"https:\/\/maizemachine.com\/it\/wp-json\/wp\/v2\/product\/63","targetHints":{"allow":["GET"]}}],"collection":[{"href":"https:\/\/maizemachine.com\/it\/wp-json\/wp\/v2\/product"}],"about":[{"href":"https:\/\/maizemachine.com\/it\/wp-json\/wp\/v2\/types\/product"}],"author":[{"embeddable":true,"href":"https:\/\/maizemachine.com\/it\/wp-json\/wp\/v2\/users\/1"}],"wp:featuredmedia":[{"embeddable":true,"href":"https:\/\/maizemachine.com\/it\/wp-json\/wp\/v2\/media\/556"}],"wp:attachment":[{"href":"https:\/\/maizemachine.com\/it\/wp-json\/wp\/v2\/media?parent=63"}],"wp:term":[{"taxonomy":"post_tag","embeddable":true,"href":"https:\/\/maizemachine.com\/it\/wp-json\/wp\/v2\/tags?post=63"},{"taxonomy":"product-type","embeddable":true,"href":"https:\/\/maizemachine.com\/it\/wp-json\/wp\/v2\/product-type?post=63"}],"curies":[{"name":"wp","href":"https:\/\/api.w.org\/{rel}","templated":true}]}}