{"id":323,"date":"2023-08-22T18:17:39","date_gmt":"2023-08-22T10:17:39","guid":{"rendered":"https:\/\/maizemachine.com\/?post_type=product&#038;p=323"},"modified":"2025-07-04T14:14:21","modified_gmt":"2025-07-04T06:14:21","slug":"corn-grits-making-machine","status":"publish","type":"product","link":"https:\/\/maizemachine.com\/it\/product\/corn-grits-making-machine\/","title":{"rendered":"Macchina per la produzione di semolino di mais, farina di mais"},"content":{"rendered":"<p class=\"translation-block\"><strong><em>Macchina per la produzione di semola di mais<\/em><\/strong> \u00e8 un'attrezzatura progettata per elaborare i chicchi di mais in semola di mais, che sono particelle grossolane di mais utilizzate in varie applicazioni culinarie. La semola di mais \u00e8 comunemente utilizzata in piatti come polenta, porridge e alcuni tipi di pane. Questa macchina non solo produce semola di mais, ma anche farina di mais. Pertanto, \u00e8 una macchina necessaria per un impianto di lavorazione della semola di mais.<\/p>    <p class=\"translation-block\">La macchina per la lavorazione della semola di mais pu\u00f2 produrre fino a <strong><em>1000 kg di semola di mais<\/em><\/strong> all'ora, con una capacit\u00e0 di <strong><em>sbucciatura del mais<\/em><\/strong> di <strong><em>350\u2013450 kg<\/em><\/strong> e <strong><em>un'uscita di farina di mais che raggiunge 350 kg.<\/em><\/strong><\/p>    <p class=\"translation-block\">Per soddisfare le esigenze di diversi clienti, abbiamo prodotto cinque modelli diversi di macchine per la produzione di semola di mais: <strong><em>T1, <\/em><\/strong><em>T2<\/em><strong><em>, T3, <\/em><\/strong><em>C2,<\/em><strong><em> <\/em><\/strong><em>e PH.<\/em> Questi modelli differiscono in termini di capacit\u00e0 di produzione, aspetto e funzioni. Il mais pu\u00f2 essere prima lavorato con una <strong><a href=\"https:\/\/maizemachine.com\/it\/product\/multifunctional-maize-thresher-machine\/\">macchina per la sgranatura del mais<\/a><\/strong> prima di subire ulteriori lavorazioni.<\/p>   <div class=\"wp-block-image\"> <figure class=\"aligncenter size-full\"><img loading=\"lazy\" decoding=\"async\" width=\"720\" height=\"540\" src=\"http:\/\/maizemachine.com\/wp-content\/uploads\/2023\/08\/multifuctional-maize-grits-making-machine.webp\" alt=\"macchina multifunzionale per la produzione di semole di mais\" class=\"wp-image-332\" title=\"\" srcset=\"https:\/\/maizemachine.com\/wp-content\/uploads\/2023\/08\/multifuctional-maize-grits-making-machine.webp 720w, https:\/\/maizemachine.com\/wp-content\/uploads\/2023\/08\/multifuctional-maize-grits-making-machine-300x225.webp 300w\" sizes=\"auto, (max-width: 720px) 100vw, 720px\" \/><figcaption class=\"wp-element-caption\">macchina multifunzionale per la produzione di semole di mais<\/figcaption><\/figure> <\/div>   <h2 class=\"wp-block-heading\">La funzione della macchina per la produzione di semole di mais<\/h2>    <p>La macchina per la semola di mais \u00e8 un'attrezzatura all'avanguardia che offre una soluzione completa per la lavorazione dei chicchi di mais in semola di mais di alta qualit\u00e0. <\/p>    <p>Con caratteristiche come pulizia, sbucciatura, rimozione dei germogli, rimozione delle radici, rimozione dell'ombelico nero, macinazione e classificazione, questa macchina per la produzione di semole di mais elimina la necessit\u00e0 di pi\u00f9 processi autonomi.<\/p>    <p class=\"translation-block\"> \u00c8 anche in grado di produrre semola di mais di diverse dimensioni e gradi di particelle, soddisfacendo vari requisiti culinari. Se vuoi solo ottenere farina di mais, abbiamo una <a href=\"https:\/\/maizemachine.com\/it\/product\/corn-hammer-mill-machine\/\">macchina per la macinazione del mais<\/a> speciale in vendita.<\/p>   <div class=\"wp-block-image\"> <figure class=\"aligncenter size-full\"><img loading=\"lazy\" decoding=\"async\" width=\"720\" height=\"540\" src=\"http:\/\/maizemachine.com\/wp-content\/uploads\/2022\/08\/finished-products.webp\" alt=\"prodotti finiti\" class=\"wp-image-53\" title=\"\" srcset=\"https:\/\/maizemachine.com\/wp-content\/uploads\/2022\/08\/finished-products.webp 720w, https:\/\/maizemachine.com\/wp-content\/uploads\/2022\/08\/finished-products-300x225.webp 300w\" sizes=\"auto, (max-width: 720px) 100vw, 720px\" \/><figcaption class=\"wp-element-caption\">prodotti finiti<\/figcaption><\/figure> <\/div>   <h2 class=\"wp-block-heading\">Processo di produzione delle semole di mais<\/h2>    <p class=\"translation-block\">La sequenza operativa del <strong><em>Mulino per Semola di Mais<\/em><\/strong> \u00e8 progettata strategicamente per massimizzare l'efficienza. <\/p>    <p>Il processo di produzione della semola di mais inizia con la rimozione della buccia del mais, seguita dalla separazione dei singoli chicchi di mais. Questi chicchi vengono quindi inseriti nel canale di ingresso della macchina, dove subiscono una serie di processi, culminando nella produzione di semola di mais di alta qualit\u00e0. <\/p>    <p>La versatilit\u00e0 della macchina consente di ottenere tre prodotti distinti a base di mais: semola di mais grossa, semola di mais fine e farina di mais.<\/p>    <figure class=\"wp-block-embed is-type-video is-provider-youtube wp-block-embed-youtube wp-embed-aspect-16-9 wp-has-aspect-ratio\"><div class=\"wp-block-embed__wrapper\"> <iframe loading=\"lazy\" title=\"Macchina per la produzione di semola di mais | Video di prova della macchina per la macinazione della semola di mais\" width=\"500\" height=\"281\" src=\"https:\/\/www.youtube.com\/embed\/G54e1Zb1bxo?feature=oembed\" frameborder=\"0\" allow=\"accelerometer; autoplay; clipboard-write; encrypted-media; gyroscope; picture-in-picture; web-share\" referrerpolicy=\"strict-origin-when-cross-origin\" allowfullscreen><\/iframe> <\/div><\/figure>    <h3 class=\"wp-block-heading\">Parametri tecnici della macchina per la macinazione della semola di mais<\/h3>    <h3 class=\"wp-block-heading has-text-align-center\">Tipo T1<\/h3>    <figure class=\"wp-block-table\"><table><tbody><tr><td>Modello<\/td><td>T1<\/td><\/tr><tr><td>Potenza<\/td><td>7.5kw<\/td><\/tr><tr><td>Capacit\u00e0<\/td><td>1000kg<\/td><\/tr><tr><td>Velocit\u00e0 del mandrino<\/td><td>1150 giri\/min<\/td><\/tr><tr><td>Tensione nominale<\/td><td>380v<\/td><\/tr><\/tbody><\/table><\/figure>   <div class=\"wp-block-image\"> <figure class=\"aligncenter size-full\"><img loading=\"lazy\" decoding=\"async\" width=\"720\" height=\"540\" src=\"https:\/\/maizemachine.com\/wp-content\/uploads\/2023\/08\/T1.webp\" alt=\"T1\" class=\"wp-image-466\" title=\"\" srcset=\"https:\/\/maizemachine.com\/wp-content\/uploads\/2023\/08\/T1.webp 720w, https:\/\/maizemachine.com\/wp-content\/uploads\/2023\/08\/T1-300x225.webp 300w, https:\/\/maizemachine.com\/wp-content\/uploads\/2023\/08\/T1-16x12.webp 16w\" sizes=\"auto, (max-width: 720px) 100vw, 720px\" \/><figcaption class=\"wp-element-caption\">T1<\/figcaption><\/figure> <\/div>   <p>Sopra ci sono i parametri della macchina per semole di mais. La potenza di questa macchina \u00e8 di 7,5 kW. La capacit\u00e0 di produzione \u00e8 di 1000 kg\/h. Se hai altre esigenze, non esitare a contattarci.<\/p>    <h3 class=\"wp-block-heading has-text-align-center\">Tipo T3<\/h3>    <figure class=\"wp-block-table\"><table><tbody><tr><td>Modello<\/td><td>T3<\/td><\/tr><tr><td>Potenza<\/td><td>7.5kw+4kw<\/td><\/tr><tr><td>Capacit\u00e0<\/td><td>300-400Kg\/h<\/td><\/tr><tr><td>Dimensioni<\/td><td>140*230*130CM<\/td><\/tr><tr><td>Tensione nominale<\/td><td>380v<\/td><\/tr><\/tbody><\/table><\/figure>   <div class=\"wp-block-image\"> <figure class=\"aligncenter size-full\"><img loading=\"lazy\" decoding=\"async\" width=\"720\" height=\"540\" src=\"https:\/\/maizemachine.com\/wp-content\/uploads\/2023\/08\/T3.webp\" alt=\"T3\" class=\"wp-image-467\" title=\"\" srcset=\"https:\/\/maizemachine.com\/wp-content\/uploads\/2023\/08\/T3.webp 720w, https:\/\/maizemachine.com\/wp-content\/uploads\/2023\/08\/T3-300x225.webp 300w, https:\/\/maizemachine.com\/wp-content\/uploads\/2023\/08\/T3-16x12.webp 16w\" sizes=\"auto, (max-width: 720px) 100vw, 720px\" \/><figcaption class=\"wp-element-caption\">T3<\/figcaption><\/figure> <\/div>   <h3 class=\"wp-block-heading has-text-align-center\">Tipo PH<\/h3>    <figure class=\"wp-block-table\"><table><tbody><tr><td>Modello<\/td><td>PH<\/td><\/tr><tr><td>Potenza<\/td><td>11kw<\/td><\/tr><tr><td>Capacit\u00e0<\/td><td>300kg\/h<\/td><\/tr><tr><td>Dimensioni<\/td><td>200*130*65CM<\/td><\/tr><tr><td>Tensione nominale<\/td><td>380v<\/td><\/tr><\/tbody><\/table><\/figure>   <div class=\"wp-block-image\"> <figure class=\"aligncenter size-full\"><img loading=\"lazy\" decoding=\"async\" width=\"720\" height=\"540\" src=\"https:\/\/maizemachine.com\/wp-content\/uploads\/2023\/08\/PH.webp\" alt=\"PH\" class=\"wp-image-469\" title=\"\" srcset=\"https:\/\/maizemachine.com\/wp-content\/uploads\/2023\/08\/PH.webp 720w, https:\/\/maizemachine.com\/wp-content\/uploads\/2023\/08\/PH-300x225.webp 300w, https:\/\/maizemachine.com\/wp-content\/uploads\/2023\/08\/PH-16x12.webp 16w\" sizes=\"auto, (max-width: 720px) 100vw, 720px\" \/><figcaption class=\"wp-element-caption\">PH<\/figcaption><\/figure> <\/div>   <h3 class=\"wp-block-heading has-text-align-center\">Tipo C2<\/h3>    <figure class=\"wp-block-table\"><table><tbody><tr><td>Modello<\/td><td>C2<\/td><\/tr><tr><td>Potenza<\/td><td>7.5kw<\/td><\/tr><tr><td>Capacit\u00e0<\/td><td>300-400kg\/h<\/td><\/tr><tr><td>Dimensioni<\/td><td>190*60*130CM<\/td><\/tr><tr><td>Tensione nominale<\/td><td>380v<\/td><\/tr><\/tbody><\/table><\/figure>   <div class=\"wp-block-image\"> <figure class=\"aligncenter size-full\"><img loading=\"lazy\" decoding=\"async\" width=\"720\" height=\"540\" src=\"https:\/\/maizemachine.com\/wp-content\/uploads\/2023\/08\/C2.webp\" alt=\"C2\" class=\"wp-image-468\" title=\"\" srcset=\"https:\/\/maizemachine.com\/wp-content\/uploads\/2023\/08\/C2.webp 720w, https:\/\/maizemachine.com\/wp-content\/uploads\/2023\/08\/C2-300x225.webp 300w, https:\/\/maizemachine.com\/wp-content\/uploads\/2023\/08\/C2-16x12.webp 16w\" sizes=\"auto, (max-width: 720px) 100vw, 720px\" \/><figcaption class=\"wp-element-caption\">C2<\/figcaption><\/figure> <\/div>   <p class=\"translation-block\">Tra i modelli disponibili, <strong><em>T1 e T3<\/em><\/strong> sono le nostre migliori raccomandazioni grazie alla loro funzionalit\u00e0 migliorata e all'eccellente rapporto costo-efficacia. Non esitare a contattarci per maggiori dettagli su queste macchine.<\/p>    <h2 class=\"wp-block-heading\">Quali sono i benefici della macchina per la produzione di semola di mais?<\/h2>    <ul class=\"wp-block-list\"> <li><strong>Multifunzionalit\u00e0:<\/strong> La macchina per la produzione di semola di mais integra pi\u00f9 fasi di lavorazione, tra cui pulizia, sgranatura, disembriatura, disrooting, macinazione, classificazione e lucidatura, il tutto in un'unica operazione. Questa versatilit\u00e0 non solo migliora l'efficienza della lavorazione, ma riduce anche i costi di manodopera e di tempo.<\/li>    <li><strong>Elaborazione precisa: <\/strong>La macchina \u00e8 in grado di produrre semola di mais di diverse dimensioni e gradi di granello in modo preciso secondo le esigenze.<\/li>    <li><strong>Alta qualit\u00e0 dei prodotti finiti:<\/strong> La macchina per la produzione di semole di mais garantisce coerenza nella qualit\u00e0 e nel gusto delle semole prodotte attraverso procedure di lavorazione standardizzate. Questo aiuta a soddisfare la domanda dei consumatori per alimenti di alta qualit\u00e0.<\/li>    <li><strong>Alta capacit\u00e0 e straordinaria efficienza: <\/strong>Con una capacit\u00e0 di elaborazione di <strong>1000kg<\/strong> all'ora, \u00e8 ideale per cereali di media e grande scala.<\/li>    <li><strong>Prestazioni del motore potenti:<\/strong> Dotato di un <strong>7,5 kW<\/strong> motore di grado industriale per una potenza forte e stabile.<\/li>    <li><strong>Operazione user-friendly e facile manutenzione: <\/strong>Pannello di controllo semplice e intuitivo: facile da usare anche per lavoratori non specializzati dopo un breve addestramento.<\/li> <\/ul>   <div class=\"wp-block-image\"> <figure class=\"aligncenter size-full\"><img loading=\"lazy\" decoding=\"async\" width=\"720\" height=\"540\" src=\"http:\/\/maizemachine.com\/wp-content\/uploads\/2023\/08\/corn-grits-milling-machine-for-sale.webp\" alt=\"macchina per la macinazione di semola di mais in vendita\" class=\"wp-image-328\" title=\"\" srcset=\"https:\/\/maizemachine.com\/wp-content\/uploads\/2023\/08\/corn-grits-milling-machine-for-sale.webp 720w, https:\/\/maizemachine.com\/wp-content\/uploads\/2023\/08\/corn-grits-milling-machine-for-sale-300x225.webp 300w\" sizes=\"auto, (max-width: 720px) 100vw, 720px\" \/><figcaption class=\"wp-element-caption\">macchina per la macinazione di semola di mais in vendita<\/figcaption><\/figure> <\/div>   <h2 class=\"wp-block-heading\">Come funziona la macchina per la macinazione del grano di mais?<\/h2>    <h3 class=\"wp-block-heading\">Sbucciatura del Mais<\/h3>    <p>La sbucciatura a umido \u00e8 generalmente adottata, richiedendo che il contenuto di umidit\u00e0 del mais raggiunga il 16-17% prima di entrare nella macchina. Il tempo di ammollo dovrebbe essere di circa 10 minuti. La condizione ideale \u00e8 quando la buccia del mais pu\u00f2 essere facilmente rimossa con un'unghia.<br>Nota: I chicchi di mais con acqua superficiale visibile sono severamente vietati all'ingresso della macchina, poich\u00e9 ci\u00f2 potrebbe causare inceppamenti. Inoltre, evitare tempi di ammollo eccessivi. Il processo di sbucciatura dovrebbe essere eseguito due volte per garantire una rimozione completa.<\/p>    <h3 class=\"wp-block-heading\">Operazione<\/h3>    <ul class=\"wp-block-list\"> <li>Avvia la macchina e attendi fino a quando non funziona in modo stabile. Quindi, apri gradualmente la porta di alimentazione e regola il flusso del materiale in base al carico del motore.<\/li> <\/ul>    <ul class=\"wp-block-list\"> <li>Se, durante il funzionamento iniziale, la qualit\u00e0 del mais sbucciato o dei semolini non \u00e8 soddisfacente, il materiale deve essere restituito per una nuova sbucciatura.<\/li> <\/ul>    <ul class=\"wp-block-list\"> <li>Durante il funzionamento della macchina, monitora sempre il suono della macchina. Se si verifica un rumore anomalo, fermare immediatamente la macchina per un'ispezione.<\/li> <\/ul>    <ul class=\"wp-block-list\"> <li>In caso di inceppamento, chiudere prontamente la porta di alimentazione, ridurre la pressione di uscita, ruotare lentamente a mano la puleggia del motore o rimuovere il telaio del setaccio per liberare il blocco. Quindi riavviare la macchina per riprendere il normale funzionamento.<\/li> <\/ul>    <h3 class=\"wp-block-heading\">Arresto<\/h3>    <p>Prima di spegnere, chiudere la valvola di alimentazione per fermare l'alimentazione. Tirare leggermente la piastra di scarico e lasciare che la macchina funzioni per circa 30 secondi prima di spegnere l'alimentazione.<\/p>    <h2 class=\"wp-block-heading\">Applicazioni della semola di mais<\/h2>    <p class=\"translation-block\">La semola di mais \u00e8 un ingrediente versatile che ha una vasta gamma di applicazioni nella cucina e nella preparazione degli alimenti. La semola di mais pu\u00f2 essere utilizzata per fare una variet\u00e0 di cibi come <strong><em>polenta di mais, <a href=\"http:\/\/cornbread\">pane di mais<\/a>, dolci di mais, tortilla di mais, torte di mais, pasta di semola, zuppa di semola e dessert di semola.<\/em><\/strong><\/p>   <div class=\"wp-block-image\"> <figure class=\"aligncenter size-full\"><img loading=\"lazy\" decoding=\"async\" width=\"720\" height=\"540\" src=\"https:\/\/maizemachine.com\/wp-content\/uploads\/2023\/08\/Deep-Processing-of-Corn.webp\" alt=\"Lavorazione approfondita del mais\" class=\"wp-image-470\" title=\"\" srcset=\"https:\/\/maizemachine.com\/wp-content\/uploads\/2023\/08\/Deep-Processing-of-Corn.webp 720w, https:\/\/maizemachine.com\/wp-content\/uploads\/2023\/08\/Deep-Processing-of-Corn-300x225.webp 300w, https:\/\/maizemachine.com\/wp-content\/uploads\/2023\/08\/Deep-Processing-of-Corn-16x12.webp 16w\" sizes=\"auto, (max-width: 720px) 100vw, 720px\" \/><figcaption class=\"wp-element-caption\">Lavorazione approfondita del mais<\/figcaption><\/figure> <\/div>   <h2 class=\"wp-block-heading\">L'applicazione della macchina per la semola di mais nel mercato globale<\/h2>    <p>La versatilit\u00e0 e l'efficienza della macchina per la produzione di semola di mais hanno portato alla sua adozione in numerosi paesi, tra cui le Filippine, Timor Est, Bangladesh, Kenya, Burkina Faso, Angola, Zambia e Somalia. Questa macchina ha notevolmente migliorato le capacit\u00e0 di lavorazione del mais in queste regioni, consentendo la produzione di semola di mais di alta qualit\u00e0 e costante.<\/p>   <div class=\"wp-block-image\"> <figure class=\"aligncenter size-full\"><img loading=\"lazy\" decoding=\"async\" width=\"720\" height=\"540\" src=\"http:\/\/maizemachine.com\/wp-content\/uploads\/2023\/08\/corn-grits-machine-shipped-to-usa.webp\" alt=\"macchina per semola di mais spedita negli Stati Uniti\" class=\"wp-image-325\" title=\"\" srcset=\"https:\/\/maizemachine.com\/wp-content\/uploads\/2023\/08\/corn-grits-machine-shipped-to-usa.webp 720w, https:\/\/maizemachine.com\/wp-content\/uploads\/2023\/08\/corn-grits-machine-shipped-to-usa-300x225.webp 300w\" sizes=\"auto, (max-width: 720px) 100vw, 720px\" \/><figcaption class=\"wp-element-caption\">macchina per semola di mais spedita negli Stati Uniti<\/figcaption><\/figure> <\/div>   <h2 class=\"wp-block-heading\">Come acquisire una macchina per la macinazione della semola di mais?<\/h2>    <p>Per coloro che cercano di investire in una macchina per la produzione di semola di mais, contattare Taizy Corn Machinery \u00e8 una scelta saggia. Con una gamma di modelli disponibili, Taizy Corn Machinery offre soluzioni personalizzate per soddisfare diverse esigenze di lavorazione. Per esplorare le loro offerte o effettuare un acquisto, le parti interessate possono contattarli facilmente. <\/p>   <div class=\"wp-block-image\"> <figure class=\"aligncenter size-full\"><img loading=\"lazy\" decoding=\"async\" width=\"720\" height=\"540\" src=\"http:\/\/maizemachine.com\/wp-content\/uploads\/2023\/08\/maize-grits-making-machine-for-sale.webp\" alt=\"macchina per la produzione di semola di mais in vendita\" class=\"wp-image-331\" title=\"\" srcset=\"https:\/\/maizemachine.com\/wp-content\/uploads\/2023\/08\/maize-grits-making-machine-for-sale.webp 720w, https:\/\/maizemachine.com\/wp-content\/uploads\/2023\/08\/maize-grits-making-machine-for-sale-300x225.webp 300w\" sizes=\"auto, (max-width: 720px) 100vw, 720px\" \/><figcaption class=\"wp-element-caption\">macchina per la produzione di semola di mais in vendita<\/figcaption><\/figure> <\/div>   <h2 class=\"wp-block-heading\">Taizy Corn Machinery: un produttore leader in Cina<\/h2>    <p class=\"translation-block\">Quando si parla di produttori di macchine per il mais, Taizy <a href=\"https:\/\/maizemachine.com\/it\/\">Corn Machinery<\/a> inevitabilmente viene alla ribalta. Rinomata per la sua esperienza e impegno per la qualit\u00e0, Taizy Corn Machinery si \u00e8 affermata come un nome di spicco nel settore. La nostra macchina per la macinazione della semola di mais esemplifica l'ingegneria di precisione e l'innovazione, soddisfacendo le esigenze di un paesaggio di lavorazione alimentare in rapida evoluzione.<\/p>    <p>La macchina per la produzione di semola di mais \u00e8 una testimonianza del progresso tecnologico nell'industria della lavorazione alimentare. La sua capacit\u00e0 di semplificare varie fasi di lavorazione del mais, insieme alla sua applicazione globale, sottolinea la sua importanza. Con Taizy Corn Machinery che guida l'eccellenza nella produzione, le parti interessate possono rivolgersi a noi con fiducia per le loro esigenze di lavorazione del mais.<\/p>    <h2 class=\"wp-block-heading\">Raccomandazioni per attrezzature di lavorazione del mais<\/h2>    <div class=\"wp-block-columns is-layout-flex wp-container-core-columns-is-layout-9d6595d7 wp-block-columns-is-layout-flex\"> <div class=\"wp-block-column is-layout-flow wp-block-column-is-layout-flow\"> <figure class=\"wp-block-embed is-type-wp-embed is-provider-maize-machine wp-block-embed-maize-machine\"><div class=\"wp-block-embed__wrapper\"> <blockquote class=\"wp-embedded-content\" data-secret=\"Ff4nu8J8S5\"><a href=\"https:\/\/maizemachine.com\/it\/product\/2-row-corn-picker\/\">Raccoglitore di mais a 2 file | Mietitrebbia di mais a 2 file<\/a><\/blockquote><iframe loading=\"lazy\" class=\"wp-embedded-content\" sandbox=\"allow-scripts\" security=\"restricted\" style=\"position: absolute; visibility: hidden;\" title=\"&quot;Raccoglitore di Mais a 2 File | Mietitrebbia di Mais a 2 File&quot; \u2014 Macchina per Mais\" src=\"https:\/\/maizemachine.com\/product\/2-row-corn-picker\/embed\/#?secret=SCskyf9Z0v#?secret=Ff4nu8J8S5\" data-secret=\"Ff4nu8J8S5\" width=\"500\" height=\"282\" frameborder=\"0\" marginwidth=\"0\" marginheight=\"0\" scrolling=\"no\"><\/iframe> <\/div><\/figure> <\/div>    <div class=\"wp-block-column is-layout-flow wp-block-column-is-layout-flow\"> <figure class=\"wp-block-embed is-type-wp-embed is-provider-maize-machine wp-block-embed-maize-machine\"><div class=\"wp-block-embed__wrapper\"> <blockquote class=\"wp-embedded-content\" data-secret=\"eOCgqfwYH7\"><a href=\"https:\/\/maizemachine.com\/it\/product\/multifunctional-maize-thresher-machine\/\">Macchina Threshing Multifunzionale per Mais in Vendita<\/a><\/blockquote><iframe loading=\"lazy\" class=\"wp-embedded-content\" sandbox=\"allow-scripts\" security=\"restricted\" style=\"position: absolute; visibility: hidden;\" title=\"&quot;Macchina Trebbiante di Mais Multifunzionale in Vendita&quot; \u2014 Macchina per Mais\" src=\"https:\/\/maizemachine.com\/product\/multifunctional-maize-thresher-machine\/embed\/#?secret=Cmn9PRgbde#?secret=eOCgqfwYH7\" data-secret=\"eOCgqfwYH7\" width=\"500\" height=\"282\" frameborder=\"0\" marginwidth=\"0\" marginheight=\"0\" scrolling=\"no\"><\/iframe> <\/div><\/figure> <\/div> <\/div>    <p><\/p>","protected":false},"excerpt":{"rendered":"<p>La macchina per la produzione di semola di mais \u00e8 un attrezzo progettato per trasformare i chicchi di mais in semola di mais, che sono particelle grossolane di mais utilizzate in varie applicazioni culinarie.<\/p>","protected":false},"author":1,"featured_media":329,"parent":0,"template":"","tags":[23],"product-type":[10],"class_list":["post-323","product","type-product","status-publish","has-post-thumbnail","hentry","tag-corn-grits","product-type-corn-milling-machine"],"_links":{"self":[{"href":"https:\/\/maizemachine.com\/it\/wp-json\/wp\/v2\/product\/323","targetHints":{"allow":["GET"]}}],"collection":[{"href":"https:\/\/maizemachine.com\/it\/wp-json\/wp\/v2\/product"}],"about":[{"href":"https:\/\/maizemachine.com\/it\/wp-json\/wp\/v2\/types\/product"}],"author":[{"embeddable":true,"href":"https:\/\/maizemachine.com\/it\/wp-json\/wp\/v2\/users\/1"}],"wp:featuredmedia":[{"embeddable":true,"href":"https:\/\/maizemachine.com\/it\/wp-json\/wp\/v2\/media\/329"}],"wp:attachment":[{"href":"https:\/\/maizemachine.com\/it\/wp-json\/wp\/v2\/media?parent=323"}],"wp:term":[{"taxonomy":"post_tag","embeddable":true,"href":"https:\/\/maizemachine.com\/it\/wp-json\/wp\/v2\/tags?post=323"},{"taxonomy":"product-type","embeddable":true,"href":"https:\/\/maizemachine.com\/it\/wp-json\/wp\/v2\/product-type?post=323"}],"curies":[{"name":"wp","href":"https:\/\/api.w.org\/{rel}","templated":true}]}}