{"id":278,"date":"2023-03-08T17:21:19","date_gmt":"2023-03-08T09:21:19","guid":{"rendered":"https:\/\/maizemachine.com\/?post_type=product&#038;p=278"},"modified":"2025-12-30T17:39:31","modified_gmt":"2025-12-30T09:39:31","slug":"multifunctional-maize-thresher-machine","status":"publish","type":"product","link":"https:\/\/maizemachine.com\/it\/product\/multifunctional-maize-thresher-machine\/","title":{"rendered":"Macchina multifunzionale per la trebbiatura del mais da 2-4 ton\/h in vendita"},"content":{"rendered":"<p>La battitrice multifunzionale per mais \u00e8 una macchina per trebbiatura di mais, soia, sorgo, fave, riso e altre colture. Gli utenti devono solo sostituire il setaccio per ottenere la trebbiatura di colture diverse. <\/p>   <div class=\"wp-block-image\"> <figure class=\"aligncenter size-full\"><img loading=\"lazy\" decoding=\"async\" width=\"720\" height=\"540\" src=\"https:\/\/maizemachine.com\/wp-content\/uploads\/2023\/03\/Multifunctional-Maize-Thresher-Machine.webp\" alt=\"Macchina Sgranatrice Multifunzionale per Mais\" class=\"wp-image-640\" title=\"\" srcset=\"https:\/\/maizemachine.com\/wp-content\/uploads\/2023\/03\/Multifunctional-Maize-Thresher-Machine.webp 720w, https:\/\/maizemachine.com\/wp-content\/uploads\/2023\/03\/Multifunctional-Maize-Thresher-Machine-300x225.webp 300w, https:\/\/maizemachine.com\/wp-content\/uploads\/2023\/03\/Multifunctional-Maize-Thresher-Machine-16x12.webp 16w\" sizes=\"auto, (max-width: 720px) 100vw, 720px\" \/><figcaption class=\"wp-element-caption\">Macchina Sgranatrice Multifunzionale per Mais<\/figcaption><\/figure> <\/div>   <p class=\"translation-block\">Questa macchina battitrice per mais pu\u00f2 lavorare <strong><em>2\u20134<\/em><\/strong> tonnellate di mais <strong><em>all'ora<\/em><\/strong>, <strong><em>1\u20132<\/em><\/strong> tonnellate di sorgo o miglio, e <strong><em>0.5\u20130.8<\/em><\/strong> tonnellate di soia.<\/p>    <p>La macchina pu\u00f2 essere dotata di grandi pneumatici e di un telaio robusto per un facile spostamento. Ha due grandi ventole per soffiare via le impurit\u00e0 leggere e un setaccio vibrante per rimuovere piccole incrostazioni, pietre o semi raggrinziti, perci\u00f2 il mais trebbiato \u00e8 molto pulito.<\/p>    <p class=\"translation-block\">Da Taizy Machinery, non abbiamo solo grandi battitrici multifunzionali per mais, ma anche piccole <a href=\"https:\/\/maizemachine.com\/it\/product\/maize-sheller\/\">macchine sgranatrici di mais<\/a> e <a href=\"https:\/\/maizemachine.com\/it\/product\/sweet-corn-sheller\/\">sgranatrici per mais dolce<\/a> in vendita. Il colore della macchina \u00e8 opzionale. La nostra fabbrica produce spesso battitrici per mais in rosso e verde.<\/p>    <h2 class=\"wp-block-heading\">Progettazione della macchina sgranatrice di mais multifunzionale<\/h2>    <p class=\"translation-block\">La macchina \u00e8 composta principalmente da un <strong>imbocco di alimentazione, ventilatore, uscita impurit\u00e0, parte di seconda scrematura, doppia ventola, setaccio vibrante, telaio, piastra di supporto, grande ruota, parte di trebbiatura e bocca di scarico.<\/strong> L'immagine sottostante \u00e8 il diagramma strutturale della macchina.<\/p>   <div class=\"wp-block-image\"> <figure class=\"aligncenter size-full\"><img loading=\"lazy\" decoding=\"async\" width=\"720\" height=\"540\" src=\"http:\/\/maizemachine.com\/wp-content\/uploads\/2023\/03\/structure-of-corn-sheller.webp\" alt=\"struttura della sgranatrice di mais\" class=\"wp-image-284\" title=\"\" srcset=\"https:\/\/maizemachine.com\/wp-content\/uploads\/2023\/03\/structure-of-corn-sheller.webp 720w, https:\/\/maizemachine.com\/wp-content\/uploads\/2023\/03\/structure-of-corn-sheller-300x225.webp 300w\" sizes=\"auto, (max-width: 720px) 100vw, 720px\" \/><figcaption class=\"wp-element-caption\">struttura della sgranatrice di mais<\/figcaption><\/figure> <\/div>   <div class=\"wp-block-columns is-layout-flex wp-container-core-columns-is-layout-9d6595d7 wp-block-columns-is-layout-flex\"> <div class=\"wp-block-column is-layout-flow wp-block-column-is-layout-flow\"> <details class=\"wp-block-details is-layout-flow wp-block-details-is-layout-flow\"><summary>Coclea di alimentazione<\/summary> <p>Utilizzata per inserire le pannocchie o le colture, garantendo un'alimentazione uniforme nella camera di trebbiatura.<\/p> <\/details> <\/div>    <div class=\"wp-block-column is-layout-flow wp-block-column-is-layout-flow\"> <details class=\"wp-block-details is-layout-flow wp-block-details-is-layout-flow\"><summary>Ventilatore<\/summary> <p>Fornisce flusso d'aria per soffiare via impurit\u00e0 leggere come bucce di mais e pezzi di paglia.<\/p> <\/details> <\/div> <\/div>    <div class=\"wp-block-columns is-layout-flex wp-container-core-columns-is-layout-9d6595d7 wp-block-columns-is-layout-flex\"> <div class=\"wp-block-column is-layout-flow wp-block-column-is-layout-flow\"> <details class=\"wp-block-details is-layout-flow wp-block-details-is-layout-flow\"><summary>Uscita impurit\u00e0<\/summary> <p>Scarica le impurit\u00e0 soffiati via dal ventilatore, impedendo che si mescolino con il mais pulito.<\/p> <\/details> <\/div>    <div class=\"wp-block-column is-layout-flow wp-block-column-is-layout-flow\"> <details class=\"wp-block-details is-layout-flow wp-block-details-is-layout-flow\"><summary>Parte di seconda scrematura<\/summary> <p>Esegue una seconda selezione del mais trebbiato per rimuovere eventuali impurit\u00e0 residue.<\/p> <\/details> <\/div> <\/div>    <div class=\"wp-block-columns is-layout-flex wp-container-core-columns-is-layout-9d6595d7 wp-block-columns-is-layout-flex\"> <div class=\"wp-block-column is-layout-flow wp-block-column-is-layout-flow\"> <details class=\"wp-block-details is-layout-flow wp-block-details-is-layout-flow\"><summary>Doppia ventola<\/summary> <p>Aumenta il flusso d'aria per migliorare la rimozione delle impurit\u00e0, garantendo mais pulito e ordinato.<\/p> <\/details> <\/div>    <div class=\"wp-block-column is-layout-flow wp-block-column-is-layout-flow\"> <details class=\"wp-block-details is-layout-flow wp-block-details-is-layout-flow\"><summary>Setaccio vibrante<\/summary> <p>Utilizza la vibrazione per separare completamente i chicchi di mais dalle impurit\u00e0.<\/p> <\/details> <\/div> <\/div>    <div class=\"wp-block-columns is-layout-flex wp-container-core-columns-is-layout-9d6595d7 wp-block-columns-is-layout-flex\"> <div class=\"wp-block-column is-layout-flow wp-block-column-is-layout-flow\"> <details class=\"wp-block-details is-layout-flow wp-block-details-is-layout-flow\"><summary>Piastra di supporto<\/summary> <p>Sostiene il tamburo o le parti di trebbiatura, fornendo supporto stabile.<\/p> <\/details> <\/div>    <div class=\"wp-block-column is-layout-flow wp-block-column-is-layout-flow\"> <details class=\"wp-block-details is-layout-flow wp-block-details-is-layout-flow\"><summary>Grande ruota<\/summary> <p>Aziona o regola la velocit\u00e0 del tamburo, trasmettendo potenza al tamburo di trebbiatura.<\/p> <\/details> <\/div> <\/div>    <div class=\"wp-block-columns is-layout-flex wp-container-core-columns-is-layout-9d6595d7 wp-block-columns-is-layout-flex\"> <div class=\"wp-block-column is-layout-flow wp-block-column-is-layout-flow\"> <details class=\"wp-block-details is-layout-flow wp-block-details-is-layout-flow\"><summary>Parte di trebbiatura<\/summary> <p>Un componente centrale che rimuove i chicchi dalle pannocchie mediante attrito e impatto.<\/p> <\/details> <\/div>    <div class=\"wp-block-column is-layout-flow wp-block-column-is-layout-flow\"> <details class=\"wp-block-details is-layout-flow wp-block-details-is-layout-flow\"><summary>Bocca di scarico<\/summary> <p>I chicchi di mais e le pannocchie vengono scaricati da uscite separate per una facile raccolta e ulteriore utilizzo.<\/p> <\/details> <\/div> <\/div>    <h2 class=\"wp-block-heading\">Come funziona una sgranatrice di mais?<\/h2>    <p>La battitrice multifunzionale per mais funziona utilizzando rulli in gomma o acciaio per premere e sfregare le pannocchie, facendo separare i chicchi dalla paglia. Un ventilatore e un setaccio rimuovono poi le impurit\u00e0, lasciando chicchi puliti.<\/p>    <p>La nostra battitrice multifunzionale per mais ha modelli e specifiche diverse, e i clienti possono scegliere il modello appropriato in base alle esigenze degli utenti e alle condizioni del sito.<\/p>   <div class=\"wp-block-image\"> <figure class=\"aligncenter size-full\"><img loading=\"lazy\" decoding=\"async\" width=\"720\" height=\"540\" src=\"http:\/\/maizemachine.com\/wp-content\/uploads\/2023\/03\/multifunctional-maize-threshing-machine.webp\" alt=\"macchina multifunzionale per la trebbiatura del mais\" class=\"wp-image-282\" title=\"\" srcset=\"https:\/\/maizemachine.com\/wp-content\/uploads\/2023\/03\/multifunctional-maize-threshing-machine.webp 720w, https:\/\/maizemachine.com\/wp-content\/uploads\/2023\/03\/multifunctional-maize-threshing-machine-300x225.webp 300w\" sizes=\"auto, (max-width: 720px) 100vw, 720px\" \/><figcaption class=\"wp-element-caption\">macchina multifunzionale per la trebbiatura del mais<\/figcaption><\/figure> <\/div>   <h2 class=\"wp-block-heading\">Parametri tecnici della macchina sgranatrice di mais<\/h2>    <figure class=\"wp-block-table\"><table><tbody><tr><td>Modello<\/td><td>5TD-1000<\/td><\/tr><tr><td>Capacit\u00e0(t\/h)<\/td><td>Mais: 2-4t\/h, sorgo e miglio: 1-2t\/h, soia: 0.5-0.8t\/h<\/td><\/tr><tr><td>Potenza<\/td><td>Motore diesel 15HP, motore 11, PTO<\/td><\/tr><tr><td>Velocit\u00e0 dell'albero principale<\/td><td>550\u2013620 giri\/min<\/td><\/tr><tr><td>3 setacci<\/td><td>Setaccio per mais \u03c618mm, setaccio per sorgo e miglio \u03c66mm; soia \u03c612mm<\/td><\/tr><tr><td>Peso(kg)<\/td><td>650<\/td><\/tr><tr><td>Dimensioni complessive(mm)<\/td><td>3400*2100*1980<\/td><\/tr><tr><td>Dimensione imballo (mm)<\/td><td>2800*740*1400<\/td><\/tr><\/tbody><\/table><\/figure>    <p class=\"translation-block\">Dalla tabella sopra si pu\u00f2 vedere che la capacit\u00e0 della macchina battitrice per mais \u00e8 <strong><em>2-4t\/h<\/em><\/strong>. Se le materie prime lavorate dalla macchina sono sorgo e miglio, la produzione della macchina \u00e8 <strong><em>1-2t\/h.<\/em><\/strong> Se la materia prima lavorata dalla macchina \u00e8 la soia, la produzione della macchina \u00e8 <strong><em>0.5-0.8t\/h.<\/em><\/strong> Va notato che per lavorare materie prime diverse \u00e8 necessario sostituire setacci di dimensioni differenti.<\/p>   <div class=\"wp-block-image\"> <figure class=\"aligncenter size-full\"><img loading=\"lazy\" decoding=\"async\" width=\"720\" height=\"540\" src=\"http:\/\/maizemachine.com\/wp-content\/uploads\/2023\/03\/maize-thresher-machine.webp\" alt=\"macchina trebbiatrice per mais\" class=\"wp-image-280\" title=\"\" srcset=\"https:\/\/maizemachine.com\/wp-content\/uploads\/2023\/03\/maize-thresher-machine.webp 720w, https:\/\/maizemachine.com\/wp-content\/uploads\/2023\/03\/maize-thresher-machine-300x225.webp 300w\" sizes=\"auto, (max-width: 720px) 100vw, 720px\" \/><figcaption class=\"wp-element-caption\">macchina trebbiatrice per mais<\/figcaption><\/figure> <\/div>   <h2 class=\"wp-block-heading\">Vantaggi della sgranatrice di mais multifunzionale<\/h2>    <ul class=\"wp-block-list\"> <li><strong>Ampia gamma di <\/strong><span style=\"box-sizing: border-box; margin: 0px; padding: 0px;\"><strong>applicazioni<\/strong><\/span>: macchina sbriciolatrice multifunzionale per mais pu\u00f2 setacciare mais, soia, <strong><a href=\"https:\/\/en.wikipedia.org\/wiki\/Sorghum\" target=\"_blank\" rel=\"noopener\">sorgo<\/a><\/strong>, miglio, fagioli, orzo, grano, e altre colture.<\/li>    <li><strong>Alta efficienza e risparmio di manodopera<\/strong>: Sbriciola 2\u20134 tonnellate di mais all'ora. Con 8 ore di lavoro al giorno, pu\u00f2 sostituire circa 15\u201325 lavoratori, riducendo notevolmente i costi del lavoro.<\/li>    <li><strong>Materiali durevoli e di alta qualit\u00e0: <\/strong>Il telaio, il tamburo sbriciolatore e il setaccio sono realizzati in acciaio al carbonio di alta qualit\u00e0, resistente all'usura e alla corrosione.<\/li>    <li><strong>Componenti affidabili: <\/strong>Gli ingranaggi del tamburo e i cuscinetti sono realizzati con materiali ad alta durezza, garantendo un funzionamento stabile e un basso tasso di guasti.<\/li>    <li><strong>Opzioni di alimentazione flessibili:<\/strong> Pu\u00f2 essere alimentato da un motore diesel da 15HP, un motore elettrico da 11kW o da un sistema di traino PTO, adatto per aree con energia limitata o lavori in campo.<\/li>    <li><strong>Velocit\u00e0 ottimale:<\/strong> L'albero principale ruota a 550\u2013620 rpm per una sbriciolatura accurata con bassa rottura dei chicchi.<\/li>    <li><strong>Facile da spostare:<\/strong> Pesa 650 kg e pu\u00f2 essere dotata di ruote per il trasporto e l'uso in campo.<\/li>    <li><strong>Operazione semplice:<\/strong> Alimentazione \u2192 Sbriciolatura \u2192 Pulizia dell'aria \u2192 Setacciatura \u2192 Scarico; l'intero processo pu\u00f2 essere eseguito da una sola persona.<\/li>    <li><strong>Bassa rottura e alta integrit\u00e0 dei chicchi:<\/strong> Il design ottimizzato dei denti del tamburo mantiene la rottura dei chicchi \u2264 2%, preservando la qualit\u00e0 del mais.<\/li>    <li><strong>Pannocchie integre: <\/strong>Le pannocchie sbriciolate possono essere utilizzate come mangime o combustibile, aggiungendo valore extra.<\/li>    <li><strong>Confezionamento e trasporto comodi:<\/strong> La macchina pu\u00f2 essere smontata per il trasporto. La dimensione del pacco \u00e8 2800\u00d7740\u00d71400 mm, facilitando la logistica e il montaggio in loco.<\/li> <\/ul>   <div class=\"wp-block-image\"> <figure class=\"aligncenter size-full\"><img loading=\"lazy\" decoding=\"async\" width=\"720\" height=\"540\" src=\"http:\/\/maizemachine.com\/wp-content\/uploads\/2023\/03\/widely-application.webp\" alt=\"ampia applicazione\" class=\"wp-image-285\" title=\"\" srcset=\"https:\/\/maizemachine.com\/wp-content\/uploads\/2023\/03\/widely-application.webp 720w, https:\/\/maizemachine.com\/wp-content\/uploads\/2023\/03\/widely-application-300x225.webp 300w\" sizes=\"auto, (max-width: 720px) 100vw, 720px\" \/><figcaption class=\"wp-element-caption\">ampia applicazione<\/figcaption><\/figure> <\/div>   <h2 class=\"wp-block-heading\">Come si usa una sgranatrice di mais?<\/h2>    <ol class=\"wp-block-list\"> <li>Collegare il decorticatore elettrico per mais alla rete elettrica e controllare se il motore funziona normalmente.<\/li>    <li>Mettere la pannocchia di mais nell'apertura di alimentazione della trebbiatrice.<\/li>    <li>Accendi la trebbiatrice e lascia che la pannocchia passi attraverso il rullo all'interno della macchina per la trebbiatura. Infine, i chicchi di mais verranno espulsi dal portello di scarico.<\/li>    <li>Spegnere la trebbiatrice, pulire i residui di seta di mais, polvere e altre impurit\u00e0, e mantenere la macchina trebbiatrice multifunzionale per mais pulita e intatta.<\/li> <\/ol>   <div class=\"wp-block-image\"> <figure class=\"aligncenter size-full\"><img loading=\"lazy\" decoding=\"async\" width=\"720\" height=\"540\" src=\"https:\/\/maizemachine.com\/wp-content\/uploads\/2023\/05\/Clean-corn-kernels.webp\" alt=\"Chicchi di mais puliti&lt;\/li&gt;&lt;li&gt;&lt;\/li&gt;\" class=\"wp-image-612\" title=\"\" srcset=\"https:\/\/maizemachine.com\/wp-content\/uploads\/2023\/05\/Clean-corn-kernels.webp 720w, https:\/\/maizemachine.com\/wp-content\/uploads\/2023\/05\/Clean-corn-kernels-300x225.webp 300w, https:\/\/maizemachine.com\/wp-content\/uploads\/2023\/05\/Clean-corn-kernels-16x12.webp 16w\" sizes=\"auto, (max-width: 720px) 100vw, 720px\" \/><figcaption class=\"wp-element-caption\">Chicchi di mais puliti<\/li><li><\/li><\/figcaption><\/figure> <\/div>   <h2 class=\"wp-block-heading\">Dove comprare una sgranatrice elettrica per mais?<\/h2>    <p>Potete acquistare la macchina sgranatrice per mais online o presso il vostro negozio locale di macchine agricole. Esistono molti modelli di battitrici multifunzionali per mais disponibili online e potete scegliere quella giusta in base alle vostre esigenze e al vostro budget. Acquistare online vi permette di confrontare prezzi e caratteristiche di diversi prodotti, il che vi aiuter\u00e0 a trovare il prodotto migliore per voi. Inoltre, comprare online pu\u00f2 far risparmiare tempo ed energie; non dovrete recarvi in un negozio fisico per vedere la merce.<\/p>    <p class=\"translation-block\"><strong><a href=\"https:\/\/maizemachine.com\/it\/\">Taizy<\/a><\/strong> offre vari modelli di battitrici per mais e pu\u00f2 raccomandare quella giusta in base alle vostre esigenze produttive reali per garantire il miglior rapporto qualit\u00e0-prezzo. Inoltre, Taizy fornisce anche macchine per la lavorazione profonda del mais, come macchine per fiocchi di mais e mietitrebbie per mais. Offriamo un eccellente servizio post-vendita \u2014 se si verifica qualsiasi problema entro un anno, potete contattarci in qualsiasi momento per tutelare i vostri diritti. Siete i benvenuti a contattarci per maggiori informazioni.<\/p>   <div class=\"wp-block-image\"> <figure class=\"aligncenter size-full\"><img loading=\"lazy\" decoding=\"async\" width=\"720\" height=\"540\" src=\"http:\/\/maizemachine.com\/wp-content\/uploads\/2023\/03\/our-stock.webp\" alt=\"il nostro stock\" class=\"wp-image-283\" title=\"\" srcset=\"https:\/\/maizemachine.com\/wp-content\/uploads\/2023\/03\/our-stock.webp 720w, https:\/\/maizemachine.com\/wp-content\/uploads\/2023\/03\/our-stock-300x225.webp 300w\" sizes=\"auto, (max-width: 720px) 100vw, 720px\" \/><figcaption class=\"wp-element-caption\">il nostro stock<\/figcaption><\/figure> <\/div>   <h2 class=\"wp-block-heading\">Caso di successo<\/h2>    <p class=\"translation-block\">Poich\u00e9 questa battitrice multifunzionale per mais ha i vantaggi di un buon effetto di trebbiatura e di un ampio campo di applicazione, clienti di molti paesi hanno acquistato questa macchina dalla nostra azienda. I paesi di esportazione includono principalmente gli Stati Uniti, <strong><a href=\"https:\/\/maizemachine.com\/it\/Info\/corn-sheller-machine-for-sale-in-ghana\/\">Ghana<\/a><\/strong>, Nigeria, Thailandia, Botswana, Uganda, Bangladesh e altri paesi. Se avete bisogno di una macchina battitrice per mais per aiutarvi, non esitate a contattarci.<\/p>   <div class=\"wp-block-image\"> <figure class=\"aligncenter size-full\"><img loading=\"lazy\" decoding=\"async\" width=\"720\" height=\"540\" src=\"https:\/\/maizemachine.com\/wp-content\/uploads\/2023\/03\/delivery-chart.webp\" alt=\"Battitrice per mais spedita in Nigeria\" class=\"wp-image-279\" title=\"\" srcset=\"https:\/\/maizemachine.com\/wp-content\/uploads\/2023\/03\/delivery-chart.webp 720w, https:\/\/maizemachine.com\/wp-content\/uploads\/2023\/03\/delivery-chart-300x225.webp 300w\" sizes=\"auto, (max-width: 720px) 100vw, 720px\" \/><figcaption class=\"wp-element-caption\">Battitrice per mais spedita in Nigeria<\/figcaption><\/figure> <\/div>","protected":false},"excerpt":{"rendered":"<p>The multifunctional maize thresher machine is a machine for threshing maize, soybeans, sorghum, broad beans, rice, and other crops. Users only need to replace the screen to achieve the threshing of different crops. This maize thresher machine can process 2\u20134 tons of corn per hour, 1\u20132 tons of sorghum or millet, and 0.5\u20130.8 tons of [&hellip;]<\/p>\n","protected":false},"author":1,"featured_media":281,"parent":0,"template":"","tags":[14],"product-type":[9],"class_list":["post-278","product","type-product","status-publish","has-post-thumbnail","hentry","tag-corn-sheller","product-type-corn-sheller-machine"],"_links":{"self":[{"href":"https:\/\/maizemachine.com\/it\/wp-json\/wp\/v2\/product\/278","targetHints":{"allow":["GET"]}}],"collection":[{"href":"https:\/\/maizemachine.com\/it\/wp-json\/wp\/v2\/product"}],"about":[{"href":"https:\/\/maizemachine.com\/it\/wp-json\/wp\/v2\/types\/product"}],"author":[{"embeddable":true,"href":"https:\/\/maizemachine.com\/it\/wp-json\/wp\/v2\/users\/1"}],"wp:featuredmedia":[{"embeddable":true,"href":"https:\/\/maizemachine.com\/it\/wp-json\/wp\/v2\/media\/281"}],"wp:attachment":[{"href":"https:\/\/maizemachine.com\/it\/wp-json\/wp\/v2\/media?parent=278"}],"wp:term":[{"taxonomy":"post_tag","embeddable":true,"href":"https:\/\/maizemachine.com\/it\/wp-json\/wp\/v2\/tags?post=278"},{"taxonomy":"product-type","embeddable":true,"href":"https:\/\/maizemachine.com\/it\/wp-json\/wp\/v2\/product-type?post=278"}],"curies":[{"name":"wp","href":"https:\/\/api.w.org\/{rel}","templated":true}]}}