{"id":262,"date":"2023-01-30T15:08:58","date_gmt":"2023-01-30T07:08:58","guid":{"rendered":"https:\/\/maizemachine.com\/?post_type=product&#038;p=262"},"modified":"2023-01-30T15:08:59","modified_gmt":"2023-01-30T07:08:59","slug":"small-scale-maize-milling-machine","status":"publish","type":"product","link":"https:\/\/maizemachine.com\/it\/product\/small-scale-maize-milling-machine\/","title":{"rendered":"Macchina per la macinazione del mais su piccola scala"},"content":{"rendered":"<p class=\"translation-block\">La piccola macchina per la macinazione del mais \u00e8 una piccola macchina che pu\u00f2 produrre farina di mais. Pu\u00f2 macinare il chicco di mais in materiale in polvere con alta finezza. Rispetto al grande macinatore di mais e alla multifunzionale <a href=\"https:\/\/maizemachine.com\/it\/product\/maize-grits-milling-machine\/\">macchina per la macinazione dei grani di mais<\/a>, questa macchina ha un vantaggio maggiore in termini di prezzo e ingombro.<\/p>   <div class=\"wp-block-image\"> <figure class=\"aligncenter size-full\"><img loading=\"lazy\" decoding=\"async\" width=\"720\" height=\"540\" src=\"http:\/\/maizemachine.com\/wp-content\/uploads\/2023\/01\/small-maize-grinding-machine.webp\" alt=\"piccola macchina per macinare il mais\" class=\"wp-image-266\" title=\"\" srcset=\"https:\/\/maizemachine.com\/wp-content\/uploads\/2023\/01\/small-maize-grinding-machine.webp 720w, https:\/\/maizemachine.com\/wp-content\/uploads\/2023\/01\/small-maize-grinding-machine-300x225.webp 300w\" sizes=\"auto, (max-width: 720px) 100vw, 720px\" \/><figcaption class=\"wp-element-caption\">piccola macchina per macinare il mais<\/figcaption><\/figure> <\/div>   <h2 class=\"wp-block-heading\">Qual \u00e8 il processo di macinazione del mais?<\/h2>    <p>Il processo di macinazione della farina di mais \u00e8 il seguente. Il mais viene prima inserito nella macchina per la macinazione del mais in piccola scala e poi ridotto in polvere. All'interno della camera del mulino per il mais, ci sono setacci con diverse dimensioni di apertura, e alcune delle piccole particelle di mais che soddisfano gli standard di dimensione del setaccio verranno setacciate attraverso il setaccio. Le particelle di mais che non soddisfano i requisiti verranno colpite due volte nella camera di macinazione fino a raggiungere lo standard desiderato. Poi il materiale macinato verr\u00e0 scaricato dall'uscita del mulino per il mais in piccola scala.<\/p>   <div class=\"wp-block-image\"> <figure class=\"aligncenter size-full\"><img loading=\"lazy\" decoding=\"async\" width=\"720\" height=\"540\" src=\"http:\/\/maizemachine.com\/wp-content\/uploads\/2023\/01\/small-corn-grinding-machine-and-sieve.webp\" alt=\"macchina per la macinazione del mais su piccola scala e setaccio\" class=\"wp-image-265\" title=\"\" srcset=\"https:\/\/maizemachine.com\/wp-content\/uploads\/2023\/01\/small-corn-grinding-machine-and-sieve.webp 720w, https:\/\/maizemachine.com\/wp-content\/uploads\/2023\/01\/small-corn-grinding-machine-and-sieve-300x225.webp 300w\" sizes=\"auto, (max-width: 720px) 100vw, 720px\" \/><figcaption class=\"wp-element-caption\">macchina per la macinazione del mais su piccola scala e setaccio<\/figcaption><\/figure> <\/div>   <h2 class=\"wp-block-heading\">Parametri della macchina per la macinazione del mais su piccola scala<\/h2>    <figure class=\"wp-block-table\"><table><tbody><tr><td>Modello<\/td><td>9FQ-750<\/td><\/tr><tr><td>Dimensioni complessive<\/td><td>1.6*1.1 *1.5m<\/td><\/tr><tr><td>Motore<\/td><td>30kw<\/td><\/tr><tr><td>Peso netto<\/td><td>850kg<\/td><\/tr><tr><td>Dimensioni imballaggio<\/td><td>2.1*1*2.5m<\/td><\/tr><\/tbody><\/table><\/figure>    <h2 class=\"wp-block-heading\">Vantaggi della macchina<\/h2>    <ol class=\"wp-block-list\"> <li>La macchina ha le caratteristiche di una struttura semplice e una buona installazione.<\/li>    <li>La lama \u00e8 realizzata in acciaio ad alta <a href=\"https:\/\/en.wikipedia.org\/wiki\/Carbon_steel\" target=\"_blank\" rel=\"noopener\">carbonio<\/a> con un buon effetto di affilatura.<\/li>    <li>Dimensioni ridotte e meno ingombro.<\/li>    <li>L'alto grado di automazione e la facilit\u00e0 d'uso.<\/li>    <li>La macchina per la macinazione del mais in piccola scala Taizy pu\u00f2 lavorare farina di diverse specifiche e maglie.<\/li> <\/ol>   <div class=\"wp-block-image\"> <figure class=\"aligncenter size-full\"><img loading=\"lazy\" decoding=\"async\" width=\"720\" height=\"540\" src=\"http:\/\/maizemachine.com\/wp-content\/uploads\/2023\/01\/manufacturing-process.webp\" alt=\"processo di produzione\" class=\"wp-image-264\" title=\"\" srcset=\"https:\/\/maizemachine.com\/wp-content\/uploads\/2023\/01\/manufacturing-process.webp 720w, https:\/\/maizemachine.com\/wp-content\/uploads\/2023\/01\/manufacturing-process-300x225.webp 300w\" sizes=\"auto, (max-width: 720px) 100vw, 720px\" \/><figcaption class=\"wp-element-caption\">processo di produzione<\/figcaption><\/figure> <\/div>   <h2 class=\"wp-block-heading\">Ambito di applicazione della macchina per la macinazione del mais su piccola scala<\/h2>    <p class=\"translation-block\">La piccola macchina per la macinazione del mais pu\u00f2 macinare non solo mais, ma anche erbe aromatiche e altri cereali e altri materiali. Pertanto la macchina \u00e8 particolarmente adatta per l'uso nelle aree rurali, negli impianti di trasformazione dei mangimi, nei mercati di cereali e oli, nei supermercati grandi e piccoli e nelle fabbriche di erbe aromatiche. Alla Taizy Corn Machinery Factory, abbiamo un'altra <a href=\"https:\/\/maizemachine.com\/it\/product\/corn-hammer-mill-machine\/\">macchina per la macinazione del mais a martelli<\/a> in vendita. Se ne hai bisogno, non esitare a contattarci.<\/p>   <div class=\"wp-block-image\"> <figure class=\"aligncenter size-full\"><img loading=\"lazy\" decoding=\"async\" width=\"720\" height=\"540\" src=\"http:\/\/maizemachine.com\/wp-content\/uploads\/2022\/08\/finished-product-made-by-corn-grinding-machine.webp\" alt=\"prodotto finito realizzato con la macchina per macinare il mais\" class=\"wp-image-155\" title=\"\" srcset=\"https:\/\/maizemachine.com\/wp-content\/uploads\/2022\/08\/finished-product-made-by-corn-grinding-machine.webp 720w, https:\/\/maizemachine.com\/wp-content\/uploads\/2022\/08\/finished-product-made-by-corn-grinding-machine-300x225.webp 300w\" sizes=\"auto, (max-width: 720px) 100vw, 720px\" \/><figcaption class=\"wp-element-caption\">prodotto finito realizzato con la macchina per macinare il mais<\/figcaption><\/figure> <\/div>   <h2 class=\"wp-block-heading\">Come scegliere la giusta macchina per la macinazione del mais?<\/h2>    <p>Come scegliere la giusta macchina per macinare il mais \u00e8 sempre stato un problema per i coltivatori di mais. La prima cosa che dobbiamo ricordarti \u00e8 che il prezzo di una macchina per la macinazione del mais non dovrebbe essere l'unico fattore da considerare. Se desideri acquistare una macchina per la macinazione del mais di qualit\u00e0 su piccola scala, dovresti tenere in considerazione la qualit\u00e0 della macchina, la produzione di farina di mais, lo spazio a terra, il costo del lavoro, i produttori di mulini per il mais e altri fattori.<\/p>    <p>In secondo luogo, dovremmo essere chiari riguardo alle nostre esigenze per la produzione di farina di mais e il tonnellaggio giornaliero di lavorazione della farina di mais, cos\u00ec come l'intervallo accettabile di consumo elettrico. Con le vostre esigenze di base, potete scegliere il giusto mulino per farina di mais in base alle vostre necessit\u00e0.<\/p>   <div class=\"wp-block-image\"> <figure class=\"aligncenter size-full\"><img loading=\"lazy\" decoding=\"async\" width=\"720\" height=\"540\" src=\"http:\/\/maizemachine.com\/wp-content\/uploads\/2023\/01\/customized-maize-grinding-machine.webp\" alt=\"macchina per macinare il mais personalizzata\" class=\"wp-image-263\" title=\"\" srcset=\"https:\/\/maizemachine.com\/wp-content\/uploads\/2023\/01\/customized-maize-grinding-machine.webp 720w, https:\/\/maizemachine.com\/wp-content\/uploads\/2023\/01\/customized-maize-grinding-machine-300x225.webp 300w\" sizes=\"auto, (max-width: 720px) 100vw, 720px\" \/><figcaption class=\"wp-element-caption\">macchina per macinare il mais personalizzata<\/figcaption><\/figure> <\/div>   <h2 class=\"wp-block-heading\">La macinazione del mais \u00e8 redditizia?<\/h2>    <p>La risposta \u00e8 s\u00ec, la macinazione del mais \u00e8 redditizia. Essendo il re nutrizionale dei cereali grossolani, il mais non solo pu\u00f2 regolare il metabolismo umano e migliorare la funzione immunitaria, ma anche aumentare la resistenza muscolare e rimuovere i rifiuti dal corpo. Poich\u00e9 le persone prestano sempre pi\u00f9 attenzione alla salute, sempre pi\u00f9 persone riconoscono gli effetti nutrizionali e salutari del mais e di altri cereali grossolani. Pertanto, una piccola macchina per la macinazione del mais \u00e8 una buona direzione di investimento.<\/p>","protected":false},"excerpt":{"rendered":"<p>The small scale maize milling machine is a small machine that can make corn flour. It can grind corn kernel into powder material with high fineness. Compared with the large corn grinder and the multifunctional corn grits milling machine, this machine has a greater advantage in price and floor space. What is the milling process [&hellip;]<\/p>\n","protected":false},"author":1,"featured_media":267,"parent":0,"template":"","tags":[],"product-type":[10],"class_list":["post-262","product","type-product","status-publish","has-post-thumbnail","hentry","product-type-corn-milling-machine"],"_links":{"self":[{"href":"https:\/\/maizemachine.com\/it\/wp-json\/wp\/v2\/product\/262","targetHints":{"allow":["GET"]}}],"collection":[{"href":"https:\/\/maizemachine.com\/it\/wp-json\/wp\/v2\/product"}],"about":[{"href":"https:\/\/maizemachine.com\/it\/wp-json\/wp\/v2\/types\/product"}],"author":[{"embeddable":true,"href":"https:\/\/maizemachine.com\/it\/wp-json\/wp\/v2\/users\/1"}],"wp:featuredmedia":[{"embeddable":true,"href":"https:\/\/maizemachine.com\/it\/wp-json\/wp\/v2\/media\/267"}],"wp:attachment":[{"href":"https:\/\/maizemachine.com\/it\/wp-json\/wp\/v2\/media?parent=262"}],"wp:term":[{"taxonomy":"post_tag","embeddable":true,"href":"https:\/\/maizemachine.com\/it\/wp-json\/wp\/v2\/tags?post=262"},{"taxonomy":"product-type","embeddable":true,"href":"https:\/\/maizemachine.com\/it\/wp-json\/wp\/v2\/product-type?post=262"}],"curies":[{"name":"wp","href":"https:\/\/api.w.org\/{rel}","templated":true}]}}