{"id":230,"date":"2022-12-05T15:08:15","date_gmt":"2022-12-05T07:08:15","guid":{"rendered":"https:\/\/maizemachine.com\/?post_type=product&#038;p=230"},"modified":"2025-12-17T14:00:19","modified_gmt":"2025-12-17T06:00:19","slug":"sweet-corn-planter","status":"publish","type":"product","link":"https:\/\/maizemachine.com\/it\/product\/sweet-corn-planter\/","title":{"rendered":"Piantatrice di Mais a 2 File | Seminatrice di Mais"},"content":{"rendered":"<p class=\"translation-block\">La piantatrice di mais dolce \u00e8 una macchina che pu\u00f2 seminare i semi sul mais dolce. La seminatrice di mais dolce \u00e8 la macchina pi\u00f9 venduta di <a href=\"https:\/\/maizemachine.com\/it\/\">Taizy Corn Machinery<\/a>. La nostra piantatrice di mais pu\u00f2 eseguire tutte le fasi di<strong><mark class=\"has-inline-color has-luminous-vivid-amber-color\"> allentamento, fertilizzazione, scavo delle trincee, semina e copertura del terreno<\/mark><\/strong> contemporaneamente. Pertanto, rispetto ad altri produttori di piantatrici di mais, la nostra macchina \u00e8 una piantatrice di mais dolce multifunzionale.<\/p>   <div class=\"wp-block-image\"> <figure class=\"aligncenter size-full\"><img loading=\"lazy\" decoding=\"async\" width=\"720\" height=\"540\" src=\"http:\/\/maizemachine.com\/wp-content\/uploads\/2022\/12\/sweet-corn-planter-for-sale.webp\" alt=\"piantatrice di mais dolce in vendita\" class=\"wp-image-234\" title=\"\" srcset=\"https:\/\/maizemachine.com\/wp-content\/uploads\/2022\/12\/sweet-corn-planter-for-sale.webp 720w, https:\/\/maizemachine.com\/wp-content\/uploads\/2022\/12\/sweet-corn-planter-for-sale-300x225.webp 300w\" sizes=\"auto, (max-width: 720px) 100vw, 720px\" \/><figcaption class=\"wp-element-caption\">piantatrice di mais dolce in vendita<\/figcaption><\/figure> <\/div>   <h2 class=\"wp-block-heading\">Quali sono i tipi di seminatrici per mais dolce Taizy?<\/h2>    <p class=\"translation-block\">Alla Taizy Corn Machinery Factory, abbiamo piantatrici di mais dolce piccole, <strong>seminatrici di mais a 3 file<\/strong>, <strong>piantatrici di mais dolce a 4 file<\/strong>, <strong>seminatrici di mais a 5 file<\/strong>, <strong>macchina piantatrice di mais a 6 file<\/strong>, e una piantatrice di mais dolce a 2 file in vendita. Possiamo anche fornire servizi personalizzati per i nostri clienti. Se hai bisogno di una seminatrice di mais dolce, non esitare a contattarci.<\/p>    <div class=\"wp-block-columns is-layout-flex wp-container-core-columns-is-layout-9d6595d7 wp-block-columns-is-layout-flex\"> <div class=\"wp-block-column is-layout-flow wp-block-column-is-layout-flow\"> <figure class=\"wp-block-image size-full\"><img loading=\"lazy\" decoding=\"async\" width=\"720\" height=\"540\" src=\"http:\/\/maizemachine.com\/wp-content\/uploads\/2022\/12\/sweet-corn-seeder.webp\" alt=\"seminatrice di mais dolce\" class=\"wp-image-235\" title=\"\" srcset=\"https:\/\/maizemachine.com\/wp-content\/uploads\/2022\/12\/sweet-corn-seeder.webp 720w, https:\/\/maizemachine.com\/wp-content\/uploads\/2022\/12\/sweet-corn-seeder-300x225.webp 300w\" sizes=\"auto, (max-width: 720px) 100vw, 720px\" \/><figcaption class=\"wp-element-caption\">Seminatrice per mais dolce<\/figcaption><\/figure> <\/div>    <div class=\"wp-block-column is-layout-flow wp-block-column-is-layout-flow\"> <figure class=\"wp-block-image size-full\"><img loading=\"lazy\" decoding=\"async\" width=\"720\" height=\"540\" src=\"http:\/\/maizemachine.com\/wp-content\/uploads\/2022\/08\/maize-planter-with-tractor.webp\" alt=\"macchina per la semina del mais\" class=\"wp-image-79\" title=\"\" srcset=\"https:\/\/maizemachine.com\/wp-content\/uploads\/2022\/08\/maize-planter-with-tractor.webp 720w, https:\/\/maizemachine.com\/wp-content\/uploads\/2022\/08\/maize-planter-with-tractor-300x225.webp 300w\" sizes=\"auto, (max-width: 720px) 100vw, 720px\" \/><figcaption class=\"wp-element-caption\">Macchina per la semina del mais<\/figcaption><\/figure> <\/div>    <div class=\"wp-block-column is-layout-flow wp-block-column-is-layout-flow\"> <figure class=\"wp-block-image size-full\"><img loading=\"lazy\" decoding=\"async\" width=\"720\" height=\"540\" src=\"http:\/\/maizemachine.com\/wp-content\/uploads\/2022\/08\/6-row-maize-planter.webp\" alt=\"seminatrice per mais a 6 file\" class=\"wp-image-141\" title=\"\" srcset=\"https:\/\/maizemachine.com\/wp-content\/uploads\/2022\/08\/6-row-maize-planter.webp 720w, https:\/\/maizemachine.com\/wp-content\/uploads\/2022\/08\/6-row-maize-planter-300x225.webp 300w\" sizes=\"auto, (max-width: 720px) 100vw, 720px\" \/><figcaption class=\"wp-element-caption\">Seminatrice per mais a 6 file<\/figcaption><\/figure> <\/div> <\/div>    <h2 class=\"wp-block-heading\">Piantare mais dolce con una seminatrice a 2 file<\/h2>    <p>Il pianificatore di mais dolce \u00e8 composto principalmente da una cassetta dei semi, un aprifila, un dispositivo di scarico dei semi, una cassetta per fertilizzante, un dispositivo di scarico del fertilizzante e un dispositivo di pacciamatura e soppressione. Nel processo di semina, la potenza principale del pianificatore proviene dall'albero di uscita della potenza posteriore del trattore. Sotto la trazione del trattore, il trinciatore apre il solco nel terreno per la semina e l'applicazione del fertilizzante a una profondit\u00e0 prestabilita. <\/p>    <p>A causa del ruolo dell'attrito, la ruota di terra, nel processo di avanzamento, rotola costantemente e fa funzionare il seminatore di semi e il seminatore di fertilizzante. I semi e i fertilizzanti vengono quindi scaricati nei solchi attraverso linee diverse, e il terreno viene coperto e compattato utilizzando un dispositivo di pacciamatura e un dispositivo di soppressione. Oltre ai seminatori di mais convenzionali, ci sono anche alcuni seminatori di mais che possono raggiungere funzioni di controllo dei parassiti e delle malattie e di pacciamatura durante il funzionamento.<\/p>   <div class=\"wp-block-image\"> <figure class=\"aligncenter size-full\"><img loading=\"lazy\" decoding=\"async\" width=\"720\" height=\"540\" src=\"http:\/\/maizemachine.com\/wp-content\/uploads\/2022\/12\/small-sweet-maize-planter.webp\" alt=\"Piccola piantatrice per mais dolce\" class=\"wp-image-233\" title=\"\" srcset=\"https:\/\/maizemachine.com\/wp-content\/uploads\/2022\/12\/small-sweet-maize-planter.webp 720w, https:\/\/maizemachine.com\/wp-content\/uploads\/2022\/12\/small-sweet-maize-planter-300x225.webp 300w\" sizes=\"auto, (max-width: 720px) 100vw, 720px\" \/><figcaption class=\"wp-element-caption\">Piccola piantatrice per mais dolce<\/figcaption><\/figure> <\/div>   <h2 class=\"wp-block-heading\">Quali sono i vantaggi della macchina?<\/h2>    <ol class=\"wp-block-list\"> <li>Il dispositivo di semina ha un'alta precisione di semina. Il tasso di qualificazione della semina \u00e8 superiore all'85%.<\/li>    <li>Alta velocit\u00e0 di lavoro. Quando la distanza tra le piante non \u00e8 inferiore a 20 cm, la velocit\u00e0 di lavoro del seminatore di mais pu\u00f2 raggiungere gli 8 km\/h.<\/li>    <li>Spaziatura dei fori precisa e divisione uniforme delle piantine. Il seminatore di mais dolce pu\u00f2 seminare i chicchi di mais in modo uniforme. Questo pu\u00f2 far crescere correttamente ogni pianta di mais.<\/li>    <li>Materiale eccellente delle parti principali. Tutti gli ingranaggi del cambio sono realizzati in acciaio di alta qualit\u00e0 e carburizzati. Le parti della trasmissione sono realizzate con cuscinetti a sfera di alta qualit\u00e0.<\/li>    <li>Facile da usare. Il piantatore di mais dolce \u00e8 facile da avviare e semplice da utilizzare. La leva di comando del cambio pu\u00f2 controllare contemporaneamente il pendolo radiale e il movimento assiale della ruota di bilanciamento.<\/li> <\/ol>    <h2 class=\"wp-block-heading\">Parametri tecnici della seminatrice per mais dolce a 2 file<\/h2>    <figure class=\"wp-block-table\"><table><tbody><tr><td>Dimensioni complessive<\/td><td>1570*1300*1200mm<\/td><\/tr><tr><td>File<\/td><td>2 pezzi<\/td><\/tr><tr><td>Distanza tra le file<\/td><td>428-570mm<\/td><\/tr><tr><td>Distanza tra le piante<\/td><td>Regolabile, 140mm\/173mm\/226mm\/280mm<\/td><\/tr><tr><td>Profondit\u00e0 di scavo<\/td><td>60-80mm<\/td><\/tr><tr><td>Profondit\u00e0 di fertilizzazione<\/td><td>60-80mm<\/td><\/tr><tr><td>Profondit\u00e0 di semina<\/td><td>30-50mm<\/td><\/tr><tr><td>La capacit\u00e0 del serbatoio di fertilizzante<\/td><td>18.75L x2<\/td><\/tr><tr><td>La capacit\u00e0 del seedbox<\/td><td>8.5 x 2<\/td><\/tr><tr><td>Peso<\/td><td>150kg<\/td><\/tr><tr><td>Potenza abbinata<\/td><td>12-18hp<\/td><\/tr><tr><td>Collegamento<\/td><td>3 punti<\/td><\/tr><\/tbody><\/table><\/figure>    <p class=\"translation-block\">Questi sono i parametri del pianificatore di mais dolce a 2 file. La distanza di semina tra le file \u00e8 di 428-570 mm. La distanza tra le piante pu\u00f2 essere regolata a 140 mm\/173 mm\/226 mm\/280 mm. La profondit\u00e0 di semina \u00e8 di 30-50 mm. La potenza <a href=\"https:\/\/en.wikipedia.org\/wiki\/Horsepower\" target=\"_blank\" rel=\"noopener\">cavalli <\/a>\u00e8 di 12-18hp.<\/p>    <h2 class=\"wp-block-heading\">Qual \u00e8 la migliore seminatrice per mais dolce?<\/h2>    <p class=\"translation-block\">Taizy Corn Machinery ha il miglior pianificatore per il mais dolce. Abbiamo seminatori di mais dolce a 3 file\/4 file\/5 file e 6 file in vendita. Che tu lo stia utilizzando per uso domestico o commerciale, puoi scegliere la macchina giusta. Come produttore specializzato in macchine per il mais, possiamo fornire ai nostri clienti non solo seminatori di mais, ma anche <a href=\"https:\/\/maizemachine.com\/it\/product\/2-row-corn-picker\/\">raccolta di mais a 2 file<\/a> e <a href=\"https:\/\/maizemachine.com\/it\/product\/sweet-corn-sheller\/\">sgusciatrice di mais dolce<\/a>.<\/p>   <div class=\"wp-block-image\"> <figure class=\"aligncenter size-full\"><img loading=\"lazy\" decoding=\"async\" width=\"720\" height=\"540\" src=\"http:\/\/maizemachine.com\/wp-content\/uploads\/2022\/08\/maize-planting-machine.webp\" alt=\"macchina per la semina del mais\" class=\"wp-image-80\" title=\"\" srcset=\"https:\/\/maizemachine.com\/wp-content\/uploads\/2022\/08\/maize-planting-machine.webp 720w, https:\/\/maizemachine.com\/wp-content\/uploads\/2022\/08\/maize-planting-machine-300x225.webp 300w\" sizes=\"auto, (max-width: 720px) 100vw, 720px\" \/><figcaption class=\"wp-element-caption\">macchina per la semina del mais<\/figcaption><\/figure> <\/div>   <h2 class=\"wp-block-heading\">Note sul funzionamento della seminatrice per mais dolce<\/h2>    <ol class=\"wp-block-list\"> <li>Il pianificatore di mais dolce pu\u00f2 essere utilizzato solo dopo che la persona pertinente ha superato il relativo addestramento. L'operatore pu\u00f2 garantire la qualit\u00e0 dell'operazione del pianificatore ed evitare il verificarsi di guasti meccanici solo dopo aver compreso il principio, la struttura e il metodo di funzionamento della macchina.<\/li>    <li>Prima dell'operazione, l'operatore deve controllare attentamente la seminatrice per assicurarsi che la macchina sia in condizioni normali e che le parti chiave siano ben lubrificate e collegate.<\/li>    <li>Se viene trovata un'anomalia durante il processo di semina, la macchina deve essere fermata immediatamente per un'ispezione, e l'operazione di semina pu\u00f2 essere continuata solo dopo che il guasto \u00e8 stato eliminato.<\/li>    <li>Durante la semina, l'operatore deve completare il flusso di lavoro di scavo, misurazione dei semi, scarico dei fertilizzanti e copertura del terreno secondo la distanza tra le file e la velocit\u00e0 di operazione specificate.<\/li>    <li>Oltre all'operazione standardizzata secondo i requisiti del produttore, l'operatore deve prestare attenzione anche alla manutenzione quotidiana della seminatrice di mais dolce. Questo pu\u00f2 garantire che la seminatrice sia sempre in buone condizioni di funzionamento per garantire una buona qualit\u00e0 di semina e un'efficienza di semina.<\/li> <\/ol>   <div class=\"wp-block-image\"> <figure class=\"aligncenter size-full\"><img loading=\"lazy\" decoding=\"async\" width=\"720\" height=\"540\" src=\"http:\/\/maizemachine.com\/wp-content\/uploads\/2022\/08\/the-working-picture-of-corn-planting-equipment.webp\" alt=\"l&#039;immagine di lavoro dell&#039;attrezzatura per la semina del mais\" class=\"wp-image-82\" title=\"\" srcset=\"https:\/\/maizemachine.com\/wp-content\/uploads\/2022\/08\/the-working-picture-of-corn-planting-equipment.webp 720w, https:\/\/maizemachine.com\/wp-content\/uploads\/2022\/08\/the-working-picture-of-corn-planting-equipment-300x225.webp 300w\" sizes=\"auto, (max-width: 720px) 100vw, 720px\" \/><figcaption class=\"wp-element-caption\">l'immagine di lavoro dell'attrezzatura per la semina del mais<\/figcaption><\/figure> <\/div>   <h2 class=\"wp-block-heading\">In quale mese dovrebbe essere piantato il mais dolce?<\/h2>    <p>La semina del mais dolce pu\u00f2 essere effettuata in primavera, da marzo a maggio, e il periodo di piantagione in ciascuna regione cambier\u00e0 a seconda del clima. \u00c8 importante evitare periodi caldi durante la semina, poich\u00e9 questo clima pu\u00f2 ostacolare la crescita dei semi. E anche se le piantine crescono, potrebbero essere molto sottili e piccole. Tali piantine avranno un rendimento molto basso quando raggiungeranno la maturit\u00e0. Il terreno dovrebbe avere una buona fertilit\u00e0 al momento della semina. I semi di mais dolce dovrebbero anche essere selezionati con cura. Altrimenti, questo influenzer\u00e0 direttamente il rendimento del mais dolce.<\/p>","protected":false},"excerpt":{"rendered":"<p>Sweet corn planter is a machine that can sow seeds on sweet corn. Sweet corn seeder is the hot selling machine of Taizy Corn Machinery. Our corn planter can do all the processes of loosening, fertilizing, digging trenches, sowing, and covering soil at the same time. Therefore, compared with other corn planter manufacturers, our machine [&hellip;]<\/p>\n","protected":false},"author":1,"featured_media":231,"parent":0,"template":"","tags":[13],"product-type":[7],"class_list":["post-230","product","type-product","status-publish","has-post-thumbnail","hentry","tag-corn-planter","product-type-corn-planter"],"_links":{"self":[{"href":"https:\/\/maizemachine.com\/it\/wp-json\/wp\/v2\/product\/230","targetHints":{"allow":["GET"]}}],"collection":[{"href":"https:\/\/maizemachine.com\/it\/wp-json\/wp\/v2\/product"}],"about":[{"href":"https:\/\/maizemachine.com\/it\/wp-json\/wp\/v2\/types\/product"}],"author":[{"embeddable":true,"href":"https:\/\/maizemachine.com\/it\/wp-json\/wp\/v2\/users\/1"}],"wp:featuredmedia":[{"embeddable":true,"href":"https:\/\/maizemachine.com\/it\/wp-json\/wp\/v2\/media\/231"}],"wp:attachment":[{"href":"https:\/\/maizemachine.com\/it\/wp-json\/wp\/v2\/media?parent=230"}],"wp:term":[{"taxonomy":"post_tag","embeddable":true,"href":"https:\/\/maizemachine.com\/it\/wp-json\/wp\/v2\/tags?post=230"},{"taxonomy":"product-type","embeddable":true,"href":"https:\/\/maizemachine.com\/it\/wp-json\/wp\/v2\/product-type?post=230"}],"curies":[{"name":"wp","href":"https:\/\/api.w.org\/{rel}","templated":true}]}}