{"id":223,"date":"2022-11-30T15:23:19","date_gmt":"2022-11-30T07:23:19","guid":{"rendered":"https:\/\/maizemachine.com\/?post_type=product&#038;p=223"},"modified":"2025-12-30T17:40:02","modified_gmt":"2025-12-30T09:40:02","slug":"small-maize-sheller-machine","status":"publish","type":"product","link":"https:\/\/maizemachine.com\/it\/product\/small-maize-sheller-machine\/","title":{"rendered":"Macchina per la sgusciatura del mais piccola da 1,5 tonnellate\/ora | Piccolo sgusciatore di mais"},"content":{"rendered":"<p class=\"translation-block\">La piccola spaccalegna di mais \u00e8 una macchina comune in<a href=\"https:\/\/maizemachine.com\/it\/\">macchinari per il mais<\/a>. La produzione della macchina \u00e8<strong><mark class=\"has-inline-color has-luminous-vivid-amber-color\">1500kg\/h-2000kg\/h<\/mark><\/strong>, quindi \u00e8 particolarmente adatta per piccole aziende agricole e famiglie. <\/p>    <p class=\"translation-block\">Anche se la macchina \u00e8 piccola, \u00e8 potente. Pu\u00f2 mietere e sbucciare il mais. Molti rivenditori in altri paesi scelgono di acquistare questa piccola mietitrice di mais. Perch\u00e9 questa macchina \u00e8 molto popolare durante la stagione del raccolto del mais. Oltre alle piccole mietitrici di mais, la Taizy Corn Machinery Factory ha anche mietitrici di mais di medie dimensioni e<a href=\"http:\/\/commercial corn sheller\">mietitrice di mais commerciale<\/a>in vendita.<\/p>    <p class=\"translation-block\">Questa mietitrice di mais pu\u00f2 essere equipaggiata con un<strong><mark class=\"has-inline-color has-luminous-vivid-amber-color\">motore a benzina<\/mark><\/strong>o un<strong><mark class=\"has-inline-color has-luminous-vivid-amber-color\">motore elettrico<\/mark><\/strong>, adatta a diverse applicazioni.<\/p>   <div class=\"wp-block-image\"> <figure class=\"aligncenter size-full\"><img loading=\"lazy\" decoding=\"async\" width=\"720\" height=\"540\" src=\"http:\/\/maizemachine.com\/wp-content\/uploads\/2022\/11\/small-maize-sheller-machine.webp\" alt=\"piccola macchina sgranatrice di mais\" class=\"wp-image-228\" title=\"\" srcset=\"https:\/\/maizemachine.com\/wp-content\/uploads\/2022\/11\/small-maize-sheller-machine.webp 720w, https:\/\/maizemachine.com\/wp-content\/uploads\/2022\/11\/small-maize-sheller-machine-300x225.webp 300w\" sizes=\"auto, (max-width: 720px) 100vw, 720px\" \/><figcaption class=\"wp-element-caption\">piccola macchina sgranatrice di mais<\/figcaption><\/figure> <\/div>   <h2 class=\"wp-block-heading\">Vantaggi della piccola sgranatrice di mais<\/h2>    <div class=\"wp-block-columns is-layout-flex wp-container-core-columns-is-layout-9d6595d7 wp-block-columns-is-layout-flex\"> <div class=\"wp-block-column is-layout-flow wp-block-column-is-layout-flow\"> <p class=\"has-text-align-center translation-block\"><strong>Alta efficienza<\/strong><\/p>    <p class=\"translation-block\">Processa<strong><mark class=\"has-inline-color has-luminous-vivid-amber-color\">1500\u20132000 kg<\/mark><\/strong>di mais all'ora, garantendo una velocit\u00e0 di mietitura rapida e un funzionamento continuo. Ideale per la lavorazione di mais di piccola e media scala.<\/p> <\/div>    <div class=\"wp-block-column is-layout-flow wp-block-column-is-layout-flow\"> <p class=\"has-text-align-center translation-block\"><strong>Opzioni di alimentazione flessibili<\/strong><\/p>    <p class=\"translation-block\">Pu\u00f2 essere equipaggiata con un<strong><mark class=\"has-inline-color has-luminous-vivid-amber-color\">motore a benzina<\/mark><\/strong>o un<strong><mark class=\"has-inline-color has-luminous-vivid-amber-color\">motore elettrico da 2,2 kW<\/mark><\/strong>, permettendo agli utenti di scegliere in base alla disponibilit\u00e0 di energia locale o al carburante\u2014perfetto per aree rurali o off-grid.<\/p> <\/div> <\/div>    <div class=\"wp-block-columns is-layout-flex wp-container-core-columns-is-layout-9d6595d7 wp-block-columns-is-layout-flex\"> <div class=\"wp-block-column is-layout-flow wp-block-column-is-layout-flow\"> <p class=\"has-text-align-center translation-block\"><strong>Struttura compatta e facile mobilit\u00e0<\/strong><\/p>    <p class=\"translation-block\">Pesa solo<strong><mark class=\"has-inline-color has-luminous-vivid-amber-color\">65 kg<\/mark><\/strong>e misura<strong> <mark class=\"has-inline-color has-luminous-vivid-amber-color\">440\u00d7400\u00d7800<\/mark><\/strong>mm, la macchina \u00e8 leggera, compatta e facile da spostare, installare e conservare.<\/p> <\/div>    <div class=\"wp-block-column is-layout-flow wp-block-column-is-layout-flow\"> <p class=\"has-text-align-center translation-block\"><strong>Prestazioni durevoli e stabili<\/strong><\/p>    <p>Costruita con acciaio di alta qualit\u00e0, con un rotore rinforzato e una struttura robusta. La macchina funziona senza problemi con basse vibrazioni, offrendo lunga durata e operazioni affidabili.<\/p> <\/div> <\/div>   <div class=\"wp-block-image\"> <figure class=\"aligncenter size-full\"><img loading=\"lazy\" decoding=\"async\" width=\"720\" height=\"540\" src=\"http:\/\/maizemachine.com\/wp-content\/uploads\/2022\/11\/small-corn-sheller-for-sale.jpg\" alt=\"piccola sgranatrice di mais in vendita\" class=\"wp-image-226\" title=\"\" srcset=\"https:\/\/maizemachine.com\/wp-content\/uploads\/2022\/11\/small-corn-sheller-for-sale.jpg 720w, https:\/\/maizemachine.com\/wp-content\/uploads\/2022\/11\/small-corn-sheller-for-sale-300x225.jpg 300w\" sizes=\"auto, (max-width: 720px) 100vw, 720px\" \/><figcaption class=\"wp-element-caption\">piccola sgranatrice di mais in vendita<\/figcaption><\/figure> <\/div>   <div class=\"wp-block-columns is-layout-flex wp-container-core-columns-is-layout-9d6595d7 wp-block-columns-is-layout-flex\"> <div class=\"wp-block-column is-layout-flow wp-block-column-is-layout-flow\"> <p class=\"has-text-align-center translation-block\"><strong>Separazione pulita, bassa rottura<\/strong><\/p>    <p class=\"translation-block\">Il design ottimizzato del tamburo raggiunge un tasso di pulizia superiore al<strong><mark class=\"has-inline-color has-luminous-vivid-amber-color\">98%<\/mark><\/strong>e una bassa rottura dei chicchi, riducendo la perdita di cereali e migliorando il rendimento.<\/p> <\/div>    <div class=\"wp-block-column is-layout-flow wp-block-column-is-layout-flow\"> <p class=\"has-text-align-center translation-block\"><strong>Output pulito e manutenzione facile<\/strong><\/p>    <p>La ventola integrata rimuove automaticamente polvere e impurit\u00e0 durante il funzionamento, garantendo un output di mais pi\u00f9 pulito. La struttura semplice consente una manutenzione rapida e una facile sostituzione delle parti, minimizzando i tempi di inattivit\u00e0.<\/p> <\/div> <\/div>    <h2 class=\"wp-block-heading\">Struttura della piccola macchina sgranatrice di mais<\/h2>    <p>Il trebbia di mais domestico \u00e8 composto da un ingresso per l'alimentazione, una camera di trebbiatura e sbucciatura, un motore o un motore a benzina, un'uscita per i chicchi di mais e un'uscita per le spighe di mais, una ventola e un telaio. La dimensione dell'ingresso per l'alimentazione \u00e8 di 330 mm di larghezza e 360 mm di lunghezza. L'apertura di alimentazione \u00e8 dimensionata per facilitare il posizionamento del mais.<\/p>   <div class=\"wp-block-image\"> <figure class=\"aligncenter size-full\"><img loading=\"lazy\" decoding=\"async\" width=\"720\" height=\"540\" src=\"http:\/\/maizemachine.com\/wp-content\/uploads\/2022\/11\/structure-of-small-maize-sheller.webp\" alt=\"struttura della piccola sgranatrice di mais\" class=\"wp-image-229\" title=\"\" srcset=\"https:\/\/maizemachine.com\/wp-content\/uploads\/2022\/11\/structure-of-small-maize-sheller.webp 720w, https:\/\/maizemachine.com\/wp-content\/uploads\/2022\/11\/structure-of-small-maize-sheller-300x225.webp 300w\" sizes=\"auto, (max-width: 720px) 100vw, 720px\" \/><figcaption class=\"wp-element-caption\">struttura della piccola sgranatrice di mais<\/figcaption><\/figure> <\/div>   <h2 class=\"wp-block-heading\">Parametri della macchina<\/h2>    <figure class=\"wp-block-table\"><table><tbody><tr><td>Modello<\/td><td>TZ-1500<\/td><\/tr><tr><td>Potenza<\/td><td>Motore a benzina o motore elettrico da 2,2 kW<\/td><\/tr><tr><td>Capacit\u00e0<\/td><td>1500-2000kg\/h<\/td><\/tr><tr><td>Peso della macchina<\/td><td>65kg<\/td><\/tr><tr><td>Dimensioni della macchina<\/td><td>440*400*800mm<\/td><\/tr><\/tbody><\/table><\/figure>    <h2 class=\"wp-block-heading\">Come funziona una piccola macchina sgranatrice di mais?<\/h2>    <p>Il principio di funzionamento della sgranatrice di mais \u00e8 quello di sgranare il mais tramite l'attrito del tamburo all'interno della macchina. Lo spazio tra i rulli non schiaccer\u00e0 la pannocchia. Poi i chicchi di mais usciranno dall'uscita dei chicchi di mais, e la pannocchia uscir\u00e0 da un'altra uscita. Questo \u00e8 il processo di lavoro di una mini macchina sgranatrice di mais.<\/p>    <h2 class=\"wp-block-heading\">Prezzo della macchina mini trebbiatrice per mais<\/h2>    <p>Il prezzo di una piccola macchina spaccalegna di mais \u00e8 relativamente economico perch\u00e9 la sua struttura \u00e8 semplice e la sua produzione non \u00e8 grande come quella delle mietitrici di mais commerciali. Pertanto, i rivenditori di molti paesi acquistano questa piccola spaccalegna di mais e poi la rivendono agli agricoltori. A causa dell'influenza della distanza e dei tassi di cambio, non possiamo fornirti un preventivo specifico qui. Se desideri conoscere il prezzo della macchina, non esitare a contattarci. Il nostro team di vendita ti risponder\u00e0 tempestivamente.<\/p>   <div class=\"wp-block-image\"> <figure class=\"aligncenter size-full\"><img loading=\"lazy\" decoding=\"async\" width=\"720\" height=\"540\" src=\"http:\/\/maizemachine.com\/wp-content\/uploads\/2022\/11\/shipment-picture.webp\" alt=\"Immagine della spedizione\" class=\"wp-image-225\" title=\"\" srcset=\"https:\/\/maizemachine.com\/wp-content\/uploads\/2022\/11\/shipment-picture.webp 720w, https:\/\/maizemachine.com\/wp-content\/uploads\/2022\/11\/shipment-picture-300x225.webp 300w\" sizes=\"auto, (max-width: 720px) 100vw, 720px\" \/><figcaption class=\"wp-element-caption\">Immagine della spedizione<\/figcaption><\/figure> <\/div>   <h2 class=\"wp-block-heading\">Perch\u00e9 i clienti scelgono la nostra mini macchina per sgranare il mais?<\/h2>    <p class=\"translation-block\">Innanzitutto, questa piccola spaccalegna di mais non solo pu\u00f2 mietere, ma anche spellare. \u00c8 una macchina dual-use. Inoltre, l'effetto di mietitura della macchina \u00e8 buono, e il tasso di rimozione dei chicchi di mais \u00e8 fino al 99%. In secondo luogo, l'efficienza produttiva di<strong>1500-2000 kg<\/strong>all'ora pu\u00f2 soddisfare le esigenze di mietitura di famiglie e piccole aziende agricole. Infine, il pannocchia e il mais usciranno rispettivamente da due bocche. Gli utenti non sprecano tempo ed energia nella selezione.<\/p>   <div class=\"wp-block-image\"> <figure class=\"aligncenter size-full\"><img loading=\"lazy\" decoding=\"async\" width=\"720\" height=\"540\" src=\"https:\/\/maizemachine.com\/wp-content\/uploads\/2023\/07\/Certificates.webp\" alt=\"Certificati\" class=\"wp-image-683\" title=\"\" srcset=\"https:\/\/maizemachine.com\/wp-content\/uploads\/2023\/07\/Certificates.webp 720w, https:\/\/maizemachine.com\/wp-content\/uploads\/2023\/07\/Certificates-300x225.webp 300w, https:\/\/maizemachine.com\/wp-content\/uploads\/2023\/07\/Certificates-16x12.webp 16w\" sizes=\"auto, (max-width: 720px) 100vw, 720px\" \/><figcaption class=\"wp-element-caption\">Certificati<\/figcaption><\/figure> <\/div>   <p><\/p>","protected":false},"excerpt":{"rendered":"<p>Small maize sheller machine is a common machine in corn machinery. The output of the machine is 1500kg\/h-2000kg\/h, so it is especially suitable for small farms and families. Although the machine is small, it is powerful. It can thresh and peel corn. Many dealers in other countries choose to buy this small maize thresher. Because [&hellip;]<\/p>\n","protected":false},"author":1,"featured_media":227,"parent":0,"template":"","tags":[14,15,16],"product-type":[9],"class_list":["post-223","product","type-product","status-publish","has-post-thumbnail","hentry","tag-corn-sheller","tag-maize-sheller","tag-small-maize-sheller-machine","product-type-corn-sheller-machine"],"_links":{"self":[{"href":"https:\/\/maizemachine.com\/it\/wp-json\/wp\/v2\/product\/223","targetHints":{"allow":["GET"]}}],"collection":[{"href":"https:\/\/maizemachine.com\/it\/wp-json\/wp\/v2\/product"}],"about":[{"href":"https:\/\/maizemachine.com\/it\/wp-json\/wp\/v2\/types\/product"}],"author":[{"embeddable":true,"href":"https:\/\/maizemachine.com\/it\/wp-json\/wp\/v2\/users\/1"}],"wp:featuredmedia":[{"embeddable":true,"href":"https:\/\/maizemachine.com\/it\/wp-json\/wp\/v2\/media\/227"}],"wp:attachment":[{"href":"https:\/\/maizemachine.com\/it\/wp-json\/wp\/v2\/media?parent=223"}],"wp:term":[{"taxonomy":"post_tag","embeddable":true,"href":"https:\/\/maizemachine.com\/it\/wp-json\/wp\/v2\/tags?post=223"},{"taxonomy":"product-type","embeddable":true,"href":"https:\/\/maizemachine.com\/it\/wp-json\/wp\/v2\/product-type?post=223"}],"curies":[{"name":"wp","href":"https:\/\/api.w.org\/{rel}","templated":true}]}}