{"id":120,"date":"2022-08-24T07:14:33","date_gmt":"2022-08-24T07:14:33","guid":{"rendered":"https:\/\/maizemachine.com\/?post_type=product&#038;p=120"},"modified":"2025-10-28T16:13:14","modified_gmt":"2025-10-28T08:13:14","slug":"sweet-corn-sheller","status":"publish","type":"product","link":"https:\/\/maizemachine.com\/it\/product\/sweet-corn-sheller\/","title":{"rendered":"Sgranatrice di Mais | Macchina Sgranatrice di Mais Fresco"},"content":{"rendered":"<p class=\"translation-block\">La spelatrice di mais dolce \u00e8 una macchina che ottiene i chicchi di mais dai pannocchie fresche. Pu\u00f2 spellare completamente i chicchi di mais sulla pannocchia. Nelle macchine per la lavorazione del mais Taizy, non abbiamo solo separatori di mais freschi ma anche<a href=\"https:\/\/maizemachine.com\/it\/product\/maize-sheller\/\">separatori di mais secchi<\/a>. Si crede che queste due attrezzature di separazione possano soddisfare le esigenze di trebbiatura dei clienti. <\/p>    <p class=\"translation-block\">Questa piccola macchina spaccalegna di mais dolce \u00e8 appositamente progettata per mais fresco, mais dolce e mais ceroso. Pu\u00f2 processare<strong><mark class=\"has-inline-color has-luminous-vivid-amber-color\">400\u2013500 kg all'ora<\/mark><\/strong>con prestazioni stabili ed efficienti. I chicchi rimangono integri e il tasso di sgusciatura raggiunge il<mark class=\"has-inline-color has-luminous-vivid-amber-color\"> <strong>98%<\/strong>.<\/mark>\u00c8 ampiamente utilizzata nella lavorazione di mais congelato, mais in scatola e chicchi di mais confezionati, rendendola una macchina ideale per impianti di lavorazione del mais moderni, fabbriche alimentari e trasformatori di prodotti agricoli.<\/p>   <div class=\"wp-block-image\"> <figure class=\"aligncenter size-full\"><img loading=\"lazy\" decoding=\"async\" width=\"720\" height=\"534\" src=\"http:\/\/maizemachine.com\/wp-content\/uploads\/2022\/08\/fresh-corn-sheller-machine.webp\" alt=\"macchina sgranatrice di mais fresco\" class=\"wp-image-126\" title=\"\" srcset=\"https:\/\/maizemachine.com\/wp-content\/uploads\/2022\/08\/fresh-corn-sheller-machine.webp 720w, https:\/\/maizemachine.com\/wp-content\/uploads\/2022\/08\/fresh-corn-sheller-machine-300x223.webp 300w\" sizes=\"auto, (max-width: 720px) 100vw, 720px\" \/><figcaption class=\"wp-element-caption\">macchina sgranatrice di mais fresco<\/figcaption><\/figure> <\/div>   <p class=\"translation-block\">A causa dei vantaggi dei separatori di mais freschi, le nostre macchine sono state esportate in Singapore, Russia, Messico, Indonesia, Stati Uniti,<a href=\"https:\/\/en.wikipedia.org\/wiki\/Ghana\" target=\"_blank\" rel=\"noopener\">Ghana<\/a>, Nigeria e altri paesi.<\/p>    <figure class=\"wp-block-embed is-type-video is-provider-youtube wp-block-embed-youtube wp-embed-aspect-16-9 wp-has-aspect-ratio\"><div class=\"wp-block-embed__wrapper\"> <iframe loading=\"lazy\" title=\"Macchina spelatrice di mais dolce \u2014 rimuove i chicchi in pochi secondi!#mais dolce #macchina separatrice di mais #lavorazione del mais\" width=\"500\" height=\"281\" src=\"https:\/\/www.youtube.com\/embed\/iA9_fqDLDgo?feature=oembed\" frameborder=\"0\" allow=\"accelerometer; autoplay; clipboard-write; encrypted-media; gyroscope; picture-in-picture; web-share\" referrerpolicy=\"strict-origin-when-cross-origin\" allowfullscreen><\/iframe> <\/div><\/figure>    <h2 class=\"wp-block-heading\" id=\"h-structure-of-sweet-corn-sheller\">Struttura della sgranatrice di mais dolce<\/h2>    <p>La struttura della macchina sgranatrice di mais fresco include una scatola di controllo elettrica, un ingresso per il mais, un'uscita per i chicchi di mais, un rullo di gomma, una ruota di scarico mobile, un ventilatore, un nastro trasportatore esterno mobile, ecc. Gli accessori della macchina includono coltelli, cuscinetti, pulsanti, ruote, ecc. La sgranatrice di mais dolce di questa macchina \u00e8 realizzata in acciaio inossidabile 304. Pertanto, ha le caratteristiche di alta efficienza lavorativa e durata. Inoltre, il materiale della macchina alimentare pu\u00f2 anche farci mangiare con maggiore tranquillit\u00e0.<\/p>   <div class=\"wp-block-image\"> <figure class=\"aligncenter size-full\"><img loading=\"lazy\" decoding=\"async\" width=\"720\" height=\"540\" src=\"https:\/\/maizemachine.com\/wp-content\/uploads\/2023\/07\/The-Structure-of-Sweet-Corn-Thresher.webp\" alt=\"La Struttura della Spargittrice di Mais Dolce\" class=\"wp-image-687\" title=\"\" srcset=\"https:\/\/maizemachine.com\/wp-content\/uploads\/2023\/07\/The-Structure-of-Sweet-Corn-Thresher.webp 720w, https:\/\/maizemachine.com\/wp-content\/uploads\/2023\/07\/The-Structure-of-Sweet-Corn-Thresher-300x225.webp 300w, https:\/\/maizemachine.com\/wp-content\/uploads\/2023\/07\/The-Structure-of-Sweet-Corn-Thresher-16x12.webp 16w\" sizes=\"auto, (max-width: 720px) 100vw, 720px\" \/><figcaption class=\"wp-element-caption\">La Struttura della Spargittrice di Mais Dolce<\/figcaption><\/figure> <\/div>   <h2 class=\"wp-block-heading\" id=\"h-how-does-the-sweet-corn-thresher-work\">Come funziona la sgranatrice di mais dolce?<\/h2>    <p>Dopo aver posizionato il mazzo di mais sul nastro trasportatore, la catena del trasportatore far\u00e0 avanzare il nastro e lo invier\u00e0 al dispositivo di trebbiatura. Poi il rullo di gomma afferrer\u00e0 il mazzo di mais nel tagliatore. Il rullo di gomma serve a fissare il mazzo di mais e a impedirne il movimento. <\/p>    <p>La lama passa quindi attraverso il mazzo di mais e ne pelatura il mais dal mazzo. Infine, i chicchi di mais saranno scaricati dall'uscita dei chicchi di mais. Il mazzo di mais sar\u00e0 scaricato dall'altra parte.<\/p>    <figure class=\"wp-block-gallery has-nested-images columns-default is-cropped wp-block-gallery-2 is-layout-flex wp-block-gallery-is-layout-flex\"> <figure class=\"wp-block-image size-large\"><img loading=\"lazy\" decoding=\"async\" width=\"720\" height=\"540\" data-id=\"685\" src=\"https:\/\/maizemachine.com\/wp-content\/uploads\/2023\/07\/roller.webp\" alt=\"rullo\" class=\"wp-image-685\" title=\"\" srcset=\"https:\/\/maizemachine.com\/wp-content\/uploads\/2023\/07\/roller.webp 720w, https:\/\/maizemachine.com\/wp-content\/uploads\/2023\/07\/roller-300x225.webp 300w, https:\/\/maizemachine.com\/wp-content\/uploads\/2023\/07\/roller-16x12.webp 16w\" sizes=\"auto, (max-width: 720px) 100vw, 720px\" \/><figcaption class=\"wp-element-caption\">Rullo<\/figcaption><\/figure>    <figure class=\"wp-block-image size-large\"><img loading=\"lazy\" decoding=\"async\" width=\"720\" height=\"540\" data-id=\"689\" src=\"https:\/\/maizemachine.com\/wp-content\/uploads\/2023\/07\/knife-group.webp\" alt=\"Gruppo lama\" class=\"wp-image-689\" title=\"\" srcset=\"https:\/\/maizemachine.com\/wp-content\/uploads\/2023\/07\/knife-group.webp 720w, https:\/\/maizemachine.com\/wp-content\/uploads\/2023\/07\/knife-group-300x225.webp 300w, https:\/\/maizemachine.com\/wp-content\/uploads\/2023\/07\/knife-group-16x12.webp 16w\" sizes=\"auto, (max-width: 720px) 100vw, 720px\" \/><figcaption class=\"wp-element-caption\">Gruppo lama<\/figcaption><\/figure> <\/figure>    <h3 class=\"wp-block-heading\">Video del funzionamento della macchina<\/h3>    <figure class=\"wp-block-embed is-type-video is-provider-youtube wp-block-embed-youtube wp-embed-aspect-16-9 wp-has-aspect-ratio\"><div class=\"wp-block-embed__wrapper\"> <iframe loading=\"lazy\" title=\"Sgranatore di Mais Dolce | Video di Lavoro della Macchina Sgranatrice di Mais Fresco\" width=\"500\" height=\"281\" src=\"https:\/\/www.youtube.com\/embed\/1D8OouKrvSA?feature=oembed\" frameborder=\"0\" allow=\"accelerometer; autoplay; clipboard-write; encrypted-media; gyroscope; picture-in-picture; web-share\" referrerpolicy=\"strict-origin-when-cross-origin\" allowfullscreen><\/iframe> <\/div><\/figure>    <h2 class=\"wp-block-heading\" id=\"h-machine-specifications\">Specifiche della macchina<\/h2>    <figure class=\"wp-block-table\"><table><tbody><tr><td>Modello<\/td><td>SL-268<\/td><td>SL-368<\/td><\/tr><tr><td>Capacit\u00e0<\/td><td>400-500kg\/h<\/td><td>400-500kg\/h<\/td><\/tr><tr><td>Peso<\/td><td>100kg<\/td><td>110kg<\/td><\/tr><tr><td>Dimensione (mm)<\/td><td>700(L)*620(P)*1250(A)<\/td><td>1320(L)*620(P)*1250(A)<\/td><\/tr><tr><td>Tensione<\/td><td>220V, 1 fase<\/td><td>220V, 1 fase<\/td><\/tr><tr><td>Potenza<\/td><td>2.2kw<\/td><td>2.2kw<\/td><\/tr><\/tbody><\/table><\/figure>    <p class=\"translation-block\">Abbiamo due spaccalegna di mais dolce in vendita. Una senza nastro trasportatore e l'altra con nastro trasportatore. La produzione di entrambe le macchine supera i<strong><mark class=\"has-inline-color has-luminous-vivid-amber-color\">400-500 kg\/h<\/mark><\/strong>. Il peso del nastro trasportatore \u00e8 di 10 kg superiore rispetto a quello senza nastro. Le dimensioni delle macchine sono<strong><mark class=\"has-inline-color has-luminous-vivid-amber-color\">720 * 620 * 1250<\/mark><\/strong>e<strong><mark class=\"has-inline-color has-luminous-vivid-amber-color\">1320 * 620 * 1250<\/mark><\/strong>rispettivamente. Puoi scegliere il tuo trebbiatore di mais fresco in base alle tue esigenze.<\/p>    <figure class=\"wp-block-gallery has-nested-images columns-default is-cropped wp-block-gallery-3 is-layout-flex wp-block-gallery-is-layout-flex\"> <figure class=\"wp-block-image size-large\"><img loading=\"lazy\" decoding=\"async\" width=\"720\" height=\"540\" data-id=\"389\" src=\"https:\/\/maizemachine.com\/wp-content\/uploads\/2023\/07\/machine-without-conveyor-belt.webp\" alt=\"macchina senza nastro trasportatore\" class=\"wp-image-389\" title=\"\" srcset=\"https:\/\/maizemachine.com\/wp-content\/uploads\/2023\/07\/machine-without-conveyor-belt.webp 720w, https:\/\/maizemachine.com\/wp-content\/uploads\/2023\/07\/machine-without-conveyor-belt-300x225.webp 300w, https:\/\/maizemachine.com\/wp-content\/uploads\/2023\/07\/machine-without-conveyor-belt-16x12.webp 16w\" sizes=\"auto, (max-width: 720px) 100vw, 720px\" \/><figcaption class=\"wp-element-caption\">Macchina senza nastro trasportatore<\/figcaption><\/figure>    <figure class=\"wp-block-image size-large\"><img loading=\"lazy\" decoding=\"async\" width=\"720\" height=\"540\" data-id=\"390\" src=\"https:\/\/maizemachine.com\/wp-content\/uploads\/2023\/07\/sweet-corn-sheller-with-conveyor-belt.webp\" alt=\"sgranatrice di mais dolce con nastro trasportatore\" class=\"wp-image-390\" title=\"\" srcset=\"https:\/\/maizemachine.com\/wp-content\/uploads\/2023\/07\/sweet-corn-sheller-with-conveyor-belt.webp 720w, https:\/\/maizemachine.com\/wp-content\/uploads\/2023\/07\/sweet-corn-sheller-with-conveyor-belt-300x225.webp 300w, https:\/\/maizemachine.com\/wp-content\/uploads\/2023\/07\/sweet-corn-sheller-with-conveyor-belt-16x12.webp 16w\" sizes=\"auto, (max-width: 720px) 100vw, 720px\" \/><figcaption class=\"wp-element-caption\">Sgranatrice di mais dolce con nastro trasportatore<\/figcaption><\/figure> <\/figure>    <h2 class=\"wp-block-heading\">Caratteristiche della macchina spaccalegna di mais fresco<\/h2>    <div class=\"wp-block-columns is-layout-flex wp-container-core-columns-is-layout-9d6595d7 wp-block-columns-is-layout-flex\"> <div class=\"wp-block-column is-layout-flow wp-block-column-is-layout-flow\"> <p class=\"has-text-align-center translation-block\"><strong>Risparmia pi\u00f9 tempo<\/strong><\/p>    <p class=\"translation-block\">Con questa spaccalegna di mais dolce, puoi processare<strong><mark class=\"has-inline-color has-luminous-vivid-amber-color\">400\u2013500 kg<\/mark><\/strong>di mais all'ora, permettendoti di gestire grandi batch in modo efficiente e soddisfare la domanda del mercato senza ritardi.<\/p> <\/div>    <div class=\"wp-block-column is-layout-flow wp-block-column-is-layout-flow\"> <p class=\"has-text-align-center translation-block\"><strong>Tamburo di sgusciatura ad alte prestazioni<\/strong><\/p>    <p class=\"translation-block\">Dotato di una struttura speciale a spirale, il tamburo funziona senza intoppi per raggiungere un tasso di sgusciatura superiore al 98%, mantenendo le rotture dei chicchi sotto<strong><mark class=\"has-inline-color has-luminous-vivid-amber-color\">1%<\/mark>.<\/strong><\/p> <\/div> <\/div>    <div class=\"wp-block-columns is-layout-flex wp-container-core-columns-is-layout-9d6595d7 wp-block-columns-is-layout-flex\"> <div class=\"wp-block-column is-layout-flow wp-block-column-is-layout-flow\"> <p class=\"has-text-align-center translation-block\"><strong>Corpo in acciaio inossidabile durevole<\/strong><\/p>    <p class=\"translation-block\">Tutte le parti a contatto con il materiale sono realizzate in<strong><mark class=\"has-inline-color has-luminous-vivid-amber-color\">acciaio inossidabile alimentare 304<\/mark><\/strong>, garantendo durabilit\u00e0, igiene e facile pulizia in conformit\u00e0 con gli standard di sicurezza alimentare.<\/p> <\/div>    <div class=\"wp-block-column is-layout-flow wp-block-column-is-layout-flow\"> <p class=\"has-text-align-center translation-block\"><strong>Regolazione della distanza tra le lame<\/strong><\/p>    <p>Lo spazio tra le lame pu\u00f2 essere facilmente regolato per adattarsi a diversi diametri di mazzi di mais, garantendo una sgusciatura completa per tutte le variet\u00e0 di mais dolce.<\/p> <\/div> <\/div>    <div class=\"wp-block-columns is-layout-flex wp-container-core-columns-is-layout-9d6595d7 wp-block-columns-is-layout-flex\"> <div class=\"wp-block-column is-layout-flow wp-block-column-is-layout-flow\"> <p class=\"has-text-align-center translation-block\"><strong>Sistema di separazione automatica<\/strong><\/p>    <p>Dopo la sgusciatura, la macchina separa automaticamente i chicchi di mais dai mazzi, eliminando la necessit\u00e0 di selezione manuale o ricontrollo.<\/p> <\/div>    <div class=\"wp-block-column is-layout-flow wp-block-column-is-layout-flow\"> <p class=\"has-text-align-center translation-block\"><strong>Performance affidabile del motore<\/strong><\/p>    <p class=\"translation-block\">Alimentata da un<strong><mark class=\"has-inline-color has-luminous-vivid-amber-color\">motore in rame da 2,2 kW<\/mark><\/strong>, fornisce una coppia forte con basso rumore e basso consumo energetico \u2014 perfetta per operazioni continue in ambienti di produzione.<\/p> <\/div> <\/div>   <div class=\"wp-block-image\"> <figure class=\"aligncenter size-full\"><img loading=\"lazy\" decoding=\"async\" width=\"720\" height=\"540\" src=\"https:\/\/maizemachine.com\/wp-content\/uploads\/2023\/07\/sweet-corn-Thresher-machine.webp\" alt=\"Macchina spargitrici di mais dolce\" class=\"wp-image-691\" title=\"\" srcset=\"https:\/\/maizemachine.com\/wp-content\/uploads\/2023\/07\/sweet-corn-Thresher-machine.webp 720w, https:\/\/maizemachine.com\/wp-content\/uploads\/2023\/07\/sweet-corn-Thresher-machine-300x225.webp 300w, https:\/\/maizemachine.com\/wp-content\/uploads\/2023\/07\/sweet-corn-Thresher-machine-16x12.webp 16w\" sizes=\"auto, (max-width: 720px) 100vw, 720px\" \/><figcaption class=\"wp-element-caption\">Macchina spargitrici di mais dolce<\/figcaption><\/figure> <\/div>   <h2 class=\"wp-block-heading\" id=\"h-application-of-fresh-corn-sheller\">Applicazione della sgranatrice di mais fresco<\/h2>    <p>La trebbiatrice per mais dolce pu\u00f2 trebbiatura tutti i tipi di mais fresco, mais dolce, mais cotto, mais ceroso e mais scongelato. Pertanto, questa trebbiatrice pu\u00f2 essere utilizzata in importanti impianti alimentari, impianti di inscatolamento del mais, impianti di bevande a base di mais e impianti di sciroppo di mais.<\/p>   <div class=\"wp-block-image\"> <figure class=\"aligncenter size-full\"><img loading=\"lazy\" decoding=\"async\" width=\"720\" height=\"540\" src=\"http:\/\/maizemachine.com\/wp-content\/uploads\/2022\/08\/finished-product.webp\" alt=\"prodotto finito\" class=\"wp-image-124\" title=\"\" srcset=\"https:\/\/maizemachine.com\/wp-content\/uploads\/2022\/08\/finished-product.webp 720w, https:\/\/maizemachine.com\/wp-content\/uploads\/2022\/08\/finished-product-300x225.webp 300w\" sizes=\"auto, (max-width: 720px) 100vw, 720px\" \/><figcaption class=\"wp-element-caption\">prodotto finito<\/figcaption><\/figure> <\/div>   <h2 class=\"wp-block-heading\" id=\"h-advantages-of-sweet-corn-thresher\">Vantaggi della sgranatrice di mais dolce<\/h2>    <ol class=\"wp-block-list\"> <li>Alta velocit\u00e0 di sgranatura. La velocit\u00e0 di sgranatura della nostra macchina sgranatrice di mais fresco \u00e8 del 100%.<\/li>    <li>Ampia gamma di applicazioni. La macchina pu\u00f2 elaborare mais dolce, mais fresco e mais ceroso. Puoi usarla nelle principali fabbriche alimentari.<\/li>    <li>Facile da spostare. Ci sono ruote nella parte inferiore della macchina. Quindi puoi spostarla facilmente.<\/li>    <li>Strumenti durevoli. Il coltello della macchina \u00e8 realizzato in acciaio inossidabile speciale. \u00c8 forte e durevole.<\/li>    <li>Dimensioni ridotte, alta efficienza lavorativa.<\/li> <\/ol>   <div class=\"wp-block-image\"> <figure class=\"aligncenter size-full\"><img loading=\"lazy\" decoding=\"async\" width=\"720\" height=\"540\" src=\"https:\/\/maizemachine.com\/wp-content\/uploads\/2023\/07\/sweet-corn-shelling-machine.webp\" alt=\"Macchina Spellatrice di mais dolce\" class=\"wp-image-690\" title=\"\" srcset=\"https:\/\/maizemachine.com\/wp-content\/uploads\/2023\/07\/sweet-corn-shelling-machine.webp 720w, https:\/\/maizemachine.com\/wp-content\/uploads\/2023\/07\/sweet-corn-shelling-machine-300x225.webp 300w, https:\/\/maizemachine.com\/wp-content\/uploads\/2023\/07\/sweet-corn-shelling-machine-16x12.webp 16w\" sizes=\"auto, (max-width: 720px) 100vw, 720px\" \/><figcaption class=\"wp-element-caption\">Macchina Spellatrice di mais dolce<\/figcaption><\/figure> <\/div>   <h2 class=\"wp-block-heading\">Come pulire la spaccalegna di mais dolce?<\/h2>    <p>Passaggi per pulire la spaccalegna di mais dolce:<\/p>    <ol class=\"wp-block-list\"> <li><strong>Spegnere l'alimentazione:<\/strong> Disconnettere sempre l'alimentazione prima della pulizia per garantire la sicurezza.<\/li>    <li><strong>Rimuovere i residui:<\/strong> Aprire la copertura e utilizzare una spazzola o un aerografo per rimuovere chicchi di mais e detriti dal tamburo di sgusciatura e dall'uscita.<\/li>    <li><strong>Risciacquare con acqua:<\/strong> Lavare la camera di sgusciatura, l'ingresso e l'uscita con acqua pulita per rimuovere eventuale succo di mais e particelle.<\/li>    <li><strong>Asciugare completamente:<\/strong> Coprire la superficie e le parti interne con un panno asciutto o lasciarle asciugare all'aria per evitare la formazione di ruggine.<\/li>    <li><strong>Controllare e mantenere:<\/strong> Dopo la pulizia, verificare se la cintura, il tamburo o i cuscinetti sono allentati o usurati. Applicare lubrificante se necessario.<\/li> <\/ol>    <p class=\"translation-block\"><em>Consiglio: Pulire dopo ogni uso previene l'indurimento del succo di mais e garantisce migliori prestazioni di sgusciatura la volta successiva.<\/em><\/p>    <figure class=\"wp-block-embed is-type-video is-provider-youtube wp-block-embed-youtube wp-embed-aspect-16-9 wp-has-aspect-ratio\"><div class=\"wp-block-embed__wrapper\"> <iframe loading=\"lazy\" title=\"Pulisci il tuo sgranatore di mais dolce in pochi secondi \u2013 basta usare l&#039;acqua!#cornsheller #sweetcorn #easycleaningtips\" width=\"500\" height=\"281\" src=\"https:\/\/www.youtube.com\/embed\/HcQYyqQx3ZA?feature=oembed\" frameborder=\"0\" allow=\"accelerometer; autoplay; clipboard-write; encrypted-media; gyroscope; picture-in-picture; web-share\" referrerpolicy=\"strict-origin-when-cross-origin\" allowfullscreen><\/iframe> <\/div><\/figure>    <h2 class=\"wp-block-heading\" id=\"h-faq\">Domande frequenti<\/h2>    <p>D: Qual \u00e8 il materiale della macchina?<br>R: Acciaio inossidabile 304<\/p>    <p>D: Qual \u00e8 la differenza tra SL-268 e SL-368?<br>R: SL-368 ha un nastro trasportatore in pi\u00f9 rispetto a SL-268.<\/p>    <p>D: Qual \u00e8 il tasso di sbucciatura della sgranatrice di mais dolce?<br>A: 100%<\/p>    <p>Q: Questa macchina pu\u00f2 sbucciare il mais?<br>R: Potrebbe non essere. Abbiamo una sgranatrice di mais multifunzionale speciale per sbucciare il mais.<\/p>    <p class=\"translation-block\">D: Hai una <a href=\"https:\/\/maizemachine.com\/it\/product\/corn-mill-grinder\/\">macchina per ottenere farina di mais<\/a>?<br>A: S\u00ec, ce l'abbiamo. Inoltre, abbiamo anche <a href=\"https:\/\/maizemachine.com\/it\/product\/maize-planter\/\">seminatrici di mais<\/a> e <a href=\"https:\/\/maizemachine.com\/it\/product\/one-row-corn-picker\/\">raccolte di mais<\/a> in vendita.<\/p>    <p><\/p>","protected":false},"excerpt":{"rendered":"<p>Sweet corn sheller is a machine that obtains corn kernels from fresh corn cobs. It can completely peel the corn kernels on the corn cob. In Taizy corn processing machinery, we have not only fresh corn threshers but also dry corn threshers. It is believed that this two separation equipment can meet the threshing needs [&hellip;]<\/p>\n","protected":false},"author":1,"featured_media":127,"parent":0,"template":"","tags":[14,18],"product-type":[9],"class_list":["post-120","product","type-product","status-publish","has-post-thumbnail","hentry","tag-corn-sheller","tag-sweet-corn-sheller","product-type-corn-sheller-machine"],"_links":{"self":[{"href":"https:\/\/maizemachine.com\/it\/wp-json\/wp\/v2\/product\/120","targetHints":{"allow":["GET"]}}],"collection":[{"href":"https:\/\/maizemachine.com\/it\/wp-json\/wp\/v2\/product"}],"about":[{"href":"https:\/\/maizemachine.com\/it\/wp-json\/wp\/v2\/types\/product"}],"author":[{"embeddable":true,"href":"https:\/\/maizemachine.com\/it\/wp-json\/wp\/v2\/users\/1"}],"wp:featuredmedia":[{"embeddable":true,"href":"https:\/\/maizemachine.com\/it\/wp-json\/wp\/v2\/media\/127"}],"wp:attachment":[{"href":"https:\/\/maizemachine.com\/it\/wp-json\/wp\/v2\/media?parent=120"}],"wp:term":[{"taxonomy":"post_tag","embeddable":true,"href":"https:\/\/maizemachine.com\/it\/wp-json\/wp\/v2\/tags?post=120"},{"taxonomy":"product-type","embeddable":true,"href":"https:\/\/maizemachine.com\/it\/wp-json\/wp\/v2\/product-type?post=120"}],"curies":[{"name":"wp","href":"https:\/\/api.w.org\/{rel}","templated":true}]}}