{"id":112,"date":"2022-08-24T03:50:33","date_gmt":"2022-08-24T03:50:33","guid":{"rendered":"https:\/\/maizemachine.com\/?post_type=product&#038;p=112"},"modified":"2026-02-10T17:48:17","modified_gmt":"2026-02-10T09:48:17","slug":"small-corn-planter","status":"publish","type":"product","link":"https:\/\/maizemachine.com\/it\/product\/small-corn-planter\/","title":{"rendered":"Piccolo Seminatore di Mais | Macchina Manuale per la Semina del Mais"},"content":{"rendered":"<p class=\"translation-block\">Il piccolo seminatore di mais \u00e8 principalmente progettato per utenti familiari. Rispetto a un <a href=\"https:\/\/maizemachine.com\/it\/product\/maize-planter\/\">seminatore di mais<\/a> su larga scala, \u00e8 pi\u00f9 economico e pi\u00f9 facile da usare. Pu\u00f2 anche correggere i problemi in tempo. Poich\u00e9 si tratta di un seminatore di mais portatile, \u00e8 adatto per campi pi\u00f9 pesanti in montagna e colline.<\/p>    <h2 class=\"wp-block-heading\" id=\"h-what-are-the-types-of-corn-planters\">Quali sono i tipi di seminatrici per mais?<\/h2>    <p>Ci sono tre diversi tipi di seminatori di mais manuali in vendita nella nostra azienda. Hanno diversi modi di alimentazione e modalit\u00e0 di funzionamento.<\/p>    <h3 class=\"wp-block-heading\" id=\"h-walk-behind-corn-planter\">Piantatrice di mais a spinta<\/h3>    <p>Il pianter per mais a spinta \u00e8 una piccola macchina per la semina del mais che la nostra azienda vende bene. Questa macchina richiede solo una persona per piantare i semi. Dotata di un motore a benzina, le persone possono facilmente seminare il mais. Risparmia tempo e fatica. Inoltre, abbiamo due modelli diversi di motori a benzina tra cui scegliere. Se hai bisogno di questo seminatore manuale per mais, non esitare a contattarci.<\/p>   <div class=\"wp-block-image\"> <figure class=\"aligncenter size-full\"><img loading=\"lazy\" decoding=\"async\" width=\"720\" height=\"540\" src=\"http:\/\/maizemachine.com\/wp-content\/uploads\/2022\/08\/hand-corn-seed-planter.webp\" alt=\"seminatrice per mais a spinta\" class=\"wp-image-115\" title=\"\" srcset=\"https:\/\/maizemachine.com\/wp-content\/uploads\/2022\/08\/hand-corn-seed-planter.webp 720w, https:\/\/maizemachine.com\/wp-content\/uploads\/2022\/08\/hand-corn-seed-planter-300x225.webp 300w\" sizes=\"auto, (max-width: 720px) 100vw, 720px\" \/><figcaption>seminatrice per mais a spinta<\/figcaption><\/figure> <\/div>   <h3 class=\"wp-block-heading\" id=\"h-hand-corn-seed-planter\">Piantatrice manuale di semi di mais<\/h3>    <p>Questo seminatore di mais a 1 fila richiede due persone per lavorare insieme per seminare il mais. Una persona spinge la macchina dietro la macchina e l'altra persona tira la corda davanti alla macchina per fornire energia alla macchina. Questa macchina ha le caratteristiche di un funzionamento semplice e una struttura semplice. Puoi usarla per fertilizzare e seminare. A causa dell'unicit\u00e0 della macchina, questo seminatore manuale di mais richiede due lavoratori per operare insieme. Pertanto, pu\u00f2 aiutare i clienti in aree non sviluppate.<\/p>    <h3 class=\"wp-block-heading\" id=\"h-corn-planting-machine-specification\">Specifiche della macchina per la semina del mais<\/h3>    <figure class=\"wp-block-table\"><table><tbody><tr><td>Modello<\/td><td>TZY-100<\/td><\/tr><tr><td>Capacit\u00e0<\/td><td>0,5 acri\/h<\/td><\/tr><tr><td>Dimensione<\/td><td>1370*420*900mm<\/td><\/tr><tr><td>Peso<\/td><td>12kg<\/td><\/tr><\/tbody><\/table><\/figure>   <div class=\"wp-block-image\"> <figure class=\"aligncenter size-full\"><img loading=\"lazy\" decoding=\"async\" width=\"720\" height=\"540\" src=\"http:\/\/maizemachine.com\/wp-content\/uploads\/2022\/08\/manual-corn-planter-machine.webp\" alt=\"macchina seminatrice di mais a mano\" class=\"wp-image-116\" title=\"\" srcset=\"https:\/\/maizemachine.com\/wp-content\/uploads\/2022\/08\/manual-corn-planter-machine.webp 720w, https:\/\/maizemachine.com\/wp-content\/uploads\/2022\/08\/manual-corn-planter-machine-300x225.webp 300w\" sizes=\"auto, (max-width: 720px) 100vw, 720px\" \/><figcaption>macchina seminatrice di mais a mano<\/figcaption><\/figure> <\/div>   <h3 class=\"wp-block-heading\" id=\"h-manual-corn-seeder-machine\">Macchina per la semina del mais manuale<\/h3>    <p>La macchina semina manuale per mais richiede entrambe le mani per tenere il corrimano e premere verso il basso per il seme. Questa macchina \u00e8 leggera e facile da trasportare. Diversi distanziatori possono anche essere utilizzati per cambiare la larghezza di semina. Allo stesso modo, la macchina semina manuale per mais \u00e8 adatta anche per fertilizzare e seminare in terreni agricoli, pianure e zone collinari.<\/p>   <div class=\"wp-block-image\"> <figure class=\"aligncenter size-full\"><img loading=\"lazy\" decoding=\"async\" width=\"720\" height=\"540\" src=\"http:\/\/maizemachine.com\/wp-content\/uploads\/2022\/08\/manual-corn-seeder-machine.webp\" alt=\"macchina seminatrice di mais manuale\" class=\"wp-image-117\" title=\"\" srcset=\"https:\/\/maizemachine.com\/wp-content\/uploads\/2022\/08\/manual-corn-seeder-machine.webp 720w, https:\/\/maizemachine.com\/wp-content\/uploads\/2022\/08\/manual-corn-seeder-machine-300x225.webp 300w\" sizes=\"auto, (max-width: 720px) 100vw, 720px\" \/><figcaption>macchina seminatrice di mais manuale<\/figcaption><\/figure> <\/div>   <h2 class=\"wp-block-heading\" id=\"h-how-does-a-small-corn-planter-work\">Come funziona una piccola piantatrice di mais?<\/h2>    <p class=\"translation-block\">Parliamo principalmente del <a href=\"https:\/\/maizemachine.com\/it\/Info\/structure-of-maize-planter-machine\/\">principio di funzionamento del seminatore di mais a spinta<\/a>. Tuttavia, il processo di lavoro della maggior parte dei piccoli seminatori di mais \u00e8 simile. Innanzitutto, dobbiamo mettere i semi nel serbatoio dei semi. Poi accendere la macchina (spingere in avanti). Quindi afferrare il manico della macchina per mantenere l'equilibrio e spingere in avanti. Infine, i semi verranno seminati nel campo.<\/p>    <h2 class=\"wp-block-heading\" id=\"h-characteristics-of-small-corn-planter\">Caratteristiche della piccola seminatrice di mais<\/h2>    <ol class=\"wp-block-list\"><li>Piccole dimensioni e leggero. Facile da trasportare e manovrare.<\/li><li>Pu\u00f2 anche seminare una serie di colture di cereali come arachidi, grano, soia e. <a href=\"https:\/\/en.wikipedia.org\/wiki\/Sorghum\" target=\"_blank\" rel=\"noopener\">sorgo<\/a>.<\/li><li>Doppie funzioni. Il piccolo seminatore di mais pu\u00f2 non solo seminare ma anche fertilizzare.<\/li><li>L'altezza e la lunghezza del manico possono essere regolate. Pertanto, \u00e8 adatto a tutti.<\/li><li>Struttura semplice e facile da mettere a punto. Pertanto, ha le caratteristiche di un basso tasso di guasto.<\/li><\/ol>   <div class=\"wp-block-image\"> <figure class=\"aligncenter size-full\"><img loading=\"lazy\" decoding=\"async\" width=\"720\" height=\"540\" src=\"http:\/\/maizemachine.com\/wp-content\/uploads\/2022\/08\/details-of-the-machine.webp\" alt=\"dettagli della macchina\" class=\"wp-image-114\" title=\"\" srcset=\"https:\/\/maizemachine.com\/wp-content\/uploads\/2022\/08\/details-of-the-machine.webp 720w, https:\/\/maizemachine.com\/wp-content\/uploads\/2022\/08\/details-of-the-machine-300x225.webp 300w\" sizes=\"auto, (max-width: 720px) 100vw, 720px\" \/><figcaption>dettagli della macchina<\/figcaption><\/figure> <\/div>   <h2 class=\"wp-block-heading\" id=\"h-small-corn-planter-for-sale\">Piccola seminatrice di mais in vendita<\/h2>    <p class=\"translation-block\">In <a href=\"https:\/\/maizemachine.com\/it\/\">Taizy corn machinery<\/a>, abbiamo diversi tipi di piccoli seminatori di mais in vendita. Inoltre, abbiamo un grande seminatore di mais. I nostri <a href=\"https:\/\/maizemachine.com\/it\/product\/one-row-corn-picker\/\">raccoltatori di mais<\/a> sono gli stessi. Hanno modelli diversi. Puoi scegliere il tuo seminatore in base alle tue esigenze. E il prezzo di ciascun seminatore di mais \u00e8 diverso. Perch\u00e9 il loro grado di automazione e produzione \u00e8 diverso. Se desideri un seminatore di mais, non esitare a contattarci.<\/p>    <h2 class=\"wp-block-heading\" id=\"h-when-should-corn-be-planted\">Quando dovrebbe essere piantato il mais?<\/h2>    <p>La germinazione dei semi richiede una certa temperatura e profondit\u00e0. La temperatura adatta per la semina del mais \u00e8 di circa 12 \u2103. E la profondit\u00e0 \u00e8 di circa 10 cm. Questo \u00e8 un momento adatto per piantare il mais. A causa delle differenze tra gli emisferi settentrionale e meridionale, la stagione di piantagione adatta varia da un luogo all'altro. In generale, la stagione di piantagione \u00e8 primavera e autunno. Hai bisogno di un piccolo seminatore per il mais per aiutarti? Non esitare a contattarci.<\/p>","protected":false},"excerpt":{"rendered":"<p>Small corn planter is mainly designed for family users. Compared with large-scale corn planter, it is more economical and easier to operate. They can also correct problems in time. Because it is a hand-held maize planter, it is suitable for heavier fields in mountains and hills. What are the types of corn planters? There are [&hellip;]<\/p>\n","protected":false},"author":1,"featured_media":864,"parent":0,"template":"","tags":[13],"product-type":[7],"class_list":["post-112","product","type-product","status-publish","has-post-thumbnail","hentry","tag-corn-planter","product-type-corn-planter"],"_links":{"self":[{"href":"https:\/\/maizemachine.com\/it\/wp-json\/wp\/v2\/product\/112","targetHints":{"allow":["GET"]}}],"collection":[{"href":"https:\/\/maizemachine.com\/it\/wp-json\/wp\/v2\/product"}],"about":[{"href":"https:\/\/maizemachine.com\/it\/wp-json\/wp\/v2\/types\/product"}],"author":[{"embeddable":true,"href":"https:\/\/maizemachine.com\/it\/wp-json\/wp\/v2\/users\/1"}],"wp:featuredmedia":[{"embeddable":true,"href":"https:\/\/maizemachine.com\/it\/wp-json\/wp\/v2\/media\/864"}],"wp:attachment":[{"href":"https:\/\/maizemachine.com\/it\/wp-json\/wp\/v2\/media?parent=112"}],"wp:term":[{"taxonomy":"post_tag","embeddable":true,"href":"https:\/\/maizemachine.com\/it\/wp-json\/wp\/v2\/tags?post=112"},{"taxonomy":"product-type","embeddable":true,"href":"https:\/\/maizemachine.com\/it\/wp-json\/wp\/v2\/product-type?post=112"}],"curies":[{"name":"wp","href":"https:\/\/api.w.org\/{rel}","templated":true}]}}