{"id":102,"date":"2022-08-24T03:01:59","date_gmt":"2022-08-24T03:01:59","guid":{"rendered":"https:\/\/maizemachine.com\/?post_type=product&#038;p=102"},"modified":"2025-12-30T17:40:40","modified_gmt":"2025-12-30T09:40:40","slug":"maize-sheller","status":"publish","type":"product","link":"https:\/\/maizemachine.com\/it\/product\/maize-sheller\/","title":{"rendered":"Selezionatrice di mais da 3-4 ton\/h | Separator di mais di alta qualit\u00e0"},"content":{"rendered":"<p class=\"translation-block\">Una sgranatrice di mais \u00e8 una macchina agricola progettata per separare i chicchi dalla pannocchia. Raggiunge un tasso di integrit\u00e0 del chicco superiore a<strong><em> 98%<\/em><\/strong> e un tasso di danneggiamento inferiore al <strong><em>3%,<\/em><\/strong> rendendola ampiamente usata nelle grandi aziende agricole.<\/p>    <p class=\"translation-block\">Questa sgranatrice ha una capacit\u00e0 di <strong><em>3\u20134 tons\/h<\/em><\/strong>. \u00c8 compatta, facile da spostare e supporta pi\u00f9 opzioni di alimentazione, tra cui motore elettrico, motore a benzina e motore diesel. Si adatta a diverse condizioni di lavoro ed \u00e8 ideale per agricoltori domestici e aziende agricole.<\/p>    <p class=\"translation-block\">Abbinata a una <a href=\"https:\/\/maizemachine.com\/it\/product\/2-row-corn-picker\/\">corn harvester<\/a>, \u00e8 possibile realizzare una produzione meccanizzata su larga scala. Grazie alle sue eccellenti prestazioni e all'alta efficienza, questa macchina \u00e8 stata apprezzata e acquistata da clienti in molti paesi. In questo articolo, ti presenteremo una popolare sgranatrice di mais.<\/p>   <div class=\"wp-block-image\"> <figure class=\"aligncenter size-full\"><img loading=\"lazy\" decoding=\"async\" width=\"720\" height=\"540\" src=\"http:\/\/maizemachine.com\/wp-content\/uploads\/2022\/08\/maize-sheller.webp\" alt=\"decorticatrice di mais\" class=\"wp-image-104\" title=\"\" srcset=\"https:\/\/maizemachine.com\/wp-content\/uploads\/2022\/08\/maize-sheller.webp 720w, https:\/\/maizemachine.com\/wp-content\/uploads\/2022\/08\/maize-sheller-300x225.webp 300w\" sizes=\"auto, (max-width: 720px) 100vw, 720px\" \/><figcaption class=\"wp-element-caption\">decorticatrice di mais<\/figcaption><\/figure> <\/div>   <h2 class=\"wp-block-heading\">Applicazioni della sgranatrice SL-B2<\/h2>    <h3 class=\"wp-block-heading\">Usi industriali<\/h3>    <ul class=\"wp-block-list\"> <li><strong>Agricoltori domestici:<\/strong> Tre opzioni di alimentazione\u2014motore elettrico, motore a benzina o motore diesel\u2014per adattarsi alle diverse condizioni di alimentazione rurale<\/li>    <li><strong>Punti di raccolta dei cereali:<\/strong> Trebbia direttamente le pannocchie consegnate dagli agricoltori, riducendo il volume di trasporto<\/li>    <li><strong>Impianti di lavorazione di cereali di piccole dimensioni:<\/strong> Lavorare con essiccatori, mulini a farina e macchine per la polenta per formare una linea di lavorazione semplice<\/li>    <li><strong>Imprenditoria rurale:<\/strong> Gli individui possono fornire servizi di trebbiatura a pagamento per gli agricoltori vicini utilizzando il trebbiatore di mais SL-B2<\/li> <\/ul>    <h3 class=\"wp-block-heading\">Colture applicabili<\/h3>    <p>Cambiando il setaccio, la macchina pu\u00f2 essere utilizzata anche per sgranare grano, soia, miglio e altre colture.<\/p>    <div class=\"wp-block-columns is-layout-flex wp-container-core-columns-is-layout-9d6595d7 wp-block-columns-is-layout-flex\"> <div class=\"wp-block-column is-layout-flow wp-block-column-is-layout-flow\" style=\"flex-basis:66.66%\"> <figure class=\"wp-block-image size-full\"><img loading=\"lazy\" decoding=\"async\" width=\"720\" height=\"540\" src=\"https:\/\/maizemachine.com\/wp-content\/uploads\/2023\/01\/applications.webp\" alt=\"applicazioni\" class=\"wp-image-250\" title=\"\" srcset=\"https:\/\/maizemachine.com\/wp-content\/uploads\/2023\/01\/applications.webp 720w, https:\/\/maizemachine.com\/wp-content\/uploads\/2023\/01\/applications-300x225.webp 300w\" sizes=\"auto, (max-width: 720px) 100vw, 720px\" \/><figcaption class=\"wp-element-caption\">Applicazioni<\/figcaption><\/figure> <\/div>    <div class=\"wp-block-column is-layout-flow wp-block-column-is-layout-flow\" style=\"flex-basis:33.33%\"> <ul class=\"wp-block-list\"> <li><em>Frumento<\/em><\/li>    <li><em>Sorgo<\/em><\/li>    <li><em>Soia<\/em><\/li>    <li><em>Riso<\/em><\/li> <\/ul> <\/div> <\/div>    <h2 class=\"wp-block-heading\">La struttura di una sgranatrice di mais<\/h2>   <div class=\"wp-block-image\"> <figure class=\"aligncenter size-full\"><img loading=\"lazy\" decoding=\"async\" width=\"720\" height=\"540\" src=\"http:\/\/maizemachine.com\/wp-content\/uploads\/2022\/08\/corn-shellers-structure.webp\" alt=\"struttura delle sgranatrici di mais\" class=\"wp-image-106\" title=\"\" srcset=\"https:\/\/maizemachine.com\/wp-content\/uploads\/2022\/08\/corn-shellers-structure.webp 720w, https:\/\/maizemachine.com\/wp-content\/uploads\/2022\/08\/corn-shellers-structure-300x225.webp 300w\" sizes=\"auto, (max-width: 720px) 100vw, 720px\" \/><figcaption class=\"wp-element-caption\">struttura delle sgranatrici di mais<\/figcaption><\/figure> <\/div>   <div class=\"wp-block-columns is-layout-flex wp-container-core-columns-is-layout-9d6595d7 wp-block-columns-is-layout-flex\"> <div class=\"wp-block-column is-layout-flow wp-block-column-is-layout-flow\"> <details class=\"wp-block-details is-layout-flow wp-block-details-is-layout-flow\"><summary>Il dispositivo di sgranatura<\/summary> <p>La parte centrale della macchina che separa i chicchi dalla pannocchia.<\/p> <\/details> <\/div>    <div class=\"wp-block-column is-layout-flow wp-block-column-is-layout-flow\"> <details class=\"wp-block-details is-layout-flow wp-block-details-is-layout-flow\"><summary>Unit\u00e0 di potenza<\/summary> <p>Le opzioni includono motore elettrico, motore a benzina o motore diesel, fornendo potenza per il funzionamento.<\/p> <\/details> <\/div> <\/div>    <div class=\"wp-block-columns is-layout-flex wp-container-core-columns-is-layout-9d6595d7 wp-block-columns-is-layout-flex\"> <div class=\"wp-block-column is-layout-flow wp-block-column-is-layout-flow\"> <details class=\"wp-block-details is-layout-flow wp-block-details-is-layout-flow\"><summary>Uscita pannocchie di mais<\/li><li><\/li><\/summary> <p>Il canale dove le pannocchie vengono scaricate dopo la sgranatura.<\/p> <\/details> <\/div>    <div class=\"wp-block-column is-layout-flow wp-block-column-is-layout-flow\"> <details class=\"wp-block-details is-layout-flow wp-block-details-is-layout-flow\"><summary>Ingresso del materiale<\/summary> <p>Il punto di ingresso per l'alimentazione delle pannocchie nella macchina.<\/p> <\/details> <\/div> <\/div>    <div class=\"wp-block-columns is-layout-flex wp-container-core-columns-is-layout-9d6595d7 wp-block-columns-is-layout-flex\"> <div class=\"wp-block-column is-layout-flow wp-block-column-is-layout-flow\"> <details class=\"wp-block-details is-layout-flow wp-block-details-is-layout-flow\"><summary>Telaio<\/summary> <p>La struttura portante principale che garantisce un funzionamento stabile.<\/p> <\/details> <\/div>    <div class=\"wp-block-column is-layout-flow wp-block-column-is-layout-flow\"> <details class=\"wp-block-details is-layout-flow wp-block-details-is-layout-flow\"><summary>Uscita dei chicchi di mais<\/summary> <p>L'uscita dove i chicchi vengono scaricati dopo la sgranatura.<\/p> <\/details> <\/div> <\/div>    <h2 class=\"wp-block-heading\" id=\"h-how-does-maize-sheller-work\">Come funziona una sgranatrice per mais?<\/h2>    <p>Per prima cosa, dobbiamo inserire la pannocchia d'oro nell'apertura di alimentazione. Poi il mais cadr\u00e0 automaticamente nella camera di sgranatura. <\/p>    <p>Poi il tamburo all'interno della macchina ruoter\u00e0 sotto l'azione del motore. Il mais sfrega e ruota tra i rulli. Cos\u00ec si realizza la separazione della pannocchia e del chicco. <\/p>    <p>Infine, la pannocchia sar\u00e0 scaricata dalla coda della sgranatrice. I chicchi cadranno attraverso il setaccio. Questo \u00e8 il processo di lavoro della sgranatrice commerciale.<\/p>    <figure class=\"wp-block-embed is-type-video is-provider-youtube wp-block-embed-youtube wp-embed-aspect-16-9 wp-has-aspect-ratio\"><div class=\"wp-block-embed__wrapper\"> <iframe loading=\"lazy\" title=\"Sgranatrice di mais | Come funziona la trebbiatrice di mais?\" width=\"500\" height=\"281\" src=\"https:\/\/www.youtube.com\/embed\/ZbyQcR_vREk?feature=oembed\" frameborder=\"0\" allow=\"accelerometer; autoplay; clipboard-write; encrypted-media; gyroscope; picture-in-picture; web-share\" referrerpolicy=\"strict-origin-when-cross-origin\" allowfullscreen><\/iframe> <\/div><\/figure>    <h2 class=\"wp-block-heading\" id=\"h-maize-thresher-specifications\">Specifiche della sgranatrice di mais<\/h2>    <figure class=\"wp-block-table\"><table><tbody><tr><td>Modello<\/td><td>SL-B2<\/td><\/tr><tr><td>Potenza<\/td><td>Motore da 2,2 kW, motore a benzina e motore diesel<\/td><\/tr><tr><td>Capacit\u00e0<\/td><td>3-4t\/h<\/td><\/tr><tr><td>Peso<\/td><td>71kg<\/td><\/tr><tr><td>Dimensione<\/td><td>1080*6500*1300 mm<\/td><\/tr><\/tbody><\/table><\/figure>   <div class=\"wp-block-image\"> <figure class=\"aligncenter size-full\"><img loading=\"lazy\" decoding=\"async\" width=\"720\" height=\"540\" src=\"http:\/\/maizemachine.com\/wp-content\/uploads\/2022\/08\/threshing-effect.webp\" alt=\"effetto di battitura\" class=\"wp-image-110\" title=\"\" srcset=\"https:\/\/maizemachine.com\/wp-content\/uploads\/2022\/08\/threshing-effect.webp 720w, https:\/\/maizemachine.com\/wp-content\/uploads\/2022\/08\/threshing-effect-300x225.webp 300w\" sizes=\"auto, (max-width: 720px) 100vw, 720px\" \/><figcaption class=\"wp-element-caption\">effetto di battitura<\/figcaption><\/figure> <\/div>   <h2 class=\"wp-block-heading\">Vantaggi della sgranatrice di mais<\/h2>    <p class=\"translation-block\"><strong>Alta efficienza<\/strong><\/p>    <ul class=\"wp-block-list\"> <li>Capacit\u00e0: 3\u20134 ton\/ora, 20\u201330 volte pi\u00f9 efficiente della sgranatura manuale.<\/li> <\/ul>    <p class=\"translation-block\"><strong>Ampia applicabilit\u00e0<\/strong><\/p>    <ul class=\"wp-block-list\"> <li>Pu\u00f2 lavorare mais fresco e secco; alcuni modelli possono anche sgranare grano, miglio e altre colture.<\/li> <\/ul>    <p class=\"translation-block\"><strong>Facile da usare<\/strong><\/p>    <ul class=\"wp-block-list\"> <li>Peso: 71\u202fkg; Dimensioni: 1080\u00d7650\u00d71300\u202fmm. Struttura compatta e facile da spostare.<\/li> <\/ul>    <p class=\"translation-block\"><strong>Molteplici opzioni di alimentazione<\/strong><\/p>    <p>Supporta motore elettrico, motore a benzina e motore diesel, facilitando l'uso da parte degli agricoltori.<\/p>    <p class=\"translation-block\"><strong>Risparmio di tempo e manodopera<\/strong><\/p>    <ul class=\"wp-block-list\"> <li>3\u20134 ton\/ora possono sostituire il lavoro di circa 10\u201315 persone, riducendo la pressione del lavoro durante la raccolta.<\/li> <\/ul>    <p class=\"translation-block\"><strong>Basso danneggiamento dei chicchi<\/strong><\/p>    <ul class=\"wp-block-list\"> <li>Il design ottimizzato del tamburo di sgranatura mantiene il danneggiamento dei chicchi sotto il 3%.<\/li> <\/ul>    <p class=\"translation-block\"><strong>Forte capacit\u00e0 di pulizia<\/strong><\/p>    <ul class=\"wp-block-list\"> <li>Dotata di ventilatore, i chicchi sono puliti senza setacciatura aggiuntiva. Le pannocchie rimangono integre per mangime o altri usi.<\/li> <\/ul>   <div class=\"wp-block-image\"> <figure class=\"aligncenter size-full\"><img loading=\"lazy\" decoding=\"async\" width=\"720\" height=\"540\" src=\"https:\/\/maizemachine.com\/wp-content\/uploads\/2022\/08\/working-picture.webp\" alt=\"La sgranatrice per mais sta trebbiando rapidamente\" class=\"wp-image-111\" title=\"\" srcset=\"https:\/\/maizemachine.com\/wp-content\/uploads\/2022\/08\/working-picture.webp 720w, https:\/\/maizemachine.com\/wp-content\/uploads\/2022\/08\/working-picture-300x225.webp 300w\" sizes=\"auto, (max-width: 720px) 100vw, 720px\" \/><figcaption class=\"wp-element-caption\">La sgranatrice per mais sta trebbiando rapidamente<\/figcaption><\/figure> <\/div>   <h2 class=\"wp-block-heading\" id=\"h-how-much-is-maize-sheller\">Quanto costa una sgranatrice di mais?<\/h2>    <p>Il prezzo di una sgranatrice \u00e8 influenzato da pi\u00f9 fattori, non solo uno. I principali fattori includono:<\/p>    <ul class=\"wp-block-list\"> <li>Capacit\u00e0: maggiore \u00e8 la resa oraria di sgranatura, pi\u00f9 grande \u00e8 la macchina e maggiore il costo.<\/li>    <li>Tipo di alimentazione: diverse opzioni\u2014motore elettrico, motore a benzina o motore diesel\u2014influenzano il costo; i modelli diesel sono di solito pi\u00f9 costosi di quelli elettrici.<\/li>    <li>Multifunzionalit\u00e0: le macchine che possono gestire pi\u00f9 colture o richiedono setacci personalizzati costano un po' di pi\u00f9 a causa di maggiori esigenze di personalizzazione.<\/li>    <li>Personalizzazione e servizi aggiuntivi: voltaggio personalizzato, dimensione, colore o accessori extra aumenteranno il costo dell'attrezzatura.<\/li> <\/ul>    <p>Se vuoi conoscere il prezzo pi\u00f9 aggiornato della macchina, non esitare a contattarci. Il nostro team commerciale ti contatter\u00e0 prontamente e ti fornir\u00e0 un preventivo dettagliato.<\/p>   <div class=\"wp-block-image\"> <figure class=\"aligncenter size-full\"><img loading=\"lazy\" decoding=\"async\" width=\"720\" height=\"540\" src=\"http:\/\/maizemachine.com\/wp-content\/uploads\/2022\/08\/picture-of-machine-packing.webp\" alt=\"Immagine della macchina per il confezionamento\" class=\"wp-image-108\" title=\"\" srcset=\"https:\/\/maizemachine.com\/wp-content\/uploads\/2022\/08\/picture-of-machine-packing.webp 720w, https:\/\/maizemachine.com\/wp-content\/uploads\/2022\/08\/picture-of-machine-packing-300x225.webp 300w\" sizes=\"auto, (max-width: 720px) 100vw, 720px\" \/><figcaption class=\"wp-element-caption\">Immagine della macchina per il confezionamento<\/figcaption><\/figure> <\/div>   <h2 class=\"wp-block-heading\" id=\"h-where-to-buy-maize-sheller\">Dove comprare una sgranatrice di mais?<\/h2>    <p class=\"translation-block\">Taizy corn machinery factory \u00e8 un <a href=\"https:\/\/maizemachine.com\/it\/\">produttore professionale di attrezzature per mais<\/a>. Vendiamo diversi tipi di macchinari per mais, come <a href=\"https:\/\/maizemachine.com\/it\/product\/maize-grits-milling-machine\/\">macchina per granulati di mais<\/a>, <a href=\"https:\/\/maizemachine.com\/it\/product\/corn-mill-grinder\/\">mietitrice\/trituratore di mais<\/a>, e <a href=\"https:\/\/maizemachine.com\/it\/product\/maize-planter\/\">piantatrice di mais<\/a>. Inoltre, forniamo anche ai clienti buoni servizi pre-vendita e post-vendita. Molti clienti sono diventati nostri clienti abituali. Pertanto, se stai cercando una sheller di mais, non esitare a contattarci.<\/p>   <div class=\"wp-block-image\"> <figure class=\"aligncenter size-full\"><img loading=\"lazy\" decoding=\"async\" width=\"720\" height=\"540\" src=\"https:\/\/maizemachine.com\/wp-content\/uploads\/2025\/08\/Our-customer.webp\" alt=\"Il nostro cliente\" class=\"wp-image-577\" title=\"\" srcset=\"https:\/\/maizemachine.com\/wp-content\/uploads\/2025\/08\/Our-customer.webp 720w, https:\/\/maizemachine.com\/wp-content\/uploads\/2025\/08\/Our-customer-300x225.webp 300w, https:\/\/maizemachine.com\/wp-content\/uploads\/2025\/08\/Our-customer-16x12.webp 16w\" sizes=\"auto, (max-width: 720px) 100vw, 720px\" \/><figcaption class=\"wp-element-caption\">Il nostro cliente<\/figcaption><\/figure> <\/div>   <h2 class=\"wp-block-heading\">F&amp;Q<\/h2>   <div id=\"rank-math-faq\" class=\"rank-math-block\"> <div class=\"rank-math-list\"> <div id=\"faq-question-1757398121523\" class=\"rank-math-list-item\"> <h3 class=\"rank-math-question\">Perch\u00e9 la trebbiatura non \u00e8 pulita?<\/h3> <div class=\"rank-math-answer\">  <p>Potrebbe essere causato da una velocit\u00e0 del tamburo insufficiente o da denti usurati. Controllare la potenza del motore o sostituire la piastra dentata.<\/p>  <\/div> <\/div> <div id=\"faq-question-1757398186712\" class=\"rank-math-list-item\"> <h3 class=\"rank-math-question\">Perch\u00e9 il tasso di danneggiamento del kernel \u00e8 alto?<\/h3> <div class=\"rank-math-answer\">  <p>Di solito dovuto a una velocit\u00e0 del tamburo troppo alta o a pannocchie di mais eccessivamente secche. Regolare la velocit\u00e0 o inumidire leggermente le pannocchie.<\/p>  <\/div> <\/div> <div id=\"faq-question-1757398204641\" class=\"rank-math-list-item\"> <h3 class=\"rank-math-question\">Perch\u00e9 la macchina si inceppa?<\/h3> <div class=\"rank-math-answer\">  <p>Probabilmente perch\u00e9 vengono alimentate troppe pannocchie contemporaneamente oppure detriti ostruiscono la macchina. Pulire la camera di trebbiatura e controllare\/regolare la quantit\u00e0 di alimentazione.<\/p>  <\/div> <\/div> <div id=\"faq-question-1757398218490\" class=\"rank-math-list-item\"> <h3 class=\"rank-math-question\">Puoi garantire la tua qualit\u00e0?<\/h3> <div class=\"rank-math-answer\">  <p>Certo. Siamo la fabbrica produttrice. Ancora pi\u00f9 importante, attribuiamo grande valore alla nostra reputazione.\u00a0<br \/>La massima qualit\u00e0 \u00e8 il nostro principio in ogni momento. Potete essere completamente certi della nostra produzione.\u00a0<\/p>  <\/div> <\/div> <div id=\"faq-question-1757398291146\" class=\"rank-math-list-item\"> <h3 class=\"rank-math-question\">La vostra azienda accetta personalizzazioni?<\/h3> <div class=\"rank-math-answer\">  <p>Abbiamo un eccellente team di design, e possiamo accettare OEM.<\/p>  <\/div> <\/div> <div id=\"faq-question-1757398804821\" class=\"rank-math-list-item\"> <h3 class=\"rank-math-question\">Che ne dici del tuo servizio?<\/h3> <div class=\"rank-math-answer\">  <p>Servizio online 24 ore su 24 per risolvere qualsiasi problema. La vostra soddisfazione \u00e8 la nostra missione. Speriamo sinceramente di poter collaborare.<\/p>  <\/div> <\/div> <div id=\"faq-question-1757398834468\" class=\"rank-math-list-item\"> <h3 class=\"rank-math-question\">Che dire dei metodi di spedizione?<\/h3> <div class=\"rank-math-answer\">  <p>Per ordini urgenti e peso leggero, puoi scegliere la consegna espressa: FEDEX, TNT, DHL o EMS; per peso elevato, puoi scegliere per via aerea o per via marittima per risparmiare sui costi.<\/p>  <\/div> <\/div> <div id=\"faq-question-1757398858587\" class=\"rank-math-list-item\"> <h3 class=\"rank-math-question\">Come posso arrivare alla vostra fabbrica?<\/h3> <div class=\"rank-math-answer\">  <p>Siamo in No.1394 East Hanghai Road, Economic-technological Development Area, Zhengzhou, China. E possiamo offrirvi accoglienze gratuite e premurose per voi.<\/p>  <\/div> <\/div> <\/div> <\/div>   <p><\/p>","protected":false},"excerpt":{"rendered":"<p>A maize sheller is an agricultural machine designed to separate kernels from the cob. It achieves a kernel integrity rate of over 98% and a damage rate of less than 3%, making it widely used on large farms. This corn thresher has a capacity of 3\u20134 tons\/h It is compact, easy to move, and supports [&hellip;]<\/p>\n","protected":false},"author":1,"featured_media":187,"parent":0,"template":"","tags":[14],"product-type":[9],"class_list":["post-102","product","type-product","status-publish","has-post-thumbnail","hentry","tag-corn-sheller","product-type-corn-sheller-machine"],"_links":{"self":[{"href":"https:\/\/maizemachine.com\/it\/wp-json\/wp\/v2\/product\/102","targetHints":{"allow":["GET"]}}],"collection":[{"href":"https:\/\/maizemachine.com\/it\/wp-json\/wp\/v2\/product"}],"about":[{"href":"https:\/\/maizemachine.com\/it\/wp-json\/wp\/v2\/types\/product"}],"author":[{"embeddable":true,"href":"https:\/\/maizemachine.com\/it\/wp-json\/wp\/v2\/users\/1"}],"wp:featuredmedia":[{"embeddable":true,"href":"https:\/\/maizemachine.com\/it\/wp-json\/wp\/v2\/media\/187"}],"wp:attachment":[{"href":"https:\/\/maizemachine.com\/it\/wp-json\/wp\/v2\/media?parent=102"}],"wp:term":[{"taxonomy":"post_tag","embeddable":true,"href":"https:\/\/maizemachine.com\/it\/wp-json\/wp\/v2\/tags?post=102"},{"taxonomy":"product-type","embeddable":true,"href":"https:\/\/maizemachine.com\/it\/wp-json\/wp\/v2\/product-type?post=102"}],"curies":[{"name":"wp","href":"https:\/\/api.w.org\/{rel}","templated":true}]}}