{"id":13,"date":"2022-08-17T03:36:51","date_gmt":"2022-08-17T03:36:51","guid":{"rendered":"http:\/\/maizemachine.com\/?page_id=13"},"modified":"2022-08-25T07:09:37","modified_gmt":"2022-08-25T07:09:37","slug":"about","status":"publish","type":"page","link":"https:\/\/maizemachine.com\/it\/about\/","title":{"rendered":"Chi Siamo"},"content":{"rendered":"<p class=\"translation-block\">Zhengzhou Taizy corn machinery Co., Ltd. \u00e8 un'azienda specializzata nella produzione e fabbricazione di macchinari per il mais e altre attrezzature agricole. Allo stesso tempo, l'azienda \u00e8 coinvolta anche nello sviluppo e nella vendita di attrezzature per macchinari agricoli. In Taizy machinery, le nostre attrezzature per il mais includono quattro categorie: <a href=\"https:\/\/maizemachine.com\/it\/product\/small-corn-planter\/\">seminatrice per mais<\/a>, <a href=\"https:\/\/maizemachine.com\/it\/product\/one-row-corn-picker\/\">raccolta di mais<\/a>, <a href=\"https:\/\/maizemachine.com\/it\/product\/maize-sheller\/\">trebbiare per mais<\/a> e <a href=\"https:\/\/maizemachine.com\/it\/product\/maize-grits-milling-machine\/\">macchina per la produzione di semole di mais<\/a>. Ogni categoria ha pi\u00f9 modelli di macchine tra cui i clienti possono scegliere. Con l'aumento della popolarit\u00e0 dei macchinari, la nostra attrezzatura \u00e8 stata esportata negli Stati Uniti, Canada, Nigeria, Ghana, Etiopia, Filippine, Indonesia, Regno Unito e Per\u00f9.<\/p>    <h2 class=\"wp-block-heading\" id=\"h-why-do-customers-choose-us\">Perch\u00e9 i clienti ci scelgono?<\/h2>    <ol class=\"wp-block-list\"><li>Servizio pre-vendita e post-vendita paziente.<br>I nostri venditori hanno ricevuto una formazione approfondita. Quando si trovano di fronte ai clienti, i venditori mostrano un'alta qualit\u00e0 professionale. Qualunque confusione tu abbia riguardo alla macchina, il nostro venditore ti risponder\u00e0. La cosa pi\u00f9 importante \u00e8 che, se incontri problemi di installazione dopo aver ricevuto la macchina, possiamo anche risolverli per te.<\/li><li>Ricca esperienza nell'esportazione. Come azienda con oltre 10 anni di esperienza nella produzione di macchinari, le nostre macchine sono esportate negli Stati Uniti, Canada, Gran Bretagna, Nigeria, India, Etiopia, Ghana, Filippine e altri paesi.<\/li><li>Macchine di alta qualit\u00e0.<br>Le macchine sono la base del nostro imprenditorialit\u00e0. Comprendiamo che solo macchine di alta qualit\u00e0 possono aiutare i clienti e sopravvivere sul mercato per lungo tempo. Pertanto, abbiamo investito molto impegno nella produzione e nella ricerca e sviluppo di macchine.<\/li><\/ol>","protected":false},"excerpt":{"rendered":"<p>Zhengzhou Taizy corn machinery Co., Ltd. is a company specializing in producing and manufacturing corn machinery and other agricultural machinery equipment. At the same time, the company is also involved in the development and sales of agricultural machinery equipment. In Taizy machinery, our corn machinery equipment includes four categories: corn planter, corn harvester, corn thresher, [&hellip;]<\/p>\n","protected":false},"author":1,"featured_media":0,"parent":0,"menu_order":0,"comment_status":"closed","ping_status":"closed","template":"","meta":{"footnotes":""},"class_list":["post-13","page","type-page","status-publish","hentry"],"_links":{"self":[{"href":"https:\/\/maizemachine.com\/it\/wp-json\/wp\/v2\/pages\/13","targetHints":{"allow":["GET"]}}],"collection":[{"href":"https:\/\/maizemachine.com\/it\/wp-json\/wp\/v2\/pages"}],"about":[{"href":"https:\/\/maizemachine.com\/it\/wp-json\/wp\/v2\/types\/page"}],"author":[{"embeddable":true,"href":"https:\/\/maizemachine.com\/it\/wp-json\/wp\/v2\/users\/1"}],"replies":[{"embeddable":true,"href":"https:\/\/maizemachine.com\/it\/wp-json\/wp\/v2\/comments?post=13"}],"version-history":[{"count":0,"href":"https:\/\/maizemachine.com\/it\/wp-json\/wp\/v2\/pages\/13\/revisions"}],"wp:attachment":[{"href":"https:\/\/maizemachine.com\/it\/wp-json\/wp\/v2\/media?parent=13"}],"curies":[{"name":"wp","href":"https:\/\/api.w.org\/{rel}","templated":true}]}}