{"id":95,"date":"2022-08-24T02:13:52","date_gmt":"2022-08-24T02:13:52","guid":{"rendered":"https:\/\/maizemachine.com\/?post_type=product&#038;p=95"},"modified":"2025-06-20T18:04:57","modified_gmt":"2025-06-20T10:04:57","slug":"2-row-corn-picker","status":"publish","type":"product","link":"https:\/\/maizemachine.com\/fr\/product\/2-row-corn-picker\/","title":{"rendered":"Cueilleur de ma\u00efs \u00e0 2 rang\u00e9es | R\u00e9colteuse de ma\u00efs \u00e0 2 rangs"},"content":{"rendered":"<p class=\"translation-block\">La machine \u00e0 cueillir le ma\u00efs \u00e0 2 rangs est une machine qui r\u00e9colte deux rangs de ma\u00efs en m\u00eame temps. Elle appartient \u00e0 l'\u00e9quipement de r\u00e9colte de ma\u00efs \u00e0 plusieurs rangs. Nous avons \u00e9galement une <a href=\"https:\/\/maizemachine.com\/fr\/product\/one-row-corn-picker\/\">r\u00e9colteuse de ma\u00efs \u00e0 un rang<\/a>, une cueilleuse de ma\u00efs \u00e0 3 rangs et une moissonneuse de ma\u00efs \u00e0 4 rangs parmi lesquelles choisir.<\/p>    <p> Compar\u00e9 \u00e0 un ramasseur de ma\u00efs \u00e0 une rang\u00e9e, le moissonneur \u00e0 deux rang\u00e9es a un grand volume et une grande efficacit\u00e9 de travail. De plus, la machine est \u00e9quip\u00e9e d'une cabine pour que les op\u00e9rateurs puissent man\u0153uvrer la machine. Par cons\u00e9quent, cette machine peut facilement r\u00e9colter plusieurs rang\u00e9es de ma\u00efs en tr\u00e8s peu de temps.<\/p>   <div class=\"wp-block-image\"> <figure class=\"aligncenter size-full\"><img loading=\"lazy\" decoding=\"async\" width=\"720\" height=\"540\" src=\"http:\/\/maizemachine.com\/wp-content\/uploads\/2022\/08\/two-row-corn-harvester.webp\" alt=\"r\u00e9colteuse de ma\u00efs \u00e0 deux rangs\" class=\"wp-image-101\" title=\"\" srcset=\"https:\/\/maizemachine.com\/wp-content\/uploads\/2022\/08\/two-row-corn-harvester.webp 720w, https:\/\/maizemachine.com\/wp-content\/uploads\/2022\/08\/two-row-corn-harvester-300x225.webp 300w\" sizes=\"auto, (max-width: 720px) 100vw, 720px\" \/><figcaption class=\"wp-element-caption\">r\u00e9colteuse de ma\u00efs \u00e0 deux rangs<\/figcaption><\/figure> <\/div>   <h2 class=\"wp-block-heading\" id=\"h-advantages-of-2-row-corn-picker\">Avantages du r\u00e9colteur de ma\u00efs \u00e0 2 rang\u00e9es par Shuliy<\/h2>    <ol class=\"wp-block-list\"> <li>Notre r\u00e9colteuse de ma\u00efs adopte une technologie d\u2019entra\u00eenement m\u00e9canique et hydraulique de premi\u00e8re classe. Il est facile \u00e0 contr\u00f4ler et \u00e0 utiliser.<\/li>    <li>Dans le m\u00eame temps, le cueilleur de ma\u00efs \u00e0 2 rangs est int\u00e9gr\u00e9 \u00e0 la r\u00e9colte, au transport, au pelage et au broyage de la paille. Cela peut r\u00e9pondre \u00e0 une vari\u00e9t\u00e9 de besoins.<\/li>    <li>Le taux de perte de ma\u00efs lors de la cueillette est inf\u00e9rieur \u00e0 3%.<\/li>    <li>La cabine \u00e9quip\u00e9e de la machine permet aux personnes d'op\u00e9rer la machine.<\/li>    <li>8 rouleaux en caoutchouc en spirale peuvent facilement retirer la cosse du ma\u00efs. Cela \u00e9vite les probl\u00e8mes de pelage.<\/li>    <li>De plus, les agriculteurs n\u2019ont pas besoin de payer plus pour acheter des \u00e9plucheuses de ma\u00efs.<\/li>    <li>Notre moissonneuse \u00e0 ma\u00efs est multifonctionnelle, elle peut r\u00e9colter le ma\u00efs et broyer les tiges pour les retourner au champ.<\/li>    <li>Cette machine a une forte adaptabilit\u00e9 et est adapt\u00e9e aux terrains complexes et aux mauvaises conditions routi\u00e8res.<\/li>    <li>Elle est \u00e9galement tr\u00e8s efficace \u2014 un op\u00e9rateur exp\u00e9riment\u00e9 peut r\u00e9colter plus de 10 mu (environ 1,6 acre) par jour.<\/li> <\/ol>   <div class=\"wp-block-image\"> <figure class=\"aligncenter size-full\"><img loading=\"lazy\" decoding=\"async\" width=\"720\" height=\"540\" src=\"http:\/\/maizemachine.com\/wp-content\/uploads\/2022\/08\/2-row-corn-harvester.webp\" alt=\"R\u00e9colteuse de ma\u00efs \u00e0 2 rangs\" class=\"wp-image-97\" title=\"\" srcset=\"https:\/\/maizemachine.com\/wp-content\/uploads\/2022\/08\/2-row-corn-harvester.webp 720w, https:\/\/maizemachine.com\/wp-content\/uploads\/2022\/08\/2-row-corn-harvester-300x225.webp 300w\" sizes=\"auto, (max-width: 720px) 100vw, 720px\" \/><figcaption class=\"wp-element-caption\">R\u00e9colteuse de ma\u00efs \u00e0 2 rangs<\/figcaption><\/figure> <\/div>   <h2 class=\"wp-block-heading\">Applications du moissonneur de ma\u00efs \u00e0 2 rang\u00e9es<\/h2>    <ul class=\"wp-block-list\"> <li>Grandes terres agricoles plates<\/li>    <li>Terrains vallonn\u00e9s ou en pente<\/li>    <li>Parcelles de terre irr\u00e9guli\u00e8res ou petites<\/li>    <li>Champs avec un sol doux ou humide<\/li>    <li>Zones rurales \u00e9loign\u00e9es avec un acc\u00e8s routier \u00e9troit ou difficile<\/li>    <li>Zones de serres ou bords de champs \u00e9troits o\u00f9 de grandes machines ne peuvent pas entrer<\/li> <\/ul>    <figure class=\"wp-block-image size-full\"><img loading=\"lazy\" decoding=\"async\" width=\"720\" height=\"540\" src=\"https:\/\/maizemachine.com\/wp-content\/uploads\/2022\/08\/Application-of-the-2-Row-corn-picker.webp\" alt=\"Application de la ramasseuse de ma\u00efs \u00e0 2 rangs\" class=\"wp-image-443\" title=\"\" srcset=\"https:\/\/maizemachine.com\/wp-content\/uploads\/2022\/08\/Application-of-the-2-Row-corn-picker.webp 720w, https:\/\/maizemachine.com\/wp-content\/uploads\/2022\/08\/Application-of-the-2-Row-corn-picker-300x225.webp 300w, https:\/\/maizemachine.com\/wp-content\/uploads\/2022\/08\/Application-of-the-2-Row-corn-picker-16x12.webp 16w\" sizes=\"auto, (max-width: 720px) 100vw, 720px\" \/><figcaption class=\"wp-element-caption\">Application du ramasseur de ma\u00efs \u00e0 2 rang\u00e9es<\/figcaption><\/figure>    <h2 class=\"wp-block-heading\">Structure principale et apparence du ramasseur de ma\u00efs \u00e0 2 rang\u00e9es<\/h2>    <p>Les principaux composants de la moissonneuse \u00e0 ma\u00efs \u00e0 2 rang\u00e9es comprennent le bouton d'arr\u00eat, l'acc\u00e9l\u00e9rateur, l'embrayage de marche, les poign\u00e9es de r\u00e9glage de direction et de hauteur, le r\u00e9servoir de carburant, le levier de changement de vitesses, l'embrayage de r\u00e9colte et la tr\u00e9mie de r\u00e9colte.<\/p>    <figure class=\"wp-block-image size-full\"><img loading=\"lazy\" decoding=\"async\" width=\"720\" height=\"540\" src=\"https:\/\/maizemachine.com\/wp-content\/uploads\/2022\/08\/Various-views-of-a-2-row-corn-harvester.webp\" alt=\"Diff\u00e9rentes vues d&#039;une moissonneuse \u00e0 ma\u00efs \u00e0 2 rang\u00e9es\" class=\"wp-image-446\" title=\"\" srcset=\"https:\/\/maizemachine.com\/wp-content\/uploads\/2022\/08\/Various-views-of-a-2-row-corn-harvester.webp 720w, https:\/\/maizemachine.com\/wp-content\/uploads\/2022\/08\/Various-views-of-a-2-row-corn-harvester-300x225.webp 300w, https:\/\/maizemachine.com\/wp-content\/uploads\/2022\/08\/Various-views-of-a-2-row-corn-harvester-16x12.webp 16w\" sizes=\"auto, (max-width: 720px) 100vw, 720px\" \/><figcaption class=\"wp-element-caption\">Diff\u00e9rentes vues d'une moissonneuse \u00e0 ma\u00efs \u00e0 2 rang\u00e9es<\/figcaption><\/figure>    <h2 class=\"wp-block-heading\">Comment utiliser le r\u00e9colteur de ma\u00efs \u00e0 2 rang\u00e9es<\/h2>    <p class=\"translation-block\"><strong>D\u00e9marrer le moteur \u2192 Marcher et r\u00e9colter \u2192 Arr\u00eater<\/strong><\/p>    <h3 class=\"wp-block-heading\">D\u00e9marrer le moteur<\/h3>    <ul class=\"wp-block-list\"> <li>Ajouter de l'essence (90 octanes ou plus recommand\u00e9).<\/li>    <li>Ouvrez la vanne de carburant et d\u00e9marrez le clapet d'air.<\/li>    <li>Tirez sur la poign\u00e9e de d\u00e9marrage pour d\u00e9marrer le moteur.<\/li>    <li>Une fois que le moteur est stable, fermez lentement le clapet d'air.<\/li> <\/ul>    <h3 class=\"wp-block-heading\">Marcher et r\u00e9colter<\/h3>    <ul class=\"wp-block-list\"> <li>Ajustez les poign\u00e9es de direction et de hauteur.<\/li>    <li>Utilisez l'embrayage de marche et l'embrayage de r\u00e9colte ensemble.<\/li>    <li>Lorsque les \u00e9pis de ma\u00efs sont pleins, lib\u00e9rez-les en utilisant la poign\u00e9e de contr\u00f4le.<\/li>    <li>Soulevez la roue motrice lors du virage pour r\u00e9duire la r\u00e9sistance.<\/li> <\/ul>    <h3 class=\"wp-block-heading\">Arr\u00eat<\/h3>    <ul class=\"wp-block-list\"> <li>Abaissez l'acc\u00e9l\u00e9rateur \u2192 d\u00e9brayez l'embrayage \u2192 appuyez sur le bouton d'arr\u00eat.<\/li> <\/ul>    <h2 class=\"wp-block-heading\" id=\"h-parameters-of-2-row-corn-picker\">Param\u00e8tres du cueilleur de ma\u00efs \u00e0 2 rangs<\/h2>    <figure class=\"wp-block-table\"><table><tbody><tr><td>Mod\u00e8le<\/td><td>CH-2<\/td><\/tr><tr><td>Cylindre<\/td><td>4<\/td><\/tr><tr><td>Dimension<\/td><td>4850*1450*2600mm<\/td><\/tr><tr><td>Poids<\/td><td>2650<\/td><\/tr><tr><td>Rang\u00e9e<\/td><td>2<\/td><\/tr><tr><td>Largeur de coupe<\/td><td>1135mm<\/td><\/tr><tr><td>Espacement des rang\u00e9es<\/td><td>420-890mm<\/td><\/tr><tr><td>Hauteur de coupe maximale<\/td><td>2120mm<\/td><\/tr><tr><td>Distance minimale du sol<\/td><td>150mm<\/td><\/tr><tr><td>Vitesse de travail<\/td><td>2,2-5,0 km\/h<\/td><\/tr><tr><td>Capacit\u00e9<\/td><td>0,15-0,3h\u33a1\/h<\/td><\/tr><tr><td>Consommation de carburant<\/td><td>Moins de 25 kg\/h \u33a1<\/td><\/tr><tr><td>Rouleau \u00e0 \u00e9plucher<\/td><td>Rouleau en caoutchouc en spirale<\/td><\/tr><tr><td>Dispositif de pelage<\/td><td>8 Rouleaux d'\u00e9pluchage<\/td><\/tr><tr><td>Distance de l'arbre<\/td><td>2300mm<\/td><\/tr><tr><td>Largeur de paille de retour au champ<\/td><td>930mm<\/td><\/tr><tr><td>Distance des roues<\/td><td>Roue avant (1200 mm)<br>Roue arri\u00e8re (1300 mm)<\/td><\/tr><\/tbody><\/table><\/figure>    <figure class=\"wp-block-gallery has-nested-images columns-default is-cropped wp-block-gallery-2 is-layout-flex wp-block-gallery-is-layout-flex\"> <figure class=\"wp-block-image size-large\"><img loading=\"lazy\" decoding=\"async\" width=\"720\" height=\"540\" data-id=\"444\" src=\"https:\/\/maizemachine.com\/wp-content\/uploads\/2022\/08\/2-row-corn-harvester-with-cab.webp\" alt=\"Moissonneuse de ma\u00efs \u00e0 2 rangs avec cabine\" class=\"wp-image-444\" title=\"\" srcset=\"https:\/\/maizemachine.com\/wp-content\/uploads\/2022\/08\/2-row-corn-harvester-with-cab.webp 720w, https:\/\/maizemachine.com\/wp-content\/uploads\/2022\/08\/2-row-corn-harvester-with-cab-300x225.webp 300w, https:\/\/maizemachine.com\/wp-content\/uploads\/2022\/08\/2-row-corn-harvester-with-cab-16x12.webp 16w\" sizes=\"auto, (max-width: 720px) 100vw, 720px\" \/><figcaption class=\"wp-element-caption\">Moissonneuse \u00e0 ma\u00efs 2 rangs avec cabine<\/figcaption><\/figure>    <figure class=\"wp-block-image size-large\"><img loading=\"lazy\" decoding=\"async\" width=\"720\" height=\"540\" data-id=\"445\" src=\"https:\/\/maizemachine.com\/wp-content\/uploads\/2022\/08\/2-row-corn-harvester-without-cab.webp\" alt=\"Moissonneuse \u00e0 ma\u00efs 2 rangs sans cabine\" class=\"wp-image-445\" title=\"\" srcset=\"https:\/\/maizemachine.com\/wp-content\/uploads\/2022\/08\/2-row-corn-harvester-without-cab.webp 720w, https:\/\/maizemachine.com\/wp-content\/uploads\/2022\/08\/2-row-corn-harvester-without-cab-300x225.webp 300w, https:\/\/maizemachine.com\/wp-content\/uploads\/2022\/08\/2-row-corn-harvester-without-cab-16x12.webp 16w\" sizes=\"auto, (max-width: 720px) 100vw, 720px\" \/><figcaption class=\"wp-element-caption\">Moissonneuse \u00e0 ma\u00efs 2 rangs sans cabine<\/figcaption><\/figure> <\/figure>    <h2 class=\"wp-block-heading\" id=\"h-maintenance-of-corn-harvester\">Entretien et r\u00e9paration de moissonneuse \u00e0 ma\u00efs<\/h2>    <p>L'entretien de la moissonneuse \u00e0 ma\u00efs \u00e0 2 rangs est un projet de routine et important. Il comprend principalement deux niveaux : avant l'op\u00e9ration et apr\u00e8s l'op\u00e9ration. <\/p>    <p>La maintenance avant l'op\u00e9ration vise principalement \u00e0 garantir que la machine est en bon \u00e9tat de fonctionnement. Le travail d'une moissonneuse \u00e0 ma\u00efs se d\u00e9roule par \u00e9tapes. Les machines fonctionnent g\u00e9n\u00e9ralement \u00e0 l'automne. Une fois la r\u00e9colte du ma\u00efs termin\u00e9e, elles entrent dans un \u00e9tat d'inactivit\u00e9. Il est donc n\u00e9cessaire de v\u00e9rifier apr\u00e8s l'op\u00e9ration.<\/p>    <ul class=\"wp-block-list\"> <li>Op\u00e9rez selon les instructions avant l'op\u00e9ration. V\u00e9rifiez si l'eau de refroidissement, le carburant, <a href=\"https:\/\/en.wikipedia.org\/wiki\/Lubrication\" target=\"_blank\" rel=\"noopener\">lubrifiant<\/a> l'huile et les composants sont connect\u00e9s normalement.<\/li>    <li>R\u00e9viser et nettoyer le filtre \u00e0 air. V\u00e9rifiez si les pi\u00e8ces de l'\u00e9quipement sont s\u00e9curis\u00e9es. V\u00e9rifiez fr\u00e9quemment les pi\u00e8ces d\u00e9tach\u00e9es. Probl\u00e8mes d'ajustement en temps opportun d\u00e9tect\u00e9s.<\/li>    <li>Apr\u00e8s l'op\u00e9ration, v\u00e9rifiez s'il y a des mauvaises herbes, des s\u00e9diments et de la salet\u00e9 sur la machine. Nettoyer \u00e0 temps si n\u00e9cessaire.<\/li>    <li>V\u00e9rifiez s'il y a des dommages \u00e0 l'int\u00e9rieur de la machine.<\/li>    <li>V\u00e9rifiez si la bande transporteuse est l\u00e2che.<\/li>    <li>Une fois les \u00e9tapes ci-dessus termin\u00e9es, il est n\u00e9cessaire de remplir d'huile le coupeur pour garantir que l'\u00e9quipement est dans un \u00e9tat normal.<\/li> <\/ul>   <div class=\"wp-block-image\"> <figure class=\"aligncenter size-full\"><img loading=\"lazy\" decoding=\"async\" width=\"720\" height=\"540\" src=\"http:\/\/maizemachine.com\/wp-content\/uploads\/2022\/08\/2-row-maize-harvester-in-factory.webp\" alt=\"R\u00e9colteuse de ma\u00efs \u00e0 2 rangs en usine\" class=\"wp-image-99\" title=\"\" srcset=\"https:\/\/maizemachine.com\/wp-content\/uploads\/2022\/08\/2-row-maize-harvester-in-factory.webp 720w, https:\/\/maizemachine.com\/wp-content\/uploads\/2022\/08\/2-row-maize-harvester-in-factory-300x225.webp 300w\" sizes=\"auto, (max-width: 720px) 100vw, 720px\" \/><figcaption class=\"wp-element-caption\">Moissonneuse \u00e0 ma\u00efs \u00e0 2 rang\u00e9es dans l'usine<\/figcaption><\/figure> <\/div>   <h3 class=\"wp-block-heading\">Entretien r\u00e9gulier<\/h3>    <ul class=\"wp-block-list\"> <li>Entretien de niveau 1 : toutes les 150 heures<\/li>    <li>Entretien de niveau 2 : Toutes les 800 heures<\/li>    <li>R\u00e9vision majeure : Toutes les 1500\u20132000 heures<\/li>    <li>Si vous stockez pendant une longue p\u00e9riode, nettoyez la machine, changez l'huile, appliquez un traitement anti-rouille et gardez-la au sec.<\/li>    <li>Pour une nouvelle machine ou apr\u00e8s des r\u00e9parations majeures, un rodage appropri\u00e9 est n\u00e9cessaire avant une utilisation r\u00e9guli\u00e8re.<\/li> <\/ul>    <h2 class=\"wp-block-heading\" id=\"h-2-row-corn-picker-for-sale\">Cueilleur de ma\u00efs \u00e0 2 rangs \u00e0 vendre<\/h2>    <p>Le moissonneur de ma\u00efs \u00e0 deux rang\u00e9es est un mod\u00e8le populaire dans l'\u00e9quipement de r\u00e9colte de ma\u00efs. Nous avons \u00e9galement des r\u00e9colteuses de ma\u00efs \u00e0 deux rang\u00e9es de haute qualit\u00e9 \u00e0 vendre. De plus, nous vendons \u00e9galement des moissonneuses de ma\u00efs \u00e0 une seule rang\u00e9e. <\/p>    <p class=\"translation-block\">En tant que producteur professionnel d'\u00e9quipements de traitement du ma\u00efs, nous avons \u00e9galement une machine \u00e0 broyer le ma\u00efs, un semoir \u00e0 ma\u00efs et une <a href=\"https:\/\/maizemachine.com\/fr\/product\/corn-mill-grinder\/\">machine \u00e0 moudre la farine de ma\u00efs<\/a>. De plus, ces machines ont \u00e9galement \u00e9t\u00e9 export\u00e9es dans de nombreux pays. Par cons\u00e9quent, nous avons une riche exp\u00e9rience dans la production et l'exportation de machines. Si vous \u00eates int\u00e9ress\u00e9 par cette moissonneuse de ma\u00efs \u00e0 deux rangs, n'h\u00e9sitez pas \u00e0 nous contacter.<\/p>    <h2 class=\"wp-block-heading\">Vid\u00e9o d'une r\u00e9colteuse de ma\u00efs \u00e0 deux rangs<\/h2>    <figure class=\"wp-block-embed is-type-video is-provider-youtube wp-block-embed-youtube wp-embed-aspect-16-9 wp-has-aspect-ratio\"><div class=\"wp-block-embed__wrapper\"> <iframe loading=\"lazy\" title=\"Cueilleur de ma\u00efs \u00e0 2 rang\u00e9es | R\u00e9colteuse de ma\u00efs \u00e0 bas prix\" width=\"500\" height=\"281\" src=\"https:\/\/www.youtube.com\/embed\/pkEAzDVLqJM?feature=oembed\" frameborder=\"0\" allow=\"accelerometer; autoplay; clipboard-write; encrypted-media; gyroscope; picture-in-picture; web-share\" referrerpolicy=\"strict-origin-when-cross-origin\" allowfullscreen><\/iframe> <\/div><\/figure>    <h2 class=\"wp-block-heading\">D\u00e9pannage pour moissonneuse-batteuse \u00e0 ma\u00efs \u00e0 2 rangs<\/h2>    <h3 class=\"wp-block-heading\">Blocage du rouleau de r\u00e9colte<\/h3>    <p class=\"translation-block\">Causes possibles : trop de mauvaises herbes dans le champ, grand espace entre les lames de coupe, petit espace entre les rouleaux de cueillette, vitesse de conduite inappropri\u00e9e, ou probl\u00e8mes avec la cha\u00eene de guidage de la culture.<br><strong>Solutions :<\/strong> Ralentir la vitesse de conduite, ajuster l'espace entre les lames, ajuster l'espace entre les rouleaux, changer le rapport de travail, r\u00e9parer la cha\u00eene de guidage de la culture et ajuster le ressort.<\/p>    <h3 class=\"wp-block-heading\">Surchauffe de l'arbre principal du broyeur<\/h3>    <p class=\"translation-block\">Causes possibles : manque ou d\u00e9faillance d'huile, courroie trap\u00e9zo\u00efdale trop tendue, ou roulements endommag\u00e9s.<br><strong>Solutions :<\/strong> Ajouter de l'huile, ajuster la tension de la courroie trap\u00e9zo\u00efdale, ou remplacer les roulements ou la courroie trap\u00e9zo\u00efdale.<\/p>    <h3 class=\"wp-block-heading\">Cha\u00eene de l'ascenseur ne bouge pas<\/h3>    <p class=\"translation-block\">Causes possibles : la cha\u00eene est sortie de son logement, arbres endommag\u00e9s, ou blocage par des d\u00e9bris \u00e0 l'int\u00e9rieur de l'\u00e9l\u00e9vateur.<br><strong>Solutions :<\/strong> Ajuster ou remplacer la cha\u00eene ou les pi\u00e8ces, et retirer les d\u00e9bris de l'int\u00e9rieur de l'\u00e9l\u00e9vateur.<\/p>    <h3 class=\"wp-block-heading\">Qualit\u00e9 de broyage de paille m\u00e9diocre<\/h3>    <p class=\"translation-block\">Causes possibles : espacement des rangs inappropri\u00e9, courroie d'entra\u00eenement desserr\u00e9e ou patinant, vitesse de conduite \u00e9lev\u00e9e, sol in\u00e9gal, ou lames de marteau s\u00e9v\u00e8rement us\u00e9es.<br><strong>Solutions :<\/strong> Ajuster la conduite pour am\u00e9liorer l'espacement des rangs, resserrer la courroie pour augmenter la friction, et r\u00e9duire la vitesse pour \u00e9viter l'usure des lames de marteau.<\/p>    <h3 class=\"wp-block-heading\">Bruit inhabituel provenant de la bo\u00eete de vitesses<\/h3>    <p class=\"translation-block\">Causes possibles : jeu de dents incorrect, engrenages ou roulements endommag\u00e9s, ou manque de lubrification.<br><strong>Solutions<\/strong> : Ajuster le jeu de dents des engrenages \u00e0 la plage appropri\u00e9e, remplacer les pi\u00e8ces endommag\u00e9es et ajouter de l'huile pour la lubrification.<\/p>    <p>Pour plus de questions sur la moissonneuse-batteuse \u00e0 ma\u00efs \u00e0 2 rang\u00e9es, n'h\u00e9sitez pas \u00e0 nous contacter. Nous offrons une consultation gratuite sur les produits.<\/p>","protected":false},"excerpt":{"rendered":"<p>The 2 row corn picker is a machine that harvests two rows of corn at the same time. It belongs to multi row corn harvesting equipment. We also have a single-row maize harvester, 3 row corn picker, and 4 row corn harvester for you to choose from. Compared with 1 row corn picker, the two [&hellip;]<\/p>\n","protected":false},"author":1,"featured_media":98,"parent":0,"template":"","tags":[12],"product-type":[8],"class_list":["post-95","product","type-product","status-publish","has-post-thumbnail","hentry","tag-corn-harvester","product-type-corn-harvester"],"_links":{"self":[{"href":"https:\/\/maizemachine.com\/fr\/wp-json\/wp\/v2\/product\/95","targetHints":{"allow":["GET"]}}],"collection":[{"href":"https:\/\/maizemachine.com\/fr\/wp-json\/wp\/v2\/product"}],"about":[{"href":"https:\/\/maizemachine.com\/fr\/wp-json\/wp\/v2\/types\/product"}],"author":[{"embeddable":true,"href":"https:\/\/maizemachine.com\/fr\/wp-json\/wp\/v2\/users\/1"}],"wp:featuredmedia":[{"embeddable":true,"href":"https:\/\/maizemachine.com\/fr\/wp-json\/wp\/v2\/media\/98"}],"wp:attachment":[{"href":"https:\/\/maizemachine.com\/fr\/wp-json\/wp\/v2\/media?parent=95"}],"wp:term":[{"taxonomy":"post_tag","embeddable":true,"href":"https:\/\/maizemachine.com\/fr\/wp-json\/wp\/v2\/tags?post=95"},{"taxonomy":"product-type","embeddable":true,"href":"https:\/\/maizemachine.com\/fr\/wp-json\/wp\/v2\/product-type?post=95"}],"curies":[{"name":"wp","href":"https:\/\/api.w.org\/{rel}","templated":true}]}}