{"id":810,"date":"2025-12-30T17:49:35","date_gmt":"2025-12-30T09:49:35","guid":{"rendered":"https:\/\/maizemachine.com\/?post_type=product&#038;p=810"},"modified":"2026-01-16T11:22:03","modified_gmt":"2026-01-16T03:22:03","slug":"multifunctional-corn-thresher","status":"publish","type":"product","link":"https:\/\/maizemachine.com\/fr\/product\/multifunctional-corn-thresher\/","title":{"rendered":"5\u202fTons\/h Moissonneuse multifonctionnelle pour ma\u00efs"},"content":{"rendered":"<p class=\"translation-block\">Cette<strong> moissonneuse \u00e0 ma\u00efs multifonctionnelle<\/strong> est une machine \u00e0 haute efficacit\u00e9, stable, pour s\u00e9parer les grains de ma\u00efs des \u00e9pis.<\/p>   <div class=\"wp-block-image\"> <figure class=\"aligncenter size-full\"><img loading=\"lazy\" decoding=\"async\" width=\"720\" height=\"540\" src=\"https:\/\/maizemachine.com\/wp-content\/uploads\/2025\/12\/Multifunctional-Corn-Thresher.webp\" alt=\"D\u00e9chaqueuse multifonctionnelle de ma\u00efs\" class=\"wp-image-815\" title=\"\" srcset=\"https:\/\/maizemachine.com\/wp-content\/uploads\/2025\/12\/Multifunctional-Corn-Thresher.webp 720w, https:\/\/maizemachine.com\/wp-content\/uploads\/2025\/12\/Multifunctional-Corn-Thresher-300x225.webp 300w, https:\/\/maizemachine.com\/wp-content\/uploads\/2025\/12\/Multifunctional-Corn-Thresher-16x12.webp 16w\" sizes=\"auto, (max-width: 720px) 100vw, 720px\" \/><figcaption class=\"wp-element-caption\">D\u00e9chaqueuse multifonctionnelle de ma\u00efs<\/figcaption><\/figure> <\/div>   <p class=\"translation-block\">Cette machine peut moissonner <strong><mark class=\"has-inline-color has-luminous-vivid-amber-color\">le ma\u00efs, millet, sorgho, soja, riz, bl\u00e9, et autres grains<\/mark><\/strong>, adapt\u00e9e aux fermes, coop\u00e9ratives, et petits sites de transformation, am\u00e9liorant l'efficacit\u00e9 et r\u00e9duisant les co\u00fbts de main-d'\u0153uvre.<\/p>    <p class=\"translation-block\">La capacit\u00e9 maximale est<strong><mark class=\"has-inline-color has-luminous-vivid-amber-color\"> 5\u202ft\/h<\/mark><\/strong> pour le ma\u00efs,<strong> <mark class=\"has-inline-color has-luminous-vivid-amber-color\">3\u202ft\/h<\/mark><\/strong> pour les grains, et<strong> <mark class=\"has-inline-color has-luminous-vivid-amber-color\">2\u202ft\/h<\/mark><\/strong> pour le riz et le bl\u00e9. Le changement de tamis permet de traiter diff\u00e9rents grains.<\/p>    <figure class=\"wp-block-embed is-type-video is-provider-youtube wp-block-embed-youtube wp-embed-aspect-16-9 wp-has-aspect-ratio\"><div class=\"wp-block-embed__wrapper\"> <iframe loading=\"lazy\" title=\"One Machine for Corn, Sorghum, Wheat &amp; Rice | Multifunctional Thresher\" width=\"500\" height=\"281\" src=\"https:\/\/www.youtube.com\/embed\/Ky--tWY0BAQ?feature=oembed\" frameborder=\"0\" allow=\"accelerometer; autoplay; clipboard-write; encrypted-media; gyroscope; picture-in-picture; web-share\" referrerpolicy=\"strict-origin-when-cross-origin\" allowfullscreen><\/iframe> <\/div><\/figure>    <h2 class=\"wp-block-heading\">Applications<\/h2>    <p class=\"translation-block\">La<strong> moissonneuse \u00e0 ma\u00efs multifonctionnelle<\/strong> est largement utilis\u00e9e dans :<\/p>    <ul class=\"wp-block-list\"> <li>Fermes et coop\u00e9ratives agricoles<\/li>    <li>Stations de Collecte de Grains<\/li>    <li>Petites usines de transformation des grains<\/li>    <li>Op\u00e9rations rurales mobiles et transformation \u00e0 domicile<\/li>    <li>Battage continu pendant les saisons de pointe du ma\u00efs et des grains<\/li> <\/ul>    <figure class=\"wp-block-gallery has-nested-images columns-default is-cropped wp-block-gallery-2 is-layout-flex wp-block-gallery-is-layout-flex\"> <figure class=\"wp-block-image size-large\"><img loading=\"lazy\" decoding=\"async\" width=\"720\" height=\"540\" data-id=\"821\" src=\"https:\/\/maizemachine.com\/wp-content\/uploads\/2025\/12\/Wheat.webp\" alt=\"Bl\u00e9\" class=\"wp-image-821\" title=\"\" srcset=\"https:\/\/maizemachine.com\/wp-content\/uploads\/2025\/12\/Wheat.webp 720w, https:\/\/maizemachine.com\/wp-content\/uploads\/2025\/12\/Wheat-300x225.webp 300w, https:\/\/maizemachine.com\/wp-content\/uploads\/2025\/12\/Wheat-16x12.webp 16w\" sizes=\"auto, (max-width: 720px) 100vw, 720px\" \/><figcaption class=\"wp-element-caption\">Bl\u00e9<\/figcaption><\/figure>    <figure class=\"wp-block-image size-large\"><img loading=\"lazy\" decoding=\"async\" width=\"720\" height=\"540\" data-id=\"818\" src=\"https:\/\/maizemachine.com\/wp-content\/uploads\/2025\/12\/Soybean.webp\" alt=\"Soja\" class=\"wp-image-818\" title=\"\" srcset=\"https:\/\/maizemachine.com\/wp-content\/uploads\/2025\/12\/Soybean.webp 720w, https:\/\/maizemachine.com\/wp-content\/uploads\/2025\/12\/Soybean-300x225.webp 300w, https:\/\/maizemachine.com\/wp-content\/uploads\/2025\/12\/Soybean-16x12.webp 16w\" sizes=\"auto, (max-width: 720px) 100vw, 720px\" \/><figcaption class=\"wp-element-caption\">Soja<\/figcaption><\/figure>    <figure class=\"wp-block-image size-large\"><img loading=\"lazy\" decoding=\"async\" width=\"720\" height=\"540\" data-id=\"817\" src=\"https:\/\/maizemachine.com\/wp-content\/uploads\/2025\/12\/Sorghum.webp\" alt=\"Sorgho\" class=\"wp-image-817\" title=\"\" srcset=\"https:\/\/maizemachine.com\/wp-content\/uploads\/2025\/12\/Sorghum.webp 720w, https:\/\/maizemachine.com\/wp-content\/uploads\/2025\/12\/Sorghum-300x225.webp 300w, https:\/\/maizemachine.com\/wp-content\/uploads\/2025\/12\/Sorghum-16x12.webp 16w\" sizes=\"auto, (max-width: 720px) 100vw, 720px\" \/><figcaption class=\"wp-element-caption\">Sorgho<\/figcaption><\/figure>    <figure class=\"wp-block-image size-large\"><img loading=\"lazy\" decoding=\"async\" width=\"720\" height=\"540\" data-id=\"816\" src=\"https:\/\/maizemachine.com\/wp-content\/uploads\/2025\/12\/Rice.webp\" alt=\"Riz\" class=\"wp-image-816\" title=\"\" srcset=\"https:\/\/maizemachine.com\/wp-content\/uploads\/2025\/12\/Rice.webp 720w, https:\/\/maizemachine.com\/wp-content\/uploads\/2025\/12\/Rice-300x225.webp 300w, https:\/\/maizemachine.com\/wp-content\/uploads\/2025\/12\/Rice-16x12.webp 16w\" sizes=\"auto, (max-width: 720px) 100vw, 720px\" \/><figcaption class=\"wp-element-caption\">Riz<\/figcaption><\/figure>    <figure class=\"wp-block-image size-large\"><img loading=\"lazy\" decoding=\"async\" width=\"720\" height=\"540\" data-id=\"213\" src=\"https:\/\/maizemachine.com\/wp-content\/uploads\/2022\/10\/corn-field.webp\" alt=\"Ma\u00efs \" class=\"wp-image-213\" title=\"\" srcset=\"https:\/\/maizemachine.com\/wp-content\/uploads\/2022\/10\/corn-field.webp 720w, https:\/\/maizemachine.com\/wp-content\/uploads\/2022\/10\/corn-field-300x225.webp 300w\" sizes=\"auto, (max-width: 720px) 100vw, 720px\" \/><figcaption class=\"wp-element-caption\">Ma\u00efs <\/figcaption><\/figure> <\/figure>    <h2 class=\"wp-block-heading\">Caract\u00e9ristiques de la Moissonneuse \u00e0 Ma\u00efs Multifonctionnelle<\/h2>    <div class=\"wp-block-columns is-layout-flex wp-container-core-columns-is-layout-9d6595d7 wp-block-columns-is-layout-flex\"> <div class=\"wp-block-column is-layout-flow wp-block-column-is-layout-flow\"> <p class=\"has-text-align-center translation-block\"><strong><mark class=\"has-inline-color has-luminous-vivid-amber-color\">Polyvalent et Flexible<\/mark><\/strong><\/p>    <p>En changeant la taille du tamis, cette machine peut rapidement s'adapter pour moissonner le ma\u00efs, soja, bl\u00e9, et autres grains, r\u00e9alisant une v\u00e9ritable multi-utilisation, am\u00e9liorant l'utilisation de l'\u00e9quipement, et r\u00e9duisant les co\u00fbts pour l'utilisateur.<\/p> <\/div>    <div class=\"wp-block-column is-layout-flow wp-block-column-is-layout-flow\"> <p class=\"has-text-align-center translation-block\"><strong><mark class=\"has-inline-color has-luminous-vivid-amber-color\">Plusieurs Options d'Alimentation<\/mark><\/strong><\/p>    <p>Pour r\u00e9pondre \u00e0 diff\u00e9rentes conditions de travail, la machine supporte diverses sources d'\u00e9nergie, y compris moteur \u00e9lectrique, moteur diesel, et entra\u00eenement par PTO de tracteur, id\u00e9al pour les op\u00e9rations hors r\u00e9seau ou en zones rurales \u00e9loign\u00e9es.<\/p> <\/div> <\/div>    <div class=\"wp-block-columns is-layout-flex wp-container-core-columns-is-layout-9d6595d7 wp-block-columns-is-layout-flex\"> <div class=\"wp-block-column is-layout-flow wp-block-column-is-layout-flow\"> <p class=\"has-text-align-center translation-block\"><strong><mark class=\"has-inline-color has-luminous-vivid-amber-color\">Battage Propre, Faible Perte<\/mark><\/strong><\/p>    <p>La conception optimis\u00e9e du tambour de battage, combin\u00e9e aux doubles ventilateurs et au syst\u00e8me de tamis, garantit un taux de battage sup\u00e9rieur \u00e0 98 % tout en contr\u00f4lant la casse des grains pour maintenir la qualit\u00e9 et la valeur \u00e9conomique.<\/p> <\/div>    <div class=\"wp-block-column is-layout-flow wp-block-column-is-layout-flow\"> <p class=\"has-text-align-center translation-block\"><strong><mark class=\"has-inline-color has-luminous-vivid-amber-color\">Compacte et Mobile<\/mark><\/strong><\/p>    <p>Les mod\u00e8les moyens et petits sont \u00e9quip\u00e9s de roues de marche, permettant un d\u00e9placement facile entre les zones de s\u00e9chage, les entrep\u00f4ts, et les champs. Cela facilite les op\u00e9rations multi-sites, continues, et \u00e9conomise la main-d'\u0153uvre.<\/p> <\/div> <\/div>   <div class=\"wp-block-image\"> <figure class=\"aligncenter size-full\"><img loading=\"lazy\" decoding=\"async\" width=\"720\" height=\"540\" src=\"https:\/\/maizemachine.com\/wp-content\/uploads\/2025\/12\/Farmers-are-using-the-multifunctional-Corn-Thresher-Machine.webp\" alt=\"Les agriculteurs utilisent la machine \u00e0 moissonner le ma\u00efs multifonctionnelle\" class=\"wp-image-811\" title=\"\" srcset=\"https:\/\/maizemachine.com\/wp-content\/uploads\/2025\/12\/Farmers-are-using-the-multifunctional-Corn-Thresher-Machine.webp 720w, https:\/\/maizemachine.com\/wp-content\/uploads\/2025\/12\/Farmers-are-using-the-multifunctional-Corn-Thresher-Machine-300x225.webp 300w, https:\/\/maizemachine.com\/wp-content\/uploads\/2025\/12\/Farmers-are-using-the-multifunctional-Corn-Thresher-Machine-16x12.webp 16w\" sizes=\"auto, (max-width: 720px) 100vw, 720px\" \/><figcaption class=\"wp-element-caption\">Les agriculteurs utilisent la machine \u00e0 moissonner le ma\u00efs multifonctionnelle<\/figcaption><\/figure> <\/div>   <h2 class=\"wp-block-heading\">Conception de la Machine \u00e0 Moissonner le Ma\u00efs Multifonctionnelle<\/h2>    <p class=\"translation-block\">Cette moissonneuse \u00e0 ma\u00efs poss\u00e8de une <strong><mark class=\"has-inline-color has-luminous-vivid-amber-color\">structure \u00e0 double chambre<\/mark><\/strong> pour am\u00e9liorer la compl\u00e9tude du battage et l'efficacit\u00e9 du traitement.<\/p>    <p class=\"translation-block\">Elle est \u00e9quip\u00e9e d'un <strong><mark class=\"has-inline-color has-luminous-vivid-amber-color\">syst\u00e8me \u00e0 tamis unique<\/mark><\/strong> pour le battage et le tri simultan\u00e9s.<\/p>    <p class=\"translation-block\">Le <strong><mark class=\"has-inline-color has-luminous-vivid-amber-color\">syst\u00e8me d'\u00e9coulement \u00e0 double ventilateur<\/mark><\/strong> fournit un vent stable et une \u00e9limination efficace des d\u00e9bris, assurant une sortie propre avec peu d'impuret\u00e9s.<\/p>    <p>Le design compact et stable supporte une op\u00e9ration continue \u00e0 long terme.<\/p>   <div class=\"wp-block-image\"> <figure class=\"aligncenter size-full\"><img loading=\"lazy\" decoding=\"async\" width=\"720\" height=\"540\" src=\"https:\/\/maizemachine.com\/wp-content\/uploads\/2025\/12\/Maize-Sheller.webp\" alt=\"D\u00e9cortiqueuse de ma\u00efs\" class=\"wp-image-814\" title=\"\" srcset=\"https:\/\/maizemachine.com\/wp-content\/uploads\/2025\/12\/Maize-Sheller.webp 720w, https:\/\/maizemachine.com\/wp-content\/uploads\/2025\/12\/Maize-Sheller-300x225.webp 300w, https:\/\/maizemachine.com\/wp-content\/uploads\/2025\/12\/Maize-Sheller-16x12.webp 16w\" sizes=\"auto, (max-width: 720px) 100vw, 720px\" \/><figcaption class=\"wp-element-caption\">D\u00e9cortiqueuse de ma\u00efs<\/figcaption><\/figure> <\/div>   <h2 class=\"wp-block-heading\">Param\u00e8tres techniques<\/h2>    <figure class=\"wp-block-table\"><table class=\"has-fixed-layout\"><thead><tr><th>Article<\/th><th>Sp\u00e9cification<\/th><\/tr><\/thead><tbody><tr><td>Mod\u00e8le<\/td><td>MT-1500<\/td><\/tr><tr><td>Type de Puissance<\/td><td>Moteur Diesel \/ Moteur \u00c9lectrique<\/td><\/tr><tr><td>Moteur Diesel<\/td><td>D\u00e9marrage \u00e9lectrique, 15\u201318 HP<\/td><\/tr><tr><td>Moteur \u00c9lectrique<\/td><td>Trois phases, 7,5 kW<\/td><\/tr><tr><td>Crops Applicables<\/td><td>Ma\u00efs, millet, sorgho, soja, <br>riz, bl\u00e9, grains m\u00e9lang\u00e9s<\/td><\/tr><tr><td>Chambres de Travail<\/td><td>Double Chambres de Travail<\/td><\/tr><tr><td>Syst\u00e8me de S\u00e9chage<\/td><td>Tamis Unique<\/td><\/tr><tr><td>S\u00e9paration d'Air<\/td><td>Double ventilateurs<\/td><\/tr><tr><td>Capacit\u00e9 du Millet<\/td><td>3 t\/h<\/td><\/tr><tr><td>Capacit\u00e9 du Ma\u00efs<\/td><td>5 t\/h<\/td><\/tr><tr><td>Capacit\u00e9 de Riz \/ Bl\u00e9<\/td><td>2 t\/h<\/td><\/tr><\/tbody><\/table><\/figure>    <p>Ce qui pr\u00e9c\u00e8de est notre mod\u00e8le standard. La puissance, la tension, le tamis, et d'autres options peuvent \u00eatre personnalis\u00e9es. Si vous n'\u00eates pas s\u00fbr du mod\u00e8le de moissonneuse adapt\u00e9, n'h\u00e9sitez pas \u00e0 nous contacter pour des conseils.<\/p>    <h2 class=\"wp-block-heading\">Quels sont les Avantages de la Machine \u00e0 Moissonner le Ma\u00efs Multifonctionnelle ?<\/h2>    <div class=\"wp-block-columns is-layout-flex wp-container-core-columns-is-layout-9d6595d7 wp-block-columns-is-layout-flex\"> <div class=\"wp-block-column is-layout-flow wp-block-column-is-layout-flow\"> <p class=\"has-text-align-center translation-block\"><strong><mark class=\"has-inline-color has-luminous-vivid-amber-color\">Haute Efficacit\u00e9 et Sortie Claire<\/mark><\/strong><\/p>    <ul class=\"wp-block-list\"> <li>Ma\u00efs : 5\u202ft\/h<\/li>    <li>Grains : 3\u202ft\/h<\/li>    <li>Riz \/ Bl\u00e9 : 2\u202ft\/h<br>Con\u00e7ue pour une haute productivit\u00e9, adapt\u00e9e aux op\u00e9rations de battage continues.<\/li> <\/ul> <\/div>    <div class=\"wp-block-column is-layout-flow wp-block-column-is-layout-flow\"> <p class=\"has-text-align-center translation-block\"><strong><mark class=\"has-inline-color has-luminous-vivid-amber-color\">Structure \u00e0 Double Chambre pour un Battage Approfondi<\/mark><\/strong><\/p>    <p>La conception \u00e0 double chambre r\u00e9duit la perte de grains, am\u00e9liore la stabilit\u00e9, et atteint un taux de battage sup\u00e9rieur \u00e0 98 %.<\/p> <\/div> <\/div>    <div class=\"wp-block-columns is-layout-flex wp-container-core-columns-is-layout-9d6595d7 wp-block-columns-is-layout-flex\"> <div class=\"wp-block-column is-layout-flow wp-block-column-is-layout-flow\"> <p class=\"has-text-align-center translation-block\"><strong><mark class=\"has-inline-color has-luminous-vivid-amber-color\">Double Ventilateurs   Syst\u00e8me de Tamis pour une Sortie Plus Propre<\/mark><\/strong><\/p>    <p>Un tamis combin\u00e9 \u00e0 deux ventilateurs \u00e9limine efficacement les d\u00e9bris l\u00e9gers et la poussi\u00e8re, r\u00e9duisant les impuret\u00e9s.<\/p> <\/div>    <div class=\"wp-block-column is-layout-flow wp-block-column-is-layout-flow\"> <p class=\"has-text-align-center translation-block\"><strong><mark class=\"has-inline-color has-luminous-vivid-amber-color\">Taux de Bris Faible pour Prot\u00e9ger la Qualit\u00e9 des Grains<\/mark><\/strong><\/p>    <p>Une structure de tambour optimis\u00e9e et une vitesse de rotation appropri\u00e9e maintiennent une faible casse tout en assurant une haute efficacit\u00e9, id\u00e9ale pour les grains commerciaux et de semence.<\/p> <\/div> <\/div>    <div class=\"wp-block-columns is-layout-flex wp-container-core-columns-is-layout-9d6595d7 wp-block-columns-is-layout-flex\"> <div class=\"wp-block-column is-layout-flow wp-block-column-is-layout-flow\"> <p class=\"has-text-align-center translation-block\"><strong><mark class=\"has-inline-color has-luminous-vivid-amber-color\">Plusieurs Options d'Alimentation pour une Adaptabilit\u00e9 Forte<\/mark><\/strong><\/p>    <ul class=\"wp-block-list\"> <li>Moteur Diesel : 15\u201318\u202fHP, d\u00e9marrage \u00e9lectrique<\/li>    <li>Moteur \u00e9lectrique : 3 phases, 7,5\u202fkW<br>Convient aux zones \u00e9lectrifi\u00e9es et hors r\u00e9seau.<\/li> <\/ul> <\/div>    <div class=\"wp-block-column is-layout-flow wp-block-column-is-layout-flow\"> <p class=\"has-text-align-center translation-block\"><strong><mark class=\"has-inline-color has-luminous-vivid-amber-color\">Polyvalent, \u00c9conomique<\/mark><\/strong><\/p>    <p>Changer le tamis permet \u00e0 la machine de traiter divers grains, offrant un rendement \u00e9lev\u00e9 avec une seule machine.<\/p> <\/div> <\/div>    <figure class=\"wp-block-gallery has-nested-images columns-default is-cropped wp-block-gallery-3 is-layout-flex wp-block-gallery-is-layout-flex\"> <figure class=\"wp-block-image size-large\"><img loading=\"lazy\" decoding=\"async\" width=\"720\" height=\"540\" data-id=\"819\" src=\"https:\/\/maizemachine.com\/wp-content\/uploads\/2025\/12\/The-multifunctional-Corn-Thresher-is-threshing-millet.webp\" alt=\"La moissonneuse \u00e0 ma\u00efs multifonctionnelle moissonne du millet\" class=\"wp-image-819\" title=\"\" srcset=\"https:\/\/maizemachine.com\/wp-content\/uploads\/2025\/12\/The-multifunctional-Corn-Thresher-is-threshing-millet.webp 720w, https:\/\/maizemachine.com\/wp-content\/uploads\/2025\/12\/The-multifunctional-Corn-Thresher-is-threshing-millet-300x225.webp 300w, https:\/\/maizemachine.com\/wp-content\/uploads\/2025\/12\/The-multifunctional-Corn-Thresher-is-threshing-millet-16x12.webp 16w\" sizes=\"auto, (max-width: 720px) 100vw, 720px\" \/><figcaption class=\"wp-element-caption\">La Moissonneuse \u00e0 Ma\u00efs Multifonctionnelle Moissonne du Millet<\/figcaption><\/figure>    <figure class=\"wp-block-image size-large\"><img loading=\"lazy\" decoding=\"async\" width=\"720\" height=\"540\" data-id=\"820\" src=\"https:\/\/maizemachine.com\/wp-content\/uploads\/2025\/12\/The-multifunctional-Thresher-is-threshing-corn.webp\" alt=\"The multifunctional Thresher is threshing corn\" class=\"wp-image-820\" title=\"\" srcset=\"https:\/\/maizemachine.com\/wp-content\/uploads\/2025\/12\/The-multifunctional-Thresher-is-threshing-corn.webp 720w, https:\/\/maizemachine.com\/wp-content\/uploads\/2025\/12\/The-multifunctional-Thresher-is-threshing-corn-300x225.webp 300w, https:\/\/maizemachine.com\/wp-content\/uploads\/2025\/12\/The-multifunctional-Thresher-is-threshing-corn-16x12.webp 16w\" sizes=\"auto, (max-width: 720px) 100vw, 720px\" \/><figcaption class=\"wp-element-caption\">La Moissonneuse Multifonctionnelle Moissonne du Ma\u00efs<\/figcaption><\/figure> <\/figure>    <h2 class=\"wp-block-heading\">Principe de Fonctionnement de la Moissonneuse \u00e0 Ma\u00efs Multifonctionnelle<\/h2>    <p>Le mat\u00e9riau entre dans la double chambre par l'entr\u00e9e d'alimentation. Les composants de battage \u00e0 grande vitesse s\u00e9parent les grains des \u00e9pis et des tiges. Les grains battus passent par un tamis pour un tri pr\u00e9liminaire, puis le syst\u00e8me \u00e0 double ventilateur souffle les d\u00e9bris l\u00e9gers, la poussi\u00e8re, et les enveloppes, produisant un grain final propre.<\/p>   <div class=\"wp-block-image\"> <figure class=\"aligncenter size-full\"><img loading=\"lazy\" decoding=\"async\" width=\"720\" height=\"540\" src=\"https:\/\/maizemachine.com\/wp-content\/uploads\/2025\/12\/Internal-Structure-of-the-Corn-Thresher.webp\" alt=\"Structure Interne de la Moissonneuse \u00e0 Ma\u00efs\" class=\"wp-image-812\" title=\"\" srcset=\"https:\/\/maizemachine.com\/wp-content\/uploads\/2025\/12\/Internal-Structure-of-the-Corn-Thresher.webp 720w, https:\/\/maizemachine.com\/wp-content\/uploads\/2025\/12\/Internal-Structure-of-the-Corn-Thresher-300x225.webp 300w, https:\/\/maizemachine.com\/wp-content\/uploads\/2025\/12\/Internal-Structure-of-the-Corn-Thresher-16x12.webp 16w\" sizes=\"auto, (max-width: 720px) 100vw, 720px\" \/><figcaption class=\"wp-element-caption\">Structure Interne de la Moissonneuse \u00e0 Ma\u00efs<\/figcaption><\/figure> <\/div>   <h2 class=\"wp-block-heading\">Prix du Moissonneuse-batteuse Multifonctionnelle \u00e0 Ma\u00efs<\/h2>    <p>Le prix d'une moissonneuse \u00e0 ma\u00efs varie selon la configuration, le type de puissance, et la quantit\u00e9 de commande. Les mod\u00e8les de base sont tarif\u00e9s en fonction de la source d'\u00e9nergie, de la capacit\u00e9, et si la livraison et l'installation sont incluses. Le mod\u00e8le standard MT-1500 offre une meilleure efficacit\u00e9 de battage et une meilleure polyvalence compar\u00e9e aux versions plus simples. Pour les commandes en gros ou les configurations personnalis\u00e9es, une tarification par paliers peut \u00eatre fournie selon les exigences du client.<\/p>   <div class=\"wp-block-image\"> <figure class=\"aligncenter size-full\"><img loading=\"lazy\" decoding=\"async\" width=\"720\" height=\"540\" src=\"https:\/\/maizemachine.com\/wp-content\/uploads\/2025\/12\/Maize-Sheller-Machine.webp\" alt=\"Machine \u00e0 d\u00e9cortiquer le ma\u00efs\" class=\"wp-image-813\" title=\"\" srcset=\"https:\/\/maizemachine.com\/wp-content\/uploads\/2025\/12\/Maize-Sheller-Machine.webp 720w, https:\/\/maizemachine.com\/wp-content\/uploads\/2025\/12\/Maize-Sheller-Machine-300x225.webp 300w, https:\/\/maizemachine.com\/wp-content\/uploads\/2025\/12\/Maize-Sheller-Machine-16x12.webp 16w\" sizes=\"auto, (max-width: 720px) 100vw, 720px\" \/><figcaption class=\"wp-element-caption\">Machine \u00e0 d\u00e9cortiquer le ma\u00efs<\/figcaption><\/figure> <\/div>   <h2 class=\"wp-block-heading\">Pourquoi choisir Taizy ?<\/h2>    <ul class=\"wp-block-list\"> <li><strong>Certification Internationale, Qualit\u00e9 Fiable :<\/strong> Certifi\u00e9 CE, ISO9001, SGS, et TUV, conforme aux normes mondiales.<\/li>    <li><strong>Fabrication de Haute Qualit\u00e9 :<\/strong> Acier \u00e9pais et usinage pr\u00e9cis, pi\u00e8ces cl\u00e9s r\u00e9sistantes \u00e0 l'usure, taux de battage \u226598 %.<\/li>    <li><strong>Solutions Compl\u00e8tes de Transformation du Ma\u00efs :<\/strong> Propose des moissonneuses \u00e0 ma\u00efs, <strong><a href=\"https:\/\/maizemachine.com\/fr\/product\/corn-grits-making-machine\/\">machine \u00e0 gruau de ma\u00efs<\/a><\/strong>s, <strong><a href=\"https:\/\/maizemachine.com\/fr\/product\/small-scale-maize-milling-machine\/\">Moulins \u00e0 Farine de Ma\u00efs<\/a><\/strong>, et <strong><a href=\"https:\/\/maizemachine.com\/fr\/product\/corn-flour-packing-machine\/\">Machines d'Emballage de Farine de Ma\u00efs<\/a><\/strong>, couvrant tout le processus du battage \u00e0 l'emballage.<\/li>    <li><strong>Support Professionnel :<\/strong> Conseils pr\u00e9-vente sur la capacit\u00e9 et les options de puissance, r\u00e9ponse rapide apr\u00e8s-vente, et service d'installation et de formation tout-en-un.<\/li>    <li><strong>Garantie \u00e0 Long Terme :<\/strong> Garantie d'un An avec Support de Pi\u00e8ces et Assistance Technique Continus, Minimisant les Temps d'Arr\u00eat et Maximisant le Retour sur Investissement.<\/li> <\/ul>    <figure class=\"wp-block-gallery has-nested-images columns-default is-cropped wp-block-gallery-4 is-layout-flex wp-block-gallery-is-layout-flex\"> <figure class=\"wp-block-image size-large\"><img loading=\"lazy\" decoding=\"async\" width=\"720\" height=\"540\" data-id=\"683\" src=\"https:\/\/maizemachine.com\/wp-content\/uploads\/2023\/07\/Certificates.webp\" alt=\"Certificats\" class=\"wp-image-683\" title=\"\" srcset=\"https:\/\/maizemachine.com\/wp-content\/uploads\/2023\/07\/Certificates.webp 720w, https:\/\/maizemachine.com\/wp-content\/uploads\/2023\/07\/Certificates-300x225.webp 300w, https:\/\/maizemachine.com\/wp-content\/uploads\/2023\/07\/Certificates-16x12.webp 16w\" sizes=\"auto, (max-width: 720px) 100vw, 720px\" \/><figcaption class=\"wp-element-caption\">Certificats<\/figcaption><\/figure>    <figure class=\"wp-block-image size-large\"><img loading=\"lazy\" decoding=\"async\" width=\"720\" height=\"540\" data-id=\"577\" src=\"https:\/\/maizemachine.com\/wp-content\/uploads\/2025\/08\/Our-customer.webp\" alt=\"Notre client\" class=\"wp-image-577\" title=\"\" srcset=\"https:\/\/maizemachine.com\/wp-content\/uploads\/2025\/08\/Our-customer.webp 720w, https:\/\/maizemachine.com\/wp-content\/uploads\/2025\/08\/Our-customer-300x225.webp 300w, https:\/\/maizemachine.com\/wp-content\/uploads\/2025\/08\/Our-customer-16x12.webp 16w\" sizes=\"auto, (max-width: 720px) 100vw, 720px\" \/><figcaption class=\"wp-element-caption\">Notre client<\/figcaption><\/figure> <\/figure>    <p><\/p>","protected":false},"excerpt":{"rendered":"<p>This multifunctional corn thresher is a high-efficiency, stable machine for separating corn kernels from cobs. This machine can thresh corn, millet, sorghum, soybean, rice, wheat, and other grains, suitable for farms, cooperatives, and small processing sites, improving efficiency and reducing labor costs. The maximum capacity is 5\u202ft\/h for corn, 3\u202ft\/h for grains, and 2\u202ft\/h for [&hellip;]<\/p>\n","protected":false},"author":1,"featured_media":822,"parent":0,"template":"","tags":[],"product-type":[9],"class_list":["post-810","product","type-product","status-publish","has-post-thumbnail","hentry","product-type-corn-sheller-machine"],"_links":{"self":[{"href":"https:\/\/maizemachine.com\/fr\/wp-json\/wp\/v2\/product\/810","targetHints":{"allow":["GET"]}}],"collection":[{"href":"https:\/\/maizemachine.com\/fr\/wp-json\/wp\/v2\/product"}],"about":[{"href":"https:\/\/maizemachine.com\/fr\/wp-json\/wp\/v2\/types\/product"}],"author":[{"embeddable":true,"href":"https:\/\/maizemachine.com\/fr\/wp-json\/wp\/v2\/users\/1"}],"wp:featuredmedia":[{"embeddable":true,"href":"https:\/\/maizemachine.com\/fr\/wp-json\/wp\/v2\/media\/822"}],"wp:attachment":[{"href":"https:\/\/maizemachine.com\/fr\/wp-json\/wp\/v2\/media?parent=810"}],"wp:term":[{"taxonomy":"post_tag","embeddable":true,"href":"https:\/\/maizemachine.com\/fr\/wp-json\/wp\/v2\/tags?post=810"},{"taxonomy":"product-type","embeddable":true,"href":"https:\/\/maizemachine.com\/fr\/wp-json\/wp\/v2\/product-type?post=810"}],"curies":[{"name":"wp","href":"https:\/\/api.w.org\/{rel}","templated":true}]}}